{"id":18761,"date":"2023-10-09T05:31:31","date_gmt":"2023-10-09T05:31:31","guid":{"rendered":"https:\/\/themeholt.com\/product\/fooditi-restaurant-cafe\/"},"modified":"2024-11-07T04:22:35","modified_gmt":"2024-11-07T04:22:35","slug":"restaurante-cafeteria-fooditi","status":"publish","type":"product","link":"https:\/\/themeholt.com\/es\/product\/restaurante-cafeteria-fooditi\/","title":{"rendered":"Restaurante Cafeter\u00eda Fooditi"},"content":{"rendered":"<p><span style=\"font-weight: 400\">El <\/span><b>tema de WordPress para restaurantes y cafeter\u00edas<\/b><span style=\"font-weight: 400\"> es una plantilla vers\u00e1til y visualmente atractiva dise\u00f1ada para mejorar la presencia en l\u00ednea de restaurantes y cafeter\u00edas. Este tema ofrece a los propietarios de restaurantes y a los consumidores una experiencia sencilla y fluida. Muestra de manera eficaz su men\u00fa, sus servicios y su entorno gracias a su dise\u00f1o competente y moderno, que tambi\u00e9n crea una atm\u00f3sfera acogedora. <\/span><\/p>\n<p><span style=\"font-weight: 400\">Puede personalizar f\u00e1cilmente las caracter\u00edsticas del tema para que coincidan con su marca y estilo en su sitio web. Con caracter\u00edsticas como men\u00fas f\u00e1ciles de usar y sistemas de reserva en l\u00ednea, este tema est\u00e1 dise\u00f1ado para mejorar la experiencia general de los clientes, lo que lo convierte en una excelente opci\u00f3n para cualquier restaurante que busque establecer una presencia en l\u00ednea cautivadora.<\/span><\/p>\n","protected":false},"excerpt":{"rendered":"<ul>\n<li><span style=\"font-weight: 400\">Una experiencia en l\u00ednea perfecta<\/span><\/li>\n<li><span style=\"font-weight: 400\">Responsivo y compatible con dispositivos m\u00f3viles<\/span><\/li>\n<li><span style=\"font-weight: 400\">An\u00e1lisis resplandeciente<\/span><\/li>\n<li><span style=\"font-weight: 400\">Plataforma de blogs<\/span><\/li>\n<li><span style=\"font-weight: 400\">Integraci\u00f3n de redes sociales<\/span><\/li>\n<li><span style=\"font-weight: 400\">Men\u00fa interactivo<\/span><\/li>\n<li><span style=\"font-weight: 400\">Reservas f\u00e1ciles<\/span><\/li>\n<li><span style=\"font-weight: 400\">Deleites visuales<\/span><\/li>\n<li><span style=\"font-weight: 400\">Un viaje culinario comienza<\/span><\/li>\n<\/ul>\n","protected":false},"featured_media":18762,"template":"","meta":{"_acf_changed":false,"inline_featured_image":false},"product_brand":[],"product_cat":[1861],"product_tag":[1862,1863,1864,1865],"class_list":{"0":"post-18761","1":"product","2":"type-product","3":"status-publish","4":"has-post-thumbnail","6":"product_cat-food-resturant-es","7":"product_tag-affordable-restaurant-website-theme-ideas-es","8":"product_tag-best-restaurant-themes-ideas-es","9":"product_tag-fast-food-restaurant-themes-es","10":"product_tag-best-food-website-themes-es","12":"first","13":"instock","14":"sale","15":"downloadable","16":"taxable","17":"shipping-taxable","18":"purchasable","19":"product-type-simple"},"acf":[],"yoast_head":"<!-- This site is optimized with the Yoast SEO Premium plugin v22.1 (Yoast SEO v26.0) - https:\/\/yoast.com\/wordpress\/plugins\/seo\/ -->\n<title>Temas para restaurantes de comida r\u00e1pida | Los mejores temas para sitios web de comida<\/title>\n<meta name=\"description\" content=\"\u00a1Consigue los mejores temas para sitios web de comida! Elige entre hermosos dise\u00f1os para tu restaurante, cafeter\u00eda o blog de comida. Crea una presencia en l\u00ednea incre\u00edble f\u00e1cilmente.\" \/>\n<meta name=\"robots\" content=\"index, follow, max-snippet:-1, max-image-preview:large, max-video-preview:-1\" \/>\n<link rel=\"canonical\" href=\"https:\/\/themeholt.com\/es\/product\/restaurante-cafeteria-fooditi\/\" \/>\n<meta property=\"og:locale\" content=\"es_ES\" \/>\n<meta property=\"og:type\" content=\"article\" \/>\n<meta property=\"og:title\" content=\"Restaurante Cafeter\u00eda Fooditi\" \/>\n<meta property=\"og:description\" content=\"\u00a1Consigue los mejores temas para sitios web de comida! Elige entre hermosos dise\u00f1os para tu restaurante, cafeter\u00eda o blog de comida. Crea una presencia en l\u00ednea incre\u00edble f\u00e1cilmente.\" \/>\n<meta property=\"og:url\" content=\"https:\/\/themeholt.com\/es\/product\/restaurante-cafeteria-fooditi\/\" \/>\n<meta property=\"og:site_name\" content=\"ThemeHolt\" \/>\n<meta property=\"article:publisher\" content=\"https:\/\/www.facebook.com\/themeholtT\" \/>\n<meta property=\"article:modified_time\" content=\"2024-11-07T04:22:35+00:00\" \/>\n<meta property=\"og:image\" content=\"https:\/\/themeholt.com\/wp-content\/uploads\/2023\/10\/231.png\" \/>\n\t<meta property=\"og:image:width\" content=\"1365\" \/>\n\t<meta property=\"og:image:height\" content=\"1001\" \/>\n\t<meta property=\"og:image:type\" content=\"image\/png\" \/>\n<meta name=\"twitter:card\" content=\"summary_large_image\" \/>\n<meta name=\"twitter:site\" content=\"@ThemeholtT\" \/>\n<meta name=\"twitter:label1\" content=\"Tiempo de lectura\" \/>\n\t<meta name=\"twitter:data1\" content=\"1 minuto\" \/>\n<script type=\"application\/ld+json\" class=\"yoast-schema-graph\">{\"@context\":\"https:\/\/schema.org\",\"@graph\":[{\"@type\":\"WebPage\",\"@id\":\"https:\/\/themeholt.com\/es\/product\/restaurante-cafeteria-fooditi\/\",\"url\":\"https:\/\/themeholt.com\/es\/product\/restaurante-cafeteria-fooditi\/\",\"name\":\"Temas para restaurantes de comida r\u00e1pida | Los mejores temas para sitios web de comida\",\"isPartOf\":{\"@id\":\"https:\/\/themeholt.com\/#website\"},\"primaryImageOfPage\":{\"@id\":\"https:\/\/themeholt.com\/es\/product\/restaurante-cafeteria-fooditi\/#primaryimage\"},\"image\":{\"@id\":\"https:\/\/themeholt.com\/es\/product\/restaurante-cafeteria-fooditi\/#primaryimage\"},\"thumbnailUrl\":\"https:\/\/themeholt.com\/wp-content\/uploads\/2023\/10\/231.png\",\"datePublished\":\"2023-10-09T05:31:31+00:00\",\"dateModified\":\"2024-11-07T04:22:35+00:00\",\"description\":\"\u00a1Consigue los mejores temas para sitios web de comida! Elige entre hermosos dise\u00f1os para tu restaurante, cafeter\u00eda o blog de comida. Crea una presencia en l\u00ednea incre\u00edble f\u00e1cilmente.\",\"breadcrumb\":{\"@id\":\"https:\/\/themeholt.com\/es\/product\/restaurante-cafeteria-fooditi\/#breadcrumb\"},\"inLanguage\":\"es\",\"potentialAction\":[{\"@type\":\"ReadAction\",\"target\":[\"https:\/\/themeholt.com\/es\/product\/restaurante-cafeteria-fooditi\/\"]}]},{\"@type\":\"ImageObject\",\"inLanguage\":\"es\",\"@id\":\"https:\/\/themeholt.com\/es\/product\/restaurante-cafeteria-fooditi\/#primaryimage\",\"url\":\"https:\/\/themeholt.com\/wp-content\/uploads\/2023\/10\/231.png\",\"contentUrl\":\"https:\/\/themeholt.com\/wp-content\/uploads\/2023\/10\/231.png\",\"width\":1365,\"height\":1001},{\"@type\":\"BreadcrumbList\",\"@id\":\"https:\/\/themeholt.com\/es\/product\/restaurante-cafeteria-fooditi\/#breadcrumb\",\"itemListElement\":[{\"@type\":\"ListItem\",\"position\":1,\"name\":\"Home\",\"item\":\"https:\/\/themeholt.com\/es\/\"},{\"@type\":\"ListItem\",\"position\":2,\"name\":\"Shop\",\"item\":\"https:\/\/themeholt.com\/shop\/\"},{\"@type\":\"ListItem\",\"position\":3,\"name\":\"Restaurante Cafeter\u00eda Fooditi\"}]},{\"@type\":\"WebSite\",\"@id\":\"https:\/\/themeholt.com\/#website\",\"url\":\"https:\/\/themeholt.com\/\",\"name\":\"ThemeHolt\",\"description\":\"Themeholt is a website that offers high-quality WordPress themes\",\"publisher\":{\"@id\":\"https:\/\/themeholt.com\/#organization\"},\"potentialAction\":[{\"@type\":\"SearchAction\",\"target\":{\"@type\":\"EntryPoint\",\"urlTemplate\":\"https:\/\/themeholt.com\/?s={search_term_string}\"},\"query-input\":{\"@type\":\"PropertyValueSpecification\",\"valueRequired\":true,\"valueName\":\"search_term_string\"}}],\"inLanguage\":\"es\"},{\"@type\":\"Organization\",\"@id\":\"https:\/\/themeholt.com\/#organization\",\"name\":\"ThemeHolt\",\"alternateName\":\"ThemeHolt\",\"url\":\"https:\/\/themeholt.com\/\",\"logo\":{\"@type\":\"ImageObject\",\"inLanguage\":\"es\",\"@id\":\"https:\/\/themeholt.com\/#\/schema\/logo\/image\/\",\"url\":\"https:\/\/themeholt.com\/wp-content\/uploads\/2024\/10\/themeholt.png\",\"contentUrl\":\"https:\/\/themeholt.com\/wp-content\/uploads\/2024\/10\/themeholt.png\",\"width\":225,\"height\":225,\"caption\":\"ThemeHolt\"},\"image\":{\"@id\":\"https:\/\/themeholt.com\/#\/schema\/logo\/image\/\"},\"sameAs\":[\"https:\/\/www.facebook.com\/themeholtT\",\"https:\/\/x.com\/ThemeholtT\",\"https:\/\/www.linkedin.com\/company\/themeholt\",\"https:\/\/www.instagram.com\/themeholtt\/\"],\"description\":\"Themeholt is a website that offers high-quality WordPress themes that are easy to use and ready for just about everything. In Eindhoven, Netherlands, since 2020 offering simple, accessible WordPress themes by providing a variety of requirements. Themeholt focuses on practicality and efficiency, allowing faster project completion with its superior marketplace and easy-to-use templates.\",\"legalName\":\"ThemeHolt\",\"foundingDate\":\"2022-11-10\",\"numberOfEmployees\":{\"@type\":\"QuantitativeValue\",\"minValue\":\"51\",\"maxValue\":\"200\"}}]}<\/script>\n<!-- \/ Yoast SEO Premium plugin. -->","yoast_head_json":{"title":"Temas para restaurantes de comida r\u00e1pida | Los mejores temas para sitios web de comida","description":"\u00a1Consigue los mejores temas para sitios web de comida! Elige entre hermosos dise\u00f1os para tu restaurante, cafeter\u00eda o blog de comida. Crea una presencia en l\u00ednea incre\u00edble f\u00e1cilmente.","robots":{"index":"index","follow":"follow","max-snippet":"max-snippet:-1","max-image-preview":"max-image-preview:large","max-video-preview":"max-video-preview:-1"},"canonical":"https:\/\/themeholt.com\/es\/product\/restaurante-cafeteria-fooditi\/","og_locale":"es_ES","og_type":"article","og_title":"Restaurante Cafeter\u00eda Fooditi","og_description":"\u00a1Consigue los mejores temas para sitios web de comida! Elige entre hermosos dise\u00f1os para tu restaurante, cafeter\u00eda o blog de comida. Crea una presencia en l\u00ednea incre\u00edble f\u00e1cilmente.","og_url":"https:\/\/themeholt.com\/es\/product\/restaurante-cafeteria-fooditi\/","og_site_name":"ThemeHolt","article_publisher":"https:\/\/www.facebook.com\/themeholtT","article_modified_time":"2024-11-07T04:22:35+00:00","og_image":[{"width":1365,"height":1001,"url":"https:\/\/themeholt.com\/wp-content\/uploads\/2023\/10\/231.png","type":"image\/png"}],"twitter_card":"summary_large_image","twitter_site":"@ThemeholtT","twitter_misc":{"Tiempo de lectura":"1 minuto"},"schema":{"@context":"https:\/\/schema.org","@graph":[{"@type":"WebPage","@id":"https:\/\/themeholt.com\/es\/product\/restaurante-cafeteria-fooditi\/","url":"https:\/\/themeholt.com\/es\/product\/restaurante-cafeteria-fooditi\/","name":"Temas para restaurantes de comida r\u00e1pida | Los mejores temas para sitios web de comida","isPartOf":{"@id":"https:\/\/themeholt.com\/#website"},"primaryImageOfPage":{"@id":"https:\/\/themeholt.com\/es\/product\/restaurante-cafeteria-fooditi\/#primaryimage"},"image":{"@id":"https:\/\/themeholt.com\/es\/product\/restaurante-cafeteria-fooditi\/#primaryimage"},"thumbnailUrl":"https:\/\/themeholt.com\/wp-content\/uploads\/2023\/10\/231.png","datePublished":"2023-10-09T05:31:31+00:00","dateModified":"2024-11-07T04:22:35+00:00","description":"\u00a1Consigue los mejores temas para sitios web de comida! Elige entre hermosos dise\u00f1os para tu restaurante, cafeter\u00eda o blog de comida. Crea una presencia en l\u00ednea incre\u00edble f\u00e1cilmente.","breadcrumb":{"@id":"https:\/\/themeholt.com\/es\/product\/restaurante-cafeteria-fooditi\/#breadcrumb"},"inLanguage":"es","potentialAction":[{"@type":"ReadAction","target":["https:\/\/themeholt.com\/es\/product\/restaurante-cafeteria-fooditi\/"]}]},{"@type":"ImageObject","inLanguage":"es","@id":"https:\/\/themeholt.com\/es\/product\/restaurante-cafeteria-fooditi\/#primaryimage","url":"https:\/\/themeholt.com\/wp-content\/uploads\/2023\/10\/231.png","contentUrl":"https:\/\/themeholt.com\/wp-content\/uploads\/2023\/10\/231.png","width":1365,"height":1001},{"@type":"BreadcrumbList","@id":"https:\/\/themeholt.com\/es\/product\/restaurante-cafeteria-fooditi\/#breadcrumb","itemListElement":[{"@type":"ListItem","position":1,"name":"Home","item":"https:\/\/themeholt.com\/es\/"},{"@type":"ListItem","position":2,"name":"Shop","item":"https:\/\/themeholt.com\/shop\/"},{"@type":"ListItem","position":3,"name":"Restaurante Cafeter\u00eda Fooditi"}]},{"@type":"WebSite","@id":"https:\/\/themeholt.com\/#website","url":"https:\/\/themeholt.com\/","name":"ThemeHolt","description":"Themeholt is a website that offers high-quality WordPress themes","publisher":{"@id":"https:\/\/themeholt.com\/#organization"},"potentialAction":[{"@type":"SearchAction","target":{"@type":"EntryPoint","urlTemplate":"https:\/\/themeholt.com\/?s={search_term_string}"},"query-input":{"@type":"PropertyValueSpecification","valueRequired":true,"valueName":"search_term_string"}}],"inLanguage":"es"},{"@type":"Organization","@id":"https:\/\/themeholt.com\/#organization","name":"ThemeHolt","alternateName":"ThemeHolt","url":"https:\/\/themeholt.com\/","logo":{"@type":"ImageObject","inLanguage":"es","@id":"https:\/\/themeholt.com\/#\/schema\/logo\/image\/","url":"https:\/\/themeholt.com\/wp-content\/uploads\/2024\/10\/themeholt.png","contentUrl":"https:\/\/themeholt.com\/wp-content\/uploads\/2024\/10\/themeholt.png","width":225,"height":225,"caption":"ThemeHolt"},"image":{"@id":"https:\/\/themeholt.com\/#\/schema\/logo\/image\/"},"sameAs":["https:\/\/www.facebook.com\/themeholtT","https:\/\/x.com\/ThemeholtT","https:\/\/www.linkedin.com\/company\/themeholt","https:\/\/www.instagram.com\/themeholtt\/"],"description":"Themeholt is a website that offers high-quality WordPress themes that are easy to use and ready for just about everything. In Eindhoven, Netherlands, since 2020 offering simple, accessible WordPress themes by providing a variety of requirements. Themeholt focuses on practicality and efficiency, allowing faster project completion with its superior marketplace and easy-to-use templates.","legalName":"ThemeHolt","foundingDate":"2022-11-10","numberOfEmployees":{"@type":"QuantitativeValue","minValue":"51","maxValue":"200"}}]}},"_links":{"self":[{"href":"https:\/\/themeholt.com\/es\/wp-json\/wp\/v2\/product\/18761","targetHints":{"allow":["GET"]}}],"collection":[{"href":"https:\/\/themeholt.com\/es\/wp-json\/wp\/v2\/product"}],"about":[{"href":"https:\/\/themeholt.com\/es\/wp-json\/wp\/v2\/types\/product"}],"wp:featuredmedia":[{"embeddable":true,"href":"https:\/\/themeholt.com\/es\/wp-json\/wp\/v2\/media\/18762"}],"wp:attachment":[{"href":"https:\/\/themeholt.com\/es\/wp-json\/wp\/v2\/media?parent=18761"}],"wp:term":[{"taxonomy":"product_brand","embeddable":true,"href":"https:\/\/themeholt.com\/es\/wp-json\/wp\/v2\/product_brand?post=18761"},{"taxonomy":"product_cat","embeddable":true,"href":"https:\/\/themeholt.com\/es\/wp-json\/wp\/v2\/product_cat?post=18761"},{"taxonomy":"product_tag","embeddable":true,"href":"https:\/\/themeholt.com\/es\/wp-json\/wp\/v2\/product_tag?post=18761"}],"curies":[{"name":"wp","href":"https:\/\/api.w.org\/{rel}","templated":true}]}}