{"id":18791,"date":"2023-10-09T06:29:16","date_gmt":"2023-10-09T06:29:16","guid":{"rendered":"https:\/\/themeholt.com\/product\/valentina-woocommerce\/"},"modified":"2024-11-07T05:09:55","modified_gmt":"2024-11-07T05:09:55","slug":"valentina-woocommerce","status":"publish","type":"product","link":"https:\/\/themeholt.com\/es\/product\/valentina-woocommerce\/","title":{"rendered":"Valentina WooCommerce"},"content":{"rendered":"<p><span style=\"font-weight: 400\">Un <\/span><b>tema de WordPress WooCommerce<\/b><span style=\"font-weight: 400\"> es una plantilla de sitio web vers\u00e1til y f\u00e1cil de usar dise\u00f1ada espec\u00edficamente para empresas de comercio electr\u00f3nico. Con la ayuda de este tema y el conocido complemento de WordPress WooCommerce, puede establecer f\u00e1cilmente una tienda en l\u00ednea efectiva. Garantiza que su sitio web se vea fant\u00e1stico en todos los dispositivos con un dise\u00f1o simple y responsivo. <\/span><\/p>\n<p><span style=\"font-weight: 400\">Con la variedad de opciones de personalizaci\u00f3n que brindan estos temas, puede hacer que su sitio web sea exclusivamente suyo. Sus funciones de comercio electr\u00f3nico integradas, que incluyen carritos de compra, galer\u00edas de productos y procedimientos de pago, facilitan a sus clientes comprar en l\u00ednea. Para iniciar una tienda en l\u00ednea que sea rentable y visualmente agradable, seleccione un tema de WordPress WooCommerce.<\/span><\/p>\n","protected":false},"excerpt":{"rendered":"<ul>\n<li><span style=\"font-weight: 400\">Una fusi\u00f3n perfecta de WooCommerce y WordPress<\/span><\/li>\n<li><span style=\"font-weight: 400\">Dise\u00f1o y personalizaci\u00f3n impresionantes<\/span><\/li>\n<li><span style=\"font-weight: 400\">Optimizado para el \u00e9xito del comercio electr\u00f3nico<\/span><\/li>\n<li><span style=\"font-weight: 400\">Integraci\u00f3n perfecta de las funciones de WooCommerce<\/span><\/li>\n<li><span style=\"font-weight: 400\">Capacidades avanzadas de SEO<\/span><\/li>\n<li><span style=\"font-weight: 400\">Soporte y documentaci\u00f3n de primera clase<\/span><\/li>\n<li><span style=\"font-weight: 400\">Seguridad y actualizaciones<\/span><\/li>\n<\/ul>\n","protected":false},"featured_media":18792,"template":"","meta":{"_acf_changed":false,"inline_featured_image":false},"product_brand":[],"product_cat":[1569],"product_tag":[1570],"class_list":{"0":"post-18791","1":"product","2":"type-product","3":"status-publish","4":"has-post-thumbnail","6":"product_cat-fashion-beauty-ro","7":"product_tag-affordable-fashion-and-beauty-themes-ro","9":"first","10":"instock","11":"sale","12":"downloadable","13":"taxable","14":"shipping-taxable","15":"purchasable","16":"product-type-simple"},"acf":[],"yoast_head":"<!-- This site is optimized with the Yoast SEO Premium plugin v22.1 (Yoast SEO v26.0) - https:\/\/yoast.com\/wordpress\/plugins\/seo\/ -->\n<title>Tema premium de WordPress para WooCommerce: eleve su tienda en l\u00ednea<\/title>\n<meta name=\"description\" content=\"Descubra el tema WooCommerce WordPress perfecto para su sitio web de comercio electr\u00f3nico. Mejore su tienda en l\u00ednea con nuestro tema premium, que cuenta con un dise\u00f1o responsivo, opciones personalizables y una integraci\u00f3n perfecta con WooCommerce. \u00a1Comience a vender productos en l\u00ednea sin esfuerzo!\" \/>\n<meta name=\"robots\" content=\"index, follow, max-snippet:-1, max-image-preview:large, max-video-preview:-1\" \/>\n<link rel=\"canonical\" href=\"https:\/\/themeholt.com\/es\/product\/valentina-woocommerce\/\" \/>\n<meta property=\"og:locale\" content=\"es_ES\" \/>\n<meta property=\"og:type\" content=\"article\" \/>\n<meta property=\"og:title\" content=\"Valentina WooCommerce\" \/>\n<meta property=\"og:description\" content=\"Descubra el tema WooCommerce WordPress perfecto para su sitio web de comercio electr\u00f3nico. Mejore su tienda en l\u00ednea con nuestro tema premium, que cuenta con un dise\u00f1o responsivo, opciones personalizables y una integraci\u00f3n perfecta con WooCommerce. \u00a1Comience a vender productos en l\u00ednea sin esfuerzo!\" \/>\n<meta property=\"og:url\" content=\"https:\/\/themeholt.com\/es\/product\/valentina-woocommerce\/\" \/>\n<meta property=\"og:site_name\" content=\"ThemeHolt\" \/>\n<meta property=\"article:publisher\" content=\"https:\/\/www.facebook.com\/themeholtT\" \/>\n<meta property=\"article:modified_time\" content=\"2024-11-07T05:09:55+00:00\" \/>\n<meta property=\"og:image\" content=\"https:\/\/themeholt.com\/wp-content\/uploads\/2023\/10\/281.png\" \/>\n\t<meta property=\"og:image:width\" content=\"1365\" \/>\n\t<meta property=\"og:image:height\" content=\"1085\" \/>\n\t<meta property=\"og:image:type\" content=\"image\/png\" \/>\n<meta name=\"twitter:card\" content=\"summary_large_image\" \/>\n<meta name=\"twitter:site\" content=\"@ThemeholtT\" \/>\n<meta name=\"twitter:label1\" content=\"Tiempo de lectura\" \/>\n\t<meta name=\"twitter:data1\" content=\"1 minuto\" \/>\n<script type=\"application\/ld+json\" class=\"yoast-schema-graph\">{\"@context\":\"https:\/\/schema.org\",\"@graph\":[{\"@type\":\"WebPage\",\"@id\":\"https:\/\/themeholt.com\/es\/product\/valentina-woocommerce\/\",\"url\":\"https:\/\/themeholt.com\/es\/product\/valentina-woocommerce\/\",\"name\":\"Tema premium de WordPress para WooCommerce: eleve su tienda en l\u00ednea\",\"isPartOf\":{\"@id\":\"https:\/\/themeholt.com\/#website\"},\"primaryImageOfPage\":{\"@id\":\"https:\/\/themeholt.com\/es\/product\/valentina-woocommerce\/#primaryimage\"},\"image\":{\"@id\":\"https:\/\/themeholt.com\/es\/product\/valentina-woocommerce\/#primaryimage\"},\"thumbnailUrl\":\"https:\/\/themeholt.com\/wp-content\/uploads\/2023\/10\/281.png\",\"datePublished\":\"2023-10-09T06:29:16+00:00\",\"dateModified\":\"2024-11-07T05:09:55+00:00\",\"description\":\"Descubra el tema WooCommerce WordPress perfecto para su sitio web de comercio electr\u00f3nico. Mejore su tienda en l\u00ednea con nuestro tema premium, que cuenta con un dise\u00f1o responsivo, opciones personalizables y una integraci\u00f3n perfecta con WooCommerce. \u00a1Comience a vender productos en l\u00ednea sin esfuerzo!\",\"breadcrumb\":{\"@id\":\"https:\/\/themeholt.com\/es\/product\/valentina-woocommerce\/#breadcrumb\"},\"inLanguage\":\"es\",\"potentialAction\":[{\"@type\":\"ReadAction\",\"target\":[\"https:\/\/themeholt.com\/es\/product\/valentina-woocommerce\/\"]}]},{\"@type\":\"ImageObject\",\"inLanguage\":\"es\",\"@id\":\"https:\/\/themeholt.com\/es\/product\/valentina-woocommerce\/#primaryimage\",\"url\":\"https:\/\/themeholt.com\/wp-content\/uploads\/2023\/10\/281.png\",\"contentUrl\":\"https:\/\/themeholt.com\/wp-content\/uploads\/2023\/10\/281.png\",\"width\":1365,\"height\":1085},{\"@type\":\"BreadcrumbList\",\"@id\":\"https:\/\/themeholt.com\/es\/product\/valentina-woocommerce\/#breadcrumb\",\"itemListElement\":[{\"@type\":\"ListItem\",\"position\":1,\"name\":\"Home\",\"item\":\"https:\/\/themeholt.com\/es\/\"},{\"@type\":\"ListItem\",\"position\":2,\"name\":\"Shop\",\"item\":\"https:\/\/themeholt.com\/shop\/\"},{\"@type\":\"ListItem\",\"position\":3,\"name\":\"Valentina WooCommerce\"}]},{\"@type\":\"WebSite\",\"@id\":\"https:\/\/themeholt.com\/#website\",\"url\":\"https:\/\/themeholt.com\/\",\"name\":\"ThemeHolt\",\"description\":\"Themeholt is a website that offers high-quality WordPress themes\",\"publisher\":{\"@id\":\"https:\/\/themeholt.com\/#organization\"},\"potentialAction\":[{\"@type\":\"SearchAction\",\"target\":{\"@type\":\"EntryPoint\",\"urlTemplate\":\"https:\/\/themeholt.com\/?s={search_term_string}\"},\"query-input\":{\"@type\":\"PropertyValueSpecification\",\"valueRequired\":true,\"valueName\":\"search_term_string\"}}],\"inLanguage\":\"es\"},{\"@type\":\"Organization\",\"@id\":\"https:\/\/themeholt.com\/#organization\",\"name\":\"ThemeHolt\",\"alternateName\":\"ThemeHolt\",\"url\":\"https:\/\/themeholt.com\/\",\"logo\":{\"@type\":\"ImageObject\",\"inLanguage\":\"es\",\"@id\":\"https:\/\/themeholt.com\/#\/schema\/logo\/image\/\",\"url\":\"https:\/\/themeholt.com\/wp-content\/uploads\/2024\/10\/themeholt.png\",\"contentUrl\":\"https:\/\/themeholt.com\/wp-content\/uploads\/2024\/10\/themeholt.png\",\"width\":225,\"height\":225,\"caption\":\"ThemeHolt\"},\"image\":{\"@id\":\"https:\/\/themeholt.com\/#\/schema\/logo\/image\/\"},\"sameAs\":[\"https:\/\/www.facebook.com\/themeholtT\",\"https:\/\/x.com\/ThemeholtT\",\"https:\/\/www.linkedin.com\/company\/themeholt\",\"https:\/\/www.instagram.com\/themeholtt\/\"],\"description\":\"Themeholt is a website that offers high-quality WordPress themes that are easy to use and ready for just about everything. In Eindhoven, Netherlands, since 2020 offering simple, accessible WordPress themes by providing a variety of requirements. Themeholt focuses on practicality and efficiency, allowing faster project completion with its superior marketplace and easy-to-use templates.\",\"legalName\":\"ThemeHolt\",\"foundingDate\":\"2022-11-10\",\"numberOfEmployees\":{\"@type\":\"QuantitativeValue\",\"minValue\":\"51\",\"maxValue\":\"200\"}}]}<\/script>\n<!-- \/ Yoast SEO Premium plugin. -->","yoast_head_json":{"title":"Tema premium de WordPress para WooCommerce: eleve su tienda en l\u00ednea","description":"Descubra el tema WooCommerce WordPress perfecto para su sitio web de comercio electr\u00f3nico. Mejore su tienda en l\u00ednea con nuestro tema premium, que cuenta con un dise\u00f1o responsivo, opciones personalizables y una integraci\u00f3n perfecta con WooCommerce. \u00a1Comience a vender productos en l\u00ednea sin esfuerzo!","robots":{"index":"index","follow":"follow","max-snippet":"max-snippet:-1","max-image-preview":"max-image-preview:large","max-video-preview":"max-video-preview:-1"},"canonical":"https:\/\/themeholt.com\/es\/product\/valentina-woocommerce\/","og_locale":"es_ES","og_type":"article","og_title":"Valentina WooCommerce","og_description":"Descubra el tema WooCommerce WordPress perfecto para su sitio web de comercio electr\u00f3nico. Mejore su tienda en l\u00ednea con nuestro tema premium, que cuenta con un dise\u00f1o responsivo, opciones personalizables y una integraci\u00f3n perfecta con WooCommerce. \u00a1Comience a vender productos en l\u00ednea sin esfuerzo!","og_url":"https:\/\/themeholt.com\/es\/product\/valentina-woocommerce\/","og_site_name":"ThemeHolt","article_publisher":"https:\/\/www.facebook.com\/themeholtT","article_modified_time":"2024-11-07T05:09:55+00:00","og_image":[{"width":1365,"height":1085,"url":"https:\/\/themeholt.com\/wp-content\/uploads\/2023\/10\/281.png","type":"image\/png"}],"twitter_card":"summary_large_image","twitter_site":"@ThemeholtT","twitter_misc":{"Tiempo de lectura":"1 minuto"},"schema":{"@context":"https:\/\/schema.org","@graph":[{"@type":"WebPage","@id":"https:\/\/themeholt.com\/es\/product\/valentina-woocommerce\/","url":"https:\/\/themeholt.com\/es\/product\/valentina-woocommerce\/","name":"Tema premium de WordPress para WooCommerce: eleve su tienda en l\u00ednea","isPartOf":{"@id":"https:\/\/themeholt.com\/#website"},"primaryImageOfPage":{"@id":"https:\/\/themeholt.com\/es\/product\/valentina-woocommerce\/#primaryimage"},"image":{"@id":"https:\/\/themeholt.com\/es\/product\/valentina-woocommerce\/#primaryimage"},"thumbnailUrl":"https:\/\/themeholt.com\/wp-content\/uploads\/2023\/10\/281.png","datePublished":"2023-10-09T06:29:16+00:00","dateModified":"2024-11-07T05:09:55+00:00","description":"Descubra el tema WooCommerce WordPress perfecto para su sitio web de comercio electr\u00f3nico. Mejore su tienda en l\u00ednea con nuestro tema premium, que cuenta con un dise\u00f1o responsivo, opciones personalizables y una integraci\u00f3n perfecta con WooCommerce. \u00a1Comience a vender productos en l\u00ednea sin esfuerzo!","breadcrumb":{"@id":"https:\/\/themeholt.com\/es\/product\/valentina-woocommerce\/#breadcrumb"},"inLanguage":"es","potentialAction":[{"@type":"ReadAction","target":["https:\/\/themeholt.com\/es\/product\/valentina-woocommerce\/"]}]},{"@type":"ImageObject","inLanguage":"es","@id":"https:\/\/themeholt.com\/es\/product\/valentina-woocommerce\/#primaryimage","url":"https:\/\/themeholt.com\/wp-content\/uploads\/2023\/10\/281.png","contentUrl":"https:\/\/themeholt.com\/wp-content\/uploads\/2023\/10\/281.png","width":1365,"height":1085},{"@type":"BreadcrumbList","@id":"https:\/\/themeholt.com\/es\/product\/valentina-woocommerce\/#breadcrumb","itemListElement":[{"@type":"ListItem","position":1,"name":"Home","item":"https:\/\/themeholt.com\/es\/"},{"@type":"ListItem","position":2,"name":"Shop","item":"https:\/\/themeholt.com\/shop\/"},{"@type":"ListItem","position":3,"name":"Valentina WooCommerce"}]},{"@type":"WebSite","@id":"https:\/\/themeholt.com\/#website","url":"https:\/\/themeholt.com\/","name":"ThemeHolt","description":"Themeholt is a website that offers high-quality WordPress themes","publisher":{"@id":"https:\/\/themeholt.com\/#organization"},"potentialAction":[{"@type":"SearchAction","target":{"@type":"EntryPoint","urlTemplate":"https:\/\/themeholt.com\/?s={search_term_string}"},"query-input":{"@type":"PropertyValueSpecification","valueRequired":true,"valueName":"search_term_string"}}],"inLanguage":"es"},{"@type":"Organization","@id":"https:\/\/themeholt.com\/#organization","name":"ThemeHolt","alternateName":"ThemeHolt","url":"https:\/\/themeholt.com\/","logo":{"@type":"ImageObject","inLanguage":"es","@id":"https:\/\/themeholt.com\/#\/schema\/logo\/image\/","url":"https:\/\/themeholt.com\/wp-content\/uploads\/2024\/10\/themeholt.png","contentUrl":"https:\/\/themeholt.com\/wp-content\/uploads\/2024\/10\/themeholt.png","width":225,"height":225,"caption":"ThemeHolt"},"image":{"@id":"https:\/\/themeholt.com\/#\/schema\/logo\/image\/"},"sameAs":["https:\/\/www.facebook.com\/themeholtT","https:\/\/x.com\/ThemeholtT","https:\/\/www.linkedin.com\/company\/themeholt","https:\/\/www.instagram.com\/themeholtt\/"],"description":"Themeholt is a website that offers high-quality WordPress themes that are easy to use and ready for just about everything. In Eindhoven, Netherlands, since 2020 offering simple, accessible WordPress themes by providing a variety of requirements. Themeholt focuses on practicality and efficiency, allowing faster project completion with its superior marketplace and easy-to-use templates.","legalName":"ThemeHolt","foundingDate":"2022-11-10","numberOfEmployees":{"@type":"QuantitativeValue","minValue":"51","maxValue":"200"}}]}},"_links":{"self":[{"href":"https:\/\/themeholt.com\/es\/wp-json\/wp\/v2\/product\/18791","targetHints":{"allow":["GET"]}}],"collection":[{"href":"https:\/\/themeholt.com\/es\/wp-json\/wp\/v2\/product"}],"about":[{"href":"https:\/\/themeholt.com\/es\/wp-json\/wp\/v2\/types\/product"}],"wp:featuredmedia":[{"embeddable":true,"href":"https:\/\/themeholt.com\/es\/wp-json\/wp\/v2\/media\/18792"}],"wp:attachment":[{"href":"https:\/\/themeholt.com\/es\/wp-json\/wp\/v2\/media?parent=18791"}],"wp:term":[{"taxonomy":"product_brand","embeddable":true,"href":"https:\/\/themeholt.com\/es\/wp-json\/wp\/v2\/product_brand?post=18791"},{"taxonomy":"product_cat","embeddable":true,"href":"https:\/\/themeholt.com\/es\/wp-json\/wp\/v2\/product_cat?post=18791"},{"taxonomy":"product_tag","embeddable":true,"href":"https:\/\/themeholt.com\/es\/wp-json\/wp\/v2\/product_tag?post=18791"}],"curies":[{"name":"wp","href":"https:\/\/api.w.org\/{rel}","templated":true}]}}