{"id":18806,"date":"2023-10-09T06:22:02","date_gmt":"2023-10-09T06:22:02","guid":{"rendered":"https:\/\/themeholt.com\/product\/edel-luxury-jewelry\/"},"modified":"2024-11-07T05:56:07","modified_gmt":"2024-11-07T05:56:07","slug":"joyas-de-lujo-edel","status":"publish","type":"product","link":"https:\/\/themeholt.com\/es\/product\/joyas-de-lujo-edel\/","title":{"rendered":"Joyas de lujo Edel"},"content":{"rendered":"<p><span style=\"font-weight: 400\">Un tema de WordPress para joyer\u00eda de lujo<\/span><b>rezuma elegancia y sofisticaci\u00f3n, dirigido a marcas de joyer\u00eda de alta gama y tiendas boutique. Combina a la perfecci\u00f3n funcionalidad y estilo gracias a su dise\u00f1o cuidadosamente pensado. Los usuarios pueden exhibir sus hermosas colecciones de joyas en todo su esplendor gracias al dise\u00f1o elegante y f\u00e1cil de usar del tema. Si bien las opciones personalizables facilitan la combinaci\u00f3n con el estilo diferente de su marca, su dise\u00f1o responsivo garantiza una excelente experiencia de navegaci\u00f3n en cualquier dispositivo. <\/span><\/p>\n<p><span style=\"font-weight: 400\">Es ideal para empresas que buscan crecer porque la integraci\u00f3n con complementos de comercio electr\u00f3nico simplifica las ventas en l\u00ednea. Mejore la visibilidad en l\u00ednea de su negocio de joyer\u00eda con este lujoso y simple tema de WordPress.<\/span><\/p>\n","protected":false},"excerpt":{"rendered":"<ul>\n<li><span style=\"font-weight: 400\">Una fusi\u00f3n perfecta de WooCommerce y WordPress<\/span><\/li>\n<li><span style=\"font-weight: 400\">Dise\u00f1o y personalizaci\u00f3n sorprendentes<\/span><\/li>\n<li><span style=\"font-weight: 400\">Optimizado para el \u00e9xito del comercio electr\u00f3nico<\/span><\/li>\n<li><span style=\"font-weight: 400\">Integraci\u00f3n perfecta de las funciones de WooCommerce<\/span><\/li>\n<li><span style=\"font-weight: 400\">Capacidades avanzadas de SEO<\/span><\/li>\n<li><span style=\"font-weight: 400\">Soporte y documentaci\u00f3n de primera clase<\/span><\/li>\n<\/ul>\n","protected":false},"featured_media":18807,"template":"","meta":{"_acf_changed":false,"inline_featured_image":false},"product_brand":[],"product_cat":[1866],"product_tag":[1867,1869,1870],"class_list":{"0":"post-18806","1":"product","2":"type-product","3":"status-publish","4":"has-post-thumbnail","6":"product_cat-fashion-beauty-es","7":"product_tag-affordable-fashion-and-beauty-themes-es","8":"product_tag-fashion-theme-es","9":"product_tag-best-fashion-website-themes-es","11":"first","12":"instock","13":"sale","14":"downloadable","15":"taxable","16":"shipping-taxable","17":"purchasable","18":"product-type-simple"},"acf":[],"yoast_head":"<!-- This site is optimized with the Yoast SEO Premium plugin v22.1 (Yoast SEO v26.0) - https:\/\/yoast.com\/wordpress\/plugins\/seo\/ -->\n<title>Tema de WordPress para joyer\u00eda | Plantilla para sitio web de joyer\u00eda<\/title>\n<meta name=\"description\" content=\"Encuentra la plantilla perfecta para el sitio web de tu joyer\u00eda y muestra tu colecci\u00f3n en l\u00ednea. Crea un sitio web profesional que atraiga clientes y aumente las ventas.\" \/>\n<meta name=\"robots\" content=\"index, follow, max-snippet:-1, max-image-preview:large, max-video-preview:-1\" \/>\n<link rel=\"canonical\" href=\"https:\/\/themeholt.com\/es\/product\/joyas-de-lujo-edel\/\" \/>\n<meta property=\"og:locale\" content=\"es_ES\" \/>\n<meta property=\"og:type\" content=\"article\" \/>\n<meta property=\"og:title\" content=\"Joyas de lujo Edel\" \/>\n<meta property=\"og:description\" content=\"Encuentra la plantilla perfecta para el sitio web de tu joyer\u00eda y muestra tu colecci\u00f3n en l\u00ednea. Crea un sitio web profesional que atraiga clientes y aumente las ventas.\" \/>\n<meta property=\"og:url\" content=\"https:\/\/themeholt.com\/es\/product\/joyas-de-lujo-edel\/\" \/>\n<meta property=\"og:site_name\" content=\"ThemeHolt\" \/>\n<meta property=\"article:publisher\" content=\"https:\/\/www.facebook.com\/themeholtT\" \/>\n<meta property=\"article:modified_time\" content=\"2024-11-07T05:56:07+00:00\" \/>\n<meta property=\"og:image\" content=\"https:\/\/themeholt.com\/wp-content\/uploads\/2023\/10\/271.png\" \/>\n\t<meta property=\"og:image:width\" content=\"1365\" \/>\n\t<meta property=\"og:image:height\" content=\"1283\" \/>\n\t<meta property=\"og:image:type\" content=\"image\/png\" \/>\n<meta name=\"twitter:card\" content=\"summary_large_image\" \/>\n<meta name=\"twitter:site\" content=\"@ThemeholtT\" \/>\n<meta name=\"twitter:label1\" content=\"Tiempo de lectura\" \/>\n\t<meta name=\"twitter:data1\" content=\"1 minuto\" \/>\n<script type=\"application\/ld+json\" class=\"yoast-schema-graph\">{\"@context\":\"https:\/\/schema.org\",\"@graph\":[{\"@type\":\"WebPage\",\"@id\":\"https:\/\/themeholt.com\/es\/product\/joyas-de-lujo-edel\/\",\"url\":\"https:\/\/themeholt.com\/es\/product\/joyas-de-lujo-edel\/\",\"name\":\"Tema de WordPress para joyer\u00eda | Plantilla para sitio web de joyer\u00eda\",\"isPartOf\":{\"@id\":\"https:\/\/themeholt.com\/#website\"},\"primaryImageOfPage\":{\"@id\":\"https:\/\/themeholt.com\/es\/product\/joyas-de-lujo-edel\/#primaryimage\"},\"image\":{\"@id\":\"https:\/\/themeholt.com\/es\/product\/joyas-de-lujo-edel\/#primaryimage\"},\"thumbnailUrl\":\"https:\/\/themeholt.com\/wp-content\/uploads\/2023\/10\/271.png\",\"datePublished\":\"2023-10-09T06:22:02+00:00\",\"dateModified\":\"2024-11-07T05:56:07+00:00\",\"description\":\"Encuentra la plantilla perfecta para el sitio web de tu joyer\u00eda y muestra tu colecci\u00f3n en l\u00ednea. Crea un sitio web profesional que atraiga clientes y aumente las ventas.\",\"breadcrumb\":{\"@id\":\"https:\/\/themeholt.com\/es\/product\/joyas-de-lujo-edel\/#breadcrumb\"},\"inLanguage\":\"es\",\"potentialAction\":[{\"@type\":\"ReadAction\",\"target\":[\"https:\/\/themeholt.com\/es\/product\/joyas-de-lujo-edel\/\"]}]},{\"@type\":\"ImageObject\",\"inLanguage\":\"es\",\"@id\":\"https:\/\/themeholt.com\/es\/product\/joyas-de-lujo-edel\/#primaryimage\",\"url\":\"https:\/\/themeholt.com\/wp-content\/uploads\/2023\/10\/271.png\",\"contentUrl\":\"https:\/\/themeholt.com\/wp-content\/uploads\/2023\/10\/271.png\",\"width\":1365,\"height\":1283},{\"@type\":\"BreadcrumbList\",\"@id\":\"https:\/\/themeholt.com\/es\/product\/joyas-de-lujo-edel\/#breadcrumb\",\"itemListElement\":[{\"@type\":\"ListItem\",\"position\":1,\"name\":\"Home\",\"item\":\"https:\/\/themeholt.com\/es\/\"},{\"@type\":\"ListItem\",\"position\":2,\"name\":\"Shop\",\"item\":\"https:\/\/themeholt.com\/shop\/\"},{\"@type\":\"ListItem\",\"position\":3,\"name\":\"Joyas de lujo Edel\"}]},{\"@type\":\"WebSite\",\"@id\":\"https:\/\/themeholt.com\/#website\",\"url\":\"https:\/\/themeholt.com\/\",\"name\":\"ThemeHolt\",\"description\":\"Themeholt is a website that offers high-quality WordPress themes\",\"publisher\":{\"@id\":\"https:\/\/themeholt.com\/#organization\"},\"potentialAction\":[{\"@type\":\"SearchAction\",\"target\":{\"@type\":\"EntryPoint\",\"urlTemplate\":\"https:\/\/themeholt.com\/?s={search_term_string}\"},\"query-input\":{\"@type\":\"PropertyValueSpecification\",\"valueRequired\":true,\"valueName\":\"search_term_string\"}}],\"inLanguage\":\"es\"},{\"@type\":\"Organization\",\"@id\":\"https:\/\/themeholt.com\/#organization\",\"name\":\"ThemeHolt\",\"alternateName\":\"ThemeHolt\",\"url\":\"https:\/\/themeholt.com\/\",\"logo\":{\"@type\":\"ImageObject\",\"inLanguage\":\"es\",\"@id\":\"https:\/\/themeholt.com\/#\/schema\/logo\/image\/\",\"url\":\"https:\/\/themeholt.com\/wp-content\/uploads\/2024\/10\/themeholt.png\",\"contentUrl\":\"https:\/\/themeholt.com\/wp-content\/uploads\/2024\/10\/themeholt.png\",\"width\":225,\"height\":225,\"caption\":\"ThemeHolt\"},\"image\":{\"@id\":\"https:\/\/themeholt.com\/#\/schema\/logo\/image\/\"},\"sameAs\":[\"https:\/\/www.facebook.com\/themeholtT\",\"https:\/\/x.com\/ThemeholtT\",\"https:\/\/www.linkedin.com\/company\/themeholt\",\"https:\/\/www.instagram.com\/themeholtt\/\"],\"description\":\"Themeholt is a website that offers high-quality WordPress themes that are easy to use and ready for just about everything. In Eindhoven, Netherlands, since 2020 offering simple, accessible WordPress themes by providing a variety of requirements. Themeholt focuses on practicality and efficiency, allowing faster project completion with its superior marketplace and easy-to-use templates.\",\"legalName\":\"ThemeHolt\",\"foundingDate\":\"2022-11-10\",\"numberOfEmployees\":{\"@type\":\"QuantitativeValue\",\"minValue\":\"51\",\"maxValue\":\"200\"}}]}<\/script>\n<!-- \/ Yoast SEO Premium plugin. -->","yoast_head_json":{"title":"Tema de WordPress para joyer\u00eda | Plantilla para sitio web de joyer\u00eda","description":"Encuentra la plantilla perfecta para el sitio web de tu joyer\u00eda y muestra tu colecci\u00f3n en l\u00ednea. Crea un sitio web profesional que atraiga clientes y aumente las ventas.","robots":{"index":"index","follow":"follow","max-snippet":"max-snippet:-1","max-image-preview":"max-image-preview:large","max-video-preview":"max-video-preview:-1"},"canonical":"https:\/\/themeholt.com\/es\/product\/joyas-de-lujo-edel\/","og_locale":"es_ES","og_type":"article","og_title":"Joyas de lujo Edel","og_description":"Encuentra la plantilla perfecta para el sitio web de tu joyer\u00eda y muestra tu colecci\u00f3n en l\u00ednea. Crea un sitio web profesional que atraiga clientes y aumente las ventas.","og_url":"https:\/\/themeholt.com\/es\/product\/joyas-de-lujo-edel\/","og_site_name":"ThemeHolt","article_publisher":"https:\/\/www.facebook.com\/themeholtT","article_modified_time":"2024-11-07T05:56:07+00:00","og_image":[{"width":1365,"height":1283,"url":"https:\/\/themeholt.com\/wp-content\/uploads\/2023\/10\/271.png","type":"image\/png"}],"twitter_card":"summary_large_image","twitter_site":"@ThemeholtT","twitter_misc":{"Tiempo de lectura":"1 minuto"},"schema":{"@context":"https:\/\/schema.org","@graph":[{"@type":"WebPage","@id":"https:\/\/themeholt.com\/es\/product\/joyas-de-lujo-edel\/","url":"https:\/\/themeholt.com\/es\/product\/joyas-de-lujo-edel\/","name":"Tema de WordPress para joyer\u00eda | Plantilla para sitio web de joyer\u00eda","isPartOf":{"@id":"https:\/\/themeholt.com\/#website"},"primaryImageOfPage":{"@id":"https:\/\/themeholt.com\/es\/product\/joyas-de-lujo-edel\/#primaryimage"},"image":{"@id":"https:\/\/themeholt.com\/es\/product\/joyas-de-lujo-edel\/#primaryimage"},"thumbnailUrl":"https:\/\/themeholt.com\/wp-content\/uploads\/2023\/10\/271.png","datePublished":"2023-10-09T06:22:02+00:00","dateModified":"2024-11-07T05:56:07+00:00","description":"Encuentra la plantilla perfecta para el sitio web de tu joyer\u00eda y muestra tu colecci\u00f3n en l\u00ednea. Crea un sitio web profesional que atraiga clientes y aumente las ventas.","breadcrumb":{"@id":"https:\/\/themeholt.com\/es\/product\/joyas-de-lujo-edel\/#breadcrumb"},"inLanguage":"es","potentialAction":[{"@type":"ReadAction","target":["https:\/\/themeholt.com\/es\/product\/joyas-de-lujo-edel\/"]}]},{"@type":"ImageObject","inLanguage":"es","@id":"https:\/\/themeholt.com\/es\/product\/joyas-de-lujo-edel\/#primaryimage","url":"https:\/\/themeholt.com\/wp-content\/uploads\/2023\/10\/271.png","contentUrl":"https:\/\/themeholt.com\/wp-content\/uploads\/2023\/10\/271.png","width":1365,"height":1283},{"@type":"BreadcrumbList","@id":"https:\/\/themeholt.com\/es\/product\/joyas-de-lujo-edel\/#breadcrumb","itemListElement":[{"@type":"ListItem","position":1,"name":"Home","item":"https:\/\/themeholt.com\/es\/"},{"@type":"ListItem","position":2,"name":"Shop","item":"https:\/\/themeholt.com\/shop\/"},{"@type":"ListItem","position":3,"name":"Joyas de lujo Edel"}]},{"@type":"WebSite","@id":"https:\/\/themeholt.com\/#website","url":"https:\/\/themeholt.com\/","name":"ThemeHolt","description":"Themeholt is a website that offers high-quality WordPress themes","publisher":{"@id":"https:\/\/themeholt.com\/#organization"},"potentialAction":[{"@type":"SearchAction","target":{"@type":"EntryPoint","urlTemplate":"https:\/\/themeholt.com\/?s={search_term_string}"},"query-input":{"@type":"PropertyValueSpecification","valueRequired":true,"valueName":"search_term_string"}}],"inLanguage":"es"},{"@type":"Organization","@id":"https:\/\/themeholt.com\/#organization","name":"ThemeHolt","alternateName":"ThemeHolt","url":"https:\/\/themeholt.com\/","logo":{"@type":"ImageObject","inLanguage":"es","@id":"https:\/\/themeholt.com\/#\/schema\/logo\/image\/","url":"https:\/\/themeholt.com\/wp-content\/uploads\/2024\/10\/themeholt.png","contentUrl":"https:\/\/themeholt.com\/wp-content\/uploads\/2024\/10\/themeholt.png","width":225,"height":225,"caption":"ThemeHolt"},"image":{"@id":"https:\/\/themeholt.com\/#\/schema\/logo\/image\/"},"sameAs":["https:\/\/www.facebook.com\/themeholtT","https:\/\/x.com\/ThemeholtT","https:\/\/www.linkedin.com\/company\/themeholt","https:\/\/www.instagram.com\/themeholtt\/"],"description":"Themeholt is a website that offers high-quality WordPress themes that are easy to use and ready for just about everything. In Eindhoven, Netherlands, since 2020 offering simple, accessible WordPress themes by providing a variety of requirements. Themeholt focuses on practicality and efficiency, allowing faster project completion with its superior marketplace and easy-to-use templates.","legalName":"ThemeHolt","foundingDate":"2022-11-10","numberOfEmployees":{"@type":"QuantitativeValue","minValue":"51","maxValue":"200"}}]}},"_links":{"self":[{"href":"https:\/\/themeholt.com\/es\/wp-json\/wp\/v2\/product\/18806","targetHints":{"allow":["GET"]}}],"collection":[{"href":"https:\/\/themeholt.com\/es\/wp-json\/wp\/v2\/product"}],"about":[{"href":"https:\/\/themeholt.com\/es\/wp-json\/wp\/v2\/types\/product"}],"wp:featuredmedia":[{"embeddable":true,"href":"https:\/\/themeholt.com\/es\/wp-json\/wp\/v2\/media\/18807"}],"wp:attachment":[{"href":"https:\/\/themeholt.com\/es\/wp-json\/wp\/v2\/media?parent=18806"}],"wp:term":[{"taxonomy":"product_brand","embeddable":true,"href":"https:\/\/themeholt.com\/es\/wp-json\/wp\/v2\/product_brand?post=18806"},{"taxonomy":"product_cat","embeddable":true,"href":"https:\/\/themeholt.com\/es\/wp-json\/wp\/v2\/product_cat?post=18806"},{"taxonomy":"product_tag","embeddable":true,"href":"https:\/\/themeholt.com\/es\/wp-json\/wp\/v2\/product_tag?post=18806"}],"curies":[{"name":"wp","href":"https:\/\/api.w.org\/{rel}","templated":true}]}}