{"id":19192,"date":"2022-04-22T13:22:19","date_gmt":"2022-04-22T13:22:19","guid":{"rendered":"https:\/\/themeholt.com\/product\/agency-2\/"},"modified":"2024-11-11T11:15:13","modified_gmt":"2024-11-11T11:15:13","slug":"agencia-2","status":"publish","type":"product","link":"https:\/\/themeholt.com\/es\/product\/agencia-2\/","title":{"rendered":"Agencia 2"},"content":{"rendered":"<div class=\"module_subrow themify_builder_sub_row repeat tb_6c96bd9 tf_w tf_clearfix\">\n<div class=\"subrow_inner col_align_middle col-count-2 tf_box tf_w\" data-basecol=\"2\" data-col_tablet=\"column-full\" data-col_mobile=\"column-full\">\n<div class=\"sub_column module_column tf_box col4-2 last tb_1022dd9\">\n<div class=\"tb-column-inner tf_box tf_w\">\n<div class=\"module module-text tb_b1b733b repeat\">\n<div class=\"tb_text_wrap\">\n<div class=\"module_column tb-column col4-1 last tb_8b3z457 tf_box\">\n<div class=\"tb-column-inner tf_box tf_w\">\n<div class=\"module module-post tb_0079331 \">\n<div class=\"builder-posts-wrap loops-wrapper list-post classic tf_clear tf_clearfix\">\n<article id=\"post-30\" class=\"post tf_clearfix post-30 type-post status-publish format-standard hentry category-culture has-post-title no-post-date has-post-category has-post-tag has-post-comment has-post-author \">\n<div class=\"post-content\">\n<div class=\"post-content-inner\">\n<p><span style=\"font-weight: 400\">En el panorama digital actual, contar con un sitio web funcional y visualmente atractivo es esencial para cualquier agencia. Para mostrar sus servicios, su cartera y su experiencia de manera eficaz, considere aprovechar el poder de los <b>mejores temas de WordPress para agencias 2<\/b><span style=\"font-weight: 400\">. Estos temas est\u00e1n dise\u00f1ados espec\u00edficamente para satisfacer las necesidades de las agencias, brindando un equilibrio perfecto entre est\u00e9tica y funcionalidad.<\/span><\/p>\n<p><span style=\"font-weight: 400\">Los <b>mejores temas de WordPress para agencias 2<\/b><span style=\"font-weight: 400\"> ofrecen muchas funciones y opciones de personalizaci\u00f3n que le permiten crear una presencia en l\u00ednea \u00fanica y profesional. Con dise\u00f1os elegantes, elementos de dise\u00f1o modernos y navegaci\u00f3n intuitiva, estos temas te ayudan a cautivar a tu audiencia y dejar una impresi\u00f3n duradera.<\/span><\/p>\n<p><span style=\"font-weight: 400\">Una de las ventajas fundamentales de los temas de WordPress de Agency 2 es su versatilidad. Ya sea que tengas una agencia creativa, una firma de marketing, una empresa de consultor\u00eda o cualquier otra agencia, puedes encontrar un tema que se adapte perfectamente a tu identidad de marca y a tu industria. Desde dise\u00f1os atrevidos y vibrantes hasta est\u00e9ticas limpias y minimalistas, estos temas ofrecen varias opciones para adaptarse al estilo de tu agencia.<\/span><\/p>\n<\/div>\n<\/div>\n<\/article>\n<\/div>\n<\/div>\n<\/div>\n<\/div>\n<\/div>\n<\/div>\n<\/div>\n<\/div>\n<\/div>\n<\/div>\n","protected":false},"excerpt":{"rendered":"<ul>\n<li>Dise\u00f1o moderno y profesional<\/li>\n<li>F\u00e1cil personalizaci\u00f3n<\/li>\n<li>Responsivo y compatible con dispositivos m\u00f3viles<\/li>\n<li>Portafolio integrado<\/li>\n<li>Optimizado para SEO<\/li>\n<li>Velocidad de carga r\u00e1pida<\/li>\n<li>Excelente soporte<\/li>\n<li>Integraci\u00f3n con complementos populares<\/li>\n<li>Varias opciones de dise\u00f1o<\/li>\n<li>Importaci\u00f3n de demostraci\u00f3n con un solo clic<\/li>\n<li>Compatible con traducci\u00f3n<\/li>\n<li>Integraci\u00f3n con redes sociales<\/li>\n<li>Widgets personalizados<\/li>\n<li>Fondos de video<\/li>\n<\/ul>\n","protected":false},"featured_media":19194,"template":"","meta":{"_acf_changed":false,"inline_featured_image":false},"product_brand":[],"product_cat":[1895],"product_tag":[1934,1935,1936,1937],"class_list":{"0":"post-19192","1":"product","2":"type-product","3":"status-publish","4":"has-post-thumbnail","6":"product_cat-exclusive-themes-es","7":"product_tag-best-wordpress-magazine-theme-es","8":"product_tag-web-designing-themes-es","9":"product_tag-web-development-agency-templates-es","10":"product_tag-web-development-agency-wordpress-themes-es","12":"first","13":"instock","14":"sale","15":"downloadable","16":"taxable","17":"shipping-taxable","18":"purchasable","19":"product-type-simple"},"acf":[],"yoast_head":"<!-- This site is optimized with the Yoast SEO Premium plugin v22.1 (Yoast SEO v26.0) - https:\/\/yoast.com\/wordpress\/plugins\/seo\/ -->\n<title>Tema de WordPress para agencias | Las mejores plantillas de WordPress para agencias<\/title>\n<meta name=\"description\" content=\"\u00danase a nosotros para encontrar el mejor tema de WordPress para agencias para su negocio. F\u00e1cil de usar, elegante y perfecto para cualquier agencia que busque atraer clientes y crecer en l\u00ednea.\" \/>\n<meta name=\"robots\" content=\"index, follow, max-snippet:-1, max-image-preview:large, max-video-preview:-1\" \/>\n<link rel=\"canonical\" href=\"https:\/\/themeholt.com\/es\/product\/agencia-2\/\" \/>\n<meta property=\"og:locale\" content=\"es_ES\" \/>\n<meta property=\"og:type\" content=\"article\" \/>\n<meta property=\"og:title\" content=\"Agencia 2\" \/>\n<meta property=\"og:description\" content=\"\u00danase a nosotros para encontrar el mejor tema de WordPress para agencias para su negocio. F\u00e1cil de usar, elegante y perfecto para cualquier agencia que busque atraer clientes y crecer en l\u00ednea.\" \/>\n<meta property=\"og:url\" content=\"https:\/\/themeholt.com\/es\/product\/agencia-2\/\" \/>\n<meta property=\"og:site_name\" content=\"ThemeHolt\" \/>\n<meta property=\"article:publisher\" content=\"https:\/\/www.facebook.com\/themeholtT\" \/>\n<meta property=\"article:modified_time\" content=\"2024-11-11T11:15:13+00:00\" \/>\n<meta property=\"og:image\" content=\"https:\/\/themeholt.com\/wp-content\/uploads\/2022\/04\/Web-and-Web-development-Company-theme.jpg\" \/>\n\t<meta property=\"og:image:width\" content=\"1300\" \/>\n\t<meta property=\"og:image:height\" content=\"1300\" \/>\n\t<meta property=\"og:image:type\" content=\"image\/jpeg\" \/>\n<meta name=\"twitter:card\" content=\"summary_large_image\" \/>\n<meta name=\"twitter:site\" content=\"@ThemeholtT\" \/>\n<meta name=\"twitter:label1\" content=\"Tiempo de lectura\" \/>\n\t<meta name=\"twitter:data1\" content=\"1 minuto\" \/>\n<script type=\"application\/ld+json\" class=\"yoast-schema-graph\">{\"@context\":\"https:\/\/schema.org\",\"@graph\":[{\"@type\":\"WebPage\",\"@id\":\"https:\/\/themeholt.com\/es\/product\/agencia-2\/\",\"url\":\"https:\/\/themeholt.com\/es\/product\/agencia-2\/\",\"name\":\"Tema de WordPress para agencias | Las mejores plantillas de WordPress para agencias\",\"isPartOf\":{\"@id\":\"https:\/\/themeholt.com\/#website\"},\"primaryImageOfPage\":{\"@id\":\"https:\/\/themeholt.com\/es\/product\/agencia-2\/#primaryimage\"},\"image\":{\"@id\":\"https:\/\/themeholt.com\/es\/product\/agencia-2\/#primaryimage\"},\"thumbnailUrl\":\"https:\/\/themeholt.com\/wp-content\/uploads\/2022\/04\/Web-and-Web-development-Company-theme.jpg\",\"datePublished\":\"2022-04-22T13:22:19+00:00\",\"dateModified\":\"2024-11-11T11:15:13+00:00\",\"description\":\"\u00danase a nosotros para encontrar el mejor tema de WordPress para agencias para su negocio. F\u00e1cil de usar, elegante y perfecto para cualquier agencia que busque atraer clientes y crecer en l\u00ednea.\",\"breadcrumb\":{\"@id\":\"https:\/\/themeholt.com\/es\/product\/agencia-2\/#breadcrumb\"},\"inLanguage\":\"es\",\"potentialAction\":[{\"@type\":\"ReadAction\",\"target\":[\"https:\/\/themeholt.com\/es\/product\/agencia-2\/\"]}]},{\"@type\":\"ImageObject\",\"inLanguage\":\"es\",\"@id\":\"https:\/\/themeholt.com\/es\/product\/agencia-2\/#primaryimage\",\"url\":\"https:\/\/themeholt.com\/wp-content\/uploads\/2022\/04\/Web-and-Web-development-Company-theme.jpg\",\"contentUrl\":\"https:\/\/themeholt.com\/wp-content\/uploads\/2022\/04\/Web-and-Web-development-Company-theme.jpg\",\"width\":1300,\"height\":1300},{\"@type\":\"BreadcrumbList\",\"@id\":\"https:\/\/themeholt.com\/es\/product\/agencia-2\/#breadcrumb\",\"itemListElement\":[{\"@type\":\"ListItem\",\"position\":1,\"name\":\"Home\",\"item\":\"https:\/\/themeholt.com\/es\/\"},{\"@type\":\"ListItem\",\"position\":2,\"name\":\"Shop\",\"item\":\"https:\/\/themeholt.com\/shop\/\"},{\"@type\":\"ListItem\",\"position\":3,\"name\":\"Agencia 2\"}]},{\"@type\":\"WebSite\",\"@id\":\"https:\/\/themeholt.com\/#website\",\"url\":\"https:\/\/themeholt.com\/\",\"name\":\"ThemeHolt\",\"description\":\"Themeholt is a website that offers high-quality WordPress themes\",\"publisher\":{\"@id\":\"https:\/\/themeholt.com\/#organization\"},\"potentialAction\":[{\"@type\":\"SearchAction\",\"target\":{\"@type\":\"EntryPoint\",\"urlTemplate\":\"https:\/\/themeholt.com\/?s={search_term_string}\"},\"query-input\":{\"@type\":\"PropertyValueSpecification\",\"valueRequired\":true,\"valueName\":\"search_term_string\"}}],\"inLanguage\":\"es\"},{\"@type\":\"Organization\",\"@id\":\"https:\/\/themeholt.com\/#organization\",\"name\":\"ThemeHolt\",\"alternateName\":\"ThemeHolt\",\"url\":\"https:\/\/themeholt.com\/\",\"logo\":{\"@type\":\"ImageObject\",\"inLanguage\":\"es\",\"@id\":\"https:\/\/themeholt.com\/#\/schema\/logo\/image\/\",\"url\":\"https:\/\/themeholt.com\/wp-content\/uploads\/2024\/10\/themeholt.png\",\"contentUrl\":\"https:\/\/themeholt.com\/wp-content\/uploads\/2024\/10\/themeholt.png\",\"width\":225,\"height\":225,\"caption\":\"ThemeHolt\"},\"image\":{\"@id\":\"https:\/\/themeholt.com\/#\/schema\/logo\/image\/\"},\"sameAs\":[\"https:\/\/www.facebook.com\/themeholtT\",\"https:\/\/x.com\/ThemeholtT\",\"https:\/\/www.linkedin.com\/company\/themeholt\",\"https:\/\/www.instagram.com\/themeholtt\/\"],\"description\":\"Themeholt is a website that offers high-quality WordPress themes that are easy to use and ready for just about everything. In Eindhoven, Netherlands, since 2020 offering simple, accessible WordPress themes by providing a variety of requirements. Themeholt focuses on practicality and efficiency, allowing faster project completion with its superior marketplace and easy-to-use templates.\",\"legalName\":\"ThemeHolt\",\"foundingDate\":\"2022-11-10\",\"numberOfEmployees\":{\"@type\":\"QuantitativeValue\",\"minValue\":\"51\",\"maxValue\":\"200\"}}]}<\/script>\n<!-- \/ Yoast SEO Premium plugin. -->","yoast_head_json":{"title":"Tema de WordPress para agencias | Las mejores plantillas de WordPress para agencias","description":"\u00danase a nosotros para encontrar el mejor tema de WordPress para agencias para su negocio. F\u00e1cil de usar, elegante y perfecto para cualquier agencia que busque atraer clientes y crecer en l\u00ednea.","robots":{"index":"index","follow":"follow","max-snippet":"max-snippet:-1","max-image-preview":"max-image-preview:large","max-video-preview":"max-video-preview:-1"},"canonical":"https:\/\/themeholt.com\/es\/product\/agencia-2\/","og_locale":"es_ES","og_type":"article","og_title":"Agencia 2","og_description":"\u00danase a nosotros para encontrar el mejor tema de WordPress para agencias para su negocio. F\u00e1cil de usar, elegante y perfecto para cualquier agencia que busque atraer clientes y crecer en l\u00ednea.","og_url":"https:\/\/themeholt.com\/es\/product\/agencia-2\/","og_site_name":"ThemeHolt","article_publisher":"https:\/\/www.facebook.com\/themeholtT","article_modified_time":"2024-11-11T11:15:13+00:00","og_image":[{"width":1300,"height":1300,"url":"https:\/\/themeholt.com\/wp-content\/uploads\/2022\/04\/Web-and-Web-development-Company-theme.jpg","type":"image\/jpeg"}],"twitter_card":"summary_large_image","twitter_site":"@ThemeholtT","twitter_misc":{"Tiempo de lectura":"1 minuto"},"schema":{"@context":"https:\/\/schema.org","@graph":[{"@type":"WebPage","@id":"https:\/\/themeholt.com\/es\/product\/agencia-2\/","url":"https:\/\/themeholt.com\/es\/product\/agencia-2\/","name":"Tema de WordPress para agencias | Las mejores plantillas de WordPress para agencias","isPartOf":{"@id":"https:\/\/themeholt.com\/#website"},"primaryImageOfPage":{"@id":"https:\/\/themeholt.com\/es\/product\/agencia-2\/#primaryimage"},"image":{"@id":"https:\/\/themeholt.com\/es\/product\/agencia-2\/#primaryimage"},"thumbnailUrl":"https:\/\/themeholt.com\/wp-content\/uploads\/2022\/04\/Web-and-Web-development-Company-theme.jpg","datePublished":"2022-04-22T13:22:19+00:00","dateModified":"2024-11-11T11:15:13+00:00","description":"\u00danase a nosotros para encontrar el mejor tema de WordPress para agencias para su negocio. F\u00e1cil de usar, elegante y perfecto para cualquier agencia que busque atraer clientes y crecer en l\u00ednea.","breadcrumb":{"@id":"https:\/\/themeholt.com\/es\/product\/agencia-2\/#breadcrumb"},"inLanguage":"es","potentialAction":[{"@type":"ReadAction","target":["https:\/\/themeholt.com\/es\/product\/agencia-2\/"]}]},{"@type":"ImageObject","inLanguage":"es","@id":"https:\/\/themeholt.com\/es\/product\/agencia-2\/#primaryimage","url":"https:\/\/themeholt.com\/wp-content\/uploads\/2022\/04\/Web-and-Web-development-Company-theme.jpg","contentUrl":"https:\/\/themeholt.com\/wp-content\/uploads\/2022\/04\/Web-and-Web-development-Company-theme.jpg","width":1300,"height":1300},{"@type":"BreadcrumbList","@id":"https:\/\/themeholt.com\/es\/product\/agencia-2\/#breadcrumb","itemListElement":[{"@type":"ListItem","position":1,"name":"Home","item":"https:\/\/themeholt.com\/es\/"},{"@type":"ListItem","position":2,"name":"Shop","item":"https:\/\/themeholt.com\/shop\/"},{"@type":"ListItem","position":3,"name":"Agencia 2"}]},{"@type":"WebSite","@id":"https:\/\/themeholt.com\/#website","url":"https:\/\/themeholt.com\/","name":"ThemeHolt","description":"Themeholt is a website that offers high-quality WordPress themes","publisher":{"@id":"https:\/\/themeholt.com\/#organization"},"potentialAction":[{"@type":"SearchAction","target":{"@type":"EntryPoint","urlTemplate":"https:\/\/themeholt.com\/?s={search_term_string}"},"query-input":{"@type":"PropertyValueSpecification","valueRequired":true,"valueName":"search_term_string"}}],"inLanguage":"es"},{"@type":"Organization","@id":"https:\/\/themeholt.com\/#organization","name":"ThemeHolt","alternateName":"ThemeHolt","url":"https:\/\/themeholt.com\/","logo":{"@type":"ImageObject","inLanguage":"es","@id":"https:\/\/themeholt.com\/#\/schema\/logo\/image\/","url":"https:\/\/themeholt.com\/wp-content\/uploads\/2024\/10\/themeholt.png","contentUrl":"https:\/\/themeholt.com\/wp-content\/uploads\/2024\/10\/themeholt.png","width":225,"height":225,"caption":"ThemeHolt"},"image":{"@id":"https:\/\/themeholt.com\/#\/schema\/logo\/image\/"},"sameAs":["https:\/\/www.facebook.com\/themeholtT","https:\/\/x.com\/ThemeholtT","https:\/\/www.linkedin.com\/company\/themeholt","https:\/\/www.instagram.com\/themeholtt\/"],"description":"Themeholt is a website that offers high-quality WordPress themes that are easy to use and ready for just about everything. In Eindhoven, Netherlands, since 2020 offering simple, accessible WordPress themes by providing a variety of requirements. Themeholt focuses on practicality and efficiency, allowing faster project completion with its superior marketplace and easy-to-use templates.","legalName":"ThemeHolt","foundingDate":"2022-11-10","numberOfEmployees":{"@type":"QuantitativeValue","minValue":"51","maxValue":"200"}}]}},"_links":{"self":[{"href":"https:\/\/themeholt.com\/es\/wp-json\/wp\/v2\/product\/19192","targetHints":{"allow":["GET"]}}],"collection":[{"href":"https:\/\/themeholt.com\/es\/wp-json\/wp\/v2\/product"}],"about":[{"href":"https:\/\/themeholt.com\/es\/wp-json\/wp\/v2\/types\/product"}],"wp:featuredmedia":[{"embeddable":true,"href":"https:\/\/themeholt.com\/es\/wp-json\/wp\/v2\/media\/19194"}],"wp:attachment":[{"href":"https:\/\/themeholt.com\/es\/wp-json\/wp\/v2\/media?parent=19192"}],"wp:term":[{"taxonomy":"product_brand","embeddable":true,"href":"https:\/\/themeholt.com\/es\/wp-json\/wp\/v2\/product_brand?post=19192"},{"taxonomy":"product_cat","embeddable":true,"href":"https:\/\/themeholt.com\/es\/wp-json\/wp\/v2\/product_cat?post=19192"},{"taxonomy":"product_tag","embeddable":true,"href":"https:\/\/themeholt.com\/es\/wp-json\/wp\/v2\/product_tag?post=19192"}],"curies":[{"name":"wp","href":"https:\/\/api.w.org\/{rel}","templated":true}]}}