{"id":19227,"date":"2022-04-22T13:07:37","date_gmt":"2022-04-22T13:07:37","guid":{"rendered":"https:\/\/themeholt.com\/product\/church\/"},"modified":"2024-11-11T11:50:29","modified_gmt":"2024-11-11T11:50:29","slug":"iglesia","status":"publish","type":"product","link":"https:\/\/themeholt.com\/es\/product\/iglesia\/","title":{"rendered":"Iglesia"},"content":{"rendered":"<p><span style=\"font-weight: 400\">Bienvenido al mundo de <\/span><b>Church Website Theme<\/b><span style=\"font-weight: 400\">, donde la fe y la tecnolog\u00eda convergen para crear un santuario digital para su congregaci\u00f3n. Presentamos Church, un tema transformador dise\u00f1ado para potenciar la presencia en l\u00ednea de su iglesia y conectar a su comunidad como nunca antes.<\/span><\/p>\n<p><span style=\"font-weight: 400\">Con su dise\u00f1o elegante y espiritual, <\/span><b>Church WordPress Themes<\/b><span style=\"font-weight: 400\"> prepara el escenario para una experiencia de blog profunda y atractiva. El tema ofrece una variedad de dise\u00f1os personalizables, lo que le permite presentar bellamente sus sermones, devocionales, eventos comunitarios y contenido inspirador. Ya sea un pastor, un l\u00edder de la iglesia o un miembro apasionado, Church ofrece la plataforma perfecta para compartir sus mensajes de esperanza, amor y fe.<\/span><\/p>\n","protected":false},"excerpt":{"rendered":"<article id=\"post-136\" class=\"post tf_clearfix post-136 type-post status-publish format-standard has-post-thumbnail hentry category-sermon has-post-title has-post-date has-post-category has-post-tag has-post-comment has-post-author \">\n<div class=\"post-content\">\n<div class=\"post-content-inner\">\n<div class=\"entry-content\">\n<ul>\n<li>Dise\u00f1o religioso<\/li>\n<li>Sistema de donaciones<\/li>\n<li>Gesti\u00f3n de sermones<\/li>\n<li>Gesti\u00f3n de eventos<\/li>\n<li>P\u00e1ginas personalizables<\/li>\n<li>Peticiones de oraci\u00f3n<\/li>\n<li>Gesti\u00f3n de voluntarios<\/li>\n<li>Capacidades de blogs<\/li>\n<li>Podcasting de sermones<\/li>\n<li>Soporte y actualizaciones constantes<\/li>\n<\/ul>\n<\/div>\n<\/div>\n<\/div>\n<\/article>\n","protected":false},"featured_media":19229,"template":"","meta":{"_acf_changed":false,"inline_featured_image":false},"product_brand":[],"product_cat":[1890],"product_tag":[1944,1945,1946],"class_list":{"0":"post-19227","1":"product","2":"type-product","3":"status-publish","4":"has-post-thumbnail","6":"product_cat-new-arrivals-es","7":"product_tag-church-themes-es","8":"product_tag-holy-wordpress-themes-es","9":"product_tag-religious-wordpress-themes-es","11":"first","12":"instock","13":"sale","14":"downloadable","15":"taxable","16":"shipping-taxable","17":"purchasable","18":"product-type-simple"},"acf":[],"yoast_head":"<!-- This site is optimized with the Yoast SEO Premium plugin v22.1 (Yoast SEO v26.0) - https:\/\/yoast.com\/wordpress\/plugins\/seo\/ -->\n<title>Temas religiosos de WordPress | Tema de iglesia de WordPress<\/title>\n<meta name=\"description\" content=\"Encuentra un tema de WordPress f\u00e1cil de usar para tu sitio web religioso. Crea una interfaz f\u00e1cil de usar para tu sitio web. \u00a1Cons\u00edguelo ahora!\" \/>\n<meta name=\"robots\" content=\"index, follow, max-snippet:-1, max-image-preview:large, max-video-preview:-1\" \/>\n<link rel=\"canonical\" href=\"https:\/\/themeholt.com\/es\/product\/iglesia\/\" \/>\n<meta property=\"og:locale\" content=\"es_ES\" \/>\n<meta property=\"og:type\" content=\"article\" \/>\n<meta property=\"og:title\" content=\"Iglesia\" \/>\n<meta property=\"og:description\" content=\"Encuentra un tema de WordPress f\u00e1cil de usar para tu sitio web religioso. Crea una interfaz f\u00e1cil de usar para tu sitio web. \u00a1Cons\u00edguelo ahora!\" \/>\n<meta property=\"og:url\" content=\"https:\/\/themeholt.com\/es\/product\/iglesia\/\" \/>\n<meta property=\"og:site_name\" content=\"ThemeHolt\" \/>\n<meta property=\"article:publisher\" content=\"https:\/\/www.facebook.com\/themeholtT\" \/>\n<meta property=\"article:modified_time\" content=\"2024-11-11T11:50:29+00:00\" \/>\n<meta property=\"og:image\" content=\"https:\/\/themeholt.com\/wp-content\/uploads\/2022\/04\/Catholic-Church-Theme-1.jpg\" \/>\n\t<meta property=\"og:image:width\" content=\"1300\" \/>\n\t<meta property=\"og:image:height\" content=\"1283\" \/>\n\t<meta property=\"og:image:type\" content=\"image\/jpeg\" \/>\n<meta name=\"twitter:card\" content=\"summary_large_image\" \/>\n<meta name=\"twitter:site\" content=\"@ThemeholtT\" \/>\n<meta name=\"twitter:label1\" content=\"Tiempo de lectura\" \/>\n\t<meta name=\"twitter:data1\" content=\"1 minuto\" \/>\n<script type=\"application\/ld+json\" class=\"yoast-schema-graph\">{\"@context\":\"https:\/\/schema.org\",\"@graph\":[{\"@type\":\"WebPage\",\"@id\":\"https:\/\/themeholt.com\/es\/product\/iglesia\/\",\"url\":\"https:\/\/themeholt.com\/es\/product\/iglesia\/\",\"name\":\"Temas religiosos de WordPress | Tema de iglesia de WordPress\",\"isPartOf\":{\"@id\":\"https:\/\/themeholt.com\/#website\"},\"primaryImageOfPage\":{\"@id\":\"https:\/\/themeholt.com\/es\/product\/iglesia\/#primaryimage\"},\"image\":{\"@id\":\"https:\/\/themeholt.com\/es\/product\/iglesia\/#primaryimage\"},\"thumbnailUrl\":\"https:\/\/themeholt.com\/wp-content\/uploads\/2022\/04\/Catholic-Church-Theme-1.jpg\",\"datePublished\":\"2022-04-22T13:07:37+00:00\",\"dateModified\":\"2024-11-11T11:50:29+00:00\",\"description\":\"Encuentra un tema de WordPress f\u00e1cil de usar para tu sitio web religioso. Crea una interfaz f\u00e1cil de usar para tu sitio web. \u00a1Cons\u00edguelo ahora!\",\"breadcrumb\":{\"@id\":\"https:\/\/themeholt.com\/es\/product\/iglesia\/#breadcrumb\"},\"inLanguage\":\"es\",\"potentialAction\":[{\"@type\":\"ReadAction\",\"target\":[\"https:\/\/themeholt.com\/es\/product\/iglesia\/\"]}]},{\"@type\":\"ImageObject\",\"inLanguage\":\"es\",\"@id\":\"https:\/\/themeholt.com\/es\/product\/iglesia\/#primaryimage\",\"url\":\"https:\/\/themeholt.com\/wp-content\/uploads\/2022\/04\/Catholic-Church-Theme-1.jpg\",\"contentUrl\":\"https:\/\/themeholt.com\/wp-content\/uploads\/2022\/04\/Catholic-Church-Theme-1.jpg\",\"width\":1300,\"height\":1283},{\"@type\":\"BreadcrumbList\",\"@id\":\"https:\/\/themeholt.com\/es\/product\/iglesia\/#breadcrumb\",\"itemListElement\":[{\"@type\":\"ListItem\",\"position\":1,\"name\":\"Home\",\"item\":\"https:\/\/themeholt.com\/es\/\"},{\"@type\":\"ListItem\",\"position\":2,\"name\":\"Shop\",\"item\":\"https:\/\/themeholt.com\/shop\/\"},{\"@type\":\"ListItem\",\"position\":3,\"name\":\"Iglesia\"}]},{\"@type\":\"WebSite\",\"@id\":\"https:\/\/themeholt.com\/#website\",\"url\":\"https:\/\/themeholt.com\/\",\"name\":\"ThemeHolt\",\"description\":\"Themeholt is a website that offers high-quality WordPress themes\",\"publisher\":{\"@id\":\"https:\/\/themeholt.com\/#organization\"},\"potentialAction\":[{\"@type\":\"SearchAction\",\"target\":{\"@type\":\"EntryPoint\",\"urlTemplate\":\"https:\/\/themeholt.com\/?s={search_term_string}\"},\"query-input\":{\"@type\":\"PropertyValueSpecification\",\"valueRequired\":true,\"valueName\":\"search_term_string\"}}],\"inLanguage\":\"es\"},{\"@type\":\"Organization\",\"@id\":\"https:\/\/themeholt.com\/#organization\",\"name\":\"ThemeHolt\",\"alternateName\":\"ThemeHolt\",\"url\":\"https:\/\/themeholt.com\/\",\"logo\":{\"@type\":\"ImageObject\",\"inLanguage\":\"es\",\"@id\":\"https:\/\/themeholt.com\/#\/schema\/logo\/image\/\",\"url\":\"https:\/\/themeholt.com\/wp-content\/uploads\/2024\/10\/themeholt.png\",\"contentUrl\":\"https:\/\/themeholt.com\/wp-content\/uploads\/2024\/10\/themeholt.png\",\"width\":225,\"height\":225,\"caption\":\"ThemeHolt\"},\"image\":{\"@id\":\"https:\/\/themeholt.com\/#\/schema\/logo\/image\/\"},\"sameAs\":[\"https:\/\/www.facebook.com\/themeholtT\",\"https:\/\/x.com\/ThemeholtT\",\"https:\/\/www.linkedin.com\/company\/themeholt\",\"https:\/\/www.instagram.com\/themeholtt\/\"],\"description\":\"Themeholt is a website that offers high-quality WordPress themes that are easy to use and ready for just about everything. In Eindhoven, Netherlands, since 2020 offering simple, accessible WordPress themes by providing a variety of requirements. Themeholt focuses on practicality and efficiency, allowing faster project completion with its superior marketplace and easy-to-use templates.\",\"legalName\":\"ThemeHolt\",\"foundingDate\":\"2022-11-10\",\"numberOfEmployees\":{\"@type\":\"QuantitativeValue\",\"minValue\":\"51\",\"maxValue\":\"200\"}}]}<\/script>\n<!-- \/ Yoast SEO Premium plugin. -->","yoast_head_json":{"title":"Temas religiosos de WordPress | Tema de iglesia de WordPress","description":"Encuentra un tema de WordPress f\u00e1cil de usar para tu sitio web religioso. Crea una interfaz f\u00e1cil de usar para tu sitio web. \u00a1Cons\u00edguelo ahora!","robots":{"index":"index","follow":"follow","max-snippet":"max-snippet:-1","max-image-preview":"max-image-preview:large","max-video-preview":"max-video-preview:-1"},"canonical":"https:\/\/themeholt.com\/es\/product\/iglesia\/","og_locale":"es_ES","og_type":"article","og_title":"Iglesia","og_description":"Encuentra un tema de WordPress f\u00e1cil de usar para tu sitio web religioso. Crea una interfaz f\u00e1cil de usar para tu sitio web. \u00a1Cons\u00edguelo ahora!","og_url":"https:\/\/themeholt.com\/es\/product\/iglesia\/","og_site_name":"ThemeHolt","article_publisher":"https:\/\/www.facebook.com\/themeholtT","article_modified_time":"2024-11-11T11:50:29+00:00","og_image":[{"width":1300,"height":1283,"url":"https:\/\/themeholt.com\/wp-content\/uploads\/2022\/04\/Catholic-Church-Theme-1.jpg","type":"image\/jpeg"}],"twitter_card":"summary_large_image","twitter_site":"@ThemeholtT","twitter_misc":{"Tiempo de lectura":"1 minuto"},"schema":{"@context":"https:\/\/schema.org","@graph":[{"@type":"WebPage","@id":"https:\/\/themeholt.com\/es\/product\/iglesia\/","url":"https:\/\/themeholt.com\/es\/product\/iglesia\/","name":"Temas religiosos de WordPress | Tema de iglesia de WordPress","isPartOf":{"@id":"https:\/\/themeholt.com\/#website"},"primaryImageOfPage":{"@id":"https:\/\/themeholt.com\/es\/product\/iglesia\/#primaryimage"},"image":{"@id":"https:\/\/themeholt.com\/es\/product\/iglesia\/#primaryimage"},"thumbnailUrl":"https:\/\/themeholt.com\/wp-content\/uploads\/2022\/04\/Catholic-Church-Theme-1.jpg","datePublished":"2022-04-22T13:07:37+00:00","dateModified":"2024-11-11T11:50:29+00:00","description":"Encuentra un tema de WordPress f\u00e1cil de usar para tu sitio web religioso. Crea una interfaz f\u00e1cil de usar para tu sitio web. \u00a1Cons\u00edguelo ahora!","breadcrumb":{"@id":"https:\/\/themeholt.com\/es\/product\/iglesia\/#breadcrumb"},"inLanguage":"es","potentialAction":[{"@type":"ReadAction","target":["https:\/\/themeholt.com\/es\/product\/iglesia\/"]}]},{"@type":"ImageObject","inLanguage":"es","@id":"https:\/\/themeholt.com\/es\/product\/iglesia\/#primaryimage","url":"https:\/\/themeholt.com\/wp-content\/uploads\/2022\/04\/Catholic-Church-Theme-1.jpg","contentUrl":"https:\/\/themeholt.com\/wp-content\/uploads\/2022\/04\/Catholic-Church-Theme-1.jpg","width":1300,"height":1283},{"@type":"BreadcrumbList","@id":"https:\/\/themeholt.com\/es\/product\/iglesia\/#breadcrumb","itemListElement":[{"@type":"ListItem","position":1,"name":"Home","item":"https:\/\/themeholt.com\/es\/"},{"@type":"ListItem","position":2,"name":"Shop","item":"https:\/\/themeholt.com\/shop\/"},{"@type":"ListItem","position":3,"name":"Iglesia"}]},{"@type":"WebSite","@id":"https:\/\/themeholt.com\/#website","url":"https:\/\/themeholt.com\/","name":"ThemeHolt","description":"Themeholt is a website that offers high-quality WordPress themes","publisher":{"@id":"https:\/\/themeholt.com\/#organization"},"potentialAction":[{"@type":"SearchAction","target":{"@type":"EntryPoint","urlTemplate":"https:\/\/themeholt.com\/?s={search_term_string}"},"query-input":{"@type":"PropertyValueSpecification","valueRequired":true,"valueName":"search_term_string"}}],"inLanguage":"es"},{"@type":"Organization","@id":"https:\/\/themeholt.com\/#organization","name":"ThemeHolt","alternateName":"ThemeHolt","url":"https:\/\/themeholt.com\/","logo":{"@type":"ImageObject","inLanguage":"es","@id":"https:\/\/themeholt.com\/#\/schema\/logo\/image\/","url":"https:\/\/themeholt.com\/wp-content\/uploads\/2024\/10\/themeholt.png","contentUrl":"https:\/\/themeholt.com\/wp-content\/uploads\/2024\/10\/themeholt.png","width":225,"height":225,"caption":"ThemeHolt"},"image":{"@id":"https:\/\/themeholt.com\/#\/schema\/logo\/image\/"},"sameAs":["https:\/\/www.facebook.com\/themeholtT","https:\/\/x.com\/ThemeholtT","https:\/\/www.linkedin.com\/company\/themeholt","https:\/\/www.instagram.com\/themeholtt\/"],"description":"Themeholt is a website that offers high-quality WordPress themes that are easy to use and ready for just about everything. In Eindhoven, Netherlands, since 2020 offering simple, accessible WordPress themes by providing a variety of requirements. Themeholt focuses on practicality and efficiency, allowing faster project completion with its superior marketplace and easy-to-use templates.","legalName":"ThemeHolt","foundingDate":"2022-11-10","numberOfEmployees":{"@type":"QuantitativeValue","minValue":"51","maxValue":"200"}}]}},"_links":{"self":[{"href":"https:\/\/themeholt.com\/es\/wp-json\/wp\/v2\/product\/19227","targetHints":{"allow":["GET"]}}],"collection":[{"href":"https:\/\/themeholt.com\/es\/wp-json\/wp\/v2\/product"}],"about":[{"href":"https:\/\/themeholt.com\/es\/wp-json\/wp\/v2\/types\/product"}],"wp:featuredmedia":[{"embeddable":true,"href":"https:\/\/themeholt.com\/es\/wp-json\/wp\/v2\/media\/19229"}],"wp:attachment":[{"href":"https:\/\/themeholt.com\/es\/wp-json\/wp\/v2\/media?parent=19227"}],"wp:term":[{"taxonomy":"product_brand","embeddable":true,"href":"https:\/\/themeholt.com\/es\/wp-json\/wp\/v2\/product_brand?post=19227"},{"taxonomy":"product_cat","embeddable":true,"href":"https:\/\/themeholt.com\/es\/wp-json\/wp\/v2\/product_cat?post=19227"},{"taxonomy":"product_tag","embeddable":true,"href":"https:\/\/themeholt.com\/es\/wp-json\/wp\/v2\/product_tag?post=19227"}],"curies":[{"name":"wp","href":"https:\/\/api.w.org\/{rel}","templated":true}]}}