{"id":19244,"date":"2022-04-21T19:20:53","date_gmt":"2022-04-21T19:20:53","guid":{"rendered":"https:\/\/themeholt.com\/product\/gadgets\/"},"modified":"2024-11-11T11:59:05","modified_gmt":"2024-11-11T11:59:05","slug":"aparatos","status":"publish","type":"product","link":"https:\/\/themeholt.com\/es\/product\/aparatos\/","title":{"rendered":"Aparatos"},"content":{"rendered":"<p><span style=\"font-weight: 400\">En el vertiginoso mundo de los gadgets y la tecnolog\u00eda, tener un sitio web visualmente atractivo y funcional es crucial para mostrar sus \u00faltimos productos tecnol\u00f3gicos. Nuestra colecci\u00f3n de <\/span><b>temas de WordPress para gadgets<\/b><span style=\"font-weight: 400\"> ofrece una variedad de opciones para crear un sitio web sorprendente que capture la esencia de la innovaci\u00f3n y muestre sus gadgets con estilo. En esta publicaci\u00f3n del blog, exploraremos las caracter\u00edsticas y los beneficios interesantes de estos temas de WordPress y c\u00f3mo pueden ayudarlo a crear una presencia en l\u00ednea atractiva para su negocio de gadgets o blog de tecnolog\u00eda.<\/span><\/p>\n<p><span style=\"font-weight: 400\">Nuestra colecci\u00f3n de <\/span><b>temas de WordPress para gadgets<\/b><span style=\"font-weight: 400\"><strong>tema 2023<\/strong> ofrece la plataforma perfecta para mostrar sus \u00faltimos productos tecnol\u00f3gicos, compartir sus conocimientos e interactuar con su audiencia. Con dise\u00f1os elegantes, funciones personalizables, compatibilidad con comercio electr\u00f3nico y dise\u00f1os optimizados para dispositivos m\u00f3viles, estos temas ofrecen las herramientas que necesita para crear una presencia en l\u00ednea cautivadora para su negocio de dispositivos o blog de tecnolog\u00eda. Aproveche el poder de nuestros temas de WordPress para dispositivos y mejore su presencia en l\u00ednea en el mundo de la tecnolog\u00eda.<\/p>\n","protected":false},"excerpt":{"rendered":"<ul>\n<li>Compatible con WooCommerce<\/li>\n<li>Dise\u00f1os de p\u00e1ginas de productos ilimitados<\/li>\n<li>Dise\u00f1os de categor\u00edas ilimitados<\/li>\n<li>Estilo de encabezado ilimitado<\/li>\n<li>Compatible con traducci\u00f3n<\/li>\n<li>Optimizado para SEO<\/li>\n<li>Blogs con estilo<\/li>\n<li>Modo de cat\u00e1logo<\/li>\n<li>Soporte confiable<\/li>\n<\/ul>\n","protected":false},"featured_media":19245,"template":"","meta":{"_acf_changed":false,"inline_featured_image":false},"product_brand":[],"product_cat":[1905],"product_tag":[1853,1860,1950,1951],"class_list":{"0":"post-19244","1":"product","2":"type-product","3":"status-publish","4":"has-post-thumbnail","6":"product_cat-premium-themes-es","7":"product_tag-technology-themes-es","8":"product_tag-technology-templates-es","9":"product_tag-gadgets-es","10":"product_tag-gadgets-themes-es","12":"first","13":"instock","14":"sale","15":"downloadable","16":"taxable","17":"shipping-taxable","18":"purchasable","19":"product-type-simple"},"acf":[],"yoast_head":"<!-- This site is optimized with the Yoast SEO Premium plugin v22.1 (Yoast SEO v26.0) - https:\/\/yoast.com\/wordpress\/plugins\/seo\/ -->\n<title>Temas premium para gadgets | Temas gratuitos de WordPress para gadgets<\/title>\n<meta name=\"description\" content=\"Consigue los temas de WordPress perfectos para tu sitio web. Muestra tus gadgets, tecnolog\u00eda y m\u00e1s con estilo. F\u00e1cil configuraci\u00f3n y personalizaci\u00f3n. \u00a1C\u00f3mpralos ahora!\" \/>\n<meta name=\"robots\" content=\"index, follow, max-snippet:-1, max-image-preview:large, max-video-preview:-1\" \/>\n<link rel=\"canonical\" href=\"https:\/\/themeholt.com\/es\/product\/aparatos\/\" \/>\n<meta property=\"og:locale\" content=\"es_ES\" \/>\n<meta property=\"og:type\" content=\"article\" \/>\n<meta property=\"og:title\" content=\"Aparatos\" \/>\n<meta property=\"og:description\" content=\"Consigue los temas de WordPress perfectos para tu sitio web. Muestra tus gadgets, tecnolog\u00eda y m\u00e1s con estilo. F\u00e1cil configuraci\u00f3n y personalizaci\u00f3n. \u00a1C\u00f3mpralos ahora!\" \/>\n<meta property=\"og:url\" content=\"https:\/\/themeholt.com\/es\/product\/aparatos\/\" \/>\n<meta property=\"og:site_name\" content=\"ThemeHolt\" \/>\n<meta property=\"article:publisher\" content=\"https:\/\/www.facebook.com\/themeholtT\" \/>\n<meta property=\"article:modified_time\" content=\"2024-11-11T11:59:05+00:00\" \/>\n<meta property=\"og:image\" content=\"https:\/\/themeholt.com\/wp-content\/uploads\/2022\/04\/Best-Electronic-Gadgets-Home-page.jpg\" \/>\n\t<meta property=\"og:image:width\" content=\"1300\" \/>\n\t<meta property=\"og:image:height\" content=\"1300\" \/>\n\t<meta property=\"og:image:type\" content=\"image\/jpeg\" \/>\n<meta name=\"twitter:card\" content=\"summary_large_image\" \/>\n<meta name=\"twitter:site\" content=\"@ThemeholtT\" \/>\n<meta name=\"twitter:label1\" content=\"Tiempo de lectura\" \/>\n\t<meta name=\"twitter:data1\" content=\"1 minuto\" \/>\n<script type=\"application\/ld+json\" class=\"yoast-schema-graph\">{\"@context\":\"https:\/\/schema.org\",\"@graph\":[{\"@type\":\"WebPage\",\"@id\":\"https:\/\/themeholt.com\/es\/product\/aparatos\/\",\"url\":\"https:\/\/themeholt.com\/es\/product\/aparatos\/\",\"name\":\"Temas premium para gadgets | Temas gratuitos de WordPress para gadgets\",\"isPartOf\":{\"@id\":\"https:\/\/themeholt.com\/#website\"},\"primaryImageOfPage\":{\"@id\":\"https:\/\/themeholt.com\/es\/product\/aparatos\/#primaryimage\"},\"image\":{\"@id\":\"https:\/\/themeholt.com\/es\/product\/aparatos\/#primaryimage\"},\"thumbnailUrl\":\"https:\/\/themeholt.com\/wp-content\/uploads\/2022\/04\/Best-Electronic-Gadgets-Home-page.jpg\",\"datePublished\":\"2022-04-21T19:20:53+00:00\",\"dateModified\":\"2024-11-11T11:59:05+00:00\",\"description\":\"Consigue los temas de WordPress perfectos para tu sitio web. Muestra tus gadgets, tecnolog\u00eda y m\u00e1s con estilo. F\u00e1cil configuraci\u00f3n y personalizaci\u00f3n. \u00a1C\u00f3mpralos ahora!\",\"breadcrumb\":{\"@id\":\"https:\/\/themeholt.com\/es\/product\/aparatos\/#breadcrumb\"},\"inLanguage\":\"es\",\"potentialAction\":[{\"@type\":\"ReadAction\",\"target\":[\"https:\/\/themeholt.com\/es\/product\/aparatos\/\"]}]},{\"@type\":\"ImageObject\",\"inLanguage\":\"es\",\"@id\":\"https:\/\/themeholt.com\/es\/product\/aparatos\/#primaryimage\",\"url\":\"https:\/\/themeholt.com\/wp-content\/uploads\/2022\/04\/Best-Electronic-Gadgets-Home-page.jpg\",\"contentUrl\":\"https:\/\/themeholt.com\/wp-content\/uploads\/2022\/04\/Best-Electronic-Gadgets-Home-page.jpg\",\"width\":1300,\"height\":1300},{\"@type\":\"BreadcrumbList\",\"@id\":\"https:\/\/themeholt.com\/es\/product\/aparatos\/#breadcrumb\",\"itemListElement\":[{\"@type\":\"ListItem\",\"position\":1,\"name\":\"Home\",\"item\":\"https:\/\/themeholt.com\/es\/\"},{\"@type\":\"ListItem\",\"position\":2,\"name\":\"Shop\",\"item\":\"https:\/\/themeholt.com\/shop\/\"},{\"@type\":\"ListItem\",\"position\":3,\"name\":\"Aparatos\"}]},{\"@type\":\"WebSite\",\"@id\":\"https:\/\/themeholt.com\/#website\",\"url\":\"https:\/\/themeholt.com\/\",\"name\":\"ThemeHolt\",\"description\":\"Themeholt is a website that offers high-quality WordPress themes\",\"publisher\":{\"@id\":\"https:\/\/themeholt.com\/#organization\"},\"potentialAction\":[{\"@type\":\"SearchAction\",\"target\":{\"@type\":\"EntryPoint\",\"urlTemplate\":\"https:\/\/themeholt.com\/?s={search_term_string}\"},\"query-input\":{\"@type\":\"PropertyValueSpecification\",\"valueRequired\":true,\"valueName\":\"search_term_string\"}}],\"inLanguage\":\"es\"},{\"@type\":\"Organization\",\"@id\":\"https:\/\/themeholt.com\/#organization\",\"name\":\"ThemeHolt\",\"alternateName\":\"ThemeHolt\",\"url\":\"https:\/\/themeholt.com\/\",\"logo\":{\"@type\":\"ImageObject\",\"inLanguage\":\"es\",\"@id\":\"https:\/\/themeholt.com\/#\/schema\/logo\/image\/\",\"url\":\"https:\/\/themeholt.com\/wp-content\/uploads\/2024\/10\/themeholt.png\",\"contentUrl\":\"https:\/\/themeholt.com\/wp-content\/uploads\/2024\/10\/themeholt.png\",\"width\":225,\"height\":225,\"caption\":\"ThemeHolt\"},\"image\":{\"@id\":\"https:\/\/themeholt.com\/#\/schema\/logo\/image\/\"},\"sameAs\":[\"https:\/\/www.facebook.com\/themeholtT\",\"https:\/\/x.com\/ThemeholtT\",\"https:\/\/www.linkedin.com\/company\/themeholt\",\"https:\/\/www.instagram.com\/themeholtt\/\"],\"description\":\"Themeholt is a website that offers high-quality WordPress themes that are easy to use and ready for just about everything. In Eindhoven, Netherlands, since 2020 offering simple, accessible WordPress themes by providing a variety of requirements. Themeholt focuses on practicality and efficiency, allowing faster project completion with its superior marketplace and easy-to-use templates.\",\"legalName\":\"ThemeHolt\",\"foundingDate\":\"2022-11-10\",\"numberOfEmployees\":{\"@type\":\"QuantitativeValue\",\"minValue\":\"51\",\"maxValue\":\"200\"}}]}<\/script>\n<!-- \/ Yoast SEO Premium plugin. -->","yoast_head_json":{"title":"Temas premium para gadgets | Temas gratuitos de WordPress para gadgets","description":"Consigue los temas de WordPress perfectos para tu sitio web. Muestra tus gadgets, tecnolog\u00eda y m\u00e1s con estilo. F\u00e1cil configuraci\u00f3n y personalizaci\u00f3n. \u00a1C\u00f3mpralos ahora!","robots":{"index":"index","follow":"follow","max-snippet":"max-snippet:-1","max-image-preview":"max-image-preview:large","max-video-preview":"max-video-preview:-1"},"canonical":"https:\/\/themeholt.com\/es\/product\/aparatos\/","og_locale":"es_ES","og_type":"article","og_title":"Aparatos","og_description":"Consigue los temas de WordPress perfectos para tu sitio web. Muestra tus gadgets, tecnolog\u00eda y m\u00e1s con estilo. F\u00e1cil configuraci\u00f3n y personalizaci\u00f3n. \u00a1C\u00f3mpralos ahora!","og_url":"https:\/\/themeholt.com\/es\/product\/aparatos\/","og_site_name":"ThemeHolt","article_publisher":"https:\/\/www.facebook.com\/themeholtT","article_modified_time":"2024-11-11T11:59:05+00:00","og_image":[{"width":1300,"height":1300,"url":"https:\/\/themeholt.com\/wp-content\/uploads\/2022\/04\/Best-Electronic-Gadgets-Home-page.jpg","type":"image\/jpeg"}],"twitter_card":"summary_large_image","twitter_site":"@ThemeholtT","twitter_misc":{"Tiempo de lectura":"1 minuto"},"schema":{"@context":"https:\/\/schema.org","@graph":[{"@type":"WebPage","@id":"https:\/\/themeholt.com\/es\/product\/aparatos\/","url":"https:\/\/themeholt.com\/es\/product\/aparatos\/","name":"Temas premium para gadgets | Temas gratuitos de WordPress para gadgets","isPartOf":{"@id":"https:\/\/themeholt.com\/#website"},"primaryImageOfPage":{"@id":"https:\/\/themeholt.com\/es\/product\/aparatos\/#primaryimage"},"image":{"@id":"https:\/\/themeholt.com\/es\/product\/aparatos\/#primaryimage"},"thumbnailUrl":"https:\/\/themeholt.com\/wp-content\/uploads\/2022\/04\/Best-Electronic-Gadgets-Home-page.jpg","datePublished":"2022-04-21T19:20:53+00:00","dateModified":"2024-11-11T11:59:05+00:00","description":"Consigue los temas de WordPress perfectos para tu sitio web. Muestra tus gadgets, tecnolog\u00eda y m\u00e1s con estilo. F\u00e1cil configuraci\u00f3n y personalizaci\u00f3n. \u00a1C\u00f3mpralos ahora!","breadcrumb":{"@id":"https:\/\/themeholt.com\/es\/product\/aparatos\/#breadcrumb"},"inLanguage":"es","potentialAction":[{"@type":"ReadAction","target":["https:\/\/themeholt.com\/es\/product\/aparatos\/"]}]},{"@type":"ImageObject","inLanguage":"es","@id":"https:\/\/themeholt.com\/es\/product\/aparatos\/#primaryimage","url":"https:\/\/themeholt.com\/wp-content\/uploads\/2022\/04\/Best-Electronic-Gadgets-Home-page.jpg","contentUrl":"https:\/\/themeholt.com\/wp-content\/uploads\/2022\/04\/Best-Electronic-Gadgets-Home-page.jpg","width":1300,"height":1300},{"@type":"BreadcrumbList","@id":"https:\/\/themeholt.com\/es\/product\/aparatos\/#breadcrumb","itemListElement":[{"@type":"ListItem","position":1,"name":"Home","item":"https:\/\/themeholt.com\/es\/"},{"@type":"ListItem","position":2,"name":"Shop","item":"https:\/\/themeholt.com\/shop\/"},{"@type":"ListItem","position":3,"name":"Aparatos"}]},{"@type":"WebSite","@id":"https:\/\/themeholt.com\/#website","url":"https:\/\/themeholt.com\/","name":"ThemeHolt","description":"Themeholt is a website that offers high-quality WordPress themes","publisher":{"@id":"https:\/\/themeholt.com\/#organization"},"potentialAction":[{"@type":"SearchAction","target":{"@type":"EntryPoint","urlTemplate":"https:\/\/themeholt.com\/?s={search_term_string}"},"query-input":{"@type":"PropertyValueSpecification","valueRequired":true,"valueName":"search_term_string"}}],"inLanguage":"es"},{"@type":"Organization","@id":"https:\/\/themeholt.com\/#organization","name":"ThemeHolt","alternateName":"ThemeHolt","url":"https:\/\/themeholt.com\/","logo":{"@type":"ImageObject","inLanguage":"es","@id":"https:\/\/themeholt.com\/#\/schema\/logo\/image\/","url":"https:\/\/themeholt.com\/wp-content\/uploads\/2024\/10\/themeholt.png","contentUrl":"https:\/\/themeholt.com\/wp-content\/uploads\/2024\/10\/themeholt.png","width":225,"height":225,"caption":"ThemeHolt"},"image":{"@id":"https:\/\/themeholt.com\/#\/schema\/logo\/image\/"},"sameAs":["https:\/\/www.facebook.com\/themeholtT","https:\/\/x.com\/ThemeholtT","https:\/\/www.linkedin.com\/company\/themeholt","https:\/\/www.instagram.com\/themeholtt\/"],"description":"Themeholt is a website that offers high-quality WordPress themes that are easy to use and ready for just about everything. In Eindhoven, Netherlands, since 2020 offering simple, accessible WordPress themes by providing a variety of requirements. Themeholt focuses on practicality and efficiency, allowing faster project completion with its superior marketplace and easy-to-use templates.","legalName":"ThemeHolt","foundingDate":"2022-11-10","numberOfEmployees":{"@type":"QuantitativeValue","minValue":"51","maxValue":"200"}}]}},"_links":{"self":[{"href":"https:\/\/themeholt.com\/es\/wp-json\/wp\/v2\/product\/19244","targetHints":{"allow":["GET"]}}],"collection":[{"href":"https:\/\/themeholt.com\/es\/wp-json\/wp\/v2\/product"}],"about":[{"href":"https:\/\/themeholt.com\/es\/wp-json\/wp\/v2\/types\/product"}],"wp:featuredmedia":[{"embeddable":true,"href":"https:\/\/themeholt.com\/es\/wp-json\/wp\/v2\/media\/19245"}],"wp:attachment":[{"href":"https:\/\/themeholt.com\/es\/wp-json\/wp\/v2\/media?parent=19244"}],"wp:term":[{"taxonomy":"product_brand","embeddable":true,"href":"https:\/\/themeholt.com\/es\/wp-json\/wp\/v2\/product_brand?post=19244"},{"taxonomy":"product_cat","embeddable":true,"href":"https:\/\/themeholt.com\/es\/wp-json\/wp\/v2\/product_cat?post=19244"},{"taxonomy":"product_tag","embeddable":true,"href":"https:\/\/themeholt.com\/es\/wp-json\/wp\/v2\/product_tag?post=19244"}],"curies":[{"name":"wp","href":"https:\/\/api.w.org\/{rel}","templated":true}]}}