{"id":19391,"date":"2022-04-21T19:35:02","date_gmt":"2022-04-21T19:35:02","guid":{"rendered":"https:\/\/themeholt.com\/product\/construction\/"},"modified":"2024-11-12T06:49:22","modified_gmt":"2024-11-12T06:49:22","slug":"construccion","status":"publish","type":"product","link":"https:\/\/themeholt.com\/es\/product\/construccion\/","title":{"rendered":"Construcci\u00f3n"},"content":{"rendered":"<p><span style=\"font-weight: 400\">Con m\u00e1s de dos d\u00e9cadas de experiencia en contrataci\u00f3n y construcci\u00f3n, aportamos un amplio conocimiento y visi\u00f3n para brindar soluciones industriales integrales para sus pr\u00f3ximos proyectos de desarrollo. Al establecer una s\u00f3lida presencia en l\u00ednea, <\/span><b>Temas de WordPress para la construcci\u00f3n<\/b><span style=\"font-weight: 400\"> surge como una poderosa herramienta para empresas de construcci\u00f3n, contratistas, constructores y otras empresas dentro la industria de la construcci\u00f3n.<\/span><\/p>\n<p><span style=\"font-weight: 400\">Est\u00e1 dise\u00f1ado espec\u00edficamente para ofrecer una plataforma hermosa y f\u00e1cil de usar que muestra sus proyectos completados, promueve sus servicios y fomenta el compromiso con clientes y seguidores. Estos temas brindan una variedad de funciones y opciones de personalizaci\u00f3n, lo que le permite crear una experiencia \u00fanica y personalizada que se alinea con su marca y lo distingue de la competencia.<\/span><\/p>\n","protected":false},"excerpt":{"rendered":"<ul>\n<li style=\"font-weight: 400\"><span style=\"font-weight: 400\">Dise\u00f1o totalmente responsivo<\/span><\/li>\n<li style=\"font-weight: 400\"><span style=\"font-weight: 400\">Interfaz frontal clara y sencilla<\/span><\/li>\n<li style=\"font-weight: 400\"><span style=\"font-weight: 400\">30 plantillas de p\u00e1ginas de demostraci\u00f3n<\/span><\/li>\n<li style=\"font-weight: 400\"><span style=\"font-weight: 400\">Google Maps f\u00e1cil de configurar<\/span><\/li>\n<li style=\"font-weight: 400\"><span style=\"font-weight: 400\">Bien documentado<\/span><\/li>\n<li style=\"font-weight: 400\"><span style=\"font-weight: 400\">Dise\u00f1o profesional<\/span><\/li>\n<li style=\"font-weight: 400\"><span style=\"font-weight: 400\">Dise\u00f1o adaptable<\/span><\/li>\n<li style=\"font-weight: 400\"><span style=\"font-weight: 400\">Cartera de proyectos<\/span><\/li>\n<li style=\"font-weight: 400\"><span style=\"font-weight: 400\">P\u00e1ginas de servicio<\/span><\/li>\n<li style=\"font-weight: 400\"><span style=\"font-weight: 400\">Capacidades de blogs<\/span><\/li>\n<li style=\"font-weight: 400\"><span style=\"font-weight: 400\">Optimizaci\u00f3n SEO<\/span><\/li>\n<li style=\"font-weight: 400\"><span style=\"font-weight: 400\">Integraci\u00f3n de redes sociales<\/span><\/li>\n<li style=\"font-weight: 400\"><span style=\"font-weight: 400\">Opciones de personalizaci\u00f3n<\/span><\/li>\n<li style=\"font-weight: 400\"><span style=\"font-weight: 400\">Soporte continuo y actualizacionesFormularios de contacto<br \/>\n<\/span><\/li>\n<\/ul>\n","protected":false},"featured_media":19392,"template":"","meta":{"_acf_changed":false,"inline_featured_image":false},"product_brand":[],"product_cat":[1884],"product_tag":[2031,2032,2033],"class_list":{"0":"post-19391","1":"product","2":"type-product","3":"status-publish","4":"has-post-thumbnail","6":"product_cat-best-seller-es","7":"product_tag-best-construction-templates-es","8":"product_tag-construction-es","9":"product_tag-construction-themes-es","11":"first","12":"instock","13":"sale","14":"downloadable","15":"taxable","16":"shipping-taxable","17":"purchasable","18":"product-type-simple"},"acf":[],"yoast_head":"<!-- This site is optimized with the Yoast SEO Premium plugin v22.1 (Yoast SEO v26.0) - https:\/\/yoast.com\/wordpress\/plugins\/seo\/ -->\n<title>Las mejores plantillas de construcci\u00f3n | Temas de WordPress para construcci\u00f3n<\/title>\n<meta name=\"description\" content=\"Explora temas premium de WordPress para construcci\u00f3n para tu proyecto. Encuentre herramientas potentes, dise\u00f1os y plantillas impresionantes para su sitio web de construcci\u00f3n. \u00a1Empiece hoy!\" \/>\n<meta name=\"robots\" content=\"index, follow, max-snippet:-1, max-image-preview:large, max-video-preview:-1\" \/>\n<link rel=\"canonical\" href=\"https:\/\/themeholt.com\/es\/product\/construccion\/\" \/>\n<meta property=\"og:locale\" content=\"es_ES\" \/>\n<meta property=\"og:type\" content=\"article\" \/>\n<meta property=\"og:title\" content=\"Construcci\u00f3n\" \/>\n<meta property=\"og:description\" content=\"Explora temas premium de WordPress para construcci\u00f3n para tu proyecto. Encuentre herramientas potentes, dise\u00f1os y plantillas impresionantes para su sitio web de construcci\u00f3n. \u00a1Empiece hoy!\" \/>\n<meta property=\"og:url\" content=\"https:\/\/themeholt.com\/es\/product\/construccion\/\" \/>\n<meta property=\"og:site_name\" content=\"ThemeHolt\" \/>\n<meta property=\"article:publisher\" content=\"https:\/\/www.facebook.com\/themeholtT\" \/>\n<meta property=\"article:modified_time\" content=\"2024-11-12T06:49:22+00:00\" \/>\n<meta property=\"og:image\" content=\"https:\/\/themeholt.com\/wp-content\/uploads\/2022\/04\/construction-Companies-theme.jpg\" \/>\n\t<meta property=\"og:image:width\" content=\"1300\" \/>\n\t<meta property=\"og:image:height\" content=\"1300\" \/>\n\t<meta property=\"og:image:type\" content=\"image\/jpeg\" \/>\n<meta name=\"twitter:card\" content=\"summary_large_image\" \/>\n<meta name=\"twitter:site\" content=\"@ThemeholtT\" \/>\n<meta name=\"twitter:label1\" content=\"Tiempo de lectura\" \/>\n\t<meta name=\"twitter:data1\" content=\"1 minuto\" \/>\n<script type=\"application\/ld+json\" class=\"yoast-schema-graph\">{\"@context\":\"https:\/\/schema.org\",\"@graph\":[{\"@type\":\"WebPage\",\"@id\":\"https:\/\/themeholt.com\/es\/product\/construccion\/\",\"url\":\"https:\/\/themeholt.com\/es\/product\/construccion\/\",\"name\":\"Las mejores plantillas de construcci\u00f3n | Temas de WordPress para construcci\u00f3n\",\"isPartOf\":{\"@id\":\"https:\/\/themeholt.com\/#website\"},\"primaryImageOfPage\":{\"@id\":\"https:\/\/themeholt.com\/es\/product\/construccion\/#primaryimage\"},\"image\":{\"@id\":\"https:\/\/themeholt.com\/es\/product\/construccion\/#primaryimage\"},\"thumbnailUrl\":\"https:\/\/themeholt.com\/wp-content\/uploads\/2022\/04\/construction-Companies-theme.jpg\",\"datePublished\":\"2022-04-21T19:35:02+00:00\",\"dateModified\":\"2024-11-12T06:49:22+00:00\",\"description\":\"Explora temas premium de WordPress para construcci\u00f3n para tu proyecto. Encuentre herramientas potentes, dise\u00f1os y plantillas impresionantes para su sitio web de construcci\u00f3n. \u00a1Empiece hoy!\",\"breadcrumb\":{\"@id\":\"https:\/\/themeholt.com\/es\/product\/construccion\/#breadcrumb\"},\"inLanguage\":\"es\",\"potentialAction\":[{\"@type\":\"ReadAction\",\"target\":[\"https:\/\/themeholt.com\/es\/product\/construccion\/\"]}]},{\"@type\":\"ImageObject\",\"inLanguage\":\"es\",\"@id\":\"https:\/\/themeholt.com\/es\/product\/construccion\/#primaryimage\",\"url\":\"https:\/\/themeholt.com\/wp-content\/uploads\/2022\/04\/construction-Companies-theme.jpg\",\"contentUrl\":\"https:\/\/themeholt.com\/wp-content\/uploads\/2022\/04\/construction-Companies-theme.jpg\",\"width\":1300,\"height\":1300},{\"@type\":\"BreadcrumbList\",\"@id\":\"https:\/\/themeholt.com\/es\/product\/construccion\/#breadcrumb\",\"itemListElement\":[{\"@type\":\"ListItem\",\"position\":1,\"name\":\"Home\",\"item\":\"https:\/\/themeholt.com\/es\/\"},{\"@type\":\"ListItem\",\"position\":2,\"name\":\"Shop\",\"item\":\"https:\/\/themeholt.com\/shop\/\"},{\"@type\":\"ListItem\",\"position\":3,\"name\":\"Construcci\u00f3n\"}]},{\"@type\":\"WebSite\",\"@id\":\"https:\/\/themeholt.com\/#website\",\"url\":\"https:\/\/themeholt.com\/\",\"name\":\"ThemeHolt\",\"description\":\"Themeholt is a website that offers high-quality WordPress themes\",\"publisher\":{\"@id\":\"https:\/\/themeholt.com\/#organization\"},\"potentialAction\":[{\"@type\":\"SearchAction\",\"target\":{\"@type\":\"EntryPoint\",\"urlTemplate\":\"https:\/\/themeholt.com\/?s={search_term_string}\"},\"query-input\":{\"@type\":\"PropertyValueSpecification\",\"valueRequired\":true,\"valueName\":\"search_term_string\"}}],\"inLanguage\":\"es\"},{\"@type\":\"Organization\",\"@id\":\"https:\/\/themeholt.com\/#organization\",\"name\":\"ThemeHolt\",\"alternateName\":\"ThemeHolt\",\"url\":\"https:\/\/themeholt.com\/\",\"logo\":{\"@type\":\"ImageObject\",\"inLanguage\":\"es\",\"@id\":\"https:\/\/themeholt.com\/#\/schema\/logo\/image\/\",\"url\":\"https:\/\/themeholt.com\/wp-content\/uploads\/2024\/10\/themeholt.png\",\"contentUrl\":\"https:\/\/themeholt.com\/wp-content\/uploads\/2024\/10\/themeholt.png\",\"width\":225,\"height\":225,\"caption\":\"ThemeHolt\"},\"image\":{\"@id\":\"https:\/\/themeholt.com\/#\/schema\/logo\/image\/\"},\"sameAs\":[\"https:\/\/www.facebook.com\/themeholtT\",\"https:\/\/x.com\/ThemeholtT\",\"https:\/\/www.linkedin.com\/company\/themeholt\",\"https:\/\/www.instagram.com\/themeholtt\/\"],\"description\":\"Themeholt is a website that offers high-quality WordPress themes that are easy to use and ready for just about everything. In Eindhoven, Netherlands, since 2020 offering simple, accessible WordPress themes by providing a variety of requirements. Themeholt focuses on practicality and efficiency, allowing faster project completion with its superior marketplace and easy-to-use templates.\",\"legalName\":\"ThemeHolt\",\"foundingDate\":\"2022-11-10\",\"numberOfEmployees\":{\"@type\":\"QuantitativeValue\",\"minValue\":\"51\",\"maxValue\":\"200\"}}]}<\/script>\n<!-- \/ Yoast SEO Premium plugin. -->","yoast_head_json":{"title":"Las mejores plantillas de construcci\u00f3n | Temas de WordPress para construcci\u00f3n","description":"Explora temas premium de WordPress para construcci\u00f3n para tu proyecto. Encuentre herramientas potentes, dise\u00f1os y plantillas impresionantes para su sitio web de construcci\u00f3n. \u00a1Empiece hoy!","robots":{"index":"index","follow":"follow","max-snippet":"max-snippet:-1","max-image-preview":"max-image-preview:large","max-video-preview":"max-video-preview:-1"},"canonical":"https:\/\/themeholt.com\/es\/product\/construccion\/","og_locale":"es_ES","og_type":"article","og_title":"Construcci\u00f3n","og_description":"Explora temas premium de WordPress para construcci\u00f3n para tu proyecto. Encuentre herramientas potentes, dise\u00f1os y plantillas impresionantes para su sitio web de construcci\u00f3n. \u00a1Empiece hoy!","og_url":"https:\/\/themeholt.com\/es\/product\/construccion\/","og_site_name":"ThemeHolt","article_publisher":"https:\/\/www.facebook.com\/themeholtT","article_modified_time":"2024-11-12T06:49:22+00:00","og_image":[{"width":1300,"height":1300,"url":"https:\/\/themeholt.com\/wp-content\/uploads\/2022\/04\/construction-Companies-theme.jpg","type":"image\/jpeg"}],"twitter_card":"summary_large_image","twitter_site":"@ThemeholtT","twitter_misc":{"Tiempo de lectura":"1 minuto"},"schema":{"@context":"https:\/\/schema.org","@graph":[{"@type":"WebPage","@id":"https:\/\/themeholt.com\/es\/product\/construccion\/","url":"https:\/\/themeholt.com\/es\/product\/construccion\/","name":"Las mejores plantillas de construcci\u00f3n | Temas de WordPress para construcci\u00f3n","isPartOf":{"@id":"https:\/\/themeholt.com\/#website"},"primaryImageOfPage":{"@id":"https:\/\/themeholt.com\/es\/product\/construccion\/#primaryimage"},"image":{"@id":"https:\/\/themeholt.com\/es\/product\/construccion\/#primaryimage"},"thumbnailUrl":"https:\/\/themeholt.com\/wp-content\/uploads\/2022\/04\/construction-Companies-theme.jpg","datePublished":"2022-04-21T19:35:02+00:00","dateModified":"2024-11-12T06:49:22+00:00","description":"Explora temas premium de WordPress para construcci\u00f3n para tu proyecto. Encuentre herramientas potentes, dise\u00f1os y plantillas impresionantes para su sitio web de construcci\u00f3n. \u00a1Empiece hoy!","breadcrumb":{"@id":"https:\/\/themeholt.com\/es\/product\/construccion\/#breadcrumb"},"inLanguage":"es","potentialAction":[{"@type":"ReadAction","target":["https:\/\/themeholt.com\/es\/product\/construccion\/"]}]},{"@type":"ImageObject","inLanguage":"es","@id":"https:\/\/themeholt.com\/es\/product\/construccion\/#primaryimage","url":"https:\/\/themeholt.com\/wp-content\/uploads\/2022\/04\/construction-Companies-theme.jpg","contentUrl":"https:\/\/themeholt.com\/wp-content\/uploads\/2022\/04\/construction-Companies-theme.jpg","width":1300,"height":1300},{"@type":"BreadcrumbList","@id":"https:\/\/themeholt.com\/es\/product\/construccion\/#breadcrumb","itemListElement":[{"@type":"ListItem","position":1,"name":"Home","item":"https:\/\/themeholt.com\/es\/"},{"@type":"ListItem","position":2,"name":"Shop","item":"https:\/\/themeholt.com\/shop\/"},{"@type":"ListItem","position":3,"name":"Construcci\u00f3n"}]},{"@type":"WebSite","@id":"https:\/\/themeholt.com\/#website","url":"https:\/\/themeholt.com\/","name":"ThemeHolt","description":"Themeholt is a website that offers high-quality WordPress themes","publisher":{"@id":"https:\/\/themeholt.com\/#organization"},"potentialAction":[{"@type":"SearchAction","target":{"@type":"EntryPoint","urlTemplate":"https:\/\/themeholt.com\/?s={search_term_string}"},"query-input":{"@type":"PropertyValueSpecification","valueRequired":true,"valueName":"search_term_string"}}],"inLanguage":"es"},{"@type":"Organization","@id":"https:\/\/themeholt.com\/#organization","name":"ThemeHolt","alternateName":"ThemeHolt","url":"https:\/\/themeholt.com\/","logo":{"@type":"ImageObject","inLanguage":"es","@id":"https:\/\/themeholt.com\/#\/schema\/logo\/image\/","url":"https:\/\/themeholt.com\/wp-content\/uploads\/2024\/10\/themeholt.png","contentUrl":"https:\/\/themeholt.com\/wp-content\/uploads\/2024\/10\/themeholt.png","width":225,"height":225,"caption":"ThemeHolt"},"image":{"@id":"https:\/\/themeholt.com\/#\/schema\/logo\/image\/"},"sameAs":["https:\/\/www.facebook.com\/themeholtT","https:\/\/x.com\/ThemeholtT","https:\/\/www.linkedin.com\/company\/themeholt","https:\/\/www.instagram.com\/themeholtt\/"],"description":"Themeholt is a website that offers high-quality WordPress themes that are easy to use and ready for just about everything. In Eindhoven, Netherlands, since 2020 offering simple, accessible WordPress themes by providing a variety of requirements. Themeholt focuses on practicality and efficiency, allowing faster project completion with its superior marketplace and easy-to-use templates.","legalName":"ThemeHolt","foundingDate":"2022-11-10","numberOfEmployees":{"@type":"QuantitativeValue","minValue":"51","maxValue":"200"}}]}},"_links":{"self":[{"href":"https:\/\/themeholt.com\/es\/wp-json\/wp\/v2\/product\/19391","targetHints":{"allow":["GET"]}}],"collection":[{"href":"https:\/\/themeholt.com\/es\/wp-json\/wp\/v2\/product"}],"about":[{"href":"https:\/\/themeholt.com\/es\/wp-json\/wp\/v2\/types\/product"}],"wp:featuredmedia":[{"embeddable":true,"href":"https:\/\/themeholt.com\/es\/wp-json\/wp\/v2\/media\/19392"}],"wp:attachment":[{"href":"https:\/\/themeholt.com\/es\/wp-json\/wp\/v2\/media?parent=19391"}],"wp:term":[{"taxonomy":"product_brand","embeddable":true,"href":"https:\/\/themeholt.com\/es\/wp-json\/wp\/v2\/product_brand?post=19391"},{"taxonomy":"product_cat","embeddable":true,"href":"https:\/\/themeholt.com\/es\/wp-json\/wp\/v2\/product_cat?post=19391"},{"taxonomy":"product_tag","embeddable":true,"href":"https:\/\/themeholt.com\/es\/wp-json\/wp\/v2\/product_tag?post=19391"}],"curies":[{"name":"wp","href":"https:\/\/api.w.org\/{rel}","templated":true}]}}