{"id":19399,"date":"2022-04-22T13:01:50","date_gmt":"2022-04-22T13:01:50","guid":{"rendered":"https:\/\/themeholt.com\/product\/agency-3\/"},"modified":"2024-11-12T06:58:23","modified_gmt":"2024-11-12T06:58:23","slug":"agentes-3","status":"publish","type":"product","link":"https:\/\/themeholt.com\/es\/product\/agentes-3\/","title":{"rendered":"Agentes 3"},"content":{"rendered":"<p><span style=\"font-weight: 400\">Bienvenido al mundo de Agency 3, donde la creatividad se une a la funcionalidad en <\/span><b>Los mejores temas de WordPress de Agency 3<\/b><span style=\"font-weight: 400\">. Si eres una agencia que busca la plataforma perfecta para mostrar tu trabajo y cautivar a tu audiencia, no busques m\u00e1s. Agency 3 ofrece muchas funciones y opciones de personalizaci\u00f3n, lo que la convierte en una de las mejores opciones para agencias de todo tipo.<\/span><\/p>\n<p><span style=\"font-weight: 400\">Una de las caracter\u00edsticas destacadas de Agency 3 son sus impresionantes dise\u00f1os de cartera. Con m\u00faltiples opciones, puede mostrar sus proyectos sin esfuerzo de una manera visualmente atractiva y organizada. Ya sea que prefiera galer\u00edas basadas en cuadr\u00edculas, pantallas estilo mamposter\u00eda o incluso controles deslizantes interactivos, Ultra WordPress Agency 3 Themes lo cubre. Este tema brinda la flexibilidad de presentar su trabajo de una manera que realmente represente el estilo y la est\u00e9tica \u00fanicos de su agencia.<\/span><\/p>\n","protected":false},"excerpt":{"rendered":"<ul>\n<li>P\u00e1ginas de servicio<\/li>\n<li>Capacidades de blogs<\/li>\n<li>Optimizaci\u00f3n SEO<\/li>\n<li>Integraci\u00f3n de redes sociales<\/li>\n<li>Opciones de personalizaci\u00f3n<\/li>\n<li>Estudios de caso<\/li>\n<li>Soporte y actualizaciones continuos<\/li>\n<li>Miembros del equipo<\/li>\n<li>Testimonios<\/li>\n<li>Tablas de precios<\/li>\n<li>Formularios de contacto<\/li>\n<li>Integraci\u00f3n con herramientas de gesti\u00f3n de proyectos<\/li>\n<li>Widgets personalizados<\/li>\n<li>Inicio de sesi\u00f3n de cliente<\/li>\n<\/ul>\n","protected":false},"featured_media":19401,"template":"","meta":{"_acf_changed":false,"inline_featured_image":false},"product_brand":[],"product_cat":[1905],"product_tag":[2036,2037,2038,2039],"class_list":{"0":"post-19399","1":"product","2":"type-product","3":"status-publish","4":"has-post-thumbnail","6":"product_cat-premium-themes-es","7":"product_tag-advance-business-themes-es","8":"product_tag-business-es","9":"product_tag-business-wordpress-themes-es","10":"product_tag-themes-for-bussiness-event-es","12":"first","13":"instock","14":"sale","15":"downloadable","16":"taxable","17":"shipping-taxable","18":"purchasable","19":"product-type-simple"},"acf":[],"yoast_head":"<!-- This site is optimized with the Yoast SEO Premium plugin v22.1 (Yoast SEO v26.0) - https:\/\/yoast.com\/wordpress\/plugins\/seo\/ -->\n<title>Agentes Temas de WordPress | Plantillas de sitios web para agentes<\/title>\n<meta name=\"description\" content=\"Explore las mejores plantillas de sitios web de agencias para el sitio web de su agencia. Mire nuestros temas simples, elegantes y f\u00e1ciles de usar que son perfectos para agencias. \u00a1Compra ahora!\" \/>\n<meta name=\"robots\" content=\"index, follow, max-snippet:-1, max-image-preview:large, max-video-preview:-1\" \/>\n<link rel=\"canonical\" href=\"https:\/\/themeholt.com\/es\/product\/agentes-3\/\" \/>\n<meta property=\"og:locale\" content=\"es_ES\" \/>\n<meta property=\"og:type\" content=\"article\" \/>\n<meta property=\"og:title\" content=\"Agentes 3\" \/>\n<meta property=\"og:description\" content=\"Explore las mejores plantillas de sitios web de agencias para el sitio web de su agencia. Mire nuestros temas simples, elegantes y f\u00e1ciles de usar que son perfectos para agencias. \u00a1Compra ahora!\" \/>\n<meta property=\"og:url\" content=\"https:\/\/themeholt.com\/es\/product\/agentes-3\/\" \/>\n<meta property=\"og:site_name\" content=\"ThemeHolt\" \/>\n<meta property=\"article:publisher\" content=\"https:\/\/www.facebook.com\/themeholtT\" \/>\n<meta property=\"article:modified_time\" content=\"2024-11-12T06:58:23+00:00\" \/>\n<meta property=\"og:image\" content=\"https:\/\/themeholt.com\/wp-content\/uploads\/2022\/04\/Website-Builder-Theme-1.jpg\" \/>\n\t<meta property=\"og:image:width\" content=\"1300\" \/>\n\t<meta property=\"og:image:height\" content=\"1300\" \/>\n\t<meta property=\"og:image:type\" content=\"image\/jpeg\" \/>\n<meta name=\"twitter:card\" content=\"summary_large_image\" \/>\n<meta name=\"twitter:site\" content=\"@ThemeholtT\" \/>\n<meta name=\"twitter:label1\" content=\"Tiempo de lectura\" \/>\n\t<meta name=\"twitter:data1\" content=\"1 minuto\" \/>\n<script type=\"application\/ld+json\" class=\"yoast-schema-graph\">{\"@context\":\"https:\/\/schema.org\",\"@graph\":[{\"@type\":\"WebPage\",\"@id\":\"https:\/\/themeholt.com\/es\/product\/agentes-3\/\",\"url\":\"https:\/\/themeholt.com\/es\/product\/agentes-3\/\",\"name\":\"Agentes Temas de WordPress | Plantillas de sitios web para agentes\",\"isPartOf\":{\"@id\":\"https:\/\/themeholt.com\/#website\"},\"primaryImageOfPage\":{\"@id\":\"https:\/\/themeholt.com\/es\/product\/agentes-3\/#primaryimage\"},\"image\":{\"@id\":\"https:\/\/themeholt.com\/es\/product\/agentes-3\/#primaryimage\"},\"thumbnailUrl\":\"https:\/\/themeholt.com\/wp-content\/uploads\/2022\/04\/Website-Builder-Theme-1.jpg\",\"datePublished\":\"2022-04-22T13:01:50+00:00\",\"dateModified\":\"2024-11-12T06:58:23+00:00\",\"description\":\"Explore las mejores plantillas de sitios web de agencias para el sitio web de su agencia. Mire nuestros temas simples, elegantes y f\u00e1ciles de usar que son perfectos para agencias. \u00a1Compra ahora!\",\"breadcrumb\":{\"@id\":\"https:\/\/themeholt.com\/es\/product\/agentes-3\/#breadcrumb\"},\"inLanguage\":\"es\",\"potentialAction\":[{\"@type\":\"ReadAction\",\"target\":[\"https:\/\/themeholt.com\/es\/product\/agentes-3\/\"]}]},{\"@type\":\"ImageObject\",\"inLanguage\":\"es\",\"@id\":\"https:\/\/themeholt.com\/es\/product\/agentes-3\/#primaryimage\",\"url\":\"https:\/\/themeholt.com\/wp-content\/uploads\/2022\/04\/Website-Builder-Theme-1.jpg\",\"contentUrl\":\"https:\/\/themeholt.com\/wp-content\/uploads\/2022\/04\/Website-Builder-Theme-1.jpg\",\"width\":1300,\"height\":1300},{\"@type\":\"BreadcrumbList\",\"@id\":\"https:\/\/themeholt.com\/es\/product\/agentes-3\/#breadcrumb\",\"itemListElement\":[{\"@type\":\"ListItem\",\"position\":1,\"name\":\"Home\",\"item\":\"https:\/\/themeholt.com\/es\/\"},{\"@type\":\"ListItem\",\"position\":2,\"name\":\"Shop\",\"item\":\"https:\/\/themeholt.com\/shop\/\"},{\"@type\":\"ListItem\",\"position\":3,\"name\":\"Agentes 3\"}]},{\"@type\":\"WebSite\",\"@id\":\"https:\/\/themeholt.com\/#website\",\"url\":\"https:\/\/themeholt.com\/\",\"name\":\"ThemeHolt\",\"description\":\"Themeholt is a website that offers high-quality WordPress themes\",\"publisher\":{\"@id\":\"https:\/\/themeholt.com\/#organization\"},\"potentialAction\":[{\"@type\":\"SearchAction\",\"target\":{\"@type\":\"EntryPoint\",\"urlTemplate\":\"https:\/\/themeholt.com\/?s={search_term_string}\"},\"query-input\":{\"@type\":\"PropertyValueSpecification\",\"valueRequired\":true,\"valueName\":\"search_term_string\"}}],\"inLanguage\":\"es\"},{\"@type\":\"Organization\",\"@id\":\"https:\/\/themeholt.com\/#organization\",\"name\":\"ThemeHolt\",\"alternateName\":\"ThemeHolt\",\"url\":\"https:\/\/themeholt.com\/\",\"logo\":{\"@type\":\"ImageObject\",\"inLanguage\":\"es\",\"@id\":\"https:\/\/themeholt.com\/#\/schema\/logo\/image\/\",\"url\":\"https:\/\/themeholt.com\/wp-content\/uploads\/2024\/10\/themeholt.png\",\"contentUrl\":\"https:\/\/themeholt.com\/wp-content\/uploads\/2024\/10\/themeholt.png\",\"width\":225,\"height\":225,\"caption\":\"ThemeHolt\"},\"image\":{\"@id\":\"https:\/\/themeholt.com\/#\/schema\/logo\/image\/\"},\"sameAs\":[\"https:\/\/www.facebook.com\/themeholtT\",\"https:\/\/x.com\/ThemeholtT\",\"https:\/\/www.linkedin.com\/company\/themeholt\",\"https:\/\/www.instagram.com\/themeholtt\/\"],\"description\":\"Themeholt is a website that offers high-quality WordPress themes that are easy to use and ready for just about everything. In Eindhoven, Netherlands, since 2020 offering simple, accessible WordPress themes by providing a variety of requirements. Themeholt focuses on practicality and efficiency, allowing faster project completion with its superior marketplace and easy-to-use templates.\",\"legalName\":\"ThemeHolt\",\"foundingDate\":\"2022-11-10\",\"numberOfEmployees\":{\"@type\":\"QuantitativeValue\",\"minValue\":\"51\",\"maxValue\":\"200\"}}]}<\/script>\n<!-- \/ Yoast SEO Premium plugin. -->","yoast_head_json":{"title":"Agentes Temas de WordPress | Plantillas de sitios web para agentes","description":"Explore las mejores plantillas de sitios web de agencias para el sitio web de su agencia. Mire nuestros temas simples, elegantes y f\u00e1ciles de usar que son perfectos para agencias. \u00a1Compra ahora!","robots":{"index":"index","follow":"follow","max-snippet":"max-snippet:-1","max-image-preview":"max-image-preview:large","max-video-preview":"max-video-preview:-1"},"canonical":"https:\/\/themeholt.com\/es\/product\/agentes-3\/","og_locale":"es_ES","og_type":"article","og_title":"Agentes 3","og_description":"Explore las mejores plantillas de sitios web de agencias para el sitio web de su agencia. Mire nuestros temas simples, elegantes y f\u00e1ciles de usar que son perfectos para agencias. \u00a1Compra ahora!","og_url":"https:\/\/themeholt.com\/es\/product\/agentes-3\/","og_site_name":"ThemeHolt","article_publisher":"https:\/\/www.facebook.com\/themeholtT","article_modified_time":"2024-11-12T06:58:23+00:00","og_image":[{"width":1300,"height":1300,"url":"https:\/\/themeholt.com\/wp-content\/uploads\/2022\/04\/Website-Builder-Theme-1.jpg","type":"image\/jpeg"}],"twitter_card":"summary_large_image","twitter_site":"@ThemeholtT","twitter_misc":{"Tiempo de lectura":"1 minuto"},"schema":{"@context":"https:\/\/schema.org","@graph":[{"@type":"WebPage","@id":"https:\/\/themeholt.com\/es\/product\/agentes-3\/","url":"https:\/\/themeholt.com\/es\/product\/agentes-3\/","name":"Agentes Temas de WordPress | Plantillas de sitios web para agentes","isPartOf":{"@id":"https:\/\/themeholt.com\/#website"},"primaryImageOfPage":{"@id":"https:\/\/themeholt.com\/es\/product\/agentes-3\/#primaryimage"},"image":{"@id":"https:\/\/themeholt.com\/es\/product\/agentes-3\/#primaryimage"},"thumbnailUrl":"https:\/\/themeholt.com\/wp-content\/uploads\/2022\/04\/Website-Builder-Theme-1.jpg","datePublished":"2022-04-22T13:01:50+00:00","dateModified":"2024-11-12T06:58:23+00:00","description":"Explore las mejores plantillas de sitios web de agencias para el sitio web de su agencia. Mire nuestros temas simples, elegantes y f\u00e1ciles de usar que son perfectos para agencias. \u00a1Compra ahora!","breadcrumb":{"@id":"https:\/\/themeholt.com\/es\/product\/agentes-3\/#breadcrumb"},"inLanguage":"es","potentialAction":[{"@type":"ReadAction","target":["https:\/\/themeholt.com\/es\/product\/agentes-3\/"]}]},{"@type":"ImageObject","inLanguage":"es","@id":"https:\/\/themeholt.com\/es\/product\/agentes-3\/#primaryimage","url":"https:\/\/themeholt.com\/wp-content\/uploads\/2022\/04\/Website-Builder-Theme-1.jpg","contentUrl":"https:\/\/themeholt.com\/wp-content\/uploads\/2022\/04\/Website-Builder-Theme-1.jpg","width":1300,"height":1300},{"@type":"BreadcrumbList","@id":"https:\/\/themeholt.com\/es\/product\/agentes-3\/#breadcrumb","itemListElement":[{"@type":"ListItem","position":1,"name":"Home","item":"https:\/\/themeholt.com\/es\/"},{"@type":"ListItem","position":2,"name":"Shop","item":"https:\/\/themeholt.com\/shop\/"},{"@type":"ListItem","position":3,"name":"Agentes 3"}]},{"@type":"WebSite","@id":"https:\/\/themeholt.com\/#website","url":"https:\/\/themeholt.com\/","name":"ThemeHolt","description":"Themeholt is a website that offers high-quality WordPress themes","publisher":{"@id":"https:\/\/themeholt.com\/#organization"},"potentialAction":[{"@type":"SearchAction","target":{"@type":"EntryPoint","urlTemplate":"https:\/\/themeholt.com\/?s={search_term_string}"},"query-input":{"@type":"PropertyValueSpecification","valueRequired":true,"valueName":"search_term_string"}}],"inLanguage":"es"},{"@type":"Organization","@id":"https:\/\/themeholt.com\/#organization","name":"ThemeHolt","alternateName":"ThemeHolt","url":"https:\/\/themeholt.com\/","logo":{"@type":"ImageObject","inLanguage":"es","@id":"https:\/\/themeholt.com\/#\/schema\/logo\/image\/","url":"https:\/\/themeholt.com\/wp-content\/uploads\/2024\/10\/themeholt.png","contentUrl":"https:\/\/themeholt.com\/wp-content\/uploads\/2024\/10\/themeholt.png","width":225,"height":225,"caption":"ThemeHolt"},"image":{"@id":"https:\/\/themeholt.com\/#\/schema\/logo\/image\/"},"sameAs":["https:\/\/www.facebook.com\/themeholtT","https:\/\/x.com\/ThemeholtT","https:\/\/www.linkedin.com\/company\/themeholt","https:\/\/www.instagram.com\/themeholtt\/"],"description":"Themeholt is a website that offers high-quality WordPress themes that are easy to use and ready for just about everything. In Eindhoven, Netherlands, since 2020 offering simple, accessible WordPress themes by providing a variety of requirements. Themeholt focuses on practicality and efficiency, allowing faster project completion with its superior marketplace and easy-to-use templates.","legalName":"ThemeHolt","foundingDate":"2022-11-10","numberOfEmployees":{"@type":"QuantitativeValue","minValue":"51","maxValue":"200"}}]}},"_links":{"self":[{"href":"https:\/\/themeholt.com\/es\/wp-json\/wp\/v2\/product\/19399","targetHints":{"allow":["GET"]}}],"collection":[{"href":"https:\/\/themeholt.com\/es\/wp-json\/wp\/v2\/product"}],"about":[{"href":"https:\/\/themeholt.com\/es\/wp-json\/wp\/v2\/types\/product"}],"wp:featuredmedia":[{"embeddable":true,"href":"https:\/\/themeholt.com\/es\/wp-json\/wp\/v2\/media\/19401"}],"wp:attachment":[{"href":"https:\/\/themeholt.com\/es\/wp-json\/wp\/v2\/media?parent=19399"}],"wp:term":[{"taxonomy":"product_brand","embeddable":true,"href":"https:\/\/themeholt.com\/es\/wp-json\/wp\/v2\/product_brand?post=19399"},{"taxonomy":"product_cat","embeddable":true,"href":"https:\/\/themeholt.com\/es\/wp-json\/wp\/v2\/product_cat?post=19399"},{"taxonomy":"product_tag","embeddable":true,"href":"https:\/\/themeholt.com\/es\/wp-json\/wp\/v2\/product_tag?post=19399"}],"curies":[{"name":"wp","href":"https:\/\/api.w.org\/{rel}","templated":true}]}}