{"id":19409,"date":"2022-04-21T19:33:10","date_gmt":"2022-04-21T19:33:10","guid":{"rendered":"https:\/\/themeholt.com\/product\/yoga\/"},"modified":"2024-11-12T07:04:00","modified_gmt":"2024-11-12T07:04:00","slug":"yoga","status":"publish","type":"product","link":"https:\/\/themeholt.com\/es\/product\/yoga\/","title":{"rendered":"Yoga"},"content":{"rendered":"<p><span style=\"font-weight: 400\">Bienvenido al mundo de los <\/span><b>Temas de WordPress para yoga<\/b><span style=\"font-weight: 400\">, donde la tranquilidad se une a la vanguardia dise\u00f1o y funcionalidad. Presentamos Focus Yoga, el tema definitivo para yoguis y entusiastas del bienestar que buscan crear una presencia online inspiradora.<\/span><\/p>\n<p><span style=\"font-weight: 400\">Con su dise\u00f1o sereno y armonioso, <\/span><b>Los mejores temas de WordPress para yoga <\/b><span style=\"font-weight: 400\">crea el ambiente perfecto para tu blog de yoga. El tema ofrece una amplia gama de dise\u00f1os personalizables, lo que le permite mostrar sus art\u00edculos, tutoriales e ideas de manera hermosa. Ya seas un instructor de yoga experimentado o un practicante apasionado, Focus Yoga proporciona la plataforma ideal para compartir tus conocimientos e inspirar a otros.<\/span><\/p>\n<p><span style=\"font-weight: 400\">Lo que hace que Yoga sea realmente extraordinario es su enfoque en la experiencia y el compromiso del usuario. El tema es totalmente responsivo, lo que garantiza que su contenido se vea impresionante en todos los dispositivos, desde computadoras de escritorio hasta tel\u00e9fonos m\u00f3viles. Los usuarios pueden disfrutar de una navegaci\u00f3n fluida y acceder f\u00e1cilmente a su valioso contenido, mejorando su experiencia general y devolvi\u00e9ndolos por m\u00e1s.<\/span><\/p>\n","protected":false},"excerpt":{"rendered":"<ul>\n<li>Biblioteca de posturas de yoga<\/li>\n<li>Tienda en l\u00ednea<\/li>\n<li>P\u00e1ginas personalizables<\/li>\n<li>Gesti\u00f3n de eventos<\/li>\n<li>Gesti\u00f3n de membres\u00eda<\/li>\n<li>Integraci\u00f3n de v\u00eddeo<\/li>\n<li>Construcci\u00f3n comunitaria<\/li>\n<li>Opciones de personalizaci\u00f3n<\/li>\n<li>Soporte y actualizaciones continuos<\/li>\n<li>Testimonios y rese\u00f1as<\/li>\n<\/ul>\n","protected":false},"featured_media":19412,"template":"","meta":{"_acf_changed":false,"inline_featured_image":false},"product_brand":[],"product_cat":[1895],"product_tag":[2040,2041,2042,2043],"class_list":{"0":"post-19409","1":"product","2":"type-product","3":"status-publish","4":"has-post-thumbnail","6":"product_cat-exclusive-themes-es","7":"product_tag-fitness-es","8":"product_tag-fitness-theme-es","9":"product_tag-yoga-es","10":"product_tag-yoga-theme-es","12":"first","13":"instock","14":"sale","15":"downloadable","16":"taxable","17":"shipping-taxable","18":"purchasable","19":"product-type-simple"},"acf":[],"yoast_head":"<!-- This site is optimized with the Yoast SEO Premium plugin v22.1 (Yoast SEO v26.0) - https:\/\/yoast.com\/wordpress\/plugins\/seo\/ -->\n<title>Temas de WordPress para yoga | Temas de clases de yoga | Temas Premium<\/title>\n<meta name=\"description\" content=\"Sum\u00e9rgete en el mundo de ega con un cautivador dise\u00f1o de tema de yoga en WordPress para mejorar tu sitio web de yoga. Encontrar el equilibrio interno legal.\" \/>\n<meta name=\"robots\" content=\"index, follow, max-snippet:-1, max-image-preview:large, max-video-preview:-1\" \/>\n<link rel=\"canonical\" href=\"https:\/\/themeholt.com\/es\/product\/yoga\/\" \/>\n<meta property=\"og:locale\" content=\"es_ES\" \/>\n<meta property=\"og:type\" content=\"article\" \/>\n<meta property=\"og:title\" content=\"Yoga\" \/>\n<meta property=\"og:description\" content=\"Sum\u00e9rgete en el mundo de ega con un cautivador dise\u00f1o de tema de yoga en WordPress para mejorar tu sitio web de yoga. Encontrar el equilibrio interno legal.\" \/>\n<meta property=\"og:url\" content=\"https:\/\/themeholt.com\/es\/product\/yoga\/\" \/>\n<meta property=\"og:site_name\" content=\"ThemeHolt\" \/>\n<meta property=\"article:publisher\" content=\"https:\/\/www.facebook.com\/themeholtT\" \/>\n<meta property=\"article:modified_time\" content=\"2024-11-12T07:04:00+00:00\" \/>\n<meta property=\"og:image\" content=\"https:\/\/themeholt.com\/wp-content\/uploads\/2022\/04\/Creative-Yoga-Theme.jpg\" \/>\n\t<meta property=\"og:image:width\" content=\"1300\" \/>\n\t<meta property=\"og:image:height\" content=\"1300\" \/>\n\t<meta property=\"og:image:type\" content=\"image\/jpeg\" \/>\n<meta name=\"twitter:card\" content=\"summary_large_image\" \/>\n<meta name=\"twitter:site\" content=\"@ThemeholtT\" \/>\n<meta name=\"twitter:label1\" content=\"Tiempo de lectura\" \/>\n\t<meta name=\"twitter:data1\" content=\"1 minuto\" \/>\n<script type=\"application\/ld+json\" class=\"yoast-schema-graph\">{\"@context\":\"https:\/\/schema.org\",\"@graph\":[{\"@type\":\"WebPage\",\"@id\":\"https:\/\/themeholt.com\/es\/product\/yoga\/\",\"url\":\"https:\/\/themeholt.com\/es\/product\/yoga\/\",\"name\":\"Temas de WordPress para yoga | Temas de clases de yoga | Temas Premium\",\"isPartOf\":{\"@id\":\"https:\/\/themeholt.com\/#website\"},\"primaryImageOfPage\":{\"@id\":\"https:\/\/themeholt.com\/es\/product\/yoga\/#primaryimage\"},\"image\":{\"@id\":\"https:\/\/themeholt.com\/es\/product\/yoga\/#primaryimage\"},\"thumbnailUrl\":\"https:\/\/themeholt.com\/wp-content\/uploads\/2022\/04\/Creative-Yoga-Theme.jpg\",\"datePublished\":\"2022-04-21T19:33:10+00:00\",\"dateModified\":\"2024-11-12T07:04:00+00:00\",\"description\":\"Sum\u00e9rgete en el mundo de ega con un cautivador dise\u00f1o de tema de yoga en WordPress para mejorar tu sitio web de yoga. Encontrar el equilibrio interno legal.\",\"breadcrumb\":{\"@id\":\"https:\/\/themeholt.com\/es\/product\/yoga\/#breadcrumb\"},\"inLanguage\":\"es\",\"potentialAction\":[{\"@type\":\"ReadAction\",\"target\":[\"https:\/\/themeholt.com\/es\/product\/yoga\/\"]}]},{\"@type\":\"ImageObject\",\"inLanguage\":\"es\",\"@id\":\"https:\/\/themeholt.com\/es\/product\/yoga\/#primaryimage\",\"url\":\"https:\/\/themeholt.com\/wp-content\/uploads\/2022\/04\/Creative-Yoga-Theme.jpg\",\"contentUrl\":\"https:\/\/themeholt.com\/wp-content\/uploads\/2022\/04\/Creative-Yoga-Theme.jpg\",\"width\":1300,\"height\":1300},{\"@type\":\"BreadcrumbList\",\"@id\":\"https:\/\/themeholt.com\/es\/product\/yoga\/#breadcrumb\",\"itemListElement\":[{\"@type\":\"ListItem\",\"position\":1,\"name\":\"Home\",\"item\":\"https:\/\/themeholt.com\/es\/\"},{\"@type\":\"ListItem\",\"position\":2,\"name\":\"Shop\",\"item\":\"https:\/\/themeholt.com\/shop\/\"},{\"@type\":\"ListItem\",\"position\":3,\"name\":\"Yoga\"}]},{\"@type\":\"WebSite\",\"@id\":\"https:\/\/themeholt.com\/#website\",\"url\":\"https:\/\/themeholt.com\/\",\"name\":\"ThemeHolt\",\"description\":\"Themeholt is a website that offers high-quality WordPress themes\",\"publisher\":{\"@id\":\"https:\/\/themeholt.com\/#organization\"},\"potentialAction\":[{\"@type\":\"SearchAction\",\"target\":{\"@type\":\"EntryPoint\",\"urlTemplate\":\"https:\/\/themeholt.com\/?s={search_term_string}\"},\"query-input\":{\"@type\":\"PropertyValueSpecification\",\"valueRequired\":true,\"valueName\":\"search_term_string\"}}],\"inLanguage\":\"es\"},{\"@type\":\"Organization\",\"@id\":\"https:\/\/themeholt.com\/#organization\",\"name\":\"ThemeHolt\",\"alternateName\":\"ThemeHolt\",\"url\":\"https:\/\/themeholt.com\/\",\"logo\":{\"@type\":\"ImageObject\",\"inLanguage\":\"es\",\"@id\":\"https:\/\/themeholt.com\/#\/schema\/logo\/image\/\",\"url\":\"https:\/\/themeholt.com\/wp-content\/uploads\/2024\/10\/themeholt.png\",\"contentUrl\":\"https:\/\/themeholt.com\/wp-content\/uploads\/2024\/10\/themeholt.png\",\"width\":225,\"height\":225,\"caption\":\"ThemeHolt\"},\"image\":{\"@id\":\"https:\/\/themeholt.com\/#\/schema\/logo\/image\/\"},\"sameAs\":[\"https:\/\/www.facebook.com\/themeholtT\",\"https:\/\/x.com\/ThemeholtT\",\"https:\/\/www.linkedin.com\/company\/themeholt\",\"https:\/\/www.instagram.com\/themeholtt\/\"],\"description\":\"Themeholt is a website that offers high-quality WordPress themes that are easy to use and ready for just about everything. In Eindhoven, Netherlands, since 2020 offering simple, accessible WordPress themes by providing a variety of requirements. Themeholt focuses on practicality and efficiency, allowing faster project completion with its superior marketplace and easy-to-use templates.\",\"legalName\":\"ThemeHolt\",\"foundingDate\":\"2022-11-10\",\"numberOfEmployees\":{\"@type\":\"QuantitativeValue\",\"minValue\":\"51\",\"maxValue\":\"200\"}}]}<\/script>\n<!-- \/ Yoast SEO Premium plugin. -->","yoast_head_json":{"title":"Temas de WordPress para yoga | Temas de clases de yoga | Temas Premium","description":"Sum\u00e9rgete en el mundo de ega con un cautivador dise\u00f1o de tema de yoga en WordPress para mejorar tu sitio web de yoga. Encontrar el equilibrio interno legal.","robots":{"index":"index","follow":"follow","max-snippet":"max-snippet:-1","max-image-preview":"max-image-preview:large","max-video-preview":"max-video-preview:-1"},"canonical":"https:\/\/themeholt.com\/es\/product\/yoga\/","og_locale":"es_ES","og_type":"article","og_title":"Yoga","og_description":"Sum\u00e9rgete en el mundo de ega con un cautivador dise\u00f1o de tema de yoga en WordPress para mejorar tu sitio web de yoga. Encontrar el equilibrio interno legal.","og_url":"https:\/\/themeholt.com\/es\/product\/yoga\/","og_site_name":"ThemeHolt","article_publisher":"https:\/\/www.facebook.com\/themeholtT","article_modified_time":"2024-11-12T07:04:00+00:00","og_image":[{"width":1300,"height":1300,"url":"https:\/\/themeholt.com\/wp-content\/uploads\/2022\/04\/Creative-Yoga-Theme.jpg","type":"image\/jpeg"}],"twitter_card":"summary_large_image","twitter_site":"@ThemeholtT","twitter_misc":{"Tiempo de lectura":"1 minuto"},"schema":{"@context":"https:\/\/schema.org","@graph":[{"@type":"WebPage","@id":"https:\/\/themeholt.com\/es\/product\/yoga\/","url":"https:\/\/themeholt.com\/es\/product\/yoga\/","name":"Temas de WordPress para yoga | Temas de clases de yoga | Temas Premium","isPartOf":{"@id":"https:\/\/themeholt.com\/#website"},"primaryImageOfPage":{"@id":"https:\/\/themeholt.com\/es\/product\/yoga\/#primaryimage"},"image":{"@id":"https:\/\/themeholt.com\/es\/product\/yoga\/#primaryimage"},"thumbnailUrl":"https:\/\/themeholt.com\/wp-content\/uploads\/2022\/04\/Creative-Yoga-Theme.jpg","datePublished":"2022-04-21T19:33:10+00:00","dateModified":"2024-11-12T07:04:00+00:00","description":"Sum\u00e9rgete en el mundo de ega con un cautivador dise\u00f1o de tema de yoga en WordPress para mejorar tu sitio web de yoga. Encontrar el equilibrio interno legal.","breadcrumb":{"@id":"https:\/\/themeholt.com\/es\/product\/yoga\/#breadcrumb"},"inLanguage":"es","potentialAction":[{"@type":"ReadAction","target":["https:\/\/themeholt.com\/es\/product\/yoga\/"]}]},{"@type":"ImageObject","inLanguage":"es","@id":"https:\/\/themeholt.com\/es\/product\/yoga\/#primaryimage","url":"https:\/\/themeholt.com\/wp-content\/uploads\/2022\/04\/Creative-Yoga-Theme.jpg","contentUrl":"https:\/\/themeholt.com\/wp-content\/uploads\/2022\/04\/Creative-Yoga-Theme.jpg","width":1300,"height":1300},{"@type":"BreadcrumbList","@id":"https:\/\/themeholt.com\/es\/product\/yoga\/#breadcrumb","itemListElement":[{"@type":"ListItem","position":1,"name":"Home","item":"https:\/\/themeholt.com\/es\/"},{"@type":"ListItem","position":2,"name":"Shop","item":"https:\/\/themeholt.com\/shop\/"},{"@type":"ListItem","position":3,"name":"Yoga"}]},{"@type":"WebSite","@id":"https:\/\/themeholt.com\/#website","url":"https:\/\/themeholt.com\/","name":"ThemeHolt","description":"Themeholt is a website that offers high-quality WordPress themes","publisher":{"@id":"https:\/\/themeholt.com\/#organization"},"potentialAction":[{"@type":"SearchAction","target":{"@type":"EntryPoint","urlTemplate":"https:\/\/themeholt.com\/?s={search_term_string}"},"query-input":{"@type":"PropertyValueSpecification","valueRequired":true,"valueName":"search_term_string"}}],"inLanguage":"es"},{"@type":"Organization","@id":"https:\/\/themeholt.com\/#organization","name":"ThemeHolt","alternateName":"ThemeHolt","url":"https:\/\/themeholt.com\/","logo":{"@type":"ImageObject","inLanguage":"es","@id":"https:\/\/themeholt.com\/#\/schema\/logo\/image\/","url":"https:\/\/themeholt.com\/wp-content\/uploads\/2024\/10\/themeholt.png","contentUrl":"https:\/\/themeholt.com\/wp-content\/uploads\/2024\/10\/themeholt.png","width":225,"height":225,"caption":"ThemeHolt"},"image":{"@id":"https:\/\/themeholt.com\/#\/schema\/logo\/image\/"},"sameAs":["https:\/\/www.facebook.com\/themeholtT","https:\/\/x.com\/ThemeholtT","https:\/\/www.linkedin.com\/company\/themeholt","https:\/\/www.instagram.com\/themeholtt\/"],"description":"Themeholt is a website that offers high-quality WordPress themes that are easy to use and ready for just about everything. In Eindhoven, Netherlands, since 2020 offering simple, accessible WordPress themes by providing a variety of requirements. Themeholt focuses on practicality and efficiency, allowing faster project completion with its superior marketplace and easy-to-use templates.","legalName":"ThemeHolt","foundingDate":"2022-11-10","numberOfEmployees":{"@type":"QuantitativeValue","minValue":"51","maxValue":"200"}}]}},"_links":{"self":[{"href":"https:\/\/themeholt.com\/es\/wp-json\/wp\/v2\/product\/19409","targetHints":{"allow":["GET"]}}],"collection":[{"href":"https:\/\/themeholt.com\/es\/wp-json\/wp\/v2\/product"}],"about":[{"href":"https:\/\/themeholt.com\/es\/wp-json\/wp\/v2\/types\/product"}],"wp:featuredmedia":[{"embeddable":true,"href":"https:\/\/themeholt.com\/es\/wp-json\/wp\/v2\/media\/19412"}],"wp:attachment":[{"href":"https:\/\/themeholt.com\/es\/wp-json\/wp\/v2\/media?parent=19409"}],"wp:term":[{"taxonomy":"product_brand","embeddable":true,"href":"https:\/\/themeholt.com\/es\/wp-json\/wp\/v2\/product_brand?post=19409"},{"taxonomy":"product_cat","embeddable":true,"href":"https:\/\/themeholt.com\/es\/wp-json\/wp\/v2\/product_cat?post=19409"},{"taxonomy":"product_tag","embeddable":true,"href":"https:\/\/themeholt.com\/es\/wp-json\/wp\/v2\/product_tag?post=19409"}],"curies":[{"name":"wp","href":"https:\/\/api.w.org\/{rel}","templated":true}]}}