{"id":19491,"date":"2022-04-25T10:42:41","date_gmt":"2022-04-25T10:42:41","guid":{"rendered":"https:\/\/themeholt.com\/product\/ecommerce\/"},"modified":"2024-11-12T11:43:58","modified_gmt":"2024-11-12T11:43:58","slug":"comercio-electronico","status":"publish","type":"product","link":"https:\/\/themeholt.com\/es\/product\/comercio-electronico\/","title":{"rendered":"Comercio electr\u00f3nico"},"content":{"rendered":"<p><span style=\"font-weight: 400\">En el vertiginoso mundo de los negocios en l\u00ednea, tener un sitio web de comercio electr\u00f3nico profesional y visualmente atractivo es esencial para atraer clientes e impulsar las ventas. Con nuestros<\/span><b>Temas de comercio electr\u00f3nico de WordPress<\/b><span style=\"font-weight: 400\">, puede crear f\u00e1cilmente una tienda en l\u00ednea impresionante que se destaque. En el mundo de los negocios en l\u00ednea, tener un sitio web de comercio electr\u00f3nico visualmente atractivo y f\u00e1cil de usar es crucial para el \u00e9xito. Puede crear una tienda en l\u00ednea impresionante que cautive a sus clientes, impulse las ventas y establezca la presencia de su marca.<\/p>\n<p>&nbsp;<\/p>\n","protected":false},"excerpt":{"rendered":"<h1><strong>Puntos clave<\/strong><\/h1>\n<ul>\n<li style=\"font-weight: 400\"><span style=\"font-weight: 400\">Elementor<\/span><\/li>\n<li style=\"font-weight: 400\"><span style=\"font-weight: 400\">Encabezado y Creador de pie de p\u00e1gina<\/span><\/li>\n<li style=\"font-weight: 400\"><span style=\"font-weight: 400\">Portafolio incre\u00edble<\/span><\/li>\n<li style=\"font-weight: 400\"><span style=\"font-weight: 400\">Carrito Ajax<\/span><\/li>\n<li style=\"font-weight: 400\"><span style=\"font-weight: 400\">M\u00e1s de 70 elementos<\/span><\/li>\n<li style=\"font-weight: 400\"><span style=\"font-weight: 400\">Totalmente adaptable<\/span><\/li>\n<li style=\"font-weight: 400\"><span style=\"font-weight: 400\">Biblioteca de plantillas<\/span><\/li>\n<li style=\"font-weight: 400\"><span style=\"font-weight: 400\">R\u00e1pido y confiable Soporte<\/span><\/li>\n<li style=\"font-weight: 400\"><span style=\"font-weight: 400\">Estilos de mapas de Google ilimitados<\/span><\/li>\n<li style=\"font-weight: 400\"><span style=\"font-weight: 400\">Efectos de paralaje<\/span><\/li>\n<\/ul>\n","protected":false},"featured_media":19492,"template":"","meta":{"_acf_changed":false,"inline_featured_image":false},"product_brand":[],"product_cat":[1905],"product_tag":[2086,2087,2088,2089],"class_list":{"0":"post-19491","1":"product","2":"type-product","3":"status-publish","4":"has-post-thumbnail","6":"product_cat-premium-themes-es","7":"product_tag-best-ecommerce-themes-es","8":"product_tag-ecommerce-theme-es","9":"product_tag-modern-ecommerce-wordpress-theme-es","10":"product_tag-wordpress-ecommerce-themes-es","12":"first","13":"instock","14":"sale","15":"downloadable","16":"taxable","17":"shipping-taxable","18":"purchasable","19":"product-type-simple"},"acf":[],"yoast_head":"<!-- This site is optimized with the Yoast SEO Premium plugin v22.1 (Yoast SEO v26.0) - https:\/\/yoast.com\/wordpress\/plugins\/seo\/ -->\n<title>Sitio web de comercio electr\u00f3nico | Plantillas de sitios web de comercio electr\u00f3nico<\/title>\n<meta name=\"description\" content=\"Cree un sitio web de comercio electr\u00f3nico incre\u00edble con nuestras plantillas de sitios web de comercio electr\u00f3nico. Cree su tienda en l\u00ednea y aumente las ventas con facilidad y estilo.\" \/>\n<meta name=\"robots\" content=\"index, follow, max-snippet:-1, max-image-preview:large, max-video-preview:-1\" \/>\n<link rel=\"canonical\" href=\"https:\/\/themeholt.com\/es\/product\/comercio-electronico\/\" \/>\n<meta property=\"og:locale\" content=\"es_ES\" \/>\n<meta property=\"og:type\" content=\"article\" \/>\n<meta property=\"og:title\" content=\"Comercio electr\u00f3nico\" \/>\n<meta property=\"og:description\" content=\"Cree un sitio web de comercio electr\u00f3nico incre\u00edble con nuestras plantillas de sitios web de comercio electr\u00f3nico. Cree su tienda en l\u00ednea y aumente las ventas con facilidad y estilo.\" \/>\n<meta property=\"og:url\" content=\"https:\/\/themeholt.com\/es\/product\/comercio-electronico\/\" \/>\n<meta property=\"og:site_name\" content=\"ThemeHolt\" \/>\n<meta property=\"article:publisher\" content=\"https:\/\/www.facebook.com\/themeholtT\" \/>\n<meta property=\"article:modified_time\" content=\"2024-11-12T11:43:58+00:00\" \/>\n<meta property=\"og:image\" content=\"https:\/\/themeholt.com\/wp-content\/uploads\/2022\/04\/online-store-Theme.jpg\" \/>\n\t<meta property=\"og:image:width\" content=\"1300\" \/>\n\t<meta property=\"og:image:height\" content=\"1300\" \/>\n\t<meta property=\"og:image:type\" content=\"image\/jpeg\" \/>\n<meta name=\"twitter:card\" content=\"summary_large_image\" \/>\n<meta name=\"twitter:site\" content=\"@ThemeholtT\" \/>\n<meta name=\"twitter:label1\" content=\"Tiempo de lectura\" \/>\n\t<meta name=\"twitter:data1\" content=\"1 minuto\" \/>\n<script type=\"application\/ld+json\" class=\"yoast-schema-graph\">{\"@context\":\"https:\/\/schema.org\",\"@graph\":[{\"@type\":\"WebPage\",\"@id\":\"https:\/\/themeholt.com\/es\/product\/comercio-electronico\/\",\"url\":\"https:\/\/themeholt.com\/es\/product\/comercio-electronico\/\",\"name\":\"Sitio web de comercio electr\u00f3nico | Plantillas de sitios web de comercio electr\u00f3nico\",\"isPartOf\":{\"@id\":\"https:\/\/themeholt.com\/#website\"},\"primaryImageOfPage\":{\"@id\":\"https:\/\/themeholt.com\/es\/product\/comercio-electronico\/#primaryimage\"},\"image\":{\"@id\":\"https:\/\/themeholt.com\/es\/product\/comercio-electronico\/#primaryimage\"},\"thumbnailUrl\":\"https:\/\/themeholt.com\/wp-content\/uploads\/2022\/04\/online-store-Theme.jpg\",\"datePublished\":\"2022-04-25T10:42:41+00:00\",\"dateModified\":\"2024-11-12T11:43:58+00:00\",\"description\":\"Cree un sitio web de comercio electr\u00f3nico incre\u00edble con nuestras plantillas de sitios web de comercio electr\u00f3nico. Cree su tienda en l\u00ednea y aumente las ventas con facilidad y estilo.\",\"breadcrumb\":{\"@id\":\"https:\/\/themeholt.com\/es\/product\/comercio-electronico\/#breadcrumb\"},\"inLanguage\":\"es\",\"potentialAction\":[{\"@type\":\"ReadAction\",\"target\":[\"https:\/\/themeholt.com\/es\/product\/comercio-electronico\/\"]}]},{\"@type\":\"ImageObject\",\"inLanguage\":\"es\",\"@id\":\"https:\/\/themeholt.com\/es\/product\/comercio-electronico\/#primaryimage\",\"url\":\"https:\/\/themeholt.com\/wp-content\/uploads\/2022\/04\/online-store-Theme.jpg\",\"contentUrl\":\"https:\/\/themeholt.com\/wp-content\/uploads\/2022\/04\/online-store-Theme.jpg\",\"width\":1300,\"height\":1300},{\"@type\":\"BreadcrumbList\",\"@id\":\"https:\/\/themeholt.com\/es\/product\/comercio-electronico\/#breadcrumb\",\"itemListElement\":[{\"@type\":\"ListItem\",\"position\":1,\"name\":\"Home\",\"item\":\"https:\/\/themeholt.com\/es\/\"},{\"@type\":\"ListItem\",\"position\":2,\"name\":\"Shop\",\"item\":\"https:\/\/themeholt.com\/shop\/\"},{\"@type\":\"ListItem\",\"position\":3,\"name\":\"Comercio electr\u00f3nico\"}]},{\"@type\":\"WebSite\",\"@id\":\"https:\/\/themeholt.com\/#website\",\"url\":\"https:\/\/themeholt.com\/\",\"name\":\"ThemeHolt\",\"description\":\"Themeholt is a website that offers high-quality WordPress themes\",\"publisher\":{\"@id\":\"https:\/\/themeholt.com\/#organization\"},\"potentialAction\":[{\"@type\":\"SearchAction\",\"target\":{\"@type\":\"EntryPoint\",\"urlTemplate\":\"https:\/\/themeholt.com\/?s={search_term_string}\"},\"query-input\":{\"@type\":\"PropertyValueSpecification\",\"valueRequired\":true,\"valueName\":\"search_term_string\"}}],\"inLanguage\":\"es\"},{\"@type\":\"Organization\",\"@id\":\"https:\/\/themeholt.com\/#organization\",\"name\":\"ThemeHolt\",\"alternateName\":\"ThemeHolt\",\"url\":\"https:\/\/themeholt.com\/\",\"logo\":{\"@type\":\"ImageObject\",\"inLanguage\":\"es\",\"@id\":\"https:\/\/themeholt.com\/#\/schema\/logo\/image\/\",\"url\":\"https:\/\/themeholt.com\/wp-content\/uploads\/2024\/10\/themeholt.png\",\"contentUrl\":\"https:\/\/themeholt.com\/wp-content\/uploads\/2024\/10\/themeholt.png\",\"width\":225,\"height\":225,\"caption\":\"ThemeHolt\"},\"image\":{\"@id\":\"https:\/\/themeholt.com\/#\/schema\/logo\/image\/\"},\"sameAs\":[\"https:\/\/www.facebook.com\/themeholtT\",\"https:\/\/x.com\/ThemeholtT\",\"https:\/\/www.linkedin.com\/company\/themeholt\",\"https:\/\/www.instagram.com\/themeholtt\/\"],\"description\":\"Themeholt is a website that offers high-quality WordPress themes that are easy to use and ready for just about everything. In Eindhoven, Netherlands, since 2020 offering simple, accessible WordPress themes by providing a variety of requirements. Themeholt focuses on practicality and efficiency, allowing faster project completion with its superior marketplace and easy-to-use templates.\",\"legalName\":\"ThemeHolt\",\"foundingDate\":\"2022-11-10\",\"numberOfEmployees\":{\"@type\":\"QuantitativeValue\",\"minValue\":\"51\",\"maxValue\":\"200\"}}]}<\/script>\n<!-- \/ Yoast SEO Premium plugin. -->","yoast_head_json":{"title":"Sitio web de comercio electr\u00f3nico | Plantillas de sitios web de comercio electr\u00f3nico","description":"Cree un sitio web de comercio electr\u00f3nico incre\u00edble con nuestras plantillas de sitios web de comercio electr\u00f3nico. Cree su tienda en l\u00ednea y aumente las ventas con facilidad y estilo.","robots":{"index":"index","follow":"follow","max-snippet":"max-snippet:-1","max-image-preview":"max-image-preview:large","max-video-preview":"max-video-preview:-1"},"canonical":"https:\/\/themeholt.com\/es\/product\/comercio-electronico\/","og_locale":"es_ES","og_type":"article","og_title":"Comercio electr\u00f3nico","og_description":"Cree un sitio web de comercio electr\u00f3nico incre\u00edble con nuestras plantillas de sitios web de comercio electr\u00f3nico. Cree su tienda en l\u00ednea y aumente las ventas con facilidad y estilo.","og_url":"https:\/\/themeholt.com\/es\/product\/comercio-electronico\/","og_site_name":"ThemeHolt","article_publisher":"https:\/\/www.facebook.com\/themeholtT","article_modified_time":"2024-11-12T11:43:58+00:00","og_image":[{"width":1300,"height":1300,"url":"https:\/\/themeholt.com\/wp-content\/uploads\/2022\/04\/online-store-Theme.jpg","type":"image\/jpeg"}],"twitter_card":"summary_large_image","twitter_site":"@ThemeholtT","twitter_misc":{"Tiempo de lectura":"1 minuto"},"schema":{"@context":"https:\/\/schema.org","@graph":[{"@type":"WebPage","@id":"https:\/\/themeholt.com\/es\/product\/comercio-electronico\/","url":"https:\/\/themeholt.com\/es\/product\/comercio-electronico\/","name":"Sitio web de comercio electr\u00f3nico | Plantillas de sitios web de comercio electr\u00f3nico","isPartOf":{"@id":"https:\/\/themeholt.com\/#website"},"primaryImageOfPage":{"@id":"https:\/\/themeholt.com\/es\/product\/comercio-electronico\/#primaryimage"},"image":{"@id":"https:\/\/themeholt.com\/es\/product\/comercio-electronico\/#primaryimage"},"thumbnailUrl":"https:\/\/themeholt.com\/wp-content\/uploads\/2022\/04\/online-store-Theme.jpg","datePublished":"2022-04-25T10:42:41+00:00","dateModified":"2024-11-12T11:43:58+00:00","description":"Cree un sitio web de comercio electr\u00f3nico incre\u00edble con nuestras plantillas de sitios web de comercio electr\u00f3nico. Cree su tienda en l\u00ednea y aumente las ventas con facilidad y estilo.","breadcrumb":{"@id":"https:\/\/themeholt.com\/es\/product\/comercio-electronico\/#breadcrumb"},"inLanguage":"es","potentialAction":[{"@type":"ReadAction","target":["https:\/\/themeholt.com\/es\/product\/comercio-electronico\/"]}]},{"@type":"ImageObject","inLanguage":"es","@id":"https:\/\/themeholt.com\/es\/product\/comercio-electronico\/#primaryimage","url":"https:\/\/themeholt.com\/wp-content\/uploads\/2022\/04\/online-store-Theme.jpg","contentUrl":"https:\/\/themeholt.com\/wp-content\/uploads\/2022\/04\/online-store-Theme.jpg","width":1300,"height":1300},{"@type":"BreadcrumbList","@id":"https:\/\/themeholt.com\/es\/product\/comercio-electronico\/#breadcrumb","itemListElement":[{"@type":"ListItem","position":1,"name":"Home","item":"https:\/\/themeholt.com\/es\/"},{"@type":"ListItem","position":2,"name":"Shop","item":"https:\/\/themeholt.com\/shop\/"},{"@type":"ListItem","position":3,"name":"Comercio electr\u00f3nico"}]},{"@type":"WebSite","@id":"https:\/\/themeholt.com\/#website","url":"https:\/\/themeholt.com\/","name":"ThemeHolt","description":"Themeholt is a website that offers high-quality WordPress themes","publisher":{"@id":"https:\/\/themeholt.com\/#organization"},"potentialAction":[{"@type":"SearchAction","target":{"@type":"EntryPoint","urlTemplate":"https:\/\/themeholt.com\/?s={search_term_string}"},"query-input":{"@type":"PropertyValueSpecification","valueRequired":true,"valueName":"search_term_string"}}],"inLanguage":"es"},{"@type":"Organization","@id":"https:\/\/themeholt.com\/#organization","name":"ThemeHolt","alternateName":"ThemeHolt","url":"https:\/\/themeholt.com\/","logo":{"@type":"ImageObject","inLanguage":"es","@id":"https:\/\/themeholt.com\/#\/schema\/logo\/image\/","url":"https:\/\/themeholt.com\/wp-content\/uploads\/2024\/10\/themeholt.png","contentUrl":"https:\/\/themeholt.com\/wp-content\/uploads\/2024\/10\/themeholt.png","width":225,"height":225,"caption":"ThemeHolt"},"image":{"@id":"https:\/\/themeholt.com\/#\/schema\/logo\/image\/"},"sameAs":["https:\/\/www.facebook.com\/themeholtT","https:\/\/x.com\/ThemeholtT","https:\/\/www.linkedin.com\/company\/themeholt","https:\/\/www.instagram.com\/themeholtt\/"],"description":"Themeholt is a website that offers high-quality WordPress themes that are easy to use and ready for just about everything. In Eindhoven, Netherlands, since 2020 offering simple, accessible WordPress themes by providing a variety of requirements. Themeholt focuses on practicality and efficiency, allowing faster project completion with its superior marketplace and easy-to-use templates.","legalName":"ThemeHolt","foundingDate":"2022-11-10","numberOfEmployees":{"@type":"QuantitativeValue","minValue":"51","maxValue":"200"}}]}},"_links":{"self":[{"href":"https:\/\/themeholt.com\/es\/wp-json\/wp\/v2\/product\/19491","targetHints":{"allow":["GET"]}}],"collection":[{"href":"https:\/\/themeholt.com\/es\/wp-json\/wp\/v2\/product"}],"about":[{"href":"https:\/\/themeholt.com\/es\/wp-json\/wp\/v2\/types\/product"}],"wp:featuredmedia":[{"embeddable":true,"href":"https:\/\/themeholt.com\/es\/wp-json\/wp\/v2\/media\/19492"}],"wp:attachment":[{"href":"https:\/\/themeholt.com\/es\/wp-json\/wp\/v2\/media?parent=19491"}],"wp:term":[{"taxonomy":"product_brand","embeddable":true,"href":"https:\/\/themeholt.com\/es\/wp-json\/wp\/v2\/product_brand?post=19491"},{"taxonomy":"product_cat","embeddable":true,"href":"https:\/\/themeholt.com\/es\/wp-json\/wp\/v2\/product_cat?post=19491"},{"taxonomy":"product_tag","embeddable":true,"href":"https:\/\/themeholt.com\/es\/wp-json\/wp\/v2\/product_tag?post=19491"}],"curies":[{"name":"wp","href":"https:\/\/api.w.org\/{rel}","templated":true}]}}