{"id":19570,"date":"2022-04-25T10:15:01","date_gmt":"2022-04-25T10:15:01","guid":{"rendered":"https:\/\/themeholt.com\/product\/app\/"},"modified":"2024-11-13T04:10:42","modified_gmt":"2024-11-13T04:10:42","slug":"aplicacion","status":"publish","type":"product","link":"https:\/\/themeholt.com\/es\/product\/aplicacion\/","title":{"rendered":"Aplicaci\u00f3n"},"content":{"rendered":"<p><span style=\"font-weight: 400\">Bienvenido al mundo de los <\/span><b>Temas de aplicaciones de WordPress<\/b><span style=\"font-weight: 400\">, donde puedes aprovechar las ventajas de tu aplicaci\u00f3n. presencia en l\u00ednea a nuevas alturas. En la era digital actual, tener un sitio web atractivo y funcional es crucial para impulsar las descargas de aplicaciones e interactuar con su p\u00fablico objetivo. Con los temas de aplicaciones de WordPress, tienes el poder de crear un sitio web impresionante que muestre las caracter\u00edsticas de tu aplicaci\u00f3n y atraiga a los usuarios a explorar m\u00e1s.<\/span><\/p>\n<p><span style=\"font-weight: 400\">Una de las ventajas clave es que tiene una amplia gama de opciones de dise\u00f1o disponibles. Ya sea que tu aplicaci\u00f3n se centre en juegos, productividad, estilo de vida o cualquier otro nicho, puedes encontrar un tema que complemente perfectamente su est\u00e9tica y funcionalidad. Con dise\u00f1os, combinaciones de colores y fuentes personalizables, puedes crear un sitio web que se alinee perfectamente con la marca de tu aplicaci\u00f3n y mejore la experiencia general del usuario.<\/span><\/p>\n","protected":false},"excerpt":{"rendered":"<ul>\n<li>Dise\u00f1o responsivo<\/li>\n<li>F\u00e1cil personalizaci\u00f3n<\/li>\n<li>Funciones de promoci\u00f3n de aplicaciones<\/li>\n<li>Integraci\u00f3n de la tienda de aplicaciones<\/li>\n<li>Contacto y soporte<\/li>\n<li>Integraci\u00f3n de redes sociales<\/li>\n<li>Optimizaci\u00f3n SEO<\/li>\n<li>Testimonios y rese\u00f1as<\/li>\n<li>Planes de precios<\/li>\n<li>Importaci\u00f3n de demostraci\u00f3n con un clic<\/li>\n<\/ul>\n","protected":false},"featured_media":19571,"template":"","meta":{"_acf_changed":false,"inline_featured_image":false},"product_brand":[],"product_cat":[1890],"product_tag":[2109,2110,2111,2112],"class_list":{"0":"post-19570","1":"product","2":"type-product","3":"status-publish","4":"has-post-thumbnail","6":"product_cat-new-arrivals-es","7":"product_tag-mobile-app-templates-es","8":"product_tag-theme-app-for-android-es","9":"product_tag-themes-app-new-es","10":"product_tag-themes-apps-download-es","12":"first","13":"instock","14":"sale","15":"downloadable","16":"taxable","17":"shipping-taxable","18":"purchasable","19":"product-type-simple"},"acf":[],"yoast_head":"<!-- This site is optimized with the Yoast SEO Premium plugin v22.1 (Yoast SEO v26.0) - https:\/\/yoast.com\/wordpress\/plugins\/seo\/ -->\n<title>Temas de aplicaciones de WordPress | Los mejores temas de WordPress para aplicaciones<\/title>\n<meta name=\"description\" content=\"Encuentre los mejores temas de aplicaciones de WordPress para su sitio web. Obtenga dise\u00f1os f\u00e1ciles de usar, personalizaci\u00f3n sencilla y funciones potentes. \u00a1Impulsa tu presencia en l\u00ednea hoy!\" \/>\n<meta name=\"robots\" content=\"index, follow, max-snippet:-1, max-image-preview:large, max-video-preview:-1\" \/>\n<link rel=\"canonical\" href=\"https:\/\/themeholt.com\/es\/product\/aplicacion\/\" \/>\n<meta property=\"og:locale\" content=\"es_ES\" \/>\n<meta property=\"og:type\" content=\"article\" \/>\n<meta property=\"og:title\" content=\"Aplicaci\u00f3n\" \/>\n<meta property=\"og:description\" content=\"Encuentre los mejores temas de aplicaciones de WordPress para su sitio web. Obtenga dise\u00f1os f\u00e1ciles de usar, personalizaci\u00f3n sencilla y funciones potentes. \u00a1Impulsa tu presencia en l\u00ednea hoy!\" \/>\n<meta property=\"og:url\" content=\"https:\/\/themeholt.com\/es\/product\/aplicacion\/\" \/>\n<meta property=\"og:site_name\" content=\"ThemeHolt\" \/>\n<meta property=\"article:publisher\" content=\"https:\/\/www.facebook.com\/themeholtT\" \/>\n<meta property=\"article:modified_time\" content=\"2024-11-13T04:10:42+00:00\" \/>\n<meta property=\"og:image\" content=\"https:\/\/themeholt.com\/wp-content\/uploads\/2022\/04\/Creative-App-Builder-theme.jpg\" \/>\n\t<meta property=\"og:image:width\" content=\"1300\" \/>\n\t<meta property=\"og:image:height\" content=\"1300\" \/>\n\t<meta property=\"og:image:type\" content=\"image\/jpeg\" \/>\n<meta name=\"twitter:card\" content=\"summary_large_image\" \/>\n<meta name=\"twitter:site\" content=\"@ThemeholtT\" \/>\n<meta name=\"twitter:label1\" content=\"Tiempo de lectura\" \/>\n\t<meta name=\"twitter:data1\" content=\"1 minuto\" \/>\n<script type=\"application\/ld+json\" class=\"yoast-schema-graph\">{\"@context\":\"https:\/\/schema.org\",\"@graph\":[{\"@type\":\"WebPage\",\"@id\":\"https:\/\/themeholt.com\/es\/product\/aplicacion\/\",\"url\":\"https:\/\/themeholt.com\/es\/product\/aplicacion\/\",\"name\":\"Temas de aplicaciones de WordPress | Los mejores temas de WordPress para aplicaciones\",\"isPartOf\":{\"@id\":\"https:\/\/themeholt.com\/#website\"},\"primaryImageOfPage\":{\"@id\":\"https:\/\/themeholt.com\/es\/product\/aplicacion\/#primaryimage\"},\"image\":{\"@id\":\"https:\/\/themeholt.com\/es\/product\/aplicacion\/#primaryimage\"},\"thumbnailUrl\":\"https:\/\/themeholt.com\/wp-content\/uploads\/2022\/04\/Creative-App-Builder-theme.jpg\",\"datePublished\":\"2022-04-25T10:15:01+00:00\",\"dateModified\":\"2024-11-13T04:10:42+00:00\",\"description\":\"Encuentre los mejores temas de aplicaciones de WordPress para su sitio web. Obtenga dise\u00f1os f\u00e1ciles de usar, personalizaci\u00f3n sencilla y funciones potentes. \u00a1Impulsa tu presencia en l\u00ednea hoy!\",\"breadcrumb\":{\"@id\":\"https:\/\/themeholt.com\/es\/product\/aplicacion\/#breadcrumb\"},\"inLanguage\":\"es\",\"potentialAction\":[{\"@type\":\"ReadAction\",\"target\":[\"https:\/\/themeholt.com\/es\/product\/aplicacion\/\"]}]},{\"@type\":\"ImageObject\",\"inLanguage\":\"es\",\"@id\":\"https:\/\/themeholt.com\/es\/product\/aplicacion\/#primaryimage\",\"url\":\"https:\/\/themeholt.com\/wp-content\/uploads\/2022\/04\/Creative-App-Builder-theme.jpg\",\"contentUrl\":\"https:\/\/themeholt.com\/wp-content\/uploads\/2022\/04\/Creative-App-Builder-theme.jpg\",\"width\":1300,\"height\":1300},{\"@type\":\"BreadcrumbList\",\"@id\":\"https:\/\/themeholt.com\/es\/product\/aplicacion\/#breadcrumb\",\"itemListElement\":[{\"@type\":\"ListItem\",\"position\":1,\"name\":\"Home\",\"item\":\"https:\/\/themeholt.com\/es\/\"},{\"@type\":\"ListItem\",\"position\":2,\"name\":\"Shop\",\"item\":\"https:\/\/themeholt.com\/shop\/\"},{\"@type\":\"ListItem\",\"position\":3,\"name\":\"Aplicaci\u00f3n\"}]},{\"@type\":\"WebSite\",\"@id\":\"https:\/\/themeholt.com\/#website\",\"url\":\"https:\/\/themeholt.com\/\",\"name\":\"ThemeHolt\",\"description\":\"Themeholt is a website that offers high-quality WordPress themes\",\"publisher\":{\"@id\":\"https:\/\/themeholt.com\/#organization\"},\"potentialAction\":[{\"@type\":\"SearchAction\",\"target\":{\"@type\":\"EntryPoint\",\"urlTemplate\":\"https:\/\/themeholt.com\/?s={search_term_string}\"},\"query-input\":{\"@type\":\"PropertyValueSpecification\",\"valueRequired\":true,\"valueName\":\"search_term_string\"}}],\"inLanguage\":\"es\"},{\"@type\":\"Organization\",\"@id\":\"https:\/\/themeholt.com\/#organization\",\"name\":\"ThemeHolt\",\"alternateName\":\"ThemeHolt\",\"url\":\"https:\/\/themeholt.com\/\",\"logo\":{\"@type\":\"ImageObject\",\"inLanguage\":\"es\",\"@id\":\"https:\/\/themeholt.com\/#\/schema\/logo\/image\/\",\"url\":\"https:\/\/themeholt.com\/wp-content\/uploads\/2024\/10\/themeholt.png\",\"contentUrl\":\"https:\/\/themeholt.com\/wp-content\/uploads\/2024\/10\/themeholt.png\",\"width\":225,\"height\":225,\"caption\":\"ThemeHolt\"},\"image\":{\"@id\":\"https:\/\/themeholt.com\/#\/schema\/logo\/image\/\"},\"sameAs\":[\"https:\/\/www.facebook.com\/themeholtT\",\"https:\/\/x.com\/ThemeholtT\",\"https:\/\/www.linkedin.com\/company\/themeholt\",\"https:\/\/www.instagram.com\/themeholtt\/\"],\"description\":\"Themeholt is a website that offers high-quality WordPress themes that are easy to use and ready for just about everything. In Eindhoven, Netherlands, since 2020 offering simple, accessible WordPress themes by providing a variety of requirements. Themeholt focuses on practicality and efficiency, allowing faster project completion with its superior marketplace and easy-to-use templates.\",\"legalName\":\"ThemeHolt\",\"foundingDate\":\"2022-11-10\",\"numberOfEmployees\":{\"@type\":\"QuantitativeValue\",\"minValue\":\"51\",\"maxValue\":\"200\"}}]}<\/script>\n<!-- \/ Yoast SEO Premium plugin. -->","yoast_head_json":{"title":"Temas de aplicaciones de WordPress | Los mejores temas de WordPress para aplicaciones","description":"Encuentre los mejores temas de aplicaciones de WordPress para su sitio web. Obtenga dise\u00f1os f\u00e1ciles de usar, personalizaci\u00f3n sencilla y funciones potentes. \u00a1Impulsa tu presencia en l\u00ednea hoy!","robots":{"index":"index","follow":"follow","max-snippet":"max-snippet:-1","max-image-preview":"max-image-preview:large","max-video-preview":"max-video-preview:-1"},"canonical":"https:\/\/themeholt.com\/es\/product\/aplicacion\/","og_locale":"es_ES","og_type":"article","og_title":"Aplicaci\u00f3n","og_description":"Encuentre los mejores temas de aplicaciones de WordPress para su sitio web. Obtenga dise\u00f1os f\u00e1ciles de usar, personalizaci\u00f3n sencilla y funciones potentes. \u00a1Impulsa tu presencia en l\u00ednea hoy!","og_url":"https:\/\/themeholt.com\/es\/product\/aplicacion\/","og_site_name":"ThemeHolt","article_publisher":"https:\/\/www.facebook.com\/themeholtT","article_modified_time":"2024-11-13T04:10:42+00:00","og_image":[{"width":1300,"height":1300,"url":"https:\/\/themeholt.com\/wp-content\/uploads\/2022\/04\/Creative-App-Builder-theme.jpg","type":"image\/jpeg"}],"twitter_card":"summary_large_image","twitter_site":"@ThemeholtT","twitter_misc":{"Tiempo de lectura":"1 minuto"},"schema":{"@context":"https:\/\/schema.org","@graph":[{"@type":"WebPage","@id":"https:\/\/themeholt.com\/es\/product\/aplicacion\/","url":"https:\/\/themeholt.com\/es\/product\/aplicacion\/","name":"Temas de aplicaciones de WordPress | Los mejores temas de WordPress para aplicaciones","isPartOf":{"@id":"https:\/\/themeholt.com\/#website"},"primaryImageOfPage":{"@id":"https:\/\/themeholt.com\/es\/product\/aplicacion\/#primaryimage"},"image":{"@id":"https:\/\/themeholt.com\/es\/product\/aplicacion\/#primaryimage"},"thumbnailUrl":"https:\/\/themeholt.com\/wp-content\/uploads\/2022\/04\/Creative-App-Builder-theme.jpg","datePublished":"2022-04-25T10:15:01+00:00","dateModified":"2024-11-13T04:10:42+00:00","description":"Encuentre los mejores temas de aplicaciones de WordPress para su sitio web. Obtenga dise\u00f1os f\u00e1ciles de usar, personalizaci\u00f3n sencilla y funciones potentes. \u00a1Impulsa tu presencia en l\u00ednea hoy!","breadcrumb":{"@id":"https:\/\/themeholt.com\/es\/product\/aplicacion\/#breadcrumb"},"inLanguage":"es","potentialAction":[{"@type":"ReadAction","target":["https:\/\/themeholt.com\/es\/product\/aplicacion\/"]}]},{"@type":"ImageObject","inLanguage":"es","@id":"https:\/\/themeholt.com\/es\/product\/aplicacion\/#primaryimage","url":"https:\/\/themeholt.com\/wp-content\/uploads\/2022\/04\/Creative-App-Builder-theme.jpg","contentUrl":"https:\/\/themeholt.com\/wp-content\/uploads\/2022\/04\/Creative-App-Builder-theme.jpg","width":1300,"height":1300},{"@type":"BreadcrumbList","@id":"https:\/\/themeholt.com\/es\/product\/aplicacion\/#breadcrumb","itemListElement":[{"@type":"ListItem","position":1,"name":"Home","item":"https:\/\/themeholt.com\/es\/"},{"@type":"ListItem","position":2,"name":"Shop","item":"https:\/\/themeholt.com\/shop\/"},{"@type":"ListItem","position":3,"name":"Aplicaci\u00f3n"}]},{"@type":"WebSite","@id":"https:\/\/themeholt.com\/#website","url":"https:\/\/themeholt.com\/","name":"ThemeHolt","description":"Themeholt is a website that offers high-quality WordPress themes","publisher":{"@id":"https:\/\/themeholt.com\/#organization"},"potentialAction":[{"@type":"SearchAction","target":{"@type":"EntryPoint","urlTemplate":"https:\/\/themeholt.com\/?s={search_term_string}"},"query-input":{"@type":"PropertyValueSpecification","valueRequired":true,"valueName":"search_term_string"}}],"inLanguage":"es"},{"@type":"Organization","@id":"https:\/\/themeholt.com\/#organization","name":"ThemeHolt","alternateName":"ThemeHolt","url":"https:\/\/themeholt.com\/","logo":{"@type":"ImageObject","inLanguage":"es","@id":"https:\/\/themeholt.com\/#\/schema\/logo\/image\/","url":"https:\/\/themeholt.com\/wp-content\/uploads\/2024\/10\/themeholt.png","contentUrl":"https:\/\/themeholt.com\/wp-content\/uploads\/2024\/10\/themeholt.png","width":225,"height":225,"caption":"ThemeHolt"},"image":{"@id":"https:\/\/themeholt.com\/#\/schema\/logo\/image\/"},"sameAs":["https:\/\/www.facebook.com\/themeholtT","https:\/\/x.com\/ThemeholtT","https:\/\/www.linkedin.com\/company\/themeholt","https:\/\/www.instagram.com\/themeholtt\/"],"description":"Themeholt is a website that offers high-quality WordPress themes that are easy to use and ready for just about everything. In Eindhoven, Netherlands, since 2020 offering simple, accessible WordPress themes by providing a variety of requirements. Themeholt focuses on practicality and efficiency, allowing faster project completion with its superior marketplace and easy-to-use templates.","legalName":"ThemeHolt","foundingDate":"2022-11-10","numberOfEmployees":{"@type":"QuantitativeValue","minValue":"51","maxValue":"200"}}]}},"_links":{"self":[{"href":"https:\/\/themeholt.com\/es\/wp-json\/wp\/v2\/product\/19570","targetHints":{"allow":["GET"]}}],"collection":[{"href":"https:\/\/themeholt.com\/es\/wp-json\/wp\/v2\/product"}],"about":[{"href":"https:\/\/themeholt.com\/es\/wp-json\/wp\/v2\/types\/product"}],"wp:featuredmedia":[{"embeddable":true,"href":"https:\/\/themeholt.com\/es\/wp-json\/wp\/v2\/media\/19571"}],"wp:attachment":[{"href":"https:\/\/themeholt.com\/es\/wp-json\/wp\/v2\/media?parent=19570"}],"wp:term":[{"taxonomy":"product_brand","embeddable":true,"href":"https:\/\/themeholt.com\/es\/wp-json\/wp\/v2\/product_brand?post=19570"},{"taxonomy":"product_cat","embeddable":true,"href":"https:\/\/themeholt.com\/es\/wp-json\/wp\/v2\/product_cat?post=19570"},{"taxonomy":"product_tag","embeddable":true,"href":"https:\/\/themeholt.com\/es\/wp-json\/wp\/v2\/product_tag?post=19570"}],"curies":[{"name":"wp","href":"https:\/\/api.w.org\/{rel}","templated":true}]}}