{"id":19580,"date":"2022-04-25T10:29:09","date_gmt":"2022-04-25T10:29:09","guid":{"rendered":"https:\/\/themeholt.com\/product\/games\/"},"modified":"2024-11-13T04:18:25","modified_gmt":"2024-11-13T04:18:25","slug":"gamez","status":"publish","type":"product","link":"https:\/\/themeholt.com\/es\/product\/gamez\/","title":{"rendered":"G\u00e1mez"},"content":{"rendered":"<p><span style=\"font-weight: 400\">Si eres un entusiasta de los juegos o un desarrollador de juegos que busca crear una presencia online atractiva, nuestros <\/span><b>Temas de juegos de WordPress <\/b><span style=\"font-weight: 400\">est\u00e1 aqu\u00ed para mejorar su sitio web de juegos. En esta publicaci\u00f3n de blog, exploraremos las interesantes funciones y c\u00f3mo pueden ayudarte a crear una experiencia de juego cautivadora para tus usuarios. Ya sea que est\u00e9 mostrando su cartera de juegos, ejecutando un blog de juegos o creando una comunidad de juegos, nuestros temas de juegos brindan la base perfecta para crear un sitio web visualmente atractivo y f\u00e1cil de usar que capture la esencia del mundo de los juegos.<\/span><\/p>\n<p>El <b>Tema de juego de WordPress<\/b>\u00a0ofrece una oportunidad fant\u00e1stica para mejorar su sitio web de juegos y crear una experiencia de juego inmersiva y cautivadora para sus usuarios. Con dise\u00f1os visualmente impresionantes, exhibiciones de carteras de juegos, blogs de juegos, funciones de creaci\u00f3n de comunidades y dise\u00f1os aptos para dispositivos m\u00f3viles, nuestros temas de juegos brindan la base para mostrar su pasi\u00f3n por los juegos y conectarse con otros jugadores. Aproveche el poder de llevar su sitio web de juegos a nuevos niveles de emoci\u00f3n y participaci\u00f3n.<\/p>\n","protected":false},"excerpt":{"rendered":"<ul>\n<li style=\"font-weight: 400\"><span style=\"font-weight: 400\">Caracter\u00edsticas impresionantes<\/span><\/li>\n<li style=\"font-weight: 400\"><span style=\"font-weight: 400\">P\u00e1ginas de usuario personalizadas<\/span><\/li>\n<li style=\"font-weight: 400\"><span style=\"font-weight: 400\">Formularios de interfaz de usuario<\/span><\/li>\n<li style=\"font-weight: 400\"><span style=\"font-weight: 400\">Control administrativo total<\/span><\/li>\n<li style=\"font-weight: 400\"><span style=\"font-weight: 400\">Soporte de WooCommerce<\/span><\/li>\n<li style=\"font-weight: 400\"><span style=\"font-weight: 400\">Dise\u00f1o totalmente responsivo<\/span><\/li>\n<li style=\"font-weight: 400\"><span style=\"font-weight: 400\">Compatible con varios navegadores<\/span><\/li>\n<li style=\"font-weight: 400\"><span style=\"font-weight: 400\">compatible con SEO<\/span><\/li>\n<li style=\"font-weight: 400\"><span style=\"font-weight: 400\">Extenso archivo de documentaci\u00f3n<\/span><\/li>\n<li style=\"font-weight: 400\"><span style=\"font-weight: 400\">Foro de soporte<\/span><\/li>\n<\/ul>\n","protected":false},"featured_media":19581,"template":"","meta":{"_acf_changed":false,"inline_featured_image":false},"product_brand":[],"product_cat":[1905],"product_tag":[1854,2117,2118,2119,2120],"class_list":{"0":"post-19580","1":"product","2":"type-product","3":"status-publish","4":"has-post-thumbnail","6":"product_cat-premium-themes-es","7":"product_tag-sports-game-themes-es","8":"product_tag-computer-game-themes-es","9":"product_tag-game-themes-es","10":"product_tag-most-iconic-video-game-themes-es","11":"product_tag-unique-game-themes-es","13":"first","14":"instock","15":"sale","16":"downloadable","17":"taxable","18":"shipping-taxable","19":"purchasable","20":"product-type-simple"},"acf":[],"yoast_head":"<!-- This site is optimized with the Yoast SEO Premium plugin v22.1 (Yoast SEO v26.0) - https:\/\/yoast.com\/wordpress\/plugins\/seo\/ -->\n<title>Temas de juegos gratuitos de WordPress: los mejores temas de juegos<\/title>\n<meta name=\"description\" content=\"Encuentre temas interesantes de juegos de computadora para sesiones de juego emocionantes. Busque una variedad de temas para cada tipo de juego. Lleva tu juego al siguiente nivel.\" \/>\n<meta name=\"robots\" content=\"index, follow, max-snippet:-1, max-image-preview:large, max-video-preview:-1\" \/>\n<link rel=\"canonical\" href=\"https:\/\/themeholt.com\/es\/product\/gamez\/\" \/>\n<meta property=\"og:locale\" content=\"es_ES\" \/>\n<meta property=\"og:type\" content=\"article\" \/>\n<meta property=\"og:title\" content=\"G\u00e1mez\" \/>\n<meta property=\"og:description\" content=\"Encuentre temas interesantes de juegos de computadora para sesiones de juego emocionantes. Busque una variedad de temas para cada tipo de juego. Lleva tu juego al siguiente nivel.\" \/>\n<meta property=\"og:url\" content=\"https:\/\/themeholt.com\/es\/product\/gamez\/\" \/>\n<meta property=\"og:site_name\" content=\"ThemeHolt\" \/>\n<meta property=\"article:publisher\" content=\"https:\/\/www.facebook.com\/themeholtT\" \/>\n<meta property=\"article:modified_time\" content=\"2024-11-13T04:18:25+00:00\" \/>\n<meta property=\"og:image\" content=\"https:\/\/themeholt.com\/wp-content\/uploads\/2022\/04\/games-new-games-theme.jpg\" \/>\n\t<meta property=\"og:image:width\" content=\"1300\" \/>\n\t<meta property=\"og:image:height\" content=\"1283\" \/>\n\t<meta property=\"og:image:type\" content=\"image\/jpeg\" \/>\n<meta name=\"twitter:card\" content=\"summary_large_image\" \/>\n<meta name=\"twitter:site\" content=\"@ThemeholtT\" \/>\n<meta name=\"twitter:label1\" content=\"Tiempo de lectura\" \/>\n\t<meta name=\"twitter:data1\" content=\"1 minuto\" \/>\n<script type=\"application\/ld+json\" class=\"yoast-schema-graph\">{\"@context\":\"https:\/\/schema.org\",\"@graph\":[{\"@type\":\"WebPage\",\"@id\":\"https:\/\/themeholt.com\/es\/product\/gamez\/\",\"url\":\"https:\/\/themeholt.com\/es\/product\/gamez\/\",\"name\":\"Temas de juegos gratuitos de WordPress: los mejores temas de juegos\",\"isPartOf\":{\"@id\":\"https:\/\/themeholt.com\/#website\"},\"primaryImageOfPage\":{\"@id\":\"https:\/\/themeholt.com\/es\/product\/gamez\/#primaryimage\"},\"image\":{\"@id\":\"https:\/\/themeholt.com\/es\/product\/gamez\/#primaryimage\"},\"thumbnailUrl\":\"https:\/\/themeholt.com\/wp-content\/uploads\/2022\/04\/games-new-games-theme.jpg\",\"datePublished\":\"2022-04-25T10:29:09+00:00\",\"dateModified\":\"2024-11-13T04:18:25+00:00\",\"description\":\"Encuentre temas interesantes de juegos de computadora para sesiones de juego emocionantes. Busque una variedad de temas para cada tipo de juego. Lleva tu juego al siguiente nivel.\",\"breadcrumb\":{\"@id\":\"https:\/\/themeholt.com\/es\/product\/gamez\/#breadcrumb\"},\"inLanguage\":\"es\",\"potentialAction\":[{\"@type\":\"ReadAction\",\"target\":[\"https:\/\/themeholt.com\/es\/product\/gamez\/\"]}]},{\"@type\":\"ImageObject\",\"inLanguage\":\"es\",\"@id\":\"https:\/\/themeholt.com\/es\/product\/gamez\/#primaryimage\",\"url\":\"https:\/\/themeholt.com\/wp-content\/uploads\/2022\/04\/games-new-games-theme.jpg\",\"contentUrl\":\"https:\/\/themeholt.com\/wp-content\/uploads\/2022\/04\/games-new-games-theme.jpg\",\"width\":1300,\"height\":1283},{\"@type\":\"BreadcrumbList\",\"@id\":\"https:\/\/themeholt.com\/es\/product\/gamez\/#breadcrumb\",\"itemListElement\":[{\"@type\":\"ListItem\",\"position\":1,\"name\":\"Home\",\"item\":\"https:\/\/themeholt.com\/es\/\"},{\"@type\":\"ListItem\",\"position\":2,\"name\":\"Shop\",\"item\":\"https:\/\/themeholt.com\/shop\/\"},{\"@type\":\"ListItem\",\"position\":3,\"name\":\"G\u00e1mez\"}]},{\"@type\":\"WebSite\",\"@id\":\"https:\/\/themeholt.com\/#website\",\"url\":\"https:\/\/themeholt.com\/\",\"name\":\"ThemeHolt\",\"description\":\"Themeholt is a website that offers high-quality WordPress themes\",\"publisher\":{\"@id\":\"https:\/\/themeholt.com\/#organization\"},\"potentialAction\":[{\"@type\":\"SearchAction\",\"target\":{\"@type\":\"EntryPoint\",\"urlTemplate\":\"https:\/\/themeholt.com\/?s={search_term_string}\"},\"query-input\":{\"@type\":\"PropertyValueSpecification\",\"valueRequired\":true,\"valueName\":\"search_term_string\"}}],\"inLanguage\":\"es\"},{\"@type\":\"Organization\",\"@id\":\"https:\/\/themeholt.com\/#organization\",\"name\":\"ThemeHolt\",\"alternateName\":\"ThemeHolt\",\"url\":\"https:\/\/themeholt.com\/\",\"logo\":{\"@type\":\"ImageObject\",\"inLanguage\":\"es\",\"@id\":\"https:\/\/themeholt.com\/#\/schema\/logo\/image\/\",\"url\":\"https:\/\/themeholt.com\/wp-content\/uploads\/2024\/10\/themeholt.png\",\"contentUrl\":\"https:\/\/themeholt.com\/wp-content\/uploads\/2024\/10\/themeholt.png\",\"width\":225,\"height\":225,\"caption\":\"ThemeHolt\"},\"image\":{\"@id\":\"https:\/\/themeholt.com\/#\/schema\/logo\/image\/\"},\"sameAs\":[\"https:\/\/www.facebook.com\/themeholtT\",\"https:\/\/x.com\/ThemeholtT\",\"https:\/\/www.linkedin.com\/company\/themeholt\",\"https:\/\/www.instagram.com\/themeholtt\/\"],\"description\":\"Themeholt is a website that offers high-quality WordPress themes that are easy to use and ready for just about everything. In Eindhoven, Netherlands, since 2020 offering simple, accessible WordPress themes by providing a variety of requirements. Themeholt focuses on practicality and efficiency, allowing faster project completion with its superior marketplace and easy-to-use templates.\",\"legalName\":\"ThemeHolt\",\"foundingDate\":\"2022-11-10\",\"numberOfEmployees\":{\"@type\":\"QuantitativeValue\",\"minValue\":\"51\",\"maxValue\":\"200\"}}]}<\/script>\n<!-- \/ Yoast SEO Premium plugin. -->","yoast_head_json":{"title":"Temas de juegos gratuitos de WordPress: los mejores temas de juegos","description":"Encuentre temas interesantes de juegos de computadora para sesiones de juego emocionantes. Busque una variedad de temas para cada tipo de juego. Lleva tu juego al siguiente nivel.","robots":{"index":"index","follow":"follow","max-snippet":"max-snippet:-1","max-image-preview":"max-image-preview:large","max-video-preview":"max-video-preview:-1"},"canonical":"https:\/\/themeholt.com\/es\/product\/gamez\/","og_locale":"es_ES","og_type":"article","og_title":"G\u00e1mez","og_description":"Encuentre temas interesantes de juegos de computadora para sesiones de juego emocionantes. Busque una variedad de temas para cada tipo de juego. Lleva tu juego al siguiente nivel.","og_url":"https:\/\/themeholt.com\/es\/product\/gamez\/","og_site_name":"ThemeHolt","article_publisher":"https:\/\/www.facebook.com\/themeholtT","article_modified_time":"2024-11-13T04:18:25+00:00","og_image":[{"width":1300,"height":1283,"url":"https:\/\/themeholt.com\/wp-content\/uploads\/2022\/04\/games-new-games-theme.jpg","type":"image\/jpeg"}],"twitter_card":"summary_large_image","twitter_site":"@ThemeholtT","twitter_misc":{"Tiempo de lectura":"1 minuto"},"schema":{"@context":"https:\/\/schema.org","@graph":[{"@type":"WebPage","@id":"https:\/\/themeholt.com\/es\/product\/gamez\/","url":"https:\/\/themeholt.com\/es\/product\/gamez\/","name":"Temas de juegos gratuitos de WordPress: los mejores temas de juegos","isPartOf":{"@id":"https:\/\/themeholt.com\/#website"},"primaryImageOfPage":{"@id":"https:\/\/themeholt.com\/es\/product\/gamez\/#primaryimage"},"image":{"@id":"https:\/\/themeholt.com\/es\/product\/gamez\/#primaryimage"},"thumbnailUrl":"https:\/\/themeholt.com\/wp-content\/uploads\/2022\/04\/games-new-games-theme.jpg","datePublished":"2022-04-25T10:29:09+00:00","dateModified":"2024-11-13T04:18:25+00:00","description":"Encuentre temas interesantes de juegos de computadora para sesiones de juego emocionantes. Busque una variedad de temas para cada tipo de juego. Lleva tu juego al siguiente nivel.","breadcrumb":{"@id":"https:\/\/themeholt.com\/es\/product\/gamez\/#breadcrumb"},"inLanguage":"es","potentialAction":[{"@type":"ReadAction","target":["https:\/\/themeholt.com\/es\/product\/gamez\/"]}]},{"@type":"ImageObject","inLanguage":"es","@id":"https:\/\/themeholt.com\/es\/product\/gamez\/#primaryimage","url":"https:\/\/themeholt.com\/wp-content\/uploads\/2022\/04\/games-new-games-theme.jpg","contentUrl":"https:\/\/themeholt.com\/wp-content\/uploads\/2022\/04\/games-new-games-theme.jpg","width":1300,"height":1283},{"@type":"BreadcrumbList","@id":"https:\/\/themeholt.com\/es\/product\/gamez\/#breadcrumb","itemListElement":[{"@type":"ListItem","position":1,"name":"Home","item":"https:\/\/themeholt.com\/es\/"},{"@type":"ListItem","position":2,"name":"Shop","item":"https:\/\/themeholt.com\/shop\/"},{"@type":"ListItem","position":3,"name":"G\u00e1mez"}]},{"@type":"WebSite","@id":"https:\/\/themeholt.com\/#website","url":"https:\/\/themeholt.com\/","name":"ThemeHolt","description":"Themeholt is a website that offers high-quality WordPress themes","publisher":{"@id":"https:\/\/themeholt.com\/#organization"},"potentialAction":[{"@type":"SearchAction","target":{"@type":"EntryPoint","urlTemplate":"https:\/\/themeholt.com\/?s={search_term_string}"},"query-input":{"@type":"PropertyValueSpecification","valueRequired":true,"valueName":"search_term_string"}}],"inLanguage":"es"},{"@type":"Organization","@id":"https:\/\/themeholt.com\/#organization","name":"ThemeHolt","alternateName":"ThemeHolt","url":"https:\/\/themeholt.com\/","logo":{"@type":"ImageObject","inLanguage":"es","@id":"https:\/\/themeholt.com\/#\/schema\/logo\/image\/","url":"https:\/\/themeholt.com\/wp-content\/uploads\/2024\/10\/themeholt.png","contentUrl":"https:\/\/themeholt.com\/wp-content\/uploads\/2024\/10\/themeholt.png","width":225,"height":225,"caption":"ThemeHolt"},"image":{"@id":"https:\/\/themeholt.com\/#\/schema\/logo\/image\/"},"sameAs":["https:\/\/www.facebook.com\/themeholtT","https:\/\/x.com\/ThemeholtT","https:\/\/www.linkedin.com\/company\/themeholt","https:\/\/www.instagram.com\/themeholtt\/"],"description":"Themeholt is a website that offers high-quality WordPress themes that are easy to use and ready for just about everything. In Eindhoven, Netherlands, since 2020 offering simple, accessible WordPress themes by providing a variety of requirements. Themeholt focuses on practicality and efficiency, allowing faster project completion with its superior marketplace and easy-to-use templates.","legalName":"ThemeHolt","foundingDate":"2022-11-10","numberOfEmployees":{"@type":"QuantitativeValue","minValue":"51","maxValue":"200"}}]}},"_links":{"self":[{"href":"https:\/\/themeholt.com\/es\/wp-json\/wp\/v2\/product\/19580","targetHints":{"allow":["GET"]}}],"collection":[{"href":"https:\/\/themeholt.com\/es\/wp-json\/wp\/v2\/product"}],"about":[{"href":"https:\/\/themeholt.com\/es\/wp-json\/wp\/v2\/types\/product"}],"wp:featuredmedia":[{"embeddable":true,"href":"https:\/\/themeholt.com\/es\/wp-json\/wp\/v2\/media\/19581"}],"wp:attachment":[{"href":"https:\/\/themeholt.com\/es\/wp-json\/wp\/v2\/media?parent=19580"}],"wp:term":[{"taxonomy":"product_brand","embeddable":true,"href":"https:\/\/themeholt.com\/es\/wp-json\/wp\/v2\/product_brand?post=19580"},{"taxonomy":"product_cat","embeddable":true,"href":"https:\/\/themeholt.com\/es\/wp-json\/wp\/v2\/product_cat?post=19580"},{"taxonomy":"product_tag","embeddable":true,"href":"https:\/\/themeholt.com\/es\/wp-json\/wp\/v2\/product_tag?post=19580"}],"curies":[{"name":"wp","href":"https:\/\/api.w.org\/{rel}","templated":true}]}}