{"id":19595,"date":"2022-04-25T10:56:12","date_gmt":"2022-04-25T10:56:12","guid":{"rendered":"https:\/\/themeholt.com\/product\/restaurant\/"},"modified":"2024-11-13T04:28:48","modified_gmt":"2024-11-13T04:28:48","slug":"dueno-del-restaurante","status":"publish","type":"product","link":"https:\/\/themeholt.com\/es\/product\/dueno-del-restaurante\/","title":{"rendered":"Due\u00f1o del restaurante"},"content":{"rendered":"<p><span style=\"font-weight: 400\">WordPress es un popular sistema de gesti\u00f3n de contenidos (CMS) que se puede utilizar para crear varios sitios web, incluidos restaurantes. Muchos temas de WordPress est\u00e1n dise\u00f1ados espec\u00edficamente para restaurantes y algunos de estos temas tambi\u00e9n incluyen funcionalidad de comercio electr\u00f3nico.<\/span><\/p>\n<p><span style=\"font-weight: 400\">La funcionalidad de comercio electr\u00f3nico permite a los propietarios de restaurantes vender sus alimentos y bebidas en l\u00ednea. Esta puede ser una excelente manera de llegar a nuevos clientes y aumentar las ventas. Hay muchos<\/span><b>temas de comercio electr\u00f3nico de WordPress para restaurantes<\/b><span style=\"font-weight: 400\">complementos disponibles para WordPress, y algunos est\u00e1n dise\u00f1ados espec\u00edficamente para restaurantes.<\/span><\/p>\n<p><span style=\"font-weight: 400\">Al elegir un <\/span><b>tema de WordPress para restaurante creativo<\/b><span style=\"font-weight: 400\"> para su restaurante, es esencial considere los siguientes factores:<\/span><\/p>\n<p><span style=\"font-weight: 400\">Dise\u00f1o: el tema debe tener un dise\u00f1o visualmente atractivo que refleje el estilo de su restaurante.<\/span><\/p>\n<p><span style=\"font-weight: 400\">Caracter\u00edsticas: el tema debe tener las caracter\u00edsticas necesarias para ejecutar sus tiendas en l\u00ednea, como un creador de men\u00fas, un carrito de compras y un proceso de pago.<\/span><\/p>\n<p><span style=\"font-weight: 400\">Soporte: el tema debe tener un buen soporte por parte del desarrollador en caso de que necesite ayuda con la instalaci\u00f3n o personalizaci\u00f3n.<\/span><\/p>\n","protected":false},"excerpt":{"rendered":"<p>&nbsp;<\/p>\n<ul>\n<li style=\"font-weight: 400\"><span style=\"font-weight: 400\">F\u00e1cil de usar<\/span><\/li>\n<li>Desplazamiento de paralaje<\/li>\n<li style=\"font-weight: 400\">Dise\u00f1os de men\u00fas de comida<\/li>\n<li>Dise\u00f1os de blog<\/li>\n<li>Gesti\u00f3n de reservas online<\/li>\n<li style=\"font-weight: 400\"><span style=\"font-weight: 400\">Importaci\u00f3n de demostraci\u00f3n con un clic<\/span><\/li>\n<li style=\"font-weight: 400\"><span style=\"font-weight: 400\">Descripci\u00f3n ampliada del producto listo para usar<\/span><\/li>\n<li style=\"font-weight: 400\"><span style=\"font-weight: 400\">Galer\u00eda de Instagram<\/span><\/li>\n<li style=\"font-weight: 400\"><span style=\"font-weight: 400\">Tema ya traducido en varios idiomas<\/span><\/li>\n<li style=\"font-weight: 400\"><span style=\"font-weight: 400\">Precargador de p\u00e1gina de inicio<\/span><\/li>\n<li style=\"font-weight: 400\"><span style=\"font-weight: 400\">Cada p\u00e1gina est\u00e1 personalizada<\/span><\/li>\n<li style=\"font-weight: 400\"><span style=\"font-weight: 400\">Documentaci\u00f3n detallada<\/span><\/li>\n<li>Amigable para dispositivos m\u00f3viles<\/li>\n<li style=\"font-weight: 400\"><span style=\"font-weight: 400\">F\u00e1cil personalizaci\u00f3n con c\u00f3digo bien estructurado y comentado<\/span><\/li>\n<\/ul>\n<p>&nbsp;<\/p>\n","protected":false},"featured_media":19596,"template":"","meta":{"_acf_changed":false,"inline_featured_image":false},"product_brand":[],"product_cat":[1905],"product_tag":[1863,1864,2129,2130,2131,2132],"class_list":{"0":"post-19595","1":"product","2":"type-product","3":"status-publish","4":"has-post-thumbnail","6":"product_cat-premium-themes-es","7":"product_tag-best-restaurant-themes-ideas-es","8":"product_tag-fast-food-restaurant-themes-es","9":"product_tag-themes-for-restaurant-interior-es","10":"product_tag-unique-menu-templates-es","11":"product_tag-unique-restaurant-ideas-es","12":"product_tag-unique-restaurant-themes-es","14":"first","15":"instock","16":"sale","17":"downloadable","18":"taxable","19":"shipping-taxable","20":"purchasable","21":"product-type-simple"},"acf":[],"yoast_head":"<!-- This site is optimized with the Yoast SEO Premium plugin v22.1 (Yoast SEO v26.0) - https:\/\/yoast.com\/wordpress\/plugins\/seo\/ -->\n<title>Temas de comercio electr\u00f3nico de WordPress para restaurantes | Restaurante Thame<\/title>\n<meta name=\"description\" content=\"Cree una presentaci\u00f3n en l\u00ednea con un tema ekomerche de WordPress para restaurante. Aproveche una variedad de productos dom\u00e9sticos y comience a vender alimentos legales en l\u00ednea hoy.\" \/>\n<meta name=\"robots\" content=\"index, follow, max-snippet:-1, max-image-preview:large, max-video-preview:-1\" \/>\n<link rel=\"canonical\" href=\"https:\/\/themeholt.com\/es\/product\/dueno-del-restaurante\/\" \/>\n<meta property=\"og:locale\" content=\"es_ES\" \/>\n<meta property=\"og:type\" content=\"article\" \/>\n<meta property=\"og:title\" content=\"Due\u00f1o del restaurante\" \/>\n<meta property=\"og:description\" content=\"Cree una presentaci\u00f3n en l\u00ednea con un tema ekomerche de WordPress para restaurante. Aproveche una variedad de productos dom\u00e9sticos y comience a vender alimentos legales en l\u00ednea hoy.\" \/>\n<meta property=\"og:url\" content=\"https:\/\/themeholt.com\/es\/product\/dueno-del-restaurante\/\" \/>\n<meta property=\"og:site_name\" content=\"ThemeHolt\" \/>\n<meta property=\"article:publisher\" content=\"https:\/\/www.facebook.com\/themeholtT\" \/>\n<meta property=\"article:modified_time\" content=\"2024-11-13T04:28:48+00:00\" \/>\n<meta property=\"og:image\" content=\"https:\/\/themeholt.com\/wp-content\/uploads\/2022\/04\/best-restaurants-theme.jpg\" \/>\n\t<meta property=\"og:image:width\" content=\"1300\" \/>\n\t<meta property=\"og:image:height\" content=\"1283\" \/>\n\t<meta property=\"og:image:type\" content=\"image\/jpeg\" \/>\n<meta name=\"twitter:card\" content=\"summary_large_image\" \/>\n<meta name=\"twitter:site\" content=\"@ThemeholtT\" \/>\n<meta name=\"twitter:label1\" content=\"Tiempo de lectura\" \/>\n\t<meta name=\"twitter:data1\" content=\"1 minuto\" \/>\n<script type=\"application\/ld+json\" class=\"yoast-schema-graph\">{\"@context\":\"https:\/\/schema.org\",\"@graph\":[{\"@type\":\"WebPage\",\"@id\":\"https:\/\/themeholt.com\/es\/product\/dueno-del-restaurante\/\",\"url\":\"https:\/\/themeholt.com\/es\/product\/dueno-del-restaurante\/\",\"name\":\"Temas de comercio electr\u00f3nico de WordPress para restaurantes | Restaurante Thame\",\"isPartOf\":{\"@id\":\"https:\/\/themeholt.com\/#website\"},\"primaryImageOfPage\":{\"@id\":\"https:\/\/themeholt.com\/es\/product\/dueno-del-restaurante\/#primaryimage\"},\"image\":{\"@id\":\"https:\/\/themeholt.com\/es\/product\/dueno-del-restaurante\/#primaryimage\"},\"thumbnailUrl\":\"https:\/\/themeholt.com\/wp-content\/uploads\/2022\/04\/best-restaurants-theme.jpg\",\"datePublished\":\"2022-04-25T10:56:12+00:00\",\"dateModified\":\"2024-11-13T04:28:48+00:00\",\"description\":\"Cree una presentaci\u00f3n en l\u00ednea con un tema ekomerche de WordPress para restaurante. Aproveche una variedad de productos dom\u00e9sticos y comience a vender alimentos legales en l\u00ednea hoy.\",\"breadcrumb\":{\"@id\":\"https:\/\/themeholt.com\/es\/product\/dueno-del-restaurante\/#breadcrumb\"},\"inLanguage\":\"es\",\"potentialAction\":[{\"@type\":\"ReadAction\",\"target\":[\"https:\/\/themeholt.com\/es\/product\/dueno-del-restaurante\/\"]}]},{\"@type\":\"ImageObject\",\"inLanguage\":\"es\",\"@id\":\"https:\/\/themeholt.com\/es\/product\/dueno-del-restaurante\/#primaryimage\",\"url\":\"https:\/\/themeholt.com\/wp-content\/uploads\/2022\/04\/best-restaurants-theme.jpg\",\"contentUrl\":\"https:\/\/themeholt.com\/wp-content\/uploads\/2022\/04\/best-restaurants-theme.jpg\",\"width\":1300,\"height\":1283},{\"@type\":\"BreadcrumbList\",\"@id\":\"https:\/\/themeholt.com\/es\/product\/dueno-del-restaurante\/#breadcrumb\",\"itemListElement\":[{\"@type\":\"ListItem\",\"position\":1,\"name\":\"Home\",\"item\":\"https:\/\/themeholt.com\/es\/\"},{\"@type\":\"ListItem\",\"position\":2,\"name\":\"Shop\",\"item\":\"https:\/\/themeholt.com\/shop\/\"},{\"@type\":\"ListItem\",\"position\":3,\"name\":\"Due\u00f1o del restaurante\"}]},{\"@type\":\"WebSite\",\"@id\":\"https:\/\/themeholt.com\/#website\",\"url\":\"https:\/\/themeholt.com\/\",\"name\":\"ThemeHolt\",\"description\":\"Themeholt is a website that offers high-quality WordPress themes\",\"publisher\":{\"@id\":\"https:\/\/themeholt.com\/#organization\"},\"potentialAction\":[{\"@type\":\"SearchAction\",\"target\":{\"@type\":\"EntryPoint\",\"urlTemplate\":\"https:\/\/themeholt.com\/?s={search_term_string}\"},\"query-input\":{\"@type\":\"PropertyValueSpecification\",\"valueRequired\":true,\"valueName\":\"search_term_string\"}}],\"inLanguage\":\"es\"},{\"@type\":\"Organization\",\"@id\":\"https:\/\/themeholt.com\/#organization\",\"name\":\"ThemeHolt\",\"alternateName\":\"ThemeHolt\",\"url\":\"https:\/\/themeholt.com\/\",\"logo\":{\"@type\":\"ImageObject\",\"inLanguage\":\"es\",\"@id\":\"https:\/\/themeholt.com\/#\/schema\/logo\/image\/\",\"url\":\"https:\/\/themeholt.com\/wp-content\/uploads\/2024\/10\/themeholt.png\",\"contentUrl\":\"https:\/\/themeholt.com\/wp-content\/uploads\/2024\/10\/themeholt.png\",\"width\":225,\"height\":225,\"caption\":\"ThemeHolt\"},\"image\":{\"@id\":\"https:\/\/themeholt.com\/#\/schema\/logo\/image\/\"},\"sameAs\":[\"https:\/\/www.facebook.com\/themeholtT\",\"https:\/\/x.com\/ThemeholtT\",\"https:\/\/www.linkedin.com\/company\/themeholt\",\"https:\/\/www.instagram.com\/themeholtt\/\"],\"description\":\"Themeholt is a website that offers high-quality WordPress themes that are easy to use and ready for just about everything. In Eindhoven, Netherlands, since 2020 offering simple, accessible WordPress themes by providing a variety of requirements. Themeholt focuses on practicality and efficiency, allowing faster project completion with its superior marketplace and easy-to-use templates.\",\"legalName\":\"ThemeHolt\",\"foundingDate\":\"2022-11-10\",\"numberOfEmployees\":{\"@type\":\"QuantitativeValue\",\"minValue\":\"51\",\"maxValue\":\"200\"}}]}<\/script>\n<!-- \/ Yoast SEO Premium plugin. -->","yoast_head_json":{"title":"Temas de comercio electr\u00f3nico de WordPress para restaurantes | Restaurante Thame","description":"Cree una presentaci\u00f3n en l\u00ednea con un tema ekomerche de WordPress para restaurante. Aproveche una variedad de productos dom\u00e9sticos y comience a vender alimentos legales en l\u00ednea hoy.","robots":{"index":"index","follow":"follow","max-snippet":"max-snippet:-1","max-image-preview":"max-image-preview:large","max-video-preview":"max-video-preview:-1"},"canonical":"https:\/\/themeholt.com\/es\/product\/dueno-del-restaurante\/","og_locale":"es_ES","og_type":"article","og_title":"Due\u00f1o del restaurante","og_description":"Cree una presentaci\u00f3n en l\u00ednea con un tema ekomerche de WordPress para restaurante. Aproveche una variedad de productos dom\u00e9sticos y comience a vender alimentos legales en l\u00ednea hoy.","og_url":"https:\/\/themeholt.com\/es\/product\/dueno-del-restaurante\/","og_site_name":"ThemeHolt","article_publisher":"https:\/\/www.facebook.com\/themeholtT","article_modified_time":"2024-11-13T04:28:48+00:00","og_image":[{"width":1300,"height":1283,"url":"https:\/\/themeholt.com\/wp-content\/uploads\/2022\/04\/best-restaurants-theme.jpg","type":"image\/jpeg"}],"twitter_card":"summary_large_image","twitter_site":"@ThemeholtT","twitter_misc":{"Tiempo de lectura":"1 minuto"},"schema":{"@context":"https:\/\/schema.org","@graph":[{"@type":"WebPage","@id":"https:\/\/themeholt.com\/es\/product\/dueno-del-restaurante\/","url":"https:\/\/themeholt.com\/es\/product\/dueno-del-restaurante\/","name":"Temas de comercio electr\u00f3nico de WordPress para restaurantes | Restaurante Thame","isPartOf":{"@id":"https:\/\/themeholt.com\/#website"},"primaryImageOfPage":{"@id":"https:\/\/themeholt.com\/es\/product\/dueno-del-restaurante\/#primaryimage"},"image":{"@id":"https:\/\/themeholt.com\/es\/product\/dueno-del-restaurante\/#primaryimage"},"thumbnailUrl":"https:\/\/themeholt.com\/wp-content\/uploads\/2022\/04\/best-restaurants-theme.jpg","datePublished":"2022-04-25T10:56:12+00:00","dateModified":"2024-11-13T04:28:48+00:00","description":"Cree una presentaci\u00f3n en l\u00ednea con un tema ekomerche de WordPress para restaurante. Aproveche una variedad de productos dom\u00e9sticos y comience a vender alimentos legales en l\u00ednea hoy.","breadcrumb":{"@id":"https:\/\/themeholt.com\/es\/product\/dueno-del-restaurante\/#breadcrumb"},"inLanguage":"es","potentialAction":[{"@type":"ReadAction","target":["https:\/\/themeholt.com\/es\/product\/dueno-del-restaurante\/"]}]},{"@type":"ImageObject","inLanguage":"es","@id":"https:\/\/themeholt.com\/es\/product\/dueno-del-restaurante\/#primaryimage","url":"https:\/\/themeholt.com\/wp-content\/uploads\/2022\/04\/best-restaurants-theme.jpg","contentUrl":"https:\/\/themeholt.com\/wp-content\/uploads\/2022\/04\/best-restaurants-theme.jpg","width":1300,"height":1283},{"@type":"BreadcrumbList","@id":"https:\/\/themeholt.com\/es\/product\/dueno-del-restaurante\/#breadcrumb","itemListElement":[{"@type":"ListItem","position":1,"name":"Home","item":"https:\/\/themeholt.com\/es\/"},{"@type":"ListItem","position":2,"name":"Shop","item":"https:\/\/themeholt.com\/shop\/"},{"@type":"ListItem","position":3,"name":"Due\u00f1o del restaurante"}]},{"@type":"WebSite","@id":"https:\/\/themeholt.com\/#website","url":"https:\/\/themeholt.com\/","name":"ThemeHolt","description":"Themeholt is a website that offers high-quality WordPress themes","publisher":{"@id":"https:\/\/themeholt.com\/#organization"},"potentialAction":[{"@type":"SearchAction","target":{"@type":"EntryPoint","urlTemplate":"https:\/\/themeholt.com\/?s={search_term_string}"},"query-input":{"@type":"PropertyValueSpecification","valueRequired":true,"valueName":"search_term_string"}}],"inLanguage":"es"},{"@type":"Organization","@id":"https:\/\/themeholt.com\/#organization","name":"ThemeHolt","alternateName":"ThemeHolt","url":"https:\/\/themeholt.com\/","logo":{"@type":"ImageObject","inLanguage":"es","@id":"https:\/\/themeholt.com\/#\/schema\/logo\/image\/","url":"https:\/\/themeholt.com\/wp-content\/uploads\/2024\/10\/themeholt.png","contentUrl":"https:\/\/themeholt.com\/wp-content\/uploads\/2024\/10\/themeholt.png","width":225,"height":225,"caption":"ThemeHolt"},"image":{"@id":"https:\/\/themeholt.com\/#\/schema\/logo\/image\/"},"sameAs":["https:\/\/www.facebook.com\/themeholtT","https:\/\/x.com\/ThemeholtT","https:\/\/www.linkedin.com\/company\/themeholt","https:\/\/www.instagram.com\/themeholtt\/"],"description":"Themeholt is a website that offers high-quality WordPress themes that are easy to use and ready for just about everything. In Eindhoven, Netherlands, since 2020 offering simple, accessible WordPress themes by providing a variety of requirements. Themeholt focuses on practicality and efficiency, allowing faster project completion with its superior marketplace and easy-to-use templates.","legalName":"ThemeHolt","foundingDate":"2022-11-10","numberOfEmployees":{"@type":"QuantitativeValue","minValue":"51","maxValue":"200"}}]}},"_links":{"self":[{"href":"https:\/\/themeholt.com\/es\/wp-json\/wp\/v2\/product\/19595","targetHints":{"allow":["GET"]}}],"collection":[{"href":"https:\/\/themeholt.com\/es\/wp-json\/wp\/v2\/product"}],"about":[{"href":"https:\/\/themeholt.com\/es\/wp-json\/wp\/v2\/types\/product"}],"wp:featuredmedia":[{"embeddable":true,"href":"https:\/\/themeholt.com\/es\/wp-json\/wp\/v2\/media\/19596"}],"wp:attachment":[{"href":"https:\/\/themeholt.com\/es\/wp-json\/wp\/v2\/media?parent=19595"}],"wp:term":[{"taxonomy":"product_brand","embeddable":true,"href":"https:\/\/themeholt.com\/es\/wp-json\/wp\/v2\/product_brand?post=19595"},{"taxonomy":"product_cat","embeddable":true,"href":"https:\/\/themeholt.com\/es\/wp-json\/wp\/v2\/product_cat?post=19595"},{"taxonomy":"product_tag","embeddable":true,"href":"https:\/\/themeholt.com\/es\/wp-json\/wp\/v2\/product_tag?post=19595"}],"curies":[{"name":"wp","href":"https:\/\/api.w.org\/{rel}","templated":true}]}}