{"id":19604,"date":"2022-04-25T10:38:33","date_gmt":"2022-04-25T10:38:33","guid":{"rendered":"https:\/\/themeholt.com\/product\/lawyer\/"},"modified":"2024-11-13T04:44:30","modified_gmt":"2024-11-13T04:44:30","slug":"lavadero","status":"publish","type":"product","link":"https:\/\/themeholt.com\/es\/product\/lavadero\/","title":{"rendered":"lavadero"},"content":{"rendered":"<p><span style=\"font-weight: 400\">Bienvenido a nuestro <\/span><b>Tema de WordPress para abogados <\/b><span style=\"font-weight: 400\">blog<\/span><b>, <\/b><span style=\"font-weight: 400\"> donde exploramos la intersecci\u00f3n del derecho, la tecnolog\u00eda y el profesionalismo. Dise\u00f1ado espec\u00edficamente para profesionales del derecho, nuestro tema ofrece una plataforma perfecta para mostrar su experiencia, conectarse con clientes y generar confianza.<\/span><\/p>\n<p><span style=\"font-weight: 400\">Mant\u00e9ngase actualizado con las \u00faltimas tendencias y desarrollos legales a trav\u00e9s de nuestro an\u00e1lisis integral de estudios de casos, cambios legislativos y decisiones judiciales hist\u00f3ricas. Proporcionamos ex\u00e1menes en profundidad de cuestiones legales complejas, dividi\u00e9ndolas en art\u00edculos f\u00e1cilmente digeribles que son accesibles tanto para los profesionales del derecho como para las personas que buscan informaci\u00f3n legal.<\/span><\/p>\n<p><span style=\"font-weight: 400\">Construir una s\u00f3lida presencia en l\u00ednea es esencial en la era digital actual, y nuestro blog sobre el tema de WordPress para abogados ofrece valiosos consejos para optimizar su sitio web, aprovechar las redes sociales y mejorar su reputaci\u00f3n en l\u00ednea. Descubra estrategias de marketing legal, optimizaci\u00f3n de motores de b\u00fasqueda y desarrollo de marca eficaces para garantizar que su empresa se destaque.<\/span><\/p>\n","protected":false},"excerpt":{"rendered":"<p>&nbsp;<\/p>\n<ul>\n<li style=\"font-weight: 400\"><span style=\"font-weight: 400\">Dise\u00f1o totalmente responsivo<\/span><\/li>\n<li style=\"font-weight: 400\"><span style=\"font-weight: 400\">Compatible con SEO<\/span><\/li>\n<li style=\"font-weight: 400\"><span style=\"font-weight: 400\">Listo para traducci\u00f3n<\/span><\/li>\n<li style=\"font-weight: 400\"><span style=\"font-weight: 400\">Potentes opciones de tema<\/span><\/li>\n<li style=\"font-weight: 400\"><span style=\"font-weight: 400\">Soporte m\u00f3vil<\/span><\/li>\n<li style=\"font-weight: 400\"><span style=\"font-weight: 400\">Estilos ilimitados<\/span><\/li>\n<li style=\"font-weight: 400\"><span style=\"font-weight: 400\">Rendimiento de alta velocidad<\/span><\/li>\n<\/ul>\n","protected":false},"featured_media":19605,"template":"","meta":{"_acf_changed":false,"inline_featured_image":false},"product_brand":[],"product_cat":[1884],"product_tag":[1813,2138,2139,2140,2141],"class_list":{"0":"post-19604","1":"product","2":"type-product","3":"status-publish","4":"has-post-thumbnail","6":"product_cat-best-seller-es","7":"product_tag-best-law-firm-wordpress-themes-es","8":"product_tag-attorneys-wordpress-theme-es","9":"product_tag-law-firm-website-template-es","10":"product_tag-lawyer-wordpress-theme-es","11":"product_tag-lawyers-es","13":"first","14":"instock","15":"sale","16":"downloadable","17":"taxable","18":"shipping-taxable","19":"purchasable","20":"product-type-simple"},"acf":[],"yoast_head":"<!-- This site is optimized with the Yoast SEO Premium plugin v22.1 (Yoast SEO v26.0) - https:\/\/yoast.com\/wordpress\/plugins\/seo\/ -->\n<title>Tema de WordPress para amantes | Tema de WordPress para abogados<\/title>\n<meta name=\"description\" content=\"Experimente el poder del profesional con nuestro tema gratuito de WordPress Laver. Demuestre experiencia legal y genere confianza con un dise\u00f1o de sitio web autorizado\" \/>\n<meta name=\"robots\" content=\"index, follow, max-snippet:-1, max-image-preview:large, max-video-preview:-1\" \/>\n<link rel=\"canonical\" href=\"https:\/\/themeholt.com\/es\/product\/lavadero\/\" \/>\n<meta property=\"og:locale\" content=\"es_ES\" \/>\n<meta property=\"og:type\" content=\"article\" \/>\n<meta property=\"og:title\" content=\"lavadero\" \/>\n<meta property=\"og:description\" content=\"Experimente el poder del profesional con nuestro tema gratuito de WordPress Laver. Demuestre experiencia legal y genere confianza con un dise\u00f1o de sitio web autorizado\" \/>\n<meta property=\"og:url\" content=\"https:\/\/themeholt.com\/es\/product\/lavadero\/\" \/>\n<meta property=\"og:site_name\" content=\"ThemeHolt\" \/>\n<meta property=\"article:publisher\" content=\"https:\/\/www.facebook.com\/themeholtT\" \/>\n<meta property=\"article:modified_time\" content=\"2024-11-13T04:44:30+00:00\" \/>\n<meta property=\"og:image\" content=\"https:\/\/themeholt.com\/wp-content\/uploads\/2022\/04\/Business-Law-theme.jpg\" \/>\n\t<meta property=\"og:image:width\" content=\"1300\" \/>\n\t<meta property=\"og:image:height\" content=\"1283\" \/>\n\t<meta property=\"og:image:type\" content=\"image\/jpeg\" \/>\n<meta name=\"twitter:card\" content=\"summary_large_image\" \/>\n<meta name=\"twitter:site\" content=\"@ThemeholtT\" \/>\n<meta name=\"twitter:label1\" content=\"Tiempo de lectura\" \/>\n\t<meta name=\"twitter:data1\" content=\"1 minuto\" \/>\n<script type=\"application\/ld+json\" class=\"yoast-schema-graph\">{\"@context\":\"https:\/\/schema.org\",\"@graph\":[{\"@type\":\"WebPage\",\"@id\":\"https:\/\/themeholt.com\/es\/product\/lavadero\/\",\"url\":\"https:\/\/themeholt.com\/es\/product\/lavadero\/\",\"name\":\"Tema de WordPress para amantes | Tema de WordPress para abogados\",\"isPartOf\":{\"@id\":\"https:\/\/themeholt.com\/#website\"},\"primaryImageOfPage\":{\"@id\":\"https:\/\/themeholt.com\/es\/product\/lavadero\/#primaryimage\"},\"image\":{\"@id\":\"https:\/\/themeholt.com\/es\/product\/lavadero\/#primaryimage\"},\"thumbnailUrl\":\"https:\/\/themeholt.com\/wp-content\/uploads\/2022\/04\/Business-Law-theme.jpg\",\"datePublished\":\"2022-04-25T10:38:33+00:00\",\"dateModified\":\"2024-11-13T04:44:30+00:00\",\"description\":\"Experimente el poder del profesional con nuestro tema gratuito de WordPress Laver. Demuestre experiencia legal y genere confianza con un dise\u00f1o de sitio web autorizado\",\"breadcrumb\":{\"@id\":\"https:\/\/themeholt.com\/es\/product\/lavadero\/#breadcrumb\"},\"inLanguage\":\"es\",\"potentialAction\":[{\"@type\":\"ReadAction\",\"target\":[\"https:\/\/themeholt.com\/es\/product\/lavadero\/\"]}]},{\"@type\":\"ImageObject\",\"inLanguage\":\"es\",\"@id\":\"https:\/\/themeholt.com\/es\/product\/lavadero\/#primaryimage\",\"url\":\"https:\/\/themeholt.com\/wp-content\/uploads\/2022\/04\/Business-Law-theme.jpg\",\"contentUrl\":\"https:\/\/themeholt.com\/wp-content\/uploads\/2022\/04\/Business-Law-theme.jpg\",\"width\":1300,\"height\":1283},{\"@type\":\"BreadcrumbList\",\"@id\":\"https:\/\/themeholt.com\/es\/product\/lavadero\/#breadcrumb\",\"itemListElement\":[{\"@type\":\"ListItem\",\"position\":1,\"name\":\"Home\",\"item\":\"https:\/\/themeholt.com\/es\/\"},{\"@type\":\"ListItem\",\"position\":2,\"name\":\"Shop\",\"item\":\"https:\/\/themeholt.com\/shop\/\"},{\"@type\":\"ListItem\",\"position\":3,\"name\":\"lavadero\"}]},{\"@type\":\"WebSite\",\"@id\":\"https:\/\/themeholt.com\/#website\",\"url\":\"https:\/\/themeholt.com\/\",\"name\":\"ThemeHolt\",\"description\":\"Themeholt is a website that offers high-quality WordPress themes\",\"publisher\":{\"@id\":\"https:\/\/themeholt.com\/#organization\"},\"potentialAction\":[{\"@type\":\"SearchAction\",\"target\":{\"@type\":\"EntryPoint\",\"urlTemplate\":\"https:\/\/themeholt.com\/?s={search_term_string}\"},\"query-input\":{\"@type\":\"PropertyValueSpecification\",\"valueRequired\":true,\"valueName\":\"search_term_string\"}}],\"inLanguage\":\"es\"},{\"@type\":\"Organization\",\"@id\":\"https:\/\/themeholt.com\/#organization\",\"name\":\"ThemeHolt\",\"alternateName\":\"ThemeHolt\",\"url\":\"https:\/\/themeholt.com\/\",\"logo\":{\"@type\":\"ImageObject\",\"inLanguage\":\"es\",\"@id\":\"https:\/\/themeholt.com\/#\/schema\/logo\/image\/\",\"url\":\"https:\/\/themeholt.com\/wp-content\/uploads\/2024\/10\/themeholt.png\",\"contentUrl\":\"https:\/\/themeholt.com\/wp-content\/uploads\/2024\/10\/themeholt.png\",\"width\":225,\"height\":225,\"caption\":\"ThemeHolt\"},\"image\":{\"@id\":\"https:\/\/themeholt.com\/#\/schema\/logo\/image\/\"},\"sameAs\":[\"https:\/\/www.facebook.com\/themeholtT\",\"https:\/\/x.com\/ThemeholtT\",\"https:\/\/www.linkedin.com\/company\/themeholt\",\"https:\/\/www.instagram.com\/themeholtt\/\"],\"description\":\"Themeholt is a website that offers high-quality WordPress themes that are easy to use and ready for just about everything. In Eindhoven, Netherlands, since 2020 offering simple, accessible WordPress themes by providing a variety of requirements. Themeholt focuses on practicality and efficiency, allowing faster project completion with its superior marketplace and easy-to-use templates.\",\"legalName\":\"ThemeHolt\",\"foundingDate\":\"2022-11-10\",\"numberOfEmployees\":{\"@type\":\"QuantitativeValue\",\"minValue\":\"51\",\"maxValue\":\"200\"}}]}<\/script>\n<!-- \/ Yoast SEO Premium plugin. -->","yoast_head_json":{"title":"Tema de WordPress para amantes | Tema de WordPress para abogados","description":"Experimente el poder del profesional con nuestro tema gratuito de WordPress Laver. Demuestre experiencia legal y genere confianza con un dise\u00f1o de sitio web autorizado","robots":{"index":"index","follow":"follow","max-snippet":"max-snippet:-1","max-image-preview":"max-image-preview:large","max-video-preview":"max-video-preview:-1"},"canonical":"https:\/\/themeholt.com\/es\/product\/lavadero\/","og_locale":"es_ES","og_type":"article","og_title":"lavadero","og_description":"Experimente el poder del profesional con nuestro tema gratuito de WordPress Laver. Demuestre experiencia legal y genere confianza con un dise\u00f1o de sitio web autorizado","og_url":"https:\/\/themeholt.com\/es\/product\/lavadero\/","og_site_name":"ThemeHolt","article_publisher":"https:\/\/www.facebook.com\/themeholtT","article_modified_time":"2024-11-13T04:44:30+00:00","og_image":[{"width":1300,"height":1283,"url":"https:\/\/themeholt.com\/wp-content\/uploads\/2022\/04\/Business-Law-theme.jpg","type":"image\/jpeg"}],"twitter_card":"summary_large_image","twitter_site":"@ThemeholtT","twitter_misc":{"Tiempo de lectura":"1 minuto"},"schema":{"@context":"https:\/\/schema.org","@graph":[{"@type":"WebPage","@id":"https:\/\/themeholt.com\/es\/product\/lavadero\/","url":"https:\/\/themeholt.com\/es\/product\/lavadero\/","name":"Tema de WordPress para amantes | Tema de WordPress para abogados","isPartOf":{"@id":"https:\/\/themeholt.com\/#website"},"primaryImageOfPage":{"@id":"https:\/\/themeholt.com\/es\/product\/lavadero\/#primaryimage"},"image":{"@id":"https:\/\/themeholt.com\/es\/product\/lavadero\/#primaryimage"},"thumbnailUrl":"https:\/\/themeholt.com\/wp-content\/uploads\/2022\/04\/Business-Law-theme.jpg","datePublished":"2022-04-25T10:38:33+00:00","dateModified":"2024-11-13T04:44:30+00:00","description":"Experimente el poder del profesional con nuestro tema gratuito de WordPress Laver. Demuestre experiencia legal y genere confianza con un dise\u00f1o de sitio web autorizado","breadcrumb":{"@id":"https:\/\/themeholt.com\/es\/product\/lavadero\/#breadcrumb"},"inLanguage":"es","potentialAction":[{"@type":"ReadAction","target":["https:\/\/themeholt.com\/es\/product\/lavadero\/"]}]},{"@type":"ImageObject","inLanguage":"es","@id":"https:\/\/themeholt.com\/es\/product\/lavadero\/#primaryimage","url":"https:\/\/themeholt.com\/wp-content\/uploads\/2022\/04\/Business-Law-theme.jpg","contentUrl":"https:\/\/themeholt.com\/wp-content\/uploads\/2022\/04\/Business-Law-theme.jpg","width":1300,"height":1283},{"@type":"BreadcrumbList","@id":"https:\/\/themeholt.com\/es\/product\/lavadero\/#breadcrumb","itemListElement":[{"@type":"ListItem","position":1,"name":"Home","item":"https:\/\/themeholt.com\/es\/"},{"@type":"ListItem","position":2,"name":"Shop","item":"https:\/\/themeholt.com\/shop\/"},{"@type":"ListItem","position":3,"name":"lavadero"}]},{"@type":"WebSite","@id":"https:\/\/themeholt.com\/#website","url":"https:\/\/themeholt.com\/","name":"ThemeHolt","description":"Themeholt is a website that offers high-quality WordPress themes","publisher":{"@id":"https:\/\/themeholt.com\/#organization"},"potentialAction":[{"@type":"SearchAction","target":{"@type":"EntryPoint","urlTemplate":"https:\/\/themeholt.com\/?s={search_term_string}"},"query-input":{"@type":"PropertyValueSpecification","valueRequired":true,"valueName":"search_term_string"}}],"inLanguage":"es"},{"@type":"Organization","@id":"https:\/\/themeholt.com\/#organization","name":"ThemeHolt","alternateName":"ThemeHolt","url":"https:\/\/themeholt.com\/","logo":{"@type":"ImageObject","inLanguage":"es","@id":"https:\/\/themeholt.com\/#\/schema\/logo\/image\/","url":"https:\/\/themeholt.com\/wp-content\/uploads\/2024\/10\/themeholt.png","contentUrl":"https:\/\/themeholt.com\/wp-content\/uploads\/2024\/10\/themeholt.png","width":225,"height":225,"caption":"ThemeHolt"},"image":{"@id":"https:\/\/themeholt.com\/#\/schema\/logo\/image\/"},"sameAs":["https:\/\/www.facebook.com\/themeholtT","https:\/\/x.com\/ThemeholtT","https:\/\/www.linkedin.com\/company\/themeholt","https:\/\/www.instagram.com\/themeholtt\/"],"description":"Themeholt is a website that offers high-quality WordPress themes that are easy to use and ready for just about everything. In Eindhoven, Netherlands, since 2020 offering simple, accessible WordPress themes by providing a variety of requirements. Themeholt focuses on practicality and efficiency, allowing faster project completion with its superior marketplace and easy-to-use templates.","legalName":"ThemeHolt","foundingDate":"2022-11-10","numberOfEmployees":{"@type":"QuantitativeValue","minValue":"51","maxValue":"200"}}]}},"_links":{"self":[{"href":"https:\/\/themeholt.com\/es\/wp-json\/wp\/v2\/product\/19604","targetHints":{"allow":["GET"]}}],"collection":[{"href":"https:\/\/themeholt.com\/es\/wp-json\/wp\/v2\/product"}],"about":[{"href":"https:\/\/themeholt.com\/es\/wp-json\/wp\/v2\/types\/product"}],"wp:featuredmedia":[{"embeddable":true,"href":"https:\/\/themeholt.com\/es\/wp-json\/wp\/v2\/media\/19605"}],"wp:attachment":[{"href":"https:\/\/themeholt.com\/es\/wp-json\/wp\/v2\/media?parent=19604"}],"wp:term":[{"taxonomy":"product_brand","embeddable":true,"href":"https:\/\/themeholt.com\/es\/wp-json\/wp\/v2\/product_brand?post=19604"},{"taxonomy":"product_cat","embeddable":true,"href":"https:\/\/themeholt.com\/es\/wp-json\/wp\/v2\/product_cat?post=19604"},{"taxonomy":"product_tag","embeddable":true,"href":"https:\/\/themeholt.com\/es\/wp-json\/wp\/v2\/product_tag?post=19604"}],"curies":[{"name":"wp","href":"https:\/\/api.w.org\/{rel}","templated":true}]}}