{"id":19868,"date":"2023-10-07T12:54:53","date_gmt":"2023-10-07T12:54:53","guid":{"rendered":"https:\/\/themeholt.com\/product\/travelplan-tour-travel-agency\/"},"modified":"2024-11-18T08:55:38","modified_gmt":"2024-11-18T08:55:38","slug":"agencia-de-viajes-travelplan-tour","status":"publish","type":"product","link":"https:\/\/themeholt.com\/es\/product\/agencia-de-viajes-travelplan-tour\/","title":{"rendered":"Agencia de viajes Travelplan Tour"},"content":{"rendered":"<p><span style=\"font-weight: 400\">Un tema de WordPress para agencias de viajes<\/span><b>es una plantilla de sitio web vers\u00e1til y din\u00e1mica dise\u00f1ada espec\u00edficamente para empresas de viajes y turismo. Este tema ofrece una plataforma visualmente impactante y f\u00e1cil de usar para mostrar destinos, paquetes y servicios de viajes. Con un dise\u00f1o limpio y moderno, atrae a los visitantes y los motiva a mirar a su alrededor para ver lo que tiene para ofrecer. Su dise\u00f1o responsivo hace que sea f\u00e1cil de usar en una variedad de dispositivos, lo que mejora la experiencia del usuario. <\/span><\/p>\n<p><span style=\"font-weight: 400\">Los clientes pueden hacer reservas m\u00e1s f\u00e1cilmente cuando se integran pasarelas de pago y sistemas de reserva. Para involucrar e informar eficazmente a su audiencia, puede personalizarlo para reflejar su marca e incluso agregar blogs, testimonios de clientes y componentes multimedia. En definitiva, la mejor manera de establecer una fuerte presencia en l\u00ednea para su empresa de viajes es con un tema de WordPress dise\u00f1ado para agencias de viajes.<\/span><\/p>\n","protected":false},"excerpt":{"rendered":"<ul>\n<li><span style=\"font-weight: 400\">Im\u00e1genes impactantes<\/span><\/li>\n<li><span style=\"font-weight: 400\">Dise\u00f1o responsivo<\/span><\/li>\n<li><span style=\"font-weight: 400\">Personalizaci\u00f3n<\/span><\/li>\n<li><span style=\"font-weight: 400\">Blog de aventuras<\/span><\/li>\n<li><span style=\"font-weight: 400\">Calendario de eventos<\/span><\/li>\n<li><span style=\"font-weight: 400\">Sistema de reservas y reservas<\/span><\/li>\n<\/ul>\n","protected":false},"featured_media":19870,"template":"","meta":{"_acf_changed":false,"inline_featured_image":false},"product_brand":[],"product_cat":[2178],"product_tag":[2179,2180,2181,2182],"class_list":{"0":"post-19868","1":"product","2":"type-product","3":"status-publish","4":"has-post-thumbnail","6":"product_cat-travel-accomodation-es","7":"product_tag-holiday-destinations-es","8":"product_tag-travel-agency-theme-es","9":"product_tag-travel-planning-es","10":"product_tag-wordpress-travel-template-es","12":"first","13":"instock","14":"sale","15":"downloadable","16":"taxable","17":"shipping-taxable","18":"purchasable","19":"product-type-simple"},"acf":[],"yoast_head":"<!-- This site is optimized with the Yoast SEO Premium plugin v22.1 (Yoast SEO v26.0) - https:\/\/yoast.com\/wordpress\/plugins\/seo\/ -->\n<title>Explora el mundo con nuestro tema de WordPress para agencias de viajes<\/title>\n<meta name=\"description\" content=\"Desbloquee el potencial de su agencia de viajes con nuestro tema premium de WordPress. Cree sitios web impresionantes que atraigan a los viajeros, muestren destinos y agilicen los procesos de reserva. \u00a1Comience su viaje hoy mismo!\" \/>\n<meta name=\"robots\" content=\"index, follow, max-snippet:-1, max-image-preview:large, max-video-preview:-1\" \/>\n<link rel=\"canonical\" href=\"https:\/\/themeholt.com\/es\/product\/agencia-de-viajes-travelplan-tour\/\" \/>\n<meta property=\"og:locale\" content=\"es_ES\" \/>\n<meta property=\"og:type\" content=\"article\" \/>\n<meta property=\"og:title\" content=\"Agencia de viajes Travelplan Tour\" \/>\n<meta property=\"og:description\" content=\"Desbloquee el potencial de su agencia de viajes con nuestro tema premium de WordPress. Cree sitios web impresionantes que atraigan a los viajeros, muestren destinos y agilicen los procesos de reserva. \u00a1Comience su viaje hoy mismo!\" \/>\n<meta property=\"og:url\" content=\"https:\/\/themeholt.com\/es\/product\/agencia-de-viajes-travelplan-tour\/\" \/>\n<meta property=\"og:site_name\" content=\"ThemeHolt\" \/>\n<meta property=\"article:publisher\" content=\"https:\/\/www.facebook.com\/themeholtT\" \/>\n<meta property=\"article:modified_time\" content=\"2024-11-18T08:55:38+00:00\" \/>\n<meta property=\"og:image\" content=\"https:\/\/themeholt.com\/wp-content\/uploads\/2023\/10\/26-3.png\" \/>\n\t<meta property=\"og:image:width\" content=\"1365\" \/>\n\t<meta property=\"og:image:height\" content=\"1182\" \/>\n\t<meta property=\"og:image:type\" content=\"image\/png\" \/>\n<meta name=\"twitter:card\" content=\"summary_large_image\" \/>\n<meta name=\"twitter:site\" content=\"@ThemeholtT\" \/>\n<meta name=\"twitter:label1\" content=\"Tiempo de lectura\" \/>\n\t<meta name=\"twitter:data1\" content=\"1 minuto\" \/>\n<script type=\"application\/ld+json\" class=\"yoast-schema-graph\">{\"@context\":\"https:\/\/schema.org\",\"@graph\":[{\"@type\":\"WebPage\",\"@id\":\"https:\/\/themeholt.com\/es\/product\/agencia-de-viajes-travelplan-tour\/\",\"url\":\"https:\/\/themeholt.com\/es\/product\/agencia-de-viajes-travelplan-tour\/\",\"name\":\"Explora el mundo con nuestro tema de WordPress para agencias de viajes\",\"isPartOf\":{\"@id\":\"https:\/\/themeholt.com\/#website\"},\"primaryImageOfPage\":{\"@id\":\"https:\/\/themeholt.com\/es\/product\/agencia-de-viajes-travelplan-tour\/#primaryimage\"},\"image\":{\"@id\":\"https:\/\/themeholt.com\/es\/product\/agencia-de-viajes-travelplan-tour\/#primaryimage\"},\"thumbnailUrl\":\"https:\/\/themeholt.com\/wp-content\/uploads\/2023\/10\/26-3.png\",\"datePublished\":\"2023-10-07T12:54:53+00:00\",\"dateModified\":\"2024-11-18T08:55:38+00:00\",\"description\":\"Desbloquee el potencial de su agencia de viajes con nuestro tema premium de WordPress. Cree sitios web impresionantes que atraigan a los viajeros, muestren destinos y agilicen los procesos de reserva. \u00a1Comience su viaje hoy mismo!\",\"breadcrumb\":{\"@id\":\"https:\/\/themeholt.com\/es\/product\/agencia-de-viajes-travelplan-tour\/#breadcrumb\"},\"inLanguage\":\"es\",\"potentialAction\":[{\"@type\":\"ReadAction\",\"target\":[\"https:\/\/themeholt.com\/es\/product\/agencia-de-viajes-travelplan-tour\/\"]}]},{\"@type\":\"ImageObject\",\"inLanguage\":\"es\",\"@id\":\"https:\/\/themeholt.com\/es\/product\/agencia-de-viajes-travelplan-tour\/#primaryimage\",\"url\":\"https:\/\/themeholt.com\/wp-content\/uploads\/2023\/10\/26-3.png\",\"contentUrl\":\"https:\/\/themeholt.com\/wp-content\/uploads\/2023\/10\/26-3.png\",\"width\":1365,\"height\":1182},{\"@type\":\"BreadcrumbList\",\"@id\":\"https:\/\/themeholt.com\/es\/product\/agencia-de-viajes-travelplan-tour\/#breadcrumb\",\"itemListElement\":[{\"@type\":\"ListItem\",\"position\":1,\"name\":\"Home\",\"item\":\"https:\/\/themeholt.com\/es\/\"},{\"@type\":\"ListItem\",\"position\":2,\"name\":\"Shop\",\"item\":\"https:\/\/themeholt.com\/shop\/\"},{\"@type\":\"ListItem\",\"position\":3,\"name\":\"Agencia de viajes Travelplan Tour\"}]},{\"@type\":\"WebSite\",\"@id\":\"https:\/\/themeholt.com\/#website\",\"url\":\"https:\/\/themeholt.com\/\",\"name\":\"ThemeHolt\",\"description\":\"Themeholt is a website that offers high-quality WordPress themes\",\"publisher\":{\"@id\":\"https:\/\/themeholt.com\/#organization\"},\"potentialAction\":[{\"@type\":\"SearchAction\",\"target\":{\"@type\":\"EntryPoint\",\"urlTemplate\":\"https:\/\/themeholt.com\/?s={search_term_string}\"},\"query-input\":{\"@type\":\"PropertyValueSpecification\",\"valueRequired\":true,\"valueName\":\"search_term_string\"}}],\"inLanguage\":\"es\"},{\"@type\":\"Organization\",\"@id\":\"https:\/\/themeholt.com\/#organization\",\"name\":\"ThemeHolt\",\"alternateName\":\"ThemeHolt\",\"url\":\"https:\/\/themeholt.com\/\",\"logo\":{\"@type\":\"ImageObject\",\"inLanguage\":\"es\",\"@id\":\"https:\/\/themeholt.com\/#\/schema\/logo\/image\/\",\"url\":\"https:\/\/themeholt.com\/wp-content\/uploads\/2024\/10\/themeholt.png\",\"contentUrl\":\"https:\/\/themeholt.com\/wp-content\/uploads\/2024\/10\/themeholt.png\",\"width\":225,\"height\":225,\"caption\":\"ThemeHolt\"},\"image\":{\"@id\":\"https:\/\/themeholt.com\/#\/schema\/logo\/image\/\"},\"sameAs\":[\"https:\/\/www.facebook.com\/themeholtT\",\"https:\/\/x.com\/ThemeholtT\",\"https:\/\/www.linkedin.com\/company\/themeholt\",\"https:\/\/www.instagram.com\/themeholtt\/\"],\"description\":\"Themeholt is a website that offers high-quality WordPress themes that are easy to use and ready for just about everything. In Eindhoven, Netherlands, since 2020 offering simple, accessible WordPress themes by providing a variety of requirements. Themeholt focuses on practicality and efficiency, allowing faster project completion with its superior marketplace and easy-to-use templates.\",\"legalName\":\"ThemeHolt\",\"foundingDate\":\"2022-11-10\",\"numberOfEmployees\":{\"@type\":\"QuantitativeValue\",\"minValue\":\"51\",\"maxValue\":\"200\"}}]}<\/script>\n<!-- \/ Yoast SEO Premium plugin. -->","yoast_head_json":{"title":"Explora el mundo con nuestro tema de WordPress para agencias de viajes","description":"Desbloquee el potencial de su agencia de viajes con nuestro tema premium de WordPress. Cree sitios web impresionantes que atraigan a los viajeros, muestren destinos y agilicen los procesos de reserva. \u00a1Comience su viaje hoy mismo!","robots":{"index":"index","follow":"follow","max-snippet":"max-snippet:-1","max-image-preview":"max-image-preview:large","max-video-preview":"max-video-preview:-1"},"canonical":"https:\/\/themeholt.com\/es\/product\/agencia-de-viajes-travelplan-tour\/","og_locale":"es_ES","og_type":"article","og_title":"Agencia de viajes Travelplan Tour","og_description":"Desbloquee el potencial de su agencia de viajes con nuestro tema premium de WordPress. Cree sitios web impresionantes que atraigan a los viajeros, muestren destinos y agilicen los procesos de reserva. \u00a1Comience su viaje hoy mismo!","og_url":"https:\/\/themeholt.com\/es\/product\/agencia-de-viajes-travelplan-tour\/","og_site_name":"ThemeHolt","article_publisher":"https:\/\/www.facebook.com\/themeholtT","article_modified_time":"2024-11-18T08:55:38+00:00","og_image":[{"width":1365,"height":1182,"url":"https:\/\/themeholt.com\/wp-content\/uploads\/2023\/10\/26-3.png","type":"image\/png"}],"twitter_card":"summary_large_image","twitter_site":"@ThemeholtT","twitter_misc":{"Tiempo de lectura":"1 minuto"},"schema":{"@context":"https:\/\/schema.org","@graph":[{"@type":"WebPage","@id":"https:\/\/themeholt.com\/es\/product\/agencia-de-viajes-travelplan-tour\/","url":"https:\/\/themeholt.com\/es\/product\/agencia-de-viajes-travelplan-tour\/","name":"Explora el mundo con nuestro tema de WordPress para agencias de viajes","isPartOf":{"@id":"https:\/\/themeholt.com\/#website"},"primaryImageOfPage":{"@id":"https:\/\/themeholt.com\/es\/product\/agencia-de-viajes-travelplan-tour\/#primaryimage"},"image":{"@id":"https:\/\/themeholt.com\/es\/product\/agencia-de-viajes-travelplan-tour\/#primaryimage"},"thumbnailUrl":"https:\/\/themeholt.com\/wp-content\/uploads\/2023\/10\/26-3.png","datePublished":"2023-10-07T12:54:53+00:00","dateModified":"2024-11-18T08:55:38+00:00","description":"Desbloquee el potencial de su agencia de viajes con nuestro tema premium de WordPress. Cree sitios web impresionantes que atraigan a los viajeros, muestren destinos y agilicen los procesos de reserva. \u00a1Comience su viaje hoy mismo!","breadcrumb":{"@id":"https:\/\/themeholt.com\/es\/product\/agencia-de-viajes-travelplan-tour\/#breadcrumb"},"inLanguage":"es","potentialAction":[{"@type":"ReadAction","target":["https:\/\/themeholt.com\/es\/product\/agencia-de-viajes-travelplan-tour\/"]}]},{"@type":"ImageObject","inLanguage":"es","@id":"https:\/\/themeholt.com\/es\/product\/agencia-de-viajes-travelplan-tour\/#primaryimage","url":"https:\/\/themeholt.com\/wp-content\/uploads\/2023\/10\/26-3.png","contentUrl":"https:\/\/themeholt.com\/wp-content\/uploads\/2023\/10\/26-3.png","width":1365,"height":1182},{"@type":"BreadcrumbList","@id":"https:\/\/themeholt.com\/es\/product\/agencia-de-viajes-travelplan-tour\/#breadcrumb","itemListElement":[{"@type":"ListItem","position":1,"name":"Home","item":"https:\/\/themeholt.com\/es\/"},{"@type":"ListItem","position":2,"name":"Shop","item":"https:\/\/themeholt.com\/shop\/"},{"@type":"ListItem","position":3,"name":"Agencia de viajes Travelplan Tour"}]},{"@type":"WebSite","@id":"https:\/\/themeholt.com\/#website","url":"https:\/\/themeholt.com\/","name":"ThemeHolt","description":"Themeholt is a website that offers high-quality WordPress themes","publisher":{"@id":"https:\/\/themeholt.com\/#organization"},"potentialAction":[{"@type":"SearchAction","target":{"@type":"EntryPoint","urlTemplate":"https:\/\/themeholt.com\/?s={search_term_string}"},"query-input":{"@type":"PropertyValueSpecification","valueRequired":true,"valueName":"search_term_string"}}],"inLanguage":"es"},{"@type":"Organization","@id":"https:\/\/themeholt.com\/#organization","name":"ThemeHolt","alternateName":"ThemeHolt","url":"https:\/\/themeholt.com\/","logo":{"@type":"ImageObject","inLanguage":"es","@id":"https:\/\/themeholt.com\/#\/schema\/logo\/image\/","url":"https:\/\/themeholt.com\/wp-content\/uploads\/2024\/10\/themeholt.png","contentUrl":"https:\/\/themeholt.com\/wp-content\/uploads\/2024\/10\/themeholt.png","width":225,"height":225,"caption":"ThemeHolt"},"image":{"@id":"https:\/\/themeholt.com\/#\/schema\/logo\/image\/"},"sameAs":["https:\/\/www.facebook.com\/themeholtT","https:\/\/x.com\/ThemeholtT","https:\/\/www.linkedin.com\/company\/themeholt","https:\/\/www.instagram.com\/themeholtt\/"],"description":"Themeholt is a website that offers high-quality WordPress themes that are easy to use and ready for just about everything. In Eindhoven, Netherlands, since 2020 offering simple, accessible WordPress themes by providing a variety of requirements. Themeholt focuses on practicality and efficiency, allowing faster project completion with its superior marketplace and easy-to-use templates.","legalName":"ThemeHolt","foundingDate":"2022-11-10","numberOfEmployees":{"@type":"QuantitativeValue","minValue":"51","maxValue":"200"}}]}},"_links":{"self":[{"href":"https:\/\/themeholt.com\/es\/wp-json\/wp\/v2\/product\/19868","targetHints":{"allow":["GET"]}}],"collection":[{"href":"https:\/\/themeholt.com\/es\/wp-json\/wp\/v2\/product"}],"about":[{"href":"https:\/\/themeholt.com\/es\/wp-json\/wp\/v2\/types\/product"}],"wp:featuredmedia":[{"embeddable":true,"href":"https:\/\/themeholt.com\/es\/wp-json\/wp\/v2\/media\/19870"}],"wp:attachment":[{"href":"https:\/\/themeholt.com\/es\/wp-json\/wp\/v2\/media?parent=19868"}],"wp:term":[{"taxonomy":"product_brand","embeddable":true,"href":"https:\/\/themeholt.com\/es\/wp-json\/wp\/v2\/product_brand?post=19868"},{"taxonomy":"product_cat","embeddable":true,"href":"https:\/\/themeholt.com\/es\/wp-json\/wp\/v2\/product_cat?post=19868"},{"taxonomy":"product_tag","embeddable":true,"href":"https:\/\/themeholt.com\/es\/wp-json\/wp\/v2\/product_tag?post=19868"}],"curies":[{"name":"wp","href":"https:\/\/api.w.org\/{rel}","templated":true}]}}