{"id":19949,"date":"2023-10-05T12:07:37","date_gmt":"2023-10-05T12:07:37","guid":{"rendered":"https:\/\/themeholt.com\/product\/nikicivi-elegant-cv-resume\/"},"modified":"2024-11-18T09:53:49","modified_gmt":"2024-11-18T09:53:49","slug":"cv-elegante-de-nikicivi","status":"publish","type":"product","link":"https:\/\/themeholt.com\/es\/product\/cv-elegante-de-nikicivi\/","title":{"rendered":"CV elegante de Nikicivi"},"content":{"rendered":"<p><span style=\"font-weight: 400\">El <\/span><b>tema Elegant CV para WordPress<\/b><span style=\"font-weight: 400\"> es una opci\u00f3n avanzada y visualmente atractiva para las personas que buscan crear un curr\u00edculum o portafolio en l\u00ednea que se destaque. Con su dise\u00f1o elegante y sus funciones f\u00e1ciles de usar, este tema transmite profesionalidad y estilo. El dise\u00f1o limpio y la tipograf\u00eda elegante del tema lo hacen perfecto para mostrar sus habilidades, experiencia y logros de una manera pulida y organizada. <\/span><\/p>\n<p><span style=\"font-weight: 400\">Ofrece opciones de personalizaci\u00f3n para personalizar su CV de acuerdo con sus preferencias \u00fanicas. Ya sea que busque empleo, sea un profesional independiente o profesional, el tema Elegant CV para WordPress ofrece una excelente plataforma para causar una impresi\u00f3n duradera y mejorar su presencia en l\u00ednea.<\/span><\/p>\n","protected":false},"excerpt":{"rendered":"<ul>\n<li><span style=\"font-weight: 400\">Dise\u00f1o visual llamativo<\/span><\/li>\n<li><span style=\"font-weight: 400\">Personalizaci\u00f3n sencilla<\/span><\/li>\n<li><span style=\"font-weight: 400\">Portafolio interactivo<\/span><\/li>\n<li><span style=\"font-weight: 400\">Secciones del curr\u00edculum<\/span><\/li>\n<li><span style=\"font-weight: 400\">Integraci\u00f3n con blog<\/span><\/li>\n<li><span style=\"font-weight: 400\">Compatible con dispositivos m\u00f3viles<\/span><\/li>\n<li><span style=\"font-weight: 400\">Compatible con SEO<\/span><\/li>\n<li><span style=\"font-weight: 400\">Integraci\u00f3n de contactos y redes sociales<\/span><\/li>\n<li><span style=\"font-weight: 400\">Instalaci\u00f3n con un solo clic<\/span><\/li>\n<li><span style=\"font-weight: 400\">Soporte y actualizaciones continuos<\/span><\/li>\n<\/ul>\n","protected":false},"featured_media":19950,"template":"","meta":{"_acf_changed":false,"inline_featured_image":false},"product_brand":[],"product_cat":[2187],"product_tag":[2188,2189,2191],"class_list":{"0":"post-19949","1":"product","2":"type-product","3":"status-publish","4":"has-post-thumbnail","6":"product_cat-portfolio-resume-es","7":"product_tag-best-resume-cv-themes-es","8":"product_tag-cv-and-resume-templates-es","9":"product_tag-personal-resume-wordpress-themes-es","11":"first","12":"instock","13":"sale","14":"downloadable","15":"taxable","16":"shipping-taxable","17":"purchasable","18":"product-type-simple"},"acf":[],"yoast_head":"<!-- This site is optimized with the Yoast SEO Premium plugin v22.1 (Yoast SEO v26.0) - https:\/\/yoast.com\/wordpress\/plugins\/seo\/ -->\n<title>Tema elegante de WordPress para CV: cree un sitio web de CV impresionante<\/title>\n<meta name=\"description\" content=\"Compra el tema de WordPress perfecto para tu CV y \u200b\u200bexhibe tus habilidades. F\u00e1cil de personalizar, dise\u00f1o responsivo e ideal para quienes buscan empleo y profesionales.\" \/>\n<meta name=\"robots\" content=\"index, follow, max-snippet:-1, max-image-preview:large, max-video-preview:-1\" \/>\n<link rel=\"canonical\" href=\"https:\/\/themeholt.com\/es\/product\/cv-elegante-de-nikicivi\/\" \/>\n<meta property=\"og:locale\" content=\"es_ES\" \/>\n<meta property=\"og:type\" content=\"article\" \/>\n<meta property=\"og:title\" content=\"CV elegante de Nikicivi\" \/>\n<meta property=\"og:description\" content=\"Compra el tema de WordPress perfecto para tu CV y \u200b\u200bexhibe tus habilidades. F\u00e1cil de personalizar, dise\u00f1o responsivo e ideal para quienes buscan empleo y profesionales.\" \/>\n<meta property=\"og:url\" content=\"https:\/\/themeholt.com\/es\/product\/cv-elegante-de-nikicivi\/\" \/>\n<meta property=\"og:site_name\" content=\"ThemeHolt\" \/>\n<meta property=\"article:publisher\" content=\"https:\/\/www.facebook.com\/themeholtT\" \/>\n<meta property=\"article:modified_time\" content=\"2024-11-18T09:53:49+00:00\" \/>\n<meta property=\"og:image\" content=\"https:\/\/themeholt.com\/wp-content\/uploads\/2023\/10\/11-1.png\" \/>\n\t<meta property=\"og:image:width\" content=\"1358\" \/>\n\t<meta property=\"og:image:height\" content=\"972\" \/>\n\t<meta property=\"og:image:type\" content=\"image\/png\" \/>\n<meta name=\"twitter:card\" content=\"summary_large_image\" \/>\n<meta name=\"twitter:site\" content=\"@ThemeholtT\" \/>\n<meta name=\"twitter:label1\" content=\"Tiempo de lectura\" \/>\n\t<meta name=\"twitter:data1\" content=\"1 minuto\" \/>\n<script type=\"application\/ld+json\" class=\"yoast-schema-graph\">{\"@context\":\"https:\/\/schema.org\",\"@graph\":[{\"@type\":\"WebPage\",\"@id\":\"https:\/\/themeholt.com\/es\/product\/cv-elegante-de-nikicivi\/\",\"url\":\"https:\/\/themeholt.com\/es\/product\/cv-elegante-de-nikicivi\/\",\"name\":\"Tema elegante de WordPress para CV: cree un sitio web de CV impresionante\",\"isPartOf\":{\"@id\":\"https:\/\/themeholt.com\/#website\"},\"primaryImageOfPage\":{\"@id\":\"https:\/\/themeholt.com\/es\/product\/cv-elegante-de-nikicivi\/#primaryimage\"},\"image\":{\"@id\":\"https:\/\/themeholt.com\/es\/product\/cv-elegante-de-nikicivi\/#primaryimage\"},\"thumbnailUrl\":\"https:\/\/themeholt.com\/wp-content\/uploads\/2023\/10\/11-1.png\",\"datePublished\":\"2023-10-05T12:07:37+00:00\",\"dateModified\":\"2024-11-18T09:53:49+00:00\",\"description\":\"Compra el tema de WordPress perfecto para tu CV y \u200b\u200bexhibe tus habilidades. F\u00e1cil de personalizar, dise\u00f1o responsivo e ideal para quienes buscan empleo y profesionales.\",\"breadcrumb\":{\"@id\":\"https:\/\/themeholt.com\/es\/product\/cv-elegante-de-nikicivi\/#breadcrumb\"},\"inLanguage\":\"es\",\"potentialAction\":[{\"@type\":\"ReadAction\",\"target\":[\"https:\/\/themeholt.com\/es\/product\/cv-elegante-de-nikicivi\/\"]}]},{\"@type\":\"ImageObject\",\"inLanguage\":\"es\",\"@id\":\"https:\/\/themeholt.com\/es\/product\/cv-elegante-de-nikicivi\/#primaryimage\",\"url\":\"https:\/\/themeholt.com\/wp-content\/uploads\/2023\/10\/11-1.png\",\"contentUrl\":\"https:\/\/themeholt.com\/wp-content\/uploads\/2023\/10\/11-1.png\",\"width\":1358,\"height\":972},{\"@type\":\"BreadcrumbList\",\"@id\":\"https:\/\/themeholt.com\/es\/product\/cv-elegante-de-nikicivi\/#breadcrumb\",\"itemListElement\":[{\"@type\":\"ListItem\",\"position\":1,\"name\":\"Home\",\"item\":\"https:\/\/themeholt.com\/es\/\"},{\"@type\":\"ListItem\",\"position\":2,\"name\":\"Shop\",\"item\":\"https:\/\/themeholt.com\/shop\/\"},{\"@type\":\"ListItem\",\"position\":3,\"name\":\"CV elegante de Nikicivi\"}]},{\"@type\":\"WebSite\",\"@id\":\"https:\/\/themeholt.com\/#website\",\"url\":\"https:\/\/themeholt.com\/\",\"name\":\"ThemeHolt\",\"description\":\"Themeholt is a website that offers high-quality WordPress themes\",\"publisher\":{\"@id\":\"https:\/\/themeholt.com\/#organization\"},\"potentialAction\":[{\"@type\":\"SearchAction\",\"target\":{\"@type\":\"EntryPoint\",\"urlTemplate\":\"https:\/\/themeholt.com\/?s={search_term_string}\"},\"query-input\":{\"@type\":\"PropertyValueSpecification\",\"valueRequired\":true,\"valueName\":\"search_term_string\"}}],\"inLanguage\":\"es\"},{\"@type\":\"Organization\",\"@id\":\"https:\/\/themeholt.com\/#organization\",\"name\":\"ThemeHolt\",\"alternateName\":\"ThemeHolt\",\"url\":\"https:\/\/themeholt.com\/\",\"logo\":{\"@type\":\"ImageObject\",\"inLanguage\":\"es\",\"@id\":\"https:\/\/themeholt.com\/#\/schema\/logo\/image\/\",\"url\":\"https:\/\/themeholt.com\/wp-content\/uploads\/2024\/10\/themeholt.png\",\"contentUrl\":\"https:\/\/themeholt.com\/wp-content\/uploads\/2024\/10\/themeholt.png\",\"width\":225,\"height\":225,\"caption\":\"ThemeHolt\"},\"image\":{\"@id\":\"https:\/\/themeholt.com\/#\/schema\/logo\/image\/\"},\"sameAs\":[\"https:\/\/www.facebook.com\/themeholtT\",\"https:\/\/x.com\/ThemeholtT\",\"https:\/\/www.linkedin.com\/company\/themeholt\",\"https:\/\/www.instagram.com\/themeholtt\/\"],\"description\":\"Themeholt is a website that offers high-quality WordPress themes that are easy to use and ready for just about everything. In Eindhoven, Netherlands, since 2020 offering simple, accessible WordPress themes by providing a variety of requirements. Themeholt focuses on practicality and efficiency, allowing faster project completion with its superior marketplace and easy-to-use templates.\",\"legalName\":\"ThemeHolt\",\"foundingDate\":\"2022-11-10\",\"numberOfEmployees\":{\"@type\":\"QuantitativeValue\",\"minValue\":\"51\",\"maxValue\":\"200\"}}]}<\/script>\n<!-- \/ Yoast SEO Premium plugin. -->","yoast_head_json":{"title":"Tema elegante de WordPress para CV: cree un sitio web de CV impresionante","description":"Compra el tema de WordPress perfecto para tu CV y \u200b\u200bexhibe tus habilidades. F\u00e1cil de personalizar, dise\u00f1o responsivo e ideal para quienes buscan empleo y profesionales.","robots":{"index":"index","follow":"follow","max-snippet":"max-snippet:-1","max-image-preview":"max-image-preview:large","max-video-preview":"max-video-preview:-1"},"canonical":"https:\/\/themeholt.com\/es\/product\/cv-elegante-de-nikicivi\/","og_locale":"es_ES","og_type":"article","og_title":"CV elegante de Nikicivi","og_description":"Compra el tema de WordPress perfecto para tu CV y \u200b\u200bexhibe tus habilidades. F\u00e1cil de personalizar, dise\u00f1o responsivo e ideal para quienes buscan empleo y profesionales.","og_url":"https:\/\/themeholt.com\/es\/product\/cv-elegante-de-nikicivi\/","og_site_name":"ThemeHolt","article_publisher":"https:\/\/www.facebook.com\/themeholtT","article_modified_time":"2024-11-18T09:53:49+00:00","og_image":[{"width":1358,"height":972,"url":"https:\/\/themeholt.com\/wp-content\/uploads\/2023\/10\/11-1.png","type":"image\/png"}],"twitter_card":"summary_large_image","twitter_site":"@ThemeholtT","twitter_misc":{"Tiempo de lectura":"1 minuto"},"schema":{"@context":"https:\/\/schema.org","@graph":[{"@type":"WebPage","@id":"https:\/\/themeholt.com\/es\/product\/cv-elegante-de-nikicivi\/","url":"https:\/\/themeholt.com\/es\/product\/cv-elegante-de-nikicivi\/","name":"Tema elegante de WordPress para CV: cree un sitio web de CV impresionante","isPartOf":{"@id":"https:\/\/themeholt.com\/#website"},"primaryImageOfPage":{"@id":"https:\/\/themeholt.com\/es\/product\/cv-elegante-de-nikicivi\/#primaryimage"},"image":{"@id":"https:\/\/themeholt.com\/es\/product\/cv-elegante-de-nikicivi\/#primaryimage"},"thumbnailUrl":"https:\/\/themeholt.com\/wp-content\/uploads\/2023\/10\/11-1.png","datePublished":"2023-10-05T12:07:37+00:00","dateModified":"2024-11-18T09:53:49+00:00","description":"Compra el tema de WordPress perfecto para tu CV y \u200b\u200bexhibe tus habilidades. F\u00e1cil de personalizar, dise\u00f1o responsivo e ideal para quienes buscan empleo y profesionales.","breadcrumb":{"@id":"https:\/\/themeholt.com\/es\/product\/cv-elegante-de-nikicivi\/#breadcrumb"},"inLanguage":"es","potentialAction":[{"@type":"ReadAction","target":["https:\/\/themeholt.com\/es\/product\/cv-elegante-de-nikicivi\/"]}]},{"@type":"ImageObject","inLanguage":"es","@id":"https:\/\/themeholt.com\/es\/product\/cv-elegante-de-nikicivi\/#primaryimage","url":"https:\/\/themeholt.com\/wp-content\/uploads\/2023\/10\/11-1.png","contentUrl":"https:\/\/themeholt.com\/wp-content\/uploads\/2023\/10\/11-1.png","width":1358,"height":972},{"@type":"BreadcrumbList","@id":"https:\/\/themeholt.com\/es\/product\/cv-elegante-de-nikicivi\/#breadcrumb","itemListElement":[{"@type":"ListItem","position":1,"name":"Home","item":"https:\/\/themeholt.com\/es\/"},{"@type":"ListItem","position":2,"name":"Shop","item":"https:\/\/themeholt.com\/shop\/"},{"@type":"ListItem","position":3,"name":"CV elegante de Nikicivi"}]},{"@type":"WebSite","@id":"https:\/\/themeholt.com\/#website","url":"https:\/\/themeholt.com\/","name":"ThemeHolt","description":"Themeholt is a website that offers high-quality WordPress themes","publisher":{"@id":"https:\/\/themeholt.com\/#organization"},"potentialAction":[{"@type":"SearchAction","target":{"@type":"EntryPoint","urlTemplate":"https:\/\/themeholt.com\/?s={search_term_string}"},"query-input":{"@type":"PropertyValueSpecification","valueRequired":true,"valueName":"search_term_string"}}],"inLanguage":"es"},{"@type":"Organization","@id":"https:\/\/themeholt.com\/#organization","name":"ThemeHolt","alternateName":"ThemeHolt","url":"https:\/\/themeholt.com\/","logo":{"@type":"ImageObject","inLanguage":"es","@id":"https:\/\/themeholt.com\/#\/schema\/logo\/image\/","url":"https:\/\/themeholt.com\/wp-content\/uploads\/2024\/10\/themeholt.png","contentUrl":"https:\/\/themeholt.com\/wp-content\/uploads\/2024\/10\/themeholt.png","width":225,"height":225,"caption":"ThemeHolt"},"image":{"@id":"https:\/\/themeholt.com\/#\/schema\/logo\/image\/"},"sameAs":["https:\/\/www.facebook.com\/themeholtT","https:\/\/x.com\/ThemeholtT","https:\/\/www.linkedin.com\/company\/themeholt","https:\/\/www.instagram.com\/themeholtt\/"],"description":"Themeholt is a website that offers high-quality WordPress themes that are easy to use and ready for just about everything. In Eindhoven, Netherlands, since 2020 offering simple, accessible WordPress themes by providing a variety of requirements. Themeholt focuses on practicality and efficiency, allowing faster project completion with its superior marketplace and easy-to-use templates.","legalName":"ThemeHolt","foundingDate":"2022-11-10","numberOfEmployees":{"@type":"QuantitativeValue","minValue":"51","maxValue":"200"}}]}},"_links":{"self":[{"href":"https:\/\/themeholt.com\/es\/wp-json\/wp\/v2\/product\/19949","targetHints":{"allow":["GET"]}}],"collection":[{"href":"https:\/\/themeholt.com\/es\/wp-json\/wp\/v2\/product"}],"about":[{"href":"https:\/\/themeholt.com\/es\/wp-json\/wp\/v2\/types\/product"}],"wp:featuredmedia":[{"embeddable":true,"href":"https:\/\/themeholt.com\/es\/wp-json\/wp\/v2\/media\/19950"}],"wp:attachment":[{"href":"https:\/\/themeholt.com\/es\/wp-json\/wp\/v2\/media?parent=19949"}],"wp:term":[{"taxonomy":"product_brand","embeddable":true,"href":"https:\/\/themeholt.com\/es\/wp-json\/wp\/v2\/product_brand?post=19949"},{"taxonomy":"product_cat","embeddable":true,"href":"https:\/\/themeholt.com\/es\/wp-json\/wp\/v2\/product_cat?post=19949"},{"taxonomy":"product_tag","embeddable":true,"href":"https:\/\/themeholt.com\/es\/wp-json\/wp\/v2\/product_tag?post=19949"}],"curies":[{"name":"wp","href":"https:\/\/api.w.org\/{rel}","templated":true}]}}