{"id":20021,"date":"2023-10-05T06:24:58","date_gmt":"2023-10-05T06:24:58","guid":{"rendered":"https:\/\/themeholt.com\/product\/gevent-event-agency\/"},"modified":"2024-11-18T10:37:08","modified_gmt":"2024-11-18T10:37:08","slug":"agencia-de-eventos-gevent","status":"publish","type":"product","link":"https:\/\/themeholt.com\/es\/product\/agencia-de-eventos-gevent\/","title":{"rendered":"Agencia de eventos Gevent"},"content":{"rendered":"<p><span style=\"font-weight: 400\">El<\/span><b>tema de WordPress para agencias de eventos<\/b><span style=\"font-weight: 400\"> es una plantilla de sitio web vers\u00e1til y f\u00e1cil de usar dise\u00f1ada para satisfacer las necesidades de las empresas de gesti\u00f3n de eventos, planificadores y organizadores. Este tema ofrece una forma elegante y sin inconvenientes de mostrar sus servicios y cartera de planificaci\u00f3n de eventos. Con su dise\u00f1o moderno, puede crear una presencia en l\u00ednea sorprendente que fascine a los visitantes y clientes potenciales. <\/span><\/p>\n<p><span style=\"font-weight: 400\">El tema viene equipado con funciones como listados de eventos, formularios de confirmaci\u00f3n de asistencia y uso compartido integrado en redes sociales, lo que facilita la promoci\u00f3n y la gesti\u00f3n de eventos. Es totalmente personalizable, lo que garantiza que pueda adaptarlo al estilo \u00fanico de su marca, y es compatible con SEO, lo que ayuda a que su sitio web tenga una buena clasificaci\u00f3n en los motores de b\u00fasqueda. Ya sea que est\u00e9 organizando bodas, eventos corporativos o conferencias, este tema de WordPress es una opci\u00f3n ideal para elevar su negocio de planificaci\u00f3n de eventos.<\/span><\/p>\n","protected":false},"excerpt":{"rendered":"<ul>\n<li><span style=\"font-weight: 400\">Gesti\u00f3n de crisis<\/span><\/li>\n<li><span style=\"font-weight: 400\">Temas singulares<\/span><\/li>\n<li><span style=\"font-weight: 400\">Sensibilidad cultural<\/span><\/li>\n<li><span style=\"font-weight: 400\">Momentos memorables<\/span><\/li>\n<li><span style=\"font-weight: 400\">Orientaci\u00f3n profesional<\/span><\/li>\n<li><span style=\"font-weight: 400\">Garant\u00eda de calidad<\/span><\/li>\n<li><span style=\"font-weight: 400\">Realizaci\u00f3n de sue\u00f1os<\/span><\/li>\n<\/ul>\n","protected":false},"featured_media":20022,"template":"","meta":{"_acf_changed":false,"inline_featured_image":false},"product_brand":[],"product_cat":[2192],"product_tag":[2133,2136,2137,2193],"class_list":{"0":"post-20021","1":"product","2":"type-product","3":"status-publish","4":"has-post-thumbnail","6":"product_cat-wedding-events-es","7":"product_tag-most-popular-wedding-themes-es","8":"product_tag-unique-wedding-themes-es","9":"product_tag-wedding-theme-ideas-es","10":"product_tag-affordable-wedding-and-events-wordpress-themes-es","12":"first","13":"instock","14":"sale","15":"downloadable","16":"taxable","17":"shipping-taxable","18":"purchasable","19":"product-type-simple"},"acf":[],"yoast_head":"<!-- This site is optimized with the Yoast SEO Premium plugin v22.1 (Yoast SEO v26.0) - https:\/\/yoast.com\/wordpress\/plugins\/seo\/ -->\n<title>Mejore sus eventos con el mejor tema de WordPress para agencias de eventos<\/title>\n<meta name=\"description\" content=\"Compre nuestro tema de WordPress para agencia de eventos, perfecto para crear impresionantes sitios web de eventos. \u00a1Es f\u00e1cil de usar, personalizable y est\u00e1 dise\u00f1ado para hacer que sus eventos sean especiales!\" \/>\n<meta name=\"robots\" content=\"index, follow, max-snippet:-1, max-image-preview:large, max-video-preview:-1\" \/>\n<link rel=\"canonical\" href=\"https:\/\/themeholt.com\/es\/product\/agencia-de-eventos-gevent\/\" \/>\n<meta property=\"og:locale\" content=\"es_ES\" \/>\n<meta property=\"og:type\" content=\"article\" \/>\n<meta property=\"og:title\" content=\"Agencia de eventos Gevent\" \/>\n<meta property=\"og:description\" content=\"Compre nuestro tema de WordPress para agencia de eventos, perfecto para crear impresionantes sitios web de eventos. \u00a1Es f\u00e1cil de usar, personalizable y est\u00e1 dise\u00f1ado para hacer que sus eventos sean especiales!\" \/>\n<meta property=\"og:url\" content=\"https:\/\/themeholt.com\/es\/product\/agencia-de-eventos-gevent\/\" \/>\n<meta property=\"og:site_name\" content=\"ThemeHolt\" \/>\n<meta property=\"article:publisher\" content=\"https:\/\/www.facebook.com\/themeholtT\" \/>\n<meta property=\"article:modified_time\" content=\"2024-11-18T10:37:08+00:00\" \/>\n<meta property=\"og:image\" content=\"https:\/\/themeholt.com\/wp-content\/uploads\/2023\/10\/26.png\" \/>\n\t<meta property=\"og:image:width\" content=\"1357\" \/>\n\t<meta property=\"og:image:height\" content=\"1715\" \/>\n\t<meta property=\"og:image:type\" content=\"image\/png\" \/>\n<meta name=\"twitter:card\" content=\"summary_large_image\" \/>\n<meta name=\"twitter:site\" content=\"@ThemeholtT\" \/>\n<meta name=\"twitter:label1\" content=\"Tiempo de lectura\" \/>\n\t<meta name=\"twitter:data1\" content=\"1 minuto\" \/>\n<script type=\"application\/ld+json\" class=\"yoast-schema-graph\">{\"@context\":\"https:\/\/schema.org\",\"@graph\":[{\"@type\":\"WebPage\",\"@id\":\"https:\/\/themeholt.com\/es\/product\/agencia-de-eventos-gevent\/\",\"url\":\"https:\/\/themeholt.com\/es\/product\/agencia-de-eventos-gevent\/\",\"name\":\"Mejore sus eventos con el mejor tema de WordPress para agencias de eventos\",\"isPartOf\":{\"@id\":\"https:\/\/themeholt.com\/#website\"},\"primaryImageOfPage\":{\"@id\":\"https:\/\/themeholt.com\/es\/product\/agencia-de-eventos-gevent\/#primaryimage\"},\"image\":{\"@id\":\"https:\/\/themeholt.com\/es\/product\/agencia-de-eventos-gevent\/#primaryimage\"},\"thumbnailUrl\":\"https:\/\/themeholt.com\/wp-content\/uploads\/2023\/10\/26.png\",\"datePublished\":\"2023-10-05T06:24:58+00:00\",\"dateModified\":\"2024-11-18T10:37:08+00:00\",\"description\":\"Compre nuestro tema de WordPress para agencia de eventos, perfecto para crear impresionantes sitios web de eventos. \u00a1Es f\u00e1cil de usar, personalizable y est\u00e1 dise\u00f1ado para hacer que sus eventos sean especiales!\",\"breadcrumb\":{\"@id\":\"https:\/\/themeholt.com\/es\/product\/agencia-de-eventos-gevent\/#breadcrumb\"},\"inLanguage\":\"es\",\"potentialAction\":[{\"@type\":\"ReadAction\",\"target\":[\"https:\/\/themeholt.com\/es\/product\/agencia-de-eventos-gevent\/\"]}]},{\"@type\":\"ImageObject\",\"inLanguage\":\"es\",\"@id\":\"https:\/\/themeholt.com\/es\/product\/agencia-de-eventos-gevent\/#primaryimage\",\"url\":\"https:\/\/themeholt.com\/wp-content\/uploads\/2023\/10\/26.png\",\"contentUrl\":\"https:\/\/themeholt.com\/wp-content\/uploads\/2023\/10\/26.png\",\"width\":1357,\"height\":1715},{\"@type\":\"BreadcrumbList\",\"@id\":\"https:\/\/themeholt.com\/es\/product\/agencia-de-eventos-gevent\/#breadcrumb\",\"itemListElement\":[{\"@type\":\"ListItem\",\"position\":1,\"name\":\"Home\",\"item\":\"https:\/\/themeholt.com\/es\/\"},{\"@type\":\"ListItem\",\"position\":2,\"name\":\"Shop\",\"item\":\"https:\/\/themeholt.com\/shop\/\"},{\"@type\":\"ListItem\",\"position\":3,\"name\":\"Agencia de eventos Gevent\"}]},{\"@type\":\"WebSite\",\"@id\":\"https:\/\/themeholt.com\/#website\",\"url\":\"https:\/\/themeholt.com\/\",\"name\":\"ThemeHolt\",\"description\":\"Themeholt is a website that offers high-quality WordPress themes\",\"publisher\":{\"@id\":\"https:\/\/themeholt.com\/#organization\"},\"potentialAction\":[{\"@type\":\"SearchAction\",\"target\":{\"@type\":\"EntryPoint\",\"urlTemplate\":\"https:\/\/themeholt.com\/?s={search_term_string}\"},\"query-input\":{\"@type\":\"PropertyValueSpecification\",\"valueRequired\":true,\"valueName\":\"search_term_string\"}}],\"inLanguage\":\"es\"},{\"@type\":\"Organization\",\"@id\":\"https:\/\/themeholt.com\/#organization\",\"name\":\"ThemeHolt\",\"alternateName\":\"ThemeHolt\",\"url\":\"https:\/\/themeholt.com\/\",\"logo\":{\"@type\":\"ImageObject\",\"inLanguage\":\"es\",\"@id\":\"https:\/\/themeholt.com\/#\/schema\/logo\/image\/\",\"url\":\"https:\/\/themeholt.com\/wp-content\/uploads\/2024\/10\/themeholt.png\",\"contentUrl\":\"https:\/\/themeholt.com\/wp-content\/uploads\/2024\/10\/themeholt.png\",\"width\":225,\"height\":225,\"caption\":\"ThemeHolt\"},\"image\":{\"@id\":\"https:\/\/themeholt.com\/#\/schema\/logo\/image\/\"},\"sameAs\":[\"https:\/\/www.facebook.com\/themeholtT\",\"https:\/\/x.com\/ThemeholtT\",\"https:\/\/www.linkedin.com\/company\/themeholt\",\"https:\/\/www.instagram.com\/themeholtt\/\"],\"description\":\"Themeholt is a website that offers high-quality WordPress themes that are easy to use and ready for just about everything. In Eindhoven, Netherlands, since 2020 offering simple, accessible WordPress themes by providing a variety of requirements. Themeholt focuses on practicality and efficiency, allowing faster project completion with its superior marketplace and easy-to-use templates.\",\"legalName\":\"ThemeHolt\",\"foundingDate\":\"2022-11-10\",\"numberOfEmployees\":{\"@type\":\"QuantitativeValue\",\"minValue\":\"51\",\"maxValue\":\"200\"}}]}<\/script>\n<!-- \/ Yoast SEO Premium plugin. -->","yoast_head_json":{"title":"Mejore sus eventos con el mejor tema de WordPress para agencias de eventos","description":"Compre nuestro tema de WordPress para agencia de eventos, perfecto para crear impresionantes sitios web de eventos. \u00a1Es f\u00e1cil de usar, personalizable y est\u00e1 dise\u00f1ado para hacer que sus eventos sean especiales!","robots":{"index":"index","follow":"follow","max-snippet":"max-snippet:-1","max-image-preview":"max-image-preview:large","max-video-preview":"max-video-preview:-1"},"canonical":"https:\/\/themeholt.com\/es\/product\/agencia-de-eventos-gevent\/","og_locale":"es_ES","og_type":"article","og_title":"Agencia de eventos Gevent","og_description":"Compre nuestro tema de WordPress para agencia de eventos, perfecto para crear impresionantes sitios web de eventos. \u00a1Es f\u00e1cil de usar, personalizable y est\u00e1 dise\u00f1ado para hacer que sus eventos sean especiales!","og_url":"https:\/\/themeholt.com\/es\/product\/agencia-de-eventos-gevent\/","og_site_name":"ThemeHolt","article_publisher":"https:\/\/www.facebook.com\/themeholtT","article_modified_time":"2024-11-18T10:37:08+00:00","og_image":[{"width":1357,"height":1715,"url":"https:\/\/themeholt.com\/wp-content\/uploads\/2023\/10\/26.png","type":"image\/png"}],"twitter_card":"summary_large_image","twitter_site":"@ThemeholtT","twitter_misc":{"Tiempo de lectura":"1 minuto"},"schema":{"@context":"https:\/\/schema.org","@graph":[{"@type":"WebPage","@id":"https:\/\/themeholt.com\/es\/product\/agencia-de-eventos-gevent\/","url":"https:\/\/themeholt.com\/es\/product\/agencia-de-eventos-gevent\/","name":"Mejore sus eventos con el mejor tema de WordPress para agencias de eventos","isPartOf":{"@id":"https:\/\/themeholt.com\/#website"},"primaryImageOfPage":{"@id":"https:\/\/themeholt.com\/es\/product\/agencia-de-eventos-gevent\/#primaryimage"},"image":{"@id":"https:\/\/themeholt.com\/es\/product\/agencia-de-eventos-gevent\/#primaryimage"},"thumbnailUrl":"https:\/\/themeholt.com\/wp-content\/uploads\/2023\/10\/26.png","datePublished":"2023-10-05T06:24:58+00:00","dateModified":"2024-11-18T10:37:08+00:00","description":"Compre nuestro tema de WordPress para agencia de eventos, perfecto para crear impresionantes sitios web de eventos. \u00a1Es f\u00e1cil de usar, personalizable y est\u00e1 dise\u00f1ado para hacer que sus eventos sean especiales!","breadcrumb":{"@id":"https:\/\/themeholt.com\/es\/product\/agencia-de-eventos-gevent\/#breadcrumb"},"inLanguage":"es","potentialAction":[{"@type":"ReadAction","target":["https:\/\/themeholt.com\/es\/product\/agencia-de-eventos-gevent\/"]}]},{"@type":"ImageObject","inLanguage":"es","@id":"https:\/\/themeholt.com\/es\/product\/agencia-de-eventos-gevent\/#primaryimage","url":"https:\/\/themeholt.com\/wp-content\/uploads\/2023\/10\/26.png","contentUrl":"https:\/\/themeholt.com\/wp-content\/uploads\/2023\/10\/26.png","width":1357,"height":1715},{"@type":"BreadcrumbList","@id":"https:\/\/themeholt.com\/es\/product\/agencia-de-eventos-gevent\/#breadcrumb","itemListElement":[{"@type":"ListItem","position":1,"name":"Home","item":"https:\/\/themeholt.com\/es\/"},{"@type":"ListItem","position":2,"name":"Shop","item":"https:\/\/themeholt.com\/shop\/"},{"@type":"ListItem","position":3,"name":"Agencia de eventos Gevent"}]},{"@type":"WebSite","@id":"https:\/\/themeholt.com\/#website","url":"https:\/\/themeholt.com\/","name":"ThemeHolt","description":"Themeholt is a website that offers high-quality WordPress themes","publisher":{"@id":"https:\/\/themeholt.com\/#organization"},"potentialAction":[{"@type":"SearchAction","target":{"@type":"EntryPoint","urlTemplate":"https:\/\/themeholt.com\/?s={search_term_string}"},"query-input":{"@type":"PropertyValueSpecification","valueRequired":true,"valueName":"search_term_string"}}],"inLanguage":"es"},{"@type":"Organization","@id":"https:\/\/themeholt.com\/#organization","name":"ThemeHolt","alternateName":"ThemeHolt","url":"https:\/\/themeholt.com\/","logo":{"@type":"ImageObject","inLanguage":"es","@id":"https:\/\/themeholt.com\/#\/schema\/logo\/image\/","url":"https:\/\/themeholt.com\/wp-content\/uploads\/2024\/10\/themeholt.png","contentUrl":"https:\/\/themeholt.com\/wp-content\/uploads\/2024\/10\/themeholt.png","width":225,"height":225,"caption":"ThemeHolt"},"image":{"@id":"https:\/\/themeholt.com\/#\/schema\/logo\/image\/"},"sameAs":["https:\/\/www.facebook.com\/themeholtT","https:\/\/x.com\/ThemeholtT","https:\/\/www.linkedin.com\/company\/themeholt","https:\/\/www.instagram.com\/themeholtt\/"],"description":"Themeholt is a website that offers high-quality WordPress themes that are easy to use and ready for just about everything. In Eindhoven, Netherlands, since 2020 offering simple, accessible WordPress themes by providing a variety of requirements. Themeholt focuses on practicality and efficiency, allowing faster project completion with its superior marketplace and easy-to-use templates.","legalName":"ThemeHolt","foundingDate":"2022-11-10","numberOfEmployees":{"@type":"QuantitativeValue","minValue":"51","maxValue":"200"}}]}},"_links":{"self":[{"href":"https:\/\/themeholt.com\/es\/wp-json\/wp\/v2\/product\/20021","targetHints":{"allow":["GET"]}}],"collection":[{"href":"https:\/\/themeholt.com\/es\/wp-json\/wp\/v2\/product"}],"about":[{"href":"https:\/\/themeholt.com\/es\/wp-json\/wp\/v2\/types\/product"}],"wp:featuredmedia":[{"embeddable":true,"href":"https:\/\/themeholt.com\/es\/wp-json\/wp\/v2\/media\/20022"}],"wp:attachment":[{"href":"https:\/\/themeholt.com\/es\/wp-json\/wp\/v2\/media?parent=20021"}],"wp:term":[{"taxonomy":"product_brand","embeddable":true,"href":"https:\/\/themeholt.com\/es\/wp-json\/wp\/v2\/product_brand?post=20021"},{"taxonomy":"product_cat","embeddable":true,"href":"https:\/\/themeholt.com\/es\/wp-json\/wp\/v2\/product_cat?post=20021"},{"taxonomy":"product_tag","embeddable":true,"href":"https:\/\/themeholt.com\/es\/wp-json\/wp\/v2\/product_tag?post=20021"}],"curies":[{"name":"wp","href":"https:\/\/api.w.org\/{rel}","templated":true}]}}