{"id":20175,"date":"2023-10-09T06:26:50","date_gmt":"2023-10-09T06:26:50","guid":{"rendered":"https:\/\/themeholt.com\/product\/favas-woocommerce\/"},"modified":"2024-11-19T10:33:01","modified_gmt":"2024-11-19T10:33:01","slug":"woocommerce-de-favas","status":"publish","type":"product","link":"https:\/\/themeholt.com\/es\/product\/woocommerce-de-favas\/","title":{"rendered":"Woocommerce de Favas"},"content":{"rendered":"<p><span style=\"font-weight: 400\">El tema de WordPress Favas WooCommerce<\/b><span style=\"font-weight: 400\"> es una soluci\u00f3n de comercio electr\u00f3nico vers\u00e1til y elegante dise\u00f1ada para mejorar su tienda en l\u00ednea. Las potentes funciones de Favas y su interfaz f\u00e1cil de usar le permiten crear una tienda en l\u00ednea atractiva y \u00fatil. Con su integraci\u00f3n fluida con WooCommerce, este tema garantiza que sus clientes puedan comprar de forma r\u00e1pida y sencilla.<\/span><\/p>\n<p><span style=\"font-weight: 400\">Con todas las opciones de personalizaci\u00f3n que ofrece Favas, puede hacer que su sitio web refleje exactamente la identidad distintiva de su negocio. Su sitio web se ver\u00e1 fant\u00e1stico en todos los dispositivos gracias a su dise\u00f1o responsivo, y a los usuarios les encantar\u00e1 el dise\u00f1o limpio y fluido. Adem\u00e1s, la optimizaci\u00f3n SEO y las velocidades de carga r\u00e1pidas del tema ayudan a aumentar el tr\u00e1fico del sitio web.<\/span><\/p>\n","protected":false},"excerpt":{"rendered":"<ul>\n<li><span style=\"font-weight: 400\">Una fusi\u00f3n perfecta de WooCommerce y WordPress<\/span><\/li>\n<li><span style=\"font-weight: 400\">Dise\u00f1o y personalizaci\u00f3n impresionantes<\/span><\/li>\n<li><span style=\"font-weight: 400\">Optimizado para el \u00e9xito del comercio electr\u00f3nico<\/span><\/li>\n<li><span style=\"font-weight: 400\">Integraci\u00f3n perfecta de las funciones de WooCommerce<\/span><\/li>\n<li><span style=\"font-weight: 400\">Capacidades avanzadas de SEO<\/span><\/li>\n<li><span style=\"font-weight: 400\">Soporte y documentaci\u00f3n de primera clase<\/span><\/li>\n<\/ul>\n","protected":false},"featured_media":20176,"template":"","meta":{"_acf_changed":false,"inline_featured_image":false},"product_brand":[],"product_cat":[1890,242],"product_tag":[86,169,282,283],"class_list":{"0":"post-20175","1":"product","2":"type-product","3":"status-publish","4":"has-post-thumbnail","6":"product_cat-new-arrivals-es","7":"product_cat-fashion-beauty","8":"product_tag-fashion-theme","9":"product_tag-best-spa-beauty-salon-wordpress-themes","10":"product_tag-best-fashion-website-themes","11":"product_tag-affordable-fashion-and-beauty-themes","13":"first","14":"instock","15":"sale","16":"downloadable","17":"taxable","18":"shipping-taxable","19":"purchasable","20":"product-type-simple"},"acf":[],"yoast_head":"<!-- This site is optimized with the Yoast SEO Premium plugin v22.1 (Yoast SEO v26.0) - https:\/\/yoast.com\/wordpress\/plugins\/seo\/ -->\n<title>Tema de WordPress para WooCommerce | Temas de WooCommerce<\/title>\n<meta name=\"description\" content=\"Consigue el tema WooCommerce WordPress perfecto para crear una hermosa tienda online. F\u00e1cil de personalizar, dise\u00f1o responsivo y funciones de comercio electr\u00f3nico integradas para tu tienda.\" \/>\n<meta name=\"robots\" content=\"index, follow, max-snippet:-1, max-image-preview:large, max-video-preview:-1\" \/>\n<link rel=\"canonical\" href=\"https:\/\/themeholt.com\/es\/product\/woocommerce-de-favas\/\" \/>\n<meta property=\"og:locale\" content=\"es_ES\" \/>\n<meta property=\"og:type\" content=\"article\" \/>\n<meta property=\"og:title\" content=\"Woocommerce de Favas\" \/>\n<meta property=\"og:description\" content=\"Consigue el tema WooCommerce WordPress perfecto para crear una hermosa tienda online. F\u00e1cil de personalizar, dise\u00f1o responsivo y funciones de comercio electr\u00f3nico integradas para tu tienda.\" \/>\n<meta property=\"og:url\" content=\"https:\/\/themeholt.com\/es\/product\/woocommerce-de-favas\/\" \/>\n<meta property=\"og:site_name\" content=\"ThemeHolt\" \/>\n<meta property=\"article:publisher\" content=\"https:\/\/www.facebook.com\/themeholtT\" \/>\n<meta property=\"article:modified_time\" content=\"2024-11-19T10:33:01+00:00\" \/>\n<meta property=\"og:image\" content=\"https:\/\/themeholt.com\/wp-content\/uploads\/2023\/10\/276.png\" \/>\n\t<meta property=\"og:image:width\" content=\"1365\" \/>\n\t<meta property=\"og:image:height\" content=\"1059\" \/>\n\t<meta property=\"og:image:type\" content=\"image\/png\" \/>\n<meta name=\"twitter:card\" content=\"summary_large_image\" \/>\n<meta name=\"twitter:site\" content=\"@ThemeholtT\" \/>\n<meta name=\"twitter:label1\" content=\"Tiempo de lectura\" \/>\n\t<meta name=\"twitter:data1\" content=\"1 minuto\" \/>\n<script type=\"application\/ld+json\" class=\"yoast-schema-graph\">{\"@context\":\"https:\/\/schema.org\",\"@graph\":[{\"@type\":\"WebPage\",\"@id\":\"https:\/\/themeholt.com\/es\/product\/woocommerce-de-favas\/\",\"url\":\"https:\/\/themeholt.com\/es\/product\/woocommerce-de-favas\/\",\"name\":\"Tema de WordPress para WooCommerce | Temas de WooCommerce\",\"isPartOf\":{\"@id\":\"https:\/\/themeholt.com\/#website\"},\"primaryImageOfPage\":{\"@id\":\"https:\/\/themeholt.com\/es\/product\/woocommerce-de-favas\/#primaryimage\"},\"image\":{\"@id\":\"https:\/\/themeholt.com\/es\/product\/woocommerce-de-favas\/#primaryimage\"},\"thumbnailUrl\":\"https:\/\/themeholt.com\/wp-content\/uploads\/2023\/10\/276.png\",\"datePublished\":\"2023-10-09T06:26:50+00:00\",\"dateModified\":\"2024-11-19T10:33:01+00:00\",\"description\":\"Consigue el tema WooCommerce WordPress perfecto para crear una hermosa tienda online. F\u00e1cil de personalizar, dise\u00f1o responsivo y funciones de comercio electr\u00f3nico integradas para tu tienda.\",\"breadcrumb\":{\"@id\":\"https:\/\/themeholt.com\/es\/product\/woocommerce-de-favas\/#breadcrumb\"},\"inLanguage\":\"es\",\"potentialAction\":[{\"@type\":\"ReadAction\",\"target\":[\"https:\/\/themeholt.com\/es\/product\/woocommerce-de-favas\/\"]}]},{\"@type\":\"ImageObject\",\"inLanguage\":\"es\",\"@id\":\"https:\/\/themeholt.com\/es\/product\/woocommerce-de-favas\/#primaryimage\",\"url\":\"https:\/\/themeholt.com\/wp-content\/uploads\/2023\/10\/276.png\",\"contentUrl\":\"https:\/\/themeholt.com\/wp-content\/uploads\/2023\/10\/276.png\",\"width\":1365,\"height\":1059},{\"@type\":\"BreadcrumbList\",\"@id\":\"https:\/\/themeholt.com\/es\/product\/woocommerce-de-favas\/#breadcrumb\",\"itemListElement\":[{\"@type\":\"ListItem\",\"position\":1,\"name\":\"Home\",\"item\":\"https:\/\/themeholt.com\/es\/\"},{\"@type\":\"ListItem\",\"position\":2,\"name\":\"Shop\",\"item\":\"https:\/\/themeholt.com\/shop\/\"},{\"@type\":\"ListItem\",\"position\":3,\"name\":\"Woocommerce de Favas\"}]},{\"@type\":\"WebSite\",\"@id\":\"https:\/\/themeholt.com\/#website\",\"url\":\"https:\/\/themeholt.com\/\",\"name\":\"ThemeHolt\",\"description\":\"Themeholt is a website that offers high-quality WordPress themes\",\"publisher\":{\"@id\":\"https:\/\/themeholt.com\/#organization\"},\"potentialAction\":[{\"@type\":\"SearchAction\",\"target\":{\"@type\":\"EntryPoint\",\"urlTemplate\":\"https:\/\/themeholt.com\/?s={search_term_string}\"},\"query-input\":{\"@type\":\"PropertyValueSpecification\",\"valueRequired\":true,\"valueName\":\"search_term_string\"}}],\"inLanguage\":\"es\"},{\"@type\":\"Organization\",\"@id\":\"https:\/\/themeholt.com\/#organization\",\"name\":\"ThemeHolt\",\"alternateName\":\"ThemeHolt\",\"url\":\"https:\/\/themeholt.com\/\",\"logo\":{\"@type\":\"ImageObject\",\"inLanguage\":\"es\",\"@id\":\"https:\/\/themeholt.com\/#\/schema\/logo\/image\/\",\"url\":\"https:\/\/themeholt.com\/wp-content\/uploads\/2024\/10\/themeholt.png\",\"contentUrl\":\"https:\/\/themeholt.com\/wp-content\/uploads\/2024\/10\/themeholt.png\",\"width\":225,\"height\":225,\"caption\":\"ThemeHolt\"},\"image\":{\"@id\":\"https:\/\/themeholt.com\/#\/schema\/logo\/image\/\"},\"sameAs\":[\"https:\/\/www.facebook.com\/themeholtT\",\"https:\/\/x.com\/ThemeholtT\",\"https:\/\/www.linkedin.com\/company\/themeholt\",\"https:\/\/www.instagram.com\/themeholtt\/\"],\"description\":\"Themeholt is a website that offers high-quality WordPress themes that are easy to use and ready for just about everything. In Eindhoven, Netherlands, since 2020 offering simple, accessible WordPress themes by providing a variety of requirements. Themeholt focuses on practicality and efficiency, allowing faster project completion with its superior marketplace and easy-to-use templates.\",\"legalName\":\"ThemeHolt\",\"foundingDate\":\"2022-11-10\",\"numberOfEmployees\":{\"@type\":\"QuantitativeValue\",\"minValue\":\"51\",\"maxValue\":\"200\"}}]}<\/script>\n<!-- \/ Yoast SEO Premium plugin. -->","yoast_head_json":{"title":"Tema de WordPress para WooCommerce | Temas de WooCommerce","description":"Consigue el tema WooCommerce WordPress perfecto para crear una hermosa tienda online. F\u00e1cil de personalizar, dise\u00f1o responsivo y funciones de comercio electr\u00f3nico integradas para tu tienda.","robots":{"index":"index","follow":"follow","max-snippet":"max-snippet:-1","max-image-preview":"max-image-preview:large","max-video-preview":"max-video-preview:-1"},"canonical":"https:\/\/themeholt.com\/es\/product\/woocommerce-de-favas\/","og_locale":"es_ES","og_type":"article","og_title":"Woocommerce de Favas","og_description":"Consigue el tema WooCommerce WordPress perfecto para crear una hermosa tienda online. F\u00e1cil de personalizar, dise\u00f1o responsivo y funciones de comercio electr\u00f3nico integradas para tu tienda.","og_url":"https:\/\/themeholt.com\/es\/product\/woocommerce-de-favas\/","og_site_name":"ThemeHolt","article_publisher":"https:\/\/www.facebook.com\/themeholtT","article_modified_time":"2024-11-19T10:33:01+00:00","og_image":[{"width":1365,"height":1059,"url":"https:\/\/themeholt.com\/wp-content\/uploads\/2023\/10\/276.png","type":"image\/png"}],"twitter_card":"summary_large_image","twitter_site":"@ThemeholtT","twitter_misc":{"Tiempo de lectura":"1 minuto"},"schema":{"@context":"https:\/\/schema.org","@graph":[{"@type":"WebPage","@id":"https:\/\/themeholt.com\/es\/product\/woocommerce-de-favas\/","url":"https:\/\/themeholt.com\/es\/product\/woocommerce-de-favas\/","name":"Tema de WordPress para WooCommerce | Temas de WooCommerce","isPartOf":{"@id":"https:\/\/themeholt.com\/#website"},"primaryImageOfPage":{"@id":"https:\/\/themeholt.com\/es\/product\/woocommerce-de-favas\/#primaryimage"},"image":{"@id":"https:\/\/themeholt.com\/es\/product\/woocommerce-de-favas\/#primaryimage"},"thumbnailUrl":"https:\/\/themeholt.com\/wp-content\/uploads\/2023\/10\/276.png","datePublished":"2023-10-09T06:26:50+00:00","dateModified":"2024-11-19T10:33:01+00:00","description":"Consigue el tema WooCommerce WordPress perfecto para crear una hermosa tienda online. F\u00e1cil de personalizar, dise\u00f1o responsivo y funciones de comercio electr\u00f3nico integradas para tu tienda.","breadcrumb":{"@id":"https:\/\/themeholt.com\/es\/product\/woocommerce-de-favas\/#breadcrumb"},"inLanguage":"es","potentialAction":[{"@type":"ReadAction","target":["https:\/\/themeholt.com\/es\/product\/woocommerce-de-favas\/"]}]},{"@type":"ImageObject","inLanguage":"es","@id":"https:\/\/themeholt.com\/es\/product\/woocommerce-de-favas\/#primaryimage","url":"https:\/\/themeholt.com\/wp-content\/uploads\/2023\/10\/276.png","contentUrl":"https:\/\/themeholt.com\/wp-content\/uploads\/2023\/10\/276.png","width":1365,"height":1059},{"@type":"BreadcrumbList","@id":"https:\/\/themeholt.com\/es\/product\/woocommerce-de-favas\/#breadcrumb","itemListElement":[{"@type":"ListItem","position":1,"name":"Home","item":"https:\/\/themeholt.com\/es\/"},{"@type":"ListItem","position":2,"name":"Shop","item":"https:\/\/themeholt.com\/shop\/"},{"@type":"ListItem","position":3,"name":"Woocommerce de Favas"}]},{"@type":"WebSite","@id":"https:\/\/themeholt.com\/#website","url":"https:\/\/themeholt.com\/","name":"ThemeHolt","description":"Themeholt is a website that offers high-quality WordPress themes","publisher":{"@id":"https:\/\/themeholt.com\/#organization"},"potentialAction":[{"@type":"SearchAction","target":{"@type":"EntryPoint","urlTemplate":"https:\/\/themeholt.com\/?s={search_term_string}"},"query-input":{"@type":"PropertyValueSpecification","valueRequired":true,"valueName":"search_term_string"}}],"inLanguage":"es"},{"@type":"Organization","@id":"https:\/\/themeholt.com\/#organization","name":"ThemeHolt","alternateName":"ThemeHolt","url":"https:\/\/themeholt.com\/","logo":{"@type":"ImageObject","inLanguage":"es","@id":"https:\/\/themeholt.com\/#\/schema\/logo\/image\/","url":"https:\/\/themeholt.com\/wp-content\/uploads\/2024\/10\/themeholt.png","contentUrl":"https:\/\/themeholt.com\/wp-content\/uploads\/2024\/10\/themeholt.png","width":225,"height":225,"caption":"ThemeHolt"},"image":{"@id":"https:\/\/themeholt.com\/#\/schema\/logo\/image\/"},"sameAs":["https:\/\/www.facebook.com\/themeholtT","https:\/\/x.com\/ThemeholtT","https:\/\/www.linkedin.com\/company\/themeholt","https:\/\/www.instagram.com\/themeholtt\/"],"description":"Themeholt is a website that offers high-quality WordPress themes that are easy to use and ready for just about everything. In Eindhoven, Netherlands, since 2020 offering simple, accessible WordPress themes by providing a variety of requirements. Themeholt focuses on practicality and efficiency, allowing faster project completion with its superior marketplace and easy-to-use templates.","legalName":"ThemeHolt","foundingDate":"2022-11-10","numberOfEmployees":{"@type":"QuantitativeValue","minValue":"51","maxValue":"200"}}]}},"_links":{"self":[{"href":"https:\/\/themeholt.com\/es\/wp-json\/wp\/v2\/product\/20175","targetHints":{"allow":["GET"]}}],"collection":[{"href":"https:\/\/themeholt.com\/es\/wp-json\/wp\/v2\/product"}],"about":[{"href":"https:\/\/themeholt.com\/es\/wp-json\/wp\/v2\/types\/product"}],"wp:featuredmedia":[{"embeddable":true,"href":"https:\/\/themeholt.com\/es\/wp-json\/wp\/v2\/media\/20176"}],"wp:attachment":[{"href":"https:\/\/themeholt.com\/es\/wp-json\/wp\/v2\/media?parent=20175"}],"wp:term":[{"taxonomy":"product_brand","embeddable":true,"href":"https:\/\/themeholt.com\/es\/wp-json\/wp\/v2\/product_brand?post=20175"},{"taxonomy":"product_cat","embeddable":true,"href":"https:\/\/themeholt.com\/es\/wp-json\/wp\/v2\/product_cat?post=20175"},{"taxonomy":"product_tag","embeddable":true,"href":"https:\/\/themeholt.com\/es\/wp-json\/wp\/v2\/product_tag?post=20175"}],"curies":[{"name":"wp","href":"https:\/\/api.w.org\/{rel}","templated":true}]}}