{"id":28929,"date":"2024-03-21T12:51:56","date_gmt":"2024-03-21T12:51:56","guid":{"rendered":"https:\/\/themeholt.com\/about\/"},"modified":"2024-12-11T07:58:24","modified_gmt":"2024-12-11T07:58:24","slug":"a-propos","status":"publish","type":"page","link":"https:\/\/themeholt.com\/fr\/a-propos\/","title":{"rendered":"\u00c0 propos"},"content":{"rendered":"\n<div class=\"wp-block-group\"><div class=\"wp-block-group__inner-container is-layout-flow wp-block-group-is-layout-flow\">\n<div class=\"wp-block-columns are-vertically-aligned-center is-layout-flex wp-container-core-columns-is-layout-9d6595d7 wp-block-columns-is-layout-flex\">\n<div class=\"wp-block-column is-vertically-aligned-center is-layout-flow wp-block-column-is-layout-flow\"><div class=\"wp-block-image\">\n<figure class=\"aligncenter size-full\"><img loading=\"lazy\" decoding=\"async\" width=\"721\" height=\"346\" src=\"https:\/\/themeholt.com\/wp-content\/uploads\/2024\/03\/various-coffee-time-templates-screen_23-2148433369-removebg-preview.png\" alt=\"\" class=\"wp-image-7219\" srcset=\"https:\/\/themeholt.com\/wp-content\/uploads\/2024\/03\/various-coffee-time-templates-screen_23-2148433369-removebg-preview.png 721w, https:\/\/themeholt.com\/wp-content\/uploads\/2024\/03\/various-coffee-time-templates-screen_23-2148433369-removebg-preview-300x144.png 300w, https:\/\/themeholt.com\/wp-content\/uploads\/2024\/03\/various-coffee-time-templates-screen_23-2148433369-removebg-preview-142x68.png 142w, https:\/\/themeholt.com\/wp-content\/uploads\/2024\/03\/various-coffee-time-templates-screen_23-2148433369-removebg-preview-679x326.png 679w, https:\/\/themeholt.com\/wp-content\/uploads\/2024\/03\/various-coffee-time-templates-screen_23-2148433369-removebg-preview-477x229.png 477w, https:\/\/themeholt.com\/wp-content\/uploads\/2024\/03\/various-coffee-time-templates-screen_23-2148433369-removebg-preview-600x288.png 600w\" sizes=\"auto, (max-width: 721px) 100vw, 721px\" \/><\/figure><\/div><\/div>\n\n\n\n<div class=\"wp-block-column is-vertically-aligned-center Welcome-1 is-layout-flow wp-block-column-is-layout-flow\">\n<h1 class=\"wp-block-heading About-Wordpress-head has-black-color has-text-color has-link-color wp-elements-ddad28db6cfb4bed97706be79d15bd55\" id=\"h-entrez-dans-la-plus-grande-place-de-marche-au-monde-pour-des-themes-wordpress-incroyables\"><strong>Entrez dans la plus grande place de march\u00e9 au monde pour des th\u00e8mes WordPress incroyables<\/strong><\/h1>\n\n\n\n<p>Themeholt est un site Web qui propose des th\u00e8mes WordPress de haute qualit\u00e9, faciles \u00e0 utiliser et pr\u00eats pour presque tout. \u00c0 Eindhoven, aux Pays-Bas, depuis 2020, nous proposons des th\u00e8mes WordPress simples et accessibles en r\u00e9pondant \u00e0 une vari\u00e9t\u00e9 d&rsquo;exigences.<\/p>\n\n\n\n<p>Themeholt met l&rsquo;accent sur la praticit\u00e9 et l&rsquo;efficacit\u00e9, permettant une r\u00e9alisation plus rapide des projets gr\u00e2ce \u00e0 sa place de march\u00e9 sup\u00e9rieure et \u00e0 ses mod\u00e8les faciles \u00e0 utiliser.<\/p>\n<\/div>\n<\/div>\n<\/div><\/div>\n\n\n\n<p class=\"has-text-align-center\"><\/p>\n\n\n\n<div class=\"wp-block-columns is-layout-flex wp-container-core-columns-is-layout-9d6595d7 wp-block-columns-is-layout-flex\">\n<div class=\"wp-block-column is-layout-flow wp-block-column-is-layout-flow\" id=\"features-2\">\n<h3 class=\"wp-block-heading\" id=\"h-fonctionnalites-du-theme-wordpress\"><strong>Fonctionnalit\u00e9s du th\u00e8me WordPress<\/strong><\/h3>\n<\/div>\n<\/div>\n\n\n\n<div class=\"wp-block-columns is-layout-flex wp-container-core-columns-is-layout-9d6595d7 wp-block-columns-is-layout-flex\">\n<div class=\"wp-block-column is-vertically-aligned-center solid-code1 is-layout-flow wp-block-column-is-layout-flow\">\n<h5 class=\"wp-block-heading has-text-align-center\" id=\"h-code-solide\"><strong>Code solide<\/strong><\/h5>\n\n\n\n<p class=\"has-text-align-center\">Nos th\u00e8mes sont con\u00e7us avec un codage propre et simple, ce qui garantit des vitesses de chargement rapides du site Web ainsi qu&rsquo;une personnalisation facile.<\/p>\n<\/div>\n\n\n\n<div class=\"wp-block-column is-vertically-aligned-center solid-code1 is-layout-flow wp-block-column-is-layout-flow\">\n<h5 class=\"wp-block-heading has-text-align-center\" id=\"h-personnalisation-facile\"><strong>Personnalisation facile<\/strong><\/h5>\n\n\n\n<p class=\"has-text-align-center\">En utilisant nos outils de personnalisation, vous pouvez facilement personnaliser et concevoir vos sites Web pour les faire appara\u00eetre exactement selon vos besoins.<\/p>\n<\/div>\n\n\n\n<div class=\"wp-block-column is-vertically-aligned-center solid-code1 is-layout-flow wp-block-column-is-layout-flow\">\n<h5 class=\"wp-block-heading has-text-align-center\" id=\"h-optimisation-seo\"><strong>Optimisation SEO<\/strong><\/h5>\n\n\n\n<p class=\"has-text-align-center\">Ne vous inqui\u00e9tez pas, nos th\u00e8mes sont optimis\u00e9s pour les moteurs de recherche, garantissant une excellente visibilit\u00e9 et des classements \u00e9lev\u00e9s sur le SERP de Google.<\/p>\n<\/div>\n<\/div>\n\n\n\n<div class=\"wp-block-columns is-layout-flex wp-container-core-columns-is-layout-9d6595d7 wp-block-columns-is-layout-flex\">\n<div class=\"wp-block-column is-vertically-aligned-center solid-code1 is-layout-flow wp-block-column-is-layout-flow\">\n<h5 class=\"wp-block-heading has-text-align-center\" id=\"h-themes-100-compatibles-avec-les-appareils-mobiles\"><strong><strong>Th\u00e8mes 100% compatibles avec les appareils mobiles<\/strong><\/strong><\/h5>\n\n\n\n<p class=\"has-text-align-center\">Avec nos th\u00e8mes r\u00e9actifs mobiles, votre site Web s&rsquo;adapte simplement pour fonctionner sur diff\u00e9rents appareils mobiles ainsi que sur les ordinateurs de bureau.<\/p>\n<\/div>\n\n\n\n<div class=\"wp-block-column is-vertically-aligned-center solid-code1 is-layout-flow wp-block-column-is-layout-flow\">\n<h5 class=\"wp-block-heading has-text-align-center\" id=\"h-options-de-theme-faciles\"><strong><strong><strong>Options de th\u00e8me faciles<\/strong><\/strong><\/strong><\/h5>\n\n\n\n<p class=\"has-text-align-center\">Avec l&rsquo;option de tableau de bord d&rsquo;administration flexible, vous pouvez g\u00e9rer sans effort le contenu du site Web sans aucun codage.<\/p>\n<\/div>\n\n\n\n<div class=\"wp-block-column is-vertically-aligned-center solid-code1 is-layout-flow wp-block-column-is-layout-flow\">\n<h5 class=\"wp-block-heading has-text-align-center\" id=\"h-assistance-dediee\"><strong><strong>Assistance d\u00e9di\u00e9e<\/strong><\/strong><\/h5>\n\n\n\n<p class=\"has-text-align-center\">Pour toute pr\u00e9occupation et question, notre \u00e9quipe d\u00e9vou\u00e9e et r\u00e9active est toujours disponible 24h\/24 et 7j\/7 pour vous.<\/p>\n<\/div>\n<\/div>\n\n\n\n<div class=\"wp-block-columns are-vertically-aligned-center Themeholt Offers-1 is-layout-flex wp-container-core-columns-is-layout-9d6595d7 wp-block-columns-is-layout-flex\">\n<div class=\"wp-block-column is-vertically-aligned-center is-layout-flow wp-block-column-is-layout-flow\" style=\"flex-basis:50%\">\n<div class=\"wp-block-group\"><div class=\"wp-block-group__inner-container is-layout-flow wp-block-group-is-layout-flow\">\n<h2 class=\"wp-block-heading About-Wordpress-head\" id=\"h-themeholt-propose-des-themes-wordpress-innovants\"><strong>Themeholt propose des th\u00e8mes WordPress innovants\u00a0!<\/strong><\/h2>\n\n\n\n<p>Chez Themeholt, notre \u00e9quipe a travaill\u00e9 dur pour cr\u00e9er une collection de th\u00e8mes WordPress uniques et abordables. Nos mod\u00e8les sont con\u00e7us pour aider votre entreprise, votre blog ou votre portfolio \u00e0 avoir une belle apparence et \u00e0 renforcer votre pr\u00e9sence en ligne. Nous croyons qu&rsquo;il faut garder les choses simples et \u00e9l\u00e9gantes.<\/p>\n\n\n\n<p>Nos th\u00e8mes m\u00e9langent des styles classiques et modernes pour faire briller votre contenu. Que vous soyez propri\u00e9taire d&rsquo;entreprise, blogueur, \u00e9crivain, artiste, pigiste, photographe, designer ou d\u00e9veloppeur, vous adorerez Themeholt.<\/p>\n<\/div><\/div>\n<\/div>\n\n\n\n<div class=\"wp-block-column is-vertically-aligned-center is-layout-flow wp-block-column-is-layout-flow\" style=\"flex-basis:50%\"><div class=\"wp-block-image\">\n<figure class=\"aligncenter size-full\"><img loading=\"lazy\" decoding=\"async\" width=\"478\" height=\"250\" src=\"https:\/\/themeholt.com\/wp-content\/uploads\/2024\/03\/theme-1.jpg\" alt=\"\" class=\"wp-image-7227\" style=\"object-fit:cover\" srcset=\"https:\/\/themeholt.com\/wp-content\/uploads\/2024\/03\/theme-1.jpg 478w, https:\/\/themeholt.com\/wp-content\/uploads\/2024\/03\/theme-1-300x157.jpg 300w, https:\/\/themeholt.com\/wp-content\/uploads\/2024\/03\/theme-1-130x68.jpg 130w\" sizes=\"auto, (max-width: 478px) 100vw, 478px\" \/><\/figure><\/div><\/div>\n<\/div>\n\n\n\n<div class=\"wp-block-columns is-layout-flex wp-container-core-columns-is-layout-9d6595d7 wp-block-columns-is-layout-flex\">\n<div class=\"wp-block-column is-layout-flow wp-block-column-is-layout-flow\" style=\"flex-basis:100%\">\n<div class=\"wp-block-group enjoyed-2\"><div class=\"wp-block-group__inner-container is-layout-flow wp-block-group-is-layout-flow\">\n<div class=\"wp-block-group\"><div class=\"wp-block-group__inner-container is-layout-flow wp-block-group-is-layout-flow\">\n<p>Notre \u00e9quipe de d\u00e9veloppeurs et de concepteurs est passionn\u00e9e par la cr\u00e9ation de choses cool. Nous pensons que WordPress est incroyable parce qu&rsquo;il est polyvalent, puissant et facile \u00e0 utiliser &#8211; parfait pour tout d\u00e9veloppeur.<\/p>\n\n\n\n<p>Tous nos th\u00e8mes sont cr\u00e9\u00e9s, test\u00e9s et pris en charge par nos soins. Lorsque vous nous rejoignez, vous avez acc\u00e8s \u00e0 tous nos th\u00e8mes, \u00e0 nos nouvelles versions et \u00e0 notre forum d&rsquo;assistance. Nous sommes l\u00e0 pour vous aider \u00e0 tirer le meilleur parti de WordPress.<\/p>\n<\/div><\/div>\n<\/div><\/div>\n<\/div>\n<\/div>\n\n\n\n<div class=\"wp-block-columns is-layout-flex wp-container-core-columns-is-layout-9d6595d7 wp-block-columns-is-layout-flex\">\n<div class=\"wp-block-column World-2 is-layout-flow wp-block-column-is-layout-flow\">\n<h2 class=\"wp-block-heading\" id=\"h-d-innombrables-options-de-conception-a-portee-de-main\"><strong>D&rsquo;innombrables options de conception \u00e0 port\u00e9e de main<\/strong><\/h2>\n\n\n\n<p>Sur Themeholt, vous pouvez choisir votre mod\u00e8le id\u00e9al, l&rsquo;associer \u00e0 une image sympa et choisir une belle police. Il existe des milliers d&rsquo;options de conception qui fonctionnent parfaitement ensemble.<\/p>\n\n\n\n<p>Nos th\u00e8mes de sites Web sont de premier ordre et peuvent \u00eatre utilis\u00e9s sur tout type de site Web. Ils sont livr\u00e9s avec un formulaire de contact, de nombreuses options de couleurs et des designs modernes. Vous pouvez choisir entre des mod\u00e8les HTML et Bootstrap. Cr\u00e9er un site Web professionnel n&rsquo;a jamais \u00e9t\u00e9 aussi simple pour personne.<\/p>\n\n\n\n<p>Si vous souhaitez plus de fonctionnalit\u00e9s et d&rsquo;options pour personnaliser votre site Web, les th\u00e8mes WordPress premium sont la meilleure option pour vous.<\/p>\n<\/div>\n<\/div>\n\n\n\n<p><\/p>\n\n\n\n<div class=\"wp-block-columns is-layout-flex wp-container-core-columns-is-layout-9d6595d7 wp-block-columns-is-layout-flex\">\n<div class=\"wp-block-column is-vertically-aligned-center is-layout-flow wp-block-column-is-layout-flow\" style=\"flex-basis:50%\">\n<div class=\"wp-block-group\"><div class=\"wp-block-group__inner-container is-layout-flow wp-block-group-is-layout-flow\"><div class=\"wp-block-image\">\n<figure class=\"aligncenter size-full\"><a href=\"https:\/\/themeholt.com\/wp-content\/uploads\/2024\/02\/kit-elementor-22-removebg-preview.png\"><img loading=\"lazy\" decoding=\"async\" width=\"632\" height=\"395\" src=\"https:\/\/themeholt.com\/wp-content\/uploads\/2024\/02\/kit-elementor-22-removebg-preview.png\" alt=\"\" class=\"wp-image-6870\" srcset=\"https:\/\/themeholt.com\/wp-content\/uploads\/2024\/02\/kit-elementor-22-removebg-preview.png 632w, https:\/\/themeholt.com\/wp-content\/uploads\/2024\/02\/kit-elementor-22-removebg-preview-300x188.png 300w, https:\/\/themeholt.com\/wp-content\/uploads\/2024\/02\/kit-elementor-22-removebg-preview-109x68.png 109w, https:\/\/themeholt.com\/wp-content\/uploads\/2024\/02\/kit-elementor-22-removebg-preview-622x389.png 622w, https:\/\/themeholt.com\/wp-content\/uploads\/2024\/02\/kit-elementor-22-removebg-preview-477x298.png 477w, https:\/\/themeholt.com\/wp-content\/uploads\/2024\/02\/kit-elementor-22-removebg-preview-600x375.png 600w\" sizes=\"auto, (max-width: 632px) 100vw, 632px\" \/><\/a><\/figure><\/div><\/div><\/div>\n<\/div>\n\n\n\n<div class=\"wp-block-column is-vertically-aligned-center is-layout-flow wp-block-column-is-layout-flow\" style=\"flex-basis:50%\">\n<div class=\"wp-block-group\"><div class=\"wp-block-group__inner-container is-layout-flow wp-block-group-is-layout-flow\">\n<h2 class=\"wp-block-heading About-Wordpress-head\" id=\"h-accedez-a-une-collection-infinie-de-themes-et-de-modeles-wordpress\"><strong>Acc\u00e9dez \u00e0 une collection infinie de th\u00e8mes et de mod\u00e8les WordPress.<\/strong><\/h2>\n<\/div><\/div>\n\n\n\n<p>Chez Themeholt, nous avons des th\u00e8mes WordPress pour tout le monde : ils sont faciles \u00e0 utiliser, s&rsquo;adaptent parfaitement \u00e0 tous les appareils et se chargent tr\u00e8s rapidement.<\/p>\n\n\n\n<p>Avec nos th\u00e8mes, vous pouvez enfin cr\u00e9er le site Web dont vous avez toujours r\u00eav\u00e9. Ils regorgent de fonctionnalit\u00e9s et peuvent \u00eatre personnalis\u00e9s pour correspondre parfaitement \u00e0 votre style.<\/p>\n\n\n\n<p>Si vous voulez les meilleurs th\u00e8mes WordPress, ne cherchez pas plus loin que Themeholt. Nos mod\u00e8les vous aideront \u00e0 pr\u00e9senter votre entreprise sous le meilleur jour possible.<\/p>\n\n\n\n<p><\/p>\n<\/div>\n<\/div>\n\n\n\n<p>Vous pouvez cr\u00e9er un site Web enti\u00e8rement fonctionnel avec tous vos produits et services en utilisant nos th\u00e8mes. Et ne vous inqui\u00e9tez pas de la compatibilit\u00e9 : nos th\u00e8mes fonctionnent parfaitement avec la derni\u00e8re version de WordPress.<\/p>\n\n\n\n<p>Nos th\u00e8mes simples mais puissants aideront votre contenu \u00e0 se d\u00e9marquer et \u00e0 fid\u00e9liser les visiteurs.<\/p>\n\n\n\n<p>Nous comprenons \u00e0 quel point il est important pour les entreprises d&rsquo;avoir une forte pr\u00e9sence en ligne. C&rsquo;est pourquoi nous avons s\u00e9lectionn\u00e9 les meilleurs th\u00e8mes WordPress parmi lesquels vous pouvez faire votre choix. Jetez-y un \u0153il et voyez comment vous pouvez impressionner les visiteurs de votre site Web.<\/p>\n","protected":false},"excerpt":{"rendered":"<p>Entrez dans la plus grande place de march\u00e9 au monde pour des th\u00e8mes<a class=\"read-more\" href=\"https:\/\/themeholt.com\/fr\/a-propos\/\">&#8230;<\/a><\/p>\n","protected":false},"author":4,"featured_media":28931,"parent":0,"menu_order":0,"comment_status":"closed","ping_status":"closed","template":"","meta":{"_acf_changed":false,"inline_featured_image":false,"footnotes":""},"class_list":["post-28929","page","type-page","status-publish","has-post-thumbnail","hentry"],"acf":[],"yoast_head":"<!-- This site is optimized with the Yoast SEO Premium plugin v22.1 (Yoast SEO v26.0) - https:\/\/yoast.com\/wordpress\/plugins\/seo\/ -->\n<title>\u00c0 propos - Th\u00e8mes WordPress innovants | Themeholt<\/title>\n<meta name=\"description\" content=\"Obtenez des th\u00e8mes WordPress innovants \u00e0 un prix abordable. Trouvez des designs uniques avec des options et des fonctionnalit\u00e9s personnalisables. Apprenez-en plus sur nous !\" \/>\n<meta name=\"robots\" content=\"index, follow, max-snippet:-1, max-image-preview:large, max-video-preview:-1\" \/>\n<link rel=\"canonical\" href=\"https:\/\/themeholt.com\/fr\/a-propos\/\" \/>\n<meta property=\"og:locale\" content=\"fr_FR\" \/>\n<meta property=\"og:type\" content=\"article\" \/>\n<meta property=\"og:title\" content=\"\u00c0 propos\" \/>\n<meta property=\"og:description\" content=\"Obtenez des th\u00e8mes WordPress innovants \u00e0 un prix abordable. Trouvez des designs uniques avec des options et des fonctionnalit\u00e9s personnalisables. Apprenez-en plus sur nous !\" \/>\n<meta property=\"og:url\" content=\"https:\/\/themeholt.com\/fr\/a-propos\/\" \/>\n<meta property=\"og:site_name\" content=\"ThemeHolt\" \/>\n<meta property=\"article:publisher\" content=\"https:\/\/www.facebook.com\/themeholtT\" \/>\n<meta property=\"article:modified_time\" content=\"2024-12-11T07:58:24+00:00\" \/>\n<meta property=\"og:image\" content=\"https:\/\/themeholt.com\/wp-content\/uploads\/2023\/02\/Best-WordPress-Child-Themes-4.jpg\" \/>\n\t<meta property=\"og:image:width\" content=\"1680\" \/>\n\t<meta property=\"og:image:height\" content=\"924\" \/>\n\t<meta property=\"og:image:type\" content=\"image\/jpeg\" \/>\n<meta name=\"twitter:card\" content=\"summary_large_image\" \/>\n<meta name=\"twitter:site\" content=\"@ThemeholtT\" \/>\n<meta name=\"twitter:label1\" content=\"Dur\u00e9e de lecture estim\u00e9e\" \/>\n\t<meta name=\"twitter:data1\" content=\"4 minutes\" \/>\n<script type=\"application\/ld+json\" class=\"yoast-schema-graph\">{\"@context\":\"https:\/\/schema.org\",\"@graph\":[{\"@type\":[\"WebPage\",\"AboutPage\"],\"@id\":\"https:\/\/themeholt.com\/fr\/a-propos\/\",\"url\":\"https:\/\/themeholt.com\/fr\/a-propos\/\",\"name\":\"\u00c0 propos - Th\u00e8mes WordPress innovants | Themeholt\",\"isPartOf\":{\"@id\":\"https:\/\/themeholt.com\/#website\"},\"primaryImageOfPage\":{\"@id\":\"https:\/\/themeholt.com\/fr\/a-propos\/#primaryimage\"},\"image\":{\"@id\":\"https:\/\/themeholt.com\/fr\/a-propos\/#primaryimage\"},\"thumbnailUrl\":\"https:\/\/themeholt.com\/wp-content\/uploads\/2023\/02\/Best-WordPress-Child-Themes-4.jpg\",\"datePublished\":\"2024-03-21T12:51:56+00:00\",\"dateModified\":\"2024-12-11T07:58:24+00:00\",\"description\":\"Obtenez des th\u00e8mes WordPress innovants \u00e0 un prix abordable. Trouvez des designs uniques avec des options et des fonctionnalit\u00e9s personnalisables. Apprenez-en plus sur nous !\",\"breadcrumb\":{\"@id\":\"https:\/\/themeholt.com\/fr\/a-propos\/#breadcrumb\"},\"inLanguage\":\"fr-FR\",\"potentialAction\":[{\"@type\":\"ReadAction\",\"target\":[\"https:\/\/themeholt.com\/fr\/a-propos\/\"]}]},{\"@type\":\"ImageObject\",\"inLanguage\":\"fr-FR\",\"@id\":\"https:\/\/themeholt.com\/fr\/a-propos\/#primaryimage\",\"url\":\"https:\/\/themeholt.com\/wp-content\/uploads\/2023\/02\/Best-WordPress-Child-Themes-4.jpg\",\"contentUrl\":\"https:\/\/themeholt.com\/wp-content\/uploads\/2023\/02\/Best-WordPress-Child-Themes-4.jpg\",\"width\":1680,\"height\":924},{\"@type\":\"BreadcrumbList\",\"@id\":\"https:\/\/themeholt.com\/fr\/a-propos\/#breadcrumb\",\"itemListElement\":[{\"@type\":\"ListItem\",\"position\":1,\"name\":\"Home\",\"item\":\"https:\/\/themeholt.com\/fr\/\"},{\"@type\":\"ListItem\",\"position\":2,\"name\":\"\u00c0 propos\"}]},{\"@type\":\"WebSite\",\"@id\":\"https:\/\/themeholt.com\/#website\",\"url\":\"https:\/\/themeholt.com\/\",\"name\":\"ThemeHolt\",\"description\":\"Themeholt is a website that offers high-quality WordPress themes\",\"publisher\":{\"@id\":\"https:\/\/themeholt.com\/#organization\"},\"potentialAction\":[{\"@type\":\"SearchAction\",\"target\":{\"@type\":\"EntryPoint\",\"urlTemplate\":\"https:\/\/themeholt.com\/?s={search_term_string}\"},\"query-input\":{\"@type\":\"PropertyValueSpecification\",\"valueRequired\":true,\"valueName\":\"search_term_string\"}}],\"inLanguage\":\"fr-FR\"},{\"@type\":\"Organization\",\"@id\":\"https:\/\/themeholt.com\/#organization\",\"name\":\"ThemeHolt\",\"alternateName\":\"ThemeHolt\",\"url\":\"https:\/\/themeholt.com\/\",\"logo\":{\"@type\":\"ImageObject\",\"inLanguage\":\"fr-FR\",\"@id\":\"https:\/\/themeholt.com\/#\/schema\/logo\/image\/\",\"url\":\"https:\/\/themeholt.com\/wp-content\/uploads\/2024\/10\/themeholt.png\",\"contentUrl\":\"https:\/\/themeholt.com\/wp-content\/uploads\/2024\/10\/themeholt.png\",\"width\":225,\"height\":225,\"caption\":\"ThemeHolt\"},\"image\":{\"@id\":\"https:\/\/themeholt.com\/#\/schema\/logo\/image\/\"},\"sameAs\":[\"https:\/\/www.facebook.com\/themeholtT\",\"https:\/\/x.com\/ThemeholtT\",\"https:\/\/www.linkedin.com\/company\/themeholt\",\"https:\/\/www.instagram.com\/themeholtt\/\"],\"description\":\"Themeholt is a website that offers high-quality WordPress themes that are easy to use and ready for just about everything. In Eindhoven, Netherlands, since 2020 offering simple, accessible WordPress themes by providing a variety of requirements. Themeholt focuses on practicality and efficiency, allowing faster project completion with its superior marketplace and easy-to-use templates.\",\"legalName\":\"ThemeHolt\",\"foundingDate\":\"2022-11-10\",\"numberOfEmployees\":{\"@type\":\"QuantitativeValue\",\"minValue\":\"51\",\"maxValue\":\"200\"}}]}<\/script>\n<!-- \/ Yoast SEO Premium plugin. -->","yoast_head_json":{"title":"\u00c0 propos - Th\u00e8mes WordPress innovants | Themeholt","description":"Obtenez des th\u00e8mes WordPress innovants \u00e0 un prix abordable. Trouvez des designs uniques avec des options et des fonctionnalit\u00e9s personnalisables. Apprenez-en plus sur nous !","robots":{"index":"index","follow":"follow","max-snippet":"max-snippet:-1","max-image-preview":"max-image-preview:large","max-video-preview":"max-video-preview:-1"},"canonical":"https:\/\/themeholt.com\/fr\/a-propos\/","og_locale":"fr_FR","og_type":"article","og_title":"\u00c0 propos","og_description":"Obtenez des th\u00e8mes WordPress innovants \u00e0 un prix abordable. Trouvez des designs uniques avec des options et des fonctionnalit\u00e9s personnalisables. Apprenez-en plus sur nous !","og_url":"https:\/\/themeholt.com\/fr\/a-propos\/","og_site_name":"ThemeHolt","article_publisher":"https:\/\/www.facebook.com\/themeholtT","article_modified_time":"2024-12-11T07:58:24+00:00","og_image":[{"width":1680,"height":924,"url":"https:\/\/themeholt.com\/wp-content\/uploads\/2023\/02\/Best-WordPress-Child-Themes-4.jpg","type":"image\/jpeg"}],"twitter_card":"summary_large_image","twitter_site":"@ThemeholtT","twitter_misc":{"Dur\u00e9e de lecture estim\u00e9e":"4 minutes"},"schema":{"@context":"https:\/\/schema.org","@graph":[{"@type":["WebPage","AboutPage"],"@id":"https:\/\/themeholt.com\/fr\/a-propos\/","url":"https:\/\/themeholt.com\/fr\/a-propos\/","name":"\u00c0 propos - Th\u00e8mes WordPress innovants | Themeholt","isPartOf":{"@id":"https:\/\/themeholt.com\/#website"},"primaryImageOfPage":{"@id":"https:\/\/themeholt.com\/fr\/a-propos\/#primaryimage"},"image":{"@id":"https:\/\/themeholt.com\/fr\/a-propos\/#primaryimage"},"thumbnailUrl":"https:\/\/themeholt.com\/wp-content\/uploads\/2023\/02\/Best-WordPress-Child-Themes-4.jpg","datePublished":"2024-03-21T12:51:56+00:00","dateModified":"2024-12-11T07:58:24+00:00","description":"Obtenez des th\u00e8mes WordPress innovants \u00e0 un prix abordable. Trouvez des designs uniques avec des options et des fonctionnalit\u00e9s personnalisables. Apprenez-en plus sur nous !","breadcrumb":{"@id":"https:\/\/themeholt.com\/fr\/a-propos\/#breadcrumb"},"inLanguage":"fr-FR","potentialAction":[{"@type":"ReadAction","target":["https:\/\/themeholt.com\/fr\/a-propos\/"]}]},{"@type":"ImageObject","inLanguage":"fr-FR","@id":"https:\/\/themeholt.com\/fr\/a-propos\/#primaryimage","url":"https:\/\/themeholt.com\/wp-content\/uploads\/2023\/02\/Best-WordPress-Child-Themes-4.jpg","contentUrl":"https:\/\/themeholt.com\/wp-content\/uploads\/2023\/02\/Best-WordPress-Child-Themes-4.jpg","width":1680,"height":924},{"@type":"BreadcrumbList","@id":"https:\/\/themeholt.com\/fr\/a-propos\/#breadcrumb","itemListElement":[{"@type":"ListItem","position":1,"name":"Home","item":"https:\/\/themeholt.com\/fr\/"},{"@type":"ListItem","position":2,"name":"\u00c0 propos"}]},{"@type":"WebSite","@id":"https:\/\/themeholt.com\/#website","url":"https:\/\/themeholt.com\/","name":"ThemeHolt","description":"Themeholt is a website that offers high-quality WordPress themes","publisher":{"@id":"https:\/\/themeholt.com\/#organization"},"potentialAction":[{"@type":"SearchAction","target":{"@type":"EntryPoint","urlTemplate":"https:\/\/themeholt.com\/?s={search_term_string}"},"query-input":{"@type":"PropertyValueSpecification","valueRequired":true,"valueName":"search_term_string"}}],"inLanguage":"fr-FR"},{"@type":"Organization","@id":"https:\/\/themeholt.com\/#organization","name":"ThemeHolt","alternateName":"ThemeHolt","url":"https:\/\/themeholt.com\/","logo":{"@type":"ImageObject","inLanguage":"fr-FR","@id":"https:\/\/themeholt.com\/#\/schema\/logo\/image\/","url":"https:\/\/themeholt.com\/wp-content\/uploads\/2024\/10\/themeholt.png","contentUrl":"https:\/\/themeholt.com\/wp-content\/uploads\/2024\/10\/themeholt.png","width":225,"height":225,"caption":"ThemeHolt"},"image":{"@id":"https:\/\/themeholt.com\/#\/schema\/logo\/image\/"},"sameAs":["https:\/\/www.facebook.com\/themeholtT","https:\/\/x.com\/ThemeholtT","https:\/\/www.linkedin.com\/company\/themeholt","https:\/\/www.instagram.com\/themeholtt\/"],"description":"Themeholt is a website that offers high-quality WordPress themes that are easy to use and ready for just about everything. In Eindhoven, Netherlands, since 2020 offering simple, accessible WordPress themes by providing a variety of requirements. Themeholt focuses on practicality and efficiency, allowing faster project completion with its superior marketplace and easy-to-use templates.","legalName":"ThemeHolt","foundingDate":"2022-11-10","numberOfEmployees":{"@type":"QuantitativeValue","minValue":"51","maxValue":"200"}}]}},"_links":{"self":[{"href":"https:\/\/themeholt.com\/fr\/wp-json\/wp\/v2\/pages\/28929","targetHints":{"allow":["GET"]}}],"collection":[{"href":"https:\/\/themeholt.com\/fr\/wp-json\/wp\/v2\/pages"}],"about":[{"href":"https:\/\/themeholt.com\/fr\/wp-json\/wp\/v2\/types\/page"}],"author":[{"embeddable":true,"href":"https:\/\/themeholt.com\/fr\/wp-json\/wp\/v2\/users\/4"}],"replies":[{"embeddable":true,"href":"https:\/\/themeholt.com\/fr\/wp-json\/wp\/v2\/comments?post=28929"}],"version-history":[{"count":1,"href":"https:\/\/themeholt.com\/fr\/wp-json\/wp\/v2\/pages\/28929\/revisions"}],"predecessor-version":[{"id":28936,"href":"https:\/\/themeholt.com\/fr\/wp-json\/wp\/v2\/pages\/28929\/revisions\/28936"}],"wp:featuredmedia":[{"embeddable":true,"href":"https:\/\/themeholt.com\/fr\/wp-json\/wp\/v2\/media\/28931"}],"wp:attachment":[{"href":"https:\/\/themeholt.com\/fr\/wp-json\/wp\/v2\/media?parent=28929"}],"curies":[{"name":"wp","href":"https:\/\/api.w.org\/{rel}","templated":true}]}}