{"id":29160,"date":"2022-05-11T10:12:17","date_gmt":"2022-05-11T10:12:17","guid":{"rendered":"https:\/\/themeholt.com\/moderate-themes\/"},"modified":"2024-12-11T10:38:51","modified_gmt":"2024-12-11T10:38:51","slug":"themes-moderes","status":"publish","type":"page","link":"https:\/\/themeholt.com\/fr\/themes-moderes\/","title":{"rendered":"Th\u00e8mes mod\u00e9r\u00e9s"},"content":{"rendered":"","protected":false},"excerpt":{"rendered":"","protected":false},"author":1,"featured_media":29161,"parent":0,"menu_order":0,"comment_status":"closed","ping_status":"closed","template":"moderate-themes.php","meta":{"_acf_changed":false,"inline_featured_image":false,"footnotes":""},"class_list":["post-29160","page","type-page","status-publish","has-post-thumbnail","hentry"],"acf":[],"yoast_head":"<!-- This site is optimized with the Yoast SEO Premium plugin v22.1 (Yoast SEO v26.0) - https:\/\/yoast.com\/wordpress\/plugins\/seo\/ -->\n<title>D\u00e9couvrez des th\u00e8mes polyvalents et mod\u00e9r\u00e9s | Cr\u00e9ez une exp\u00e9rience en ligne unique<\/title>\n<meta name=\"description\" content=\"Cr\u00e9ez une exp\u00e9rience en ligne unique avec nos th\u00e8mes polyvalents et mod\u00e9r\u00e9s. Explorez une large s\u00e9lection de mod\u00e8les qui r\u00e9pondent \u00e0 divers secteurs et objectifs.\" \/>\n<meta name=\"robots\" content=\"index, follow, max-snippet:-1, max-image-preview:large, max-video-preview:-1\" \/>\n<link rel=\"canonical\" href=\"https:\/\/themeholt.com\/fr\/themes-moderes\/\" \/>\n<meta property=\"og:locale\" content=\"fr_FR\" \/>\n<meta property=\"og:type\" content=\"article\" \/>\n<meta property=\"og:title\" content=\"Th\u00e8mes mod\u00e9r\u00e9s\" \/>\n<meta property=\"og:description\" content=\"Cr\u00e9ez une exp\u00e9rience en ligne unique avec nos th\u00e8mes polyvalents et mod\u00e9r\u00e9s. Explorez une large s\u00e9lection de mod\u00e8les qui r\u00e9pondent \u00e0 divers secteurs et objectifs.\" \/>\n<meta property=\"og:url\" content=\"https:\/\/themeholt.com\/fr\/themes-moderes\/\" \/>\n<meta property=\"og:site_name\" content=\"ThemeHolt\" \/>\n<meta property=\"article:publisher\" content=\"https:\/\/www.facebook.com\/themeholtT\" \/>\n<meta property=\"article:modified_time\" content=\"2024-12-11T10:38:51+00:00\" \/>\n<meta property=\"og:image\" content=\"https:\/\/themeholt.com\/wp-content\/uploads\/2023\/02\/Best-WordPress-Child-Themes-9.jpg\" \/>\n\t<meta property=\"og:image:width\" content=\"1680\" \/>\n\t<meta property=\"og:image:height\" content=\"924\" \/>\n\t<meta property=\"og:image:type\" content=\"image\/jpeg\" \/>\n<meta name=\"twitter:card\" content=\"summary_large_image\" \/>\n<meta name=\"twitter:site\" content=\"@ThemeholtT\" \/>\n<script type=\"application\/ld+json\" class=\"yoast-schema-graph\">{\"@context\":\"https:\/\/schema.org\",\"@graph\":[{\"@type\":\"WebPage\",\"@id\":\"https:\/\/themeholt.com\/fr\/themes-moderes\/\",\"url\":\"https:\/\/themeholt.com\/fr\/themes-moderes\/\",\"name\":\"D\u00e9couvrez des th\u00e8mes polyvalents et mod\u00e9r\u00e9s | Cr\u00e9ez une exp\u00e9rience en ligne unique\",\"isPartOf\":{\"@id\":\"https:\/\/themeholt.com\/#website\"},\"primaryImageOfPage\":{\"@id\":\"https:\/\/themeholt.com\/fr\/themes-moderes\/#primaryimage\"},\"image\":{\"@id\":\"https:\/\/themeholt.com\/fr\/themes-moderes\/#primaryimage\"},\"thumbnailUrl\":\"https:\/\/themeholt.com\/wp-content\/uploads\/2023\/02\/Best-WordPress-Child-Themes-9.jpg\",\"datePublished\":\"2022-05-11T10:12:17+00:00\",\"dateModified\":\"2024-12-11T10:38:51+00:00\",\"description\":\"Cr\u00e9ez une exp\u00e9rience en ligne unique avec nos th\u00e8mes polyvalents et mod\u00e9r\u00e9s. Explorez une large s\u00e9lection de mod\u00e8les qui r\u00e9pondent \u00e0 divers secteurs et objectifs.\",\"breadcrumb\":{\"@id\":\"https:\/\/themeholt.com\/fr\/themes-moderes\/#breadcrumb\"},\"inLanguage\":\"fr-FR\",\"potentialAction\":[{\"@type\":\"ReadAction\",\"target\":[\"https:\/\/themeholt.com\/fr\/themes-moderes\/\"]}]},{\"@type\":\"ImageObject\",\"inLanguage\":\"fr-FR\",\"@id\":\"https:\/\/themeholt.com\/fr\/themes-moderes\/#primaryimage\",\"url\":\"https:\/\/themeholt.com\/wp-content\/uploads\/2023\/02\/Best-WordPress-Child-Themes-9.jpg\",\"contentUrl\":\"https:\/\/themeholt.com\/wp-content\/uploads\/2023\/02\/Best-WordPress-Child-Themes-9.jpg\",\"width\":1680,\"height\":924},{\"@type\":\"BreadcrumbList\",\"@id\":\"https:\/\/themeholt.com\/fr\/themes-moderes\/#breadcrumb\",\"itemListElement\":[{\"@type\":\"ListItem\",\"position\":1,\"name\":\"Home\",\"item\":\"https:\/\/themeholt.com\/fr\/\"},{\"@type\":\"ListItem\",\"position\":2,\"name\":\"Th\u00e8mes mod\u00e9r\u00e9s\"}]},{\"@type\":\"WebSite\",\"@id\":\"https:\/\/themeholt.com\/#website\",\"url\":\"https:\/\/themeholt.com\/\",\"name\":\"ThemeHolt\",\"description\":\"Themeholt is a website that offers high-quality WordPress themes\",\"publisher\":{\"@id\":\"https:\/\/themeholt.com\/#organization\"},\"potentialAction\":[{\"@type\":\"SearchAction\",\"target\":{\"@type\":\"EntryPoint\",\"urlTemplate\":\"https:\/\/themeholt.com\/?s={search_term_string}\"},\"query-input\":{\"@type\":\"PropertyValueSpecification\",\"valueRequired\":true,\"valueName\":\"search_term_string\"}}],\"inLanguage\":\"fr-FR\"},{\"@type\":\"Organization\",\"@id\":\"https:\/\/themeholt.com\/#organization\",\"name\":\"ThemeHolt\",\"alternateName\":\"ThemeHolt\",\"url\":\"https:\/\/themeholt.com\/\",\"logo\":{\"@type\":\"ImageObject\",\"inLanguage\":\"fr-FR\",\"@id\":\"https:\/\/themeholt.com\/#\/schema\/logo\/image\/\",\"url\":\"https:\/\/themeholt.com\/wp-content\/uploads\/2024\/10\/themeholt.png\",\"contentUrl\":\"https:\/\/themeholt.com\/wp-content\/uploads\/2024\/10\/themeholt.png\",\"width\":225,\"height\":225,\"caption\":\"ThemeHolt\"},\"image\":{\"@id\":\"https:\/\/themeholt.com\/#\/schema\/logo\/image\/\"},\"sameAs\":[\"https:\/\/www.facebook.com\/themeholtT\",\"https:\/\/x.com\/ThemeholtT\",\"https:\/\/www.linkedin.com\/company\/themeholt\",\"https:\/\/www.instagram.com\/themeholtt\/\"],\"description\":\"Themeholt is a website that offers high-quality WordPress themes that are easy to use and ready for just about everything. In Eindhoven, Netherlands, since 2020 offering simple, accessible WordPress themes by providing a variety of requirements. Themeholt focuses on practicality and efficiency, allowing faster project completion with its superior marketplace and easy-to-use templates.\",\"legalName\":\"ThemeHolt\",\"foundingDate\":\"2022-11-10\",\"numberOfEmployees\":{\"@type\":\"QuantitativeValue\",\"minValue\":\"51\",\"maxValue\":\"200\"}}]}<\/script>\n<!-- \/ Yoast SEO Premium plugin. -->","yoast_head_json":{"title":"D\u00e9couvrez des th\u00e8mes polyvalents et mod\u00e9r\u00e9s | Cr\u00e9ez une exp\u00e9rience en ligne unique","description":"Cr\u00e9ez une exp\u00e9rience en ligne unique avec nos th\u00e8mes polyvalents et mod\u00e9r\u00e9s. Explorez une large s\u00e9lection de mod\u00e8les qui r\u00e9pondent \u00e0 divers secteurs et objectifs.","robots":{"index":"index","follow":"follow","max-snippet":"max-snippet:-1","max-image-preview":"max-image-preview:large","max-video-preview":"max-video-preview:-1"},"canonical":"https:\/\/themeholt.com\/fr\/themes-moderes\/","og_locale":"fr_FR","og_type":"article","og_title":"Th\u00e8mes mod\u00e9r\u00e9s","og_description":"Cr\u00e9ez une exp\u00e9rience en ligne unique avec nos th\u00e8mes polyvalents et mod\u00e9r\u00e9s. Explorez une large s\u00e9lection de mod\u00e8les qui r\u00e9pondent \u00e0 divers secteurs et objectifs.","og_url":"https:\/\/themeholt.com\/fr\/themes-moderes\/","og_site_name":"ThemeHolt","article_publisher":"https:\/\/www.facebook.com\/themeholtT","article_modified_time":"2024-12-11T10:38:51+00:00","og_image":[{"width":1680,"height":924,"url":"https:\/\/themeholt.com\/wp-content\/uploads\/2023\/02\/Best-WordPress-Child-Themes-9.jpg","type":"image\/jpeg"}],"twitter_card":"summary_large_image","twitter_site":"@ThemeholtT","schema":{"@context":"https:\/\/schema.org","@graph":[{"@type":"WebPage","@id":"https:\/\/themeholt.com\/fr\/themes-moderes\/","url":"https:\/\/themeholt.com\/fr\/themes-moderes\/","name":"D\u00e9couvrez des th\u00e8mes polyvalents et mod\u00e9r\u00e9s | Cr\u00e9ez une exp\u00e9rience en ligne unique","isPartOf":{"@id":"https:\/\/themeholt.com\/#website"},"primaryImageOfPage":{"@id":"https:\/\/themeholt.com\/fr\/themes-moderes\/#primaryimage"},"image":{"@id":"https:\/\/themeholt.com\/fr\/themes-moderes\/#primaryimage"},"thumbnailUrl":"https:\/\/themeholt.com\/wp-content\/uploads\/2023\/02\/Best-WordPress-Child-Themes-9.jpg","datePublished":"2022-05-11T10:12:17+00:00","dateModified":"2024-12-11T10:38:51+00:00","description":"Cr\u00e9ez une exp\u00e9rience en ligne unique avec nos th\u00e8mes polyvalents et mod\u00e9r\u00e9s. Explorez une large s\u00e9lection de mod\u00e8les qui r\u00e9pondent \u00e0 divers secteurs et objectifs.","breadcrumb":{"@id":"https:\/\/themeholt.com\/fr\/themes-moderes\/#breadcrumb"},"inLanguage":"fr-FR","potentialAction":[{"@type":"ReadAction","target":["https:\/\/themeholt.com\/fr\/themes-moderes\/"]}]},{"@type":"ImageObject","inLanguage":"fr-FR","@id":"https:\/\/themeholt.com\/fr\/themes-moderes\/#primaryimage","url":"https:\/\/themeholt.com\/wp-content\/uploads\/2023\/02\/Best-WordPress-Child-Themes-9.jpg","contentUrl":"https:\/\/themeholt.com\/wp-content\/uploads\/2023\/02\/Best-WordPress-Child-Themes-9.jpg","width":1680,"height":924},{"@type":"BreadcrumbList","@id":"https:\/\/themeholt.com\/fr\/themes-moderes\/#breadcrumb","itemListElement":[{"@type":"ListItem","position":1,"name":"Home","item":"https:\/\/themeholt.com\/fr\/"},{"@type":"ListItem","position":2,"name":"Th\u00e8mes mod\u00e9r\u00e9s"}]},{"@type":"WebSite","@id":"https:\/\/themeholt.com\/#website","url":"https:\/\/themeholt.com\/","name":"ThemeHolt","description":"Themeholt is a website that offers high-quality WordPress themes","publisher":{"@id":"https:\/\/themeholt.com\/#organization"},"potentialAction":[{"@type":"SearchAction","target":{"@type":"EntryPoint","urlTemplate":"https:\/\/themeholt.com\/?s={search_term_string}"},"query-input":{"@type":"PropertyValueSpecification","valueRequired":true,"valueName":"search_term_string"}}],"inLanguage":"fr-FR"},{"@type":"Organization","@id":"https:\/\/themeholt.com\/#organization","name":"ThemeHolt","alternateName":"ThemeHolt","url":"https:\/\/themeholt.com\/","logo":{"@type":"ImageObject","inLanguage":"fr-FR","@id":"https:\/\/themeholt.com\/#\/schema\/logo\/image\/","url":"https:\/\/themeholt.com\/wp-content\/uploads\/2024\/10\/themeholt.png","contentUrl":"https:\/\/themeholt.com\/wp-content\/uploads\/2024\/10\/themeholt.png","width":225,"height":225,"caption":"ThemeHolt"},"image":{"@id":"https:\/\/themeholt.com\/#\/schema\/logo\/image\/"},"sameAs":["https:\/\/www.facebook.com\/themeholtT","https:\/\/x.com\/ThemeholtT","https:\/\/www.linkedin.com\/company\/themeholt","https:\/\/www.instagram.com\/themeholtt\/"],"description":"Themeholt is a website that offers high-quality WordPress themes that are easy to use and ready for just about everything. In Eindhoven, Netherlands, since 2020 offering simple, accessible WordPress themes by providing a variety of requirements. Themeholt focuses on practicality and efficiency, allowing faster project completion with its superior marketplace and easy-to-use templates.","legalName":"ThemeHolt","foundingDate":"2022-11-10","numberOfEmployees":{"@type":"QuantitativeValue","minValue":"51","maxValue":"200"}}]}},"_links":{"self":[{"href":"https:\/\/themeholt.com\/fr\/wp-json\/wp\/v2\/pages\/29160","targetHints":{"allow":["GET"]}}],"collection":[{"href":"https:\/\/themeholt.com\/fr\/wp-json\/wp\/v2\/pages"}],"about":[{"href":"https:\/\/themeholt.com\/fr\/wp-json\/wp\/v2\/types\/page"}],"author":[{"embeddable":true,"href":"https:\/\/themeholt.com\/fr\/wp-json\/wp\/v2\/users\/1"}],"replies":[{"embeddable":true,"href":"https:\/\/themeholt.com\/fr\/wp-json\/wp\/v2\/comments?post=29160"}],"version-history":[{"count":1,"href":"https:\/\/themeholt.com\/fr\/wp-json\/wp\/v2\/pages\/29160\/revisions"}],"predecessor-version":[{"id":29168,"href":"https:\/\/themeholt.com\/fr\/wp-json\/wp\/v2\/pages\/29160\/revisions\/29168"}],"wp:featuredmedia":[{"embeddable":true,"href":"https:\/\/themeholt.com\/fr\/wp-json\/wp\/v2\/media\/29161"}],"wp:attachment":[{"href":"https:\/\/themeholt.com\/fr\/wp-json\/wp\/v2\/media?parent=29160"}],"curies":[{"name":"wp","href":"https:\/\/api.w.org\/{rel}","templated":true}]}}