{"id":29243,"date":"2022-03-09T12:24:56","date_gmt":"2022-03-09T12:24:56","guid":{"rendered":"https:\/\/themeholt.com\/my-account\/"},"modified":"2024-12-11T11:21:10","modified_gmt":"2024-12-11T11:21:10","slug":"mon-compte","status":"publish","type":"page","link":"https:\/\/themeholt.com\/fr\/mon-compte\/","title":{"rendered":"Mon compte"},"content":{"rendered":"<div class=\"woocommerce\"><\/div>\n","protected":false},"excerpt":{"rendered":"","protected":false},"author":1,"featured_media":0,"parent":0,"menu_order":0,"comment_status":"closed","ping_status":"closed","template":"","meta":{"_acf_changed":false,"inline_featured_image":false,"footnotes":""},"class_list":["post-29243","page","type-page","status-publish","hentry"],"acf":[],"yoast_head":"<!-- This site is optimized with the Yoast SEO Premium plugin v22.1 (Yoast SEO v26.0) - https:\/\/yoast.com\/wordpress\/plugins\/seo\/ -->\n<title>Mon compte \u2013 Th\u00e8mes r\u00e9actifs pour mobiles | Th\u00e8mes WordPress<\/title>\n<meta name=\"description\" content=\"D\u00e9couvrez des th\u00e8mes mobiles conviviaux et r\u00e9actifs pour une exp\u00e9rience optimale. G\u00e9rez votre compte facilement gr\u00e2ce \u00e0 notre fonctionnalit\u00e9 Mon compte.\" \/>\n<meta name=\"robots\" content=\"noindex, follow\" \/>\n<meta property=\"og:locale\" content=\"fr_FR\" \/>\n<meta property=\"og:type\" content=\"article\" \/>\n<meta property=\"og:title\" content=\"Mon compte\" \/>\n<meta property=\"og:description\" content=\"D\u00e9couvrez des th\u00e8mes mobiles conviviaux et r\u00e9actifs pour une exp\u00e9rience optimale. G\u00e9rez votre compte facilement gr\u00e2ce \u00e0 notre fonctionnalit\u00e9 Mon compte.\" \/>\n<meta property=\"og:url\" content=\"https:\/\/themeholt.com\/fr\/mon-compte\/\" \/>\n<meta property=\"og:site_name\" content=\"ThemeHolt\" \/>\n<meta property=\"article:publisher\" content=\"https:\/\/www.facebook.com\/themeholtT\" \/>\n<meta property=\"article:modified_time\" content=\"2024-12-11T11:21:10+00:00\" \/>\n<meta property=\"og:image\" content=\"https:\/\/themeholt.com\/wp-content\/uploads\/2022\/05\/themeholt-logo-1.gif\" \/>\n\t<meta property=\"og:image:width\" content=\"1800\" \/>\n\t<meta property=\"og:image:height\" content=\"794\" \/>\n\t<meta property=\"og:image:type\" content=\"image\/gif\" \/>\n<meta name=\"twitter:card\" content=\"summary_large_image\" \/>\n<meta name=\"twitter:site\" content=\"@ThemeholtT\" \/>\n<meta name=\"twitter:label1\" content=\"Dur\u00e9e de lecture estim\u00e9e\" \/>\n\t<meta name=\"twitter:data1\" content=\"1 minute\" \/>\n<script type=\"application\/ld+json\" class=\"yoast-schema-graph\">{\"@context\":\"https:\/\/schema.org\",\"@graph\":[{\"@type\":\"WebPage\",\"@id\":\"https:\/\/themeholt.com\/fr\/mon-compte\/\",\"url\":\"https:\/\/themeholt.com\/fr\/mon-compte\/\",\"name\":\"Mon compte \u2013 Th\u00e8mes r\u00e9actifs pour mobiles | Th\u00e8mes WordPress\",\"isPartOf\":{\"@id\":\"https:\/\/themeholt.com\/#website\"},\"datePublished\":\"2022-03-09T12:24:56+00:00\",\"dateModified\":\"2024-12-11T11:21:10+00:00\",\"description\":\"D\u00e9couvrez des th\u00e8mes mobiles conviviaux et r\u00e9actifs pour une exp\u00e9rience optimale. G\u00e9rez votre compte facilement gr\u00e2ce \u00e0 notre fonctionnalit\u00e9 Mon compte.\",\"breadcrumb\":{\"@id\":\"https:\/\/themeholt.com\/fr\/mon-compte\/#breadcrumb\"},\"inLanguage\":\"fr-FR\",\"potentialAction\":[{\"@type\":\"ReadAction\",\"target\":[\"https:\/\/themeholt.com\/fr\/mon-compte\/\"]}]},{\"@type\":\"BreadcrumbList\",\"@id\":\"https:\/\/themeholt.com\/fr\/mon-compte\/#breadcrumb\",\"itemListElement\":[{\"@type\":\"ListItem\",\"position\":1,\"name\":\"Home\",\"item\":\"https:\/\/themeholt.com\/fr\/\"},{\"@type\":\"ListItem\",\"position\":2,\"name\":\"Mon compte\"}]},{\"@type\":\"WebSite\",\"@id\":\"https:\/\/themeholt.com\/#website\",\"url\":\"https:\/\/themeholt.com\/\",\"name\":\"ThemeHolt\",\"description\":\"Themeholt is a website that offers high-quality WordPress themes\",\"publisher\":{\"@id\":\"https:\/\/themeholt.com\/#organization\"},\"potentialAction\":[{\"@type\":\"SearchAction\",\"target\":{\"@type\":\"EntryPoint\",\"urlTemplate\":\"https:\/\/themeholt.com\/?s={search_term_string}\"},\"query-input\":{\"@type\":\"PropertyValueSpecification\",\"valueRequired\":true,\"valueName\":\"search_term_string\"}}],\"inLanguage\":\"fr-FR\"},{\"@type\":\"Organization\",\"@id\":\"https:\/\/themeholt.com\/#organization\",\"name\":\"ThemeHolt\",\"alternateName\":\"ThemeHolt\",\"url\":\"https:\/\/themeholt.com\/\",\"logo\":{\"@type\":\"ImageObject\",\"inLanguage\":\"fr-FR\",\"@id\":\"https:\/\/themeholt.com\/#\/schema\/logo\/image\/\",\"url\":\"https:\/\/themeholt.com\/wp-content\/uploads\/2024\/10\/themeholt.png\",\"contentUrl\":\"https:\/\/themeholt.com\/wp-content\/uploads\/2024\/10\/themeholt.png\",\"width\":225,\"height\":225,\"caption\":\"ThemeHolt\"},\"image\":{\"@id\":\"https:\/\/themeholt.com\/#\/schema\/logo\/image\/\"},\"sameAs\":[\"https:\/\/www.facebook.com\/themeholtT\",\"https:\/\/x.com\/ThemeholtT\",\"https:\/\/www.linkedin.com\/company\/themeholt\",\"https:\/\/www.instagram.com\/themeholtt\/\"],\"description\":\"Themeholt is a website that offers high-quality WordPress themes that are easy to use and ready for just about everything. In Eindhoven, Netherlands, since 2020 offering simple, accessible WordPress themes by providing a variety of requirements. Themeholt focuses on practicality and efficiency, allowing faster project completion with its superior marketplace and easy-to-use templates.\",\"legalName\":\"ThemeHolt\",\"foundingDate\":\"2022-11-10\",\"numberOfEmployees\":{\"@type\":\"QuantitativeValue\",\"minValue\":\"51\",\"maxValue\":\"200\"}}]}<\/script>\n<!-- \/ Yoast SEO Premium plugin. -->","yoast_head_json":{"title":"Mon compte \u2013 Th\u00e8mes r\u00e9actifs pour mobiles | Th\u00e8mes WordPress","description":"D\u00e9couvrez des th\u00e8mes mobiles conviviaux et r\u00e9actifs pour une exp\u00e9rience optimale. G\u00e9rez votre compte facilement gr\u00e2ce \u00e0 notre fonctionnalit\u00e9 Mon compte.","robots":{"index":"noindex","follow":"follow"},"og_locale":"fr_FR","og_type":"article","og_title":"Mon compte","og_description":"D\u00e9couvrez des th\u00e8mes mobiles conviviaux et r\u00e9actifs pour une exp\u00e9rience optimale. G\u00e9rez votre compte facilement gr\u00e2ce \u00e0 notre fonctionnalit\u00e9 Mon compte.","og_url":"https:\/\/themeholt.com\/fr\/mon-compte\/","og_site_name":"ThemeHolt","article_publisher":"https:\/\/www.facebook.com\/themeholtT","article_modified_time":"2024-12-11T11:21:10+00:00","og_image":[{"width":1800,"height":794,"url":"https:\/\/themeholt.com\/wp-content\/uploads\/2022\/05\/themeholt-logo-1.gif","type":"image\/gif"}],"twitter_card":"summary_large_image","twitter_site":"@ThemeholtT","twitter_misc":{"Dur\u00e9e de lecture estim\u00e9e":"1 minute"},"schema":{"@context":"https:\/\/schema.org","@graph":[{"@type":"WebPage","@id":"https:\/\/themeholt.com\/fr\/mon-compte\/","url":"https:\/\/themeholt.com\/fr\/mon-compte\/","name":"Mon compte \u2013 Th\u00e8mes r\u00e9actifs pour mobiles | Th\u00e8mes WordPress","isPartOf":{"@id":"https:\/\/themeholt.com\/#website"},"datePublished":"2022-03-09T12:24:56+00:00","dateModified":"2024-12-11T11:21:10+00:00","description":"D\u00e9couvrez des th\u00e8mes mobiles conviviaux et r\u00e9actifs pour une exp\u00e9rience optimale. G\u00e9rez votre compte facilement gr\u00e2ce \u00e0 notre fonctionnalit\u00e9 Mon compte.","breadcrumb":{"@id":"https:\/\/themeholt.com\/fr\/mon-compte\/#breadcrumb"},"inLanguage":"fr-FR","potentialAction":[{"@type":"ReadAction","target":["https:\/\/themeholt.com\/fr\/mon-compte\/"]}]},{"@type":"BreadcrumbList","@id":"https:\/\/themeholt.com\/fr\/mon-compte\/#breadcrumb","itemListElement":[{"@type":"ListItem","position":1,"name":"Home","item":"https:\/\/themeholt.com\/fr\/"},{"@type":"ListItem","position":2,"name":"Mon compte"}]},{"@type":"WebSite","@id":"https:\/\/themeholt.com\/#website","url":"https:\/\/themeholt.com\/","name":"ThemeHolt","description":"Themeholt is a website that offers high-quality WordPress themes","publisher":{"@id":"https:\/\/themeholt.com\/#organization"},"potentialAction":[{"@type":"SearchAction","target":{"@type":"EntryPoint","urlTemplate":"https:\/\/themeholt.com\/?s={search_term_string}"},"query-input":{"@type":"PropertyValueSpecification","valueRequired":true,"valueName":"search_term_string"}}],"inLanguage":"fr-FR"},{"@type":"Organization","@id":"https:\/\/themeholt.com\/#organization","name":"ThemeHolt","alternateName":"ThemeHolt","url":"https:\/\/themeholt.com\/","logo":{"@type":"ImageObject","inLanguage":"fr-FR","@id":"https:\/\/themeholt.com\/#\/schema\/logo\/image\/","url":"https:\/\/themeholt.com\/wp-content\/uploads\/2024\/10\/themeholt.png","contentUrl":"https:\/\/themeholt.com\/wp-content\/uploads\/2024\/10\/themeholt.png","width":225,"height":225,"caption":"ThemeHolt"},"image":{"@id":"https:\/\/themeholt.com\/#\/schema\/logo\/image\/"},"sameAs":["https:\/\/www.facebook.com\/themeholtT","https:\/\/x.com\/ThemeholtT","https:\/\/www.linkedin.com\/company\/themeholt","https:\/\/www.instagram.com\/themeholtt\/"],"description":"Themeholt is a website that offers high-quality WordPress themes that are easy to use and ready for just about everything. In Eindhoven, Netherlands, since 2020 offering simple, accessible WordPress themes by providing a variety of requirements. Themeholt focuses on practicality and efficiency, allowing faster project completion with its superior marketplace and easy-to-use templates.","legalName":"ThemeHolt","foundingDate":"2022-11-10","numberOfEmployees":{"@type":"QuantitativeValue","minValue":"51","maxValue":"200"}}]}},"_links":{"self":[{"href":"https:\/\/themeholt.com\/fr\/wp-json\/wp\/v2\/pages\/29243","targetHints":{"allow":["GET"]}}],"collection":[{"href":"https:\/\/themeholt.com\/fr\/wp-json\/wp\/v2\/pages"}],"about":[{"href":"https:\/\/themeholt.com\/fr\/wp-json\/wp\/v2\/types\/page"}],"author":[{"embeddable":true,"href":"https:\/\/themeholt.com\/fr\/wp-json\/wp\/v2\/users\/1"}],"replies":[{"embeddable":true,"href":"https:\/\/themeholt.com\/fr\/wp-json\/wp\/v2\/comments?post=29243"}],"version-history":[{"count":1,"href":"https:\/\/themeholt.com\/fr\/wp-json\/wp\/v2\/pages\/29243\/revisions"}],"predecessor-version":[{"id":29244,"href":"https:\/\/themeholt.com\/fr\/wp-json\/wp\/v2\/pages\/29243\/revisions\/29244"}],"wp:attachment":[{"href":"https:\/\/themeholt.com\/fr\/wp-json\/wp\/v2\/media?parent=29243"}],"curies":[{"name":"wp","href":"https:\/\/api.w.org\/{rel}","templated":true}]}}