{"id":12089,"date":"2024-04-01T05:20:34","date_gmt":"2024-04-01T05:20:34","guid":{"rendered":"https:\/\/themeholt.com\/product\/appik-responsive-app-muse-template\/"},"modified":"2024-10-10T11:22:21","modified_gmt":"2024-10-10T11:22:21","slug":"appik-modele-de-muse-dapplication-reactive","status":"publish","type":"product","link":"https:\/\/themeholt.com\/fr\/product\/appik-modele-de-muse-dapplication-reactive\/","title":{"rendered":"Appik &#8211; Mod\u00e8le de muse d&rsquo;application r\u00e9active"},"content":{"rendered":"<p><span style=\"font-weight: 400\">Le mod\u00e8le moderne et \u00e9l\u00e9gant Appik &#8211; Responsive App Muse a \u00e9t\u00e9 cr\u00e9\u00e9 sp\u00e9cifiquement pour afficher des applications mobiles. Gr\u00e2ce \u00e0 sa conception r\u00e9active, votre application sera superbe sur n&rsquo;importe quel appareil, des smartphones aux tablettes et aux ordinateurs de bureau. Les utilisateurs peuvent facilement d\u00e9couvrir les fonctionnalit\u00e9s de votre application gr\u00e2ce \u00e0 la mise en page simple du mod\u00e8le, aux couleurs vives et \u00e0 la navigation simple. <\/span><\/p>\n<p><span style=\"font-weight: 400\">Appik offre l&rsquo;endroit id\u00e9al pour mettre en valeur les arguments de vente uniques de votre application et attirer de nouveaux clients, que vous fassiez la publicit\u00e9 d&rsquo;une nouvelle plateforme de m\u00e9dias sociaux, d&rsquo;un outil de productivit\u00e9 ou d&rsquo;un logiciel de jeu.<\/span><\/p>\n","protected":false},"excerpt":{"rendered":"<ul>\n<li style=\"font-weight: 400\"><span style=\"font-weight: 400\">Conception moderne<\/span><\/li>\n<li style=\"font-weight: 400\"><span style=\"font-weight: 400\">R\u00e9activit\u00e9 mobile<\/span><\/li>\n<li style=\"font-weight: 400\"><span style=\"font-weight: 400\">Options de personnalisation<\/span><\/li>\n<li style=\"font-weight: 400\"><span style=\"font-weight: 400\">Capacit\u00e9s d&rsquo;int\u00e9gration<\/span><\/li>\n<li style=\"font-weight: 400\"><span style=\"font-weight: 400\">Optimis\u00e9 pour le r\u00e9f\u00e9rencement<\/span><\/li>\n<li style=\"font-weight: 400\"><span style=\"font-weight: 400\">Assistance client\u00e8le<\/span><\/li>\n<li style=\"font-weight: 400\"><span style=\"font-weight: 400\">Polyvalence<\/span><\/li>\n<li style=\"font-weight: 400\"><span style=\"font-weight: 400\">Fonctionnalit\u00e9s de g\u00e9n\u00e9ration de leads<\/span><\/li>\n<\/ul>\n","protected":false},"featured_media":12091,"template":"","meta":{"_acf_changed":false,"inline_featured_image":false},"product_brand":[],"product_cat":[849],"product_tag":[],"class_list":{"0":"post-12089","1":"product","2":"type-product","3":"status-publish","4":"has-post-thumbnail","6":"product_cat-landing-pages-fr","8":"first","9":"instock","10":"sale","11":"downloadable","12":"taxable","13":"shipping-taxable","14":"purchasable","15":"product-type-simple"},"acf":[],"yoast_head":"<!-- This site is optimized with the Yoast SEO Premium plugin v22.1 (Yoast SEO v26.0) - https:\/\/yoast.com\/wordpress\/plugins\/seo\/ -->\n<title>Th\u00e8mes WordPress | Mod\u00e8le d&#039;application r\u00e9active<\/title>\n<meta name=\"description\" content=\"Obtenez le mod\u00e8le d&#039;application r\u00e9actif pour un look tendance et moderne. Il est facile \u00e0 utiliser, personnalisable et parfait pour cr\u00e9er des sites Web professionnels. Achetez maintenant !\" \/>\n<meta name=\"robots\" content=\"index, follow, max-snippet:-1, max-image-preview:large, max-video-preview:-1\" \/>\n<link rel=\"canonical\" href=\"https:\/\/themeholt.com\/fr\/product\/appik-modele-de-muse-dapplication-reactive\/\" \/>\n<meta property=\"og:locale\" content=\"fr_FR\" \/>\n<meta property=\"og:type\" content=\"article\" \/>\n<meta property=\"og:title\" content=\"Appik - Mod\u00e8le de muse d&#039;application r\u00e9active\" \/>\n<meta property=\"og:description\" content=\"Obtenez le mod\u00e8le d&#039;application r\u00e9actif pour un look tendance et moderne. Il est facile \u00e0 utiliser, personnalisable et parfait pour cr\u00e9er des sites Web professionnels. Achetez maintenant !\" \/>\n<meta property=\"og:url\" content=\"https:\/\/themeholt.com\/fr\/product\/appik-modele-de-muse-dapplication-reactive\/\" \/>\n<meta property=\"og:site_name\" content=\"ThemeHolt\" \/>\n<meta property=\"article:publisher\" content=\"https:\/\/www.facebook.com\/themeholtT\" \/>\n<meta property=\"article:modified_time\" content=\"2024-10-10T11:22:21+00:00\" \/>\n<meta property=\"og:image\" content=\"https:\/\/themeholt.com\/wp-content\/uploads\/2024\/04\/Home.png\" \/>\n\t<meta property=\"og:image:width\" content=\"1358\" \/>\n\t<meta property=\"og:image:height\" content=\"1125\" \/>\n\t<meta property=\"og:image:type\" content=\"image\/png\" \/>\n<meta name=\"twitter:card\" content=\"summary_large_image\" \/>\n<meta name=\"twitter:site\" content=\"@ThemeholtT\" \/>\n<meta name=\"twitter:label1\" content=\"Dur\u00e9e de lecture estim\u00e9e\" \/>\n\t<meta name=\"twitter:data1\" content=\"1 minute\" \/>\n<script type=\"application\/ld+json\" class=\"yoast-schema-graph\">{\"@context\":\"https:\/\/schema.org\",\"@graph\":[{\"@type\":\"WebPage\",\"@id\":\"https:\/\/themeholt.com\/fr\/product\/appik-modele-de-muse-dapplication-reactive\/\",\"url\":\"https:\/\/themeholt.com\/fr\/product\/appik-modele-de-muse-dapplication-reactive\/\",\"name\":\"Th\u00e8mes WordPress | Mod\u00e8le d'application r\u00e9active\",\"isPartOf\":{\"@id\":\"https:\/\/themeholt.com\/#website\"},\"primaryImageOfPage\":{\"@id\":\"https:\/\/themeholt.com\/fr\/product\/appik-modele-de-muse-dapplication-reactive\/#primaryimage\"},\"image\":{\"@id\":\"https:\/\/themeholt.com\/fr\/product\/appik-modele-de-muse-dapplication-reactive\/#primaryimage\"},\"thumbnailUrl\":\"https:\/\/themeholt.com\/wp-content\/uploads\/2024\/04\/Home.png\",\"datePublished\":\"2024-04-01T05:20:34+00:00\",\"dateModified\":\"2024-10-10T11:22:21+00:00\",\"description\":\"Obtenez le mod\u00e8le d'application r\u00e9actif pour un look tendance et moderne. Il est facile \u00e0 utiliser, personnalisable et parfait pour cr\u00e9er des sites Web professionnels. Achetez maintenant !\",\"breadcrumb\":{\"@id\":\"https:\/\/themeholt.com\/fr\/product\/appik-modele-de-muse-dapplication-reactive\/#breadcrumb\"},\"inLanguage\":\"fr-FR\",\"potentialAction\":[{\"@type\":\"ReadAction\",\"target\":[\"https:\/\/themeholt.com\/fr\/product\/appik-modele-de-muse-dapplication-reactive\/\"]}]},{\"@type\":\"ImageObject\",\"inLanguage\":\"fr-FR\",\"@id\":\"https:\/\/themeholt.com\/fr\/product\/appik-modele-de-muse-dapplication-reactive\/#primaryimage\",\"url\":\"https:\/\/themeholt.com\/wp-content\/uploads\/2024\/04\/Home.png\",\"contentUrl\":\"https:\/\/themeholt.com\/wp-content\/uploads\/2024\/04\/Home.png\",\"width\":1358,\"height\":1125},{\"@type\":\"BreadcrumbList\",\"@id\":\"https:\/\/themeholt.com\/fr\/product\/appik-modele-de-muse-dapplication-reactive\/#breadcrumb\",\"itemListElement\":[{\"@type\":\"ListItem\",\"position\":1,\"name\":\"Home\",\"item\":\"https:\/\/themeholt.com\/fr\/\"},{\"@type\":\"ListItem\",\"position\":2,\"name\":\"Shop\",\"item\":\"https:\/\/themeholt.com\/shop\/\"},{\"@type\":\"ListItem\",\"position\":3,\"name\":\"Appik &#8211; Mod\u00e8le de muse d&rsquo;application r\u00e9active\"}]},{\"@type\":\"WebSite\",\"@id\":\"https:\/\/themeholt.com\/#website\",\"url\":\"https:\/\/themeholt.com\/\",\"name\":\"ThemeHolt\",\"description\":\"Themeholt is a website that offers high-quality WordPress themes\",\"publisher\":{\"@id\":\"https:\/\/themeholt.com\/#organization\"},\"potentialAction\":[{\"@type\":\"SearchAction\",\"target\":{\"@type\":\"EntryPoint\",\"urlTemplate\":\"https:\/\/themeholt.com\/?s={search_term_string}\"},\"query-input\":{\"@type\":\"PropertyValueSpecification\",\"valueRequired\":true,\"valueName\":\"search_term_string\"}}],\"inLanguage\":\"fr-FR\"},{\"@type\":\"Organization\",\"@id\":\"https:\/\/themeholt.com\/#organization\",\"name\":\"ThemeHolt\",\"alternateName\":\"ThemeHolt\",\"url\":\"https:\/\/themeholt.com\/\",\"logo\":{\"@type\":\"ImageObject\",\"inLanguage\":\"fr-FR\",\"@id\":\"https:\/\/themeholt.com\/#\/schema\/logo\/image\/\",\"url\":\"https:\/\/themeholt.com\/wp-content\/uploads\/2024\/10\/themeholt.png\",\"contentUrl\":\"https:\/\/themeholt.com\/wp-content\/uploads\/2024\/10\/themeholt.png\",\"width\":225,\"height\":225,\"caption\":\"ThemeHolt\"},\"image\":{\"@id\":\"https:\/\/themeholt.com\/#\/schema\/logo\/image\/\"},\"sameAs\":[\"https:\/\/www.facebook.com\/themeholtT\",\"https:\/\/x.com\/ThemeholtT\",\"https:\/\/www.linkedin.com\/company\/themeholt\",\"https:\/\/www.instagram.com\/themeholtt\/\"],\"description\":\"Themeholt is a website that offers high-quality WordPress themes that are easy to use and ready for just about everything. In Eindhoven, Netherlands, since 2020 offering simple, accessible WordPress themes by providing a variety of requirements. Themeholt focuses on practicality and efficiency, allowing faster project completion with its superior marketplace and easy-to-use templates.\",\"legalName\":\"ThemeHolt\",\"foundingDate\":\"2022-11-10\",\"numberOfEmployees\":{\"@type\":\"QuantitativeValue\",\"minValue\":\"51\",\"maxValue\":\"200\"}}]}<\/script>\n<!-- \/ Yoast SEO Premium plugin. -->","yoast_head_json":{"title":"Th\u00e8mes WordPress | Mod\u00e8le d'application r\u00e9active","description":"Obtenez le mod\u00e8le d'application r\u00e9actif pour un look tendance et moderne. Il est facile \u00e0 utiliser, personnalisable et parfait pour cr\u00e9er des sites Web professionnels. Achetez maintenant !","robots":{"index":"index","follow":"follow","max-snippet":"max-snippet:-1","max-image-preview":"max-image-preview:large","max-video-preview":"max-video-preview:-1"},"canonical":"https:\/\/themeholt.com\/fr\/product\/appik-modele-de-muse-dapplication-reactive\/","og_locale":"fr_FR","og_type":"article","og_title":"Appik - Mod\u00e8le de muse d'application r\u00e9active","og_description":"Obtenez le mod\u00e8le d'application r\u00e9actif pour un look tendance et moderne. Il est facile \u00e0 utiliser, personnalisable et parfait pour cr\u00e9er des sites Web professionnels. Achetez maintenant !","og_url":"https:\/\/themeholt.com\/fr\/product\/appik-modele-de-muse-dapplication-reactive\/","og_site_name":"ThemeHolt","article_publisher":"https:\/\/www.facebook.com\/themeholtT","article_modified_time":"2024-10-10T11:22:21+00:00","og_image":[{"width":1358,"height":1125,"url":"https:\/\/themeholt.com\/wp-content\/uploads\/2024\/04\/Home.png","type":"image\/png"}],"twitter_card":"summary_large_image","twitter_site":"@ThemeholtT","twitter_misc":{"Dur\u00e9e de lecture estim\u00e9e":"1 minute"},"schema":{"@context":"https:\/\/schema.org","@graph":[{"@type":"WebPage","@id":"https:\/\/themeholt.com\/fr\/product\/appik-modele-de-muse-dapplication-reactive\/","url":"https:\/\/themeholt.com\/fr\/product\/appik-modele-de-muse-dapplication-reactive\/","name":"Th\u00e8mes WordPress | Mod\u00e8le d'application r\u00e9active","isPartOf":{"@id":"https:\/\/themeholt.com\/#website"},"primaryImageOfPage":{"@id":"https:\/\/themeholt.com\/fr\/product\/appik-modele-de-muse-dapplication-reactive\/#primaryimage"},"image":{"@id":"https:\/\/themeholt.com\/fr\/product\/appik-modele-de-muse-dapplication-reactive\/#primaryimage"},"thumbnailUrl":"https:\/\/themeholt.com\/wp-content\/uploads\/2024\/04\/Home.png","datePublished":"2024-04-01T05:20:34+00:00","dateModified":"2024-10-10T11:22:21+00:00","description":"Obtenez le mod\u00e8le d'application r\u00e9actif pour un look tendance et moderne. Il est facile \u00e0 utiliser, personnalisable et parfait pour cr\u00e9er des sites Web professionnels. Achetez maintenant !","breadcrumb":{"@id":"https:\/\/themeholt.com\/fr\/product\/appik-modele-de-muse-dapplication-reactive\/#breadcrumb"},"inLanguage":"fr-FR","potentialAction":[{"@type":"ReadAction","target":["https:\/\/themeholt.com\/fr\/product\/appik-modele-de-muse-dapplication-reactive\/"]}]},{"@type":"ImageObject","inLanguage":"fr-FR","@id":"https:\/\/themeholt.com\/fr\/product\/appik-modele-de-muse-dapplication-reactive\/#primaryimage","url":"https:\/\/themeholt.com\/wp-content\/uploads\/2024\/04\/Home.png","contentUrl":"https:\/\/themeholt.com\/wp-content\/uploads\/2024\/04\/Home.png","width":1358,"height":1125},{"@type":"BreadcrumbList","@id":"https:\/\/themeholt.com\/fr\/product\/appik-modele-de-muse-dapplication-reactive\/#breadcrumb","itemListElement":[{"@type":"ListItem","position":1,"name":"Home","item":"https:\/\/themeholt.com\/fr\/"},{"@type":"ListItem","position":2,"name":"Shop","item":"https:\/\/themeholt.com\/shop\/"},{"@type":"ListItem","position":3,"name":"Appik &#8211; Mod\u00e8le de muse d&rsquo;application r\u00e9active"}]},{"@type":"WebSite","@id":"https:\/\/themeholt.com\/#website","url":"https:\/\/themeholt.com\/","name":"ThemeHolt","description":"Themeholt is a website that offers high-quality WordPress themes","publisher":{"@id":"https:\/\/themeholt.com\/#organization"},"potentialAction":[{"@type":"SearchAction","target":{"@type":"EntryPoint","urlTemplate":"https:\/\/themeholt.com\/?s={search_term_string}"},"query-input":{"@type":"PropertyValueSpecification","valueRequired":true,"valueName":"search_term_string"}}],"inLanguage":"fr-FR"},{"@type":"Organization","@id":"https:\/\/themeholt.com\/#organization","name":"ThemeHolt","alternateName":"ThemeHolt","url":"https:\/\/themeholt.com\/","logo":{"@type":"ImageObject","inLanguage":"fr-FR","@id":"https:\/\/themeholt.com\/#\/schema\/logo\/image\/","url":"https:\/\/themeholt.com\/wp-content\/uploads\/2024\/10\/themeholt.png","contentUrl":"https:\/\/themeholt.com\/wp-content\/uploads\/2024\/10\/themeholt.png","width":225,"height":225,"caption":"ThemeHolt"},"image":{"@id":"https:\/\/themeholt.com\/#\/schema\/logo\/image\/"},"sameAs":["https:\/\/www.facebook.com\/themeholtT","https:\/\/x.com\/ThemeholtT","https:\/\/www.linkedin.com\/company\/themeholt","https:\/\/www.instagram.com\/themeholtt\/"],"description":"Themeholt is a website that offers high-quality WordPress themes that are easy to use and ready for just about everything. In Eindhoven, Netherlands, since 2020 offering simple, accessible WordPress themes by providing a variety of requirements. Themeholt focuses on practicality and efficiency, allowing faster project completion with its superior marketplace and easy-to-use templates.","legalName":"ThemeHolt","foundingDate":"2022-11-10","numberOfEmployees":{"@type":"QuantitativeValue","minValue":"51","maxValue":"200"}}]}},"_links":{"self":[{"href":"https:\/\/themeholt.com\/fr\/wp-json\/wp\/v2\/product\/12089","targetHints":{"allow":["GET"]}}],"collection":[{"href":"https:\/\/themeholt.com\/fr\/wp-json\/wp\/v2\/product"}],"about":[{"href":"https:\/\/themeholt.com\/fr\/wp-json\/wp\/v2\/types\/product"}],"wp:featuredmedia":[{"embeddable":true,"href":"https:\/\/themeholt.com\/fr\/wp-json\/wp\/v2\/media\/12091"}],"wp:attachment":[{"href":"https:\/\/themeholt.com\/fr\/wp-json\/wp\/v2\/media?parent=12089"}],"wp:term":[{"taxonomy":"product_brand","embeddable":true,"href":"https:\/\/themeholt.com\/fr\/wp-json\/wp\/v2\/product_brand?post=12089"},{"taxonomy":"product_cat","embeddable":true,"href":"https:\/\/themeholt.com\/fr\/wp-json\/wp\/v2\/product_cat?post=12089"},{"taxonomy":"product_tag","embeddable":true,"href":"https:\/\/themeholt.com\/fr\/wp-json\/wp\/v2\/product_tag?post=12089"}],"curies":[{"name":"wp","href":"https:\/\/api.w.org\/{rel}","templated":true}]}}