{"id":12101,"date":"2024-04-01T05:13:35","date_gmt":"2024-04-01T05:13:35","guid":{"rendered":"https:\/\/themeholt.com\/product\/foodera-unbounce-food-landing-page-template\/"},"modified":"2024-10-10T11:33:43","modified_gmt":"2024-10-10T11:33:43","slug":"foodera-modele-de-page-de-destination-pour-les-aliments-unbounce","status":"publish","type":"product","link":"https:\/\/themeholt.com\/fr\/product\/foodera-modele-de-page-de-destination-pour-les-aliments-unbounce\/","title":{"rendered":"Foodera \u2014 Mod\u00e8le de page de destination pour les aliments Unbounce"},"content":{"rendered":"<p><span style=\"font-weight: 400\">Le mod\u00e8le de page de destination Foodera Unbounce est un moyen moderne et efficace de mettre en avant les entreprises qui s&rsquo;occupent de l&rsquo;alimentation. Gr\u00e2ce \u00e0 sa conception innovante et r\u00e9active, votre site Web aura fi\u00e8re allure sur tous les \u00e9crans, y compris les ordinateurs de bureau et les t\u00e9l\u00e9phones portables. Vous pouvez simplement pr\u00e9senter vos offres et engager des consommateurs potentiels avec des zones pour les t\u00e9moignages, les formulaires de contact et les menus qui sont tous personnalis\u00e9s. Qu&rsquo;ils recherchent le menu de votre restaurant ou qu&rsquo;ils souhaitent effectuer une r\u00e9servation en ligne, les visiteurs peuvent facilement d\u00e9couvrir les informations dont ils ont besoin. <\/span><\/p>\n<p><span style=\"font-weight: 400\">Gr\u00e2ce \u00e0 la structure claire du mod\u00e8le et \u00e0 sa navigation simple. Foodera a \u00e9t\u00e9 ajust\u00e9 \u00e0 la fois pour la vitesse et l&rsquo;optimisation des moteurs de recherche. Cela aide votre site Web \u00e0 se classer plus haut dans les r\u00e9sultats des moteurs de recherche et offre aux visiteurs une exp\u00e9rience de navigation facile.<\/span><\/p>\n","protected":false},"excerpt":{"rendered":"<ul>\n<li style=\"font-weight: 400\"><span style=\"font-weight: 400\">Conception moderne<\/span><\/li>\n<li style=\"font-weight: 400\"><span style=\"font-weight: 400\">R\u00e9activit\u00e9 mobile<\/span><\/li>\n<li style=\"font-weight: 400\"><span style=\"font-weight: 400\">Options de personnalisation<\/span><\/li>\n<li style=\"font-weight: 400\"><span style=\"font-weight: 400\">Capacit\u00e9s d&rsquo;int\u00e9gration<\/span><\/li>\n<li style=\"font-weight: 400\"><span style=\"font-weight: 400\">Optimis\u00e9 pour le r\u00e9f\u00e9rencement<\/span><\/li>\n<li style=\"font-weight: 400\"><span style=\"font-weight: 400\">Assistance client\u00e8le<\/span><\/li>\n<li style=\"font-weight: 400\"><span style=\"font-weight: 400\">Fonctionnalit\u00e9s de g\u00e9n\u00e9ration de leads<\/span><\/li>\n<\/ul>\n","protected":false},"featured_media":12103,"template":"","meta":{"_acf_changed":false,"inline_featured_image":false},"product_brand":[],"product_cat":[849],"product_tag":[],"class_list":{"0":"post-12101","1":"product","2":"type-product","3":"status-publish","4":"has-post-thumbnail","6":"product_cat-landing-pages-fr","8":"first","9":"instock","10":"sale","11":"downloadable","12":"taxable","13":"shipping-taxable","14":"purchasable","15":"product-type-simple"},"acf":[],"yoast_head":"<!-- This site is optimized with the Yoast SEO Premium plugin v22.1 (Yoast SEO v26.0) - https:\/\/yoast.com\/wordpress\/plugins\/seo\/ -->\n<title>Mod\u00e8le de page de destination pour la nourriture | Themeholt<\/title>\n<meta name=\"description\" content=\"Cr\u00e9ez facilement un site Web avec notre mod\u00e8le de page de destination alimentaire. Pr\u00e9sentez vos plats de mani\u00e8re \u00e9l\u00e9gante. Conception personnalisable et r\u00e9active pour votre entreprise alimentaire.\" \/>\n<meta name=\"robots\" content=\"index, follow, max-snippet:-1, max-image-preview:large, max-video-preview:-1\" \/>\n<link rel=\"canonical\" href=\"https:\/\/themeholt.com\/fr\/product\/foodera-modele-de-page-de-destination-pour-les-aliments-unbounce\/\" \/>\n<meta property=\"og:locale\" content=\"fr_FR\" \/>\n<meta property=\"og:type\" content=\"article\" \/>\n<meta property=\"og:title\" content=\"Foodera \u2014 Mod\u00e8le de page de destination pour les aliments Unbounce\" \/>\n<meta property=\"og:description\" content=\"Cr\u00e9ez facilement un site Web avec notre mod\u00e8le de page de destination alimentaire. Pr\u00e9sentez vos plats de mani\u00e8re \u00e9l\u00e9gante. Conception personnalisable et r\u00e9active pour votre entreprise alimentaire.\" \/>\n<meta property=\"og:url\" content=\"https:\/\/themeholt.com\/fr\/product\/foodera-modele-de-page-de-destination-pour-les-aliments-unbounce\/\" \/>\n<meta property=\"og:site_name\" content=\"ThemeHolt\" \/>\n<meta property=\"article:publisher\" content=\"https:\/\/www.facebook.com\/themeholtT\" \/>\n<meta property=\"article:modified_time\" content=\"2024-10-10T11:33:43+00:00\" \/>\n<meta property=\"og:image\" content=\"https:\/\/themeholt.com\/wp-content\/uploads\/2024\/04\/unbouncepages-com-foodera-storefront-envato-elements.png\" \/>\n\t<meta property=\"og:image:width\" content=\"1365\" \/>\n\t<meta property=\"og:image:height\" content=\"851\" \/>\n\t<meta property=\"og:image:type\" content=\"image\/png\" \/>\n<meta name=\"twitter:card\" content=\"summary_large_image\" \/>\n<meta name=\"twitter:site\" content=\"@ThemeholtT\" \/>\n<meta name=\"twitter:label1\" content=\"Dur\u00e9e de lecture estim\u00e9e\" \/>\n\t<meta name=\"twitter:data1\" content=\"1 minute\" \/>\n<script type=\"application\/ld+json\" class=\"yoast-schema-graph\">{\"@context\":\"https:\/\/schema.org\",\"@graph\":[{\"@type\":\"WebPage\",\"@id\":\"https:\/\/themeholt.com\/fr\/product\/foodera-modele-de-page-de-destination-pour-les-aliments-unbounce\/\",\"url\":\"https:\/\/themeholt.com\/fr\/product\/foodera-modele-de-page-de-destination-pour-les-aliments-unbounce\/\",\"name\":\"Mod\u00e8le de page de destination pour la nourriture | Themeholt\",\"isPartOf\":{\"@id\":\"https:\/\/themeholt.com\/#website\"},\"primaryImageOfPage\":{\"@id\":\"https:\/\/themeholt.com\/fr\/product\/foodera-modele-de-page-de-destination-pour-les-aliments-unbounce\/#primaryimage\"},\"image\":{\"@id\":\"https:\/\/themeholt.com\/fr\/product\/foodera-modele-de-page-de-destination-pour-les-aliments-unbounce\/#primaryimage\"},\"thumbnailUrl\":\"https:\/\/themeholt.com\/wp-content\/uploads\/2024\/04\/unbouncepages-com-foodera-storefront-envato-elements.png\",\"datePublished\":\"2024-04-01T05:13:35+00:00\",\"dateModified\":\"2024-10-10T11:33:43+00:00\",\"description\":\"Cr\u00e9ez facilement un site Web avec notre mod\u00e8le de page de destination alimentaire. Pr\u00e9sentez vos plats de mani\u00e8re \u00e9l\u00e9gante. Conception personnalisable et r\u00e9active pour votre entreprise alimentaire.\",\"breadcrumb\":{\"@id\":\"https:\/\/themeholt.com\/fr\/product\/foodera-modele-de-page-de-destination-pour-les-aliments-unbounce\/#breadcrumb\"},\"inLanguage\":\"fr-FR\",\"potentialAction\":[{\"@type\":\"ReadAction\",\"target\":[\"https:\/\/themeholt.com\/fr\/product\/foodera-modele-de-page-de-destination-pour-les-aliments-unbounce\/\"]}]},{\"@type\":\"ImageObject\",\"inLanguage\":\"fr-FR\",\"@id\":\"https:\/\/themeholt.com\/fr\/product\/foodera-modele-de-page-de-destination-pour-les-aliments-unbounce\/#primaryimage\",\"url\":\"https:\/\/themeholt.com\/wp-content\/uploads\/2024\/04\/unbouncepages-com-foodera-storefront-envato-elements.png\",\"contentUrl\":\"https:\/\/themeholt.com\/wp-content\/uploads\/2024\/04\/unbouncepages-com-foodera-storefront-envato-elements.png\",\"width\":1365,\"height\":851},{\"@type\":\"BreadcrumbList\",\"@id\":\"https:\/\/themeholt.com\/fr\/product\/foodera-modele-de-page-de-destination-pour-les-aliments-unbounce\/#breadcrumb\",\"itemListElement\":[{\"@type\":\"ListItem\",\"position\":1,\"name\":\"Home\",\"item\":\"https:\/\/themeholt.com\/fr\/\"},{\"@type\":\"ListItem\",\"position\":2,\"name\":\"Shop\",\"item\":\"https:\/\/themeholt.com\/shop\/\"},{\"@type\":\"ListItem\",\"position\":3,\"name\":\"Foodera \u2014 Mod\u00e8le de page de destination pour les aliments Unbounce\"}]},{\"@type\":\"WebSite\",\"@id\":\"https:\/\/themeholt.com\/#website\",\"url\":\"https:\/\/themeholt.com\/\",\"name\":\"ThemeHolt\",\"description\":\"Themeholt is a website that offers high-quality WordPress themes\",\"publisher\":{\"@id\":\"https:\/\/themeholt.com\/#organization\"},\"potentialAction\":[{\"@type\":\"SearchAction\",\"target\":{\"@type\":\"EntryPoint\",\"urlTemplate\":\"https:\/\/themeholt.com\/?s={search_term_string}\"},\"query-input\":{\"@type\":\"PropertyValueSpecification\",\"valueRequired\":true,\"valueName\":\"search_term_string\"}}],\"inLanguage\":\"fr-FR\"},{\"@type\":\"Organization\",\"@id\":\"https:\/\/themeholt.com\/#organization\",\"name\":\"ThemeHolt\",\"alternateName\":\"ThemeHolt\",\"url\":\"https:\/\/themeholt.com\/\",\"logo\":{\"@type\":\"ImageObject\",\"inLanguage\":\"fr-FR\",\"@id\":\"https:\/\/themeholt.com\/#\/schema\/logo\/image\/\",\"url\":\"https:\/\/themeholt.com\/wp-content\/uploads\/2024\/10\/themeholt.png\",\"contentUrl\":\"https:\/\/themeholt.com\/wp-content\/uploads\/2024\/10\/themeholt.png\",\"width\":225,\"height\":225,\"caption\":\"ThemeHolt\"},\"image\":{\"@id\":\"https:\/\/themeholt.com\/#\/schema\/logo\/image\/\"},\"sameAs\":[\"https:\/\/www.facebook.com\/themeholtT\",\"https:\/\/x.com\/ThemeholtT\",\"https:\/\/www.linkedin.com\/company\/themeholt\",\"https:\/\/www.instagram.com\/themeholtt\/\"],\"description\":\"Themeholt is a website that offers high-quality WordPress themes that are easy to use and ready for just about everything. In Eindhoven, Netherlands, since 2020 offering simple, accessible WordPress themes by providing a variety of requirements. Themeholt focuses on practicality and efficiency, allowing faster project completion with its superior marketplace and easy-to-use templates.\",\"legalName\":\"ThemeHolt\",\"foundingDate\":\"2022-11-10\",\"numberOfEmployees\":{\"@type\":\"QuantitativeValue\",\"minValue\":\"51\",\"maxValue\":\"200\"}}]}<\/script>\n<!-- \/ Yoast SEO Premium plugin. -->","yoast_head_json":{"title":"Mod\u00e8le de page de destination pour la nourriture | Themeholt","description":"Cr\u00e9ez facilement un site Web avec notre mod\u00e8le de page de destination alimentaire. Pr\u00e9sentez vos plats de mani\u00e8re \u00e9l\u00e9gante. Conception personnalisable et r\u00e9active pour votre entreprise alimentaire.","robots":{"index":"index","follow":"follow","max-snippet":"max-snippet:-1","max-image-preview":"max-image-preview:large","max-video-preview":"max-video-preview:-1"},"canonical":"https:\/\/themeholt.com\/fr\/product\/foodera-modele-de-page-de-destination-pour-les-aliments-unbounce\/","og_locale":"fr_FR","og_type":"article","og_title":"Foodera \u2014 Mod\u00e8le de page de destination pour les aliments Unbounce","og_description":"Cr\u00e9ez facilement un site Web avec notre mod\u00e8le de page de destination alimentaire. Pr\u00e9sentez vos plats de mani\u00e8re \u00e9l\u00e9gante. Conception personnalisable et r\u00e9active pour votre entreprise alimentaire.","og_url":"https:\/\/themeholt.com\/fr\/product\/foodera-modele-de-page-de-destination-pour-les-aliments-unbounce\/","og_site_name":"ThemeHolt","article_publisher":"https:\/\/www.facebook.com\/themeholtT","article_modified_time":"2024-10-10T11:33:43+00:00","og_image":[{"width":1365,"height":851,"url":"https:\/\/themeholt.com\/wp-content\/uploads\/2024\/04\/unbouncepages-com-foodera-storefront-envato-elements.png","type":"image\/png"}],"twitter_card":"summary_large_image","twitter_site":"@ThemeholtT","twitter_misc":{"Dur\u00e9e de lecture estim\u00e9e":"1 minute"},"schema":{"@context":"https:\/\/schema.org","@graph":[{"@type":"WebPage","@id":"https:\/\/themeholt.com\/fr\/product\/foodera-modele-de-page-de-destination-pour-les-aliments-unbounce\/","url":"https:\/\/themeholt.com\/fr\/product\/foodera-modele-de-page-de-destination-pour-les-aliments-unbounce\/","name":"Mod\u00e8le de page de destination pour la nourriture | Themeholt","isPartOf":{"@id":"https:\/\/themeholt.com\/#website"},"primaryImageOfPage":{"@id":"https:\/\/themeholt.com\/fr\/product\/foodera-modele-de-page-de-destination-pour-les-aliments-unbounce\/#primaryimage"},"image":{"@id":"https:\/\/themeholt.com\/fr\/product\/foodera-modele-de-page-de-destination-pour-les-aliments-unbounce\/#primaryimage"},"thumbnailUrl":"https:\/\/themeholt.com\/wp-content\/uploads\/2024\/04\/unbouncepages-com-foodera-storefront-envato-elements.png","datePublished":"2024-04-01T05:13:35+00:00","dateModified":"2024-10-10T11:33:43+00:00","description":"Cr\u00e9ez facilement un site Web avec notre mod\u00e8le de page de destination alimentaire. Pr\u00e9sentez vos plats de mani\u00e8re \u00e9l\u00e9gante. Conception personnalisable et r\u00e9active pour votre entreprise alimentaire.","breadcrumb":{"@id":"https:\/\/themeholt.com\/fr\/product\/foodera-modele-de-page-de-destination-pour-les-aliments-unbounce\/#breadcrumb"},"inLanguage":"fr-FR","potentialAction":[{"@type":"ReadAction","target":["https:\/\/themeholt.com\/fr\/product\/foodera-modele-de-page-de-destination-pour-les-aliments-unbounce\/"]}]},{"@type":"ImageObject","inLanguage":"fr-FR","@id":"https:\/\/themeholt.com\/fr\/product\/foodera-modele-de-page-de-destination-pour-les-aliments-unbounce\/#primaryimage","url":"https:\/\/themeholt.com\/wp-content\/uploads\/2024\/04\/unbouncepages-com-foodera-storefront-envato-elements.png","contentUrl":"https:\/\/themeholt.com\/wp-content\/uploads\/2024\/04\/unbouncepages-com-foodera-storefront-envato-elements.png","width":1365,"height":851},{"@type":"BreadcrumbList","@id":"https:\/\/themeholt.com\/fr\/product\/foodera-modele-de-page-de-destination-pour-les-aliments-unbounce\/#breadcrumb","itemListElement":[{"@type":"ListItem","position":1,"name":"Home","item":"https:\/\/themeholt.com\/fr\/"},{"@type":"ListItem","position":2,"name":"Shop","item":"https:\/\/themeholt.com\/shop\/"},{"@type":"ListItem","position":3,"name":"Foodera \u2014 Mod\u00e8le de page de destination pour les aliments Unbounce"}]},{"@type":"WebSite","@id":"https:\/\/themeholt.com\/#website","url":"https:\/\/themeholt.com\/","name":"ThemeHolt","description":"Themeholt is a website that offers high-quality WordPress themes","publisher":{"@id":"https:\/\/themeholt.com\/#organization"},"potentialAction":[{"@type":"SearchAction","target":{"@type":"EntryPoint","urlTemplate":"https:\/\/themeholt.com\/?s={search_term_string}"},"query-input":{"@type":"PropertyValueSpecification","valueRequired":true,"valueName":"search_term_string"}}],"inLanguage":"fr-FR"},{"@type":"Organization","@id":"https:\/\/themeholt.com\/#organization","name":"ThemeHolt","alternateName":"ThemeHolt","url":"https:\/\/themeholt.com\/","logo":{"@type":"ImageObject","inLanguage":"fr-FR","@id":"https:\/\/themeholt.com\/#\/schema\/logo\/image\/","url":"https:\/\/themeholt.com\/wp-content\/uploads\/2024\/10\/themeholt.png","contentUrl":"https:\/\/themeholt.com\/wp-content\/uploads\/2024\/10\/themeholt.png","width":225,"height":225,"caption":"ThemeHolt"},"image":{"@id":"https:\/\/themeholt.com\/#\/schema\/logo\/image\/"},"sameAs":["https:\/\/www.facebook.com\/themeholtT","https:\/\/x.com\/ThemeholtT","https:\/\/www.linkedin.com\/company\/themeholt","https:\/\/www.instagram.com\/themeholtt\/"],"description":"Themeholt is a website that offers high-quality WordPress themes that are easy to use and ready for just about everything. In Eindhoven, Netherlands, since 2020 offering simple, accessible WordPress themes by providing a variety of requirements. Themeholt focuses on practicality and efficiency, allowing faster project completion with its superior marketplace and easy-to-use templates.","legalName":"ThemeHolt","foundingDate":"2022-11-10","numberOfEmployees":{"@type":"QuantitativeValue","minValue":"51","maxValue":"200"}}]}},"_links":{"self":[{"href":"https:\/\/themeholt.com\/fr\/wp-json\/wp\/v2\/product\/12101","targetHints":{"allow":["GET"]}}],"collection":[{"href":"https:\/\/themeholt.com\/fr\/wp-json\/wp\/v2\/product"}],"about":[{"href":"https:\/\/themeholt.com\/fr\/wp-json\/wp\/v2\/types\/product"}],"wp:featuredmedia":[{"embeddable":true,"href":"https:\/\/themeholt.com\/fr\/wp-json\/wp\/v2\/media\/12103"}],"wp:attachment":[{"href":"https:\/\/themeholt.com\/fr\/wp-json\/wp\/v2\/media?parent=12101"}],"wp:term":[{"taxonomy":"product_brand","embeddable":true,"href":"https:\/\/themeholt.com\/fr\/wp-json\/wp\/v2\/product_brand?post=12101"},{"taxonomy":"product_cat","embeddable":true,"href":"https:\/\/themeholt.com\/fr\/wp-json\/wp\/v2\/product_cat?post=12101"},{"taxonomy":"product_tag","embeddable":true,"href":"https:\/\/themeholt.com\/fr\/wp-json\/wp\/v2\/product_tag?post=12101"}],"curies":[{"name":"wp","href":"https:\/\/api.w.org\/{rel}","templated":true}]}}