{"id":12477,"date":"2023-10-11T04:56:47","date_gmt":"2023-10-11T04:56:47","guid":{"rendered":"https:\/\/themeholt.com\/product\/inusti-industriele-fabriek-bedrijf\/"},"modified":"2024-10-14T08:26:09","modified_gmt":"2024-10-14T08:26:09","slug":"societe-dusine-industrielle-inusti","status":"publish","type":"product","link":"https:\/\/themeholt.com\/fr\/product\/societe-dusine-industrielle-inusti\/","title":{"rendered":"Soci\u00e9t\u00e9 d&rsquo;usine industrielle Inusti"},"content":{"rendered":"<p>D\u00e9couvrez le summum du succ\u00e8s num\u00e9rique pour votre entreprise d\u2019usine industrielle avec le th\u00e8me WordPress Inusti Industrial Factory Business. Sp\u00e9cialement con\u00e7u pour les usines, les installations industrielles, les ateliers et les entreprises manufacturi\u00e8res, ce th\u00e8me est une solution tout-en-un pour augmenter votre pr\u00e9sence en ligne.<\/p>\n<p>Le th\u00e8me WordPress Inusti Industrial Factory Business est la solution ultime pour les leaders de l\u2019industrie \u00e9tablis et les startups manufacturi\u00e8res \u00e9mergentes. Faites une impression durable sur vos clients, gagnez leur confiance et propulsez votre entreprise vers de nouveaux sommets. Commencez votre transformation num\u00e9rique d\u00e8s aujourd\u2019hui et constatez l\u2019impact remarquable sur votre pr\u00e9sence en ligne.<\/p>\n","protected":false},"excerpt":{"rendered":"<ul>\n<li>Design \u00e9pur\u00e9<\/li>\n<li>Aspect professionnel<\/li>\n<li>Mise en page responsive<\/li>\n<li>Optimis\u00e9 pour le r\u00e9f\u00e9rencement<\/li>\n<li>Th\u00e8me enti\u00e8rement personnalisable<\/li>\n<li>G\u00e9n\u00e9rateur de pages Elementor<\/li>\n<li>Pr\u00eat pour WooCommerce<\/li>\n<li>S\u00e9curit\u00e9 et conformit\u00e9<\/li>\n<\/ul>\n","protected":false},"featured_media":12478,"template":"","meta":{"_acf_changed":false,"inline_featured_image":false},"product_brand":[],"product_cat":[],"product_tag":[],"class_list":{"0":"post-12477","1":"product","2":"type-product","3":"status-publish","4":"has-post-thumbnail","7":"first","8":"instock","9":"sale","10":"downloadable","11":"taxable","12":"shipping-taxable","13":"purchasable","14":"product-type-simple"},"acf":[],"yoast_head":"<!-- This site is optimized with the Yoast SEO Premium plugin v22.1 (Yoast SEO v26.0) - https:\/\/yoast.com\/wordpress\/plugins\/seo\/ -->\n<title>Entreprise d&#039;usine industrielle Inusti | Th\u00e8mes WordPress premium<\/title>\n<meta name=\"description\" content=\"Transformez le site Web de votre usine industrielle avec les th\u00e8mes WordPress premium d&#039;Inusti Industrial Factory Company. Faites facilement passer votre entreprise au niveau sup\u00e9rieur. Achetez maintenant !\" \/>\n<meta name=\"robots\" content=\"index, follow, max-snippet:-1, max-image-preview:large, max-video-preview:-1\" \/>\n<link rel=\"canonical\" href=\"https:\/\/themeholt.com\/fr\/product\/societe-dusine-industrielle-inusti\/\" \/>\n<meta property=\"og:locale\" content=\"fr_FR\" \/>\n<meta property=\"og:type\" content=\"article\" \/>\n<meta property=\"og:title\" content=\"Soci\u00e9t\u00e9 d&#039;usine industrielle Inusti\" \/>\n<meta property=\"og:description\" content=\"Transformez le site Web de votre usine industrielle avec les th\u00e8mes WordPress premium d&#039;Inusti Industrial Factory Company. Faites facilement passer votre entreprise au niveau sup\u00e9rieur. Achetez maintenant !\" \/>\n<meta property=\"og:url\" content=\"https:\/\/themeholt.com\/fr\/product\/societe-dusine-industrielle-inusti\/\" \/>\n<meta property=\"og:site_name\" content=\"ThemeHolt\" \/>\n<meta property=\"article:publisher\" content=\"https:\/\/www.facebook.com\/themeholtT\" \/>\n<meta property=\"article:modified_time\" content=\"2024-10-14T08:26:09+00:00\" \/>\n<meta property=\"og:image\" content=\"https:\/\/themeholt.com\/wp-content\/uploads\/2023\/10\/356.png\" \/>\n\t<meta property=\"og:image:width\" content=\"1365\" \/>\n\t<meta property=\"og:image:height\" content=\"1202\" \/>\n\t<meta property=\"og:image:type\" content=\"image\/png\" \/>\n<meta name=\"twitter:card\" content=\"summary_large_image\" \/>\n<meta name=\"twitter:site\" content=\"@ThemeholtT\" \/>\n<meta name=\"twitter:label1\" content=\"Dur\u00e9e de lecture estim\u00e9e\" \/>\n\t<meta name=\"twitter:data1\" content=\"1 minute\" \/>\n<script type=\"application\/ld+json\" class=\"yoast-schema-graph\">{\"@context\":\"https:\/\/schema.org\",\"@graph\":[{\"@type\":\"WebPage\",\"@id\":\"https:\/\/themeholt.com\/fr\/product\/societe-dusine-industrielle-inusti\/\",\"url\":\"https:\/\/themeholt.com\/fr\/product\/societe-dusine-industrielle-inusti\/\",\"name\":\"Entreprise d'usine industrielle Inusti | Th\u00e8mes WordPress premium\",\"isPartOf\":{\"@id\":\"https:\/\/themeholt.com\/#website\"},\"primaryImageOfPage\":{\"@id\":\"https:\/\/themeholt.com\/fr\/product\/societe-dusine-industrielle-inusti\/#primaryimage\"},\"image\":{\"@id\":\"https:\/\/themeholt.com\/fr\/product\/societe-dusine-industrielle-inusti\/#primaryimage\"},\"thumbnailUrl\":\"https:\/\/themeholt.com\/wp-content\/uploads\/2023\/10\/356.png\",\"datePublished\":\"2023-10-11T04:56:47+00:00\",\"dateModified\":\"2024-10-14T08:26:09+00:00\",\"description\":\"Transformez le site Web de votre usine industrielle avec les th\u00e8mes WordPress premium d'Inusti Industrial Factory Company. Faites facilement passer votre entreprise au niveau sup\u00e9rieur. Achetez maintenant !\",\"breadcrumb\":{\"@id\":\"https:\/\/themeholt.com\/fr\/product\/societe-dusine-industrielle-inusti\/#breadcrumb\"},\"inLanguage\":\"fr-FR\",\"potentialAction\":[{\"@type\":\"ReadAction\",\"target\":[\"https:\/\/themeholt.com\/fr\/product\/societe-dusine-industrielle-inusti\/\"]}]},{\"@type\":\"ImageObject\",\"inLanguage\":\"fr-FR\",\"@id\":\"https:\/\/themeholt.com\/fr\/product\/societe-dusine-industrielle-inusti\/#primaryimage\",\"url\":\"https:\/\/themeholt.com\/wp-content\/uploads\/2023\/10\/356.png\",\"contentUrl\":\"https:\/\/themeholt.com\/wp-content\/uploads\/2023\/10\/356.png\",\"width\":1365,\"height\":1202},{\"@type\":\"BreadcrumbList\",\"@id\":\"https:\/\/themeholt.com\/fr\/product\/societe-dusine-industrielle-inusti\/#breadcrumb\",\"itemListElement\":[{\"@type\":\"ListItem\",\"position\":1,\"name\":\"Home\",\"item\":\"https:\/\/themeholt.com\/fr\/\"},{\"@type\":\"ListItem\",\"position\":2,\"name\":\"Shop\",\"item\":\"https:\/\/themeholt.com\/shop\/\"},{\"@type\":\"ListItem\",\"position\":3,\"name\":\"Soci\u00e9t\u00e9 d&rsquo;usine industrielle Inusti\"}]},{\"@type\":\"WebSite\",\"@id\":\"https:\/\/themeholt.com\/#website\",\"url\":\"https:\/\/themeholt.com\/\",\"name\":\"ThemeHolt\",\"description\":\"Themeholt is a website that offers high-quality WordPress themes\",\"publisher\":{\"@id\":\"https:\/\/themeholt.com\/#organization\"},\"potentialAction\":[{\"@type\":\"SearchAction\",\"target\":{\"@type\":\"EntryPoint\",\"urlTemplate\":\"https:\/\/themeholt.com\/?s={search_term_string}\"},\"query-input\":{\"@type\":\"PropertyValueSpecification\",\"valueRequired\":true,\"valueName\":\"search_term_string\"}}],\"inLanguage\":\"fr-FR\"},{\"@type\":\"Organization\",\"@id\":\"https:\/\/themeholt.com\/#organization\",\"name\":\"ThemeHolt\",\"alternateName\":\"ThemeHolt\",\"url\":\"https:\/\/themeholt.com\/\",\"logo\":{\"@type\":\"ImageObject\",\"inLanguage\":\"fr-FR\",\"@id\":\"https:\/\/themeholt.com\/#\/schema\/logo\/image\/\",\"url\":\"https:\/\/themeholt.com\/wp-content\/uploads\/2024\/10\/themeholt.png\",\"contentUrl\":\"https:\/\/themeholt.com\/wp-content\/uploads\/2024\/10\/themeholt.png\",\"width\":225,\"height\":225,\"caption\":\"ThemeHolt\"},\"image\":{\"@id\":\"https:\/\/themeholt.com\/#\/schema\/logo\/image\/\"},\"sameAs\":[\"https:\/\/www.facebook.com\/themeholtT\",\"https:\/\/x.com\/ThemeholtT\",\"https:\/\/www.linkedin.com\/company\/themeholt\",\"https:\/\/www.instagram.com\/themeholtt\/\"],\"description\":\"Themeholt is a website that offers high-quality WordPress themes that are easy to use and ready for just about everything. In Eindhoven, Netherlands, since 2020 offering simple, accessible WordPress themes by providing a variety of requirements. Themeholt focuses on practicality and efficiency, allowing faster project completion with its superior marketplace and easy-to-use templates.\",\"legalName\":\"ThemeHolt\",\"foundingDate\":\"2022-11-10\",\"numberOfEmployees\":{\"@type\":\"QuantitativeValue\",\"minValue\":\"51\",\"maxValue\":\"200\"}}]}<\/script>\n<!-- \/ Yoast SEO Premium plugin. -->","yoast_head_json":{"title":"Entreprise d'usine industrielle Inusti | Th\u00e8mes WordPress premium","description":"Transformez le site Web de votre usine industrielle avec les th\u00e8mes WordPress premium d'Inusti Industrial Factory Company. Faites facilement passer votre entreprise au niveau sup\u00e9rieur. Achetez maintenant !","robots":{"index":"index","follow":"follow","max-snippet":"max-snippet:-1","max-image-preview":"max-image-preview:large","max-video-preview":"max-video-preview:-1"},"canonical":"https:\/\/themeholt.com\/fr\/product\/societe-dusine-industrielle-inusti\/","og_locale":"fr_FR","og_type":"article","og_title":"Soci\u00e9t\u00e9 d'usine industrielle Inusti","og_description":"Transformez le site Web de votre usine industrielle avec les th\u00e8mes WordPress premium d'Inusti Industrial Factory Company. Faites facilement passer votre entreprise au niveau sup\u00e9rieur. Achetez maintenant !","og_url":"https:\/\/themeholt.com\/fr\/product\/societe-dusine-industrielle-inusti\/","og_site_name":"ThemeHolt","article_publisher":"https:\/\/www.facebook.com\/themeholtT","article_modified_time":"2024-10-14T08:26:09+00:00","og_image":[{"width":1365,"height":1202,"url":"https:\/\/themeholt.com\/wp-content\/uploads\/2023\/10\/356.png","type":"image\/png"}],"twitter_card":"summary_large_image","twitter_site":"@ThemeholtT","twitter_misc":{"Dur\u00e9e de lecture estim\u00e9e":"1 minute"},"schema":{"@context":"https:\/\/schema.org","@graph":[{"@type":"WebPage","@id":"https:\/\/themeholt.com\/fr\/product\/societe-dusine-industrielle-inusti\/","url":"https:\/\/themeholt.com\/fr\/product\/societe-dusine-industrielle-inusti\/","name":"Entreprise d'usine industrielle Inusti | Th\u00e8mes WordPress premium","isPartOf":{"@id":"https:\/\/themeholt.com\/#website"},"primaryImageOfPage":{"@id":"https:\/\/themeholt.com\/fr\/product\/societe-dusine-industrielle-inusti\/#primaryimage"},"image":{"@id":"https:\/\/themeholt.com\/fr\/product\/societe-dusine-industrielle-inusti\/#primaryimage"},"thumbnailUrl":"https:\/\/themeholt.com\/wp-content\/uploads\/2023\/10\/356.png","datePublished":"2023-10-11T04:56:47+00:00","dateModified":"2024-10-14T08:26:09+00:00","description":"Transformez le site Web de votre usine industrielle avec les th\u00e8mes WordPress premium d'Inusti Industrial Factory Company. Faites facilement passer votre entreprise au niveau sup\u00e9rieur. Achetez maintenant !","breadcrumb":{"@id":"https:\/\/themeholt.com\/fr\/product\/societe-dusine-industrielle-inusti\/#breadcrumb"},"inLanguage":"fr-FR","potentialAction":[{"@type":"ReadAction","target":["https:\/\/themeholt.com\/fr\/product\/societe-dusine-industrielle-inusti\/"]}]},{"@type":"ImageObject","inLanguage":"fr-FR","@id":"https:\/\/themeholt.com\/fr\/product\/societe-dusine-industrielle-inusti\/#primaryimage","url":"https:\/\/themeholt.com\/wp-content\/uploads\/2023\/10\/356.png","contentUrl":"https:\/\/themeholt.com\/wp-content\/uploads\/2023\/10\/356.png","width":1365,"height":1202},{"@type":"BreadcrumbList","@id":"https:\/\/themeholt.com\/fr\/product\/societe-dusine-industrielle-inusti\/#breadcrumb","itemListElement":[{"@type":"ListItem","position":1,"name":"Home","item":"https:\/\/themeholt.com\/fr\/"},{"@type":"ListItem","position":2,"name":"Shop","item":"https:\/\/themeholt.com\/shop\/"},{"@type":"ListItem","position":3,"name":"Soci\u00e9t\u00e9 d&rsquo;usine industrielle Inusti"}]},{"@type":"WebSite","@id":"https:\/\/themeholt.com\/#website","url":"https:\/\/themeholt.com\/","name":"ThemeHolt","description":"Themeholt is a website that offers high-quality WordPress themes","publisher":{"@id":"https:\/\/themeholt.com\/#organization"},"potentialAction":[{"@type":"SearchAction","target":{"@type":"EntryPoint","urlTemplate":"https:\/\/themeholt.com\/?s={search_term_string}"},"query-input":{"@type":"PropertyValueSpecification","valueRequired":true,"valueName":"search_term_string"}}],"inLanguage":"fr-FR"},{"@type":"Organization","@id":"https:\/\/themeholt.com\/#organization","name":"ThemeHolt","alternateName":"ThemeHolt","url":"https:\/\/themeholt.com\/","logo":{"@type":"ImageObject","inLanguage":"fr-FR","@id":"https:\/\/themeholt.com\/#\/schema\/logo\/image\/","url":"https:\/\/themeholt.com\/wp-content\/uploads\/2024\/10\/themeholt.png","contentUrl":"https:\/\/themeholt.com\/wp-content\/uploads\/2024\/10\/themeholt.png","width":225,"height":225,"caption":"ThemeHolt"},"image":{"@id":"https:\/\/themeholt.com\/#\/schema\/logo\/image\/"},"sameAs":["https:\/\/www.facebook.com\/themeholtT","https:\/\/x.com\/ThemeholtT","https:\/\/www.linkedin.com\/company\/themeholt","https:\/\/www.instagram.com\/themeholtt\/"],"description":"Themeholt is a website that offers high-quality WordPress themes that are easy to use and ready for just about everything. In Eindhoven, Netherlands, since 2020 offering simple, accessible WordPress themes by providing a variety of requirements. Themeholt focuses on practicality and efficiency, allowing faster project completion with its superior marketplace and easy-to-use templates.","legalName":"ThemeHolt","foundingDate":"2022-11-10","numberOfEmployees":{"@type":"QuantitativeValue","minValue":"51","maxValue":"200"}}]}},"_links":{"self":[{"href":"https:\/\/themeholt.com\/fr\/wp-json\/wp\/v2\/product\/12477","targetHints":{"allow":["GET"]}}],"collection":[{"href":"https:\/\/themeholt.com\/fr\/wp-json\/wp\/v2\/product"}],"about":[{"href":"https:\/\/themeholt.com\/fr\/wp-json\/wp\/v2\/types\/product"}],"wp:featuredmedia":[{"embeddable":true,"href":"https:\/\/themeholt.com\/fr\/wp-json\/wp\/v2\/media\/12478"}],"wp:attachment":[{"href":"https:\/\/themeholt.com\/fr\/wp-json\/wp\/v2\/media?parent=12477"}],"wp:term":[{"taxonomy":"product_brand","embeddable":true,"href":"https:\/\/themeholt.com\/fr\/wp-json\/wp\/v2\/product_brand?post=12477"},{"taxonomy":"product_cat","embeddable":true,"href":"https:\/\/themeholt.com\/fr\/wp-json\/wp\/v2\/product_cat?post=12477"},{"taxonomy":"product_tag","embeddable":true,"href":"https:\/\/themeholt.com\/fr\/wp-json\/wp\/v2\/product_tag?post=12477"}],"curies":[{"name":"wp","href":"https:\/\/api.w.org\/{rel}","templated":true}]}}