{"id":12529,"date":"2023-10-11T08:13:18","date_gmt":"2023-10-11T08:13:18","guid":{"rendered":"https:\/\/themeholt.com\/product\/gocorps-corporate-business-service\/"},"modified":"2024-10-14T10:15:33","modified_gmt":"2024-10-14T10:15:33","slug":"service-aux-entreprises-gocorps","status":"publish","type":"product","link":"https:\/\/themeholt.com\/fr\/product\/service-aux-entreprises-gocorps\/","title":{"rendered":"Service aux entreprises Gocorps"},"content":{"rendered":"<p>GoCorps WordPress Corporate Business Service est la solution ultime pour les organisations qui cherchent \u00e0 am\u00e9liorer leur pr\u00e9sence sur le Web et \u00e0 optimiser leurs processus commerciaux. Con\u00e7u pour le paysage d&rsquo;entreprise moderne, ce service est une plate-forme compl\u00e8te, conviviale et polyvalente qui permet aux entreprises d&rsquo;atteindre l&rsquo;excellence.<\/p>\n<p>Au c\u0153ur de GoCorps se trouve son engagement envers des op\u00e9rations transparentes. Il offre une gamme de fonctionnalit\u00e9s con\u00e7ues pour rationaliser divers aspects de la gestion d&rsquo;entreprise, du suivi financier et de la gestion des ressources humaines \u00e0 la coordination des projets et des t\u00e2ches. L&rsquo;interface conviviale garantit que les entreprises peuvent g\u00e9rer efficacement leurs op\u00e9rations quotidiennes tout en r\u00e9duisant les complexit\u00e9s.<\/p>\n","protected":false},"excerpt":{"rendered":"<ul>\n<li>Design \u00e9pur\u00e9<\/li>\n<li>Apparence professionnelle<\/li>\n<li>Mise en page adaptative<\/li>\n<li>Optimis\u00e9 pour le r\u00e9f\u00e9rencement<\/li>\n<li>Th\u00e8me enti\u00e8rement personnalisable<\/li>\n<li>G\u00e9n\u00e9rateur de pages Elementor<\/li>\n<li>Pr\u00eat pour WooCommerce<\/li>\n<li>S\u00e9curit\u00e9 et conformit\u00e9<\/li>\n<\/ul>\n","protected":false},"featured_media":12530,"template":"","meta":{"_acf_changed":false,"inline_featured_image":false},"product_brand":[],"product_cat":[852],"product_tag":[853,863,864,865],"class_list":{"0":"post-12529","1":"product","2":"type-product","3":"status-publish","4":"has-post-thumbnail","6":"product_cat-corporate-business-fr","7":"product_tag-affordable-corporate-business-fr","8":"product_tag-corporate-business-service-fr","9":"product_tag-corporate-design-fr","10":"product_tag-professional-theme-fr","12":"first","13":"instock","14":"sale","15":"downloadable","16":"taxable","17":"shipping-taxable","18":"purchasable","19":"product-type-simple"},"acf":[],"yoast_head":"<!-- This site is optimized with the Yoast SEO Premium plugin v22.1 (Yoast SEO v26.0) - https:\/\/yoast.com\/wordpress\/plugins\/seo\/ -->\n<title>GoCorps Corporate Business Service | Corporate Style | Themeholt<\/title>\n<meta name=\"description\" content=\"Transform your business image with gocorps corporate business service .Take your brand to new heights with corporate style themes from Themeholt. Shop now!\" \/>\n<meta name=\"robots\" content=\"index, follow, max-snippet:-1, max-image-preview:large, max-video-preview:-1\" \/>\n<link rel=\"canonical\" href=\"https:\/\/themeholt.com\/fr\/product\/service-aux-entreprises-gocorps\/\" \/>\n<meta property=\"og:locale\" content=\"fr_FR\" \/>\n<meta property=\"og:type\" content=\"article\" \/>\n<meta property=\"og:title\" content=\"Service aux entreprises Gocorps\" \/>\n<meta property=\"og:description\" content=\"Transform your business image with gocorps corporate business service .Take your brand to new heights with corporate style themes from Themeholt. Shop now!\" \/>\n<meta property=\"og:url\" content=\"https:\/\/themeholt.com\/fr\/product\/service-aux-entreprises-gocorps\/\" \/>\n<meta property=\"og:site_name\" content=\"ThemeHolt\" \/>\n<meta property=\"article:publisher\" content=\"https:\/\/www.facebook.com\/themeholtT\" \/>\n<meta property=\"article:modified_time\" content=\"2024-10-14T10:15:33+00:00\" \/>\n<meta property=\"og:image\" content=\"https:\/\/themeholt.com\/wp-content\/uploads\/2023\/10\/51-1.png\" \/>\n\t<meta property=\"og:image:width\" content=\"1365\" \/>\n\t<meta property=\"og:image:height\" content=\"1092\" \/>\n\t<meta property=\"og:image:type\" content=\"image\/png\" \/>\n<meta name=\"twitter:card\" content=\"summary_large_image\" \/>\n<meta name=\"twitter:site\" content=\"@ThemeholtT\" \/>\n<meta name=\"twitter:label1\" content=\"Dur\u00e9e de lecture estim\u00e9e\" \/>\n\t<meta name=\"twitter:data1\" content=\"1 minute\" \/>\n<script type=\"application\/ld+json\" class=\"yoast-schema-graph\">{\"@context\":\"https:\/\/schema.org\",\"@graph\":[{\"@type\":\"WebPage\",\"@id\":\"https:\/\/themeholt.com\/fr\/product\/service-aux-entreprises-gocorps\/\",\"url\":\"https:\/\/themeholt.com\/fr\/product\/service-aux-entreprises-gocorps\/\",\"name\":\"GoCorps Corporate Business Service | Corporate Style | Themeholt\",\"isPartOf\":{\"@id\":\"https:\/\/themeholt.com\/#website\"},\"primaryImageOfPage\":{\"@id\":\"https:\/\/themeholt.com\/fr\/product\/service-aux-entreprises-gocorps\/#primaryimage\"},\"image\":{\"@id\":\"https:\/\/themeholt.com\/fr\/product\/service-aux-entreprises-gocorps\/#primaryimage\"},\"thumbnailUrl\":\"https:\/\/themeholt.com\/wp-content\/uploads\/2023\/10\/51-1.png\",\"datePublished\":\"2023-10-11T08:13:18+00:00\",\"dateModified\":\"2024-10-14T10:15:33+00:00\",\"description\":\"Transform your business image with gocorps corporate business service .Take your brand to new heights with corporate style themes from Themeholt. Shop now!\",\"breadcrumb\":{\"@id\":\"https:\/\/themeholt.com\/fr\/product\/service-aux-entreprises-gocorps\/#breadcrumb\"},\"inLanguage\":\"fr-FR\",\"potentialAction\":[{\"@type\":\"ReadAction\",\"target\":[\"https:\/\/themeholt.com\/fr\/product\/service-aux-entreprises-gocorps\/\"]}]},{\"@type\":\"ImageObject\",\"inLanguage\":\"fr-FR\",\"@id\":\"https:\/\/themeholt.com\/fr\/product\/service-aux-entreprises-gocorps\/#primaryimage\",\"url\":\"https:\/\/themeholt.com\/wp-content\/uploads\/2023\/10\/51-1.png\",\"contentUrl\":\"https:\/\/themeholt.com\/wp-content\/uploads\/2023\/10\/51-1.png\",\"width\":1365,\"height\":1092},{\"@type\":\"BreadcrumbList\",\"@id\":\"https:\/\/themeholt.com\/fr\/product\/service-aux-entreprises-gocorps\/#breadcrumb\",\"itemListElement\":[{\"@type\":\"ListItem\",\"position\":1,\"name\":\"Home\",\"item\":\"https:\/\/themeholt.com\/fr\/\"},{\"@type\":\"ListItem\",\"position\":2,\"name\":\"Shop\",\"item\":\"https:\/\/themeholt.com\/shop\/\"},{\"@type\":\"ListItem\",\"position\":3,\"name\":\"Service aux entreprises Gocorps\"}]},{\"@type\":\"WebSite\",\"@id\":\"https:\/\/themeholt.com\/#website\",\"url\":\"https:\/\/themeholt.com\/\",\"name\":\"ThemeHolt\",\"description\":\"Themeholt is a website that offers high-quality WordPress themes\",\"publisher\":{\"@id\":\"https:\/\/themeholt.com\/#organization\"},\"potentialAction\":[{\"@type\":\"SearchAction\",\"target\":{\"@type\":\"EntryPoint\",\"urlTemplate\":\"https:\/\/themeholt.com\/?s={search_term_string}\"},\"query-input\":{\"@type\":\"PropertyValueSpecification\",\"valueRequired\":true,\"valueName\":\"search_term_string\"}}],\"inLanguage\":\"fr-FR\"},{\"@type\":\"Organization\",\"@id\":\"https:\/\/themeholt.com\/#organization\",\"name\":\"ThemeHolt\",\"alternateName\":\"ThemeHolt\",\"url\":\"https:\/\/themeholt.com\/\",\"logo\":{\"@type\":\"ImageObject\",\"inLanguage\":\"fr-FR\",\"@id\":\"https:\/\/themeholt.com\/#\/schema\/logo\/image\/\",\"url\":\"https:\/\/themeholt.com\/wp-content\/uploads\/2024\/10\/themeholt.png\",\"contentUrl\":\"https:\/\/themeholt.com\/wp-content\/uploads\/2024\/10\/themeholt.png\",\"width\":225,\"height\":225,\"caption\":\"ThemeHolt\"},\"image\":{\"@id\":\"https:\/\/themeholt.com\/#\/schema\/logo\/image\/\"},\"sameAs\":[\"https:\/\/www.facebook.com\/themeholtT\",\"https:\/\/x.com\/ThemeholtT\",\"https:\/\/www.linkedin.com\/company\/themeholt\",\"https:\/\/www.instagram.com\/themeholtt\/\"],\"description\":\"Themeholt is a website that offers high-quality WordPress themes that are easy to use and ready for just about everything. In Eindhoven, Netherlands, since 2020 offering simple, accessible WordPress themes by providing a variety of requirements. Themeholt focuses on practicality and efficiency, allowing faster project completion with its superior marketplace and easy-to-use templates.\",\"legalName\":\"ThemeHolt\",\"foundingDate\":\"2022-11-10\",\"numberOfEmployees\":{\"@type\":\"QuantitativeValue\",\"minValue\":\"51\",\"maxValue\":\"200\"}}]}<\/script>\n<!-- \/ Yoast SEO Premium plugin. -->","yoast_head_json":{"title":"GoCorps Corporate Business Service | Corporate Style | Themeholt","description":"Transform your business image with gocorps corporate business service .Take your brand to new heights with corporate style themes from Themeholt. Shop now!","robots":{"index":"index","follow":"follow","max-snippet":"max-snippet:-1","max-image-preview":"max-image-preview:large","max-video-preview":"max-video-preview:-1"},"canonical":"https:\/\/themeholt.com\/fr\/product\/service-aux-entreprises-gocorps\/","og_locale":"fr_FR","og_type":"article","og_title":"Service aux entreprises Gocorps","og_description":"Transform your business image with gocorps corporate business service .Take your brand to new heights with corporate style themes from Themeholt. Shop now!","og_url":"https:\/\/themeholt.com\/fr\/product\/service-aux-entreprises-gocorps\/","og_site_name":"ThemeHolt","article_publisher":"https:\/\/www.facebook.com\/themeholtT","article_modified_time":"2024-10-14T10:15:33+00:00","og_image":[{"width":1365,"height":1092,"url":"https:\/\/themeholt.com\/wp-content\/uploads\/2023\/10\/51-1.png","type":"image\/png"}],"twitter_card":"summary_large_image","twitter_site":"@ThemeholtT","twitter_misc":{"Dur\u00e9e de lecture estim\u00e9e":"1 minute"},"schema":{"@context":"https:\/\/schema.org","@graph":[{"@type":"WebPage","@id":"https:\/\/themeholt.com\/fr\/product\/service-aux-entreprises-gocorps\/","url":"https:\/\/themeholt.com\/fr\/product\/service-aux-entreprises-gocorps\/","name":"GoCorps Corporate Business Service | Corporate Style | Themeholt","isPartOf":{"@id":"https:\/\/themeholt.com\/#website"},"primaryImageOfPage":{"@id":"https:\/\/themeholt.com\/fr\/product\/service-aux-entreprises-gocorps\/#primaryimage"},"image":{"@id":"https:\/\/themeholt.com\/fr\/product\/service-aux-entreprises-gocorps\/#primaryimage"},"thumbnailUrl":"https:\/\/themeholt.com\/wp-content\/uploads\/2023\/10\/51-1.png","datePublished":"2023-10-11T08:13:18+00:00","dateModified":"2024-10-14T10:15:33+00:00","description":"Transform your business image with gocorps corporate business service .Take your brand to new heights with corporate style themes from Themeholt. Shop now!","breadcrumb":{"@id":"https:\/\/themeholt.com\/fr\/product\/service-aux-entreprises-gocorps\/#breadcrumb"},"inLanguage":"fr-FR","potentialAction":[{"@type":"ReadAction","target":["https:\/\/themeholt.com\/fr\/product\/service-aux-entreprises-gocorps\/"]}]},{"@type":"ImageObject","inLanguage":"fr-FR","@id":"https:\/\/themeholt.com\/fr\/product\/service-aux-entreprises-gocorps\/#primaryimage","url":"https:\/\/themeholt.com\/wp-content\/uploads\/2023\/10\/51-1.png","contentUrl":"https:\/\/themeholt.com\/wp-content\/uploads\/2023\/10\/51-1.png","width":1365,"height":1092},{"@type":"BreadcrumbList","@id":"https:\/\/themeholt.com\/fr\/product\/service-aux-entreprises-gocorps\/#breadcrumb","itemListElement":[{"@type":"ListItem","position":1,"name":"Home","item":"https:\/\/themeholt.com\/fr\/"},{"@type":"ListItem","position":2,"name":"Shop","item":"https:\/\/themeholt.com\/shop\/"},{"@type":"ListItem","position":3,"name":"Service aux entreprises Gocorps"}]},{"@type":"WebSite","@id":"https:\/\/themeholt.com\/#website","url":"https:\/\/themeholt.com\/","name":"ThemeHolt","description":"Themeholt is a website that offers high-quality WordPress themes","publisher":{"@id":"https:\/\/themeholt.com\/#organization"},"potentialAction":[{"@type":"SearchAction","target":{"@type":"EntryPoint","urlTemplate":"https:\/\/themeholt.com\/?s={search_term_string}"},"query-input":{"@type":"PropertyValueSpecification","valueRequired":true,"valueName":"search_term_string"}}],"inLanguage":"fr-FR"},{"@type":"Organization","@id":"https:\/\/themeholt.com\/#organization","name":"ThemeHolt","alternateName":"ThemeHolt","url":"https:\/\/themeholt.com\/","logo":{"@type":"ImageObject","inLanguage":"fr-FR","@id":"https:\/\/themeholt.com\/#\/schema\/logo\/image\/","url":"https:\/\/themeholt.com\/wp-content\/uploads\/2024\/10\/themeholt.png","contentUrl":"https:\/\/themeholt.com\/wp-content\/uploads\/2024\/10\/themeholt.png","width":225,"height":225,"caption":"ThemeHolt"},"image":{"@id":"https:\/\/themeholt.com\/#\/schema\/logo\/image\/"},"sameAs":["https:\/\/www.facebook.com\/themeholtT","https:\/\/x.com\/ThemeholtT","https:\/\/www.linkedin.com\/company\/themeholt","https:\/\/www.instagram.com\/themeholtt\/"],"description":"Themeholt is a website that offers high-quality WordPress themes that are easy to use and ready for just about everything. In Eindhoven, Netherlands, since 2020 offering simple, accessible WordPress themes by providing a variety of requirements. Themeholt focuses on practicality and efficiency, allowing faster project completion with its superior marketplace and easy-to-use templates.","legalName":"ThemeHolt","foundingDate":"2022-11-10","numberOfEmployees":{"@type":"QuantitativeValue","minValue":"51","maxValue":"200"}}]}},"_links":{"self":[{"href":"https:\/\/themeholt.com\/fr\/wp-json\/wp\/v2\/product\/12529","targetHints":{"allow":["GET"]}}],"collection":[{"href":"https:\/\/themeholt.com\/fr\/wp-json\/wp\/v2\/product"}],"about":[{"href":"https:\/\/themeholt.com\/fr\/wp-json\/wp\/v2\/types\/product"}],"wp:featuredmedia":[{"embeddable":true,"href":"https:\/\/themeholt.com\/fr\/wp-json\/wp\/v2\/media\/12530"}],"wp:attachment":[{"href":"https:\/\/themeholt.com\/fr\/wp-json\/wp\/v2\/media?parent=12529"}],"wp:term":[{"taxonomy":"product_brand","embeddable":true,"href":"https:\/\/themeholt.com\/fr\/wp-json\/wp\/v2\/product_brand?post=12529"},{"taxonomy":"product_cat","embeddable":true,"href":"https:\/\/themeholt.com\/fr\/wp-json\/wp\/v2\/product_cat?post=12529"},{"taxonomy":"product_tag","embeddable":true,"href":"https:\/\/themeholt.com\/fr\/wp-json\/wp\/v2\/product_tag?post=12529"}],"curies":[{"name":"wp","href":"https:\/\/api.w.org\/{rel}","templated":true}]}}