{"id":12552,"date":"2024-02-28T12:10:13","date_gmt":"2024-02-28T12:10:13","guid":{"rendered":"https:\/\/themeholt.com\/product\/free-elementor-plan\/"},"modified":"2024-10-14T10:17:40","modified_gmt":"2024-10-14T10:17:40","slug":"forfait-elementor-gratuit","status":"publish","type":"product","link":"https:\/\/themeholt.com\/fr\/product\/forfait-elementor-gratuit\/","title":{"rendered":"Forfait Elementor gratuit"},"content":{"rendered":"<p><span style=\"font-weight: 400\">Le plan gratuit Elementor vous permet de cr\u00e9er un magnifique site Web sans vous ruiner. M\u00eame si vous n&rsquo;\u00eates pas un expert technique, cet outil simplifie la conception et la modification de la mise en page de votre site Web. <\/span><span style=\"font-weight: 400\">Il est parfait pour tous ceux qui souhaitent cr\u00e9er des sites Web sans avoir recours \u00e0 un abonnement payant.<\/span><span style=\"font-weight: 400\">Dites adieu aux th\u00e8mes standards et bonjour \u00e0 un site Web qui refl\u00e8te votre entreprise. Mieux encore, cela ne vous co\u00fbtera rien\u00a0! D\u00e9couvrez le potentiel de la cr\u00e9ation de sites Web avec le plan gratuit Elementor et constatez l&rsquo;augmentation de votre pr\u00e9sence en ligne.<\/span><\/p>\n","protected":false},"excerpt":{"rendered":"<ul>\n<li>Plateforme de cr\u00e9ation de sites Web<\/li>\n<li>30 widgets professionnels<\/li>\n<li>Cr\u00e9ateur de th\u00e8mes personnalisable<\/li>\n<li>Int\u00e9gration de contenu interactif<\/li>\n<\/ul>\n","protected":false},"featured_media":12554,"template":"","meta":{"_acf_changed":false,"inline_featured_image":false},"product_brand":[],"product_cat":[866],"product_tag":[],"class_list":{"0":"post-12552","1":"product","2":"type-product","3":"status-publish","4":"has-post-thumbnail","6":"product_cat-elementor-pro-fr","8":"first","9":"instock","10":"downloadable","11":"virtual","12":"taxable","13":"purchasable","14":"product-type-simple"},"acf":[],"yoast_head":"<!-- This site is optimized with the Yoast SEO Premium plugin v22.1 (Yoast SEO v26.0) - https:\/\/yoast.com\/wordpress\/plugins\/seo\/ -->\n<title>G\u00e9n\u00e9rateur de pages Elementor gratuit | Themeholt<\/title>\n<meta name=\"description\" content=\"Cr\u00e9ez facilement des sites Web professionnels avec le g\u00e9n\u00e9rateur de pages gratuit Elementor. Fonctionnalit\u00e9s de glisser-d\u00e9poser pour une conception simple, aucun codage n\u00e9cessaire. Achetez maintenant !\" \/>\n<meta name=\"robots\" content=\"index, follow, max-snippet:-1, max-image-preview:large, max-video-preview:-1\" \/>\n<link rel=\"canonical\" href=\"https:\/\/themeholt.com\/fr\/product\/forfait-elementor-gratuit\/\" \/>\n<meta property=\"og:locale\" content=\"fr_FR\" \/>\n<meta property=\"og:type\" content=\"article\" \/>\n<meta property=\"og:title\" content=\"Forfait Elementor gratuit\" \/>\n<meta property=\"og:description\" content=\"Cr\u00e9ez facilement des sites Web professionnels avec le g\u00e9n\u00e9rateur de pages gratuit Elementor. Fonctionnalit\u00e9s de glisser-d\u00e9poser pour une conception simple, aucun codage n\u00e9cessaire. Achetez maintenant !\" \/>\n<meta property=\"og:url\" content=\"https:\/\/themeholt.com\/fr\/product\/forfait-elementor-gratuit\/\" \/>\n<meta property=\"og:site_name\" content=\"ThemeHolt\" \/>\n<meta property=\"article:publisher\" content=\"https:\/\/www.facebook.com\/themeholtT\" \/>\n<meta property=\"article:modified_time\" content=\"2024-10-14T10:17:40+00:00\" \/>\n<meta property=\"og:image\" content=\"https:\/\/themeholt.com\/wp-content\/uploads\/2024\/02\/Elementor-Review.jpg\" \/>\n\t<meta property=\"og:image:width\" content=\"1280\" \/>\n\t<meta property=\"og:image:height\" content=\"720\" \/>\n\t<meta property=\"og:image:type\" content=\"image\/jpeg\" \/>\n<meta name=\"twitter:card\" content=\"summary_large_image\" \/>\n<meta name=\"twitter:site\" content=\"@ThemeholtT\" \/>\n<meta name=\"twitter:label1\" content=\"Dur\u00e9e de lecture estim\u00e9e\" \/>\n\t<meta name=\"twitter:data1\" content=\"1 minute\" \/>\n<script type=\"application\/ld+json\" class=\"yoast-schema-graph\">{\"@context\":\"https:\/\/schema.org\",\"@graph\":[{\"@type\":\"WebPage\",\"@id\":\"https:\/\/themeholt.com\/fr\/product\/forfait-elementor-gratuit\/\",\"url\":\"https:\/\/themeholt.com\/fr\/product\/forfait-elementor-gratuit\/\",\"name\":\"G\u00e9n\u00e9rateur de pages Elementor gratuit | Themeholt\",\"isPartOf\":{\"@id\":\"https:\/\/themeholt.com\/#website\"},\"primaryImageOfPage\":{\"@id\":\"https:\/\/themeholt.com\/fr\/product\/forfait-elementor-gratuit\/#primaryimage\"},\"image\":{\"@id\":\"https:\/\/themeholt.com\/fr\/product\/forfait-elementor-gratuit\/#primaryimage\"},\"thumbnailUrl\":\"https:\/\/themeholt.com\/wp-content\/uploads\/2024\/02\/Elementor-Review.jpg\",\"datePublished\":\"2024-02-28T12:10:13+00:00\",\"dateModified\":\"2024-10-14T10:17:40+00:00\",\"description\":\"Cr\u00e9ez facilement des sites Web professionnels avec le g\u00e9n\u00e9rateur de pages gratuit Elementor. Fonctionnalit\u00e9s de glisser-d\u00e9poser pour une conception simple, aucun codage n\u00e9cessaire. Achetez maintenant !\",\"breadcrumb\":{\"@id\":\"https:\/\/themeholt.com\/fr\/product\/forfait-elementor-gratuit\/#breadcrumb\"},\"inLanguage\":\"fr-FR\",\"potentialAction\":[{\"@type\":\"ReadAction\",\"target\":[\"https:\/\/themeholt.com\/fr\/product\/forfait-elementor-gratuit\/\"]}]},{\"@type\":\"ImageObject\",\"inLanguage\":\"fr-FR\",\"@id\":\"https:\/\/themeholt.com\/fr\/product\/forfait-elementor-gratuit\/#primaryimage\",\"url\":\"https:\/\/themeholt.com\/wp-content\/uploads\/2024\/02\/Elementor-Review.jpg\",\"contentUrl\":\"https:\/\/themeholt.com\/wp-content\/uploads\/2024\/02\/Elementor-Review.jpg\",\"width\":1280,\"height\":720},{\"@type\":\"BreadcrumbList\",\"@id\":\"https:\/\/themeholt.com\/fr\/product\/forfait-elementor-gratuit\/#breadcrumb\",\"itemListElement\":[{\"@type\":\"ListItem\",\"position\":1,\"name\":\"Home\",\"item\":\"https:\/\/themeholt.com\/fr\/\"},{\"@type\":\"ListItem\",\"position\":2,\"name\":\"Shop\",\"item\":\"https:\/\/themeholt.com\/shop\/\"},{\"@type\":\"ListItem\",\"position\":3,\"name\":\"Forfait Elementor gratuit\"}]},{\"@type\":\"WebSite\",\"@id\":\"https:\/\/themeholt.com\/#website\",\"url\":\"https:\/\/themeholt.com\/\",\"name\":\"ThemeHolt\",\"description\":\"Themeholt is a website that offers high-quality WordPress themes\",\"publisher\":{\"@id\":\"https:\/\/themeholt.com\/#organization\"},\"potentialAction\":[{\"@type\":\"SearchAction\",\"target\":{\"@type\":\"EntryPoint\",\"urlTemplate\":\"https:\/\/themeholt.com\/?s={search_term_string}\"},\"query-input\":{\"@type\":\"PropertyValueSpecification\",\"valueRequired\":true,\"valueName\":\"search_term_string\"}}],\"inLanguage\":\"fr-FR\"},{\"@type\":\"Organization\",\"@id\":\"https:\/\/themeholt.com\/#organization\",\"name\":\"ThemeHolt\",\"alternateName\":\"ThemeHolt\",\"url\":\"https:\/\/themeholt.com\/\",\"logo\":{\"@type\":\"ImageObject\",\"inLanguage\":\"fr-FR\",\"@id\":\"https:\/\/themeholt.com\/#\/schema\/logo\/image\/\",\"url\":\"https:\/\/themeholt.com\/wp-content\/uploads\/2024\/10\/themeholt.png\",\"contentUrl\":\"https:\/\/themeholt.com\/wp-content\/uploads\/2024\/10\/themeholt.png\",\"width\":225,\"height\":225,\"caption\":\"ThemeHolt\"},\"image\":{\"@id\":\"https:\/\/themeholt.com\/#\/schema\/logo\/image\/\"},\"sameAs\":[\"https:\/\/www.facebook.com\/themeholtT\",\"https:\/\/x.com\/ThemeholtT\",\"https:\/\/www.linkedin.com\/company\/themeholt\",\"https:\/\/www.instagram.com\/themeholtt\/\"],\"description\":\"Themeholt is a website that offers high-quality WordPress themes that are easy to use and ready for just about everything. In Eindhoven, Netherlands, since 2020 offering simple, accessible WordPress themes by providing a variety of requirements. Themeholt focuses on practicality and efficiency, allowing faster project completion with its superior marketplace and easy-to-use templates.\",\"legalName\":\"ThemeHolt\",\"foundingDate\":\"2022-11-10\",\"numberOfEmployees\":{\"@type\":\"QuantitativeValue\",\"minValue\":\"51\",\"maxValue\":\"200\"}}]}<\/script>\n<!-- \/ Yoast SEO Premium plugin. -->","yoast_head_json":{"title":"G\u00e9n\u00e9rateur de pages Elementor gratuit | Themeholt","description":"Cr\u00e9ez facilement des sites Web professionnels avec le g\u00e9n\u00e9rateur de pages gratuit Elementor. Fonctionnalit\u00e9s de glisser-d\u00e9poser pour une conception simple, aucun codage n\u00e9cessaire. Achetez maintenant !","robots":{"index":"index","follow":"follow","max-snippet":"max-snippet:-1","max-image-preview":"max-image-preview:large","max-video-preview":"max-video-preview:-1"},"canonical":"https:\/\/themeholt.com\/fr\/product\/forfait-elementor-gratuit\/","og_locale":"fr_FR","og_type":"article","og_title":"Forfait Elementor gratuit","og_description":"Cr\u00e9ez facilement des sites Web professionnels avec le g\u00e9n\u00e9rateur de pages gratuit Elementor. Fonctionnalit\u00e9s de glisser-d\u00e9poser pour une conception simple, aucun codage n\u00e9cessaire. Achetez maintenant !","og_url":"https:\/\/themeholt.com\/fr\/product\/forfait-elementor-gratuit\/","og_site_name":"ThemeHolt","article_publisher":"https:\/\/www.facebook.com\/themeholtT","article_modified_time":"2024-10-14T10:17:40+00:00","og_image":[{"width":1280,"height":720,"url":"https:\/\/themeholt.com\/wp-content\/uploads\/2024\/02\/Elementor-Review.jpg","type":"image\/jpeg"}],"twitter_card":"summary_large_image","twitter_site":"@ThemeholtT","twitter_misc":{"Dur\u00e9e de lecture estim\u00e9e":"1 minute"},"schema":{"@context":"https:\/\/schema.org","@graph":[{"@type":"WebPage","@id":"https:\/\/themeholt.com\/fr\/product\/forfait-elementor-gratuit\/","url":"https:\/\/themeholt.com\/fr\/product\/forfait-elementor-gratuit\/","name":"G\u00e9n\u00e9rateur de pages Elementor gratuit | Themeholt","isPartOf":{"@id":"https:\/\/themeholt.com\/#website"},"primaryImageOfPage":{"@id":"https:\/\/themeholt.com\/fr\/product\/forfait-elementor-gratuit\/#primaryimage"},"image":{"@id":"https:\/\/themeholt.com\/fr\/product\/forfait-elementor-gratuit\/#primaryimage"},"thumbnailUrl":"https:\/\/themeholt.com\/wp-content\/uploads\/2024\/02\/Elementor-Review.jpg","datePublished":"2024-02-28T12:10:13+00:00","dateModified":"2024-10-14T10:17:40+00:00","description":"Cr\u00e9ez facilement des sites Web professionnels avec le g\u00e9n\u00e9rateur de pages gratuit Elementor. Fonctionnalit\u00e9s de glisser-d\u00e9poser pour une conception simple, aucun codage n\u00e9cessaire. Achetez maintenant !","breadcrumb":{"@id":"https:\/\/themeholt.com\/fr\/product\/forfait-elementor-gratuit\/#breadcrumb"},"inLanguage":"fr-FR","potentialAction":[{"@type":"ReadAction","target":["https:\/\/themeholt.com\/fr\/product\/forfait-elementor-gratuit\/"]}]},{"@type":"ImageObject","inLanguage":"fr-FR","@id":"https:\/\/themeholt.com\/fr\/product\/forfait-elementor-gratuit\/#primaryimage","url":"https:\/\/themeholt.com\/wp-content\/uploads\/2024\/02\/Elementor-Review.jpg","contentUrl":"https:\/\/themeholt.com\/wp-content\/uploads\/2024\/02\/Elementor-Review.jpg","width":1280,"height":720},{"@type":"BreadcrumbList","@id":"https:\/\/themeholt.com\/fr\/product\/forfait-elementor-gratuit\/#breadcrumb","itemListElement":[{"@type":"ListItem","position":1,"name":"Home","item":"https:\/\/themeholt.com\/fr\/"},{"@type":"ListItem","position":2,"name":"Shop","item":"https:\/\/themeholt.com\/shop\/"},{"@type":"ListItem","position":3,"name":"Forfait Elementor gratuit"}]},{"@type":"WebSite","@id":"https:\/\/themeholt.com\/#website","url":"https:\/\/themeholt.com\/","name":"ThemeHolt","description":"Themeholt is a website that offers high-quality WordPress themes","publisher":{"@id":"https:\/\/themeholt.com\/#organization"},"potentialAction":[{"@type":"SearchAction","target":{"@type":"EntryPoint","urlTemplate":"https:\/\/themeholt.com\/?s={search_term_string}"},"query-input":{"@type":"PropertyValueSpecification","valueRequired":true,"valueName":"search_term_string"}}],"inLanguage":"fr-FR"},{"@type":"Organization","@id":"https:\/\/themeholt.com\/#organization","name":"ThemeHolt","alternateName":"ThemeHolt","url":"https:\/\/themeholt.com\/","logo":{"@type":"ImageObject","inLanguage":"fr-FR","@id":"https:\/\/themeholt.com\/#\/schema\/logo\/image\/","url":"https:\/\/themeholt.com\/wp-content\/uploads\/2024\/10\/themeholt.png","contentUrl":"https:\/\/themeholt.com\/wp-content\/uploads\/2024\/10\/themeholt.png","width":225,"height":225,"caption":"ThemeHolt"},"image":{"@id":"https:\/\/themeholt.com\/#\/schema\/logo\/image\/"},"sameAs":["https:\/\/www.facebook.com\/themeholtT","https:\/\/x.com\/ThemeholtT","https:\/\/www.linkedin.com\/company\/themeholt","https:\/\/www.instagram.com\/themeholtt\/"],"description":"Themeholt is a website that offers high-quality WordPress themes that are easy to use and ready for just about everything. In Eindhoven, Netherlands, since 2020 offering simple, accessible WordPress themes by providing a variety of requirements. Themeholt focuses on practicality and efficiency, allowing faster project completion with its superior marketplace and easy-to-use templates.","legalName":"ThemeHolt","foundingDate":"2022-11-10","numberOfEmployees":{"@type":"QuantitativeValue","minValue":"51","maxValue":"200"}}]}},"_links":{"self":[{"href":"https:\/\/themeholt.com\/fr\/wp-json\/wp\/v2\/product\/12552","targetHints":{"allow":["GET"]}}],"collection":[{"href":"https:\/\/themeholt.com\/fr\/wp-json\/wp\/v2\/product"}],"about":[{"href":"https:\/\/themeholt.com\/fr\/wp-json\/wp\/v2\/types\/product"}],"wp:featuredmedia":[{"embeddable":true,"href":"https:\/\/themeholt.com\/fr\/wp-json\/wp\/v2\/media\/12554"}],"wp:attachment":[{"href":"https:\/\/themeholt.com\/fr\/wp-json\/wp\/v2\/media?parent=12552"}],"wp:term":[{"taxonomy":"product_brand","embeddable":true,"href":"https:\/\/themeholt.com\/fr\/wp-json\/wp\/v2\/product_brand?post=12552"},{"taxonomy":"product_cat","embeddable":true,"href":"https:\/\/themeholt.com\/fr\/wp-json\/wp\/v2\/product_cat?post=12552"},{"taxonomy":"product_tag","embeddable":true,"href":"https:\/\/themeholt.com\/fr\/wp-json\/wp\/v2\/product_tag?post=12552"}],"curies":[{"name":"wp","href":"https:\/\/api.w.org\/{rel}","templated":true}]}}