{"id":12566,"date":"2024-02-29T04:58:52","date_gmt":"2024-02-29T04:58:52","guid":{"rendered":"https:\/\/themeholt.com\/product\/elementor-pro-essential-plan\/"},"modified":"2024-10-14T10:13:11","modified_gmt":"2024-10-14T10:13:11","slug":"plan-essentiel-elementor-pro","status":"publish","type":"product","link":"https:\/\/themeholt.com\/fr\/product\/plan-essentiel-elementor-pro\/","title":{"rendered":"Plan Essentiel Elementor Pro"},"content":{"rendered":"<p><span style=\"font-weight: 400\">L&rsquo;Essential Plan Elementor, c&rsquo;est comme avoir des capacit\u00e9s extraordinaires pour votre site Web. Il vous aide \u00e0 concevoir et \u00e0 personnaliser facilement la mise en page de votre site Web sans avoir besoin de comp\u00e9tences techniques. Gr\u00e2ce \u00e0 ses fonctionnalit\u00e9s avanc\u00e9es, vous pouvez donner \u00e0 votre site un aspect super professionnel et totalement unique. Dites adieu aux mod\u00e8les ennuyeux, car cet outil aide votre site Web \u00e0 se d\u00e9marquer des autres. Que vous soyez d\u00e9butant ou professionnel, l&rsquo;Essential Plan Elementor simplifie la cr\u00e9ation de sites Web. Donc, si vous voulez que votre site Web brille et attire plus de visiteurs, c&rsquo;est l&rsquo;outil dont vous avez besoin.<\/span><\/p>\n","protected":false},"excerpt":{"rendered":"<ul>\n<li>Acc\u00e9dez jusqu&rsquo;\u00e0 1 site premium<\/li>\n<li>Support client exclusif<\/li>\n<li>50 widgets professionnels<\/li>\n<li>Cr\u00e9ateur de th\u00e8me personnalisable<\/li>\n<li>Int\u00e9gration de contenu interactif<\/li>\n<li>Concepteur de formulaire avanc\u00e9<\/li>\n<\/ul>\n","protected":false},"featured_media":12568,"template":"","meta":{"_acf_changed":false,"inline_featured_image":false},"product_brand":[],"product_cat":[1771],"product_tag":[],"class_list":{"0":"post-12566","1":"product","2":"type-product","3":"status-publish","4":"has-post-thumbnail","6":"product_cat-elementor-pro-es","8":"first","9":"instock","10":"sale","11":"downloadable","12":"virtual","13":"taxable","14":"purchasable","15":"product-type-simple"},"acf":[],"yoast_head":"<!-- This site is optimized with the Yoast SEO Premium plugin v22.1 (Yoast SEO v26.0) - https:\/\/yoast.com\/wordpress\/plugins\/seo\/ -->\n<title>G\u00e9n\u00e9rateur de pages essentiel Elementor Pro | Themeholt<\/title>\n<meta name=\"description\" content=\"Obtenez le plan Elementor Pro Essential pour la cr\u00e9ation de sites Web. Profitez de fonctionnalit\u00e9s avanc\u00e9es, d&#039;une personnalisation facile et de designs professionnels pour votre site WordPress.\" \/>\n<meta name=\"robots\" content=\"index, follow, max-snippet:-1, max-image-preview:large, max-video-preview:-1\" \/>\n<link rel=\"canonical\" href=\"https:\/\/themeholt.com\/fr\/product\/plan-essentiel-elementor-pro\/\" \/>\n<meta property=\"og:locale\" content=\"fr_FR\" \/>\n<meta property=\"og:type\" content=\"article\" \/>\n<meta property=\"og:title\" content=\"Plan Essentiel Elementor Pro\" \/>\n<meta property=\"og:description\" content=\"Obtenez le plan Elementor Pro Essential pour la cr\u00e9ation de sites Web. Profitez de fonctionnalit\u00e9s avanc\u00e9es, d&#039;une personnalisation facile et de designs professionnels pour votre site WordPress.\" \/>\n<meta property=\"og:url\" content=\"https:\/\/themeholt.com\/fr\/product\/plan-essentiel-elementor-pro\/\" \/>\n<meta property=\"og:site_name\" content=\"ThemeHolt\" \/>\n<meta property=\"article:publisher\" content=\"https:\/\/www.facebook.com\/themeholtT\" \/>\n<meta property=\"article:modified_time\" content=\"2024-10-14T10:13:11+00:00\" \/>\n<meta property=\"og:image\" content=\"https:\/\/themeholt.com\/wp-content\/uploads\/2024\/02\/elementor-pro-768x432-1.jpg\" \/>\n\t<meta property=\"og:image:width\" content=\"768\" \/>\n\t<meta property=\"og:image:height\" content=\"432\" \/>\n\t<meta property=\"og:image:type\" content=\"image\/jpeg\" \/>\n<meta name=\"twitter:card\" content=\"summary_large_image\" \/>\n<meta name=\"twitter:site\" content=\"@ThemeholtT\" \/>\n<meta name=\"twitter:label1\" content=\"Dur\u00e9e de lecture estim\u00e9e\" \/>\n\t<meta name=\"twitter:data1\" content=\"1 minute\" \/>\n<script type=\"application\/ld+json\" class=\"yoast-schema-graph\">{\"@context\":\"https:\/\/schema.org\",\"@graph\":[{\"@type\":\"WebPage\",\"@id\":\"https:\/\/themeholt.com\/fr\/product\/plan-essentiel-elementor-pro\/\",\"url\":\"https:\/\/themeholt.com\/fr\/product\/plan-essentiel-elementor-pro\/\",\"name\":\"G\u00e9n\u00e9rateur de pages essentiel Elementor Pro | Themeholt\",\"isPartOf\":{\"@id\":\"https:\/\/themeholt.com\/#website\"},\"primaryImageOfPage\":{\"@id\":\"https:\/\/themeholt.com\/fr\/product\/plan-essentiel-elementor-pro\/#primaryimage\"},\"image\":{\"@id\":\"https:\/\/themeholt.com\/fr\/product\/plan-essentiel-elementor-pro\/#primaryimage\"},\"thumbnailUrl\":\"https:\/\/themeholt.com\/wp-content\/uploads\/2024\/02\/elementor-pro-768x432-1.jpg\",\"datePublished\":\"2024-02-29T04:58:52+00:00\",\"dateModified\":\"2024-10-14T10:13:11+00:00\",\"description\":\"Obtenez le plan Elementor Pro Essential pour la cr\u00e9ation de sites Web. Profitez de fonctionnalit\u00e9s avanc\u00e9es, d'une personnalisation facile et de designs professionnels pour votre site WordPress.\",\"breadcrumb\":{\"@id\":\"https:\/\/themeholt.com\/fr\/product\/plan-essentiel-elementor-pro\/#breadcrumb\"},\"inLanguage\":\"fr-FR\",\"potentialAction\":[{\"@type\":\"ReadAction\",\"target\":[\"https:\/\/themeholt.com\/fr\/product\/plan-essentiel-elementor-pro\/\"]}]},{\"@type\":\"ImageObject\",\"inLanguage\":\"fr-FR\",\"@id\":\"https:\/\/themeholt.com\/fr\/product\/plan-essentiel-elementor-pro\/#primaryimage\",\"url\":\"https:\/\/themeholt.com\/wp-content\/uploads\/2024\/02\/elementor-pro-768x432-1.jpg\",\"contentUrl\":\"https:\/\/themeholt.com\/wp-content\/uploads\/2024\/02\/elementor-pro-768x432-1.jpg\",\"width\":768,\"height\":432},{\"@type\":\"BreadcrumbList\",\"@id\":\"https:\/\/themeholt.com\/fr\/product\/plan-essentiel-elementor-pro\/#breadcrumb\",\"itemListElement\":[{\"@type\":\"ListItem\",\"position\":1,\"name\":\"Home\",\"item\":\"https:\/\/themeholt.com\/fr\/\"},{\"@type\":\"ListItem\",\"position\":2,\"name\":\"Shop\",\"item\":\"https:\/\/themeholt.com\/shop\/\"},{\"@type\":\"ListItem\",\"position\":3,\"name\":\"Plan Essentiel Elementor Pro\"}]},{\"@type\":\"WebSite\",\"@id\":\"https:\/\/themeholt.com\/#website\",\"url\":\"https:\/\/themeholt.com\/\",\"name\":\"ThemeHolt\",\"description\":\"Themeholt is a website that offers high-quality WordPress themes\",\"publisher\":{\"@id\":\"https:\/\/themeholt.com\/#organization\"},\"potentialAction\":[{\"@type\":\"SearchAction\",\"target\":{\"@type\":\"EntryPoint\",\"urlTemplate\":\"https:\/\/themeholt.com\/?s={search_term_string}\"},\"query-input\":{\"@type\":\"PropertyValueSpecification\",\"valueRequired\":true,\"valueName\":\"search_term_string\"}}],\"inLanguage\":\"fr-FR\"},{\"@type\":\"Organization\",\"@id\":\"https:\/\/themeholt.com\/#organization\",\"name\":\"ThemeHolt\",\"alternateName\":\"ThemeHolt\",\"url\":\"https:\/\/themeholt.com\/\",\"logo\":{\"@type\":\"ImageObject\",\"inLanguage\":\"fr-FR\",\"@id\":\"https:\/\/themeholt.com\/#\/schema\/logo\/image\/\",\"url\":\"https:\/\/themeholt.com\/wp-content\/uploads\/2024\/10\/themeholt.png\",\"contentUrl\":\"https:\/\/themeholt.com\/wp-content\/uploads\/2024\/10\/themeholt.png\",\"width\":225,\"height\":225,\"caption\":\"ThemeHolt\"},\"image\":{\"@id\":\"https:\/\/themeholt.com\/#\/schema\/logo\/image\/\"},\"sameAs\":[\"https:\/\/www.facebook.com\/themeholtT\",\"https:\/\/x.com\/ThemeholtT\",\"https:\/\/www.linkedin.com\/company\/themeholt\",\"https:\/\/www.instagram.com\/themeholtt\/\"],\"description\":\"Themeholt is a website that offers high-quality WordPress themes that are easy to use and ready for just about everything. In Eindhoven, Netherlands, since 2020 offering simple, accessible WordPress themes by providing a variety of requirements. Themeholt focuses on practicality and efficiency, allowing faster project completion with its superior marketplace and easy-to-use templates.\",\"legalName\":\"ThemeHolt\",\"foundingDate\":\"2022-11-10\",\"numberOfEmployees\":{\"@type\":\"QuantitativeValue\",\"minValue\":\"51\",\"maxValue\":\"200\"}}]}<\/script>\n<!-- \/ Yoast SEO Premium plugin. -->","yoast_head_json":{"title":"G\u00e9n\u00e9rateur de pages essentiel Elementor Pro | Themeholt","description":"Obtenez le plan Elementor Pro Essential pour la cr\u00e9ation de sites Web. Profitez de fonctionnalit\u00e9s avanc\u00e9es, d'une personnalisation facile et de designs professionnels pour votre site WordPress.","robots":{"index":"index","follow":"follow","max-snippet":"max-snippet:-1","max-image-preview":"max-image-preview:large","max-video-preview":"max-video-preview:-1"},"canonical":"https:\/\/themeholt.com\/fr\/product\/plan-essentiel-elementor-pro\/","og_locale":"fr_FR","og_type":"article","og_title":"Plan Essentiel Elementor Pro","og_description":"Obtenez le plan Elementor Pro Essential pour la cr\u00e9ation de sites Web. Profitez de fonctionnalit\u00e9s avanc\u00e9es, d'une personnalisation facile et de designs professionnels pour votre site WordPress.","og_url":"https:\/\/themeholt.com\/fr\/product\/plan-essentiel-elementor-pro\/","og_site_name":"ThemeHolt","article_publisher":"https:\/\/www.facebook.com\/themeholtT","article_modified_time":"2024-10-14T10:13:11+00:00","og_image":[{"width":768,"height":432,"url":"https:\/\/themeholt.com\/wp-content\/uploads\/2024\/02\/elementor-pro-768x432-1.jpg","type":"image\/jpeg"}],"twitter_card":"summary_large_image","twitter_site":"@ThemeholtT","twitter_misc":{"Dur\u00e9e de lecture estim\u00e9e":"1 minute"},"schema":{"@context":"https:\/\/schema.org","@graph":[{"@type":"WebPage","@id":"https:\/\/themeholt.com\/fr\/product\/plan-essentiel-elementor-pro\/","url":"https:\/\/themeholt.com\/fr\/product\/plan-essentiel-elementor-pro\/","name":"G\u00e9n\u00e9rateur de pages essentiel Elementor Pro | Themeholt","isPartOf":{"@id":"https:\/\/themeholt.com\/#website"},"primaryImageOfPage":{"@id":"https:\/\/themeholt.com\/fr\/product\/plan-essentiel-elementor-pro\/#primaryimage"},"image":{"@id":"https:\/\/themeholt.com\/fr\/product\/plan-essentiel-elementor-pro\/#primaryimage"},"thumbnailUrl":"https:\/\/themeholt.com\/wp-content\/uploads\/2024\/02\/elementor-pro-768x432-1.jpg","datePublished":"2024-02-29T04:58:52+00:00","dateModified":"2024-10-14T10:13:11+00:00","description":"Obtenez le plan Elementor Pro Essential pour la cr\u00e9ation de sites Web. Profitez de fonctionnalit\u00e9s avanc\u00e9es, d'une personnalisation facile et de designs professionnels pour votre site WordPress.","breadcrumb":{"@id":"https:\/\/themeholt.com\/fr\/product\/plan-essentiel-elementor-pro\/#breadcrumb"},"inLanguage":"fr-FR","potentialAction":[{"@type":"ReadAction","target":["https:\/\/themeholt.com\/fr\/product\/plan-essentiel-elementor-pro\/"]}]},{"@type":"ImageObject","inLanguage":"fr-FR","@id":"https:\/\/themeholt.com\/fr\/product\/plan-essentiel-elementor-pro\/#primaryimage","url":"https:\/\/themeholt.com\/wp-content\/uploads\/2024\/02\/elementor-pro-768x432-1.jpg","contentUrl":"https:\/\/themeholt.com\/wp-content\/uploads\/2024\/02\/elementor-pro-768x432-1.jpg","width":768,"height":432},{"@type":"BreadcrumbList","@id":"https:\/\/themeholt.com\/fr\/product\/plan-essentiel-elementor-pro\/#breadcrumb","itemListElement":[{"@type":"ListItem","position":1,"name":"Home","item":"https:\/\/themeholt.com\/fr\/"},{"@type":"ListItem","position":2,"name":"Shop","item":"https:\/\/themeholt.com\/shop\/"},{"@type":"ListItem","position":3,"name":"Plan Essentiel Elementor Pro"}]},{"@type":"WebSite","@id":"https:\/\/themeholt.com\/#website","url":"https:\/\/themeholt.com\/","name":"ThemeHolt","description":"Themeholt is a website that offers high-quality WordPress themes","publisher":{"@id":"https:\/\/themeholt.com\/#organization"},"potentialAction":[{"@type":"SearchAction","target":{"@type":"EntryPoint","urlTemplate":"https:\/\/themeholt.com\/?s={search_term_string}"},"query-input":{"@type":"PropertyValueSpecification","valueRequired":true,"valueName":"search_term_string"}}],"inLanguage":"fr-FR"},{"@type":"Organization","@id":"https:\/\/themeholt.com\/#organization","name":"ThemeHolt","alternateName":"ThemeHolt","url":"https:\/\/themeholt.com\/","logo":{"@type":"ImageObject","inLanguage":"fr-FR","@id":"https:\/\/themeholt.com\/#\/schema\/logo\/image\/","url":"https:\/\/themeholt.com\/wp-content\/uploads\/2024\/10\/themeholt.png","contentUrl":"https:\/\/themeholt.com\/wp-content\/uploads\/2024\/10\/themeholt.png","width":225,"height":225,"caption":"ThemeHolt"},"image":{"@id":"https:\/\/themeholt.com\/#\/schema\/logo\/image\/"},"sameAs":["https:\/\/www.facebook.com\/themeholtT","https:\/\/x.com\/ThemeholtT","https:\/\/www.linkedin.com\/company\/themeholt","https:\/\/www.instagram.com\/themeholtt\/"],"description":"Themeholt is a website that offers high-quality WordPress themes that are easy to use and ready for just about everything. In Eindhoven, Netherlands, since 2020 offering simple, accessible WordPress themes by providing a variety of requirements. Themeholt focuses on practicality and efficiency, allowing faster project completion with its superior marketplace and easy-to-use templates.","legalName":"ThemeHolt","foundingDate":"2022-11-10","numberOfEmployees":{"@type":"QuantitativeValue","minValue":"51","maxValue":"200"}}]}},"_links":{"self":[{"href":"https:\/\/themeholt.com\/fr\/wp-json\/wp\/v2\/product\/12566","targetHints":{"allow":["GET"]}}],"collection":[{"href":"https:\/\/themeholt.com\/fr\/wp-json\/wp\/v2\/product"}],"about":[{"href":"https:\/\/themeholt.com\/fr\/wp-json\/wp\/v2\/types\/product"}],"wp:featuredmedia":[{"embeddable":true,"href":"https:\/\/themeholt.com\/fr\/wp-json\/wp\/v2\/media\/12568"}],"wp:attachment":[{"href":"https:\/\/themeholt.com\/fr\/wp-json\/wp\/v2\/media?parent=12566"}],"wp:term":[{"taxonomy":"product_brand","embeddable":true,"href":"https:\/\/themeholt.com\/fr\/wp-json\/wp\/v2\/product_brand?post=12566"},{"taxonomy":"product_cat","embeddable":true,"href":"https:\/\/themeholt.com\/fr\/wp-json\/wp\/v2\/product_cat?post=12566"},{"taxonomy":"product_tag","embeddable":true,"href":"https:\/\/themeholt.com\/fr\/wp-json\/wp\/v2\/product_tag?post=12566"}],"curies":[{"name":"wp","href":"https:\/\/api.w.org\/{rel}","templated":true}]}}