{"id":12585,"date":"2024-02-09T10:31:05","date_gmt":"2024-02-09T10:31:05","guid":{"rendered":"https:\/\/themeholt.com\/product\/yoast-seo-premium-addons\/"},"modified":"2024-10-14T10:34:58","modified_gmt":"2024-10-14T10:34:58","slug":"modules-complementaires-premium-yoast-seo","status":"publish","type":"product","link":"https:\/\/themeholt.com\/fr\/product\/modules-complementaires-premium-yoast-seo\/","title":{"rendered":"Modules compl\u00e9mentaires premium Yoast Seo"},"content":{"rendered":"<p><span style=\"font-weight: 400\">Abonnez-vous \u00e0 notre abonnement aux plugins pour acc\u00e9der \u00e0 5 modules compl\u00e9mentaires SEO et augmentez les performances de votre site Web sans effort. B\u00e9n\u00e9ficiez d&rsquo;une ann\u00e9e compl\u00e8te de mises \u00e0 jour simples et d&rsquo;une assistance 24 heures sur 24, garantissant que vos plugins restent avanc\u00e9s. Ce pack tout compris offre non seulement de la commodit\u00e9, mais aussi des \u00e9conomies importantes. Pas de fioritures, juste des solutions pratiques pour am\u00e9liorer votre pr\u00e9sence en ligne. Gardez une longueur d&rsquo;avance dans le paysage num\u00e9rique avec cet abonnement, con\u00e7u pour la simplicit\u00e9 et l&rsquo;efficacit\u00e9. Lib\u00e9rez la puissance de cinq modules compl\u00e9mentaires SEO essentiels, soutenus par des am\u00e9liorations continues et une assistance fiable. Am\u00e9liorez votre exp\u00e9rience Web avec un abonnement simple qui donne la priorit\u00e9 au succ\u00e8s de votre site Web.<\/span><\/p>\n","protected":false},"excerpt":{"rendered":"<ul>\n<li><span style=\"font-weight: 400\">Acc\u00e9dez \u00e0 5 modules compl\u00e9mentaires\u00a0: r\u00e9f\u00e9rencement local, r\u00e9f\u00e9rencement d&rsquo;actualit\u00e9s, r\u00e9f\u00e9rencement vid\u00e9o, r\u00e9f\u00e9rencement woocommerce et plugin Seo<\/span><\/li>\n<li><span style=\"font-weight: 400\">1 an de mises \u00e0 jour et d&rsquo;assistance compl\u00e8tes<\/span><\/li>\n<li><span style=\"font-weight: 400\">Obtenez tout ce dont vous avez besoin \u00e0 un prix inf\u00e9rieur\u00a0!<\/span><\/li>\n<\/ul>\n","protected":false},"featured_media":12587,"template":"","meta":{"_acf_changed":false,"inline_featured_image":false},"product_brand":[],"product_cat":[321],"product_tag":[],"class_list":{"0":"post-12585","1":"product","2":"type-product","3":"status-publish","4":"has-post-thumbnail","6":"product_cat-plugins","8":"first","9":"instock","10":"sale","11":"downloadable","12":"virtual","13":"taxable","14":"purchasable","15":"product-type-simple"},"acf":[],"yoast_head":"<!-- This site is optimized with the Yoast SEO Premium plugin v22.1 (Yoast SEO v26.0) - https:\/\/yoast.com\/wordpress\/plugins\/seo\/ -->\n<title>Modules compl\u00e9mentaires premium Yoast Seo - ThemeHolt<\/title>\n<meta name=\"robots\" content=\"index, follow, max-snippet:-1, max-image-preview:large, max-video-preview:-1\" \/>\n<link rel=\"canonical\" href=\"https:\/\/themeholt.com\/fr\/product\/modules-complementaires-premium-yoast-seo\/\" \/>\n<meta property=\"og:locale\" content=\"fr_FR\" \/>\n<meta property=\"og:type\" content=\"article\" \/>\n<meta property=\"og:title\" content=\"Modules compl\u00e9mentaires premium Yoast Seo\" \/>\n<meta property=\"og:description\" content=\"Acc\u00e9dez \u00e0 5 modules compl\u00e9mentaires\u00a0: r\u00e9f\u00e9rencement local, r\u00e9f\u00e9rencement d&#039;actualit\u00e9s, r\u00e9f\u00e9rencement vid\u00e9o, r\u00e9f\u00e9rencement woocommerce et plugin Seo 1 an de mises \u00e0 jour et d&#039;assistance compl\u00e8tes Obtenez tout ce dont vous avez besoin \u00e0 un prix inf\u00e9rieur\u00a0!\" \/>\n<meta property=\"og:url\" content=\"https:\/\/themeholt.com\/fr\/product\/modules-complementaires-premium-yoast-seo\/\" \/>\n<meta property=\"og:site_name\" content=\"ThemeHolt\" \/>\n<meta property=\"article:publisher\" content=\"https:\/\/www.facebook.com\/themeholtT\" \/>\n<meta property=\"article:modified_time\" content=\"2024-10-14T10:34:58+00:00\" \/>\n<meta property=\"og:image\" content=\"https:\/\/themeholt.com\/wp-content\/uploads\/2024\/02\/yoast-ecommerce-seo.jpg\" \/>\n\t<meta property=\"og:image:width\" content=\"2000\" \/>\n\t<meta property=\"og:image:height\" content=\"1333\" \/>\n\t<meta property=\"og:image:type\" content=\"image\/jpeg\" \/>\n<meta name=\"twitter:card\" content=\"summary_large_image\" \/>\n<meta name=\"twitter:site\" content=\"@ThemeholtT\" \/>\n<meta name=\"twitter:label1\" content=\"Dur\u00e9e de lecture estim\u00e9e\" \/>\n\t<meta name=\"twitter:data1\" content=\"1 minute\" \/>\n<script type=\"application\/ld+json\" class=\"yoast-schema-graph\">{\"@context\":\"https:\/\/schema.org\",\"@graph\":[{\"@type\":\"WebPage\",\"@id\":\"https:\/\/themeholt.com\/fr\/product\/modules-complementaires-premium-yoast-seo\/\",\"url\":\"https:\/\/themeholt.com\/fr\/product\/modules-complementaires-premium-yoast-seo\/\",\"name\":\"Modules compl\u00e9mentaires premium Yoast Seo - ThemeHolt\",\"isPartOf\":{\"@id\":\"https:\/\/themeholt.com\/#website\"},\"primaryImageOfPage\":{\"@id\":\"https:\/\/themeholt.com\/fr\/product\/modules-complementaires-premium-yoast-seo\/#primaryimage\"},\"image\":{\"@id\":\"https:\/\/themeholt.com\/fr\/product\/modules-complementaires-premium-yoast-seo\/#primaryimage\"},\"thumbnailUrl\":\"https:\/\/themeholt.com\/wp-content\/uploads\/2024\/02\/yoast-ecommerce-seo.jpg\",\"datePublished\":\"2024-02-09T10:31:05+00:00\",\"dateModified\":\"2024-10-14T10:34:58+00:00\",\"breadcrumb\":{\"@id\":\"https:\/\/themeholt.com\/fr\/product\/modules-complementaires-premium-yoast-seo\/#breadcrumb\"},\"inLanguage\":\"fr-FR\",\"potentialAction\":[{\"@type\":\"ReadAction\",\"target\":[\"https:\/\/themeholt.com\/fr\/product\/modules-complementaires-premium-yoast-seo\/\"]}]},{\"@type\":\"ImageObject\",\"inLanguage\":\"fr-FR\",\"@id\":\"https:\/\/themeholt.com\/fr\/product\/modules-complementaires-premium-yoast-seo\/#primaryimage\",\"url\":\"https:\/\/themeholt.com\/wp-content\/uploads\/2024\/02\/yoast-ecommerce-seo.jpg\",\"contentUrl\":\"https:\/\/themeholt.com\/wp-content\/uploads\/2024\/02\/yoast-ecommerce-seo.jpg\",\"width\":2000,\"height\":1333},{\"@type\":\"BreadcrumbList\",\"@id\":\"https:\/\/themeholt.com\/fr\/product\/modules-complementaires-premium-yoast-seo\/#breadcrumb\",\"itemListElement\":[{\"@type\":\"ListItem\",\"position\":1,\"name\":\"Home\",\"item\":\"https:\/\/themeholt.com\/fr\/\"},{\"@type\":\"ListItem\",\"position\":2,\"name\":\"Shop\",\"item\":\"https:\/\/themeholt.com\/shop\/\"},{\"@type\":\"ListItem\",\"position\":3,\"name\":\"Modules compl\u00e9mentaires premium Yoast Seo\"}]},{\"@type\":\"WebSite\",\"@id\":\"https:\/\/themeholt.com\/#website\",\"url\":\"https:\/\/themeholt.com\/\",\"name\":\"ThemeHolt\",\"description\":\"Themeholt is a website that offers high-quality WordPress themes\",\"publisher\":{\"@id\":\"https:\/\/themeholt.com\/#organization\"},\"potentialAction\":[{\"@type\":\"SearchAction\",\"target\":{\"@type\":\"EntryPoint\",\"urlTemplate\":\"https:\/\/themeholt.com\/?s={search_term_string}\"},\"query-input\":{\"@type\":\"PropertyValueSpecification\",\"valueRequired\":true,\"valueName\":\"search_term_string\"}}],\"inLanguage\":\"fr-FR\"},{\"@type\":\"Organization\",\"@id\":\"https:\/\/themeholt.com\/#organization\",\"name\":\"ThemeHolt\",\"alternateName\":\"ThemeHolt\",\"url\":\"https:\/\/themeholt.com\/\",\"logo\":{\"@type\":\"ImageObject\",\"inLanguage\":\"fr-FR\",\"@id\":\"https:\/\/themeholt.com\/#\/schema\/logo\/image\/\",\"url\":\"https:\/\/themeholt.com\/wp-content\/uploads\/2024\/10\/themeholt.png\",\"contentUrl\":\"https:\/\/themeholt.com\/wp-content\/uploads\/2024\/10\/themeholt.png\",\"width\":225,\"height\":225,\"caption\":\"ThemeHolt\"},\"image\":{\"@id\":\"https:\/\/themeholt.com\/#\/schema\/logo\/image\/\"},\"sameAs\":[\"https:\/\/www.facebook.com\/themeholtT\",\"https:\/\/x.com\/ThemeholtT\",\"https:\/\/www.linkedin.com\/company\/themeholt\",\"https:\/\/www.instagram.com\/themeholtt\/\"],\"description\":\"Themeholt is a website that offers high-quality WordPress themes that are easy to use and ready for just about everything. In Eindhoven, Netherlands, since 2020 offering simple, accessible WordPress themes by providing a variety of requirements. Themeholt focuses on practicality and efficiency, allowing faster project completion with its superior marketplace and easy-to-use templates.\",\"legalName\":\"ThemeHolt\",\"foundingDate\":\"2022-11-10\",\"numberOfEmployees\":{\"@type\":\"QuantitativeValue\",\"minValue\":\"51\",\"maxValue\":\"200\"}}]}<\/script>\n<!-- \/ Yoast SEO Premium plugin. -->","yoast_head_json":{"title":"Modules compl\u00e9mentaires premium Yoast Seo - ThemeHolt","robots":{"index":"index","follow":"follow","max-snippet":"max-snippet:-1","max-image-preview":"max-image-preview:large","max-video-preview":"max-video-preview:-1"},"canonical":"https:\/\/themeholt.com\/fr\/product\/modules-complementaires-premium-yoast-seo\/","og_locale":"fr_FR","og_type":"article","og_title":"Modules compl\u00e9mentaires premium Yoast Seo","og_description":"Acc\u00e9dez \u00e0 5 modules compl\u00e9mentaires\u00a0: r\u00e9f\u00e9rencement local, r\u00e9f\u00e9rencement d'actualit\u00e9s, r\u00e9f\u00e9rencement vid\u00e9o, r\u00e9f\u00e9rencement woocommerce et plugin Seo 1 an de mises \u00e0 jour et d'assistance compl\u00e8tes Obtenez tout ce dont vous avez besoin \u00e0 un prix inf\u00e9rieur\u00a0!","og_url":"https:\/\/themeholt.com\/fr\/product\/modules-complementaires-premium-yoast-seo\/","og_site_name":"ThemeHolt","article_publisher":"https:\/\/www.facebook.com\/themeholtT","article_modified_time":"2024-10-14T10:34:58+00:00","og_image":[{"width":2000,"height":1333,"url":"https:\/\/themeholt.com\/wp-content\/uploads\/2024\/02\/yoast-ecommerce-seo.jpg","type":"image\/jpeg"}],"twitter_card":"summary_large_image","twitter_site":"@ThemeholtT","twitter_misc":{"Dur\u00e9e de lecture estim\u00e9e":"1 minute"},"schema":{"@context":"https:\/\/schema.org","@graph":[{"@type":"WebPage","@id":"https:\/\/themeholt.com\/fr\/product\/modules-complementaires-premium-yoast-seo\/","url":"https:\/\/themeholt.com\/fr\/product\/modules-complementaires-premium-yoast-seo\/","name":"Modules compl\u00e9mentaires premium Yoast Seo - ThemeHolt","isPartOf":{"@id":"https:\/\/themeholt.com\/#website"},"primaryImageOfPage":{"@id":"https:\/\/themeholt.com\/fr\/product\/modules-complementaires-premium-yoast-seo\/#primaryimage"},"image":{"@id":"https:\/\/themeholt.com\/fr\/product\/modules-complementaires-premium-yoast-seo\/#primaryimage"},"thumbnailUrl":"https:\/\/themeholt.com\/wp-content\/uploads\/2024\/02\/yoast-ecommerce-seo.jpg","datePublished":"2024-02-09T10:31:05+00:00","dateModified":"2024-10-14T10:34:58+00:00","breadcrumb":{"@id":"https:\/\/themeholt.com\/fr\/product\/modules-complementaires-premium-yoast-seo\/#breadcrumb"},"inLanguage":"fr-FR","potentialAction":[{"@type":"ReadAction","target":["https:\/\/themeholt.com\/fr\/product\/modules-complementaires-premium-yoast-seo\/"]}]},{"@type":"ImageObject","inLanguage":"fr-FR","@id":"https:\/\/themeholt.com\/fr\/product\/modules-complementaires-premium-yoast-seo\/#primaryimage","url":"https:\/\/themeholt.com\/wp-content\/uploads\/2024\/02\/yoast-ecommerce-seo.jpg","contentUrl":"https:\/\/themeholt.com\/wp-content\/uploads\/2024\/02\/yoast-ecommerce-seo.jpg","width":2000,"height":1333},{"@type":"BreadcrumbList","@id":"https:\/\/themeholt.com\/fr\/product\/modules-complementaires-premium-yoast-seo\/#breadcrumb","itemListElement":[{"@type":"ListItem","position":1,"name":"Home","item":"https:\/\/themeholt.com\/fr\/"},{"@type":"ListItem","position":2,"name":"Shop","item":"https:\/\/themeholt.com\/shop\/"},{"@type":"ListItem","position":3,"name":"Modules compl\u00e9mentaires premium Yoast Seo"}]},{"@type":"WebSite","@id":"https:\/\/themeholt.com\/#website","url":"https:\/\/themeholt.com\/","name":"ThemeHolt","description":"Themeholt is a website that offers high-quality WordPress themes","publisher":{"@id":"https:\/\/themeholt.com\/#organization"},"potentialAction":[{"@type":"SearchAction","target":{"@type":"EntryPoint","urlTemplate":"https:\/\/themeholt.com\/?s={search_term_string}"},"query-input":{"@type":"PropertyValueSpecification","valueRequired":true,"valueName":"search_term_string"}}],"inLanguage":"fr-FR"},{"@type":"Organization","@id":"https:\/\/themeholt.com\/#organization","name":"ThemeHolt","alternateName":"ThemeHolt","url":"https:\/\/themeholt.com\/","logo":{"@type":"ImageObject","inLanguage":"fr-FR","@id":"https:\/\/themeholt.com\/#\/schema\/logo\/image\/","url":"https:\/\/themeholt.com\/wp-content\/uploads\/2024\/10\/themeholt.png","contentUrl":"https:\/\/themeholt.com\/wp-content\/uploads\/2024\/10\/themeholt.png","width":225,"height":225,"caption":"ThemeHolt"},"image":{"@id":"https:\/\/themeholt.com\/#\/schema\/logo\/image\/"},"sameAs":["https:\/\/www.facebook.com\/themeholtT","https:\/\/x.com\/ThemeholtT","https:\/\/www.linkedin.com\/company\/themeholt","https:\/\/www.instagram.com\/themeholtt\/"],"description":"Themeholt is a website that offers high-quality WordPress themes that are easy to use and ready for just about everything. In Eindhoven, Netherlands, since 2020 offering simple, accessible WordPress themes by providing a variety of requirements. Themeholt focuses on practicality and efficiency, allowing faster project completion with its superior marketplace and easy-to-use templates.","legalName":"ThemeHolt","foundingDate":"2022-11-10","numberOfEmployees":{"@type":"QuantitativeValue","minValue":"51","maxValue":"200"}}]}},"_links":{"self":[{"href":"https:\/\/themeholt.com\/fr\/wp-json\/wp\/v2\/product\/12585","targetHints":{"allow":["GET"]}}],"collection":[{"href":"https:\/\/themeholt.com\/fr\/wp-json\/wp\/v2\/product"}],"about":[{"href":"https:\/\/themeholt.com\/fr\/wp-json\/wp\/v2\/types\/product"}],"wp:featuredmedia":[{"embeddable":true,"href":"https:\/\/themeholt.com\/fr\/wp-json\/wp\/v2\/media\/12587"}],"wp:attachment":[{"href":"https:\/\/themeholt.com\/fr\/wp-json\/wp\/v2\/media?parent=12585"}],"wp:term":[{"taxonomy":"product_brand","embeddable":true,"href":"https:\/\/themeholt.com\/fr\/wp-json\/wp\/v2\/product_brand?post=12585"},{"taxonomy":"product_cat","embeddable":true,"href":"https:\/\/themeholt.com\/fr\/wp-json\/wp\/v2\/product_cat?post=12585"},{"taxonomy":"product_tag","embeddable":true,"href":"https:\/\/themeholt.com\/fr\/wp-json\/wp\/v2\/product_tag?post=12585"}],"curies":[{"name":"wp","href":"https:\/\/api.w.org\/{rel}","templated":true}]}}