{"id":12626,"date":"2023-10-11T04:50:37","date_gmt":"2023-10-11T04:50:37","guid":{"rendered":"https:\/\/themeholt.com\/product\/trustworthy-virtual-assistant\/"},"modified":"2024-10-14T11:44:25","modified_gmt":"2024-10-14T11:44:25","slug":"assistant-virtuel-de-confiance","status":"publish","type":"product","link":"https:\/\/themeholt.com\/fr\/product\/assistant-virtuel-de-confiance\/","title":{"rendered":"Assistant virtuel de confiance"},"content":{"rendered":"<p>D\u00e9couvrez la solution ultime pour les assistants virtuels professionnels avec notre th\u00e8me WordPress Trustworthy Virtual Assistant. Con\u00e7u pour r\u00e9pondre aux besoins des freelances, des travailleurs \u00e0 distance et des agences d&rsquo;assistants virtuels, ce th\u00e8me vous permet de mettre en valeur vos comp\u00e9tences, d&rsquo;instaurer la confiance et de rationaliser vos services en ligne.<\/p>\n<p>Que vous soyez un assistant virtuel exp\u00e9riment\u00e9 ou que vous commenciez tout juste votre carri\u00e8re de freelance, le th\u00e8me WordPress Trustworthy Virtual Assistant est votre voie vers une pr\u00e9sence en ligne puissante. Instaurez la confiance, mettez en valeur vos capacit\u00e9s et attirez les clients \u00e0 la recherche de l&rsquo;assistant virtuel fiable dont ils ont besoin. D\u00e9veloppez votre activit\u00e9 d&rsquo;assistant virtuel d\u00e8s aujourd&rsquo;hui et propulsez votre carri\u00e8re vers de nouveaux sommets. Commencez maintenant et d\u00e9couvrez la diff\u00e9rence dans votre pr\u00e9sence num\u00e9rique.<\/p>\n","protected":false},"excerpt":{"rendered":"<ul>\n<li>Design \u00e9pur\u00e9 et professionnel<\/li>\n<li>Personnalisation simplifi\u00e9e<\/li>\n<li>Portefeuille de services<\/li>\n<li>T\u00e9moignages de clients<\/li>\n<li>Int\u00e9gration de blog<\/li>\n<li>Mise en page r\u00e9active<\/li>\n<li>Optimisation du r\u00e9f\u00e9rencement<\/li>\n<\/ul>\n","protected":false},"featured_media":12627,"template":"","meta":{"_acf_changed":false,"inline_featured_image":false},"product_brand":[],"product_cat":[1772],"product_tag":[1806],"class_list":{"0":"post-12626","1":"product","2":"type-product","3":"status-publish","4":"has-post-thumbnail","6":"product_cat-corporate-business-ru","7":"product_tag-virtual-wordpress-themes-ru","9":"first","10":"instock","11":"sale","12":"downloadable","13":"taxable","14":"shipping-taxable","15":"purchasable","16":"product-type-simple"},"acf":[],"yoast_head":"<!-- This site is optimized with the Yoast SEO Premium plugin v22.1 (Yoast SEO v26.0) - https:\/\/yoast.com\/wordpress\/plugins\/seo\/ -->\n<title>Assistant virtuel de confiance | Th\u00e8mes WordPress virtuels<\/title>\n<meta name=\"description\" content=\"D\u00e9couvrez des th\u00e8mes WordPress d&#039;assistant virtuel fiables pour une assistance en ligne et une conception de site Web fluides. Des solutions fiables pour vos besoins virtuels. Achetez maintenant !\" \/>\n<meta name=\"robots\" content=\"index, follow, max-snippet:-1, max-image-preview:large, max-video-preview:-1\" \/>\n<link rel=\"canonical\" href=\"https:\/\/themeholt.com\/fr\/product\/assistant-virtuel-de-confiance\/\" \/>\n<meta property=\"og:locale\" content=\"fr_FR\" \/>\n<meta property=\"og:type\" content=\"article\" \/>\n<meta property=\"og:title\" content=\"Assistant virtuel de confiance\" \/>\n<meta property=\"og:description\" content=\"D\u00e9couvrez des th\u00e8mes WordPress d&#039;assistant virtuel fiables pour une assistance en ligne et une conception de site Web fluides. Des solutions fiables pour vos besoins virtuels. Achetez maintenant !\" \/>\n<meta property=\"og:url\" content=\"https:\/\/themeholt.com\/fr\/product\/assistant-virtuel-de-confiance\/\" \/>\n<meta property=\"og:site_name\" content=\"ThemeHolt\" \/>\n<meta property=\"article:publisher\" content=\"https:\/\/www.facebook.com\/themeholtT\" \/>\n<meta property=\"article:modified_time\" content=\"2024-10-14T11:44:25+00:00\" \/>\n<meta property=\"og:image\" content=\"https:\/\/themeholt.com\/wp-content\/uploads\/2023\/10\/351.png\" \/>\n\t<meta property=\"og:image:width\" content=\"1364\" \/>\n\t<meta property=\"og:image:height\" content=\"932\" \/>\n\t<meta property=\"og:image:type\" content=\"image\/png\" \/>\n<meta name=\"twitter:card\" content=\"summary_large_image\" \/>\n<meta name=\"twitter:site\" content=\"@ThemeholtT\" \/>\n<meta name=\"twitter:label1\" content=\"Dur\u00e9e de lecture estim\u00e9e\" \/>\n\t<meta name=\"twitter:data1\" content=\"1 minute\" \/>\n<script type=\"application\/ld+json\" class=\"yoast-schema-graph\">{\"@context\":\"https:\/\/schema.org\",\"@graph\":[{\"@type\":\"WebPage\",\"@id\":\"https:\/\/themeholt.com\/fr\/product\/assistant-virtuel-de-confiance\/\",\"url\":\"https:\/\/themeholt.com\/fr\/product\/assistant-virtuel-de-confiance\/\",\"name\":\"Assistant virtuel de confiance | Th\u00e8mes WordPress virtuels\",\"isPartOf\":{\"@id\":\"https:\/\/themeholt.com\/#website\"},\"primaryImageOfPage\":{\"@id\":\"https:\/\/themeholt.com\/fr\/product\/assistant-virtuel-de-confiance\/#primaryimage\"},\"image\":{\"@id\":\"https:\/\/themeholt.com\/fr\/product\/assistant-virtuel-de-confiance\/#primaryimage\"},\"thumbnailUrl\":\"https:\/\/themeholt.com\/wp-content\/uploads\/2023\/10\/351.png\",\"datePublished\":\"2023-10-11T04:50:37+00:00\",\"dateModified\":\"2024-10-14T11:44:25+00:00\",\"description\":\"D\u00e9couvrez des th\u00e8mes WordPress d'assistant virtuel fiables pour une assistance en ligne et une conception de site Web fluides. Des solutions fiables pour vos besoins virtuels. Achetez maintenant !\",\"breadcrumb\":{\"@id\":\"https:\/\/themeholt.com\/fr\/product\/assistant-virtuel-de-confiance\/#breadcrumb\"},\"inLanguage\":\"fr-FR\",\"potentialAction\":[{\"@type\":\"ReadAction\",\"target\":[\"https:\/\/themeholt.com\/fr\/product\/assistant-virtuel-de-confiance\/\"]}]},{\"@type\":\"ImageObject\",\"inLanguage\":\"fr-FR\",\"@id\":\"https:\/\/themeholt.com\/fr\/product\/assistant-virtuel-de-confiance\/#primaryimage\",\"url\":\"https:\/\/themeholt.com\/wp-content\/uploads\/2023\/10\/351.png\",\"contentUrl\":\"https:\/\/themeholt.com\/wp-content\/uploads\/2023\/10\/351.png\",\"width\":1364,\"height\":932},{\"@type\":\"BreadcrumbList\",\"@id\":\"https:\/\/themeholt.com\/fr\/product\/assistant-virtuel-de-confiance\/#breadcrumb\",\"itemListElement\":[{\"@type\":\"ListItem\",\"position\":1,\"name\":\"Home\",\"item\":\"https:\/\/themeholt.com\/fr\/\"},{\"@type\":\"ListItem\",\"position\":2,\"name\":\"Shop\",\"item\":\"https:\/\/themeholt.com\/shop\/\"},{\"@type\":\"ListItem\",\"position\":3,\"name\":\"Assistant virtuel de confiance\"}]},{\"@type\":\"WebSite\",\"@id\":\"https:\/\/themeholt.com\/#website\",\"url\":\"https:\/\/themeholt.com\/\",\"name\":\"ThemeHolt\",\"description\":\"Themeholt is a website that offers high-quality WordPress themes\",\"publisher\":{\"@id\":\"https:\/\/themeholt.com\/#organization\"},\"potentialAction\":[{\"@type\":\"SearchAction\",\"target\":{\"@type\":\"EntryPoint\",\"urlTemplate\":\"https:\/\/themeholt.com\/?s={search_term_string}\"},\"query-input\":{\"@type\":\"PropertyValueSpecification\",\"valueRequired\":true,\"valueName\":\"search_term_string\"}}],\"inLanguage\":\"fr-FR\"},{\"@type\":\"Organization\",\"@id\":\"https:\/\/themeholt.com\/#organization\",\"name\":\"ThemeHolt\",\"alternateName\":\"ThemeHolt\",\"url\":\"https:\/\/themeholt.com\/\",\"logo\":{\"@type\":\"ImageObject\",\"inLanguage\":\"fr-FR\",\"@id\":\"https:\/\/themeholt.com\/#\/schema\/logo\/image\/\",\"url\":\"https:\/\/themeholt.com\/wp-content\/uploads\/2024\/10\/themeholt.png\",\"contentUrl\":\"https:\/\/themeholt.com\/wp-content\/uploads\/2024\/10\/themeholt.png\",\"width\":225,\"height\":225,\"caption\":\"ThemeHolt\"},\"image\":{\"@id\":\"https:\/\/themeholt.com\/#\/schema\/logo\/image\/\"},\"sameAs\":[\"https:\/\/www.facebook.com\/themeholtT\",\"https:\/\/x.com\/ThemeholtT\",\"https:\/\/www.linkedin.com\/company\/themeholt\",\"https:\/\/www.instagram.com\/themeholtt\/\"],\"description\":\"Themeholt is a website that offers high-quality WordPress themes that are easy to use and ready for just about everything. In Eindhoven, Netherlands, since 2020 offering simple, accessible WordPress themes by providing a variety of requirements. Themeholt focuses on practicality and efficiency, allowing faster project completion with its superior marketplace and easy-to-use templates.\",\"legalName\":\"ThemeHolt\",\"foundingDate\":\"2022-11-10\",\"numberOfEmployees\":{\"@type\":\"QuantitativeValue\",\"minValue\":\"51\",\"maxValue\":\"200\"}}]}<\/script>\n<!-- \/ Yoast SEO Premium plugin. -->","yoast_head_json":{"title":"Assistant virtuel de confiance | Th\u00e8mes WordPress virtuels","description":"D\u00e9couvrez des th\u00e8mes WordPress d'assistant virtuel fiables pour une assistance en ligne et une conception de site Web fluides. Des solutions fiables pour vos besoins virtuels. Achetez maintenant !","robots":{"index":"index","follow":"follow","max-snippet":"max-snippet:-1","max-image-preview":"max-image-preview:large","max-video-preview":"max-video-preview:-1"},"canonical":"https:\/\/themeholt.com\/fr\/product\/assistant-virtuel-de-confiance\/","og_locale":"fr_FR","og_type":"article","og_title":"Assistant virtuel de confiance","og_description":"D\u00e9couvrez des th\u00e8mes WordPress d'assistant virtuel fiables pour une assistance en ligne et une conception de site Web fluides. Des solutions fiables pour vos besoins virtuels. Achetez maintenant !","og_url":"https:\/\/themeholt.com\/fr\/product\/assistant-virtuel-de-confiance\/","og_site_name":"ThemeHolt","article_publisher":"https:\/\/www.facebook.com\/themeholtT","article_modified_time":"2024-10-14T11:44:25+00:00","og_image":[{"width":1364,"height":932,"url":"https:\/\/themeholt.com\/wp-content\/uploads\/2023\/10\/351.png","type":"image\/png"}],"twitter_card":"summary_large_image","twitter_site":"@ThemeholtT","twitter_misc":{"Dur\u00e9e de lecture estim\u00e9e":"1 minute"},"schema":{"@context":"https:\/\/schema.org","@graph":[{"@type":"WebPage","@id":"https:\/\/themeholt.com\/fr\/product\/assistant-virtuel-de-confiance\/","url":"https:\/\/themeholt.com\/fr\/product\/assistant-virtuel-de-confiance\/","name":"Assistant virtuel de confiance | Th\u00e8mes WordPress virtuels","isPartOf":{"@id":"https:\/\/themeholt.com\/#website"},"primaryImageOfPage":{"@id":"https:\/\/themeholt.com\/fr\/product\/assistant-virtuel-de-confiance\/#primaryimage"},"image":{"@id":"https:\/\/themeholt.com\/fr\/product\/assistant-virtuel-de-confiance\/#primaryimage"},"thumbnailUrl":"https:\/\/themeholt.com\/wp-content\/uploads\/2023\/10\/351.png","datePublished":"2023-10-11T04:50:37+00:00","dateModified":"2024-10-14T11:44:25+00:00","description":"D\u00e9couvrez des th\u00e8mes WordPress d'assistant virtuel fiables pour une assistance en ligne et une conception de site Web fluides. Des solutions fiables pour vos besoins virtuels. Achetez maintenant !","breadcrumb":{"@id":"https:\/\/themeholt.com\/fr\/product\/assistant-virtuel-de-confiance\/#breadcrumb"},"inLanguage":"fr-FR","potentialAction":[{"@type":"ReadAction","target":["https:\/\/themeholt.com\/fr\/product\/assistant-virtuel-de-confiance\/"]}]},{"@type":"ImageObject","inLanguage":"fr-FR","@id":"https:\/\/themeholt.com\/fr\/product\/assistant-virtuel-de-confiance\/#primaryimage","url":"https:\/\/themeholt.com\/wp-content\/uploads\/2023\/10\/351.png","contentUrl":"https:\/\/themeholt.com\/wp-content\/uploads\/2023\/10\/351.png","width":1364,"height":932},{"@type":"BreadcrumbList","@id":"https:\/\/themeholt.com\/fr\/product\/assistant-virtuel-de-confiance\/#breadcrumb","itemListElement":[{"@type":"ListItem","position":1,"name":"Home","item":"https:\/\/themeholt.com\/fr\/"},{"@type":"ListItem","position":2,"name":"Shop","item":"https:\/\/themeholt.com\/shop\/"},{"@type":"ListItem","position":3,"name":"Assistant virtuel de confiance"}]},{"@type":"WebSite","@id":"https:\/\/themeholt.com\/#website","url":"https:\/\/themeholt.com\/","name":"ThemeHolt","description":"Themeholt is a website that offers high-quality WordPress themes","publisher":{"@id":"https:\/\/themeholt.com\/#organization"},"potentialAction":[{"@type":"SearchAction","target":{"@type":"EntryPoint","urlTemplate":"https:\/\/themeholt.com\/?s={search_term_string}"},"query-input":{"@type":"PropertyValueSpecification","valueRequired":true,"valueName":"search_term_string"}}],"inLanguage":"fr-FR"},{"@type":"Organization","@id":"https:\/\/themeholt.com\/#organization","name":"ThemeHolt","alternateName":"ThemeHolt","url":"https:\/\/themeholt.com\/","logo":{"@type":"ImageObject","inLanguage":"fr-FR","@id":"https:\/\/themeholt.com\/#\/schema\/logo\/image\/","url":"https:\/\/themeholt.com\/wp-content\/uploads\/2024\/10\/themeholt.png","contentUrl":"https:\/\/themeholt.com\/wp-content\/uploads\/2024\/10\/themeholt.png","width":225,"height":225,"caption":"ThemeHolt"},"image":{"@id":"https:\/\/themeholt.com\/#\/schema\/logo\/image\/"},"sameAs":["https:\/\/www.facebook.com\/themeholtT","https:\/\/x.com\/ThemeholtT","https:\/\/www.linkedin.com\/company\/themeholt","https:\/\/www.instagram.com\/themeholtt\/"],"description":"Themeholt is a website that offers high-quality WordPress themes that are easy to use and ready for just about everything. In Eindhoven, Netherlands, since 2020 offering simple, accessible WordPress themes by providing a variety of requirements. Themeholt focuses on practicality and efficiency, allowing faster project completion with its superior marketplace and easy-to-use templates.","legalName":"ThemeHolt","foundingDate":"2022-11-10","numberOfEmployees":{"@type":"QuantitativeValue","minValue":"51","maxValue":"200"}}]}},"_links":{"self":[{"href":"https:\/\/themeholt.com\/fr\/wp-json\/wp\/v2\/product\/12626","targetHints":{"allow":["GET"]}}],"collection":[{"href":"https:\/\/themeholt.com\/fr\/wp-json\/wp\/v2\/product"}],"about":[{"href":"https:\/\/themeholt.com\/fr\/wp-json\/wp\/v2\/types\/product"}],"wp:featuredmedia":[{"embeddable":true,"href":"https:\/\/themeholt.com\/fr\/wp-json\/wp\/v2\/media\/12627"}],"wp:attachment":[{"href":"https:\/\/themeholt.com\/fr\/wp-json\/wp\/v2\/media?parent=12626"}],"wp:term":[{"taxonomy":"product_brand","embeddable":true,"href":"https:\/\/themeholt.com\/fr\/wp-json\/wp\/v2\/product_brand?post=12626"},{"taxonomy":"product_cat","embeddable":true,"href":"https:\/\/themeholt.com\/fr\/wp-json\/wp\/v2\/product_cat?post=12626"},{"taxonomy":"product_tag","embeddable":true,"href":"https:\/\/themeholt.com\/fr\/wp-json\/wp\/v2\/product_tag?post=12626"}],"curies":[{"name":"wp","href":"https:\/\/api.w.org\/{rel}","templated":true}]}}