{"id":12630,"date":"2023-10-11T04:48:18","date_gmt":"2023-10-11T04:48:18","guid":{"rendered":"https:\/\/themeholt.com\/product\/financerr-business-finance\/"},"modified":"2024-10-14T11:51:01","modified_gmt":"2024-10-14T11:51:01","slug":"financerr-finance-dentreprise","status":"publish","type":"product","link":"https:\/\/themeholt.com\/fr\/product\/financerr-finance-dentreprise\/","title":{"rendered":"Financerr Finance d&rsquo;entreprise"},"content":{"rendered":"<p>Dans le monde dynamique de la finance et des affaires, une forte pr\u00e9sence en ligne est la cl\u00e9 du succ\u00e8s. Nos th\u00e8mes WordPress pour la finance d&rsquo;entreprise sont con\u00e7us pour donner aux institutions financi\u00e8res, aux cabinets comptables et aux entreprises du secteur financier les outils n\u00e9cessaires pour prosp\u00e9rer \u00e0 l&rsquo;\u00e8re num\u00e9rique.<\/p>\n<p>Les th\u00e8mes WordPress pour la finance d&rsquo;entreprise offrent la solution parfaite pour am\u00e9liorer votre pr\u00e9sence en ligne. Faites forte impression, renforcez la confiance et propulsez votre activit\u00e9 financi\u00e8re vers de nouveaux sommets. Am\u00e9liorez votre site Web financier d\u00e8s aujourd&rsquo;hui et d\u00e9couvrez la diff\u00e9rence dans votre pr\u00e9sence num\u00e9rique. Commencez maintenant\u00a0!<\/p>\n<h3><\/h3>\n<h3><\/h3>\n<h3><\/h3>\n<h3><\/h3>\n<h3 class=\"LC20lb MBeuO DKV0Md\"><\/h3>\n","protected":false},"excerpt":{"rendered":"<ul>\n<li>Design \u00e9pur\u00e9<\/li>\n<li>Apparence professionnelle<\/li>\n<li>Mise en page r\u00e9active<\/li>\n<li>Optimis\u00e9 pour le r\u00e9f\u00e9rencement<br \/>\nTh\u00e8me enti\u00e8rement personnalisable<\/li>\n<li>Cr\u00e9ateur de pages Elementor<\/li>\n<li>Pr\u00eat pour WooCommerce<\/li>\n<li>S\u00e9curit\u00e9 et conformit\u00e9<\/li>\n<\/ul>\n","protected":false},"featured_media":12631,"template":"","meta":{"_acf_changed":false,"inline_featured_image":false},"product_brand":[],"product_cat":[1772],"product_tag":[1818],"class_list":{"0":"post-12630","1":"product","2":"type-product","3":"status-publish","4":"has-post-thumbnail","6":"product_cat-corporate-business-ru","7":"product_tag-business-finance-themes-ru","9":"first","10":"instock","11":"sale","12":"downloadable","13":"taxable","14":"shipping-taxable","15":"purchasable","16":"product-type-simple"},"acf":[],"yoast_head":"<!-- This site is optimized with the Yoast SEO Premium plugin v22.1 (Yoast SEO v26.0) - https:\/\/yoast.com\/wordpress\/plugins\/seo\/ -->\n<title>Th\u00e8mes WordPress pour la finance | Th\u00e8mes pour la finance d&#039;entreprise<\/title>\n<meta name=\"description\" content=\"D\u00e9bloquez votre r\u00e9ussite financi\u00e8re avec les solutions et th\u00e8mes de financement d&#039;entreprise de Financer. Am\u00e9liorez vos plans financiers avec des outils et des th\u00e8mes personnalis\u00e9s. D\u00e9couvrez maintenant !\" \/>\n<meta name=\"robots\" content=\"index, follow, max-snippet:-1, max-image-preview:large, max-video-preview:-1\" \/>\n<link rel=\"canonical\" href=\"https:\/\/themeholt.com\/fr\/product\/financerr-finance-dentreprise\/\" \/>\n<meta property=\"og:locale\" content=\"fr_FR\" \/>\n<meta property=\"og:type\" content=\"article\" \/>\n<meta property=\"og:title\" content=\"Financerr Finance d&#039;entreprise\" \/>\n<meta property=\"og:description\" content=\"D\u00e9bloquez votre r\u00e9ussite financi\u00e8re avec les solutions et th\u00e8mes de financement d&#039;entreprise de Financer. Am\u00e9liorez vos plans financiers avec des outils et des th\u00e8mes personnalis\u00e9s. D\u00e9couvrez maintenant !\" \/>\n<meta property=\"og:url\" content=\"https:\/\/themeholt.com\/fr\/product\/financerr-finance-dentreprise\/\" \/>\n<meta property=\"og:site_name\" content=\"ThemeHolt\" \/>\n<meta property=\"article:publisher\" content=\"https:\/\/www.facebook.com\/themeholtT\" \/>\n<meta property=\"article:modified_time\" content=\"2024-10-14T11:51:01+00:00\" \/>\n<meta property=\"og:image\" content=\"https:\/\/themeholt.com\/wp-content\/uploads\/2023\/10\/346.png\" \/>\n\t<meta property=\"og:image:width\" content=\"1358\" \/>\n\t<meta property=\"og:image:height\" content=\"1118\" \/>\n\t<meta property=\"og:image:type\" content=\"image\/png\" \/>\n<meta name=\"twitter:card\" content=\"summary_large_image\" \/>\n<meta name=\"twitter:site\" content=\"@ThemeholtT\" \/>\n<meta name=\"twitter:label1\" content=\"Dur\u00e9e de lecture estim\u00e9e\" \/>\n\t<meta name=\"twitter:data1\" content=\"1 minute\" \/>\n<script type=\"application\/ld+json\" class=\"yoast-schema-graph\">{\"@context\":\"https:\/\/schema.org\",\"@graph\":[{\"@type\":\"WebPage\",\"@id\":\"https:\/\/themeholt.com\/fr\/product\/financerr-finance-dentreprise\/\",\"url\":\"https:\/\/themeholt.com\/fr\/product\/financerr-finance-dentreprise\/\",\"name\":\"Th\u00e8mes WordPress pour la finance | Th\u00e8mes pour la finance d'entreprise\",\"isPartOf\":{\"@id\":\"https:\/\/themeholt.com\/#website\"},\"primaryImageOfPage\":{\"@id\":\"https:\/\/themeholt.com\/fr\/product\/financerr-finance-dentreprise\/#primaryimage\"},\"image\":{\"@id\":\"https:\/\/themeholt.com\/fr\/product\/financerr-finance-dentreprise\/#primaryimage\"},\"thumbnailUrl\":\"https:\/\/themeholt.com\/wp-content\/uploads\/2023\/10\/346.png\",\"datePublished\":\"2023-10-11T04:48:18+00:00\",\"dateModified\":\"2024-10-14T11:51:01+00:00\",\"description\":\"D\u00e9bloquez votre r\u00e9ussite financi\u00e8re avec les solutions et th\u00e8mes de financement d'entreprise de Financer. Am\u00e9liorez vos plans financiers avec des outils et des th\u00e8mes personnalis\u00e9s. D\u00e9couvrez maintenant !\",\"breadcrumb\":{\"@id\":\"https:\/\/themeholt.com\/fr\/product\/financerr-finance-dentreprise\/#breadcrumb\"},\"inLanguage\":\"fr-FR\",\"potentialAction\":[{\"@type\":\"ReadAction\",\"target\":[\"https:\/\/themeholt.com\/fr\/product\/financerr-finance-dentreprise\/\"]}]},{\"@type\":\"ImageObject\",\"inLanguage\":\"fr-FR\",\"@id\":\"https:\/\/themeholt.com\/fr\/product\/financerr-finance-dentreprise\/#primaryimage\",\"url\":\"https:\/\/themeholt.com\/wp-content\/uploads\/2023\/10\/346.png\",\"contentUrl\":\"https:\/\/themeholt.com\/wp-content\/uploads\/2023\/10\/346.png\",\"width\":1358,\"height\":1118},{\"@type\":\"BreadcrumbList\",\"@id\":\"https:\/\/themeholt.com\/fr\/product\/financerr-finance-dentreprise\/#breadcrumb\",\"itemListElement\":[{\"@type\":\"ListItem\",\"position\":1,\"name\":\"Home\",\"item\":\"https:\/\/themeholt.com\/fr\/\"},{\"@type\":\"ListItem\",\"position\":2,\"name\":\"Shop\",\"item\":\"https:\/\/themeholt.com\/shop\/\"},{\"@type\":\"ListItem\",\"position\":3,\"name\":\"Financerr Finance d&rsquo;entreprise\"}]},{\"@type\":\"WebSite\",\"@id\":\"https:\/\/themeholt.com\/#website\",\"url\":\"https:\/\/themeholt.com\/\",\"name\":\"ThemeHolt\",\"description\":\"Themeholt is a website that offers high-quality WordPress themes\",\"publisher\":{\"@id\":\"https:\/\/themeholt.com\/#organization\"},\"potentialAction\":[{\"@type\":\"SearchAction\",\"target\":{\"@type\":\"EntryPoint\",\"urlTemplate\":\"https:\/\/themeholt.com\/?s={search_term_string}\"},\"query-input\":{\"@type\":\"PropertyValueSpecification\",\"valueRequired\":true,\"valueName\":\"search_term_string\"}}],\"inLanguage\":\"fr-FR\"},{\"@type\":\"Organization\",\"@id\":\"https:\/\/themeholt.com\/#organization\",\"name\":\"ThemeHolt\",\"alternateName\":\"ThemeHolt\",\"url\":\"https:\/\/themeholt.com\/\",\"logo\":{\"@type\":\"ImageObject\",\"inLanguage\":\"fr-FR\",\"@id\":\"https:\/\/themeholt.com\/#\/schema\/logo\/image\/\",\"url\":\"https:\/\/themeholt.com\/wp-content\/uploads\/2024\/10\/themeholt.png\",\"contentUrl\":\"https:\/\/themeholt.com\/wp-content\/uploads\/2024\/10\/themeholt.png\",\"width\":225,\"height\":225,\"caption\":\"ThemeHolt\"},\"image\":{\"@id\":\"https:\/\/themeholt.com\/#\/schema\/logo\/image\/\"},\"sameAs\":[\"https:\/\/www.facebook.com\/themeholtT\",\"https:\/\/x.com\/ThemeholtT\",\"https:\/\/www.linkedin.com\/company\/themeholt\",\"https:\/\/www.instagram.com\/themeholtt\/\"],\"description\":\"Themeholt is a website that offers high-quality WordPress themes that are easy to use and ready for just about everything. In Eindhoven, Netherlands, since 2020 offering simple, accessible WordPress themes by providing a variety of requirements. Themeholt focuses on practicality and efficiency, allowing faster project completion with its superior marketplace and easy-to-use templates.\",\"legalName\":\"ThemeHolt\",\"foundingDate\":\"2022-11-10\",\"numberOfEmployees\":{\"@type\":\"QuantitativeValue\",\"minValue\":\"51\",\"maxValue\":\"200\"}}]}<\/script>\n<!-- \/ Yoast SEO Premium plugin. -->","yoast_head_json":{"title":"Th\u00e8mes WordPress pour la finance | Th\u00e8mes pour la finance d'entreprise","description":"D\u00e9bloquez votre r\u00e9ussite financi\u00e8re avec les solutions et th\u00e8mes de financement d'entreprise de Financer. Am\u00e9liorez vos plans financiers avec des outils et des th\u00e8mes personnalis\u00e9s. D\u00e9couvrez maintenant !","robots":{"index":"index","follow":"follow","max-snippet":"max-snippet:-1","max-image-preview":"max-image-preview:large","max-video-preview":"max-video-preview:-1"},"canonical":"https:\/\/themeholt.com\/fr\/product\/financerr-finance-dentreprise\/","og_locale":"fr_FR","og_type":"article","og_title":"Financerr Finance d'entreprise","og_description":"D\u00e9bloquez votre r\u00e9ussite financi\u00e8re avec les solutions et th\u00e8mes de financement d'entreprise de Financer. Am\u00e9liorez vos plans financiers avec des outils et des th\u00e8mes personnalis\u00e9s. D\u00e9couvrez maintenant !","og_url":"https:\/\/themeholt.com\/fr\/product\/financerr-finance-dentreprise\/","og_site_name":"ThemeHolt","article_publisher":"https:\/\/www.facebook.com\/themeholtT","article_modified_time":"2024-10-14T11:51:01+00:00","og_image":[{"width":1358,"height":1118,"url":"https:\/\/themeholt.com\/wp-content\/uploads\/2023\/10\/346.png","type":"image\/png"}],"twitter_card":"summary_large_image","twitter_site":"@ThemeholtT","twitter_misc":{"Dur\u00e9e de lecture estim\u00e9e":"1 minute"},"schema":{"@context":"https:\/\/schema.org","@graph":[{"@type":"WebPage","@id":"https:\/\/themeholt.com\/fr\/product\/financerr-finance-dentreprise\/","url":"https:\/\/themeholt.com\/fr\/product\/financerr-finance-dentreprise\/","name":"Th\u00e8mes WordPress pour la finance | Th\u00e8mes pour la finance d'entreprise","isPartOf":{"@id":"https:\/\/themeholt.com\/#website"},"primaryImageOfPage":{"@id":"https:\/\/themeholt.com\/fr\/product\/financerr-finance-dentreprise\/#primaryimage"},"image":{"@id":"https:\/\/themeholt.com\/fr\/product\/financerr-finance-dentreprise\/#primaryimage"},"thumbnailUrl":"https:\/\/themeholt.com\/wp-content\/uploads\/2023\/10\/346.png","datePublished":"2023-10-11T04:48:18+00:00","dateModified":"2024-10-14T11:51:01+00:00","description":"D\u00e9bloquez votre r\u00e9ussite financi\u00e8re avec les solutions et th\u00e8mes de financement d'entreprise de Financer. Am\u00e9liorez vos plans financiers avec des outils et des th\u00e8mes personnalis\u00e9s. D\u00e9couvrez maintenant !","breadcrumb":{"@id":"https:\/\/themeholt.com\/fr\/product\/financerr-finance-dentreprise\/#breadcrumb"},"inLanguage":"fr-FR","potentialAction":[{"@type":"ReadAction","target":["https:\/\/themeholt.com\/fr\/product\/financerr-finance-dentreprise\/"]}]},{"@type":"ImageObject","inLanguage":"fr-FR","@id":"https:\/\/themeholt.com\/fr\/product\/financerr-finance-dentreprise\/#primaryimage","url":"https:\/\/themeholt.com\/wp-content\/uploads\/2023\/10\/346.png","contentUrl":"https:\/\/themeholt.com\/wp-content\/uploads\/2023\/10\/346.png","width":1358,"height":1118},{"@type":"BreadcrumbList","@id":"https:\/\/themeholt.com\/fr\/product\/financerr-finance-dentreprise\/#breadcrumb","itemListElement":[{"@type":"ListItem","position":1,"name":"Home","item":"https:\/\/themeholt.com\/fr\/"},{"@type":"ListItem","position":2,"name":"Shop","item":"https:\/\/themeholt.com\/shop\/"},{"@type":"ListItem","position":3,"name":"Financerr Finance d&rsquo;entreprise"}]},{"@type":"WebSite","@id":"https:\/\/themeholt.com\/#website","url":"https:\/\/themeholt.com\/","name":"ThemeHolt","description":"Themeholt is a website that offers high-quality WordPress themes","publisher":{"@id":"https:\/\/themeholt.com\/#organization"},"potentialAction":[{"@type":"SearchAction","target":{"@type":"EntryPoint","urlTemplate":"https:\/\/themeholt.com\/?s={search_term_string}"},"query-input":{"@type":"PropertyValueSpecification","valueRequired":true,"valueName":"search_term_string"}}],"inLanguage":"fr-FR"},{"@type":"Organization","@id":"https:\/\/themeholt.com\/#organization","name":"ThemeHolt","alternateName":"ThemeHolt","url":"https:\/\/themeholt.com\/","logo":{"@type":"ImageObject","inLanguage":"fr-FR","@id":"https:\/\/themeholt.com\/#\/schema\/logo\/image\/","url":"https:\/\/themeholt.com\/wp-content\/uploads\/2024\/10\/themeholt.png","contentUrl":"https:\/\/themeholt.com\/wp-content\/uploads\/2024\/10\/themeholt.png","width":225,"height":225,"caption":"ThemeHolt"},"image":{"@id":"https:\/\/themeholt.com\/#\/schema\/logo\/image\/"},"sameAs":["https:\/\/www.facebook.com\/themeholtT","https:\/\/x.com\/ThemeholtT","https:\/\/www.linkedin.com\/company\/themeholt","https:\/\/www.instagram.com\/themeholtt\/"],"description":"Themeholt is a website that offers high-quality WordPress themes that are easy to use and ready for just about everything. In Eindhoven, Netherlands, since 2020 offering simple, accessible WordPress themes by providing a variety of requirements. Themeholt focuses on practicality and efficiency, allowing faster project completion with its superior marketplace and easy-to-use templates.","legalName":"ThemeHolt","foundingDate":"2022-11-10","numberOfEmployees":{"@type":"QuantitativeValue","minValue":"51","maxValue":"200"}}]}},"_links":{"self":[{"href":"https:\/\/themeholt.com\/fr\/wp-json\/wp\/v2\/product\/12630","targetHints":{"allow":["GET"]}}],"collection":[{"href":"https:\/\/themeholt.com\/fr\/wp-json\/wp\/v2\/product"}],"about":[{"href":"https:\/\/themeholt.com\/fr\/wp-json\/wp\/v2\/types\/product"}],"wp:featuredmedia":[{"embeddable":true,"href":"https:\/\/themeholt.com\/fr\/wp-json\/wp\/v2\/media\/12631"}],"wp:attachment":[{"href":"https:\/\/themeholt.com\/fr\/wp-json\/wp\/v2\/media?parent=12630"}],"wp:term":[{"taxonomy":"product_brand","embeddable":true,"href":"https:\/\/themeholt.com\/fr\/wp-json\/wp\/v2\/product_brand?post=12630"},{"taxonomy":"product_cat","embeddable":true,"href":"https:\/\/themeholt.com\/fr\/wp-json\/wp\/v2\/product_cat?post=12630"},{"taxonomy":"product_tag","embeddable":true,"href":"https:\/\/themeholt.com\/fr\/wp-json\/wp\/v2\/product_tag?post=12630"}],"curies":[{"name":"wp","href":"https:\/\/api.w.org\/{rel}","templated":true}]}}