{"id":12636,"date":"2023-10-09T12:24:41","date_gmt":"2023-10-09T12:24:41","guid":{"rendered":"https:\/\/themeholt.com\/product\/virtty-virtual-reality-services\/"},"modified":"2024-10-14T11:54:53","modified_gmt":"2024-10-14T11:54:53","slug":"services-de-realite-virtuelle-virtty","status":"publish","type":"product","link":"https:\/\/themeholt.com\/fr\/product\/services-de-realite-virtuelle-virtty\/","title":{"rendered":"Services de r\u00e9alit\u00e9 virtuelle Virtty"},"content":{"rendered":"<p><span style=\"font-weight: 400\">Le th\u00e8me WordPress pour les services de r\u00e9alit\u00e9 virtuelle<\/span><b>est riche en fonctionnalit\u00e9s et offre tous les outils dont vous avez besoin pour promouvoir efficacement vos services de r\u00e9alit\u00e9 virtuelle. Les clients peuvent facilement organiser des s\u00e9ances ou des rendez-vous gr\u00e2ce au syst\u00e8me de r\u00e9servation int\u00e9gr\u00e9. De plus, vous pouvez utiliser les fonctionnalit\u00e9s de commerce \u00e9lectronique pour vendre du mat\u00e9riel, des accessoires ou des exp\u00e9riences de r\u00e9alit\u00e9 virtuelle directement depuis votre site Web. Il est facile d&rsquo;interagir avec votre public et de cr\u00e9er des relations durables lorsque vous disposez d&rsquo;une int\u00e9gration de r\u00e9seaux sociaux, de formulaires de contact et d&rsquo;options d&rsquo;abonnement \u00e0 la newsletter.<\/span><\/p>\n<p><span style=\"font-weight: 400\">Ce th\u00e8me est unique en ce sens qu&rsquo;il favorise les performances. Il est optimis\u00e9 pour les moteurs de recherche afin d&rsquo;aider \u00e0 augmenter la pr\u00e9sence de votre site dans les r\u00e9sultats de recherche et se charge rapidement, de sorte que les utilisateurs ne seront pas frustr\u00e9s par de longs temps de chargement. De plus, un certain nombre d&rsquo;outils de r\u00e9f\u00e9rencement int\u00e9gr\u00e9s peuvent vous aider \u00e0 am\u00e9liorer les fonctionnalit\u00e9s de votre site Web et \u00e0 permettre aux nouveaux clients de d\u00e9couvrir plus facilement vos services de r\u00e9alit\u00e9 virtuelle.<\/span><\/p>\n","protected":false},"excerpt":{"rendered":"<ul>\n<li><span style=\"font-weight: 400\">Conception moderne et exp\u00e9rience centr\u00e9e sur l&rsquo;utilisateur<\/span><\/li>\n<li><span style=\"font-weight: 400\">Riche en fonctionnalit\u00e9s et personnalisable<\/span><\/li>\n<li><span style=\"font-weight: 400\">Pr\u00e9sentation du portefeuille<\/span><\/li>\n<li><span style=\"font-weight: 400\">Services et solutions<\/span><\/li>\n<li><span style=\"font-weight: 400\">T\u00e9moignages et \u00e9tudes de cas<\/span><\/li>\n<li><span style=\"font-weight: 400\">Int\u00e9gration de blog<\/span><\/li>\n<\/ul>\n","protected":false},"featured_media":12637,"template":"","meta":{"_acf_changed":false,"inline_featured_image":false},"product_brand":[],"product_cat":[1820],"product_tag":[1825],"class_list":{"0":"post-12636","1":"product","2":"type-product","3":"status-publish","4":"has-post-thumbnail","6":"product_cat-technology-apps-ru","7":"product_tag-best-mobile-applications-themes-ru","9":"first","10":"instock","11":"sale","12":"downloadable","13":"taxable","14":"shipping-taxable","15":"purchasable","16":"product-type-simple"},"acf":[],"yoast_head":"<!-- This site is optimized with the Yoast SEO Premium plugin v22.1 (Yoast SEO v26.0) - https:\/\/yoast.com\/wordpress\/plugins\/seo\/ -->\n<title>Immergez votre site Web avec un th\u00e8me WordPress de services de r\u00e9alit\u00e9 virtuelle<\/title>\n<meta name=\"description\" content=\"D\u00e9couvrez le th\u00e8me WordPress ultime pour les services de r\u00e9alit\u00e9 virtuelle : am\u00e9liorez votre pr\u00e9sence en ligne avec un design et des fonctionnalit\u00e9s immersives. Parfait pour les entreprises et les passionn\u00e9s de r\u00e9alit\u00e9 virtuelle. D\u00e9couvrez-le maintenant !\" \/>\n<meta name=\"robots\" content=\"index, follow, max-snippet:-1, max-image-preview:large, max-video-preview:-1\" \/>\n<link rel=\"canonical\" href=\"https:\/\/themeholt.com\/fr\/product\/services-de-realite-virtuelle-virtty\/\" \/>\n<meta property=\"og:locale\" content=\"fr_FR\" \/>\n<meta property=\"og:type\" content=\"article\" \/>\n<meta property=\"og:title\" content=\"Services de r\u00e9alit\u00e9 virtuelle Virtty\" \/>\n<meta property=\"og:description\" content=\"D\u00e9couvrez le th\u00e8me WordPress ultime pour les services de r\u00e9alit\u00e9 virtuelle : am\u00e9liorez votre pr\u00e9sence en ligne avec un design et des fonctionnalit\u00e9s immersives. Parfait pour les entreprises et les passionn\u00e9s de r\u00e9alit\u00e9 virtuelle. D\u00e9couvrez-le maintenant !\" \/>\n<meta property=\"og:url\" content=\"https:\/\/themeholt.com\/fr\/product\/services-de-realite-virtuelle-virtty\/\" \/>\n<meta property=\"og:site_name\" content=\"ThemeHolt\" \/>\n<meta property=\"article:publisher\" content=\"https:\/\/www.facebook.com\/themeholtT\" \/>\n<meta property=\"article:modified_time\" content=\"2024-10-14T11:54:53+00:00\" \/>\n<meta property=\"og:image\" content=\"https:\/\/themeholt.com\/wp-content\/uploads\/2023\/10\/41-3-918x1024.png\" \/>\n\t<meta property=\"og:image:width\" content=\"918\" \/>\n\t<meta property=\"og:image:height\" content=\"1024\" \/>\n\t<meta property=\"og:image:type\" content=\"image\/png\" \/>\n<meta name=\"twitter:card\" content=\"summary_large_image\" \/>\n<meta name=\"twitter:site\" content=\"@ThemeholtT\" \/>\n<meta name=\"twitter:label1\" content=\"Dur\u00e9e de lecture estim\u00e9e\" \/>\n\t<meta name=\"twitter:data1\" content=\"1 minute\" \/>\n<script type=\"application\/ld+json\" class=\"yoast-schema-graph\">{\"@context\":\"https:\/\/schema.org\",\"@graph\":[{\"@type\":\"WebPage\",\"@id\":\"https:\/\/themeholt.com\/fr\/product\/services-de-realite-virtuelle-virtty\/\",\"url\":\"https:\/\/themeholt.com\/fr\/product\/services-de-realite-virtuelle-virtty\/\",\"name\":\"Immergez votre site Web avec un th\u00e8me WordPress de services de r\u00e9alit\u00e9 virtuelle\",\"isPartOf\":{\"@id\":\"https:\/\/themeholt.com\/#website\"},\"primaryImageOfPage\":{\"@id\":\"https:\/\/themeholt.com\/fr\/product\/services-de-realite-virtuelle-virtty\/#primaryimage\"},\"image\":{\"@id\":\"https:\/\/themeholt.com\/fr\/product\/services-de-realite-virtuelle-virtty\/#primaryimage\"},\"thumbnailUrl\":\"https:\/\/themeholt.com\/wp-content\/uploads\/2023\/10\/41-3.png\",\"datePublished\":\"2023-10-09T12:24:41+00:00\",\"dateModified\":\"2024-10-14T11:54:53+00:00\",\"description\":\"D\u00e9couvrez le th\u00e8me WordPress ultime pour les services de r\u00e9alit\u00e9 virtuelle : am\u00e9liorez votre pr\u00e9sence en ligne avec un design et des fonctionnalit\u00e9s immersives. Parfait pour les entreprises et les passionn\u00e9s de r\u00e9alit\u00e9 virtuelle. D\u00e9couvrez-le maintenant !\",\"breadcrumb\":{\"@id\":\"https:\/\/themeholt.com\/fr\/product\/services-de-realite-virtuelle-virtty\/#breadcrumb\"},\"inLanguage\":\"fr-FR\",\"potentialAction\":[{\"@type\":\"ReadAction\",\"target\":[\"https:\/\/themeholt.com\/fr\/product\/services-de-realite-virtuelle-virtty\/\"]}]},{\"@type\":\"ImageObject\",\"inLanguage\":\"fr-FR\",\"@id\":\"https:\/\/themeholt.com\/fr\/product\/services-de-realite-virtuelle-virtty\/#primaryimage\",\"url\":\"https:\/\/themeholt.com\/wp-content\/uploads\/2023\/10\/41-3.png\",\"contentUrl\":\"https:\/\/themeholt.com\/wp-content\/uploads\/2023\/10\/41-3.png\",\"width\":1363,\"height\":1520},{\"@type\":\"BreadcrumbList\",\"@id\":\"https:\/\/themeholt.com\/fr\/product\/services-de-realite-virtuelle-virtty\/#breadcrumb\",\"itemListElement\":[{\"@type\":\"ListItem\",\"position\":1,\"name\":\"Home\",\"item\":\"https:\/\/themeholt.com\/fr\/\"},{\"@type\":\"ListItem\",\"position\":2,\"name\":\"Shop\",\"item\":\"https:\/\/themeholt.com\/shop\/\"},{\"@type\":\"ListItem\",\"position\":3,\"name\":\"Services de r\u00e9alit\u00e9 virtuelle Virtty\"}]},{\"@type\":\"WebSite\",\"@id\":\"https:\/\/themeholt.com\/#website\",\"url\":\"https:\/\/themeholt.com\/\",\"name\":\"ThemeHolt\",\"description\":\"Themeholt is a website that offers high-quality WordPress themes\",\"publisher\":{\"@id\":\"https:\/\/themeholt.com\/#organization\"},\"potentialAction\":[{\"@type\":\"SearchAction\",\"target\":{\"@type\":\"EntryPoint\",\"urlTemplate\":\"https:\/\/themeholt.com\/?s={search_term_string}\"},\"query-input\":{\"@type\":\"PropertyValueSpecification\",\"valueRequired\":true,\"valueName\":\"search_term_string\"}}],\"inLanguage\":\"fr-FR\"},{\"@type\":\"Organization\",\"@id\":\"https:\/\/themeholt.com\/#organization\",\"name\":\"ThemeHolt\",\"alternateName\":\"ThemeHolt\",\"url\":\"https:\/\/themeholt.com\/\",\"logo\":{\"@type\":\"ImageObject\",\"inLanguage\":\"fr-FR\",\"@id\":\"https:\/\/themeholt.com\/#\/schema\/logo\/image\/\",\"url\":\"https:\/\/themeholt.com\/wp-content\/uploads\/2024\/10\/themeholt.png\",\"contentUrl\":\"https:\/\/themeholt.com\/wp-content\/uploads\/2024\/10\/themeholt.png\",\"width\":225,\"height\":225,\"caption\":\"ThemeHolt\"},\"image\":{\"@id\":\"https:\/\/themeholt.com\/#\/schema\/logo\/image\/\"},\"sameAs\":[\"https:\/\/www.facebook.com\/themeholtT\",\"https:\/\/x.com\/ThemeholtT\",\"https:\/\/www.linkedin.com\/company\/themeholt\",\"https:\/\/www.instagram.com\/themeholtt\/\"],\"description\":\"Themeholt is a website that offers high-quality WordPress themes that are easy to use and ready for just about everything. In Eindhoven, Netherlands, since 2020 offering simple, accessible WordPress themes by providing a variety of requirements. Themeholt focuses on practicality and efficiency, allowing faster project completion with its superior marketplace and easy-to-use templates.\",\"legalName\":\"ThemeHolt\",\"foundingDate\":\"2022-11-10\",\"numberOfEmployees\":{\"@type\":\"QuantitativeValue\",\"minValue\":\"51\",\"maxValue\":\"200\"}}]}<\/script>\n<!-- \/ Yoast SEO Premium plugin. -->","yoast_head_json":{"title":"Immergez votre site Web avec un th\u00e8me WordPress de services de r\u00e9alit\u00e9 virtuelle","description":"D\u00e9couvrez le th\u00e8me WordPress ultime pour les services de r\u00e9alit\u00e9 virtuelle : am\u00e9liorez votre pr\u00e9sence en ligne avec un design et des fonctionnalit\u00e9s immersives. Parfait pour les entreprises et les passionn\u00e9s de r\u00e9alit\u00e9 virtuelle. D\u00e9couvrez-le maintenant !","robots":{"index":"index","follow":"follow","max-snippet":"max-snippet:-1","max-image-preview":"max-image-preview:large","max-video-preview":"max-video-preview:-1"},"canonical":"https:\/\/themeholt.com\/fr\/product\/services-de-realite-virtuelle-virtty\/","og_locale":"fr_FR","og_type":"article","og_title":"Services de r\u00e9alit\u00e9 virtuelle Virtty","og_description":"D\u00e9couvrez le th\u00e8me WordPress ultime pour les services de r\u00e9alit\u00e9 virtuelle : am\u00e9liorez votre pr\u00e9sence en ligne avec un design et des fonctionnalit\u00e9s immersives. Parfait pour les entreprises et les passionn\u00e9s de r\u00e9alit\u00e9 virtuelle. D\u00e9couvrez-le maintenant !","og_url":"https:\/\/themeholt.com\/fr\/product\/services-de-realite-virtuelle-virtty\/","og_site_name":"ThemeHolt","article_publisher":"https:\/\/www.facebook.com\/themeholtT","article_modified_time":"2024-10-14T11:54:53+00:00","og_image":[{"width":918,"height":1024,"url":"https:\/\/themeholt.com\/wp-content\/uploads\/2023\/10\/41-3-918x1024.png","type":"image\/png"}],"twitter_card":"summary_large_image","twitter_site":"@ThemeholtT","twitter_misc":{"Dur\u00e9e de lecture estim\u00e9e":"1 minute"},"schema":{"@context":"https:\/\/schema.org","@graph":[{"@type":"WebPage","@id":"https:\/\/themeholt.com\/fr\/product\/services-de-realite-virtuelle-virtty\/","url":"https:\/\/themeholt.com\/fr\/product\/services-de-realite-virtuelle-virtty\/","name":"Immergez votre site Web avec un th\u00e8me WordPress de services de r\u00e9alit\u00e9 virtuelle","isPartOf":{"@id":"https:\/\/themeholt.com\/#website"},"primaryImageOfPage":{"@id":"https:\/\/themeholt.com\/fr\/product\/services-de-realite-virtuelle-virtty\/#primaryimage"},"image":{"@id":"https:\/\/themeholt.com\/fr\/product\/services-de-realite-virtuelle-virtty\/#primaryimage"},"thumbnailUrl":"https:\/\/themeholt.com\/wp-content\/uploads\/2023\/10\/41-3.png","datePublished":"2023-10-09T12:24:41+00:00","dateModified":"2024-10-14T11:54:53+00:00","description":"D\u00e9couvrez le th\u00e8me WordPress ultime pour les services de r\u00e9alit\u00e9 virtuelle : am\u00e9liorez votre pr\u00e9sence en ligne avec un design et des fonctionnalit\u00e9s immersives. Parfait pour les entreprises et les passionn\u00e9s de r\u00e9alit\u00e9 virtuelle. D\u00e9couvrez-le maintenant !","breadcrumb":{"@id":"https:\/\/themeholt.com\/fr\/product\/services-de-realite-virtuelle-virtty\/#breadcrumb"},"inLanguage":"fr-FR","potentialAction":[{"@type":"ReadAction","target":["https:\/\/themeholt.com\/fr\/product\/services-de-realite-virtuelle-virtty\/"]}]},{"@type":"ImageObject","inLanguage":"fr-FR","@id":"https:\/\/themeholt.com\/fr\/product\/services-de-realite-virtuelle-virtty\/#primaryimage","url":"https:\/\/themeholt.com\/wp-content\/uploads\/2023\/10\/41-3.png","contentUrl":"https:\/\/themeholt.com\/wp-content\/uploads\/2023\/10\/41-3.png","width":1363,"height":1520},{"@type":"BreadcrumbList","@id":"https:\/\/themeholt.com\/fr\/product\/services-de-realite-virtuelle-virtty\/#breadcrumb","itemListElement":[{"@type":"ListItem","position":1,"name":"Home","item":"https:\/\/themeholt.com\/fr\/"},{"@type":"ListItem","position":2,"name":"Shop","item":"https:\/\/themeholt.com\/shop\/"},{"@type":"ListItem","position":3,"name":"Services de r\u00e9alit\u00e9 virtuelle Virtty"}]},{"@type":"WebSite","@id":"https:\/\/themeholt.com\/#website","url":"https:\/\/themeholt.com\/","name":"ThemeHolt","description":"Themeholt is a website that offers high-quality WordPress themes","publisher":{"@id":"https:\/\/themeholt.com\/#organization"},"potentialAction":[{"@type":"SearchAction","target":{"@type":"EntryPoint","urlTemplate":"https:\/\/themeholt.com\/?s={search_term_string}"},"query-input":{"@type":"PropertyValueSpecification","valueRequired":true,"valueName":"search_term_string"}}],"inLanguage":"fr-FR"},{"@type":"Organization","@id":"https:\/\/themeholt.com\/#organization","name":"ThemeHolt","alternateName":"ThemeHolt","url":"https:\/\/themeholt.com\/","logo":{"@type":"ImageObject","inLanguage":"fr-FR","@id":"https:\/\/themeholt.com\/#\/schema\/logo\/image\/","url":"https:\/\/themeholt.com\/wp-content\/uploads\/2024\/10\/themeholt.png","contentUrl":"https:\/\/themeholt.com\/wp-content\/uploads\/2024\/10\/themeholt.png","width":225,"height":225,"caption":"ThemeHolt"},"image":{"@id":"https:\/\/themeholt.com\/#\/schema\/logo\/image\/"},"sameAs":["https:\/\/www.facebook.com\/themeholtT","https:\/\/x.com\/ThemeholtT","https:\/\/www.linkedin.com\/company\/themeholt","https:\/\/www.instagram.com\/themeholtt\/"],"description":"Themeholt is a website that offers high-quality WordPress themes that are easy to use and ready for just about everything. In Eindhoven, Netherlands, since 2020 offering simple, accessible WordPress themes by providing a variety of requirements. Themeholt focuses on practicality and efficiency, allowing faster project completion with its superior marketplace and easy-to-use templates.","legalName":"ThemeHolt","foundingDate":"2022-11-10","numberOfEmployees":{"@type":"QuantitativeValue","minValue":"51","maxValue":"200"}}]}},"_links":{"self":[{"href":"https:\/\/themeholt.com\/fr\/wp-json\/wp\/v2\/product\/12636","targetHints":{"allow":["GET"]}}],"collection":[{"href":"https:\/\/themeholt.com\/fr\/wp-json\/wp\/v2\/product"}],"about":[{"href":"https:\/\/themeholt.com\/fr\/wp-json\/wp\/v2\/types\/product"}],"wp:featuredmedia":[{"embeddable":true,"href":"https:\/\/themeholt.com\/fr\/wp-json\/wp\/v2\/media\/12637"}],"wp:attachment":[{"href":"https:\/\/themeholt.com\/fr\/wp-json\/wp\/v2\/media?parent=12636"}],"wp:term":[{"taxonomy":"product_brand","embeddable":true,"href":"https:\/\/themeholt.com\/fr\/wp-json\/wp\/v2\/product_brand?post=12636"},{"taxonomy":"product_cat","embeddable":true,"href":"https:\/\/themeholt.com\/fr\/wp-json\/wp\/v2\/product_cat?post=12636"},{"taxonomy":"product_tag","embeddable":true,"href":"https:\/\/themeholt.com\/fr\/wp-json\/wp\/v2\/product_tag?post=12636"}],"curies":[{"name":"wp","href":"https:\/\/api.w.org\/{rel}","templated":true}]}}