{"id":12646,"date":"2023-10-11T04:37:46","date_gmt":"2023-10-11T04:37:46","guid":{"rendered":"https:\/\/themeholt.com\/product\/virtable-virtual-assistant-business\/"},"modified":"2024-10-14T12:02:34","modified_gmt":"2024-10-14T12:02:34","slug":"entreprise-dassistant-virtuel-virtable","status":"publish","type":"product","link":"https:\/\/themeholt.com\/fr\/product\/entreprise-dassistant-virtuel-virtable\/","title":{"rendered":"Entreprise d&rsquo;assistant virtuel Virtable"},"content":{"rendered":"<p>\u00c9levez votre entreprise d&rsquo;assistant virtuel vers de nouveaux sommets avec notre th\u00e8me d&rsquo;entreprise d&rsquo;assistant virtuel. Ce th\u00e8me WordPress sp\u00e9cialement con\u00e7u est la cl\u00e9 pour mettre en valeur votre expertise, vous connecter avec les clients et rationaliser vos services avec une pr\u00e9sence en ligne professionnelle.<\/p>\n<p>Que vous soyez un assistant virtuel \u00e9tabli ou que vous vous lanciez dans votre parcours de freelance, le th\u00e8me d&rsquo;entreprise d&rsquo;assistant virtuel est votre passerelle vers une pr\u00e9sence en ligne puissante. Instaurez la confiance, mettez en valeur vos comp\u00e9tences et attirez les clients \u00e0 la recherche d&rsquo;un assistant virtuel fiable. \u00c9levez votre entreprise d&rsquo;assistant virtuel d\u00e8s aujourd&rsquo;hui et regardez votre carri\u00e8re s&rsquo;envoler vers de nouveaux sommets. Commencez d\u00e8s maintenant \u00e0 d\u00e9couvrir la transformation de votre pr\u00e9sence num\u00e9rique.<\/p>\n<h3 class=\"LC20lb MBeuO DKV0Md\"><\/h3>\n","protected":false},"excerpt":{"rendered":"<ul>\n<li>Design \u00e9pur\u00e9<\/li>\n<li>Apparence professionnelle<\/li>\n<li>Mise en page adaptative<\/li>\n<li>Optimis\u00e9 pour le r\u00e9f\u00e9rencement<\/li>\n<li>Th\u00e8me enti\u00e8rement personnalisable<\/li>\n<li>G\u00e9n\u00e9rateur de pages Elementor<\/li>\n<li>Pr\u00eat pour WooCommerce<\/li>\n<li>S\u00e9curit\u00e9 et conformit\u00e9<\/li>\n<\/ul>\n","protected":false},"featured_media":12647,"template":"","meta":{"_acf_changed":false,"inline_featured_image":false},"product_brand":[],"product_cat":[1772],"product_tag":[1833],"class_list":{"0":"post-12646","1":"product","2":"type-product","3":"status-publish","4":"has-post-thumbnail","6":"product_cat-corporate-business-ru","7":"product_tag-virtual-assistant-business-ru","9":"first","10":"instock","11":"sale","12":"downloadable","13":"taxable","14":"shipping-taxable","15":"purchasable","16":"product-type-simple"},"acf":[],"yoast_head":"<!-- This site is optimized with the Yoast SEO Premium plugin v22.1 (Yoast SEO v26.0) - https:\/\/yoast.com\/wordpress\/plugins\/seo\/ -->\n<title>Assistant virtuel Virtable Business | Entreprise<\/title>\n<meta name=\"description\" content=\"D\u00e9veloppez votre entreprise avec des assistants virtuels virtuels et des th\u00e8mes WordPress abordables. Boostez votre productivit\u00e9 avec nos solutions d&#039;entreprise fiables.\" \/>\n<meta name=\"robots\" content=\"index, follow, max-snippet:-1, max-image-preview:large, max-video-preview:-1\" \/>\n<link rel=\"canonical\" href=\"https:\/\/themeholt.com\/fr\/product\/entreprise-dassistant-virtuel-virtable\/\" \/>\n<meta property=\"og:locale\" content=\"fr_FR\" \/>\n<meta property=\"og:type\" content=\"article\" \/>\n<meta property=\"og:title\" content=\"Entreprise d&#039;assistant virtuel Virtable\" \/>\n<meta property=\"og:description\" content=\"D\u00e9veloppez votre entreprise avec des assistants virtuels virtuels et des th\u00e8mes WordPress abordables. Boostez votre productivit\u00e9 avec nos solutions d&#039;entreprise fiables.\" \/>\n<meta property=\"og:url\" content=\"https:\/\/themeholt.com\/fr\/product\/entreprise-dassistant-virtuel-virtable\/\" \/>\n<meta property=\"og:site_name\" content=\"ThemeHolt\" \/>\n<meta property=\"article:publisher\" content=\"https:\/\/www.facebook.com\/themeholtT\" \/>\n<meta property=\"article:modified_time\" content=\"2024-10-14T12:02:34+00:00\" \/>\n<meta property=\"og:image\" content=\"https:\/\/themeholt.com\/wp-content\/uploads\/2023\/10\/341.png\" \/>\n\t<meta property=\"og:image:width\" content=\"1295\" \/>\n\t<meta property=\"og:image:height\" content=\"1066\" \/>\n\t<meta property=\"og:image:type\" content=\"image\/png\" \/>\n<meta name=\"twitter:card\" content=\"summary_large_image\" \/>\n<meta name=\"twitter:site\" content=\"@ThemeholtT\" \/>\n<meta name=\"twitter:label1\" content=\"Dur\u00e9e de lecture estim\u00e9e\" \/>\n\t<meta name=\"twitter:data1\" content=\"1 minute\" \/>\n<script type=\"application\/ld+json\" class=\"yoast-schema-graph\">{\"@context\":\"https:\/\/schema.org\",\"@graph\":[{\"@type\":\"WebPage\",\"@id\":\"https:\/\/themeholt.com\/fr\/product\/entreprise-dassistant-virtuel-virtable\/\",\"url\":\"https:\/\/themeholt.com\/fr\/product\/entreprise-dassistant-virtuel-virtable\/\",\"name\":\"Assistant virtuel Virtable Business | Entreprise\",\"isPartOf\":{\"@id\":\"https:\/\/themeholt.com\/#website\"},\"primaryImageOfPage\":{\"@id\":\"https:\/\/themeholt.com\/fr\/product\/entreprise-dassistant-virtuel-virtable\/#primaryimage\"},\"image\":{\"@id\":\"https:\/\/themeholt.com\/fr\/product\/entreprise-dassistant-virtuel-virtable\/#primaryimage\"},\"thumbnailUrl\":\"https:\/\/themeholt.com\/wp-content\/uploads\/2023\/10\/341.png\",\"datePublished\":\"2023-10-11T04:37:46+00:00\",\"dateModified\":\"2024-10-14T12:02:34+00:00\",\"description\":\"D\u00e9veloppez votre entreprise avec des assistants virtuels virtuels et des th\u00e8mes WordPress abordables. Boostez votre productivit\u00e9 avec nos solutions d'entreprise fiables.\",\"breadcrumb\":{\"@id\":\"https:\/\/themeholt.com\/fr\/product\/entreprise-dassistant-virtuel-virtable\/#breadcrumb\"},\"inLanguage\":\"fr-FR\",\"potentialAction\":[{\"@type\":\"ReadAction\",\"target\":[\"https:\/\/themeholt.com\/fr\/product\/entreprise-dassistant-virtuel-virtable\/\"]}]},{\"@type\":\"ImageObject\",\"inLanguage\":\"fr-FR\",\"@id\":\"https:\/\/themeholt.com\/fr\/product\/entreprise-dassistant-virtuel-virtable\/#primaryimage\",\"url\":\"https:\/\/themeholt.com\/wp-content\/uploads\/2023\/10\/341.png\",\"contentUrl\":\"https:\/\/themeholt.com\/wp-content\/uploads\/2023\/10\/341.png\",\"width\":1295,\"height\":1066},{\"@type\":\"BreadcrumbList\",\"@id\":\"https:\/\/themeholt.com\/fr\/product\/entreprise-dassistant-virtuel-virtable\/#breadcrumb\",\"itemListElement\":[{\"@type\":\"ListItem\",\"position\":1,\"name\":\"Home\",\"item\":\"https:\/\/themeholt.com\/fr\/\"},{\"@type\":\"ListItem\",\"position\":2,\"name\":\"Shop\",\"item\":\"https:\/\/themeholt.com\/shop\/\"},{\"@type\":\"ListItem\",\"position\":3,\"name\":\"Entreprise d&rsquo;assistant virtuel Virtable\"}]},{\"@type\":\"WebSite\",\"@id\":\"https:\/\/themeholt.com\/#website\",\"url\":\"https:\/\/themeholt.com\/\",\"name\":\"ThemeHolt\",\"description\":\"Themeholt is a website that offers high-quality WordPress themes\",\"publisher\":{\"@id\":\"https:\/\/themeholt.com\/#organization\"},\"potentialAction\":[{\"@type\":\"SearchAction\",\"target\":{\"@type\":\"EntryPoint\",\"urlTemplate\":\"https:\/\/themeholt.com\/?s={search_term_string}\"},\"query-input\":{\"@type\":\"PropertyValueSpecification\",\"valueRequired\":true,\"valueName\":\"search_term_string\"}}],\"inLanguage\":\"fr-FR\"},{\"@type\":\"Organization\",\"@id\":\"https:\/\/themeholt.com\/#organization\",\"name\":\"ThemeHolt\",\"alternateName\":\"ThemeHolt\",\"url\":\"https:\/\/themeholt.com\/\",\"logo\":{\"@type\":\"ImageObject\",\"inLanguage\":\"fr-FR\",\"@id\":\"https:\/\/themeholt.com\/#\/schema\/logo\/image\/\",\"url\":\"https:\/\/themeholt.com\/wp-content\/uploads\/2024\/10\/themeholt.png\",\"contentUrl\":\"https:\/\/themeholt.com\/wp-content\/uploads\/2024\/10\/themeholt.png\",\"width\":225,\"height\":225,\"caption\":\"ThemeHolt\"},\"image\":{\"@id\":\"https:\/\/themeholt.com\/#\/schema\/logo\/image\/\"},\"sameAs\":[\"https:\/\/www.facebook.com\/themeholtT\",\"https:\/\/x.com\/ThemeholtT\",\"https:\/\/www.linkedin.com\/company\/themeholt\",\"https:\/\/www.instagram.com\/themeholtt\/\"],\"description\":\"Themeholt is a website that offers high-quality WordPress themes that are easy to use and ready for just about everything. In Eindhoven, Netherlands, since 2020 offering simple, accessible WordPress themes by providing a variety of requirements. Themeholt focuses on practicality and efficiency, allowing faster project completion with its superior marketplace and easy-to-use templates.\",\"legalName\":\"ThemeHolt\",\"foundingDate\":\"2022-11-10\",\"numberOfEmployees\":{\"@type\":\"QuantitativeValue\",\"minValue\":\"51\",\"maxValue\":\"200\"}}]}<\/script>\n<!-- \/ Yoast SEO Premium plugin. -->","yoast_head_json":{"title":"Assistant virtuel Virtable Business | Entreprise","description":"D\u00e9veloppez votre entreprise avec des assistants virtuels virtuels et des th\u00e8mes WordPress abordables. Boostez votre productivit\u00e9 avec nos solutions d'entreprise fiables.","robots":{"index":"index","follow":"follow","max-snippet":"max-snippet:-1","max-image-preview":"max-image-preview:large","max-video-preview":"max-video-preview:-1"},"canonical":"https:\/\/themeholt.com\/fr\/product\/entreprise-dassistant-virtuel-virtable\/","og_locale":"fr_FR","og_type":"article","og_title":"Entreprise d'assistant virtuel Virtable","og_description":"D\u00e9veloppez votre entreprise avec des assistants virtuels virtuels et des th\u00e8mes WordPress abordables. Boostez votre productivit\u00e9 avec nos solutions d'entreprise fiables.","og_url":"https:\/\/themeholt.com\/fr\/product\/entreprise-dassistant-virtuel-virtable\/","og_site_name":"ThemeHolt","article_publisher":"https:\/\/www.facebook.com\/themeholtT","article_modified_time":"2024-10-14T12:02:34+00:00","og_image":[{"width":1295,"height":1066,"url":"https:\/\/themeholt.com\/wp-content\/uploads\/2023\/10\/341.png","type":"image\/png"}],"twitter_card":"summary_large_image","twitter_site":"@ThemeholtT","twitter_misc":{"Dur\u00e9e de lecture estim\u00e9e":"1 minute"},"schema":{"@context":"https:\/\/schema.org","@graph":[{"@type":"WebPage","@id":"https:\/\/themeholt.com\/fr\/product\/entreprise-dassistant-virtuel-virtable\/","url":"https:\/\/themeholt.com\/fr\/product\/entreprise-dassistant-virtuel-virtable\/","name":"Assistant virtuel Virtable Business | Entreprise","isPartOf":{"@id":"https:\/\/themeholt.com\/#website"},"primaryImageOfPage":{"@id":"https:\/\/themeholt.com\/fr\/product\/entreprise-dassistant-virtuel-virtable\/#primaryimage"},"image":{"@id":"https:\/\/themeholt.com\/fr\/product\/entreprise-dassistant-virtuel-virtable\/#primaryimage"},"thumbnailUrl":"https:\/\/themeholt.com\/wp-content\/uploads\/2023\/10\/341.png","datePublished":"2023-10-11T04:37:46+00:00","dateModified":"2024-10-14T12:02:34+00:00","description":"D\u00e9veloppez votre entreprise avec des assistants virtuels virtuels et des th\u00e8mes WordPress abordables. Boostez votre productivit\u00e9 avec nos solutions d'entreprise fiables.","breadcrumb":{"@id":"https:\/\/themeholt.com\/fr\/product\/entreprise-dassistant-virtuel-virtable\/#breadcrumb"},"inLanguage":"fr-FR","potentialAction":[{"@type":"ReadAction","target":["https:\/\/themeholt.com\/fr\/product\/entreprise-dassistant-virtuel-virtable\/"]}]},{"@type":"ImageObject","inLanguage":"fr-FR","@id":"https:\/\/themeholt.com\/fr\/product\/entreprise-dassistant-virtuel-virtable\/#primaryimage","url":"https:\/\/themeholt.com\/wp-content\/uploads\/2023\/10\/341.png","contentUrl":"https:\/\/themeholt.com\/wp-content\/uploads\/2023\/10\/341.png","width":1295,"height":1066},{"@type":"BreadcrumbList","@id":"https:\/\/themeholt.com\/fr\/product\/entreprise-dassistant-virtuel-virtable\/#breadcrumb","itemListElement":[{"@type":"ListItem","position":1,"name":"Home","item":"https:\/\/themeholt.com\/fr\/"},{"@type":"ListItem","position":2,"name":"Shop","item":"https:\/\/themeholt.com\/shop\/"},{"@type":"ListItem","position":3,"name":"Entreprise d&rsquo;assistant virtuel Virtable"}]},{"@type":"WebSite","@id":"https:\/\/themeholt.com\/#website","url":"https:\/\/themeholt.com\/","name":"ThemeHolt","description":"Themeholt is a website that offers high-quality WordPress themes","publisher":{"@id":"https:\/\/themeholt.com\/#organization"},"potentialAction":[{"@type":"SearchAction","target":{"@type":"EntryPoint","urlTemplate":"https:\/\/themeholt.com\/?s={search_term_string}"},"query-input":{"@type":"PropertyValueSpecification","valueRequired":true,"valueName":"search_term_string"}}],"inLanguage":"fr-FR"},{"@type":"Organization","@id":"https:\/\/themeholt.com\/#organization","name":"ThemeHolt","alternateName":"ThemeHolt","url":"https:\/\/themeholt.com\/","logo":{"@type":"ImageObject","inLanguage":"fr-FR","@id":"https:\/\/themeholt.com\/#\/schema\/logo\/image\/","url":"https:\/\/themeholt.com\/wp-content\/uploads\/2024\/10\/themeholt.png","contentUrl":"https:\/\/themeholt.com\/wp-content\/uploads\/2024\/10\/themeholt.png","width":225,"height":225,"caption":"ThemeHolt"},"image":{"@id":"https:\/\/themeholt.com\/#\/schema\/logo\/image\/"},"sameAs":["https:\/\/www.facebook.com\/themeholtT","https:\/\/x.com\/ThemeholtT","https:\/\/www.linkedin.com\/company\/themeholt","https:\/\/www.instagram.com\/themeholtt\/"],"description":"Themeholt is a website that offers high-quality WordPress themes that are easy to use and ready for just about everything. In Eindhoven, Netherlands, since 2020 offering simple, accessible WordPress themes by providing a variety of requirements. Themeholt focuses on practicality and efficiency, allowing faster project completion with its superior marketplace and easy-to-use templates.","legalName":"ThemeHolt","foundingDate":"2022-11-10","numberOfEmployees":{"@type":"QuantitativeValue","minValue":"51","maxValue":"200"}}]}},"_links":{"self":[{"href":"https:\/\/themeholt.com\/fr\/wp-json\/wp\/v2\/product\/12646","targetHints":{"allow":["GET"]}}],"collection":[{"href":"https:\/\/themeholt.com\/fr\/wp-json\/wp\/v2\/product"}],"about":[{"href":"https:\/\/themeholt.com\/fr\/wp-json\/wp\/v2\/types\/product"}],"wp:featuredmedia":[{"embeddable":true,"href":"https:\/\/themeholt.com\/fr\/wp-json\/wp\/v2\/media\/12647"}],"wp:attachment":[{"href":"https:\/\/themeholt.com\/fr\/wp-json\/wp\/v2\/media?parent=12646"}],"wp:term":[{"taxonomy":"product_brand","embeddable":true,"href":"https:\/\/themeholt.com\/fr\/wp-json\/wp\/v2\/product_brand?post=12646"},{"taxonomy":"product_cat","embeddable":true,"href":"https:\/\/themeholt.com\/fr\/wp-json\/wp\/v2\/product_cat?post=12646"},{"taxonomy":"product_tag","embeddable":true,"href":"https:\/\/themeholt.com\/fr\/wp-json\/wp\/v2\/product_tag?post=12646"}],"curies":[{"name":"wp","href":"https:\/\/api.w.org\/{rel}","templated":true}]}}