{"id":12680,"date":"2023-10-10T06:03:39","date_gmt":"2023-10-10T06:03:39","guid":{"rendered":"https:\/\/themeholt.com\/product\/smash-badminton-school-sports-club\/"},"modified":"2024-10-15T03:20:53","modified_gmt":"2024-10-15T03:20:53","slug":"club-sportif-de-lecole-de-badminton-smash","status":"publish","type":"product","link":"https:\/\/themeholt.com\/fr\/product\/club-sportif-de-lecole-de-badminton-smash\/","title":{"rendered":"Club sportif de l&rsquo;\u00e9cole de badminton Smash"},"content":{"rendered":"<p><span style=\"font-weight: 400\">Pr\u00e9sentation du <\/span><b>th\u00e8me WordPress pour les sports scolaires de badminton<\/b><span style=\"font-weight: 400\">\u00a0la solution ultime pour les amateurs de sport, les \u00e9coles et les clubs qui cherchent \u00e0 \u00e9tablir une pr\u00e9sence en ligne dynamique. Afin de r\u00e9pondre \u00e0 toutes vos exigences li\u00e9es au badminton, ce th\u00e8me offre la fusion id\u00e9ale de fonctionnalit\u00e9 et d&rsquo;esth\u00e9tique.<\/span><\/p>\n<p><span style=\"font-weight: 400\">Avec son interface conviviale, vous pouvez facilement pr\u00e9senter les r\u00e9alisations de votre \u00e9quipe, planifier des matchs et partager du contenu attrayant. La conception r\u00e9active du th\u00e8me garantit que votre site Web a fi\u00e8re allure sur tous les appareils.<\/span><\/p>\n<p><span style=\"font-weight: 400\">Vous pouvez personnaliser votre site avec ses fonctionnalit\u00e9s en fonction de vos besoins, ce qui facilite la cr\u00e9ation d&rsquo;une plate-forme unique et attrayante pour votre communaut\u00e9 de badminton. Embrassez l&rsquo;avenir de la promotion sportive avec ce th\u00e8me WordPress exceptionnel.<\/span><\/p>\n","protected":false},"excerpt":{"rendered":"<ul>\n<li><span style=\"font-weight: 400\">Fonctionnalit\u00e9s professionnelles<\/span><\/li>\n<li><span style=\"font-weight: 400\">Conception sophistiqu\u00e9e<\/span><\/li>\n<li><span style=\"font-weight: 400\">Conception personnalis\u00e9e<\/span><\/li>\n<li><span style=\"font-weight: 400\">Temps de chargement rapides<\/span><\/li>\n<li><span style=\"font-weight: 400\">Conception professionnelle<\/span><\/li>\n<li><span style=\"font-weight: 400\">Mise en page r\u00e9active<\/span><\/li>\n<li><span style=\"font-weight: 400\">Optimisation SEO<\/span><\/li>\n<\/ul>\n","protected":false},"featured_media":12681,"template":"","meta":{"_acf_changed":false,"inline_featured_image":false},"product_brand":[],"product_cat":[1827],"product_tag":[1830],"class_list":{"0":"post-12680","1":"product","2":"type-product","3":"status-publish","4":"has-post-thumbnail","6":"product_cat-sports-ru","7":"product_tag-sports-wordpress-theme-ru","9":"first","10":"instock","11":"sale","12":"downloadable","13":"taxable","14":"shipping-taxable","15":"purchasable","16":"product-type-simple"},"acf":[],"yoast_head":"<!-- This site is optimized with the Yoast SEO Premium plugin v22.1 (Yoast SEO v26.0) - https:\/\/yoast.com\/wordpress\/plugins\/seo\/ -->\n<title>Th\u00e8me WordPress pour les sports scolaires de badminton | Solution ultime pour les sites Web de sport<\/title>\n<meta name=\"description\" content=\"D\u00e9couvrez le th\u00e8me id\u00e9al pour votre site Web de sports scolaires avec notre th\u00e8me Wordpress Badminton School Sports. Engagez vos \u00e9l\u00e8ves et vos athl\u00e8tes avec un design dynamique et convivial. Commencez d\u00e8s aujourd&#039;hui !\" \/>\n<meta name=\"robots\" content=\"index, follow, max-snippet:-1, max-image-preview:large, max-video-preview:-1\" \/>\n<link rel=\"canonical\" href=\"https:\/\/themeholt.com\/fr\/product\/club-sportif-de-lecole-de-badminton-smash\/\" \/>\n<meta property=\"og:locale\" content=\"fr_FR\" \/>\n<meta property=\"og:type\" content=\"article\" \/>\n<meta property=\"og:title\" content=\"Club sportif de l&#039;\u00e9cole de badminton Smash\" \/>\n<meta property=\"og:description\" content=\"D\u00e9couvrez le th\u00e8me id\u00e9al pour votre site Web de sports scolaires avec notre th\u00e8me Wordpress Badminton School Sports. Engagez vos \u00e9l\u00e8ves et vos athl\u00e8tes avec un design dynamique et convivial. Commencez d\u00e8s aujourd&#039;hui !\" \/>\n<meta property=\"og:url\" content=\"https:\/\/themeholt.com\/fr\/product\/club-sportif-de-lecole-de-badminton-smash\/\" \/>\n<meta property=\"og:site_name\" content=\"ThemeHolt\" \/>\n<meta property=\"article:publisher\" content=\"https:\/\/www.facebook.com\/themeholtT\" \/>\n<meta property=\"article:modified_time\" content=\"2024-10-15T03:20:53+00:00\" \/>\n<meta property=\"og:image\" content=\"https:\/\/themeholt.com\/wp-content\/uploads\/2023\/10\/321.png\" \/>\n\t<meta property=\"og:image:width\" content=\"1365\" \/>\n\t<meta property=\"og:image:height\" content=\"1199\" \/>\n\t<meta property=\"og:image:type\" content=\"image\/png\" \/>\n<meta name=\"twitter:card\" content=\"summary_large_image\" \/>\n<meta name=\"twitter:site\" content=\"@ThemeholtT\" \/>\n<meta name=\"twitter:label1\" content=\"Dur\u00e9e de lecture estim\u00e9e\" \/>\n\t<meta name=\"twitter:data1\" content=\"1 minute\" \/>\n<script type=\"application\/ld+json\" class=\"yoast-schema-graph\">{\"@context\":\"https:\/\/schema.org\",\"@graph\":[{\"@type\":\"WebPage\",\"@id\":\"https:\/\/themeholt.com\/fr\/product\/club-sportif-de-lecole-de-badminton-smash\/\",\"url\":\"https:\/\/themeholt.com\/fr\/product\/club-sportif-de-lecole-de-badminton-smash\/\",\"name\":\"Th\u00e8me WordPress pour les sports scolaires de badminton | Solution ultime pour les sites Web de sport\",\"isPartOf\":{\"@id\":\"https:\/\/themeholt.com\/#website\"},\"primaryImageOfPage\":{\"@id\":\"https:\/\/themeholt.com\/fr\/product\/club-sportif-de-lecole-de-badminton-smash\/#primaryimage\"},\"image\":{\"@id\":\"https:\/\/themeholt.com\/fr\/product\/club-sportif-de-lecole-de-badminton-smash\/#primaryimage\"},\"thumbnailUrl\":\"https:\/\/themeholt.com\/wp-content\/uploads\/2023\/10\/321.png\",\"datePublished\":\"2023-10-10T06:03:39+00:00\",\"dateModified\":\"2024-10-15T03:20:53+00:00\",\"description\":\"D\u00e9couvrez le th\u00e8me id\u00e9al pour votre site Web de sports scolaires avec notre th\u00e8me Wordpress Badminton School Sports. Engagez vos \u00e9l\u00e8ves et vos athl\u00e8tes avec un design dynamique et convivial. Commencez d\u00e8s aujourd'hui !\",\"breadcrumb\":{\"@id\":\"https:\/\/themeholt.com\/fr\/product\/club-sportif-de-lecole-de-badminton-smash\/#breadcrumb\"},\"inLanguage\":\"fr-FR\",\"potentialAction\":[{\"@type\":\"ReadAction\",\"target\":[\"https:\/\/themeholt.com\/fr\/product\/club-sportif-de-lecole-de-badminton-smash\/\"]}]},{\"@type\":\"ImageObject\",\"inLanguage\":\"fr-FR\",\"@id\":\"https:\/\/themeholt.com\/fr\/product\/club-sportif-de-lecole-de-badminton-smash\/#primaryimage\",\"url\":\"https:\/\/themeholt.com\/wp-content\/uploads\/2023\/10\/321.png\",\"contentUrl\":\"https:\/\/themeholt.com\/wp-content\/uploads\/2023\/10\/321.png\",\"width\":1365,\"height\":1199},{\"@type\":\"BreadcrumbList\",\"@id\":\"https:\/\/themeholt.com\/fr\/product\/club-sportif-de-lecole-de-badminton-smash\/#breadcrumb\",\"itemListElement\":[{\"@type\":\"ListItem\",\"position\":1,\"name\":\"Home\",\"item\":\"https:\/\/themeholt.com\/fr\/\"},{\"@type\":\"ListItem\",\"position\":2,\"name\":\"Shop\",\"item\":\"https:\/\/themeholt.com\/shop\/\"},{\"@type\":\"ListItem\",\"position\":3,\"name\":\"Club sportif de l&rsquo;\u00e9cole de badminton Smash\"}]},{\"@type\":\"WebSite\",\"@id\":\"https:\/\/themeholt.com\/#website\",\"url\":\"https:\/\/themeholt.com\/\",\"name\":\"ThemeHolt\",\"description\":\"Themeholt is a website that offers high-quality WordPress themes\",\"publisher\":{\"@id\":\"https:\/\/themeholt.com\/#organization\"},\"potentialAction\":[{\"@type\":\"SearchAction\",\"target\":{\"@type\":\"EntryPoint\",\"urlTemplate\":\"https:\/\/themeholt.com\/?s={search_term_string}\"},\"query-input\":{\"@type\":\"PropertyValueSpecification\",\"valueRequired\":true,\"valueName\":\"search_term_string\"}}],\"inLanguage\":\"fr-FR\"},{\"@type\":\"Organization\",\"@id\":\"https:\/\/themeholt.com\/#organization\",\"name\":\"ThemeHolt\",\"alternateName\":\"ThemeHolt\",\"url\":\"https:\/\/themeholt.com\/\",\"logo\":{\"@type\":\"ImageObject\",\"inLanguage\":\"fr-FR\",\"@id\":\"https:\/\/themeholt.com\/#\/schema\/logo\/image\/\",\"url\":\"https:\/\/themeholt.com\/wp-content\/uploads\/2024\/10\/themeholt.png\",\"contentUrl\":\"https:\/\/themeholt.com\/wp-content\/uploads\/2024\/10\/themeholt.png\",\"width\":225,\"height\":225,\"caption\":\"ThemeHolt\"},\"image\":{\"@id\":\"https:\/\/themeholt.com\/#\/schema\/logo\/image\/\"},\"sameAs\":[\"https:\/\/www.facebook.com\/themeholtT\",\"https:\/\/x.com\/ThemeholtT\",\"https:\/\/www.linkedin.com\/company\/themeholt\",\"https:\/\/www.instagram.com\/themeholtt\/\"],\"description\":\"Themeholt is a website that offers high-quality WordPress themes that are easy to use and ready for just about everything. In Eindhoven, Netherlands, since 2020 offering simple, accessible WordPress themes by providing a variety of requirements. Themeholt focuses on practicality and efficiency, allowing faster project completion with its superior marketplace and easy-to-use templates.\",\"legalName\":\"ThemeHolt\",\"foundingDate\":\"2022-11-10\",\"numberOfEmployees\":{\"@type\":\"QuantitativeValue\",\"minValue\":\"51\",\"maxValue\":\"200\"}}]}<\/script>\n<!-- \/ Yoast SEO Premium plugin. -->","yoast_head_json":{"title":"Th\u00e8me WordPress pour les sports scolaires de badminton | Solution ultime pour les sites Web de sport","description":"D\u00e9couvrez le th\u00e8me id\u00e9al pour votre site Web de sports scolaires avec notre th\u00e8me Wordpress Badminton School Sports. Engagez vos \u00e9l\u00e8ves et vos athl\u00e8tes avec un design dynamique et convivial. Commencez d\u00e8s aujourd'hui !","robots":{"index":"index","follow":"follow","max-snippet":"max-snippet:-1","max-image-preview":"max-image-preview:large","max-video-preview":"max-video-preview:-1"},"canonical":"https:\/\/themeholt.com\/fr\/product\/club-sportif-de-lecole-de-badminton-smash\/","og_locale":"fr_FR","og_type":"article","og_title":"Club sportif de l'\u00e9cole de badminton Smash","og_description":"D\u00e9couvrez le th\u00e8me id\u00e9al pour votre site Web de sports scolaires avec notre th\u00e8me Wordpress Badminton School Sports. Engagez vos \u00e9l\u00e8ves et vos athl\u00e8tes avec un design dynamique et convivial. Commencez d\u00e8s aujourd'hui !","og_url":"https:\/\/themeholt.com\/fr\/product\/club-sportif-de-lecole-de-badminton-smash\/","og_site_name":"ThemeHolt","article_publisher":"https:\/\/www.facebook.com\/themeholtT","article_modified_time":"2024-10-15T03:20:53+00:00","og_image":[{"width":1365,"height":1199,"url":"https:\/\/themeholt.com\/wp-content\/uploads\/2023\/10\/321.png","type":"image\/png"}],"twitter_card":"summary_large_image","twitter_site":"@ThemeholtT","twitter_misc":{"Dur\u00e9e de lecture estim\u00e9e":"1 minute"},"schema":{"@context":"https:\/\/schema.org","@graph":[{"@type":"WebPage","@id":"https:\/\/themeholt.com\/fr\/product\/club-sportif-de-lecole-de-badminton-smash\/","url":"https:\/\/themeholt.com\/fr\/product\/club-sportif-de-lecole-de-badminton-smash\/","name":"Th\u00e8me WordPress pour les sports scolaires de badminton | Solution ultime pour les sites Web de sport","isPartOf":{"@id":"https:\/\/themeholt.com\/#website"},"primaryImageOfPage":{"@id":"https:\/\/themeholt.com\/fr\/product\/club-sportif-de-lecole-de-badminton-smash\/#primaryimage"},"image":{"@id":"https:\/\/themeholt.com\/fr\/product\/club-sportif-de-lecole-de-badminton-smash\/#primaryimage"},"thumbnailUrl":"https:\/\/themeholt.com\/wp-content\/uploads\/2023\/10\/321.png","datePublished":"2023-10-10T06:03:39+00:00","dateModified":"2024-10-15T03:20:53+00:00","description":"D\u00e9couvrez le th\u00e8me id\u00e9al pour votre site Web de sports scolaires avec notre th\u00e8me Wordpress Badminton School Sports. Engagez vos \u00e9l\u00e8ves et vos athl\u00e8tes avec un design dynamique et convivial. Commencez d\u00e8s aujourd'hui !","breadcrumb":{"@id":"https:\/\/themeholt.com\/fr\/product\/club-sportif-de-lecole-de-badminton-smash\/#breadcrumb"},"inLanguage":"fr-FR","potentialAction":[{"@type":"ReadAction","target":["https:\/\/themeholt.com\/fr\/product\/club-sportif-de-lecole-de-badminton-smash\/"]}]},{"@type":"ImageObject","inLanguage":"fr-FR","@id":"https:\/\/themeholt.com\/fr\/product\/club-sportif-de-lecole-de-badminton-smash\/#primaryimage","url":"https:\/\/themeholt.com\/wp-content\/uploads\/2023\/10\/321.png","contentUrl":"https:\/\/themeholt.com\/wp-content\/uploads\/2023\/10\/321.png","width":1365,"height":1199},{"@type":"BreadcrumbList","@id":"https:\/\/themeholt.com\/fr\/product\/club-sportif-de-lecole-de-badminton-smash\/#breadcrumb","itemListElement":[{"@type":"ListItem","position":1,"name":"Home","item":"https:\/\/themeholt.com\/fr\/"},{"@type":"ListItem","position":2,"name":"Shop","item":"https:\/\/themeholt.com\/shop\/"},{"@type":"ListItem","position":3,"name":"Club sportif de l&rsquo;\u00e9cole de badminton Smash"}]},{"@type":"WebSite","@id":"https:\/\/themeholt.com\/#website","url":"https:\/\/themeholt.com\/","name":"ThemeHolt","description":"Themeholt is a website that offers high-quality WordPress themes","publisher":{"@id":"https:\/\/themeholt.com\/#organization"},"potentialAction":[{"@type":"SearchAction","target":{"@type":"EntryPoint","urlTemplate":"https:\/\/themeholt.com\/?s={search_term_string}"},"query-input":{"@type":"PropertyValueSpecification","valueRequired":true,"valueName":"search_term_string"}}],"inLanguage":"fr-FR"},{"@type":"Organization","@id":"https:\/\/themeholt.com\/#organization","name":"ThemeHolt","alternateName":"ThemeHolt","url":"https:\/\/themeholt.com\/","logo":{"@type":"ImageObject","inLanguage":"fr-FR","@id":"https:\/\/themeholt.com\/#\/schema\/logo\/image\/","url":"https:\/\/themeholt.com\/wp-content\/uploads\/2024\/10\/themeholt.png","contentUrl":"https:\/\/themeholt.com\/wp-content\/uploads\/2024\/10\/themeholt.png","width":225,"height":225,"caption":"ThemeHolt"},"image":{"@id":"https:\/\/themeholt.com\/#\/schema\/logo\/image\/"},"sameAs":["https:\/\/www.facebook.com\/themeholtT","https:\/\/x.com\/ThemeholtT","https:\/\/www.linkedin.com\/company\/themeholt","https:\/\/www.instagram.com\/themeholtt\/"],"description":"Themeholt is a website that offers high-quality WordPress themes that are easy to use and ready for just about everything. In Eindhoven, Netherlands, since 2020 offering simple, accessible WordPress themes by providing a variety of requirements. Themeholt focuses on practicality and efficiency, allowing faster project completion with its superior marketplace and easy-to-use templates.","legalName":"ThemeHolt","foundingDate":"2022-11-10","numberOfEmployees":{"@type":"QuantitativeValue","minValue":"51","maxValue":"200"}}]}},"_links":{"self":[{"href":"https:\/\/themeholt.com\/fr\/wp-json\/wp\/v2\/product\/12680","targetHints":{"allow":["GET"]}}],"collection":[{"href":"https:\/\/themeholt.com\/fr\/wp-json\/wp\/v2\/product"}],"about":[{"href":"https:\/\/themeholt.com\/fr\/wp-json\/wp\/v2\/types\/product"}],"wp:featuredmedia":[{"embeddable":true,"href":"https:\/\/themeholt.com\/fr\/wp-json\/wp\/v2\/media\/12681"}],"wp:attachment":[{"href":"https:\/\/themeholt.com\/fr\/wp-json\/wp\/v2\/media?parent=12680"}],"wp:term":[{"taxonomy":"product_brand","embeddable":true,"href":"https:\/\/themeholt.com\/fr\/wp-json\/wp\/v2\/product_brand?post=12680"},{"taxonomy":"product_cat","embeddable":true,"href":"https:\/\/themeholt.com\/fr\/wp-json\/wp\/v2\/product_cat?post=12680"},{"taxonomy":"product_tag","embeddable":true,"href":"https:\/\/themeholt.com\/fr\/wp-json\/wp\/v2\/product_tag?post=12680"}],"curies":[{"name":"wp","href":"https:\/\/api.w.org\/{rel}","templated":true}]}}