{"id":12723,"date":"2023-10-09T10:19:52","date_gmt":"2023-10-09T10:19:52","guid":{"rendered":"https:\/\/themeholt.com\/product\/saep-ecommerce-app\/"},"modified":"2024-10-15T03:49:00","modified_gmt":"2024-10-15T03:49:00","slug":"application-de-commerce-electronique-saep","status":"publish","type":"product","link":"https:\/\/themeholt.com\/fr\/product\/application-de-commerce-electronique-saep\/","title":{"rendered":"Application de commerce \u00e9lectronique Saep"},"content":{"rendered":"<p><span style=\"font-weight: 400\">Le th\u00e8me WordPress <\/span><b>Ecommerce Appa<\/b><span style=\"font-weight: 400\">est une solution polyvalente et conviviale pour cr\u00e9er une boutique en ligne avec WordPress. Ce th\u00e8me est parfait pour les entreprises et les particuliers souhaitant vendre des biens ou des services en ligne, car il rend le processus de cr\u00e9ation d&rsquo;un site Web de commerce \u00e9lectronique solide plus efficace. Le th\u00e8me garantit une exp\u00e9rience d&rsquo;achat fluide pour les clients gr\u00e2ce \u00e0 son design moderne et attrayant, ce qui leur permet de parcourir et d&rsquo;acheter facilement des produits.<\/span><\/p>\n<p><span style=\"font-weight: 400\">Il dispose de nombreuses fonctionnalit\u00e9s r\u00e9glables qui vous permettent de personnaliser l&rsquo;apparence et la convivialit\u00e9 de votre boutique en fonction de votre marque. Ce th\u00e8me garantit une configuration sans tracas pour votre entreprise en ligne en fonctionnant facilement avec des plugins de commerce \u00e9lectronique bien connus. Le th\u00e8me WordPress Ecommerce App offre une base solide pour le succ\u00e8s de votre boutique en ligne, quel que soit votre niveau d&rsquo;exp\u00e9rience.<\/span><\/p>\n","protected":false},"excerpt":{"rendered":"<ul>\n<li><span style=\"font-weight: 400\">Conception moderne et exp\u00e9rience centr\u00e9e sur l&rsquo;utilisateur<\/span><\/li>\n<li><span style=\"font-weight: 400\">Riche en fonctionnalit\u00e9s et personnalisable<\/span><\/li>\n<li><span style=\"font-weight: 400\">Pr\u00e9sentation du portefeuille<\/span><\/li>\n<li><span style=\"font-weight: 400\">Services et solutions<\/span><\/li>\n<li><span style=\"font-weight: 400\">T\u00e9moignages et \u00e9tudes de cas<\/span><\/li>\n<li><span style=\"font-weight: 400\">Int\u00e9gration de blog<\/span><\/li>\n<li><span style=\"font-weight: 400\">Formulaires de contact et de demande de renseignements<\/span><\/li>\n<li><span style=\"font-weight: 400\">Optimisation du r\u00e9f\u00e9rencement<\/span><\/li>\n<li><span style=\"font-weight: 400\">Support client et mises \u00e0 jour<\/span><\/li>\n<li><span style=\"font-weight: 400\">R\u00e9actif et compatible avec les appareils mobiles<\/span><\/li>\n<\/ul>\n","protected":false},"featured_media":12724,"template":"","meta":{"_acf_changed":false,"inline_featured_image":false},"product_brand":[],"product_cat":[1820],"product_tag":[1825],"class_list":{"0":"post-12723","1":"product","2":"type-product","3":"status-publish","4":"has-post-thumbnail","6":"product_cat-technology-apps-ru","7":"product_tag-best-mobile-applications-themes-ru","9":"first","10":"instock","11":"sale","12":"downloadable","13":"taxable","14":"shipping-taxable","15":"purchasable","16":"product-type-simple"},"acf":[],"yoast_head":"<!-- This site is optimized with the Yoast SEO Premium plugin v22.1 (Yoast SEO v26.0) - https:\/\/yoast.com\/wordpress\/plugins\/seo\/ -->\n<title>Th\u00e8me d&#039;application de commerce \u00e9lectronique | Th\u00e8me WordPress pour le commerce \u00e9lectronique<\/title>\n<meta name=\"description\" content=\"Obtenez un th\u00e8me WordPress d&#039;application de commerce \u00e9lectronique moderne pour votre boutique en ligne. Configuration simple, beau design et int\u00e9gration fluide pour vendre vos produits en ligne.\" \/>\n<meta name=\"robots\" content=\"index, follow, max-snippet:-1, max-image-preview:large, max-video-preview:-1\" \/>\n<link rel=\"canonical\" href=\"https:\/\/themeholt.com\/fr\/product\/application-de-commerce-electronique-saep\/\" \/>\n<meta property=\"og:locale\" content=\"fr_FR\" \/>\n<meta property=\"og:type\" content=\"article\" \/>\n<meta property=\"og:title\" content=\"Application de commerce \u00e9lectronique Saep\" \/>\n<meta property=\"og:description\" content=\"Obtenez un th\u00e8me WordPress d&#039;application de commerce \u00e9lectronique moderne pour votre boutique en ligne. Configuration simple, beau design et int\u00e9gration fluide pour vendre vos produits en ligne.\" \/>\n<meta property=\"og:url\" content=\"https:\/\/themeholt.com\/fr\/product\/application-de-commerce-electronique-saep\/\" \/>\n<meta property=\"og:site_name\" content=\"ThemeHolt\" \/>\n<meta property=\"article:publisher\" content=\"https:\/\/www.facebook.com\/themeholtT\" \/>\n<meta property=\"article:modified_time\" content=\"2024-10-15T03:49:00+00:00\" \/>\n<meta property=\"og:image\" content=\"https:\/\/themeholt.com\/wp-content\/uploads\/2023\/10\/21-4.png\" \/>\n\t<meta property=\"og:image:width\" content=\"1362\" \/>\n\t<meta property=\"og:image:height\" content=\"1279\" \/>\n\t<meta property=\"og:image:type\" content=\"image\/png\" \/>\n<meta name=\"twitter:card\" content=\"summary_large_image\" \/>\n<meta name=\"twitter:site\" content=\"@ThemeholtT\" \/>\n<meta name=\"twitter:label1\" content=\"Dur\u00e9e de lecture estim\u00e9e\" \/>\n\t<meta name=\"twitter:data1\" content=\"1 minute\" \/>\n<script type=\"application\/ld+json\" class=\"yoast-schema-graph\">{\"@context\":\"https:\/\/schema.org\",\"@graph\":[{\"@type\":\"WebPage\",\"@id\":\"https:\/\/themeholt.com\/fr\/product\/application-de-commerce-electronique-saep\/\",\"url\":\"https:\/\/themeholt.com\/fr\/product\/application-de-commerce-electronique-saep\/\",\"name\":\"Th\u00e8me d'application de commerce \u00e9lectronique | Th\u00e8me WordPress pour le commerce \u00e9lectronique\",\"isPartOf\":{\"@id\":\"https:\/\/themeholt.com\/#website\"},\"primaryImageOfPage\":{\"@id\":\"https:\/\/themeholt.com\/fr\/product\/application-de-commerce-electronique-saep\/#primaryimage\"},\"image\":{\"@id\":\"https:\/\/themeholt.com\/fr\/product\/application-de-commerce-electronique-saep\/#primaryimage\"},\"thumbnailUrl\":\"https:\/\/themeholt.com\/wp-content\/uploads\/2023\/10\/21-4.png\",\"datePublished\":\"2023-10-09T10:19:52+00:00\",\"dateModified\":\"2024-10-15T03:49:00+00:00\",\"description\":\"Obtenez un th\u00e8me WordPress d'application de commerce \u00e9lectronique moderne pour votre boutique en ligne. Configuration simple, beau design et int\u00e9gration fluide pour vendre vos produits en ligne.\",\"breadcrumb\":{\"@id\":\"https:\/\/themeholt.com\/fr\/product\/application-de-commerce-electronique-saep\/#breadcrumb\"},\"inLanguage\":\"fr-FR\",\"potentialAction\":[{\"@type\":\"ReadAction\",\"target\":[\"https:\/\/themeholt.com\/fr\/product\/application-de-commerce-electronique-saep\/\"]}]},{\"@type\":\"ImageObject\",\"inLanguage\":\"fr-FR\",\"@id\":\"https:\/\/themeholt.com\/fr\/product\/application-de-commerce-electronique-saep\/#primaryimage\",\"url\":\"https:\/\/themeholt.com\/wp-content\/uploads\/2023\/10\/21-4.png\",\"contentUrl\":\"https:\/\/themeholt.com\/wp-content\/uploads\/2023\/10\/21-4.png\",\"width\":1362,\"height\":1279},{\"@type\":\"BreadcrumbList\",\"@id\":\"https:\/\/themeholt.com\/fr\/product\/application-de-commerce-electronique-saep\/#breadcrumb\",\"itemListElement\":[{\"@type\":\"ListItem\",\"position\":1,\"name\":\"Home\",\"item\":\"https:\/\/themeholt.com\/fr\/\"},{\"@type\":\"ListItem\",\"position\":2,\"name\":\"Shop\",\"item\":\"https:\/\/themeholt.com\/shop\/\"},{\"@type\":\"ListItem\",\"position\":3,\"name\":\"Application de commerce \u00e9lectronique Saep\"}]},{\"@type\":\"WebSite\",\"@id\":\"https:\/\/themeholt.com\/#website\",\"url\":\"https:\/\/themeholt.com\/\",\"name\":\"ThemeHolt\",\"description\":\"Themeholt is a website that offers high-quality WordPress themes\",\"publisher\":{\"@id\":\"https:\/\/themeholt.com\/#organization\"},\"potentialAction\":[{\"@type\":\"SearchAction\",\"target\":{\"@type\":\"EntryPoint\",\"urlTemplate\":\"https:\/\/themeholt.com\/?s={search_term_string}\"},\"query-input\":{\"@type\":\"PropertyValueSpecification\",\"valueRequired\":true,\"valueName\":\"search_term_string\"}}],\"inLanguage\":\"fr-FR\"},{\"@type\":\"Organization\",\"@id\":\"https:\/\/themeholt.com\/#organization\",\"name\":\"ThemeHolt\",\"alternateName\":\"ThemeHolt\",\"url\":\"https:\/\/themeholt.com\/\",\"logo\":{\"@type\":\"ImageObject\",\"inLanguage\":\"fr-FR\",\"@id\":\"https:\/\/themeholt.com\/#\/schema\/logo\/image\/\",\"url\":\"https:\/\/themeholt.com\/wp-content\/uploads\/2024\/10\/themeholt.png\",\"contentUrl\":\"https:\/\/themeholt.com\/wp-content\/uploads\/2024\/10\/themeholt.png\",\"width\":225,\"height\":225,\"caption\":\"ThemeHolt\"},\"image\":{\"@id\":\"https:\/\/themeholt.com\/#\/schema\/logo\/image\/\"},\"sameAs\":[\"https:\/\/www.facebook.com\/themeholtT\",\"https:\/\/x.com\/ThemeholtT\",\"https:\/\/www.linkedin.com\/company\/themeholt\",\"https:\/\/www.instagram.com\/themeholtt\/\"],\"description\":\"Themeholt is a website that offers high-quality WordPress themes that are easy to use and ready for just about everything. In Eindhoven, Netherlands, since 2020 offering simple, accessible WordPress themes by providing a variety of requirements. Themeholt focuses on practicality and efficiency, allowing faster project completion with its superior marketplace and easy-to-use templates.\",\"legalName\":\"ThemeHolt\",\"foundingDate\":\"2022-11-10\",\"numberOfEmployees\":{\"@type\":\"QuantitativeValue\",\"minValue\":\"51\",\"maxValue\":\"200\"}}]}<\/script>\n<!-- \/ Yoast SEO Premium plugin. -->","yoast_head_json":{"title":"Th\u00e8me d'application de commerce \u00e9lectronique | Th\u00e8me WordPress pour le commerce \u00e9lectronique","description":"Obtenez un th\u00e8me WordPress d'application de commerce \u00e9lectronique moderne pour votre boutique en ligne. Configuration simple, beau design et int\u00e9gration fluide pour vendre vos produits en ligne.","robots":{"index":"index","follow":"follow","max-snippet":"max-snippet:-1","max-image-preview":"max-image-preview:large","max-video-preview":"max-video-preview:-1"},"canonical":"https:\/\/themeholt.com\/fr\/product\/application-de-commerce-electronique-saep\/","og_locale":"fr_FR","og_type":"article","og_title":"Application de commerce \u00e9lectronique Saep","og_description":"Obtenez un th\u00e8me WordPress d'application de commerce \u00e9lectronique moderne pour votre boutique en ligne. Configuration simple, beau design et int\u00e9gration fluide pour vendre vos produits en ligne.","og_url":"https:\/\/themeholt.com\/fr\/product\/application-de-commerce-electronique-saep\/","og_site_name":"ThemeHolt","article_publisher":"https:\/\/www.facebook.com\/themeholtT","article_modified_time":"2024-10-15T03:49:00+00:00","og_image":[{"width":1362,"height":1279,"url":"https:\/\/themeholt.com\/wp-content\/uploads\/2023\/10\/21-4.png","type":"image\/png"}],"twitter_card":"summary_large_image","twitter_site":"@ThemeholtT","twitter_misc":{"Dur\u00e9e de lecture estim\u00e9e":"1 minute"},"schema":{"@context":"https:\/\/schema.org","@graph":[{"@type":"WebPage","@id":"https:\/\/themeholt.com\/fr\/product\/application-de-commerce-electronique-saep\/","url":"https:\/\/themeholt.com\/fr\/product\/application-de-commerce-electronique-saep\/","name":"Th\u00e8me d'application de commerce \u00e9lectronique | Th\u00e8me WordPress pour le commerce \u00e9lectronique","isPartOf":{"@id":"https:\/\/themeholt.com\/#website"},"primaryImageOfPage":{"@id":"https:\/\/themeholt.com\/fr\/product\/application-de-commerce-electronique-saep\/#primaryimage"},"image":{"@id":"https:\/\/themeholt.com\/fr\/product\/application-de-commerce-electronique-saep\/#primaryimage"},"thumbnailUrl":"https:\/\/themeholt.com\/wp-content\/uploads\/2023\/10\/21-4.png","datePublished":"2023-10-09T10:19:52+00:00","dateModified":"2024-10-15T03:49:00+00:00","description":"Obtenez un th\u00e8me WordPress d'application de commerce \u00e9lectronique moderne pour votre boutique en ligne. Configuration simple, beau design et int\u00e9gration fluide pour vendre vos produits en ligne.","breadcrumb":{"@id":"https:\/\/themeholt.com\/fr\/product\/application-de-commerce-electronique-saep\/#breadcrumb"},"inLanguage":"fr-FR","potentialAction":[{"@type":"ReadAction","target":["https:\/\/themeholt.com\/fr\/product\/application-de-commerce-electronique-saep\/"]}]},{"@type":"ImageObject","inLanguage":"fr-FR","@id":"https:\/\/themeholt.com\/fr\/product\/application-de-commerce-electronique-saep\/#primaryimage","url":"https:\/\/themeholt.com\/wp-content\/uploads\/2023\/10\/21-4.png","contentUrl":"https:\/\/themeholt.com\/wp-content\/uploads\/2023\/10\/21-4.png","width":1362,"height":1279},{"@type":"BreadcrumbList","@id":"https:\/\/themeholt.com\/fr\/product\/application-de-commerce-electronique-saep\/#breadcrumb","itemListElement":[{"@type":"ListItem","position":1,"name":"Home","item":"https:\/\/themeholt.com\/fr\/"},{"@type":"ListItem","position":2,"name":"Shop","item":"https:\/\/themeholt.com\/shop\/"},{"@type":"ListItem","position":3,"name":"Application de commerce \u00e9lectronique Saep"}]},{"@type":"WebSite","@id":"https:\/\/themeholt.com\/#website","url":"https:\/\/themeholt.com\/","name":"ThemeHolt","description":"Themeholt is a website that offers high-quality WordPress themes","publisher":{"@id":"https:\/\/themeholt.com\/#organization"},"potentialAction":[{"@type":"SearchAction","target":{"@type":"EntryPoint","urlTemplate":"https:\/\/themeholt.com\/?s={search_term_string}"},"query-input":{"@type":"PropertyValueSpecification","valueRequired":true,"valueName":"search_term_string"}}],"inLanguage":"fr-FR"},{"@type":"Organization","@id":"https:\/\/themeholt.com\/#organization","name":"ThemeHolt","alternateName":"ThemeHolt","url":"https:\/\/themeholt.com\/","logo":{"@type":"ImageObject","inLanguage":"fr-FR","@id":"https:\/\/themeholt.com\/#\/schema\/logo\/image\/","url":"https:\/\/themeholt.com\/wp-content\/uploads\/2024\/10\/themeholt.png","contentUrl":"https:\/\/themeholt.com\/wp-content\/uploads\/2024\/10\/themeholt.png","width":225,"height":225,"caption":"ThemeHolt"},"image":{"@id":"https:\/\/themeholt.com\/#\/schema\/logo\/image\/"},"sameAs":["https:\/\/www.facebook.com\/themeholtT","https:\/\/x.com\/ThemeholtT","https:\/\/www.linkedin.com\/company\/themeholt","https:\/\/www.instagram.com\/themeholtt\/"],"description":"Themeholt is a website that offers high-quality WordPress themes that are easy to use and ready for just about everything. In Eindhoven, Netherlands, since 2020 offering simple, accessible WordPress themes by providing a variety of requirements. Themeholt focuses on practicality and efficiency, allowing faster project completion with its superior marketplace and easy-to-use templates.","legalName":"ThemeHolt","foundingDate":"2022-11-10","numberOfEmployees":{"@type":"QuantitativeValue","minValue":"51","maxValue":"200"}}]}},"_links":{"self":[{"href":"https:\/\/themeholt.com\/fr\/wp-json\/wp\/v2\/product\/12723","targetHints":{"allow":["GET"]}}],"collection":[{"href":"https:\/\/themeholt.com\/fr\/wp-json\/wp\/v2\/product"}],"about":[{"href":"https:\/\/themeholt.com\/fr\/wp-json\/wp\/v2\/types\/product"}],"wp:featuredmedia":[{"embeddable":true,"href":"https:\/\/themeholt.com\/fr\/wp-json\/wp\/v2\/media\/12724"}],"wp:attachment":[{"href":"https:\/\/themeholt.com\/fr\/wp-json\/wp\/v2\/media?parent=12723"}],"wp:term":[{"taxonomy":"product_brand","embeddable":true,"href":"https:\/\/themeholt.com\/fr\/wp-json\/wp\/v2\/product_brand?post=12723"},{"taxonomy":"product_cat","embeddable":true,"href":"https:\/\/themeholt.com\/fr\/wp-json\/wp\/v2\/product_cat?post=12723"},{"taxonomy":"product_tag","embeddable":true,"href":"https:\/\/themeholt.com\/fr\/wp-json\/wp\/v2\/product_tag?post=12723"}],"curies":[{"name":"wp","href":"https:\/\/api.w.org\/{rel}","templated":true}]}}