{"id":12751,"date":"2023-10-09T06:26:50","date_gmt":"2023-10-09T06:26:50","guid":{"rendered":"https:\/\/themeholt.com\/product\/favas-woocommerce\/"},"modified":"2024-10-15T10:28:57","modified_gmt":"2024-10-15T10:28:57","slug":"favas-woocommerce","status":"publish","type":"product","link":"https:\/\/themeholt.com\/fr\/product\/favas-woocommerce\/","title":{"rendered":"Favas Woocommerce"},"content":{"rendered":"<p><span style=\"font-weight: 400\">Le th\u00e8me WordPress WooCommerce de Favas<\/span><b>est une solution de commerce \u00e9lectronique polyvalente et \u00e9l\u00e9gante con\u00e7ue pour am\u00e9liorer votre boutique en ligne. Les fonctionnalit\u00e9s puissantes de Favas et son interface facile \u00e0 utiliser vous permettent de cr\u00e9er une boutique en ligne attrayante et utile. Gr\u00e2ce \u00e0 son int\u00e9gration fluide avec WooCommerce, ce th\u00e8me garantit \u00e0 vos clients un achat rapide et facile.<\/span><\/p>\n<p><span style=\"font-weight: 400\">Gr\u00e2ce \u00e0 toutes les options de personnalisation propos\u00e9es par Favas, vous pouvez faire en sorte que votre site Web refl\u00e8te exactement l&rsquo;identit\u00e9 distinctive de votre entreprise. Votre site Web aura une apparence fantastique sur tous les appareils gr\u00e2ce \u00e0 sa conception r\u00e9active, et les utilisateurs adoreront la mise en page fluide et \u00e9pur\u00e9e. De plus, l&rsquo;optimisation du r\u00e9f\u00e9rencement et les vitesses de chargement rapides du th\u00e8me contribuent \u00e0 augmenter le trafic du site Web.<\/span><\/p>\n","protected":false},"excerpt":{"rendered":"<ul>\n<li><span style=\"font-weight: 400\">Une fusion parfaite de WooCommerce et WordPress<\/span><\/li>\n<li><span style=\"font-weight: 400\">Design et personnalisation \u00e9poustouflants<\/span><\/li>\n<li><span style=\"font-weight: 400\">Optimis\u00e9 pour le succ\u00e8s du commerce \u00e9lectronique<\/span><\/li>\n<li><span style=\"font-weight: 400\">Int\u00e9gration parfaite des fonctionnalit\u00e9s de WooCommerce<\/span><\/li>\n<li><span style=\"font-weight: 400\">Capacit\u00e9s SEO avanc\u00e9es<\/span><\/li>\n<li><span style=\"font-weight: 400\">Support et documentation de classe mondiale<\/span><\/li>\n<\/ul>\n","protected":false},"featured_media":12752,"template":"","meta":{"_acf_changed":false,"inline_featured_image":false},"product_brand":[],"product_cat":[895],"product_tag":[896,897,898,899],"class_list":{"0":"post-12751","1":"product","2":"type-product","3":"status-publish","4":"has-post-thumbnail","6":"product_cat-fashion-beauty-fr","7":"product_tag-affordable-fashion-and-beauty-themes-fr","8":"product_tag-best-fashion-website-themes-fr","9":"product_tag-best-spa-beauty-salon-wordpress-themes-fr","10":"product_tag-fashion-theme-fr","12":"first","13":"instock","14":"sale","15":"downloadable","16":"taxable","17":"shipping-taxable","18":"purchasable","19":"product-type-simple"},"acf":[],"yoast_head":"<!-- This site is optimized with the Yoast SEO Premium plugin v22.1 (Yoast SEO v26.0) - https:\/\/yoast.com\/wordpress\/plugins\/seo\/ -->\n<title>Th\u00e8me WordPress WooCommerce | Th\u00e8mes WooCommerce<\/title>\n<meta name=\"description\" content=\"Obtenez le th\u00e8me WordPress WooCommerce parfait pour cr\u00e9er une belle boutique en ligne. Facile \u00e0 personnaliser, design r\u00e9actif et fonctionnalit\u00e9s de commerce \u00e9lectronique int\u00e9gr\u00e9es pour votre boutique.\" \/>\n<meta name=\"robots\" content=\"index, follow, max-snippet:-1, max-image-preview:large, max-video-preview:-1\" \/>\n<link rel=\"canonical\" href=\"https:\/\/themeholt.com\/fr\/product\/favas-woocommerce\/\" \/>\n<meta property=\"og:locale\" content=\"fr_FR\" \/>\n<meta property=\"og:type\" content=\"article\" \/>\n<meta property=\"og:title\" content=\"Favas Woocommerce\" \/>\n<meta property=\"og:description\" content=\"Obtenez le th\u00e8me WordPress WooCommerce parfait pour cr\u00e9er une belle boutique en ligne. Facile \u00e0 personnaliser, design r\u00e9actif et fonctionnalit\u00e9s de commerce \u00e9lectronique int\u00e9gr\u00e9es pour votre boutique.\" \/>\n<meta property=\"og:url\" content=\"https:\/\/themeholt.com\/fr\/product\/favas-woocommerce\/\" \/>\n<meta property=\"og:site_name\" content=\"ThemeHolt\" \/>\n<meta property=\"article:publisher\" content=\"https:\/\/www.facebook.com\/themeholtT\" \/>\n<meta property=\"article:modified_time\" content=\"2024-10-15T10:28:57+00:00\" \/>\n<meta property=\"og:image\" content=\"https:\/\/themeholt.com\/wp-content\/uploads\/2023\/10\/276.png\" \/>\n\t<meta property=\"og:image:width\" content=\"1365\" \/>\n\t<meta property=\"og:image:height\" content=\"1059\" \/>\n\t<meta property=\"og:image:type\" content=\"image\/png\" \/>\n<meta name=\"twitter:card\" content=\"summary_large_image\" \/>\n<meta name=\"twitter:site\" content=\"@ThemeholtT\" \/>\n<meta name=\"twitter:label1\" content=\"Dur\u00e9e de lecture estim\u00e9e\" \/>\n\t<meta name=\"twitter:data1\" content=\"1 minute\" \/>\n<script type=\"application\/ld+json\" class=\"yoast-schema-graph\">{\"@context\":\"https:\/\/schema.org\",\"@graph\":[{\"@type\":\"WebPage\",\"@id\":\"https:\/\/themeholt.com\/fr\/product\/favas-woocommerce\/\",\"url\":\"https:\/\/themeholt.com\/fr\/product\/favas-woocommerce\/\",\"name\":\"Th\u00e8me WordPress WooCommerce | Th\u00e8mes WooCommerce\",\"isPartOf\":{\"@id\":\"https:\/\/themeholt.com\/#website\"},\"primaryImageOfPage\":{\"@id\":\"https:\/\/themeholt.com\/fr\/product\/favas-woocommerce\/#primaryimage\"},\"image\":{\"@id\":\"https:\/\/themeholt.com\/fr\/product\/favas-woocommerce\/#primaryimage\"},\"thumbnailUrl\":\"https:\/\/themeholt.com\/wp-content\/uploads\/2023\/10\/276.png\",\"datePublished\":\"2023-10-09T06:26:50+00:00\",\"dateModified\":\"2024-10-15T10:28:57+00:00\",\"description\":\"Obtenez le th\u00e8me WordPress WooCommerce parfait pour cr\u00e9er une belle boutique en ligne. Facile \u00e0 personnaliser, design r\u00e9actif et fonctionnalit\u00e9s de commerce \u00e9lectronique int\u00e9gr\u00e9es pour votre boutique.\",\"breadcrumb\":{\"@id\":\"https:\/\/themeholt.com\/fr\/product\/favas-woocommerce\/#breadcrumb\"},\"inLanguage\":\"fr-FR\",\"potentialAction\":[{\"@type\":\"ReadAction\",\"target\":[\"https:\/\/themeholt.com\/fr\/product\/favas-woocommerce\/\"]}]},{\"@type\":\"ImageObject\",\"inLanguage\":\"fr-FR\",\"@id\":\"https:\/\/themeholt.com\/fr\/product\/favas-woocommerce\/#primaryimage\",\"url\":\"https:\/\/themeholt.com\/wp-content\/uploads\/2023\/10\/276.png\",\"contentUrl\":\"https:\/\/themeholt.com\/wp-content\/uploads\/2023\/10\/276.png\",\"width\":1365,\"height\":1059},{\"@type\":\"BreadcrumbList\",\"@id\":\"https:\/\/themeholt.com\/fr\/product\/favas-woocommerce\/#breadcrumb\",\"itemListElement\":[{\"@type\":\"ListItem\",\"position\":1,\"name\":\"Home\",\"item\":\"https:\/\/themeholt.com\/fr\/\"},{\"@type\":\"ListItem\",\"position\":2,\"name\":\"Shop\",\"item\":\"https:\/\/themeholt.com\/shop\/\"},{\"@type\":\"ListItem\",\"position\":3,\"name\":\"Favas Woocommerce\"}]},{\"@type\":\"WebSite\",\"@id\":\"https:\/\/themeholt.com\/#website\",\"url\":\"https:\/\/themeholt.com\/\",\"name\":\"ThemeHolt\",\"description\":\"Themeholt is a website that offers high-quality WordPress themes\",\"publisher\":{\"@id\":\"https:\/\/themeholt.com\/#organization\"},\"potentialAction\":[{\"@type\":\"SearchAction\",\"target\":{\"@type\":\"EntryPoint\",\"urlTemplate\":\"https:\/\/themeholt.com\/?s={search_term_string}\"},\"query-input\":{\"@type\":\"PropertyValueSpecification\",\"valueRequired\":true,\"valueName\":\"search_term_string\"}}],\"inLanguage\":\"fr-FR\"},{\"@type\":\"Organization\",\"@id\":\"https:\/\/themeholt.com\/#organization\",\"name\":\"ThemeHolt\",\"alternateName\":\"ThemeHolt\",\"url\":\"https:\/\/themeholt.com\/\",\"logo\":{\"@type\":\"ImageObject\",\"inLanguage\":\"fr-FR\",\"@id\":\"https:\/\/themeholt.com\/#\/schema\/logo\/image\/\",\"url\":\"https:\/\/themeholt.com\/wp-content\/uploads\/2024\/10\/themeholt.png\",\"contentUrl\":\"https:\/\/themeholt.com\/wp-content\/uploads\/2024\/10\/themeholt.png\",\"width\":225,\"height\":225,\"caption\":\"ThemeHolt\"},\"image\":{\"@id\":\"https:\/\/themeholt.com\/#\/schema\/logo\/image\/\"},\"sameAs\":[\"https:\/\/www.facebook.com\/themeholtT\",\"https:\/\/x.com\/ThemeholtT\",\"https:\/\/www.linkedin.com\/company\/themeholt\",\"https:\/\/www.instagram.com\/themeholtt\/\"],\"description\":\"Themeholt is a website that offers high-quality WordPress themes that are easy to use and ready for just about everything. In Eindhoven, Netherlands, since 2020 offering simple, accessible WordPress themes by providing a variety of requirements. Themeholt focuses on practicality and efficiency, allowing faster project completion with its superior marketplace and easy-to-use templates.\",\"legalName\":\"ThemeHolt\",\"foundingDate\":\"2022-11-10\",\"numberOfEmployees\":{\"@type\":\"QuantitativeValue\",\"minValue\":\"51\",\"maxValue\":\"200\"}}]}<\/script>\n<!-- \/ Yoast SEO Premium plugin. -->","yoast_head_json":{"title":"Th\u00e8me WordPress WooCommerce | Th\u00e8mes WooCommerce","description":"Obtenez le th\u00e8me WordPress WooCommerce parfait pour cr\u00e9er une belle boutique en ligne. Facile \u00e0 personnaliser, design r\u00e9actif et fonctionnalit\u00e9s de commerce \u00e9lectronique int\u00e9gr\u00e9es pour votre boutique.","robots":{"index":"index","follow":"follow","max-snippet":"max-snippet:-1","max-image-preview":"max-image-preview:large","max-video-preview":"max-video-preview:-1"},"canonical":"https:\/\/themeholt.com\/fr\/product\/favas-woocommerce\/","og_locale":"fr_FR","og_type":"article","og_title":"Favas Woocommerce","og_description":"Obtenez le th\u00e8me WordPress WooCommerce parfait pour cr\u00e9er une belle boutique en ligne. Facile \u00e0 personnaliser, design r\u00e9actif et fonctionnalit\u00e9s de commerce \u00e9lectronique int\u00e9gr\u00e9es pour votre boutique.","og_url":"https:\/\/themeholt.com\/fr\/product\/favas-woocommerce\/","og_site_name":"ThemeHolt","article_publisher":"https:\/\/www.facebook.com\/themeholtT","article_modified_time":"2024-10-15T10:28:57+00:00","og_image":[{"width":1365,"height":1059,"url":"https:\/\/themeholt.com\/wp-content\/uploads\/2023\/10\/276.png","type":"image\/png"}],"twitter_card":"summary_large_image","twitter_site":"@ThemeholtT","twitter_misc":{"Dur\u00e9e de lecture estim\u00e9e":"1 minute"},"schema":{"@context":"https:\/\/schema.org","@graph":[{"@type":"WebPage","@id":"https:\/\/themeholt.com\/fr\/product\/favas-woocommerce\/","url":"https:\/\/themeholt.com\/fr\/product\/favas-woocommerce\/","name":"Th\u00e8me WordPress WooCommerce | Th\u00e8mes WooCommerce","isPartOf":{"@id":"https:\/\/themeholt.com\/#website"},"primaryImageOfPage":{"@id":"https:\/\/themeholt.com\/fr\/product\/favas-woocommerce\/#primaryimage"},"image":{"@id":"https:\/\/themeholt.com\/fr\/product\/favas-woocommerce\/#primaryimage"},"thumbnailUrl":"https:\/\/themeholt.com\/wp-content\/uploads\/2023\/10\/276.png","datePublished":"2023-10-09T06:26:50+00:00","dateModified":"2024-10-15T10:28:57+00:00","description":"Obtenez le th\u00e8me WordPress WooCommerce parfait pour cr\u00e9er une belle boutique en ligne. Facile \u00e0 personnaliser, design r\u00e9actif et fonctionnalit\u00e9s de commerce \u00e9lectronique int\u00e9gr\u00e9es pour votre boutique.","breadcrumb":{"@id":"https:\/\/themeholt.com\/fr\/product\/favas-woocommerce\/#breadcrumb"},"inLanguage":"fr-FR","potentialAction":[{"@type":"ReadAction","target":["https:\/\/themeholt.com\/fr\/product\/favas-woocommerce\/"]}]},{"@type":"ImageObject","inLanguage":"fr-FR","@id":"https:\/\/themeholt.com\/fr\/product\/favas-woocommerce\/#primaryimage","url":"https:\/\/themeholt.com\/wp-content\/uploads\/2023\/10\/276.png","contentUrl":"https:\/\/themeholt.com\/wp-content\/uploads\/2023\/10\/276.png","width":1365,"height":1059},{"@type":"BreadcrumbList","@id":"https:\/\/themeholt.com\/fr\/product\/favas-woocommerce\/#breadcrumb","itemListElement":[{"@type":"ListItem","position":1,"name":"Home","item":"https:\/\/themeholt.com\/fr\/"},{"@type":"ListItem","position":2,"name":"Shop","item":"https:\/\/themeholt.com\/shop\/"},{"@type":"ListItem","position":3,"name":"Favas Woocommerce"}]},{"@type":"WebSite","@id":"https:\/\/themeholt.com\/#website","url":"https:\/\/themeholt.com\/","name":"ThemeHolt","description":"Themeholt is a website that offers high-quality WordPress themes","publisher":{"@id":"https:\/\/themeholt.com\/#organization"},"potentialAction":[{"@type":"SearchAction","target":{"@type":"EntryPoint","urlTemplate":"https:\/\/themeholt.com\/?s={search_term_string}"},"query-input":{"@type":"PropertyValueSpecification","valueRequired":true,"valueName":"search_term_string"}}],"inLanguage":"fr-FR"},{"@type":"Organization","@id":"https:\/\/themeholt.com\/#organization","name":"ThemeHolt","alternateName":"ThemeHolt","url":"https:\/\/themeholt.com\/","logo":{"@type":"ImageObject","inLanguage":"fr-FR","@id":"https:\/\/themeholt.com\/#\/schema\/logo\/image\/","url":"https:\/\/themeholt.com\/wp-content\/uploads\/2024\/10\/themeholt.png","contentUrl":"https:\/\/themeholt.com\/wp-content\/uploads\/2024\/10\/themeholt.png","width":225,"height":225,"caption":"ThemeHolt"},"image":{"@id":"https:\/\/themeholt.com\/#\/schema\/logo\/image\/"},"sameAs":["https:\/\/www.facebook.com\/themeholtT","https:\/\/x.com\/ThemeholtT","https:\/\/www.linkedin.com\/company\/themeholt","https:\/\/www.instagram.com\/themeholtt\/"],"description":"Themeholt is a website that offers high-quality WordPress themes that are easy to use and ready for just about everything. In Eindhoven, Netherlands, since 2020 offering simple, accessible WordPress themes by providing a variety of requirements. Themeholt focuses on practicality and efficiency, allowing faster project completion with its superior marketplace and easy-to-use templates.","legalName":"ThemeHolt","foundingDate":"2022-11-10","numberOfEmployees":{"@type":"QuantitativeValue","minValue":"51","maxValue":"200"}}]}},"_links":{"self":[{"href":"https:\/\/themeholt.com\/fr\/wp-json\/wp\/v2\/product\/12751","targetHints":{"allow":["GET"]}}],"collection":[{"href":"https:\/\/themeholt.com\/fr\/wp-json\/wp\/v2\/product"}],"about":[{"href":"https:\/\/themeholt.com\/fr\/wp-json\/wp\/v2\/types\/product"}],"wp:featuredmedia":[{"embeddable":true,"href":"https:\/\/themeholt.com\/fr\/wp-json\/wp\/v2\/media\/12752"}],"wp:attachment":[{"href":"https:\/\/themeholt.com\/fr\/wp-json\/wp\/v2\/media?parent=12751"}],"wp:term":[{"taxonomy":"product_brand","embeddable":true,"href":"https:\/\/themeholt.com\/fr\/wp-json\/wp\/v2\/product_brand?post=12751"},{"taxonomy":"product_cat","embeddable":true,"href":"https:\/\/themeholt.com\/fr\/wp-json\/wp\/v2\/product_cat?post=12751"},{"taxonomy":"product_tag","embeddable":true,"href":"https:\/\/themeholt.com\/fr\/wp-json\/wp\/v2\/product_tag?post=12751"}],"curies":[{"name":"wp","href":"https:\/\/api.w.org\/{rel}","templated":true}]}}