{"id":12756,"date":"2023-10-09T06:22:02","date_gmt":"2023-10-09T06:22:02","guid":{"rendered":"https:\/\/themeholt.com\/product\/edel-luxury-jewelry\/"},"modified":"2024-10-15T10:35:09","modified_gmt":"2024-10-15T10:35:09","slug":"bijoux-de-luxe-edel","status":"publish","type":"product","link":"https:\/\/themeholt.com\/fr\/product\/bijoux-de-luxe-edel\/","title":{"rendered":"Bijoux de luxe Edel"},"content":{"rendered":"<p><span style=\"font-weight: 400\">Un<\/span><b> th\u00e8me WordPress de bijoux de luxe<\/b><span style=\"font-weight: 400\"> respire l&rsquo;\u00e9l\u00e9gance et la sophistication, s&rsquo;adressant aux marques de bijoux haut de gamme et aux boutiques. Il allie parfaitement fonctionnalit\u00e9 et style gr\u00e2ce \u00e0 son design soigneusement \u00e9tudi\u00e9. Les utilisateurs peuvent afficher leurs belles collections de bijoux dans toute leur splendeur gr\u00e2ce au design \u00e9l\u00e9gant et convivial du th\u00e8me. Alors que les options personnalisables permettent de s&rsquo;adapter facilement au style diff\u00e9rent de votre marque, son design r\u00e9actif garantit une excellente exp\u00e9rience de navigation sur n&rsquo;importe quel appareil. <\/span><\/p>\n<p><span style=\"font-weight: 400\">Il est id\u00e9al pour les entreprises qui cherchent \u00e0 se d\u00e9velopper, car l&rsquo;int\u00e9gration avec les plugins de commerce \u00e9lectronique simplifie les ventes en ligne. Am\u00e9liorez la visibilit\u00e9 en ligne de votre entreprise de bijoux avec ce th\u00e8me WordPress luxueux et simple.<\/span><\/p>\n","protected":false},"excerpt":{"rendered":"<ul>\n<li><span style=\"font-weight: 400\">Une fusion parfaite de WooCommerce et WordPress<\/span><\/li>\n<li><span style=\"font-weight: 400\">Design et personnalisation \u00e9poustouflants<\/span><\/li>\n<li><span style=\"font-weight: 400\">Optimis\u00e9 pour le succ\u00e8s du commerce \u00e9lectronique<\/span><\/li>\n<li><span style=\"font-weight: 400\">Int\u00e9gration parfaite des fonctionnalit\u00e9s de WooCommerce<\/span><\/li>\n<li><span style=\"font-weight: 400\">Capacit\u00e9s SEO avanc\u00e9es<\/span><\/li>\n<li><span style=\"font-weight: 400\">Support et documentation de classe mondiale<\/span><\/li>\n<\/ul>\n","protected":false},"featured_media":12757,"template":"","meta":{"_acf_changed":false,"inline_featured_image":false},"product_brand":[],"product_cat":[895],"product_tag":[896,897,899],"class_list":{"0":"post-12756","1":"product","2":"type-product","3":"status-publish","4":"has-post-thumbnail","6":"product_cat-fashion-beauty-fr","7":"product_tag-affordable-fashion-and-beauty-themes-fr","8":"product_tag-best-fashion-website-themes-fr","9":"product_tag-fashion-theme-fr","11":"first","12":"instock","13":"sale","14":"downloadable","15":"taxable","16":"shipping-taxable","17":"purchasable","18":"product-type-simple"},"acf":[],"yoast_head":"<!-- This site is optimized with the Yoast SEO Premium plugin v22.1 (Yoast SEO v26.0) - https:\/\/yoast.com\/wordpress\/plugins\/seo\/ -->\n<title>Th\u00e8me WordPress pour bijoux | Mod\u00e8le de site Web de bijouterie<\/title>\n<meta name=\"description\" content=\"Trouvez le mod\u00e8le de site Web de bijouterie id\u00e9al pour pr\u00e9senter votre collection en ligne. Cr\u00e9ez un site Web professionnel qui attire les clients et augmente les ventes.\" \/>\n<meta name=\"robots\" content=\"index, follow, max-snippet:-1, max-image-preview:large, max-video-preview:-1\" \/>\n<link rel=\"canonical\" href=\"https:\/\/themeholt.com\/fr\/product\/bijoux-de-luxe-edel\/\" \/>\n<meta property=\"og:locale\" content=\"fr_FR\" \/>\n<meta property=\"og:type\" content=\"article\" \/>\n<meta property=\"og:title\" content=\"Bijoux de luxe Edel\" \/>\n<meta property=\"og:description\" content=\"Trouvez le mod\u00e8le de site Web de bijouterie id\u00e9al pour pr\u00e9senter votre collection en ligne. Cr\u00e9ez un site Web professionnel qui attire les clients et augmente les ventes.\" \/>\n<meta property=\"og:url\" content=\"https:\/\/themeholt.com\/fr\/product\/bijoux-de-luxe-edel\/\" \/>\n<meta property=\"og:site_name\" content=\"ThemeHolt\" \/>\n<meta property=\"article:publisher\" content=\"https:\/\/www.facebook.com\/themeholtT\" \/>\n<meta property=\"article:modified_time\" content=\"2024-10-15T10:35:09+00:00\" \/>\n<meta property=\"og:image\" content=\"https:\/\/themeholt.com\/wp-content\/uploads\/2023\/10\/271.png\" \/>\n\t<meta property=\"og:image:width\" content=\"1365\" \/>\n\t<meta property=\"og:image:height\" content=\"1283\" \/>\n\t<meta property=\"og:image:type\" content=\"image\/png\" \/>\n<meta name=\"twitter:card\" content=\"summary_large_image\" \/>\n<meta name=\"twitter:site\" content=\"@ThemeholtT\" \/>\n<meta name=\"twitter:label1\" content=\"Dur\u00e9e de lecture estim\u00e9e\" \/>\n\t<meta name=\"twitter:data1\" content=\"1 minute\" \/>\n<script type=\"application\/ld+json\" class=\"yoast-schema-graph\">{\"@context\":\"https:\/\/schema.org\",\"@graph\":[{\"@type\":\"WebPage\",\"@id\":\"https:\/\/themeholt.com\/fr\/product\/bijoux-de-luxe-edel\/\",\"url\":\"https:\/\/themeholt.com\/fr\/product\/bijoux-de-luxe-edel\/\",\"name\":\"Th\u00e8me WordPress pour bijoux | Mod\u00e8le de site Web de bijouterie\",\"isPartOf\":{\"@id\":\"https:\/\/themeholt.com\/#website\"},\"primaryImageOfPage\":{\"@id\":\"https:\/\/themeholt.com\/fr\/product\/bijoux-de-luxe-edel\/#primaryimage\"},\"image\":{\"@id\":\"https:\/\/themeholt.com\/fr\/product\/bijoux-de-luxe-edel\/#primaryimage\"},\"thumbnailUrl\":\"https:\/\/themeholt.com\/wp-content\/uploads\/2023\/10\/271.png\",\"datePublished\":\"2023-10-09T06:22:02+00:00\",\"dateModified\":\"2024-10-15T10:35:09+00:00\",\"description\":\"Trouvez le mod\u00e8le de site Web de bijouterie id\u00e9al pour pr\u00e9senter votre collection en ligne. Cr\u00e9ez un site Web professionnel qui attire les clients et augmente les ventes.\",\"breadcrumb\":{\"@id\":\"https:\/\/themeholt.com\/fr\/product\/bijoux-de-luxe-edel\/#breadcrumb\"},\"inLanguage\":\"fr-FR\",\"potentialAction\":[{\"@type\":\"ReadAction\",\"target\":[\"https:\/\/themeholt.com\/fr\/product\/bijoux-de-luxe-edel\/\"]}]},{\"@type\":\"ImageObject\",\"inLanguage\":\"fr-FR\",\"@id\":\"https:\/\/themeholt.com\/fr\/product\/bijoux-de-luxe-edel\/#primaryimage\",\"url\":\"https:\/\/themeholt.com\/wp-content\/uploads\/2023\/10\/271.png\",\"contentUrl\":\"https:\/\/themeholt.com\/wp-content\/uploads\/2023\/10\/271.png\",\"width\":1365,\"height\":1283},{\"@type\":\"BreadcrumbList\",\"@id\":\"https:\/\/themeholt.com\/fr\/product\/bijoux-de-luxe-edel\/#breadcrumb\",\"itemListElement\":[{\"@type\":\"ListItem\",\"position\":1,\"name\":\"Home\",\"item\":\"https:\/\/themeholt.com\/fr\/\"},{\"@type\":\"ListItem\",\"position\":2,\"name\":\"Shop\",\"item\":\"https:\/\/themeholt.com\/shop\/\"},{\"@type\":\"ListItem\",\"position\":3,\"name\":\"Bijoux de luxe Edel\"}]},{\"@type\":\"WebSite\",\"@id\":\"https:\/\/themeholt.com\/#website\",\"url\":\"https:\/\/themeholt.com\/\",\"name\":\"ThemeHolt\",\"description\":\"Themeholt is a website that offers high-quality WordPress themes\",\"publisher\":{\"@id\":\"https:\/\/themeholt.com\/#organization\"},\"potentialAction\":[{\"@type\":\"SearchAction\",\"target\":{\"@type\":\"EntryPoint\",\"urlTemplate\":\"https:\/\/themeholt.com\/?s={search_term_string}\"},\"query-input\":{\"@type\":\"PropertyValueSpecification\",\"valueRequired\":true,\"valueName\":\"search_term_string\"}}],\"inLanguage\":\"fr-FR\"},{\"@type\":\"Organization\",\"@id\":\"https:\/\/themeholt.com\/#organization\",\"name\":\"ThemeHolt\",\"alternateName\":\"ThemeHolt\",\"url\":\"https:\/\/themeholt.com\/\",\"logo\":{\"@type\":\"ImageObject\",\"inLanguage\":\"fr-FR\",\"@id\":\"https:\/\/themeholt.com\/#\/schema\/logo\/image\/\",\"url\":\"https:\/\/themeholt.com\/wp-content\/uploads\/2024\/10\/themeholt.png\",\"contentUrl\":\"https:\/\/themeholt.com\/wp-content\/uploads\/2024\/10\/themeholt.png\",\"width\":225,\"height\":225,\"caption\":\"ThemeHolt\"},\"image\":{\"@id\":\"https:\/\/themeholt.com\/#\/schema\/logo\/image\/\"},\"sameAs\":[\"https:\/\/www.facebook.com\/themeholtT\",\"https:\/\/x.com\/ThemeholtT\",\"https:\/\/www.linkedin.com\/company\/themeholt\",\"https:\/\/www.instagram.com\/themeholtt\/\"],\"description\":\"Themeholt is a website that offers high-quality WordPress themes that are easy to use and ready for just about everything. In Eindhoven, Netherlands, since 2020 offering simple, accessible WordPress themes by providing a variety of requirements. Themeholt focuses on practicality and efficiency, allowing faster project completion with its superior marketplace and easy-to-use templates.\",\"legalName\":\"ThemeHolt\",\"foundingDate\":\"2022-11-10\",\"numberOfEmployees\":{\"@type\":\"QuantitativeValue\",\"minValue\":\"51\",\"maxValue\":\"200\"}}]}<\/script>\n<!-- \/ Yoast SEO Premium plugin. -->","yoast_head_json":{"title":"Th\u00e8me WordPress pour bijoux | Mod\u00e8le de site Web de bijouterie","description":"Trouvez le mod\u00e8le de site Web de bijouterie id\u00e9al pour pr\u00e9senter votre collection en ligne. Cr\u00e9ez un site Web professionnel qui attire les clients et augmente les ventes.","robots":{"index":"index","follow":"follow","max-snippet":"max-snippet:-1","max-image-preview":"max-image-preview:large","max-video-preview":"max-video-preview:-1"},"canonical":"https:\/\/themeholt.com\/fr\/product\/bijoux-de-luxe-edel\/","og_locale":"fr_FR","og_type":"article","og_title":"Bijoux de luxe Edel","og_description":"Trouvez le mod\u00e8le de site Web de bijouterie id\u00e9al pour pr\u00e9senter votre collection en ligne. Cr\u00e9ez un site Web professionnel qui attire les clients et augmente les ventes.","og_url":"https:\/\/themeholt.com\/fr\/product\/bijoux-de-luxe-edel\/","og_site_name":"ThemeHolt","article_publisher":"https:\/\/www.facebook.com\/themeholtT","article_modified_time":"2024-10-15T10:35:09+00:00","og_image":[{"width":1365,"height":1283,"url":"https:\/\/themeholt.com\/wp-content\/uploads\/2023\/10\/271.png","type":"image\/png"}],"twitter_card":"summary_large_image","twitter_site":"@ThemeholtT","twitter_misc":{"Dur\u00e9e de lecture estim\u00e9e":"1 minute"},"schema":{"@context":"https:\/\/schema.org","@graph":[{"@type":"WebPage","@id":"https:\/\/themeholt.com\/fr\/product\/bijoux-de-luxe-edel\/","url":"https:\/\/themeholt.com\/fr\/product\/bijoux-de-luxe-edel\/","name":"Th\u00e8me WordPress pour bijoux | Mod\u00e8le de site Web de bijouterie","isPartOf":{"@id":"https:\/\/themeholt.com\/#website"},"primaryImageOfPage":{"@id":"https:\/\/themeholt.com\/fr\/product\/bijoux-de-luxe-edel\/#primaryimage"},"image":{"@id":"https:\/\/themeholt.com\/fr\/product\/bijoux-de-luxe-edel\/#primaryimage"},"thumbnailUrl":"https:\/\/themeholt.com\/wp-content\/uploads\/2023\/10\/271.png","datePublished":"2023-10-09T06:22:02+00:00","dateModified":"2024-10-15T10:35:09+00:00","description":"Trouvez le mod\u00e8le de site Web de bijouterie id\u00e9al pour pr\u00e9senter votre collection en ligne. Cr\u00e9ez un site Web professionnel qui attire les clients et augmente les ventes.","breadcrumb":{"@id":"https:\/\/themeholt.com\/fr\/product\/bijoux-de-luxe-edel\/#breadcrumb"},"inLanguage":"fr-FR","potentialAction":[{"@type":"ReadAction","target":["https:\/\/themeholt.com\/fr\/product\/bijoux-de-luxe-edel\/"]}]},{"@type":"ImageObject","inLanguage":"fr-FR","@id":"https:\/\/themeholt.com\/fr\/product\/bijoux-de-luxe-edel\/#primaryimage","url":"https:\/\/themeholt.com\/wp-content\/uploads\/2023\/10\/271.png","contentUrl":"https:\/\/themeholt.com\/wp-content\/uploads\/2023\/10\/271.png","width":1365,"height":1283},{"@type":"BreadcrumbList","@id":"https:\/\/themeholt.com\/fr\/product\/bijoux-de-luxe-edel\/#breadcrumb","itemListElement":[{"@type":"ListItem","position":1,"name":"Home","item":"https:\/\/themeholt.com\/fr\/"},{"@type":"ListItem","position":2,"name":"Shop","item":"https:\/\/themeholt.com\/shop\/"},{"@type":"ListItem","position":3,"name":"Bijoux de luxe Edel"}]},{"@type":"WebSite","@id":"https:\/\/themeholt.com\/#website","url":"https:\/\/themeholt.com\/","name":"ThemeHolt","description":"Themeholt is a website that offers high-quality WordPress themes","publisher":{"@id":"https:\/\/themeholt.com\/#organization"},"potentialAction":[{"@type":"SearchAction","target":{"@type":"EntryPoint","urlTemplate":"https:\/\/themeholt.com\/?s={search_term_string}"},"query-input":{"@type":"PropertyValueSpecification","valueRequired":true,"valueName":"search_term_string"}}],"inLanguage":"fr-FR"},{"@type":"Organization","@id":"https:\/\/themeholt.com\/#organization","name":"ThemeHolt","alternateName":"ThemeHolt","url":"https:\/\/themeholt.com\/","logo":{"@type":"ImageObject","inLanguage":"fr-FR","@id":"https:\/\/themeholt.com\/#\/schema\/logo\/image\/","url":"https:\/\/themeholt.com\/wp-content\/uploads\/2024\/10\/themeholt.png","contentUrl":"https:\/\/themeholt.com\/wp-content\/uploads\/2024\/10\/themeholt.png","width":225,"height":225,"caption":"ThemeHolt"},"image":{"@id":"https:\/\/themeholt.com\/#\/schema\/logo\/image\/"},"sameAs":["https:\/\/www.facebook.com\/themeholtT","https:\/\/x.com\/ThemeholtT","https:\/\/www.linkedin.com\/company\/themeholt","https:\/\/www.instagram.com\/themeholtt\/"],"description":"Themeholt is a website that offers high-quality WordPress themes that are easy to use and ready for just about everything. In Eindhoven, Netherlands, since 2020 offering simple, accessible WordPress themes by providing a variety of requirements. Themeholt focuses on practicality and efficiency, allowing faster project completion with its superior marketplace and easy-to-use templates.","legalName":"ThemeHolt","foundingDate":"2022-11-10","numberOfEmployees":{"@type":"QuantitativeValue","minValue":"51","maxValue":"200"}}]}},"_links":{"self":[{"href":"https:\/\/themeholt.com\/fr\/wp-json\/wp\/v2\/product\/12756","targetHints":{"allow":["GET"]}}],"collection":[{"href":"https:\/\/themeholt.com\/fr\/wp-json\/wp\/v2\/product"}],"about":[{"href":"https:\/\/themeholt.com\/fr\/wp-json\/wp\/v2\/types\/product"}],"wp:featuredmedia":[{"embeddable":true,"href":"https:\/\/themeholt.com\/fr\/wp-json\/wp\/v2\/media\/12757"}],"wp:attachment":[{"href":"https:\/\/themeholt.com\/fr\/wp-json\/wp\/v2\/media?parent=12756"}],"wp:term":[{"taxonomy":"product_brand","embeddable":true,"href":"https:\/\/themeholt.com\/fr\/wp-json\/wp\/v2\/product_brand?post=12756"},{"taxonomy":"product_cat","embeddable":true,"href":"https:\/\/themeholt.com\/fr\/wp-json\/wp\/v2\/product_cat?post=12756"},{"taxonomy":"product_tag","embeddable":true,"href":"https:\/\/themeholt.com\/fr\/wp-json\/wp\/v2\/product_tag?post=12756"}],"curies":[{"name":"wp","href":"https:\/\/api.w.org\/{rel}","templated":true}]}}