{"id":12772,"date":"2023-10-09T05:31:31","date_gmt":"2023-10-09T05:31:31","guid":{"rendered":"https:\/\/themeholt.com\/product\/fooditi-restaurant-cafe\/"},"modified":"2024-10-15T11:23:58","modified_gmt":"2024-10-15T11:23:58","slug":"cafe-restaurant-fooditi","status":"publish","type":"product","link":"https:\/\/themeholt.com\/fr\/product\/cafe-restaurant-fooditi\/","title":{"rendered":"Caf\u00e9-restaurant Fooditi"},"content":{"rendered":"<p><span style=\"font-weight: 400\">Le <\/span><b>th\u00e8me WordPress Restaurant Cafe<\/b><span style=\"font-weight: 400\"> est un mod\u00e8le polyvalent et visuellement attrayant con\u00e7u pour am\u00e9liorer la pr\u00e9sence en ligne des restaurants et des caf\u00e9s. Ce th\u00e8me offre aux propri\u00e9taires de restaurants et aux consommateurs une exp\u00e9rience fluide et facile. Il met efficacement en valeur votre menu, vos services et votre environnement gr\u00e2ce \u00e0 sa mise en page efficace et moderne, qui cr\u00e9e \u00e9galement une atmosph\u00e8re accueillante. <\/span><\/p>\n<p><span style=\"font-weight: 400\">Vous pouvez facilement personnaliser les fonctionnalit\u00e9s du th\u00e8me pour faire correspondre votre marque et votre style \u00e0 votre site Web. Avec des fonctionnalit\u00e9s telles que des menus conviviaux et des syst\u00e8mes de r\u00e9servation en ligne, ce th\u00e8me est con\u00e7u pour am\u00e9liorer l&rsquo;exp\u00e9rience globale des clients, ce qui en fait une excellente option pour tout restaurant cherchant \u00e0 \u00e9tablir une pr\u00e9sence en ligne captivante.<\/span><\/p>\n","protected":false},"excerpt":{"rendered":"<ul>\n<li><span style=\"font-weight: 400\">Une exp\u00e9rience en ligne fluide<\/span><\/li>\n<li><span style=\"font-weight: 400\">R\u00e9actif et adapt\u00e9 aux mobiles<\/span><\/li>\n<li><span style=\"font-weight: 400\">Des analyses resplendissantes<\/span><\/li>\n<li><span style=\"font-weight: 400\">Plateforme de blogs<\/span><\/li>\n<li><span style=\"font-weight: 400\">Int\u00e9gration des m\u00e9dias sociaux<\/span><\/li>\n<li><span style=\"font-weight: 400\">Menu interactif<\/span><\/li>\n<li><span style=\"font-weight: 400\">R\u00e9servations simplifi\u00e9es<\/span><\/li>\n<li><span style=\"font-weight: 400\">D\u00e9lices visuels<\/span><\/li>\n<li><span style=\"font-weight: 400\">Un voyage culinaire D\u00e9but<\/span><\/li>\n<\/ul>\n","protected":false},"featured_media":12773,"template":"","meta":{"_acf_changed":false,"inline_featured_image":false},"product_brand":[],"product_cat":[900],"product_tag":[901,902,903,904],"class_list":{"0":"post-12772","1":"product","2":"type-product","3":"status-publish","4":"has-post-thumbnail","6":"product_cat-food-resturant-fr","7":"product_tag-affordable-restaurant-website-theme-ideas-fr","8":"product_tag-best-food-website-themes-fr","9":"product_tag-best-restaurant-themes-ideas-fr","10":"product_tag-fast-food-restaurant-themes-fr","12":"first","13":"instock","14":"sale","15":"downloadable","16":"taxable","17":"shipping-taxable","18":"purchasable","19":"product-type-simple"},"acf":[],"yoast_head":"<!-- This site is optimized with the Yoast SEO Premium plugin v22.1 (Yoast SEO v26.0) - https:\/\/yoast.com\/wordpress\/plugins\/seo\/ -->\n<title>Th\u00e8mes de restauration rapide | Meilleurs th\u00e8mes de sites Web de restauration<\/title>\n<meta name=\"description\" content=\"Obtenez les meilleurs th\u00e8mes de sites Web de restauration ! Choisissez parmi de magnifiques designs pour votre restaurant, votre caf\u00e9 ou votre blog culinaire. Cr\u00e9ez facilement une pr\u00e9sence en ligne \u00e9tonnante.\" \/>\n<meta name=\"robots\" content=\"index, follow, max-snippet:-1, max-image-preview:large, max-video-preview:-1\" \/>\n<link rel=\"canonical\" href=\"https:\/\/themeholt.com\/fr\/product\/cafe-restaurant-fooditi\/\" \/>\n<meta property=\"og:locale\" content=\"fr_FR\" \/>\n<meta property=\"og:type\" content=\"article\" \/>\n<meta property=\"og:title\" content=\"Caf\u00e9-restaurant Fooditi\" \/>\n<meta property=\"og:description\" content=\"Obtenez les meilleurs th\u00e8mes de sites Web de restauration ! Choisissez parmi de magnifiques designs pour votre restaurant, votre caf\u00e9 ou votre blog culinaire. Cr\u00e9ez facilement une pr\u00e9sence en ligne \u00e9tonnante.\" \/>\n<meta property=\"og:url\" content=\"https:\/\/themeholt.com\/fr\/product\/cafe-restaurant-fooditi\/\" \/>\n<meta property=\"og:site_name\" content=\"ThemeHolt\" \/>\n<meta property=\"article:publisher\" content=\"https:\/\/www.facebook.com\/themeholtT\" \/>\n<meta property=\"article:modified_time\" content=\"2024-10-15T11:23:58+00:00\" \/>\n<meta property=\"og:image\" content=\"https:\/\/themeholt.com\/wp-content\/uploads\/2023\/10\/231.png\" \/>\n\t<meta property=\"og:image:width\" content=\"1365\" \/>\n\t<meta property=\"og:image:height\" content=\"1001\" \/>\n\t<meta property=\"og:image:type\" content=\"image\/png\" \/>\n<meta name=\"twitter:card\" content=\"summary_large_image\" \/>\n<meta name=\"twitter:site\" content=\"@ThemeholtT\" \/>\n<meta name=\"twitter:label1\" content=\"Dur\u00e9e de lecture estim\u00e9e\" \/>\n\t<meta name=\"twitter:data1\" content=\"1 minute\" \/>\n<script type=\"application\/ld+json\" class=\"yoast-schema-graph\">{\"@context\":\"https:\/\/schema.org\",\"@graph\":[{\"@type\":\"WebPage\",\"@id\":\"https:\/\/themeholt.com\/fr\/product\/cafe-restaurant-fooditi\/\",\"url\":\"https:\/\/themeholt.com\/fr\/product\/cafe-restaurant-fooditi\/\",\"name\":\"Th\u00e8mes de restauration rapide | Meilleurs th\u00e8mes de sites Web de restauration\",\"isPartOf\":{\"@id\":\"https:\/\/themeholt.com\/#website\"},\"primaryImageOfPage\":{\"@id\":\"https:\/\/themeholt.com\/fr\/product\/cafe-restaurant-fooditi\/#primaryimage\"},\"image\":{\"@id\":\"https:\/\/themeholt.com\/fr\/product\/cafe-restaurant-fooditi\/#primaryimage\"},\"thumbnailUrl\":\"https:\/\/themeholt.com\/wp-content\/uploads\/2023\/10\/231.png\",\"datePublished\":\"2023-10-09T05:31:31+00:00\",\"dateModified\":\"2024-10-15T11:23:58+00:00\",\"description\":\"Obtenez les meilleurs th\u00e8mes de sites Web de restauration ! Choisissez parmi de magnifiques designs pour votre restaurant, votre caf\u00e9 ou votre blog culinaire. Cr\u00e9ez facilement une pr\u00e9sence en ligne \u00e9tonnante.\",\"breadcrumb\":{\"@id\":\"https:\/\/themeholt.com\/fr\/product\/cafe-restaurant-fooditi\/#breadcrumb\"},\"inLanguage\":\"fr-FR\",\"potentialAction\":[{\"@type\":\"ReadAction\",\"target\":[\"https:\/\/themeholt.com\/fr\/product\/cafe-restaurant-fooditi\/\"]}]},{\"@type\":\"ImageObject\",\"inLanguage\":\"fr-FR\",\"@id\":\"https:\/\/themeholt.com\/fr\/product\/cafe-restaurant-fooditi\/#primaryimage\",\"url\":\"https:\/\/themeholt.com\/wp-content\/uploads\/2023\/10\/231.png\",\"contentUrl\":\"https:\/\/themeholt.com\/wp-content\/uploads\/2023\/10\/231.png\",\"width\":1365,\"height\":1001},{\"@type\":\"BreadcrumbList\",\"@id\":\"https:\/\/themeholt.com\/fr\/product\/cafe-restaurant-fooditi\/#breadcrumb\",\"itemListElement\":[{\"@type\":\"ListItem\",\"position\":1,\"name\":\"Home\",\"item\":\"https:\/\/themeholt.com\/fr\/\"},{\"@type\":\"ListItem\",\"position\":2,\"name\":\"Shop\",\"item\":\"https:\/\/themeholt.com\/shop\/\"},{\"@type\":\"ListItem\",\"position\":3,\"name\":\"Caf\u00e9-restaurant Fooditi\"}]},{\"@type\":\"WebSite\",\"@id\":\"https:\/\/themeholt.com\/#website\",\"url\":\"https:\/\/themeholt.com\/\",\"name\":\"ThemeHolt\",\"description\":\"Themeholt is a website that offers high-quality WordPress themes\",\"publisher\":{\"@id\":\"https:\/\/themeholt.com\/#organization\"},\"potentialAction\":[{\"@type\":\"SearchAction\",\"target\":{\"@type\":\"EntryPoint\",\"urlTemplate\":\"https:\/\/themeholt.com\/?s={search_term_string}\"},\"query-input\":{\"@type\":\"PropertyValueSpecification\",\"valueRequired\":true,\"valueName\":\"search_term_string\"}}],\"inLanguage\":\"fr-FR\"},{\"@type\":\"Organization\",\"@id\":\"https:\/\/themeholt.com\/#organization\",\"name\":\"ThemeHolt\",\"alternateName\":\"ThemeHolt\",\"url\":\"https:\/\/themeholt.com\/\",\"logo\":{\"@type\":\"ImageObject\",\"inLanguage\":\"fr-FR\",\"@id\":\"https:\/\/themeholt.com\/#\/schema\/logo\/image\/\",\"url\":\"https:\/\/themeholt.com\/wp-content\/uploads\/2024\/10\/themeholt.png\",\"contentUrl\":\"https:\/\/themeholt.com\/wp-content\/uploads\/2024\/10\/themeholt.png\",\"width\":225,\"height\":225,\"caption\":\"ThemeHolt\"},\"image\":{\"@id\":\"https:\/\/themeholt.com\/#\/schema\/logo\/image\/\"},\"sameAs\":[\"https:\/\/www.facebook.com\/themeholtT\",\"https:\/\/x.com\/ThemeholtT\",\"https:\/\/www.linkedin.com\/company\/themeholt\",\"https:\/\/www.instagram.com\/themeholtt\/\"],\"description\":\"Themeholt is a website that offers high-quality WordPress themes that are easy to use and ready for just about everything. In Eindhoven, Netherlands, since 2020 offering simple, accessible WordPress themes by providing a variety of requirements. Themeholt focuses on practicality and efficiency, allowing faster project completion with its superior marketplace and easy-to-use templates.\",\"legalName\":\"ThemeHolt\",\"foundingDate\":\"2022-11-10\",\"numberOfEmployees\":{\"@type\":\"QuantitativeValue\",\"minValue\":\"51\",\"maxValue\":\"200\"}}]}<\/script>\n<!-- \/ Yoast SEO Premium plugin. -->","yoast_head_json":{"title":"Th\u00e8mes de restauration rapide | Meilleurs th\u00e8mes de sites Web de restauration","description":"Obtenez les meilleurs th\u00e8mes de sites Web de restauration ! Choisissez parmi de magnifiques designs pour votre restaurant, votre caf\u00e9 ou votre blog culinaire. Cr\u00e9ez facilement une pr\u00e9sence en ligne \u00e9tonnante.","robots":{"index":"index","follow":"follow","max-snippet":"max-snippet:-1","max-image-preview":"max-image-preview:large","max-video-preview":"max-video-preview:-1"},"canonical":"https:\/\/themeholt.com\/fr\/product\/cafe-restaurant-fooditi\/","og_locale":"fr_FR","og_type":"article","og_title":"Caf\u00e9-restaurant Fooditi","og_description":"Obtenez les meilleurs th\u00e8mes de sites Web de restauration ! Choisissez parmi de magnifiques designs pour votre restaurant, votre caf\u00e9 ou votre blog culinaire. Cr\u00e9ez facilement une pr\u00e9sence en ligne \u00e9tonnante.","og_url":"https:\/\/themeholt.com\/fr\/product\/cafe-restaurant-fooditi\/","og_site_name":"ThemeHolt","article_publisher":"https:\/\/www.facebook.com\/themeholtT","article_modified_time":"2024-10-15T11:23:58+00:00","og_image":[{"width":1365,"height":1001,"url":"https:\/\/themeholt.com\/wp-content\/uploads\/2023\/10\/231.png","type":"image\/png"}],"twitter_card":"summary_large_image","twitter_site":"@ThemeholtT","twitter_misc":{"Dur\u00e9e de lecture estim\u00e9e":"1 minute"},"schema":{"@context":"https:\/\/schema.org","@graph":[{"@type":"WebPage","@id":"https:\/\/themeholt.com\/fr\/product\/cafe-restaurant-fooditi\/","url":"https:\/\/themeholt.com\/fr\/product\/cafe-restaurant-fooditi\/","name":"Th\u00e8mes de restauration rapide | Meilleurs th\u00e8mes de sites Web de restauration","isPartOf":{"@id":"https:\/\/themeholt.com\/#website"},"primaryImageOfPage":{"@id":"https:\/\/themeholt.com\/fr\/product\/cafe-restaurant-fooditi\/#primaryimage"},"image":{"@id":"https:\/\/themeholt.com\/fr\/product\/cafe-restaurant-fooditi\/#primaryimage"},"thumbnailUrl":"https:\/\/themeholt.com\/wp-content\/uploads\/2023\/10\/231.png","datePublished":"2023-10-09T05:31:31+00:00","dateModified":"2024-10-15T11:23:58+00:00","description":"Obtenez les meilleurs th\u00e8mes de sites Web de restauration ! Choisissez parmi de magnifiques designs pour votre restaurant, votre caf\u00e9 ou votre blog culinaire. Cr\u00e9ez facilement une pr\u00e9sence en ligne \u00e9tonnante.","breadcrumb":{"@id":"https:\/\/themeholt.com\/fr\/product\/cafe-restaurant-fooditi\/#breadcrumb"},"inLanguage":"fr-FR","potentialAction":[{"@type":"ReadAction","target":["https:\/\/themeholt.com\/fr\/product\/cafe-restaurant-fooditi\/"]}]},{"@type":"ImageObject","inLanguage":"fr-FR","@id":"https:\/\/themeholt.com\/fr\/product\/cafe-restaurant-fooditi\/#primaryimage","url":"https:\/\/themeholt.com\/wp-content\/uploads\/2023\/10\/231.png","contentUrl":"https:\/\/themeholt.com\/wp-content\/uploads\/2023\/10\/231.png","width":1365,"height":1001},{"@type":"BreadcrumbList","@id":"https:\/\/themeholt.com\/fr\/product\/cafe-restaurant-fooditi\/#breadcrumb","itemListElement":[{"@type":"ListItem","position":1,"name":"Home","item":"https:\/\/themeholt.com\/fr\/"},{"@type":"ListItem","position":2,"name":"Shop","item":"https:\/\/themeholt.com\/shop\/"},{"@type":"ListItem","position":3,"name":"Caf\u00e9-restaurant Fooditi"}]},{"@type":"WebSite","@id":"https:\/\/themeholt.com\/#website","url":"https:\/\/themeholt.com\/","name":"ThemeHolt","description":"Themeholt is a website that offers high-quality WordPress themes","publisher":{"@id":"https:\/\/themeholt.com\/#organization"},"potentialAction":[{"@type":"SearchAction","target":{"@type":"EntryPoint","urlTemplate":"https:\/\/themeholt.com\/?s={search_term_string}"},"query-input":{"@type":"PropertyValueSpecification","valueRequired":true,"valueName":"search_term_string"}}],"inLanguage":"fr-FR"},{"@type":"Organization","@id":"https:\/\/themeholt.com\/#organization","name":"ThemeHolt","alternateName":"ThemeHolt","url":"https:\/\/themeholt.com\/","logo":{"@type":"ImageObject","inLanguage":"fr-FR","@id":"https:\/\/themeholt.com\/#\/schema\/logo\/image\/","url":"https:\/\/themeholt.com\/wp-content\/uploads\/2024\/10\/themeholt.png","contentUrl":"https:\/\/themeholt.com\/wp-content\/uploads\/2024\/10\/themeholt.png","width":225,"height":225,"caption":"ThemeHolt"},"image":{"@id":"https:\/\/themeholt.com\/#\/schema\/logo\/image\/"},"sameAs":["https:\/\/www.facebook.com\/themeholtT","https:\/\/x.com\/ThemeholtT","https:\/\/www.linkedin.com\/company\/themeholt","https:\/\/www.instagram.com\/themeholtt\/"],"description":"Themeholt is a website that offers high-quality WordPress themes that are easy to use and ready for just about everything. In Eindhoven, Netherlands, since 2020 offering simple, accessible WordPress themes by providing a variety of requirements. Themeholt focuses on practicality and efficiency, allowing faster project completion with its superior marketplace and easy-to-use templates.","legalName":"ThemeHolt","foundingDate":"2022-11-10","numberOfEmployees":{"@type":"QuantitativeValue","minValue":"51","maxValue":"200"}}]}},"_links":{"self":[{"href":"https:\/\/themeholt.com\/fr\/wp-json\/wp\/v2\/product\/12772","targetHints":{"allow":["GET"]}}],"collection":[{"href":"https:\/\/themeholt.com\/fr\/wp-json\/wp\/v2\/product"}],"about":[{"href":"https:\/\/themeholt.com\/fr\/wp-json\/wp\/v2\/types\/product"}],"wp:featuredmedia":[{"embeddable":true,"href":"https:\/\/themeholt.com\/fr\/wp-json\/wp\/v2\/media\/12773"}],"wp:attachment":[{"href":"https:\/\/themeholt.com\/fr\/wp-json\/wp\/v2\/media?parent=12772"}],"wp:term":[{"taxonomy":"product_brand","embeddable":true,"href":"https:\/\/themeholt.com\/fr\/wp-json\/wp\/v2\/product_brand?post=12772"},{"taxonomy":"product_cat","embeddable":true,"href":"https:\/\/themeholt.com\/fr\/wp-json\/wp\/v2\/product_cat?post=12772"},{"taxonomy":"product_tag","embeddable":true,"href":"https:\/\/themeholt.com\/fr\/wp-json\/wp\/v2\/product_tag?post=12772"}],"curies":[{"name":"wp","href":"https:\/\/api.w.org\/{rel}","templated":true}]}}