{"id":12904,"date":"2023-10-07T12:54:53","date_gmt":"2023-10-07T12:54:53","guid":{"rendered":"https:\/\/themeholt.com\/product\/travelplan-tour-travel-agency\/"},"modified":"2024-10-17T07:50:11","modified_gmt":"2024-10-17T07:50:11","slug":"agence-de-voyages-travelplan-tour","status":"publish","type":"product","link":"https:\/\/themeholt.com\/fr\/product\/agence-de-voyages-travelplan-tour\/","title":{"rendered":"Agence de voyages Travelplan Tour"},"content":{"rendered":"<p><span style=\"font-weight: 400\">Un<\/span><b> th\u00e8me WordPress pour agence de voyages<\/b><span style=\"font-weight: 400\"> est un mod\u00e8le de site Web polyvalent et dynamique con\u00e7u sp\u00e9cifiquement pour les entreprises de voyages et de tourisme. Ce th\u00e8me offre une plate-forme visuellement \u00e9poustouflante et conviviale pour pr\u00e9senter les destinations, les forfaits et les services de voyage. Avec un design \u00e9pur\u00e9 et moderne, il attire les visiteurs et les motive \u00e0 regarder autour de vous ce que vous avez \u00e0 offrir. Sa conception r\u00e9active le rend facile \u00e0 utiliser sur une vari\u00e9t\u00e9 d&rsquo;appareils, am\u00e9liorant ainsi l&rsquo;exp\u00e9rience utilisateur. <\/span><\/p>\n<p><span style=\"font-weight: 400\">Les clients peuvent effectuer des r\u00e9servations plus facilement lorsque les passerelles de paiement et les syst\u00e8mes de r\u00e9servation sont int\u00e9gr\u00e9s. Pour engager et informer efficacement votre public, vous pouvez le personnaliser pour refl\u00e9ter votre marque et m\u00eame ajouter des blogs, des t\u00e9moignages de clients et des composants multim\u00e9dias. Tout bien consid\u00e9r\u00e9, la meilleure fa\u00e7on d&rsquo;\u00e9tablir une forte pr\u00e9sence en ligne pour votre agence de voyages est d&rsquo;utiliser un th\u00e8me WordPress con\u00e7u pour les agences de voyages.<\/span><\/p>\n","protected":false},"excerpt":{"rendered":"<ul>\n<li><span style=\"font-weight: 400\">Visuels saisissants<\/span><\/li>\n<li><span style=\"font-weight: 400\">Conception r\u00e9active<\/span><\/li>\n<li><span style=\"font-weight: 400\">Personnalisation<\/span><\/li>\n<li><span style=\"font-weight: 400\">Blog d&rsquo;aventure<\/span><\/li>\n<li><span style=\"font-weight: 400\">Calendrier des \u00e9v\u00e9nements<\/span><\/li>\n<li><span style=\"font-weight: 400\">Syst\u00e8me de r\u00e9servation et de r\u00e9servation<\/span><\/li>\n<\/ul>\n","protected":false},"featured_media":12905,"template":"","meta":{"_acf_changed":false,"inline_featured_image":false},"product_brand":[],"product_cat":[905],"product_tag":[906,907,908,909],"class_list":{"0":"post-12904","1":"product","2":"type-product","3":"status-publish","4":"has-post-thumbnail","6":"product_cat-travel-accomodation-fr","7":"product_tag-holiday-destinations-fr","8":"product_tag-travel-agency-theme-fr","9":"product_tag-travel-planning-fr","10":"product_tag-wordpress-travel-template-fr","12":"first","13":"instock","14":"sale","15":"downloadable","16":"taxable","17":"shipping-taxable","18":"purchasable","19":"product-type-simple"},"acf":[],"yoast_head":"<!-- This site is optimized with the Yoast SEO Premium plugin v22.1 (Yoast SEO v26.0) - https:\/\/yoast.com\/wordpress\/plugins\/seo\/ -->\n<title>Explorez le monde avec notre th\u00e8me WordPress pour agence de voyage<\/title>\n<meta name=\"description\" content=\"Lib\u00e9rez le potentiel de votre agence de voyages avec notre th\u00e8me WordPress premium. Cr\u00e9ez des sites Web \u00e9poustouflants qui attirent les voyageurs, mettent en valeur les destinations et simplifient les processus de r\u00e9servation. Commencez votre voyage d\u00e8s aujourd&#039;hui\u00a0!\" \/>\n<meta name=\"robots\" content=\"index, follow, max-snippet:-1, max-image-preview:large, max-video-preview:-1\" \/>\n<link rel=\"canonical\" href=\"https:\/\/themeholt.com\/fr\/product\/agence-de-voyages-travelplan-tour\/\" \/>\n<meta property=\"og:locale\" content=\"fr_FR\" \/>\n<meta property=\"og:type\" content=\"article\" \/>\n<meta property=\"og:title\" content=\"Agence de voyages Travelplan Tour\" \/>\n<meta property=\"og:description\" content=\"Lib\u00e9rez le potentiel de votre agence de voyages avec notre th\u00e8me WordPress premium. Cr\u00e9ez des sites Web \u00e9poustouflants qui attirent les voyageurs, mettent en valeur les destinations et simplifient les processus de r\u00e9servation. Commencez votre voyage d\u00e8s aujourd&#039;hui\u00a0!\" \/>\n<meta property=\"og:url\" content=\"https:\/\/themeholt.com\/fr\/product\/agence-de-voyages-travelplan-tour\/\" \/>\n<meta property=\"og:site_name\" content=\"ThemeHolt\" \/>\n<meta property=\"article:publisher\" content=\"https:\/\/www.facebook.com\/themeholtT\" \/>\n<meta property=\"article:modified_time\" content=\"2024-10-17T07:50:11+00:00\" \/>\n<meta property=\"og:image\" content=\"https:\/\/themeholt.com\/wp-content\/uploads\/2023\/10\/26-3.png\" \/>\n\t<meta property=\"og:image:width\" content=\"1365\" \/>\n\t<meta property=\"og:image:height\" content=\"1182\" \/>\n\t<meta property=\"og:image:type\" content=\"image\/png\" \/>\n<meta name=\"twitter:card\" content=\"summary_large_image\" \/>\n<meta name=\"twitter:site\" content=\"@ThemeholtT\" \/>\n<meta name=\"twitter:label1\" content=\"Dur\u00e9e de lecture estim\u00e9e\" \/>\n\t<meta name=\"twitter:data1\" content=\"1 minute\" \/>\n<script type=\"application\/ld+json\" class=\"yoast-schema-graph\">{\"@context\":\"https:\/\/schema.org\",\"@graph\":[{\"@type\":\"WebPage\",\"@id\":\"https:\/\/themeholt.com\/fr\/product\/agence-de-voyages-travelplan-tour\/\",\"url\":\"https:\/\/themeholt.com\/fr\/product\/agence-de-voyages-travelplan-tour\/\",\"name\":\"Explorez le monde avec notre th\u00e8me WordPress pour agence de voyage\",\"isPartOf\":{\"@id\":\"https:\/\/themeholt.com\/#website\"},\"primaryImageOfPage\":{\"@id\":\"https:\/\/themeholt.com\/fr\/product\/agence-de-voyages-travelplan-tour\/#primaryimage\"},\"image\":{\"@id\":\"https:\/\/themeholt.com\/fr\/product\/agence-de-voyages-travelplan-tour\/#primaryimage\"},\"thumbnailUrl\":\"https:\/\/themeholt.com\/wp-content\/uploads\/2023\/10\/26-3.png\",\"datePublished\":\"2023-10-07T12:54:53+00:00\",\"dateModified\":\"2024-10-17T07:50:11+00:00\",\"description\":\"Lib\u00e9rez le potentiel de votre agence de voyages avec notre th\u00e8me WordPress premium. Cr\u00e9ez des sites Web \u00e9poustouflants qui attirent les voyageurs, mettent en valeur les destinations et simplifient les processus de r\u00e9servation. Commencez votre voyage d\u00e8s aujourd'hui\u00a0!\",\"breadcrumb\":{\"@id\":\"https:\/\/themeholt.com\/fr\/product\/agence-de-voyages-travelplan-tour\/#breadcrumb\"},\"inLanguage\":\"fr-FR\",\"potentialAction\":[{\"@type\":\"ReadAction\",\"target\":[\"https:\/\/themeholt.com\/fr\/product\/agence-de-voyages-travelplan-tour\/\"]}]},{\"@type\":\"ImageObject\",\"inLanguage\":\"fr-FR\",\"@id\":\"https:\/\/themeholt.com\/fr\/product\/agence-de-voyages-travelplan-tour\/#primaryimage\",\"url\":\"https:\/\/themeholt.com\/wp-content\/uploads\/2023\/10\/26-3.png\",\"contentUrl\":\"https:\/\/themeholt.com\/wp-content\/uploads\/2023\/10\/26-3.png\",\"width\":1365,\"height\":1182},{\"@type\":\"BreadcrumbList\",\"@id\":\"https:\/\/themeholt.com\/fr\/product\/agence-de-voyages-travelplan-tour\/#breadcrumb\",\"itemListElement\":[{\"@type\":\"ListItem\",\"position\":1,\"name\":\"Home\",\"item\":\"https:\/\/themeholt.com\/fr\/\"},{\"@type\":\"ListItem\",\"position\":2,\"name\":\"Shop\",\"item\":\"https:\/\/themeholt.com\/shop\/\"},{\"@type\":\"ListItem\",\"position\":3,\"name\":\"Agence de voyages Travelplan Tour\"}]},{\"@type\":\"WebSite\",\"@id\":\"https:\/\/themeholt.com\/#website\",\"url\":\"https:\/\/themeholt.com\/\",\"name\":\"ThemeHolt\",\"description\":\"Themeholt is a website that offers high-quality WordPress themes\",\"publisher\":{\"@id\":\"https:\/\/themeholt.com\/#organization\"},\"potentialAction\":[{\"@type\":\"SearchAction\",\"target\":{\"@type\":\"EntryPoint\",\"urlTemplate\":\"https:\/\/themeholt.com\/?s={search_term_string}\"},\"query-input\":{\"@type\":\"PropertyValueSpecification\",\"valueRequired\":true,\"valueName\":\"search_term_string\"}}],\"inLanguage\":\"fr-FR\"},{\"@type\":\"Organization\",\"@id\":\"https:\/\/themeholt.com\/#organization\",\"name\":\"ThemeHolt\",\"alternateName\":\"ThemeHolt\",\"url\":\"https:\/\/themeholt.com\/\",\"logo\":{\"@type\":\"ImageObject\",\"inLanguage\":\"fr-FR\",\"@id\":\"https:\/\/themeholt.com\/#\/schema\/logo\/image\/\",\"url\":\"https:\/\/themeholt.com\/wp-content\/uploads\/2024\/10\/themeholt.png\",\"contentUrl\":\"https:\/\/themeholt.com\/wp-content\/uploads\/2024\/10\/themeholt.png\",\"width\":225,\"height\":225,\"caption\":\"ThemeHolt\"},\"image\":{\"@id\":\"https:\/\/themeholt.com\/#\/schema\/logo\/image\/\"},\"sameAs\":[\"https:\/\/www.facebook.com\/themeholtT\",\"https:\/\/x.com\/ThemeholtT\",\"https:\/\/www.linkedin.com\/company\/themeholt\",\"https:\/\/www.instagram.com\/themeholtt\/\"],\"description\":\"Themeholt is a website that offers high-quality WordPress themes that are easy to use and ready for just about everything. In Eindhoven, Netherlands, since 2020 offering simple, accessible WordPress themes by providing a variety of requirements. Themeholt focuses on practicality and efficiency, allowing faster project completion with its superior marketplace and easy-to-use templates.\",\"legalName\":\"ThemeHolt\",\"foundingDate\":\"2022-11-10\",\"numberOfEmployees\":{\"@type\":\"QuantitativeValue\",\"minValue\":\"51\",\"maxValue\":\"200\"}}]}<\/script>\n<!-- \/ Yoast SEO Premium plugin. -->","yoast_head_json":{"title":"Explorez le monde avec notre th\u00e8me WordPress pour agence de voyage","description":"Lib\u00e9rez le potentiel de votre agence de voyages avec notre th\u00e8me WordPress premium. Cr\u00e9ez des sites Web \u00e9poustouflants qui attirent les voyageurs, mettent en valeur les destinations et simplifient les processus de r\u00e9servation. Commencez votre voyage d\u00e8s aujourd'hui\u00a0!","robots":{"index":"index","follow":"follow","max-snippet":"max-snippet:-1","max-image-preview":"max-image-preview:large","max-video-preview":"max-video-preview:-1"},"canonical":"https:\/\/themeholt.com\/fr\/product\/agence-de-voyages-travelplan-tour\/","og_locale":"fr_FR","og_type":"article","og_title":"Agence de voyages Travelplan Tour","og_description":"Lib\u00e9rez le potentiel de votre agence de voyages avec notre th\u00e8me WordPress premium. Cr\u00e9ez des sites Web \u00e9poustouflants qui attirent les voyageurs, mettent en valeur les destinations et simplifient les processus de r\u00e9servation. Commencez votre voyage d\u00e8s aujourd'hui\u00a0!","og_url":"https:\/\/themeholt.com\/fr\/product\/agence-de-voyages-travelplan-tour\/","og_site_name":"ThemeHolt","article_publisher":"https:\/\/www.facebook.com\/themeholtT","article_modified_time":"2024-10-17T07:50:11+00:00","og_image":[{"width":1365,"height":1182,"url":"https:\/\/themeholt.com\/wp-content\/uploads\/2023\/10\/26-3.png","type":"image\/png"}],"twitter_card":"summary_large_image","twitter_site":"@ThemeholtT","twitter_misc":{"Dur\u00e9e de lecture estim\u00e9e":"1 minute"},"schema":{"@context":"https:\/\/schema.org","@graph":[{"@type":"WebPage","@id":"https:\/\/themeholt.com\/fr\/product\/agence-de-voyages-travelplan-tour\/","url":"https:\/\/themeholt.com\/fr\/product\/agence-de-voyages-travelplan-tour\/","name":"Explorez le monde avec notre th\u00e8me WordPress pour agence de voyage","isPartOf":{"@id":"https:\/\/themeholt.com\/#website"},"primaryImageOfPage":{"@id":"https:\/\/themeholt.com\/fr\/product\/agence-de-voyages-travelplan-tour\/#primaryimage"},"image":{"@id":"https:\/\/themeholt.com\/fr\/product\/agence-de-voyages-travelplan-tour\/#primaryimage"},"thumbnailUrl":"https:\/\/themeholt.com\/wp-content\/uploads\/2023\/10\/26-3.png","datePublished":"2023-10-07T12:54:53+00:00","dateModified":"2024-10-17T07:50:11+00:00","description":"Lib\u00e9rez le potentiel de votre agence de voyages avec notre th\u00e8me WordPress premium. Cr\u00e9ez des sites Web \u00e9poustouflants qui attirent les voyageurs, mettent en valeur les destinations et simplifient les processus de r\u00e9servation. Commencez votre voyage d\u00e8s aujourd'hui\u00a0!","breadcrumb":{"@id":"https:\/\/themeholt.com\/fr\/product\/agence-de-voyages-travelplan-tour\/#breadcrumb"},"inLanguage":"fr-FR","potentialAction":[{"@type":"ReadAction","target":["https:\/\/themeholt.com\/fr\/product\/agence-de-voyages-travelplan-tour\/"]}]},{"@type":"ImageObject","inLanguage":"fr-FR","@id":"https:\/\/themeholt.com\/fr\/product\/agence-de-voyages-travelplan-tour\/#primaryimage","url":"https:\/\/themeholt.com\/wp-content\/uploads\/2023\/10\/26-3.png","contentUrl":"https:\/\/themeholt.com\/wp-content\/uploads\/2023\/10\/26-3.png","width":1365,"height":1182},{"@type":"BreadcrumbList","@id":"https:\/\/themeholt.com\/fr\/product\/agence-de-voyages-travelplan-tour\/#breadcrumb","itemListElement":[{"@type":"ListItem","position":1,"name":"Home","item":"https:\/\/themeholt.com\/fr\/"},{"@type":"ListItem","position":2,"name":"Shop","item":"https:\/\/themeholt.com\/shop\/"},{"@type":"ListItem","position":3,"name":"Agence de voyages Travelplan Tour"}]},{"@type":"WebSite","@id":"https:\/\/themeholt.com\/#website","url":"https:\/\/themeholt.com\/","name":"ThemeHolt","description":"Themeholt is a website that offers high-quality WordPress themes","publisher":{"@id":"https:\/\/themeholt.com\/#organization"},"potentialAction":[{"@type":"SearchAction","target":{"@type":"EntryPoint","urlTemplate":"https:\/\/themeholt.com\/?s={search_term_string}"},"query-input":{"@type":"PropertyValueSpecification","valueRequired":true,"valueName":"search_term_string"}}],"inLanguage":"fr-FR"},{"@type":"Organization","@id":"https:\/\/themeholt.com\/#organization","name":"ThemeHolt","alternateName":"ThemeHolt","url":"https:\/\/themeholt.com\/","logo":{"@type":"ImageObject","inLanguage":"fr-FR","@id":"https:\/\/themeholt.com\/#\/schema\/logo\/image\/","url":"https:\/\/themeholt.com\/wp-content\/uploads\/2024\/10\/themeholt.png","contentUrl":"https:\/\/themeholt.com\/wp-content\/uploads\/2024\/10\/themeholt.png","width":225,"height":225,"caption":"ThemeHolt"},"image":{"@id":"https:\/\/themeholt.com\/#\/schema\/logo\/image\/"},"sameAs":["https:\/\/www.facebook.com\/themeholtT","https:\/\/x.com\/ThemeholtT","https:\/\/www.linkedin.com\/company\/themeholt","https:\/\/www.instagram.com\/themeholtt\/"],"description":"Themeholt is a website that offers high-quality WordPress themes that are easy to use and ready for just about everything. In Eindhoven, Netherlands, since 2020 offering simple, accessible WordPress themes by providing a variety of requirements. Themeholt focuses on practicality and efficiency, allowing faster project completion with its superior marketplace and easy-to-use templates.","legalName":"ThemeHolt","foundingDate":"2022-11-10","numberOfEmployees":{"@type":"QuantitativeValue","minValue":"51","maxValue":"200"}}]}},"_links":{"self":[{"href":"https:\/\/themeholt.com\/fr\/wp-json\/wp\/v2\/product\/12904","targetHints":{"allow":["GET"]}}],"collection":[{"href":"https:\/\/themeholt.com\/fr\/wp-json\/wp\/v2\/product"}],"about":[{"href":"https:\/\/themeholt.com\/fr\/wp-json\/wp\/v2\/types\/product"}],"wp:featuredmedia":[{"embeddable":true,"href":"https:\/\/themeholt.com\/fr\/wp-json\/wp\/v2\/media\/12905"}],"wp:attachment":[{"href":"https:\/\/themeholt.com\/fr\/wp-json\/wp\/v2\/media?parent=12904"}],"wp:term":[{"taxonomy":"product_brand","embeddable":true,"href":"https:\/\/themeholt.com\/fr\/wp-json\/wp\/v2\/product_brand?post=12904"},{"taxonomy":"product_cat","embeddable":true,"href":"https:\/\/themeholt.com\/fr\/wp-json\/wp\/v2\/product_cat?post=12904"},{"taxonomy":"product_tag","embeddable":true,"href":"https:\/\/themeholt.com\/fr\/wp-json\/wp\/v2\/product_tag?post=12904"}],"curies":[{"name":"wp","href":"https:\/\/api.w.org\/{rel}","templated":true}]}}