{"id":12980,"date":"2023-10-05T12:20:52","date_gmt":"2023-10-05T12:20:52","guid":{"rendered":"https:\/\/themeholt.com\/product\/portfoliode-personal-cvresume\/"},"modified":"2024-10-17T08:59:56","modified_gmt":"2024-10-17T08:59:56","slug":"portfolio-de-cv-personnel","status":"publish","type":"product","link":"https:\/\/themeholt.com\/fr\/product\/portfolio-de-cv-personnel\/","title":{"rendered":"Portfolio de CV personnel"},"content":{"rendered":"<p><span style=\"font-weight: 400\">Un <\/span><b>th\u00e8me WordPress de CV personnel<\/b><span style=\"font-weight: 400\"> est un mod\u00e8le de site Web polyvalent et professionnel con\u00e7u pour mettre en valeur les comp\u00e9tences, les qualifications et les r\u00e9alisations d&rsquo;un individu. Ce th\u00e8me offre une plate-forme en ligne soign\u00e9e aux demandeurs d&#8217;emploi, aux ind\u00e9pendants et aux professionnels pour pr\u00e9senter leur identit\u00e9 unique et leur parcours professionnel. <\/span><\/p>\n<p><span style=\"font-weight: 400\">Il comprend g\u00e9n\u00e9ralement des sections pour un profil personnel, une exp\u00e9rience professionnelle, une formation, des comp\u00e9tences et des r\u00e9alisations, ce qui permet aux utilisateurs de cr\u00e9er facilement un CV num\u00e9rique complet. Ces th\u00e8mes sont souvent hautement personnalisables, permettant aux utilisateurs de personnaliser leur CV en ligne avec diverses options de conception, couleurs et typographie. Avec des fonctionnalit\u00e9s r\u00e9actives et conviviales, les th\u00e8mes WordPress de CV personnels aident les individus \u00e0 se d\u00e9marquer et \u00e0 faire forte impression sur le march\u00e9 du travail concurrentiel.<\/span><\/p>\n","protected":false},"excerpt":{"rendered":"<ul>\n<li><span style=\"font-weight: 400\">Eye-Catching Visual Design<\/span><\/li>\n<li><span style=\"font-weight: 400\">Easy Customization<\/span><\/li>\n<li><span style=\"font-weight: 400\">Interactive Portfolio<\/span><\/li>\n<li><span style=\"font-weight: 400\">Resume Sections<\/span><\/li>\n<li><span style=\"font-weight: 400\">One-Click Installation<\/span><\/li>\n<li><span style=\"font-weight: 400\">Ongoing Support and Updates<\/span><\/li>\n<\/ul>\n","protected":false},"featured_media":12981,"template":"","meta":{"_acf_changed":false,"inline_featured_image":false},"product_brand":[],"product_cat":[919],"product_tag":[920,922,932],"class_list":{"0":"post-12980","1":"product","2":"type-product","3":"status-publish","4":"has-post-thumbnail","6":"product_cat-portfolio-resume-fr","7":"product_tag-best-resume-cv-themes-fr","8":"product_tag-personal-resume-themes-fr","9":"product_tag-personal-resume-wordpress-themes-fr","11":"first","12":"instock","13":"sale","14":"downloadable","15":"taxable","16":"shipping-taxable","17":"purchasable","18":"product-type-simple"},"acf":[],"yoast_head":"<!-- This site is optimized with the Yoast SEO Premium plugin v22.1 (Yoast SEO v26.0) - https:\/\/yoast.com\/wordpress\/plugins\/seo\/ -->\n<title>Th\u00e8me WordPress pour CV personnel | Meilleurs th\u00e8mes de CV<\/title>\n<meta name=\"description\" content=\"Cr\u00e9ez facilement votre propre site Web de CV professionnel avec notre th\u00e8me WordPress de CV personnel. Pr\u00e9sentez vos comp\u00e9tences et votre exp\u00e9rience sans effort. Achetez maintenant !\" \/>\n<meta name=\"robots\" content=\"index, follow, max-snippet:-1, max-image-preview:large, max-video-preview:-1\" \/>\n<link rel=\"canonical\" href=\"https:\/\/themeholt.com\/fr\/product\/portfolio-de-cv-personnel\/\" \/>\n<meta property=\"og:locale\" content=\"fr_FR\" \/>\n<meta property=\"og:type\" content=\"article\" \/>\n<meta property=\"og:title\" content=\"Portfolio de CV personnel\" \/>\n<meta property=\"og:description\" content=\"Cr\u00e9ez facilement votre propre site Web de CV professionnel avec notre th\u00e8me WordPress de CV personnel. Pr\u00e9sentez vos comp\u00e9tences et votre exp\u00e9rience sans effort. Achetez maintenant !\" \/>\n<meta property=\"og:url\" content=\"https:\/\/themeholt.com\/fr\/product\/portfolio-de-cv-personnel\/\" \/>\n<meta property=\"og:site_name\" content=\"ThemeHolt\" \/>\n<meta property=\"article:publisher\" content=\"https:\/\/www.facebook.com\/themeholtT\" \/>\n<meta property=\"article:modified_time\" content=\"2024-10-17T08:59:56+00:00\" \/>\n<meta property=\"og:image\" content=\"https:\/\/themeholt.com\/wp-content\/uploads\/2023\/10\/21-1.png\" \/>\n\t<meta property=\"og:image:width\" content=\"1365\" \/>\n\t<meta property=\"og:image:height\" content=\"1622\" \/>\n\t<meta property=\"og:image:type\" content=\"image\/png\" \/>\n<meta name=\"twitter:card\" content=\"summary_large_image\" \/>\n<meta name=\"twitter:site\" content=\"@ThemeholtT\" \/>\n<meta name=\"twitter:label1\" content=\"Dur\u00e9e de lecture estim\u00e9e\" \/>\n\t<meta name=\"twitter:data1\" content=\"1 minute\" \/>\n<script type=\"application\/ld+json\" class=\"yoast-schema-graph\">{\"@context\":\"https:\/\/schema.org\",\"@graph\":[{\"@type\":\"WebPage\",\"@id\":\"https:\/\/themeholt.com\/fr\/product\/portfolio-de-cv-personnel\/\",\"url\":\"https:\/\/themeholt.com\/fr\/product\/portfolio-de-cv-personnel\/\",\"name\":\"Th\u00e8me WordPress pour CV personnel | Meilleurs th\u00e8mes de CV\",\"isPartOf\":{\"@id\":\"https:\/\/themeholt.com\/#website\"},\"primaryImageOfPage\":{\"@id\":\"https:\/\/themeholt.com\/fr\/product\/portfolio-de-cv-personnel\/#primaryimage\"},\"image\":{\"@id\":\"https:\/\/themeholt.com\/fr\/product\/portfolio-de-cv-personnel\/#primaryimage\"},\"thumbnailUrl\":\"https:\/\/themeholt.com\/wp-content\/uploads\/2023\/10\/21-1.png\",\"datePublished\":\"2023-10-05T12:20:52+00:00\",\"dateModified\":\"2024-10-17T08:59:56+00:00\",\"description\":\"Cr\u00e9ez facilement votre propre site Web de CV professionnel avec notre th\u00e8me WordPress de CV personnel. Pr\u00e9sentez vos comp\u00e9tences et votre exp\u00e9rience sans effort. Achetez maintenant !\",\"breadcrumb\":{\"@id\":\"https:\/\/themeholt.com\/fr\/product\/portfolio-de-cv-personnel\/#breadcrumb\"},\"inLanguage\":\"fr-FR\",\"potentialAction\":[{\"@type\":\"ReadAction\",\"target\":[\"https:\/\/themeholt.com\/fr\/product\/portfolio-de-cv-personnel\/\"]}]},{\"@type\":\"ImageObject\",\"inLanguage\":\"fr-FR\",\"@id\":\"https:\/\/themeholt.com\/fr\/product\/portfolio-de-cv-personnel\/#primaryimage\",\"url\":\"https:\/\/themeholt.com\/wp-content\/uploads\/2023\/10\/21-1.png\",\"contentUrl\":\"https:\/\/themeholt.com\/wp-content\/uploads\/2023\/10\/21-1.png\",\"width\":1365,\"height\":1622},{\"@type\":\"BreadcrumbList\",\"@id\":\"https:\/\/themeholt.com\/fr\/product\/portfolio-de-cv-personnel\/#breadcrumb\",\"itemListElement\":[{\"@type\":\"ListItem\",\"position\":1,\"name\":\"Home\",\"item\":\"https:\/\/themeholt.com\/fr\/\"},{\"@type\":\"ListItem\",\"position\":2,\"name\":\"Shop\",\"item\":\"https:\/\/themeholt.com\/shop\/\"},{\"@type\":\"ListItem\",\"position\":3,\"name\":\"Portfolio de CV personnel\"}]},{\"@type\":\"WebSite\",\"@id\":\"https:\/\/themeholt.com\/#website\",\"url\":\"https:\/\/themeholt.com\/\",\"name\":\"ThemeHolt\",\"description\":\"Themeholt is a website that offers high-quality WordPress themes\",\"publisher\":{\"@id\":\"https:\/\/themeholt.com\/#organization\"},\"potentialAction\":[{\"@type\":\"SearchAction\",\"target\":{\"@type\":\"EntryPoint\",\"urlTemplate\":\"https:\/\/themeholt.com\/?s={search_term_string}\"},\"query-input\":{\"@type\":\"PropertyValueSpecification\",\"valueRequired\":true,\"valueName\":\"search_term_string\"}}],\"inLanguage\":\"fr-FR\"},{\"@type\":\"Organization\",\"@id\":\"https:\/\/themeholt.com\/#organization\",\"name\":\"ThemeHolt\",\"alternateName\":\"ThemeHolt\",\"url\":\"https:\/\/themeholt.com\/\",\"logo\":{\"@type\":\"ImageObject\",\"inLanguage\":\"fr-FR\",\"@id\":\"https:\/\/themeholt.com\/#\/schema\/logo\/image\/\",\"url\":\"https:\/\/themeholt.com\/wp-content\/uploads\/2024\/10\/themeholt.png\",\"contentUrl\":\"https:\/\/themeholt.com\/wp-content\/uploads\/2024\/10\/themeholt.png\",\"width\":225,\"height\":225,\"caption\":\"ThemeHolt\"},\"image\":{\"@id\":\"https:\/\/themeholt.com\/#\/schema\/logo\/image\/\"},\"sameAs\":[\"https:\/\/www.facebook.com\/themeholtT\",\"https:\/\/x.com\/ThemeholtT\",\"https:\/\/www.linkedin.com\/company\/themeholt\",\"https:\/\/www.instagram.com\/themeholtt\/\"],\"description\":\"Themeholt is a website that offers high-quality WordPress themes that are easy to use and ready for just about everything. In Eindhoven, Netherlands, since 2020 offering simple, accessible WordPress themes by providing a variety of requirements. Themeholt focuses on practicality and efficiency, allowing faster project completion with its superior marketplace and easy-to-use templates.\",\"legalName\":\"ThemeHolt\",\"foundingDate\":\"2022-11-10\",\"numberOfEmployees\":{\"@type\":\"QuantitativeValue\",\"minValue\":\"51\",\"maxValue\":\"200\"}}]}<\/script>\n<!-- \/ Yoast SEO Premium plugin. -->","yoast_head_json":{"title":"Th\u00e8me WordPress pour CV personnel | Meilleurs th\u00e8mes de CV","description":"Cr\u00e9ez facilement votre propre site Web de CV professionnel avec notre th\u00e8me WordPress de CV personnel. Pr\u00e9sentez vos comp\u00e9tences et votre exp\u00e9rience sans effort. Achetez maintenant !","robots":{"index":"index","follow":"follow","max-snippet":"max-snippet:-1","max-image-preview":"max-image-preview:large","max-video-preview":"max-video-preview:-1"},"canonical":"https:\/\/themeholt.com\/fr\/product\/portfolio-de-cv-personnel\/","og_locale":"fr_FR","og_type":"article","og_title":"Portfolio de CV personnel","og_description":"Cr\u00e9ez facilement votre propre site Web de CV professionnel avec notre th\u00e8me WordPress de CV personnel. Pr\u00e9sentez vos comp\u00e9tences et votre exp\u00e9rience sans effort. Achetez maintenant !","og_url":"https:\/\/themeholt.com\/fr\/product\/portfolio-de-cv-personnel\/","og_site_name":"ThemeHolt","article_publisher":"https:\/\/www.facebook.com\/themeholtT","article_modified_time":"2024-10-17T08:59:56+00:00","og_image":[{"width":1365,"height":1622,"url":"https:\/\/themeholt.com\/wp-content\/uploads\/2023\/10\/21-1.png","type":"image\/png"}],"twitter_card":"summary_large_image","twitter_site":"@ThemeholtT","twitter_misc":{"Dur\u00e9e de lecture estim\u00e9e":"1 minute"},"schema":{"@context":"https:\/\/schema.org","@graph":[{"@type":"WebPage","@id":"https:\/\/themeholt.com\/fr\/product\/portfolio-de-cv-personnel\/","url":"https:\/\/themeholt.com\/fr\/product\/portfolio-de-cv-personnel\/","name":"Th\u00e8me WordPress pour CV personnel | Meilleurs th\u00e8mes de CV","isPartOf":{"@id":"https:\/\/themeholt.com\/#website"},"primaryImageOfPage":{"@id":"https:\/\/themeholt.com\/fr\/product\/portfolio-de-cv-personnel\/#primaryimage"},"image":{"@id":"https:\/\/themeholt.com\/fr\/product\/portfolio-de-cv-personnel\/#primaryimage"},"thumbnailUrl":"https:\/\/themeholt.com\/wp-content\/uploads\/2023\/10\/21-1.png","datePublished":"2023-10-05T12:20:52+00:00","dateModified":"2024-10-17T08:59:56+00:00","description":"Cr\u00e9ez facilement votre propre site Web de CV professionnel avec notre th\u00e8me WordPress de CV personnel. Pr\u00e9sentez vos comp\u00e9tences et votre exp\u00e9rience sans effort. Achetez maintenant !","breadcrumb":{"@id":"https:\/\/themeholt.com\/fr\/product\/portfolio-de-cv-personnel\/#breadcrumb"},"inLanguage":"fr-FR","potentialAction":[{"@type":"ReadAction","target":["https:\/\/themeholt.com\/fr\/product\/portfolio-de-cv-personnel\/"]}]},{"@type":"ImageObject","inLanguage":"fr-FR","@id":"https:\/\/themeholt.com\/fr\/product\/portfolio-de-cv-personnel\/#primaryimage","url":"https:\/\/themeholt.com\/wp-content\/uploads\/2023\/10\/21-1.png","contentUrl":"https:\/\/themeholt.com\/wp-content\/uploads\/2023\/10\/21-1.png","width":1365,"height":1622},{"@type":"BreadcrumbList","@id":"https:\/\/themeholt.com\/fr\/product\/portfolio-de-cv-personnel\/#breadcrumb","itemListElement":[{"@type":"ListItem","position":1,"name":"Home","item":"https:\/\/themeholt.com\/fr\/"},{"@type":"ListItem","position":2,"name":"Shop","item":"https:\/\/themeholt.com\/shop\/"},{"@type":"ListItem","position":3,"name":"Portfolio de CV personnel"}]},{"@type":"WebSite","@id":"https:\/\/themeholt.com\/#website","url":"https:\/\/themeholt.com\/","name":"ThemeHolt","description":"Themeholt is a website that offers high-quality WordPress themes","publisher":{"@id":"https:\/\/themeholt.com\/#organization"},"potentialAction":[{"@type":"SearchAction","target":{"@type":"EntryPoint","urlTemplate":"https:\/\/themeholt.com\/?s={search_term_string}"},"query-input":{"@type":"PropertyValueSpecification","valueRequired":true,"valueName":"search_term_string"}}],"inLanguage":"fr-FR"},{"@type":"Organization","@id":"https:\/\/themeholt.com\/#organization","name":"ThemeHolt","alternateName":"ThemeHolt","url":"https:\/\/themeholt.com\/","logo":{"@type":"ImageObject","inLanguage":"fr-FR","@id":"https:\/\/themeholt.com\/#\/schema\/logo\/image\/","url":"https:\/\/themeholt.com\/wp-content\/uploads\/2024\/10\/themeholt.png","contentUrl":"https:\/\/themeholt.com\/wp-content\/uploads\/2024\/10\/themeholt.png","width":225,"height":225,"caption":"ThemeHolt"},"image":{"@id":"https:\/\/themeholt.com\/#\/schema\/logo\/image\/"},"sameAs":["https:\/\/www.facebook.com\/themeholtT","https:\/\/x.com\/ThemeholtT","https:\/\/www.linkedin.com\/company\/themeholt","https:\/\/www.instagram.com\/themeholtt\/"],"description":"Themeholt is a website that offers high-quality WordPress themes that are easy to use and ready for just about everything. In Eindhoven, Netherlands, since 2020 offering simple, accessible WordPress themes by providing a variety of requirements. Themeholt focuses on practicality and efficiency, allowing faster project completion with its superior marketplace and easy-to-use templates.","legalName":"ThemeHolt","foundingDate":"2022-11-10","numberOfEmployees":{"@type":"QuantitativeValue","minValue":"51","maxValue":"200"}}]}},"_links":{"self":[{"href":"https:\/\/themeholt.com\/fr\/wp-json\/wp\/v2\/product\/12980","targetHints":{"allow":["GET"]}}],"collection":[{"href":"https:\/\/themeholt.com\/fr\/wp-json\/wp\/v2\/product"}],"about":[{"href":"https:\/\/themeholt.com\/fr\/wp-json\/wp\/v2\/types\/product"}],"wp:featuredmedia":[{"embeddable":true,"href":"https:\/\/themeholt.com\/fr\/wp-json\/wp\/v2\/media\/12981"}],"wp:attachment":[{"href":"https:\/\/themeholt.com\/fr\/wp-json\/wp\/v2\/media?parent=12980"}],"wp:term":[{"taxonomy":"product_brand","embeddable":true,"href":"https:\/\/themeholt.com\/fr\/wp-json\/wp\/v2\/product_brand?post=12980"},{"taxonomy":"product_cat","embeddable":true,"href":"https:\/\/themeholt.com\/fr\/wp-json\/wp\/v2\/product_cat?post=12980"},{"taxonomy":"product_tag","embeddable":true,"href":"https:\/\/themeholt.com\/fr\/wp-json\/wp\/v2\/product_tag?post=12980"}],"curies":[{"name":"wp","href":"https:\/\/api.w.org\/{rel}","templated":true}]}}