{"id":12999,"date":"2024-02-09T10:18:20","date_gmt":"2024-02-09T10:18:20","guid":{"rendered":"https:\/\/themeholt.com\/product\/yoast-seo-free-plugin\/"},"modified":"2024-10-17T09:48:30","modified_gmt":"2024-10-17T09:48:30","slug":"plugin-gratuit-yoast-seo","status":"publish","type":"product","link":"https:\/\/themeholt.com\/fr\/product\/plugin-gratuit-yoast-seo\/","title":{"rendered":"Plugin gratuit Yoast SEO"},"content":{"rendered":"<p><span style=\"font-weight: 400\">Yoast SEO Free est un puissant plugin con\u00e7u pour am\u00e9liorer la visibilit\u00e9 de votre site Web sur les moteurs de recherche sans effort. Avec plus de 10 millions d&rsquo;utilisateurs dans le monde, il est l&rsquo;outil de r\u00e9f\u00e9rencement le plus utilis\u00e9 au monde. Ce plugin garantit que votre site est techniquement optimis\u00e9 pour les moteurs de recherche, en g\u00e9rant automatiquement tous les aspects techniques du r\u00e9f\u00e9rencement. Tout ce dont vous avez besoin pour initier votre parcours vers un meilleur classement dans les moteurs de recherche est \u00e0 port\u00e9e de main avec Yoast SEO Free. Il simplifie le processus, le rendant convivial et efficace. Am\u00e9liorez les performances de votre site Web avec cet outil de confiance, un incontournable pour tout propri\u00e9taire de site Web souhaitant am\u00e9liorer sa pr\u00e9sence en ligne.<\/span><\/p>\n","protected":false},"excerpt":{"rendered":"<ul>\n<li><span style=\"font-weight: 400\">Am\u00e9liorez votre classement dans les moteurs de recherche avec tout ce dont vous avez besoin<\/span><\/li>\n<li><span style=\"font-weight: 400\">Un seul clic, un r\u00e9f\u00e9rencement parfait pour toujours<\/span><\/li>\n<li><span style=\"font-weight: 400\">Plus de 10 millions de personnes lui font confiance, c&rsquo;est l&rsquo;outil de r\u00e9f\u00e9rencement n\u00b01 au monde\u00a0!<\/span><\/li>\n<\/ul>\n","protected":false},"featured_media":13001,"template":"","meta":{"_acf_changed":false,"inline_featured_image":false},"product_brand":[],"product_cat":[867],"product_tag":[],"class_list":{"0":"post-12999","1":"product","2":"type-product","3":"status-publish","4":"has-post-thumbnail","6":"product_cat-plugins-fr","8":"first","9":"instock","10":"downloadable","11":"virtual","12":"taxable","13":"purchasable","14":"product-type-simple"},"acf":[],"yoast_head":"<!-- This site is optimized with the Yoast SEO Premium plugin v22.1 (Yoast SEO v26.0) - https:\/\/yoast.com\/wordpress\/plugins\/seo\/ -->\n<title>Plugin gratuit Yoast SEO - ThemeHolt<\/title>\n<meta name=\"robots\" content=\"index, follow, max-snippet:-1, max-image-preview:large, max-video-preview:-1\" \/>\n<link rel=\"canonical\" href=\"https:\/\/themeholt.com\/fr\/product\/plugin-gratuit-yoast-seo\/\" \/>\n<meta property=\"og:locale\" content=\"fr_FR\" \/>\n<meta property=\"og:type\" content=\"article\" \/>\n<meta property=\"og:title\" content=\"Plugin gratuit Yoast SEO\" \/>\n<meta property=\"og:description\" content=\"Am\u00e9liorez votre classement dans les moteurs de recherche avec tout ce dont vous avez besoin Un seul clic, un r\u00e9f\u00e9rencement parfait pour toujours Plus de 10 millions de personnes lui font confiance, c&#039;est l&#039;outil de r\u00e9f\u00e9rencement n\u00b01 au monde\u00a0!\" \/>\n<meta property=\"og:url\" content=\"https:\/\/themeholt.com\/fr\/product\/plugin-gratuit-yoast-seo\/\" \/>\n<meta property=\"og:site_name\" content=\"ThemeHolt\" \/>\n<meta property=\"article:publisher\" content=\"https:\/\/www.facebook.com\/themeholtT\" \/>\n<meta property=\"article:modified_time\" content=\"2024-10-17T09:48:30+00:00\" \/>\n<meta property=\"og:image\" content=\"https:\/\/themeholt.com\/wp-content\/uploads\/2024\/02\/yoast-video-seo.jpg\" \/>\n\t<meta property=\"og:image:width\" content=\"2000\" \/>\n\t<meta property=\"og:image:height\" content=\"1334\" \/>\n\t<meta property=\"og:image:type\" content=\"image\/jpeg\" \/>\n<meta name=\"twitter:card\" content=\"summary_large_image\" \/>\n<meta name=\"twitter:site\" content=\"@ThemeholtT\" \/>\n<meta name=\"twitter:label1\" content=\"Dur\u00e9e de lecture estim\u00e9e\" \/>\n\t<meta name=\"twitter:data1\" content=\"1 minute\" \/>\n<script type=\"application\/ld+json\" class=\"yoast-schema-graph\">{\"@context\":\"https:\/\/schema.org\",\"@graph\":[{\"@type\":\"WebPage\",\"@id\":\"https:\/\/themeholt.com\/fr\/product\/plugin-gratuit-yoast-seo\/\",\"url\":\"https:\/\/themeholt.com\/fr\/product\/plugin-gratuit-yoast-seo\/\",\"name\":\"Plugin gratuit Yoast SEO - ThemeHolt\",\"isPartOf\":{\"@id\":\"https:\/\/themeholt.com\/#website\"},\"primaryImageOfPage\":{\"@id\":\"https:\/\/themeholt.com\/fr\/product\/plugin-gratuit-yoast-seo\/#primaryimage\"},\"image\":{\"@id\":\"https:\/\/themeholt.com\/fr\/product\/plugin-gratuit-yoast-seo\/#primaryimage\"},\"thumbnailUrl\":\"https:\/\/themeholt.com\/wp-content\/uploads\/2024\/02\/yoast-video-seo.jpg\",\"datePublished\":\"2024-02-09T10:18:20+00:00\",\"dateModified\":\"2024-10-17T09:48:30+00:00\",\"breadcrumb\":{\"@id\":\"https:\/\/themeholt.com\/fr\/product\/plugin-gratuit-yoast-seo\/#breadcrumb\"},\"inLanguage\":\"fr-FR\",\"potentialAction\":[{\"@type\":\"ReadAction\",\"target\":[\"https:\/\/themeholt.com\/fr\/product\/plugin-gratuit-yoast-seo\/\"]}]},{\"@type\":\"ImageObject\",\"inLanguage\":\"fr-FR\",\"@id\":\"https:\/\/themeholt.com\/fr\/product\/plugin-gratuit-yoast-seo\/#primaryimage\",\"url\":\"https:\/\/themeholt.com\/wp-content\/uploads\/2024\/02\/yoast-video-seo.jpg\",\"contentUrl\":\"https:\/\/themeholt.com\/wp-content\/uploads\/2024\/02\/yoast-video-seo.jpg\",\"width\":2000,\"height\":1334},{\"@type\":\"BreadcrumbList\",\"@id\":\"https:\/\/themeholt.com\/fr\/product\/plugin-gratuit-yoast-seo\/#breadcrumb\",\"itemListElement\":[{\"@type\":\"ListItem\",\"position\":1,\"name\":\"Home\",\"item\":\"https:\/\/themeholt.com\/fr\/\"},{\"@type\":\"ListItem\",\"position\":2,\"name\":\"Shop\",\"item\":\"https:\/\/themeholt.com\/shop\/\"},{\"@type\":\"ListItem\",\"position\":3,\"name\":\"Plugin gratuit Yoast SEO\"}]},{\"@type\":\"WebSite\",\"@id\":\"https:\/\/themeholt.com\/#website\",\"url\":\"https:\/\/themeholt.com\/\",\"name\":\"ThemeHolt\",\"description\":\"Themeholt is a website that offers high-quality WordPress themes\",\"publisher\":{\"@id\":\"https:\/\/themeholt.com\/#organization\"},\"potentialAction\":[{\"@type\":\"SearchAction\",\"target\":{\"@type\":\"EntryPoint\",\"urlTemplate\":\"https:\/\/themeholt.com\/?s={search_term_string}\"},\"query-input\":{\"@type\":\"PropertyValueSpecification\",\"valueRequired\":true,\"valueName\":\"search_term_string\"}}],\"inLanguage\":\"fr-FR\"},{\"@type\":\"Organization\",\"@id\":\"https:\/\/themeholt.com\/#organization\",\"name\":\"ThemeHolt\",\"alternateName\":\"ThemeHolt\",\"url\":\"https:\/\/themeholt.com\/\",\"logo\":{\"@type\":\"ImageObject\",\"inLanguage\":\"fr-FR\",\"@id\":\"https:\/\/themeholt.com\/#\/schema\/logo\/image\/\",\"url\":\"https:\/\/themeholt.com\/wp-content\/uploads\/2024\/10\/themeholt.png\",\"contentUrl\":\"https:\/\/themeholt.com\/wp-content\/uploads\/2024\/10\/themeholt.png\",\"width\":225,\"height\":225,\"caption\":\"ThemeHolt\"},\"image\":{\"@id\":\"https:\/\/themeholt.com\/#\/schema\/logo\/image\/\"},\"sameAs\":[\"https:\/\/www.facebook.com\/themeholtT\",\"https:\/\/x.com\/ThemeholtT\",\"https:\/\/www.linkedin.com\/company\/themeholt\",\"https:\/\/www.instagram.com\/themeholtt\/\"],\"description\":\"Themeholt is a website that offers high-quality WordPress themes that are easy to use and ready for just about everything. In Eindhoven, Netherlands, since 2020 offering simple, accessible WordPress themes by providing a variety of requirements. Themeholt focuses on practicality and efficiency, allowing faster project completion with its superior marketplace and easy-to-use templates.\",\"legalName\":\"ThemeHolt\",\"foundingDate\":\"2022-11-10\",\"numberOfEmployees\":{\"@type\":\"QuantitativeValue\",\"minValue\":\"51\",\"maxValue\":\"200\"}}]}<\/script>\n<!-- \/ Yoast SEO Premium plugin. -->","yoast_head_json":{"title":"Plugin gratuit Yoast SEO - ThemeHolt","robots":{"index":"index","follow":"follow","max-snippet":"max-snippet:-1","max-image-preview":"max-image-preview:large","max-video-preview":"max-video-preview:-1"},"canonical":"https:\/\/themeholt.com\/fr\/product\/plugin-gratuit-yoast-seo\/","og_locale":"fr_FR","og_type":"article","og_title":"Plugin gratuit Yoast SEO","og_description":"Am\u00e9liorez votre classement dans les moteurs de recherche avec tout ce dont vous avez besoin Un seul clic, un r\u00e9f\u00e9rencement parfait pour toujours Plus de 10 millions de personnes lui font confiance, c'est l'outil de r\u00e9f\u00e9rencement n\u00b01 au monde\u00a0!","og_url":"https:\/\/themeholt.com\/fr\/product\/plugin-gratuit-yoast-seo\/","og_site_name":"ThemeHolt","article_publisher":"https:\/\/www.facebook.com\/themeholtT","article_modified_time":"2024-10-17T09:48:30+00:00","og_image":[{"width":2000,"height":1334,"url":"https:\/\/themeholt.com\/wp-content\/uploads\/2024\/02\/yoast-video-seo.jpg","type":"image\/jpeg"}],"twitter_card":"summary_large_image","twitter_site":"@ThemeholtT","twitter_misc":{"Dur\u00e9e de lecture estim\u00e9e":"1 minute"},"schema":{"@context":"https:\/\/schema.org","@graph":[{"@type":"WebPage","@id":"https:\/\/themeholt.com\/fr\/product\/plugin-gratuit-yoast-seo\/","url":"https:\/\/themeholt.com\/fr\/product\/plugin-gratuit-yoast-seo\/","name":"Plugin gratuit Yoast SEO - ThemeHolt","isPartOf":{"@id":"https:\/\/themeholt.com\/#website"},"primaryImageOfPage":{"@id":"https:\/\/themeholt.com\/fr\/product\/plugin-gratuit-yoast-seo\/#primaryimage"},"image":{"@id":"https:\/\/themeholt.com\/fr\/product\/plugin-gratuit-yoast-seo\/#primaryimage"},"thumbnailUrl":"https:\/\/themeholt.com\/wp-content\/uploads\/2024\/02\/yoast-video-seo.jpg","datePublished":"2024-02-09T10:18:20+00:00","dateModified":"2024-10-17T09:48:30+00:00","breadcrumb":{"@id":"https:\/\/themeholt.com\/fr\/product\/plugin-gratuit-yoast-seo\/#breadcrumb"},"inLanguage":"fr-FR","potentialAction":[{"@type":"ReadAction","target":["https:\/\/themeholt.com\/fr\/product\/plugin-gratuit-yoast-seo\/"]}]},{"@type":"ImageObject","inLanguage":"fr-FR","@id":"https:\/\/themeholt.com\/fr\/product\/plugin-gratuit-yoast-seo\/#primaryimage","url":"https:\/\/themeholt.com\/wp-content\/uploads\/2024\/02\/yoast-video-seo.jpg","contentUrl":"https:\/\/themeholt.com\/wp-content\/uploads\/2024\/02\/yoast-video-seo.jpg","width":2000,"height":1334},{"@type":"BreadcrumbList","@id":"https:\/\/themeholt.com\/fr\/product\/plugin-gratuit-yoast-seo\/#breadcrumb","itemListElement":[{"@type":"ListItem","position":1,"name":"Home","item":"https:\/\/themeholt.com\/fr\/"},{"@type":"ListItem","position":2,"name":"Shop","item":"https:\/\/themeholt.com\/shop\/"},{"@type":"ListItem","position":3,"name":"Plugin gratuit Yoast SEO"}]},{"@type":"WebSite","@id":"https:\/\/themeholt.com\/#website","url":"https:\/\/themeholt.com\/","name":"ThemeHolt","description":"Themeholt is a website that offers high-quality WordPress themes","publisher":{"@id":"https:\/\/themeholt.com\/#organization"},"potentialAction":[{"@type":"SearchAction","target":{"@type":"EntryPoint","urlTemplate":"https:\/\/themeholt.com\/?s={search_term_string}"},"query-input":{"@type":"PropertyValueSpecification","valueRequired":true,"valueName":"search_term_string"}}],"inLanguage":"fr-FR"},{"@type":"Organization","@id":"https:\/\/themeholt.com\/#organization","name":"ThemeHolt","alternateName":"ThemeHolt","url":"https:\/\/themeholt.com\/","logo":{"@type":"ImageObject","inLanguage":"fr-FR","@id":"https:\/\/themeholt.com\/#\/schema\/logo\/image\/","url":"https:\/\/themeholt.com\/wp-content\/uploads\/2024\/10\/themeholt.png","contentUrl":"https:\/\/themeholt.com\/wp-content\/uploads\/2024\/10\/themeholt.png","width":225,"height":225,"caption":"ThemeHolt"},"image":{"@id":"https:\/\/themeholt.com\/#\/schema\/logo\/image\/"},"sameAs":["https:\/\/www.facebook.com\/themeholtT","https:\/\/x.com\/ThemeholtT","https:\/\/www.linkedin.com\/company\/themeholt","https:\/\/www.instagram.com\/themeholtt\/"],"description":"Themeholt is a website that offers high-quality WordPress themes that are easy to use and ready for just about everything. In Eindhoven, Netherlands, since 2020 offering simple, accessible WordPress themes by providing a variety of requirements. Themeholt focuses on practicality and efficiency, allowing faster project completion with its superior marketplace and easy-to-use templates.","legalName":"ThemeHolt","foundingDate":"2022-11-10","numberOfEmployees":{"@type":"QuantitativeValue","minValue":"51","maxValue":"200"}}]}},"_links":{"self":[{"href":"https:\/\/themeholt.com\/fr\/wp-json\/wp\/v2\/product\/12999","targetHints":{"allow":["GET"]}}],"collection":[{"href":"https:\/\/themeholt.com\/fr\/wp-json\/wp\/v2\/product"}],"about":[{"href":"https:\/\/themeholt.com\/fr\/wp-json\/wp\/v2\/types\/product"}],"wp:featuredmedia":[{"embeddable":true,"href":"https:\/\/themeholt.com\/fr\/wp-json\/wp\/v2\/media\/13001"}],"wp:attachment":[{"href":"https:\/\/themeholt.com\/fr\/wp-json\/wp\/v2\/media?parent=12999"}],"wp:term":[{"taxonomy":"product_brand","embeddable":true,"href":"https:\/\/themeholt.com\/fr\/wp-json\/wp\/v2\/product_brand?post=12999"},{"taxonomy":"product_cat","embeddable":true,"href":"https:\/\/themeholt.com\/fr\/wp-json\/wp\/v2\/product_cat?post=12999"},{"taxonomy":"product_tag","embeddable":true,"href":"https:\/\/themeholt.com\/fr\/wp-json\/wp\/v2\/product_tag?post=12999"}],"curies":[{"name":"wp","href":"https:\/\/api.w.org\/{rel}","templated":true}]}}