{"id":13063,"date":"2023-10-05T04:26:50","date_gmt":"2023-10-05T04:26:50","guid":{"rendered":"https:\/\/themeholt.com\/product\/veggie-organic-food-eco-online-store\/"},"modified":"2024-10-17T11:01:12","modified_gmt":"2024-10-17T11:01:12","slug":"boutique-en-ligne-daliments-biologiques-vegetariens","status":"publish","type":"product","link":"https:\/\/themeholt.com\/fr\/product\/boutique-en-ligne-daliments-biologiques-vegetariens\/","title":{"rendered":"Boutique en ligne d&rsquo;aliments biologiques v\u00e9g\u00e9tariens"},"content":{"rendered":"<p><span style=\"font-weight: 400\">Le th\u00e8me WordPress <\/span><b>Organic Grocery Store<\/b><span style=\"font-weight: 400\"> est une solution polyvalente et visuellement attrayante con\u00e7ue sp\u00e9cifiquement pour les entreprises du secteur des aliments et de l&rsquo;\u00e9picerie biologiques. Ce th\u00e8me offre une plate-forme transparente et conviviale pour la configuration et la gestion de votre boutique en ligne. Avec un design \u00e9pur\u00e9 et moderne, il met en valeur vos produits biologiques de mani\u00e8re magnifique, cr\u00e9ant une exp\u00e9rience d&rsquo;achat attrayante et digne de confiance pour vos clients. Le th\u00e8me est hautement personnalisable, vous permettant de l&rsquo;adapter au style et aux exigences uniques de votre marque.<\/span><\/p>\n<p><span style=\"font-weight: 400\">Il est \u00e9galement optimis\u00e9 pour les appareils mobiles, ce qui garantit que votre site Web s&rsquo;affiche parfaitement sur les smartphones et les tablettes, augmentant ainsi l&rsquo;accessibilit\u00e9 pour les clients potentiels. Avec des fonctionnalit\u00e9s telles que des catalogues de produits, des paniers d&rsquo;achat et des options de paiement s\u00e9curis\u00e9es, ce th\u00e8me permet d&rsquo;\u00e9tablir facilement une pr\u00e9sence en ligne et de commencer \u00e0 vendre des produits d&rsquo;\u00e9picerie biologiques sans effort. Que vous soyez un petit magasin local ou un grand distributeur, le th\u00e8me WordPress Organic Grocery Store offre une solution puissante et \u00e9l\u00e9gante pour booster votre activit\u00e9 en ligne.<\/span><\/p>\n","protected":false},"excerpt":{"rendered":"<ul>\n<li><span style=\"font-weight: 400\">Boutiques en ligne<\/span><\/li>\n<li><span style=\"font-weight: 400\">Accessibilit\u00e9 24h\/24 et 7j\/7<\/span><\/li>\n<li><span style=\"font-weight: 400\">Diversit\u00e9 des produits<\/span><\/li>\n<li><span style=\"font-weight: 400\">Commodit\u00e9<\/span><\/li>\n<li><span style=\"font-weight: 400\">\u00c9conomies de co\u00fbts<\/span><\/li>\n<li><span style=\"font-weight: 400\">Port\u00e9e mondiale<\/span><\/li>\n<li><span style=\"font-weight: 400\">Options de paiement<\/span><\/li>\n<li><span style=\"font-weight: 400\">S\u00e9curit\u00e9<\/span><\/li>\n<li><span style=\"font-weight: 400\">Exp\u00e9dition et livraison<\/span><\/li>\n<li><span style=\"font-weight: 400\">Avis et notes des clients<\/span><\/li>\n<\/ul>\n","protected":false},"featured_media":13064,"template":"","meta":{"_acf_changed":false,"inline_featured_image":false},"product_brand":[],"product_cat":[238],"product_tag":[180,182,314,315],"class_list":{"0":"post-13063","1":"product","2":"type-product","3":"status-publish","4":"has-post-thumbnail","6":"product_cat-ecommerce","7":"product_tag-best-ecommerce-themes","8":"product_tag-ecommerce-theme","9":"product_tag-affordable-e-commerce-wordpress-theme","10":"product_tag-best-woo-commerce-wordpress-theme","12":"first","13":"instock","14":"sale","15":"downloadable","16":"taxable","17":"shipping-taxable","18":"purchasable","19":"product-type-simple"},"acf":[],"yoast_head":"<!-- This site is optimized with the Yoast SEO Premium plugin v22.1 (Yoast SEO v26.0) - https:\/\/yoast.com\/wordpress\/plugins\/seo\/ -->\n<title>D\u00e9couvrez notre th\u00e8me WordPress pour \u00e9picerie biologique pour une exp\u00e9rience de magasinage rafra\u00eechissante<\/title>\n<meta name=\"description\" content=\"D\u00e9couvrez le th\u00e8me WordPress id\u00e9al pour votre \u00e9picerie bio et cr\u00e9ez une boutique en ligne belle et fonctionnelle. Am\u00e9liorez la visibilit\u00e9 de vos produits bio et augmentez vos ventes gr\u00e2ce \u00e0 notre th\u00e8me personnalisable et convivial.\" \/>\n<meta name=\"robots\" content=\"index, follow, max-snippet:-1, max-image-preview:large, max-video-preview:-1\" \/>\n<link rel=\"canonical\" href=\"https:\/\/themeholt.com\/fr\/product\/boutique-en-ligne-daliments-biologiques-vegetariens\/\" \/>\n<meta property=\"og:locale\" content=\"fr_FR\" \/>\n<meta property=\"og:type\" content=\"article\" \/>\n<meta property=\"og:title\" content=\"Boutique en ligne d&#039;aliments biologiques v\u00e9g\u00e9tariens\" \/>\n<meta property=\"og:description\" content=\"D\u00e9couvrez le th\u00e8me WordPress id\u00e9al pour votre \u00e9picerie bio et cr\u00e9ez une boutique en ligne belle et fonctionnelle. Am\u00e9liorez la visibilit\u00e9 de vos produits bio et augmentez vos ventes gr\u00e2ce \u00e0 notre th\u00e8me personnalisable et convivial.\" \/>\n<meta property=\"og:url\" content=\"https:\/\/themeholt.com\/fr\/product\/boutique-en-ligne-daliments-biologiques-vegetariens\/\" \/>\n<meta property=\"og:site_name\" content=\"ThemeHolt\" \/>\n<meta property=\"article:publisher\" content=\"https:\/\/www.facebook.com\/themeholtT\" \/>\n<meta property=\"article:modified_time\" content=\"2024-10-17T11:01:12+00:00\" \/>\n<meta property=\"og:image\" content=\"https:\/\/themeholt.com\/wp-content\/uploads\/2023\/10\/146.png\" \/>\n\t<meta property=\"og:image:width\" content=\"1365\" \/>\n\t<meta property=\"og:image:height\" content=\"1077\" \/>\n\t<meta property=\"og:image:type\" content=\"image\/png\" \/>\n<meta name=\"twitter:card\" content=\"summary_large_image\" \/>\n<meta name=\"twitter:site\" content=\"@ThemeholtT\" \/>\n<meta name=\"twitter:label1\" content=\"Dur\u00e9e de lecture estim\u00e9e\" \/>\n\t<meta name=\"twitter:data1\" content=\"1 minute\" \/>\n<script type=\"application\/ld+json\" class=\"yoast-schema-graph\">{\"@context\":\"https:\/\/schema.org\",\"@graph\":[{\"@type\":\"WebPage\",\"@id\":\"https:\/\/themeholt.com\/fr\/product\/boutique-en-ligne-daliments-biologiques-vegetariens\/\",\"url\":\"https:\/\/themeholt.com\/fr\/product\/boutique-en-ligne-daliments-biologiques-vegetariens\/\",\"name\":\"D\u00e9couvrez notre th\u00e8me WordPress pour \u00e9picerie biologique pour une exp\u00e9rience de magasinage rafra\u00eechissante\",\"isPartOf\":{\"@id\":\"https:\/\/www.cyan-dolphin-864669.hostingersite.com\/de\/#website\"},\"primaryImageOfPage\":{\"@id\":\"https:\/\/themeholt.com\/fr\/product\/boutique-en-ligne-daliments-biologiques-vegetariens\/#primaryimage\"},\"image\":{\"@id\":\"https:\/\/themeholt.com\/fr\/product\/boutique-en-ligne-daliments-biologiques-vegetariens\/#primaryimage\"},\"thumbnailUrl\":\"https:\/\/themeholt.com\/wp-content\/uploads\/2023\/10\/146.png\",\"datePublished\":\"2023-10-05T04:26:50+00:00\",\"dateModified\":\"2024-10-17T11:01:12+00:00\",\"description\":\"D\u00e9couvrez le th\u00e8me WordPress id\u00e9al pour votre \u00e9picerie bio et cr\u00e9ez une boutique en ligne belle et fonctionnelle. Am\u00e9liorez la visibilit\u00e9 de vos produits bio et augmentez vos ventes gr\u00e2ce \u00e0 notre th\u00e8me personnalisable et convivial.\",\"breadcrumb\":{\"@id\":\"https:\/\/themeholt.com\/fr\/product\/boutique-en-ligne-daliments-biologiques-vegetariens\/#breadcrumb\"},\"inLanguage\":\"fr-FR\",\"potentialAction\":[{\"@type\":\"ReadAction\",\"target\":[\"https:\/\/themeholt.com\/fr\/product\/boutique-en-ligne-daliments-biologiques-vegetariens\/\"]}]},{\"@type\":\"ImageObject\",\"inLanguage\":\"fr-FR\",\"@id\":\"https:\/\/themeholt.com\/fr\/product\/boutique-en-ligne-daliments-biologiques-vegetariens\/#primaryimage\",\"url\":\"https:\/\/themeholt.com\/wp-content\/uploads\/2023\/10\/146.png\",\"contentUrl\":\"https:\/\/themeholt.com\/wp-content\/uploads\/2023\/10\/146.png\",\"width\":1365,\"height\":1077},{\"@type\":\"BreadcrumbList\",\"@id\":\"https:\/\/themeholt.com\/fr\/product\/boutique-en-ligne-daliments-biologiques-vegetariens\/#breadcrumb\",\"itemListElement\":[{\"@type\":\"ListItem\",\"position\":1,\"name\":\"Home\",\"item\":\"https:\/\/themeholt.com\/fr\/\"},{\"@type\":\"ListItem\",\"position\":2,\"name\":\"Shop\",\"item\":\"https:\/\/themeholt.com\/shop\/\"},{\"@type\":\"ListItem\",\"position\":3,\"name\":\"Boutique en ligne d&rsquo;aliments biologiques v\u00e9g\u00e9tariens\"}]},{\"@type\":\"WebSite\",\"@id\":\"https:\/\/www.cyan-dolphin-864669.hostingersite.com\/de\/#website\",\"url\":\"https:\/\/www.cyan-dolphin-864669.hostingersite.com\/de\/\",\"name\":\"ThemeHolt\",\"description\":\"Themeholt is a website that offers high-quality WordPress themes\",\"publisher\":{\"@id\":\"https:\/\/www.cyan-dolphin-864669.hostingersite.com\/de\/#organization\"},\"potentialAction\":[{\"@type\":\"SearchAction\",\"target\":{\"@type\":\"EntryPoint\",\"urlTemplate\":\"https:\/\/www.cyan-dolphin-864669.hostingersite.com\/de\/?s={search_term_string}\"},\"query-input\":{\"@type\":\"PropertyValueSpecification\",\"valueRequired\":true,\"valueName\":\"search_term_string\"}}],\"inLanguage\":\"fr-FR\"},{\"@type\":\"Organization\",\"@id\":\"https:\/\/www.cyan-dolphin-864669.hostingersite.com\/de\/#organization\",\"name\":\"ThemeHolt\",\"alternateName\":\"ThemeHolt\",\"url\":\"https:\/\/www.cyan-dolphin-864669.hostingersite.com\/de\/\",\"logo\":{\"@type\":\"ImageObject\",\"inLanguage\":\"fr-FR\",\"@id\":\"https:\/\/www.cyan-dolphin-864669.hostingersite.com\/de\/#\/schema\/logo\/image\/\",\"url\":\"https:\/\/themeholt.com\/wp-content\/uploads\/2024\/10\/themeholt.png\",\"contentUrl\":\"https:\/\/themeholt.com\/wp-content\/uploads\/2024\/10\/themeholt.png\",\"width\":225,\"height\":225,\"caption\":\"ThemeHolt\"},\"image\":{\"@id\":\"https:\/\/www.cyan-dolphin-864669.hostingersite.com\/de\/#\/schema\/logo\/image\/\"},\"sameAs\":[\"https:\/\/www.facebook.com\/themeholtT\",\"https:\/\/x.com\/ThemeholtT\",\"https:\/\/www.linkedin.com\/company\/themeholt\",\"https:\/\/www.instagram.com\/themeholtt\/\"],\"description\":\"Themeholt is a website that offers high-quality WordPress themes that are easy to use and ready for just about everything. In Eindhoven, Netherlands, since 2020 offering simple, accessible WordPress themes by providing a variety of requirements. Themeholt focuses on practicality and efficiency, allowing faster project completion with its superior marketplace and easy-to-use templates.\",\"legalName\":\"ThemeHolt\",\"foundingDate\":\"2022-11-10\",\"numberOfEmployees\":{\"@type\":\"QuantitativeValue\",\"minValue\":\"51\",\"maxValue\":\"200\"}}]}<\/script>\n<!-- \/ Yoast SEO Premium plugin. -->","yoast_head_json":{"title":"D\u00e9couvrez notre th\u00e8me WordPress pour \u00e9picerie biologique pour une exp\u00e9rience de magasinage rafra\u00eechissante","description":"D\u00e9couvrez le th\u00e8me WordPress id\u00e9al pour votre \u00e9picerie bio et cr\u00e9ez une boutique en ligne belle et fonctionnelle. Am\u00e9liorez la visibilit\u00e9 de vos produits bio et augmentez vos ventes gr\u00e2ce \u00e0 notre th\u00e8me personnalisable et convivial.","robots":{"index":"index","follow":"follow","max-snippet":"max-snippet:-1","max-image-preview":"max-image-preview:large","max-video-preview":"max-video-preview:-1"},"canonical":"https:\/\/themeholt.com\/fr\/product\/boutique-en-ligne-daliments-biologiques-vegetariens\/","og_locale":"fr_FR","og_type":"article","og_title":"Boutique en ligne d'aliments biologiques v\u00e9g\u00e9tariens","og_description":"D\u00e9couvrez le th\u00e8me WordPress id\u00e9al pour votre \u00e9picerie bio et cr\u00e9ez une boutique en ligne belle et fonctionnelle. Am\u00e9liorez la visibilit\u00e9 de vos produits bio et augmentez vos ventes gr\u00e2ce \u00e0 notre th\u00e8me personnalisable et convivial.","og_url":"https:\/\/themeholt.com\/fr\/product\/boutique-en-ligne-daliments-biologiques-vegetariens\/","og_site_name":"ThemeHolt","article_publisher":"https:\/\/www.facebook.com\/themeholtT","article_modified_time":"2024-10-17T11:01:12+00:00","og_image":[{"width":1365,"height":1077,"url":"https:\/\/themeholt.com\/wp-content\/uploads\/2023\/10\/146.png","type":"image\/png"}],"twitter_card":"summary_large_image","twitter_site":"@ThemeholtT","twitter_misc":{"Dur\u00e9e de lecture estim\u00e9e":"1 minute"},"schema":{"@context":"https:\/\/schema.org","@graph":[{"@type":"WebPage","@id":"https:\/\/themeholt.com\/fr\/product\/boutique-en-ligne-daliments-biologiques-vegetariens\/","url":"https:\/\/themeholt.com\/fr\/product\/boutique-en-ligne-daliments-biologiques-vegetariens\/","name":"D\u00e9couvrez notre th\u00e8me WordPress pour \u00e9picerie biologique pour une exp\u00e9rience de magasinage rafra\u00eechissante","isPartOf":{"@id":"https:\/\/www.cyan-dolphin-864669.hostingersite.com\/de\/#website"},"primaryImageOfPage":{"@id":"https:\/\/themeholt.com\/fr\/product\/boutique-en-ligne-daliments-biologiques-vegetariens\/#primaryimage"},"image":{"@id":"https:\/\/themeholt.com\/fr\/product\/boutique-en-ligne-daliments-biologiques-vegetariens\/#primaryimage"},"thumbnailUrl":"https:\/\/themeholt.com\/wp-content\/uploads\/2023\/10\/146.png","datePublished":"2023-10-05T04:26:50+00:00","dateModified":"2024-10-17T11:01:12+00:00","description":"D\u00e9couvrez le th\u00e8me WordPress id\u00e9al pour votre \u00e9picerie bio et cr\u00e9ez une boutique en ligne belle et fonctionnelle. Am\u00e9liorez la visibilit\u00e9 de vos produits bio et augmentez vos ventes gr\u00e2ce \u00e0 notre th\u00e8me personnalisable et convivial.","breadcrumb":{"@id":"https:\/\/themeholt.com\/fr\/product\/boutique-en-ligne-daliments-biologiques-vegetariens\/#breadcrumb"},"inLanguage":"fr-FR","potentialAction":[{"@type":"ReadAction","target":["https:\/\/themeholt.com\/fr\/product\/boutique-en-ligne-daliments-biologiques-vegetariens\/"]}]},{"@type":"ImageObject","inLanguage":"fr-FR","@id":"https:\/\/themeholt.com\/fr\/product\/boutique-en-ligne-daliments-biologiques-vegetariens\/#primaryimage","url":"https:\/\/themeholt.com\/wp-content\/uploads\/2023\/10\/146.png","contentUrl":"https:\/\/themeholt.com\/wp-content\/uploads\/2023\/10\/146.png","width":1365,"height":1077},{"@type":"BreadcrumbList","@id":"https:\/\/themeholt.com\/fr\/product\/boutique-en-ligne-daliments-biologiques-vegetariens\/#breadcrumb","itemListElement":[{"@type":"ListItem","position":1,"name":"Home","item":"https:\/\/themeholt.com\/fr\/"},{"@type":"ListItem","position":2,"name":"Shop","item":"https:\/\/themeholt.com\/shop\/"},{"@type":"ListItem","position":3,"name":"Boutique en ligne d&rsquo;aliments biologiques v\u00e9g\u00e9tariens"}]},{"@type":"WebSite","@id":"https:\/\/www.cyan-dolphin-864669.hostingersite.com\/de\/#website","url":"https:\/\/www.cyan-dolphin-864669.hostingersite.com\/de\/","name":"ThemeHolt","description":"Themeholt is a website that offers high-quality WordPress themes","publisher":{"@id":"https:\/\/www.cyan-dolphin-864669.hostingersite.com\/de\/#organization"},"potentialAction":[{"@type":"SearchAction","target":{"@type":"EntryPoint","urlTemplate":"https:\/\/www.cyan-dolphin-864669.hostingersite.com\/de\/?s={search_term_string}"},"query-input":{"@type":"PropertyValueSpecification","valueRequired":true,"valueName":"search_term_string"}}],"inLanguage":"fr-FR"},{"@type":"Organization","@id":"https:\/\/www.cyan-dolphin-864669.hostingersite.com\/de\/#organization","name":"ThemeHolt","alternateName":"ThemeHolt","url":"https:\/\/www.cyan-dolphin-864669.hostingersite.com\/de\/","logo":{"@type":"ImageObject","inLanguage":"fr-FR","@id":"https:\/\/www.cyan-dolphin-864669.hostingersite.com\/de\/#\/schema\/logo\/image\/","url":"https:\/\/themeholt.com\/wp-content\/uploads\/2024\/10\/themeholt.png","contentUrl":"https:\/\/themeholt.com\/wp-content\/uploads\/2024\/10\/themeholt.png","width":225,"height":225,"caption":"ThemeHolt"},"image":{"@id":"https:\/\/www.cyan-dolphin-864669.hostingersite.com\/de\/#\/schema\/logo\/image\/"},"sameAs":["https:\/\/www.facebook.com\/themeholtT","https:\/\/x.com\/ThemeholtT","https:\/\/www.linkedin.com\/company\/themeholt","https:\/\/www.instagram.com\/themeholtt\/"],"description":"Themeholt is a website that offers high-quality WordPress themes that are easy to use and ready for just about everything. In Eindhoven, Netherlands, since 2020 offering simple, accessible WordPress themes by providing a variety of requirements. Themeholt focuses on practicality and efficiency, allowing faster project completion with its superior marketplace and easy-to-use templates.","legalName":"ThemeHolt","foundingDate":"2022-11-10","numberOfEmployees":{"@type":"QuantitativeValue","minValue":"51","maxValue":"200"}}]}},"_links":{"self":[{"href":"https:\/\/themeholt.com\/fr\/wp-json\/wp\/v2\/product\/13063","targetHints":{"allow":["GET"]}}],"collection":[{"href":"https:\/\/themeholt.com\/fr\/wp-json\/wp\/v2\/product"}],"about":[{"href":"https:\/\/themeholt.com\/fr\/wp-json\/wp\/v2\/types\/product"}],"wp:featuredmedia":[{"embeddable":true,"href":"https:\/\/themeholt.com\/fr\/wp-json\/wp\/v2\/media\/13064"}],"wp:attachment":[{"href":"https:\/\/themeholt.com\/fr\/wp-json\/wp\/v2\/media?parent=13063"}],"wp:term":[{"taxonomy":"product_brand","embeddable":true,"href":"https:\/\/themeholt.com\/fr\/wp-json\/wp\/v2\/product_brand?post=13063"},{"taxonomy":"product_cat","embeddable":true,"href":"https:\/\/themeholt.com\/fr\/wp-json\/wp\/v2\/product_cat?post=13063"},{"taxonomy":"product_tag","embeddable":true,"href":"https:\/\/themeholt.com\/fr\/wp-json\/wp\/v2\/product_tag?post=13063"}],"curies":[{"name":"wp","href":"https:\/\/api.w.org\/{rel}","templated":true}]}}