{"id":13227,"date":"2022-04-25T11:03:13","date_gmt":"2022-04-25T11:03:13","guid":{"rendered":"https:\/\/themeholt.com\/product\/agency\/"},"modified":"2024-10-18T07:23:10","modified_gmt":"2024-10-18T07:23:10","slug":"agence","status":"publish","type":"product","link":"https:\/\/themeholt.com\/fr\/product\/agence\/","title":{"rendered":"Agence"},"content":{"rendered":"<p><span style=\"font-weight: 400\">\u00c0 l&rsquo;\u00e8re du num\u00e9rique, avoir un site Web visuellement attrayant et fonctionnel est crucial pour toute agence cherchant \u00e0 \u00e9tablir une pr\u00e9sence en ligne solide. Avec notre collection <\/span><b>Th\u00e8mes WordPress pour agence<\/b><span style=\"font-weight: 400\">, vous pouvez lib\u00e9rer le pouvoir de cr\u00e9er des sites Web \u00e9poustouflants qui captivent votre public, pr\u00e9sentent vos services et stimulent la croissance de votre entreprise. Des conceptions personnalisables et une int\u00e9gration transparente avec WordPress aux mises en page r\u00e9actives et aux fonctionnalit\u00e9s avanc\u00e9es, nos th\u00e8mes offrent la base parfaite pour cr\u00e9er un site Web professionnel et percutant. Que vous soyez une agence de cr\u00e9ation, une soci\u00e9t\u00e9 de marketing, un studio de design ou tout autre type d&rsquo;agence, offrez la polyvalence et la flexibilit\u00e9 dont vous avez besoin pour vous d\u00e9marquer de la concurrence et attirer des clients. <\/span><\/p>\n<p><span style=\"font-weight: 400\">Un site Web bien con\u00e7u et fonctionnel est la pierre angulaire pour \u00e9tablir la cr\u00e9dibilit\u00e9, attirer des clients et pr\u00e9senter les services de votre agence. Avec notre vaste gamme de <\/span><b>Meilleurs th\u00e8mes WordPress pour agences<\/b><span style=\"font-weight: 400\">, vous avez le pouvoir de cr\u00e9er des sites Web \u00e9poustouflants qui captivent votre public et stimulent la croissance de votre entreprise. <\/span><\/p>\n","protected":false},"excerpt":{"rendered":"<ul>\n<li>Enti\u00e8rement personnalisable<\/li>\n<li>Pr\u00eat pour la traduction<\/li>\n<li>Couches de parallaxe<\/li>\n<li>Optimis\u00e9 pour le r\u00e9f\u00e9rencement<\/li>\n<li>Enti\u00e8rement r\u00e9actif<\/li>\n<li>Pr\u00eat pour Retina<\/li>\n<li>Compatible avec WooCommerce<\/li>\n<li>Prise en charge des th\u00e8mes enfants<\/li>\n<li>Support client<\/li>\n<\/ul>\n","protected":false},"featured_media":13229,"template":"","meta":{"_acf_changed":false,"inline_featured_image":false},"product_brand":[],"product_cat":[956],"product_tag":[889,979,980,981,982],"class_list":{"0":"post-13227","1":"product","2":"type-product","3":"status-publish","4":"has-post-thumbnail","6":"product_cat-premium-themes-fr","7":"product_tag-best-agency-wordpress-theme-fr","8":"product_tag-agency-theme-wordpress-fr","9":"product_tag-agency-wordpress-themes-fr","10":"product_tag-best-creative-agency-wordpress-themes-fr","11":"product_tag-creative-agency-website-templates-fr","13":"first","14":"instock","15":"sale","16":"downloadable","17":"taxable","18":"shipping-taxable","19":"purchasable","20":"product-type-simple"},"acf":[],"yoast_head":"<!-- This site is optimized with the Yoast SEO Premium plugin v22.1 (Yoast SEO v26.0) - https:\/\/yoast.com\/wordpress\/plugins\/seo\/ -->\n<title>Th\u00e8mes Wordpress pour agence | Meilleur th\u00e8me Wordpress pour agence<\/title>\n<meta name=\"description\" content=\"Trouvez le meilleur th\u00e8me WordPress pour votre agence. Cr\u00e9ez un site Web en utilisant des conceptions r\u00e9actives et professionnelles avec des fonctionnalit\u00e9s personnalisables. Contactez-nous maintenant !\" \/>\n<meta name=\"robots\" content=\"index, follow, max-snippet:-1, max-image-preview:large, max-video-preview:-1\" \/>\n<link rel=\"canonical\" href=\"https:\/\/themeholt.com\/fr\/product\/agence\/\" \/>\n<meta property=\"og:locale\" content=\"fr_FR\" \/>\n<meta property=\"og:type\" content=\"article\" \/>\n<meta property=\"og:title\" content=\"Agence\" \/>\n<meta property=\"og:description\" content=\"Trouvez le meilleur th\u00e8me WordPress pour votre agence. Cr\u00e9ez un site Web en utilisant des conceptions r\u00e9actives et professionnelles avec des fonctionnalit\u00e9s personnalisables. Contactez-nous maintenant !\" \/>\n<meta property=\"og:url\" content=\"https:\/\/themeholt.com\/fr\/product\/agence\/\" \/>\n<meta property=\"og:site_name\" content=\"ThemeHolt\" \/>\n<meta property=\"article:publisher\" content=\"https:\/\/www.facebook.com\/themeholtT\" \/>\n<meta property=\"article:modified_time\" content=\"2024-10-18T07:23:10+00:00\" \/>\n<meta property=\"og:image\" content=\"https:\/\/themeholt.com\/wp-content\/uploads\/2022\/04\/Agency-company-theme.jpg\" \/>\n\t<meta property=\"og:image:width\" content=\"1300\" \/>\n\t<meta property=\"og:image:height\" content=\"1283\" \/>\n\t<meta property=\"og:image:type\" content=\"image\/jpeg\" \/>\n<meta name=\"twitter:card\" content=\"summary_large_image\" \/>\n<meta name=\"twitter:site\" content=\"@ThemeholtT\" \/>\n<meta name=\"twitter:label1\" content=\"Dur\u00e9e de lecture estim\u00e9e\" \/>\n\t<meta name=\"twitter:data1\" content=\"1 minute\" \/>\n<script type=\"application\/ld+json\" class=\"yoast-schema-graph\">{\"@context\":\"https:\/\/schema.org\",\"@graph\":[{\"@type\":\"WebPage\",\"@id\":\"https:\/\/themeholt.com\/fr\/product\/agence\/\",\"url\":\"https:\/\/themeholt.com\/fr\/product\/agence\/\",\"name\":\"Th\u00e8mes Wordpress pour agence | Meilleur th\u00e8me Wordpress pour agence\",\"isPartOf\":{\"@id\":\"https:\/\/themeholt.com\/#website\"},\"primaryImageOfPage\":{\"@id\":\"https:\/\/themeholt.com\/fr\/product\/agence\/#primaryimage\"},\"image\":{\"@id\":\"https:\/\/themeholt.com\/fr\/product\/agence\/#primaryimage\"},\"thumbnailUrl\":\"https:\/\/themeholt.com\/wp-content\/uploads\/2022\/04\/Agency-company-theme.jpg\",\"datePublished\":\"2022-04-25T11:03:13+00:00\",\"dateModified\":\"2024-10-18T07:23:10+00:00\",\"description\":\"Trouvez le meilleur th\u00e8me WordPress pour votre agence. Cr\u00e9ez un site Web en utilisant des conceptions r\u00e9actives et professionnelles avec des fonctionnalit\u00e9s personnalisables. Contactez-nous maintenant !\",\"breadcrumb\":{\"@id\":\"https:\/\/themeholt.com\/fr\/product\/agence\/#breadcrumb\"},\"inLanguage\":\"fr-FR\",\"potentialAction\":[{\"@type\":\"ReadAction\",\"target\":[\"https:\/\/themeholt.com\/fr\/product\/agence\/\"]}]},{\"@type\":\"ImageObject\",\"inLanguage\":\"fr-FR\",\"@id\":\"https:\/\/themeholt.com\/fr\/product\/agence\/#primaryimage\",\"url\":\"https:\/\/themeholt.com\/wp-content\/uploads\/2022\/04\/Agency-company-theme.jpg\",\"contentUrl\":\"https:\/\/themeholt.com\/wp-content\/uploads\/2022\/04\/Agency-company-theme.jpg\",\"width\":1300,\"height\":1283},{\"@type\":\"BreadcrumbList\",\"@id\":\"https:\/\/themeholt.com\/fr\/product\/agence\/#breadcrumb\",\"itemListElement\":[{\"@type\":\"ListItem\",\"position\":1,\"name\":\"Home\",\"item\":\"https:\/\/themeholt.com\/fr\/\"},{\"@type\":\"ListItem\",\"position\":2,\"name\":\"Shop\",\"item\":\"https:\/\/themeholt.com\/shop\/\"},{\"@type\":\"ListItem\",\"position\":3,\"name\":\"Agence\"}]},{\"@type\":\"WebSite\",\"@id\":\"https:\/\/themeholt.com\/#website\",\"url\":\"https:\/\/themeholt.com\/\",\"name\":\"ThemeHolt\",\"description\":\"Themeholt is a website that offers high-quality WordPress themes\",\"publisher\":{\"@id\":\"https:\/\/themeholt.com\/#organization\"},\"potentialAction\":[{\"@type\":\"SearchAction\",\"target\":{\"@type\":\"EntryPoint\",\"urlTemplate\":\"https:\/\/themeholt.com\/?s={search_term_string}\"},\"query-input\":{\"@type\":\"PropertyValueSpecification\",\"valueRequired\":true,\"valueName\":\"search_term_string\"}}],\"inLanguage\":\"fr-FR\"},{\"@type\":\"Organization\",\"@id\":\"https:\/\/themeholt.com\/#organization\",\"name\":\"ThemeHolt\",\"alternateName\":\"ThemeHolt\",\"url\":\"https:\/\/themeholt.com\/\",\"logo\":{\"@type\":\"ImageObject\",\"inLanguage\":\"fr-FR\",\"@id\":\"https:\/\/themeholt.com\/#\/schema\/logo\/image\/\",\"url\":\"https:\/\/themeholt.com\/wp-content\/uploads\/2024\/10\/themeholt.png\",\"contentUrl\":\"https:\/\/themeholt.com\/wp-content\/uploads\/2024\/10\/themeholt.png\",\"width\":225,\"height\":225,\"caption\":\"ThemeHolt\"},\"image\":{\"@id\":\"https:\/\/themeholt.com\/#\/schema\/logo\/image\/\"},\"sameAs\":[\"https:\/\/www.facebook.com\/themeholtT\",\"https:\/\/x.com\/ThemeholtT\",\"https:\/\/www.linkedin.com\/company\/themeholt\",\"https:\/\/www.instagram.com\/themeholtt\/\"],\"description\":\"Themeholt is a website that offers high-quality WordPress themes that are easy to use and ready for just about everything. In Eindhoven, Netherlands, since 2020 offering simple, accessible WordPress themes by providing a variety of requirements. Themeholt focuses on practicality and efficiency, allowing faster project completion with its superior marketplace and easy-to-use templates.\",\"legalName\":\"ThemeHolt\",\"foundingDate\":\"2022-11-10\",\"numberOfEmployees\":{\"@type\":\"QuantitativeValue\",\"minValue\":\"51\",\"maxValue\":\"200\"}}]}<\/script>\n<!-- \/ Yoast SEO Premium plugin. -->","yoast_head_json":{"title":"Th\u00e8mes Wordpress pour agence | Meilleur th\u00e8me Wordpress pour agence","description":"Trouvez le meilleur th\u00e8me WordPress pour votre agence. Cr\u00e9ez un site Web en utilisant des conceptions r\u00e9actives et professionnelles avec des fonctionnalit\u00e9s personnalisables. Contactez-nous maintenant !","robots":{"index":"index","follow":"follow","max-snippet":"max-snippet:-1","max-image-preview":"max-image-preview:large","max-video-preview":"max-video-preview:-1"},"canonical":"https:\/\/themeholt.com\/fr\/product\/agence\/","og_locale":"fr_FR","og_type":"article","og_title":"Agence","og_description":"Trouvez le meilleur th\u00e8me WordPress pour votre agence. Cr\u00e9ez un site Web en utilisant des conceptions r\u00e9actives et professionnelles avec des fonctionnalit\u00e9s personnalisables. Contactez-nous maintenant !","og_url":"https:\/\/themeholt.com\/fr\/product\/agence\/","og_site_name":"ThemeHolt","article_publisher":"https:\/\/www.facebook.com\/themeholtT","article_modified_time":"2024-10-18T07:23:10+00:00","og_image":[{"width":1300,"height":1283,"url":"https:\/\/themeholt.com\/wp-content\/uploads\/2022\/04\/Agency-company-theme.jpg","type":"image\/jpeg"}],"twitter_card":"summary_large_image","twitter_site":"@ThemeholtT","twitter_misc":{"Dur\u00e9e de lecture estim\u00e9e":"1 minute"},"schema":{"@context":"https:\/\/schema.org","@graph":[{"@type":"WebPage","@id":"https:\/\/themeholt.com\/fr\/product\/agence\/","url":"https:\/\/themeholt.com\/fr\/product\/agence\/","name":"Th\u00e8mes Wordpress pour agence | Meilleur th\u00e8me Wordpress pour agence","isPartOf":{"@id":"https:\/\/themeholt.com\/#website"},"primaryImageOfPage":{"@id":"https:\/\/themeholt.com\/fr\/product\/agence\/#primaryimage"},"image":{"@id":"https:\/\/themeholt.com\/fr\/product\/agence\/#primaryimage"},"thumbnailUrl":"https:\/\/themeholt.com\/wp-content\/uploads\/2022\/04\/Agency-company-theme.jpg","datePublished":"2022-04-25T11:03:13+00:00","dateModified":"2024-10-18T07:23:10+00:00","description":"Trouvez le meilleur th\u00e8me WordPress pour votre agence. Cr\u00e9ez un site Web en utilisant des conceptions r\u00e9actives et professionnelles avec des fonctionnalit\u00e9s personnalisables. Contactez-nous maintenant !","breadcrumb":{"@id":"https:\/\/themeholt.com\/fr\/product\/agence\/#breadcrumb"},"inLanguage":"fr-FR","potentialAction":[{"@type":"ReadAction","target":["https:\/\/themeholt.com\/fr\/product\/agence\/"]}]},{"@type":"ImageObject","inLanguage":"fr-FR","@id":"https:\/\/themeholt.com\/fr\/product\/agence\/#primaryimage","url":"https:\/\/themeholt.com\/wp-content\/uploads\/2022\/04\/Agency-company-theme.jpg","contentUrl":"https:\/\/themeholt.com\/wp-content\/uploads\/2022\/04\/Agency-company-theme.jpg","width":1300,"height":1283},{"@type":"BreadcrumbList","@id":"https:\/\/themeholt.com\/fr\/product\/agence\/#breadcrumb","itemListElement":[{"@type":"ListItem","position":1,"name":"Home","item":"https:\/\/themeholt.com\/fr\/"},{"@type":"ListItem","position":2,"name":"Shop","item":"https:\/\/themeholt.com\/shop\/"},{"@type":"ListItem","position":3,"name":"Agence"}]},{"@type":"WebSite","@id":"https:\/\/themeholt.com\/#website","url":"https:\/\/themeholt.com\/","name":"ThemeHolt","description":"Themeholt is a website that offers high-quality WordPress themes","publisher":{"@id":"https:\/\/themeholt.com\/#organization"},"potentialAction":[{"@type":"SearchAction","target":{"@type":"EntryPoint","urlTemplate":"https:\/\/themeholt.com\/?s={search_term_string}"},"query-input":{"@type":"PropertyValueSpecification","valueRequired":true,"valueName":"search_term_string"}}],"inLanguage":"fr-FR"},{"@type":"Organization","@id":"https:\/\/themeholt.com\/#organization","name":"ThemeHolt","alternateName":"ThemeHolt","url":"https:\/\/themeholt.com\/","logo":{"@type":"ImageObject","inLanguage":"fr-FR","@id":"https:\/\/themeholt.com\/#\/schema\/logo\/image\/","url":"https:\/\/themeholt.com\/wp-content\/uploads\/2024\/10\/themeholt.png","contentUrl":"https:\/\/themeholt.com\/wp-content\/uploads\/2024\/10\/themeholt.png","width":225,"height":225,"caption":"ThemeHolt"},"image":{"@id":"https:\/\/themeholt.com\/#\/schema\/logo\/image\/"},"sameAs":["https:\/\/www.facebook.com\/themeholtT","https:\/\/x.com\/ThemeholtT","https:\/\/www.linkedin.com\/company\/themeholt","https:\/\/www.instagram.com\/themeholtt\/"],"description":"Themeholt is a website that offers high-quality WordPress themes that are easy to use and ready for just about everything. In Eindhoven, Netherlands, since 2020 offering simple, accessible WordPress themes by providing a variety of requirements. Themeholt focuses on practicality and efficiency, allowing faster project completion with its superior marketplace and easy-to-use templates.","legalName":"ThemeHolt","foundingDate":"2022-11-10","numberOfEmployees":{"@type":"QuantitativeValue","minValue":"51","maxValue":"200"}}]}},"_links":{"self":[{"href":"https:\/\/themeholt.com\/fr\/wp-json\/wp\/v2\/product\/13227","targetHints":{"allow":["GET"]}}],"collection":[{"href":"https:\/\/themeholt.com\/fr\/wp-json\/wp\/v2\/product"}],"about":[{"href":"https:\/\/themeholt.com\/fr\/wp-json\/wp\/v2\/types\/product"}],"wp:featuredmedia":[{"embeddable":true,"href":"https:\/\/themeholt.com\/fr\/wp-json\/wp\/v2\/media\/13229"}],"wp:attachment":[{"href":"https:\/\/themeholt.com\/fr\/wp-json\/wp\/v2\/media?parent=13227"}],"wp:term":[{"taxonomy":"product_brand","embeddable":true,"href":"https:\/\/themeholt.com\/fr\/wp-json\/wp\/v2\/product_brand?post=13227"},{"taxonomy":"product_cat","embeddable":true,"href":"https:\/\/themeholt.com\/fr\/wp-json\/wp\/v2\/product_cat?post=13227"},{"taxonomy":"product_tag","embeddable":true,"href":"https:\/\/themeholt.com\/fr\/wp-json\/wp\/v2\/product_tag?post=13227"}],"curies":[{"name":"wp","href":"https:\/\/api.w.org\/{rel}","templated":true}]}}