{"id":13261,"date":"2022-04-25T10:56:12","date_gmt":"2022-04-25T10:56:12","guid":{"rendered":"https:\/\/themeholt.com\/product\/restaurant\/"},"modified":"2024-10-18T07:59:08","modified_gmt":"2024-10-18T07:59:08","slug":"restaurant","status":"publish","type":"product","link":"https:\/\/themeholt.com\/fr\/product\/restaurant\/","title":{"rendered":"Restaurant"},"content":{"rendered":"<p><span style=\"font-weight: 400\">WordPress est un syst\u00e8me de gestion de contenu (CMS) populaire qui peut \u00eatre utilis\u00e9 pour cr\u00e9er divers sites Web, notamment des restaurants. De nombreux th\u00e8mes WordPress sont sp\u00e9cialement con\u00e7us pour les restaurants, et certains de ces th\u00e8mes incluent \u00e9galement une fonctionnalit\u00e9 de commerce \u00e9lectronique.<\/span><\/p>\n<p><span style=\"font-weight: 400\">La fonctionnalit\u00e9 de commerce \u00e9lectronique permet aux propri\u00e9taires de restaurants de vendre leurs aliments et leurs boissons en ligne. Cela peut \u00eatre un excellent moyen d&rsquo;atteindre de nouveaux clients et d&rsquo;augmenter les ventes. De nombreux plugins <\/span><b>Th\u00e8mes WordPress eCommerce pour restaurants<\/b><span style=\"font-weight: 400\">diff\u00e9rents sont disponibles pour WordPress, et certains sont sp\u00e9cifiquement con\u00e7us pour les restaurants.<\/span><\/p>\n<p><span style=\"font-weight: 400\">Lorsque vous choisissez un <\/span><b>Th\u00e8me WordPress cr\u00e9atif pour restaurant<\/b><span style=\"font-weight: 400\"> pour votre restaurant, il est essentiel de prendre en compte les facteurs suivants\u00a0:<\/span><\/p>\n<p><span style=\"font-weight: 400\">Conception\u00a0: le th\u00e8me doit avoir une conception visuellement attrayante qui refl\u00e8te le style de votre restaurant.<\/span><\/p>\n<p><span style=\"font-weight: 400\">Fonctionnalit\u00e9s\u00a0: le th\u00e8me doit avoir les fonctionnalit\u00e9s n\u00e9cessaires pour g\u00e9rer vos boutiques en ligne, telles qu&rsquo;un g\u00e9n\u00e9rateur de menu, un panier d&rsquo;achat et un processus de paiement.<\/span><\/p>\n<p><span style=\"font-weight: 400\">Support\u00a0: le th\u00e8me doit b\u00e9n\u00e9ficier d&rsquo;un bon support de la part du d\u00e9veloppeur au cas o\u00f9 vous auriez besoin d&rsquo;aide pour l&rsquo;installation ou la personnalisation.<\/span><\/p>\n","protected":false},"excerpt":{"rendered":"<p>&nbsp;<\/p>\n<ul>\n<li style=\"font-weight: 400\"><span style=\"font-weight: 400\">Facile \u00e0 utiliser\u00a0<\/span><\/li>\n<li>D\u00e9filement parallaxe<\/li>\n<li style=\"font-weight: 400\">Mises en page des menus de restauration<\/li>\n<li>Mises en page des blogs<\/li>\n<li>Gestion des r\u00e9servations en ligne<\/li>\n<li style=\"font-weight: 400\"><span style=\"font-weight: 400\">Importation de d\u00e9monstration en un clic<\/span><\/li>\n<li style=\"font-weight: 400\"><span style=\"font-weight: 400\">Description d\u00e9taill\u00e9e du produit pr\u00eat \u00e0 l&#8217;emploi<\/span><\/li>\n<li style=\"font-weight: 400\"><span style=\"font-weight: 400\">Galerie Instagram<\/span><\/li>\n<li style=\"font-weight: 400\"><span style=\"font-weight: 400\">Th\u00e8me d\u00e9j\u00e0 traduit en plusieurs langues<\/span><\/li>\n<li style=\"font-weight: 400\"><span style=\"font-weight: 400\">Pr\u00e9chargeur de page d&rsquo;accueil<\/span><\/li>\n<li style=\"font-weight: 400\"><span style=\"font-weight: 400\">Chaque page est personnalis\u00e9e<\/span><\/li>\n<li style=\"font-weight: 400\"><span style=\"font-weight: 400\">Documentation d\u00e9taill\u00e9e<\/span><\/li>\n<li>Adapt\u00e9 aux appareils mobiles<\/li>\n<li style=\"font-weight: 400\"><span style=\"font-weight: 400\">Personnalisation facile avec un code bien structur\u00e9 et comment\u00e9<\/span><\/li>\n<\/ul>\n<p>&nbsp;<\/p>\n","protected":false},"featured_media":13262,"template":"","meta":{"_acf_changed":false,"inline_featured_image":false},"product_brand":[],"product_cat":[956],"product_tag":[903,904,996,997,998,999],"class_list":{"0":"post-13261","1":"product","2":"type-product","3":"status-publish","4":"has-post-thumbnail","6":"product_cat-premium-themes-fr","7":"product_tag-best-restaurant-themes-ideas-fr","8":"product_tag-fast-food-restaurant-themes-fr","9":"product_tag-themes-for-restaurant-interior-fr","10":"product_tag-unique-menu-templates-fr","11":"product_tag-unique-restaurant-ideas-fr","12":"product_tag-unique-restaurant-themes-fr","14":"first","15":"instock","16":"sale","17":"downloadable","18":"taxable","19":"shipping-taxable","20":"purchasable","21":"product-type-simple"},"acf":[],"yoast_head":"<!-- This site is optimized with the Yoast SEO Premium plugin v22.1 (Yoast SEO v26.0) - https:\/\/yoast.com\/wordpress\/plugins\/seo\/ -->\n<title>Th\u00e8mes WordPress de commerce \u00e9lectronique pour restaurants | Th\u00e8me de restaurant<\/title>\n<meta name=\"description\" content=\"Cr\u00e9ez une pr\u00e9sence en ligne avec un th\u00e8me WordPress de commerce \u00e9lectronique pour restaurant. Choisissez parmi une vari\u00e9t\u00e9 de th\u00e8mes et commencez \u00e0 vendre vos aliments en ligne d\u00e8s aujourd&#039;hui.\" \/>\n<meta name=\"robots\" content=\"index, follow, max-snippet:-1, max-image-preview:large, max-video-preview:-1\" \/>\n<link rel=\"canonical\" href=\"https:\/\/themeholt.com\/fr\/product\/restaurant\/\" \/>\n<meta property=\"og:locale\" content=\"fr_FR\" \/>\n<meta property=\"og:type\" content=\"article\" \/>\n<meta property=\"og:title\" content=\"Restaurant\" \/>\n<meta property=\"og:description\" content=\"Cr\u00e9ez une pr\u00e9sence en ligne avec un th\u00e8me WordPress de commerce \u00e9lectronique pour restaurant. Choisissez parmi une vari\u00e9t\u00e9 de th\u00e8mes et commencez \u00e0 vendre vos aliments en ligne d\u00e8s aujourd&#039;hui.\" \/>\n<meta property=\"og:url\" content=\"https:\/\/themeholt.com\/fr\/product\/restaurant\/\" \/>\n<meta property=\"og:site_name\" content=\"ThemeHolt\" \/>\n<meta property=\"article:publisher\" content=\"https:\/\/www.facebook.com\/themeholtT\" \/>\n<meta property=\"article:modified_time\" content=\"2024-10-18T07:59:08+00:00\" \/>\n<meta property=\"og:image\" content=\"https:\/\/themeholt.com\/wp-content\/uploads\/2022\/04\/best-restaurants-theme.jpg\" \/>\n\t<meta property=\"og:image:width\" content=\"1300\" \/>\n\t<meta property=\"og:image:height\" content=\"1283\" \/>\n\t<meta property=\"og:image:type\" content=\"image\/jpeg\" \/>\n<meta name=\"twitter:card\" content=\"summary_large_image\" \/>\n<meta name=\"twitter:site\" content=\"@ThemeholtT\" \/>\n<meta name=\"twitter:label1\" content=\"Dur\u00e9e de lecture estim\u00e9e\" \/>\n\t<meta name=\"twitter:data1\" content=\"1 minute\" \/>\n<script type=\"application\/ld+json\" class=\"yoast-schema-graph\">{\"@context\":\"https:\/\/schema.org\",\"@graph\":[{\"@type\":\"WebPage\",\"@id\":\"https:\/\/themeholt.com\/fr\/product\/restaurant\/\",\"url\":\"https:\/\/themeholt.com\/fr\/product\/restaurant\/\",\"name\":\"Th\u00e8mes WordPress de commerce \u00e9lectronique pour restaurants | Th\u00e8me de restaurant\",\"isPartOf\":{\"@id\":\"https:\/\/themeholt.com\/#website\"},\"primaryImageOfPage\":{\"@id\":\"https:\/\/themeholt.com\/fr\/product\/restaurant\/#primaryimage\"},\"image\":{\"@id\":\"https:\/\/themeholt.com\/fr\/product\/restaurant\/#primaryimage\"},\"thumbnailUrl\":\"https:\/\/themeholt.com\/wp-content\/uploads\/2022\/04\/best-restaurants-theme.jpg\",\"datePublished\":\"2022-04-25T10:56:12+00:00\",\"dateModified\":\"2024-10-18T07:59:08+00:00\",\"description\":\"Cr\u00e9ez une pr\u00e9sence en ligne avec un th\u00e8me WordPress de commerce \u00e9lectronique pour restaurant. Choisissez parmi une vari\u00e9t\u00e9 de th\u00e8mes et commencez \u00e0 vendre vos aliments en ligne d\u00e8s aujourd'hui.\",\"breadcrumb\":{\"@id\":\"https:\/\/themeholt.com\/fr\/product\/restaurant\/#breadcrumb\"},\"inLanguage\":\"fr-FR\",\"potentialAction\":[{\"@type\":\"ReadAction\",\"target\":[\"https:\/\/themeholt.com\/fr\/product\/restaurant\/\"]}]},{\"@type\":\"ImageObject\",\"inLanguage\":\"fr-FR\",\"@id\":\"https:\/\/themeholt.com\/fr\/product\/restaurant\/#primaryimage\",\"url\":\"https:\/\/themeholt.com\/wp-content\/uploads\/2022\/04\/best-restaurants-theme.jpg\",\"contentUrl\":\"https:\/\/themeholt.com\/wp-content\/uploads\/2022\/04\/best-restaurants-theme.jpg\",\"width\":1300,\"height\":1283},{\"@type\":\"BreadcrumbList\",\"@id\":\"https:\/\/themeholt.com\/fr\/product\/restaurant\/#breadcrumb\",\"itemListElement\":[{\"@type\":\"ListItem\",\"position\":1,\"name\":\"Home\",\"item\":\"https:\/\/themeholt.com\/fr\/\"},{\"@type\":\"ListItem\",\"position\":2,\"name\":\"Shop\",\"item\":\"https:\/\/themeholt.com\/shop\/\"},{\"@type\":\"ListItem\",\"position\":3,\"name\":\"Restaurant\"}]},{\"@type\":\"WebSite\",\"@id\":\"https:\/\/themeholt.com\/#website\",\"url\":\"https:\/\/themeholt.com\/\",\"name\":\"ThemeHolt\",\"description\":\"Themeholt is a website that offers high-quality WordPress themes\",\"publisher\":{\"@id\":\"https:\/\/themeholt.com\/#organization\"},\"potentialAction\":[{\"@type\":\"SearchAction\",\"target\":{\"@type\":\"EntryPoint\",\"urlTemplate\":\"https:\/\/themeholt.com\/?s={search_term_string}\"},\"query-input\":{\"@type\":\"PropertyValueSpecification\",\"valueRequired\":true,\"valueName\":\"search_term_string\"}}],\"inLanguage\":\"fr-FR\"},{\"@type\":\"Organization\",\"@id\":\"https:\/\/themeholt.com\/#organization\",\"name\":\"ThemeHolt\",\"alternateName\":\"ThemeHolt\",\"url\":\"https:\/\/themeholt.com\/\",\"logo\":{\"@type\":\"ImageObject\",\"inLanguage\":\"fr-FR\",\"@id\":\"https:\/\/themeholt.com\/#\/schema\/logo\/image\/\",\"url\":\"https:\/\/themeholt.com\/wp-content\/uploads\/2024\/10\/themeholt.png\",\"contentUrl\":\"https:\/\/themeholt.com\/wp-content\/uploads\/2024\/10\/themeholt.png\",\"width\":225,\"height\":225,\"caption\":\"ThemeHolt\"},\"image\":{\"@id\":\"https:\/\/themeholt.com\/#\/schema\/logo\/image\/\"},\"sameAs\":[\"https:\/\/www.facebook.com\/themeholtT\",\"https:\/\/x.com\/ThemeholtT\",\"https:\/\/www.linkedin.com\/company\/themeholt\",\"https:\/\/www.instagram.com\/themeholtt\/\"],\"description\":\"Themeholt is a website that offers high-quality WordPress themes that are easy to use and ready for just about everything. In Eindhoven, Netherlands, since 2020 offering simple, accessible WordPress themes by providing a variety of requirements. Themeholt focuses on practicality and efficiency, allowing faster project completion with its superior marketplace and easy-to-use templates.\",\"legalName\":\"ThemeHolt\",\"foundingDate\":\"2022-11-10\",\"numberOfEmployees\":{\"@type\":\"QuantitativeValue\",\"minValue\":\"51\",\"maxValue\":\"200\"}}]}<\/script>\n<!-- \/ Yoast SEO Premium plugin. -->","yoast_head_json":{"title":"Th\u00e8mes WordPress de commerce \u00e9lectronique pour restaurants | Th\u00e8me de restaurant","description":"Cr\u00e9ez une pr\u00e9sence en ligne avec un th\u00e8me WordPress de commerce \u00e9lectronique pour restaurant. Choisissez parmi une vari\u00e9t\u00e9 de th\u00e8mes et commencez \u00e0 vendre vos aliments en ligne d\u00e8s aujourd'hui.","robots":{"index":"index","follow":"follow","max-snippet":"max-snippet:-1","max-image-preview":"max-image-preview:large","max-video-preview":"max-video-preview:-1"},"canonical":"https:\/\/themeholt.com\/fr\/product\/restaurant\/","og_locale":"fr_FR","og_type":"article","og_title":"Restaurant","og_description":"Cr\u00e9ez une pr\u00e9sence en ligne avec un th\u00e8me WordPress de commerce \u00e9lectronique pour restaurant. Choisissez parmi une vari\u00e9t\u00e9 de th\u00e8mes et commencez \u00e0 vendre vos aliments en ligne d\u00e8s aujourd'hui.","og_url":"https:\/\/themeholt.com\/fr\/product\/restaurant\/","og_site_name":"ThemeHolt","article_publisher":"https:\/\/www.facebook.com\/themeholtT","article_modified_time":"2024-10-18T07:59:08+00:00","og_image":[{"width":1300,"height":1283,"url":"https:\/\/themeholt.com\/wp-content\/uploads\/2022\/04\/best-restaurants-theme.jpg","type":"image\/jpeg"}],"twitter_card":"summary_large_image","twitter_site":"@ThemeholtT","twitter_misc":{"Dur\u00e9e de lecture estim\u00e9e":"1 minute"},"schema":{"@context":"https:\/\/schema.org","@graph":[{"@type":"WebPage","@id":"https:\/\/themeholt.com\/fr\/product\/restaurant\/","url":"https:\/\/themeholt.com\/fr\/product\/restaurant\/","name":"Th\u00e8mes WordPress de commerce \u00e9lectronique pour restaurants | Th\u00e8me de restaurant","isPartOf":{"@id":"https:\/\/themeholt.com\/#website"},"primaryImageOfPage":{"@id":"https:\/\/themeholt.com\/fr\/product\/restaurant\/#primaryimage"},"image":{"@id":"https:\/\/themeholt.com\/fr\/product\/restaurant\/#primaryimage"},"thumbnailUrl":"https:\/\/themeholt.com\/wp-content\/uploads\/2022\/04\/best-restaurants-theme.jpg","datePublished":"2022-04-25T10:56:12+00:00","dateModified":"2024-10-18T07:59:08+00:00","description":"Cr\u00e9ez une pr\u00e9sence en ligne avec un th\u00e8me WordPress de commerce \u00e9lectronique pour restaurant. Choisissez parmi une vari\u00e9t\u00e9 de th\u00e8mes et commencez \u00e0 vendre vos aliments en ligne d\u00e8s aujourd'hui.","breadcrumb":{"@id":"https:\/\/themeholt.com\/fr\/product\/restaurant\/#breadcrumb"},"inLanguage":"fr-FR","potentialAction":[{"@type":"ReadAction","target":["https:\/\/themeholt.com\/fr\/product\/restaurant\/"]}]},{"@type":"ImageObject","inLanguage":"fr-FR","@id":"https:\/\/themeholt.com\/fr\/product\/restaurant\/#primaryimage","url":"https:\/\/themeholt.com\/wp-content\/uploads\/2022\/04\/best-restaurants-theme.jpg","contentUrl":"https:\/\/themeholt.com\/wp-content\/uploads\/2022\/04\/best-restaurants-theme.jpg","width":1300,"height":1283},{"@type":"BreadcrumbList","@id":"https:\/\/themeholt.com\/fr\/product\/restaurant\/#breadcrumb","itemListElement":[{"@type":"ListItem","position":1,"name":"Home","item":"https:\/\/themeholt.com\/fr\/"},{"@type":"ListItem","position":2,"name":"Shop","item":"https:\/\/themeholt.com\/shop\/"},{"@type":"ListItem","position":3,"name":"Restaurant"}]},{"@type":"WebSite","@id":"https:\/\/themeholt.com\/#website","url":"https:\/\/themeholt.com\/","name":"ThemeHolt","description":"Themeholt is a website that offers high-quality WordPress themes","publisher":{"@id":"https:\/\/themeholt.com\/#organization"},"potentialAction":[{"@type":"SearchAction","target":{"@type":"EntryPoint","urlTemplate":"https:\/\/themeholt.com\/?s={search_term_string}"},"query-input":{"@type":"PropertyValueSpecification","valueRequired":true,"valueName":"search_term_string"}}],"inLanguage":"fr-FR"},{"@type":"Organization","@id":"https:\/\/themeholt.com\/#organization","name":"ThemeHolt","alternateName":"ThemeHolt","url":"https:\/\/themeholt.com\/","logo":{"@type":"ImageObject","inLanguage":"fr-FR","@id":"https:\/\/themeholt.com\/#\/schema\/logo\/image\/","url":"https:\/\/themeholt.com\/wp-content\/uploads\/2024\/10\/themeholt.png","contentUrl":"https:\/\/themeholt.com\/wp-content\/uploads\/2024\/10\/themeholt.png","width":225,"height":225,"caption":"ThemeHolt"},"image":{"@id":"https:\/\/themeholt.com\/#\/schema\/logo\/image\/"},"sameAs":["https:\/\/www.facebook.com\/themeholtT","https:\/\/x.com\/ThemeholtT","https:\/\/www.linkedin.com\/company\/themeholt","https:\/\/www.instagram.com\/themeholtt\/"],"description":"Themeholt is a website that offers high-quality WordPress themes that are easy to use and ready for just about everything. In Eindhoven, Netherlands, since 2020 offering simple, accessible WordPress themes by providing a variety of requirements. Themeholt focuses on practicality and efficiency, allowing faster project completion with its superior marketplace and easy-to-use templates.","legalName":"ThemeHolt","foundingDate":"2022-11-10","numberOfEmployees":{"@type":"QuantitativeValue","minValue":"51","maxValue":"200"}}]}},"_links":{"self":[{"href":"https:\/\/themeholt.com\/fr\/wp-json\/wp\/v2\/product\/13261","targetHints":{"allow":["GET"]}}],"collection":[{"href":"https:\/\/themeholt.com\/fr\/wp-json\/wp\/v2\/product"}],"about":[{"href":"https:\/\/themeholt.com\/fr\/wp-json\/wp\/v2\/types\/product"}],"wp:featuredmedia":[{"embeddable":true,"href":"https:\/\/themeholt.com\/fr\/wp-json\/wp\/v2\/media\/13262"}],"wp:attachment":[{"href":"https:\/\/themeholt.com\/fr\/wp-json\/wp\/v2\/media?parent=13261"}],"wp:term":[{"taxonomy":"product_brand","embeddable":true,"href":"https:\/\/themeholt.com\/fr\/wp-json\/wp\/v2\/product_brand?post=13261"},{"taxonomy":"product_cat","embeddable":true,"href":"https:\/\/themeholt.com\/fr\/wp-json\/wp\/v2\/product_cat?post=13261"},{"taxonomy":"product_tag","embeddable":true,"href":"https:\/\/themeholt.com\/fr\/wp-json\/wp\/v2\/product_tag?post=13261"}],"curies":[{"name":"wp","href":"https:\/\/api.w.org\/{rel}","templated":true}]}}