{"id":13263,"date":"2022-04-25T10:42:41","date_gmt":"2022-04-25T10:42:41","guid":{"rendered":"https:\/\/themeholt.com\/product\/ecommerce\/"},"modified":"2024-10-18T07:57:05","modified_gmt":"2024-10-18T07:57:05","slug":"commerce-electronique","status":"publish","type":"product","link":"https:\/\/themeholt.com\/fr\/product\/commerce-electronique\/","title":{"rendered":"Commerce \u00e9lectronique"},"content":{"rendered":"<p><span style=\"font-weight: 400\">Dans le monde des affaires en ligne au rythme effr\u00e9n\u00e9, il est essentiel de disposer d&rsquo;un site Web de commerce \u00e9lectronique professionnel et visuellement attrayant pour attirer les clients et stimuler les ventes. Avec nos<\/span><b>Th\u00e8mes de commerce \u00e9lectronique WordPress<\/b><span style=\"font-weight: 400\">, vous pouvez facilement cr\u00e9er une boutique en ligne \u00e9poustouflante qui se d\u00e9marque. Dans le monde des affaires en ligne, disposer d&rsquo;un site Web de commerce \u00e9lectronique visuellement attrayant et convivial est essentiel pour r\u00e9ussir. Vous pouvez cr\u00e9er une boutique en ligne \u00e9poustouflante qui captive vos clients, stimule les ventes et \u00e9tablit la pr\u00e9sence de votre marque. <\/span><\/p>\n<p>&nbsp;<\/p>\n","protected":false},"excerpt":{"rendered":"<h1><strong>Points cl\u00e9s<\/strong><\/h1>\n<ul>\n<li style=\"font-weight: 400\"><span style=\"font-weight: 400\">Elementor<\/span><\/li>\n<li style=\"font-weight: 400\"><span style=\"font-weight: 400\">En-t\u00eate et Cr\u00e9ateur de pied de page<\/span><\/li>\n<li style=\"font-weight: 400\"><span style=\"font-weight: 400\">Portefeuille incroyable<\/span><\/li>\n<li style=\"font-weight: 400\"><span style=\"font-weight: 400\">Panier Ajax<\/span><\/li>\n<li style=\"font-weight: 400\"><span style=\"font-weight: 400\">Plus de 70 \u00e9l\u00e9ments<\/span><\/li>\n<li style=\"font-weight: 400\"><span style=\"font-weight: 400\">Enti\u00e8rement r\u00e9actif<\/span><\/li>\n<li style=\"font-weight: 400\"><span style=\"font-weight: 400\">Biblioth\u00e8que de mod\u00e8les<\/span><\/li>\n<li style=\"font-weight: 400\"><span style=\"font-weight: 400\">Assistance rapide et fiable<\/span><\/li>\n<li style=\"font-weight: 400\"><span style=\"font-weight: 400\">Styles de cartes Google illimit\u00e9s<\/span><\/li>\n<li style=\"font-weight: 400\"><span style=\"font-weight: 400\">Effets de parallaxe<\/span><\/li>\n<\/ul>\n","protected":false},"featured_media":13264,"template":"","meta":{"_acf_changed":false,"inline_featured_image":false},"product_brand":[],"product_cat":[956],"product_tag":[942,944,952,1000],"class_list":{"0":"post-13263","1":"product","2":"type-product","3":"status-publish","4":"has-post-thumbnail","6":"product_cat-premium-themes-fr","7":"product_tag-best-ecommerce-themes-fr","8":"product_tag-ecommerce-theme-fr","9":"product_tag-wordpress-ecommerce-themes-fr","10":"product_tag-modern-ecommerce-wordpress-theme-fr","12":"first","13":"instock","14":"sale","15":"downloadable","16":"taxable","17":"shipping-taxable","18":"purchasable","19":"product-type-simple"},"acf":[],"yoast_head":"<!-- This site is optimized with the Yoast SEO Premium plugin v22.1 (Yoast SEO v26.0) - https:\/\/yoast.com\/wordpress\/plugins\/seo\/ -->\n<title>Site Web de commerce \u00e9lectronique | Mod\u00e8les de sites Web de commerce \u00e9lectronique<\/title>\n<meta name=\"description\" content=\"Cr\u00e9ez un site Web de commerce \u00e9lectronique exceptionnel avec nos mod\u00e8les de sites Web de commerce \u00e9lectronique. Cr\u00e9ez votre boutique en ligne et augmentez vos ventes en toute simplicit\u00e9 et avec style.\" \/>\n<meta name=\"robots\" content=\"index, follow, max-snippet:-1, max-image-preview:large, max-video-preview:-1\" \/>\n<link rel=\"canonical\" href=\"https:\/\/themeholt.com\/fr\/product\/commerce-electronique\/\" \/>\n<meta property=\"og:locale\" content=\"fr_FR\" \/>\n<meta property=\"og:type\" content=\"article\" \/>\n<meta property=\"og:title\" content=\"Commerce \u00e9lectronique\" \/>\n<meta property=\"og:description\" content=\"Cr\u00e9ez un site Web de commerce \u00e9lectronique exceptionnel avec nos mod\u00e8les de sites Web de commerce \u00e9lectronique. Cr\u00e9ez votre boutique en ligne et augmentez vos ventes en toute simplicit\u00e9 et avec style.\" \/>\n<meta property=\"og:url\" content=\"https:\/\/themeholt.com\/fr\/product\/commerce-electronique\/\" \/>\n<meta property=\"og:site_name\" content=\"ThemeHolt\" \/>\n<meta property=\"article:publisher\" content=\"https:\/\/www.facebook.com\/themeholtT\" \/>\n<meta property=\"article:modified_time\" content=\"2024-10-18T07:57:05+00:00\" \/>\n<meta property=\"og:image\" content=\"https:\/\/themeholt.com\/wp-content\/uploads\/2022\/04\/online-store-Theme.jpg\" \/>\n\t<meta property=\"og:image:width\" content=\"1300\" \/>\n\t<meta property=\"og:image:height\" content=\"1300\" \/>\n\t<meta property=\"og:image:type\" content=\"image\/jpeg\" \/>\n<meta name=\"twitter:card\" content=\"summary_large_image\" \/>\n<meta name=\"twitter:site\" content=\"@ThemeholtT\" \/>\n<meta name=\"twitter:label1\" content=\"Dur\u00e9e de lecture estim\u00e9e\" \/>\n\t<meta name=\"twitter:data1\" content=\"1 minute\" \/>\n<script type=\"application\/ld+json\" class=\"yoast-schema-graph\">{\"@context\":\"https:\/\/schema.org\",\"@graph\":[{\"@type\":\"WebPage\",\"@id\":\"https:\/\/themeholt.com\/fr\/product\/commerce-electronique\/\",\"url\":\"https:\/\/themeholt.com\/fr\/product\/commerce-electronique\/\",\"name\":\"Site Web de commerce \u00e9lectronique | Mod\u00e8les de sites Web de commerce \u00e9lectronique\",\"isPartOf\":{\"@id\":\"https:\/\/themeholt.com\/#website\"},\"primaryImageOfPage\":{\"@id\":\"https:\/\/themeholt.com\/fr\/product\/commerce-electronique\/#primaryimage\"},\"image\":{\"@id\":\"https:\/\/themeholt.com\/fr\/product\/commerce-electronique\/#primaryimage\"},\"thumbnailUrl\":\"https:\/\/themeholt.com\/wp-content\/uploads\/2022\/04\/online-store-Theme.jpg\",\"datePublished\":\"2022-04-25T10:42:41+00:00\",\"dateModified\":\"2024-10-18T07:57:05+00:00\",\"description\":\"Cr\u00e9ez un site Web de commerce \u00e9lectronique exceptionnel avec nos mod\u00e8les de sites Web de commerce \u00e9lectronique. Cr\u00e9ez votre boutique en ligne et augmentez vos ventes en toute simplicit\u00e9 et avec style.\",\"breadcrumb\":{\"@id\":\"https:\/\/themeholt.com\/fr\/product\/commerce-electronique\/#breadcrumb\"},\"inLanguage\":\"fr-FR\",\"potentialAction\":[{\"@type\":\"ReadAction\",\"target\":[\"https:\/\/themeholt.com\/fr\/product\/commerce-electronique\/\"]}]},{\"@type\":\"ImageObject\",\"inLanguage\":\"fr-FR\",\"@id\":\"https:\/\/themeholt.com\/fr\/product\/commerce-electronique\/#primaryimage\",\"url\":\"https:\/\/themeholt.com\/wp-content\/uploads\/2022\/04\/online-store-Theme.jpg\",\"contentUrl\":\"https:\/\/themeholt.com\/wp-content\/uploads\/2022\/04\/online-store-Theme.jpg\",\"width\":1300,\"height\":1300},{\"@type\":\"BreadcrumbList\",\"@id\":\"https:\/\/themeholt.com\/fr\/product\/commerce-electronique\/#breadcrumb\",\"itemListElement\":[{\"@type\":\"ListItem\",\"position\":1,\"name\":\"Home\",\"item\":\"https:\/\/themeholt.com\/fr\/\"},{\"@type\":\"ListItem\",\"position\":2,\"name\":\"Shop\",\"item\":\"https:\/\/themeholt.com\/shop\/\"},{\"@type\":\"ListItem\",\"position\":3,\"name\":\"Commerce \u00e9lectronique\"}]},{\"@type\":\"WebSite\",\"@id\":\"https:\/\/themeholt.com\/#website\",\"url\":\"https:\/\/themeholt.com\/\",\"name\":\"ThemeHolt\",\"description\":\"Themeholt is a website that offers high-quality WordPress themes\",\"publisher\":{\"@id\":\"https:\/\/themeholt.com\/#organization\"},\"potentialAction\":[{\"@type\":\"SearchAction\",\"target\":{\"@type\":\"EntryPoint\",\"urlTemplate\":\"https:\/\/themeholt.com\/?s={search_term_string}\"},\"query-input\":{\"@type\":\"PropertyValueSpecification\",\"valueRequired\":true,\"valueName\":\"search_term_string\"}}],\"inLanguage\":\"fr-FR\"},{\"@type\":\"Organization\",\"@id\":\"https:\/\/themeholt.com\/#organization\",\"name\":\"ThemeHolt\",\"alternateName\":\"ThemeHolt\",\"url\":\"https:\/\/themeholt.com\/\",\"logo\":{\"@type\":\"ImageObject\",\"inLanguage\":\"fr-FR\",\"@id\":\"https:\/\/themeholt.com\/#\/schema\/logo\/image\/\",\"url\":\"https:\/\/themeholt.com\/wp-content\/uploads\/2024\/10\/themeholt.png\",\"contentUrl\":\"https:\/\/themeholt.com\/wp-content\/uploads\/2024\/10\/themeholt.png\",\"width\":225,\"height\":225,\"caption\":\"ThemeHolt\"},\"image\":{\"@id\":\"https:\/\/themeholt.com\/#\/schema\/logo\/image\/\"},\"sameAs\":[\"https:\/\/www.facebook.com\/themeholtT\",\"https:\/\/x.com\/ThemeholtT\",\"https:\/\/www.linkedin.com\/company\/themeholt\",\"https:\/\/www.instagram.com\/themeholtt\/\"],\"description\":\"Themeholt is a website that offers high-quality WordPress themes that are easy to use and ready for just about everything. In Eindhoven, Netherlands, since 2020 offering simple, accessible WordPress themes by providing a variety of requirements. Themeholt focuses on practicality and efficiency, allowing faster project completion with its superior marketplace and easy-to-use templates.\",\"legalName\":\"ThemeHolt\",\"foundingDate\":\"2022-11-10\",\"numberOfEmployees\":{\"@type\":\"QuantitativeValue\",\"minValue\":\"51\",\"maxValue\":\"200\"}}]}<\/script>\n<!-- \/ Yoast SEO Premium plugin. -->","yoast_head_json":{"title":"Site Web de commerce \u00e9lectronique | Mod\u00e8les de sites Web de commerce \u00e9lectronique","description":"Cr\u00e9ez un site Web de commerce \u00e9lectronique exceptionnel avec nos mod\u00e8les de sites Web de commerce \u00e9lectronique. Cr\u00e9ez votre boutique en ligne et augmentez vos ventes en toute simplicit\u00e9 et avec style.","robots":{"index":"index","follow":"follow","max-snippet":"max-snippet:-1","max-image-preview":"max-image-preview:large","max-video-preview":"max-video-preview:-1"},"canonical":"https:\/\/themeholt.com\/fr\/product\/commerce-electronique\/","og_locale":"fr_FR","og_type":"article","og_title":"Commerce \u00e9lectronique","og_description":"Cr\u00e9ez un site Web de commerce \u00e9lectronique exceptionnel avec nos mod\u00e8les de sites Web de commerce \u00e9lectronique. Cr\u00e9ez votre boutique en ligne et augmentez vos ventes en toute simplicit\u00e9 et avec style.","og_url":"https:\/\/themeholt.com\/fr\/product\/commerce-electronique\/","og_site_name":"ThemeHolt","article_publisher":"https:\/\/www.facebook.com\/themeholtT","article_modified_time":"2024-10-18T07:57:05+00:00","og_image":[{"width":1300,"height":1300,"url":"https:\/\/themeholt.com\/wp-content\/uploads\/2022\/04\/online-store-Theme.jpg","type":"image\/jpeg"}],"twitter_card":"summary_large_image","twitter_site":"@ThemeholtT","twitter_misc":{"Dur\u00e9e de lecture estim\u00e9e":"1 minute"},"schema":{"@context":"https:\/\/schema.org","@graph":[{"@type":"WebPage","@id":"https:\/\/themeholt.com\/fr\/product\/commerce-electronique\/","url":"https:\/\/themeholt.com\/fr\/product\/commerce-electronique\/","name":"Site Web de commerce \u00e9lectronique | Mod\u00e8les de sites Web de commerce \u00e9lectronique","isPartOf":{"@id":"https:\/\/themeholt.com\/#website"},"primaryImageOfPage":{"@id":"https:\/\/themeholt.com\/fr\/product\/commerce-electronique\/#primaryimage"},"image":{"@id":"https:\/\/themeholt.com\/fr\/product\/commerce-electronique\/#primaryimage"},"thumbnailUrl":"https:\/\/themeholt.com\/wp-content\/uploads\/2022\/04\/online-store-Theme.jpg","datePublished":"2022-04-25T10:42:41+00:00","dateModified":"2024-10-18T07:57:05+00:00","description":"Cr\u00e9ez un site Web de commerce \u00e9lectronique exceptionnel avec nos mod\u00e8les de sites Web de commerce \u00e9lectronique. Cr\u00e9ez votre boutique en ligne et augmentez vos ventes en toute simplicit\u00e9 et avec style.","breadcrumb":{"@id":"https:\/\/themeholt.com\/fr\/product\/commerce-electronique\/#breadcrumb"},"inLanguage":"fr-FR","potentialAction":[{"@type":"ReadAction","target":["https:\/\/themeholt.com\/fr\/product\/commerce-electronique\/"]}]},{"@type":"ImageObject","inLanguage":"fr-FR","@id":"https:\/\/themeholt.com\/fr\/product\/commerce-electronique\/#primaryimage","url":"https:\/\/themeholt.com\/wp-content\/uploads\/2022\/04\/online-store-Theme.jpg","contentUrl":"https:\/\/themeholt.com\/wp-content\/uploads\/2022\/04\/online-store-Theme.jpg","width":1300,"height":1300},{"@type":"BreadcrumbList","@id":"https:\/\/themeholt.com\/fr\/product\/commerce-electronique\/#breadcrumb","itemListElement":[{"@type":"ListItem","position":1,"name":"Home","item":"https:\/\/themeholt.com\/fr\/"},{"@type":"ListItem","position":2,"name":"Shop","item":"https:\/\/themeholt.com\/shop\/"},{"@type":"ListItem","position":3,"name":"Commerce \u00e9lectronique"}]},{"@type":"WebSite","@id":"https:\/\/themeholt.com\/#website","url":"https:\/\/themeholt.com\/","name":"ThemeHolt","description":"Themeholt is a website that offers high-quality WordPress themes","publisher":{"@id":"https:\/\/themeholt.com\/#organization"},"potentialAction":[{"@type":"SearchAction","target":{"@type":"EntryPoint","urlTemplate":"https:\/\/themeholt.com\/?s={search_term_string}"},"query-input":{"@type":"PropertyValueSpecification","valueRequired":true,"valueName":"search_term_string"}}],"inLanguage":"fr-FR"},{"@type":"Organization","@id":"https:\/\/themeholt.com\/#organization","name":"ThemeHolt","alternateName":"ThemeHolt","url":"https:\/\/themeholt.com\/","logo":{"@type":"ImageObject","inLanguage":"fr-FR","@id":"https:\/\/themeholt.com\/#\/schema\/logo\/image\/","url":"https:\/\/themeholt.com\/wp-content\/uploads\/2024\/10\/themeholt.png","contentUrl":"https:\/\/themeholt.com\/wp-content\/uploads\/2024\/10\/themeholt.png","width":225,"height":225,"caption":"ThemeHolt"},"image":{"@id":"https:\/\/themeholt.com\/#\/schema\/logo\/image\/"},"sameAs":["https:\/\/www.facebook.com\/themeholtT","https:\/\/x.com\/ThemeholtT","https:\/\/www.linkedin.com\/company\/themeholt","https:\/\/www.instagram.com\/themeholtt\/"],"description":"Themeholt is a website that offers high-quality WordPress themes that are easy to use and ready for just about everything. In Eindhoven, Netherlands, since 2020 offering simple, accessible WordPress themes by providing a variety of requirements. Themeholt focuses on practicality and efficiency, allowing faster project completion with its superior marketplace and easy-to-use templates.","legalName":"ThemeHolt","foundingDate":"2022-11-10","numberOfEmployees":{"@type":"QuantitativeValue","minValue":"51","maxValue":"200"}}]}},"_links":{"self":[{"href":"https:\/\/themeholt.com\/fr\/wp-json\/wp\/v2\/product\/13263","targetHints":{"allow":["GET"]}}],"collection":[{"href":"https:\/\/themeholt.com\/fr\/wp-json\/wp\/v2\/product"}],"about":[{"href":"https:\/\/themeholt.com\/fr\/wp-json\/wp\/v2\/types\/product"}],"wp:featuredmedia":[{"embeddable":true,"href":"https:\/\/themeholt.com\/fr\/wp-json\/wp\/v2\/media\/13264"}],"wp:attachment":[{"href":"https:\/\/themeholt.com\/fr\/wp-json\/wp\/v2\/media?parent=13263"}],"wp:term":[{"taxonomy":"product_brand","embeddable":true,"href":"https:\/\/themeholt.com\/fr\/wp-json\/wp\/v2\/product_brand?post=13263"},{"taxonomy":"product_cat","embeddable":true,"href":"https:\/\/themeholt.com\/fr\/wp-json\/wp\/v2\/product_cat?post=13263"},{"taxonomy":"product_tag","embeddable":true,"href":"https:\/\/themeholt.com\/fr\/wp-json\/wp\/v2\/product_tag?post=13263"}],"curies":[{"name":"wp","href":"https:\/\/api.w.org\/{rel}","templated":true}]}}