{"id":13275,"date":"2022-04-25T09:56:13","date_gmt":"2022-04-25T09:56:13","guid":{"rendered":"https:\/\/themeholt.com\/product\/sushi\/"},"modified":"2024-10-18T08:07:54","modified_gmt":"2024-10-18T08:07:54","slug":"sushi","status":"publish","type":"product","link":"https:\/\/themeholt.com\/fr\/product\/sushi\/","title":{"rendered":"Sushi"},"content":{"rendered":"<p><span style=\"font-weight: 400\">Bienvenue chez Sushi- <\/span><b>Th\u00e8mes WordPress pour sushis<\/b><span style=\"font-weight: 400\">, votre destination unique pour des th\u00e8mes WordPress magnifiquement con\u00e7us con\u00e7us exclusivement pour les restaurants de sushis. Notre collection offre un m\u00e9lange parfait d&rsquo;esth\u00e9tique et de fonctionnalit\u00e9, vous fournissant les outils pour cr\u00e9er une pr\u00e9sence en ligne captivante pour votre \u00e9tablissement de sushi.<\/span><\/p>\n<p><span style=\"font-weight: 400\">\u00c0 l&rsquo;\u00e8re num\u00e9rique d&rsquo;aujourd&rsquo;hui, avoir un site Web visuellement attrayant et convivial est essentiel pour attirer et engager des clients potentiels. Avec notre <\/span><b>Th\u00e8me WordPress Premium Sushi 2023<\/b><span style=\"font-weight: 400\">, vous pouvez facilement mettre en valeur votre expertise culinaire, votre ambiance et votre exp\u00e9rience culinaire unique.<\/span><\/p>\n<p><span style=\"font-weight: 400\">Chaque th\u00e8me de notre collection est soigneusement con\u00e7u pour capturer l&rsquo;essence de la culture du sushi. Des combinaisons de couleurs \u00e9l\u00e9gantes inspir\u00e9es des \u00e9l\u00e9ments japonais traditionnels aux agencements modernes et \u00e9pur\u00e9s, nos th\u00e8mes offrent une gamme d&rsquo;options adapt\u00e9es au style et \u00e0 la marque de votre restaurant.<\/p>\n","protected":false},"excerpt":{"rendered":"<ul>\n<li>Design \u00e9l\u00e9gant<\/li>\n<li>Design r\u00e9actif<\/li>\n<li>Menu personnalisable<\/li>\n<li>Commande en ligne<\/li>\n<li>Gestion des r\u00e9servations<\/li>\n<li>Int\u00e9gration des r\u00e9seaux sociaux<\/li>\n<li>Optimisation SEO<\/li>\n<li>Options de personnalisation<\/li>\n<li>Capacit\u00e9s de blogging<\/li>\n<li>Support et mises \u00e0 jour continus<\/li>\n<\/ul>\n","protected":false},"featured_media":0,"template":"","meta":{"_acf_changed":false,"inline_featured_image":false},"product_brand":[],"product_cat":[961],"product_tag":[],"class_list":{"0":"post-13275","1":"product","2":"type-product","3":"status-publish","5":"product_cat-new-arrivals-fr","7":"first","8":"instock","9":"taxable","10":"shipping-taxable","11":"product-type-simple"},"acf":[],"yoast_head":"<!-- This site is optimized with the Yoast SEO Premium plugin v22.1 (Yoast SEO v26.0) - https:\/\/yoast.com\/wordpress\/plugins\/seo\/ -->\n<title>Sushi - ThemeHolt<\/title>\n<meta name=\"robots\" content=\"index, follow, max-snippet:-1, max-image-preview:large, max-video-preview:-1\" \/>\n<link rel=\"canonical\" href=\"https:\/\/themeholt.com\/fr\/product\/sushi\/\" \/>\n<meta property=\"og:locale\" content=\"fr_FR\" \/>\n<meta property=\"og:type\" content=\"article\" \/>\n<meta property=\"og:title\" content=\"Sushi\" \/>\n<meta property=\"og:description\" content=\"Design \u00e9l\u00e9gant Design r\u00e9actif Menu personnalisable Commande en ligne Gestion des r\u00e9servations Int\u00e9gration des r\u00e9seaux sociaux Optimisation SEO Options de personnalisation Capacit\u00e9s de blogging Support et mises \u00e0 jour continus\" \/>\n<meta property=\"og:url\" content=\"https:\/\/themeholt.com\/fr\/product\/sushi\/\" \/>\n<meta property=\"og:site_name\" content=\"ThemeHolt\" \/>\n<meta property=\"article:publisher\" content=\"https:\/\/www.facebook.com\/themeholtT\" \/>\n<meta property=\"article:modified_time\" content=\"2024-10-18T08:07:54+00:00\" \/>\n<meta property=\"og:image\" content=\"https:\/\/themeholt.com\/wp-content\/uploads\/2022\/05\/themeholt-logo-1.gif\" \/>\n\t<meta property=\"og:image:width\" content=\"1800\" \/>\n\t<meta property=\"og:image:height\" content=\"794\" \/>\n\t<meta property=\"og:image:type\" content=\"image\/gif\" \/>\n<meta name=\"twitter:card\" content=\"summary_large_image\" \/>\n<meta name=\"twitter:site\" content=\"@ThemeholtT\" \/>\n<meta name=\"twitter:label1\" content=\"Dur\u00e9e de lecture estim\u00e9e\" \/>\n\t<meta name=\"twitter:data1\" content=\"1 minute\" \/>\n<script type=\"application\/ld+json\" class=\"yoast-schema-graph\">{\"@context\":\"https:\/\/schema.org\",\"@graph\":[{\"@type\":\"WebPage\",\"@id\":\"https:\/\/themeholt.com\/fr\/product\/sushi\/\",\"url\":\"https:\/\/themeholt.com\/fr\/product\/sushi\/\",\"name\":\"Sushi - ThemeHolt\",\"isPartOf\":{\"@id\":\"https:\/\/themeholt.com\/#website\"},\"datePublished\":\"2022-04-25T09:56:13+00:00\",\"dateModified\":\"2024-10-18T08:07:54+00:00\",\"breadcrumb\":{\"@id\":\"https:\/\/themeholt.com\/fr\/product\/sushi\/#breadcrumb\"},\"inLanguage\":\"fr-FR\",\"potentialAction\":[{\"@type\":\"ReadAction\",\"target\":[\"https:\/\/themeholt.com\/fr\/product\/sushi\/\"]}]},{\"@type\":\"BreadcrumbList\",\"@id\":\"https:\/\/themeholt.com\/fr\/product\/sushi\/#breadcrumb\",\"itemListElement\":[{\"@type\":\"ListItem\",\"position\":1,\"name\":\"Home\",\"item\":\"https:\/\/themeholt.com\/fr\/\"},{\"@type\":\"ListItem\",\"position\":2,\"name\":\"Shop\",\"item\":\"https:\/\/themeholt.com\/shop\/\"},{\"@type\":\"ListItem\",\"position\":3,\"name\":\"Sushi\"}]},{\"@type\":\"WebSite\",\"@id\":\"https:\/\/themeholt.com\/#website\",\"url\":\"https:\/\/themeholt.com\/\",\"name\":\"ThemeHolt\",\"description\":\"Themeholt is a website that offers high-quality WordPress themes\",\"publisher\":{\"@id\":\"https:\/\/themeholt.com\/#organization\"},\"potentialAction\":[{\"@type\":\"SearchAction\",\"target\":{\"@type\":\"EntryPoint\",\"urlTemplate\":\"https:\/\/themeholt.com\/?s={search_term_string}\"},\"query-input\":{\"@type\":\"PropertyValueSpecification\",\"valueRequired\":true,\"valueName\":\"search_term_string\"}}],\"inLanguage\":\"fr-FR\"},{\"@type\":\"Organization\",\"@id\":\"https:\/\/themeholt.com\/#organization\",\"name\":\"ThemeHolt\",\"alternateName\":\"ThemeHolt\",\"url\":\"https:\/\/themeholt.com\/\",\"logo\":{\"@type\":\"ImageObject\",\"inLanguage\":\"fr-FR\",\"@id\":\"https:\/\/themeholt.com\/#\/schema\/logo\/image\/\",\"url\":\"https:\/\/themeholt.com\/wp-content\/uploads\/2024\/10\/themeholt.png\",\"contentUrl\":\"https:\/\/themeholt.com\/wp-content\/uploads\/2024\/10\/themeholt.png\",\"width\":225,\"height\":225,\"caption\":\"ThemeHolt\"},\"image\":{\"@id\":\"https:\/\/themeholt.com\/#\/schema\/logo\/image\/\"},\"sameAs\":[\"https:\/\/www.facebook.com\/themeholtT\",\"https:\/\/x.com\/ThemeholtT\",\"https:\/\/www.linkedin.com\/company\/themeholt\",\"https:\/\/www.instagram.com\/themeholtt\/\"],\"description\":\"Themeholt is a website that offers high-quality WordPress themes that are easy to use and ready for just about everything. In Eindhoven, Netherlands, since 2020 offering simple, accessible WordPress themes by providing a variety of requirements. Themeholt focuses on practicality and efficiency, allowing faster project completion with its superior marketplace and easy-to-use templates.\",\"legalName\":\"ThemeHolt\",\"foundingDate\":\"2022-11-10\",\"numberOfEmployees\":{\"@type\":\"QuantitativeValue\",\"minValue\":\"51\",\"maxValue\":\"200\"}}]}<\/script>\n<!-- \/ Yoast SEO Premium plugin. -->","yoast_head_json":{"title":"Sushi - ThemeHolt","robots":{"index":"index","follow":"follow","max-snippet":"max-snippet:-1","max-image-preview":"max-image-preview:large","max-video-preview":"max-video-preview:-1"},"canonical":"https:\/\/themeholt.com\/fr\/product\/sushi\/","og_locale":"fr_FR","og_type":"article","og_title":"Sushi","og_description":"Design \u00e9l\u00e9gant Design r\u00e9actif Menu personnalisable Commande en ligne Gestion des r\u00e9servations Int\u00e9gration des r\u00e9seaux sociaux Optimisation SEO Options de personnalisation Capacit\u00e9s de blogging Support et mises \u00e0 jour continus","og_url":"https:\/\/themeholt.com\/fr\/product\/sushi\/","og_site_name":"ThemeHolt","article_publisher":"https:\/\/www.facebook.com\/themeholtT","article_modified_time":"2024-10-18T08:07:54+00:00","og_image":[{"width":1800,"height":794,"url":"https:\/\/themeholt.com\/wp-content\/uploads\/2022\/05\/themeholt-logo-1.gif","type":"image\/gif"}],"twitter_card":"summary_large_image","twitter_site":"@ThemeholtT","twitter_misc":{"Dur\u00e9e de lecture estim\u00e9e":"1 minute"},"schema":{"@context":"https:\/\/schema.org","@graph":[{"@type":"WebPage","@id":"https:\/\/themeholt.com\/fr\/product\/sushi\/","url":"https:\/\/themeholt.com\/fr\/product\/sushi\/","name":"Sushi - ThemeHolt","isPartOf":{"@id":"https:\/\/themeholt.com\/#website"},"datePublished":"2022-04-25T09:56:13+00:00","dateModified":"2024-10-18T08:07:54+00:00","breadcrumb":{"@id":"https:\/\/themeholt.com\/fr\/product\/sushi\/#breadcrumb"},"inLanguage":"fr-FR","potentialAction":[{"@type":"ReadAction","target":["https:\/\/themeholt.com\/fr\/product\/sushi\/"]}]},{"@type":"BreadcrumbList","@id":"https:\/\/themeholt.com\/fr\/product\/sushi\/#breadcrumb","itemListElement":[{"@type":"ListItem","position":1,"name":"Home","item":"https:\/\/themeholt.com\/fr\/"},{"@type":"ListItem","position":2,"name":"Shop","item":"https:\/\/themeholt.com\/shop\/"},{"@type":"ListItem","position":3,"name":"Sushi"}]},{"@type":"WebSite","@id":"https:\/\/themeholt.com\/#website","url":"https:\/\/themeholt.com\/","name":"ThemeHolt","description":"Themeholt is a website that offers high-quality WordPress themes","publisher":{"@id":"https:\/\/themeholt.com\/#organization"},"potentialAction":[{"@type":"SearchAction","target":{"@type":"EntryPoint","urlTemplate":"https:\/\/themeholt.com\/?s={search_term_string}"},"query-input":{"@type":"PropertyValueSpecification","valueRequired":true,"valueName":"search_term_string"}}],"inLanguage":"fr-FR"},{"@type":"Organization","@id":"https:\/\/themeholt.com\/#organization","name":"ThemeHolt","alternateName":"ThemeHolt","url":"https:\/\/themeholt.com\/","logo":{"@type":"ImageObject","inLanguage":"fr-FR","@id":"https:\/\/themeholt.com\/#\/schema\/logo\/image\/","url":"https:\/\/themeholt.com\/wp-content\/uploads\/2024\/10\/themeholt.png","contentUrl":"https:\/\/themeholt.com\/wp-content\/uploads\/2024\/10\/themeholt.png","width":225,"height":225,"caption":"ThemeHolt"},"image":{"@id":"https:\/\/themeholt.com\/#\/schema\/logo\/image\/"},"sameAs":["https:\/\/www.facebook.com\/themeholtT","https:\/\/x.com\/ThemeholtT","https:\/\/www.linkedin.com\/company\/themeholt","https:\/\/www.instagram.com\/themeholtt\/"],"description":"Themeholt is a website that offers high-quality WordPress themes that are easy to use and ready for just about everything. In Eindhoven, Netherlands, since 2020 offering simple, accessible WordPress themes by providing a variety of requirements. Themeholt focuses on practicality and efficiency, allowing faster project completion with its superior marketplace and easy-to-use templates.","legalName":"ThemeHolt","foundingDate":"2022-11-10","numberOfEmployees":{"@type":"QuantitativeValue","minValue":"51","maxValue":"200"}}]}},"_links":{"self":[{"href":"https:\/\/themeholt.com\/fr\/wp-json\/wp\/v2\/product\/13275","targetHints":{"allow":["GET"]}}],"collection":[{"href":"https:\/\/themeholt.com\/fr\/wp-json\/wp\/v2\/product"}],"about":[{"href":"https:\/\/themeholt.com\/fr\/wp-json\/wp\/v2\/types\/product"}],"wp:attachment":[{"href":"https:\/\/themeholt.com\/fr\/wp-json\/wp\/v2\/media?parent=13275"}],"wp:term":[{"taxonomy":"product_brand","embeddable":true,"href":"https:\/\/themeholt.com\/fr\/wp-json\/wp\/v2\/product_brand?post=13275"},{"taxonomy":"product_cat","embeddable":true,"href":"https:\/\/themeholt.com\/fr\/wp-json\/wp\/v2\/product_cat?post=13275"},{"taxonomy":"product_tag","embeddable":true,"href":"https:\/\/themeholt.com\/fr\/wp-json\/wp\/v2\/product_tag?post=13275"}],"curies":[{"name":"wp","href":"https:\/\/api.w.org\/{rel}","templated":true}]}}