{"id":13282,"date":"2022-04-25T09:40:15","date_gmt":"2022-04-25T09:40:15","guid":{"rendered":"https:\/\/themeholt.com\/product\/ebook\/"},"modified":"2024-10-18T08:12:55","modified_gmt":"2024-10-18T08:12:55","slug":"ebook","status":"publish","type":"product","link":"https:\/\/themeholt.com\/fr\/product\/ebook\/","title":{"rendered":"Livre \u00e9lectronique"},"content":{"rendered":"<p><span style=\"font-weight: 400\">\u00c0 l&rsquo;\u00e8re du num\u00e9rique, les livres \u00e9lectroniques sont devenus un moyen populaire et pratique de partager des connaissances et d&rsquo;engager les lecteurs. Vous avez besoin d&rsquo;une plate-forme puissante pour pr\u00e9senter votre livre \u00e9lectronique et cr\u00e9er une exp\u00e9rience en ligne captivante. C&rsquo;est l\u00e0 qu&rsquo;intervient notre <\/span><b>Th\u00e8me WordPress pour livres \u00e9lectroniques<\/b><span style=\"font-weight: 400\">.\u00a0<\/span><\/p>\n<p><span style=\"font-weight: 400\">Un design \u00e9poustouflant pour un attrait visuel\u00a0:<\/span><\/p>\n<p><span style=\"font-weight: 400\">Notre <\/span><b>Th\u00e8me de librairie WordPress abordable<\/b><span style=\"font-weight: 400\">propose une gamme de designs visuellement attrayants sp\u00e9cialement con\u00e7us pour les livres \u00e9lectroniques. Avec des mod\u00e8les personnalisables, une belle typographie et des mises en page accrocheuses, vous pouvez cr\u00e9er un environnement en ligne visuellement \u00e9poustouflant qui capte l&rsquo;attention de vos lecteurs d\u00e8s qu&rsquo;ils arrivent sur votre site Web.<\/span><\/p>\n","protected":false},"excerpt":{"rendered":"<ul>\n<li>Facile \u00e0 utiliser<\/li>\n<li>Conception r\u00e9active<\/li>\n<li>Int\u00e9gration facile du commerce \u00e9lectronique<\/li>\n<li>Pages de livre personnalisables<\/li>\n<li>Mod\u00e8les de page de destination<\/li>\n<li>Outils marketing int\u00e9gr\u00e9s<\/li>\n<li>Pr\u00eat pour l&rsquo;optimisation des moteurs de recherche (SEO)<\/li>\n<li>Capacit\u00e9s de blogging<\/li>\n<li>Support et mises \u00e0 jour<\/li>\n<li>Int\u00e9gration avec les passerelles de paiement<\/li>\n<li>Processus de paiement personnalisable<\/li>\n<li>Cr\u00e9ation de listes de diffusion<\/li>\n<li>Plusieurs formats de livres \u00e9lectroniques<\/li>\n<li>Importation de d\u00e9monstration en un clic<\/li>\n<li>En-t\u00eate et pied de page personnalisables<\/li>\n<li>Int\u00e9gration des polices Google<\/li>\n<li>Couleurs et arri\u00e8re-plans personnalisables<\/li>\n<\/ul>\n","protected":false},"featured_media":0,"template":"","meta":{"_acf_changed":false,"inline_featured_image":false},"product_brand":[],"product_cat":[961,234],"product_tag":[],"class_list":{"0":"post-13282","1":"product","2":"type-product","3":"status-publish","5":"product_cat-new-arrivals-fr","6":"product_cat-best-seller","8":"first","9":"instock","10":"taxable","11":"shipping-taxable","12":"product-type-simple"},"acf":[],"yoast_head":"<!-- This site is optimized with the Yoast SEO Premium plugin v22.1 (Yoast SEO v26.0) - https:\/\/yoast.com\/wordpress\/plugins\/seo\/ -->\n<title>Livre \u00e9lectronique - ThemeHolt<\/title>\n<meta name=\"robots\" content=\"index, follow, max-snippet:-1, max-image-preview:large, max-video-preview:-1\" \/>\n<link rel=\"canonical\" href=\"https:\/\/themeholt.com\/fr\/product\/ebook\/\" \/>\n<meta property=\"og:locale\" content=\"fr_FR\" \/>\n<meta property=\"og:type\" content=\"article\" \/>\n<meta property=\"og:title\" content=\"Livre \u00e9lectronique\" \/>\n<meta property=\"og:description\" content=\"Facile \u00e0 utiliser Conception r\u00e9active Int\u00e9gration facile du commerce \u00e9lectronique Pages de livre personnalisables Mod\u00e8les de page de destination Outils marketing int\u00e9gr\u00e9s Pr\u00eat pour l&#039;optimisation des moteurs de recherche (SEO) Capacit\u00e9s de blogging Support et mises \u00e0 jour Int\u00e9gration avec les passerelles de paiement Processus de paiement personnalisable Cr\u00e9ation de listes de diffusion Plusieurs formats de livres \u00e9lectroniques Importation de d\u00e9monstration en un clic En-t\u00eate et pied de page personnalisables Int\u00e9gration des polices Google Couleurs et arri\u00e8re-plans personnalisables\" \/>\n<meta property=\"og:url\" content=\"https:\/\/themeholt.com\/fr\/product\/ebook\/\" \/>\n<meta property=\"og:site_name\" content=\"ThemeHolt\" \/>\n<meta property=\"article:publisher\" content=\"https:\/\/www.facebook.com\/themeholtT\" \/>\n<meta property=\"article:modified_time\" content=\"2024-10-18T08:12:55+00:00\" \/>\n<meta property=\"og:image\" content=\"https:\/\/themeholt.com\/wp-content\/uploads\/2022\/05\/themeholt-logo-1.gif\" \/>\n\t<meta property=\"og:image:width\" content=\"1800\" \/>\n\t<meta property=\"og:image:height\" content=\"794\" \/>\n\t<meta property=\"og:image:type\" content=\"image\/gif\" \/>\n<meta name=\"twitter:card\" content=\"summary_large_image\" \/>\n<meta name=\"twitter:site\" content=\"@ThemeholtT\" \/>\n<meta name=\"twitter:label1\" content=\"Dur\u00e9e de lecture estim\u00e9e\" \/>\n\t<meta name=\"twitter:data1\" content=\"1 minute\" \/>\n<script type=\"application\/ld+json\" class=\"yoast-schema-graph\">{\"@context\":\"https:\/\/schema.org\",\"@graph\":[{\"@type\":\"WebPage\",\"@id\":\"https:\/\/themeholt.com\/fr\/product\/ebook\/\",\"url\":\"https:\/\/themeholt.com\/fr\/product\/ebook\/\",\"name\":\"Livre \u00e9lectronique - ThemeHolt\",\"isPartOf\":{\"@id\":\"https:\/\/themeholt.com\/#website\"},\"datePublished\":\"2022-04-25T09:40:15+00:00\",\"dateModified\":\"2024-10-18T08:12:55+00:00\",\"breadcrumb\":{\"@id\":\"https:\/\/themeholt.com\/fr\/product\/ebook\/#breadcrumb\"},\"inLanguage\":\"fr-FR\",\"potentialAction\":[{\"@type\":\"ReadAction\",\"target\":[\"https:\/\/themeholt.com\/fr\/product\/ebook\/\"]}]},{\"@type\":\"BreadcrumbList\",\"@id\":\"https:\/\/themeholt.com\/fr\/product\/ebook\/#breadcrumb\",\"itemListElement\":[{\"@type\":\"ListItem\",\"position\":1,\"name\":\"Home\",\"item\":\"https:\/\/themeholt.com\/fr\/\"},{\"@type\":\"ListItem\",\"position\":2,\"name\":\"Shop\",\"item\":\"https:\/\/themeholt.com\/shop\/\"},{\"@type\":\"ListItem\",\"position\":3,\"name\":\"Livre \u00e9lectronique\"}]},{\"@type\":\"WebSite\",\"@id\":\"https:\/\/themeholt.com\/#website\",\"url\":\"https:\/\/themeholt.com\/\",\"name\":\"ThemeHolt\",\"description\":\"Themeholt is a website that offers high-quality WordPress themes\",\"publisher\":{\"@id\":\"https:\/\/themeholt.com\/#organization\"},\"potentialAction\":[{\"@type\":\"SearchAction\",\"target\":{\"@type\":\"EntryPoint\",\"urlTemplate\":\"https:\/\/themeholt.com\/?s={search_term_string}\"},\"query-input\":{\"@type\":\"PropertyValueSpecification\",\"valueRequired\":true,\"valueName\":\"search_term_string\"}}],\"inLanguage\":\"fr-FR\"},{\"@type\":\"Organization\",\"@id\":\"https:\/\/themeholt.com\/#organization\",\"name\":\"ThemeHolt\",\"alternateName\":\"ThemeHolt\",\"url\":\"https:\/\/themeholt.com\/\",\"logo\":{\"@type\":\"ImageObject\",\"inLanguage\":\"fr-FR\",\"@id\":\"https:\/\/themeholt.com\/#\/schema\/logo\/image\/\",\"url\":\"https:\/\/themeholt.com\/wp-content\/uploads\/2024\/10\/themeholt.png\",\"contentUrl\":\"https:\/\/themeholt.com\/wp-content\/uploads\/2024\/10\/themeholt.png\",\"width\":225,\"height\":225,\"caption\":\"ThemeHolt\"},\"image\":{\"@id\":\"https:\/\/themeholt.com\/#\/schema\/logo\/image\/\"},\"sameAs\":[\"https:\/\/www.facebook.com\/themeholtT\",\"https:\/\/x.com\/ThemeholtT\",\"https:\/\/www.linkedin.com\/company\/themeholt\",\"https:\/\/www.instagram.com\/themeholtt\/\"],\"description\":\"Themeholt is a website that offers high-quality WordPress themes that are easy to use and ready for just about everything. In Eindhoven, Netherlands, since 2020 offering simple, accessible WordPress themes by providing a variety of requirements. Themeholt focuses on practicality and efficiency, allowing faster project completion with its superior marketplace and easy-to-use templates.\",\"legalName\":\"ThemeHolt\",\"foundingDate\":\"2022-11-10\",\"numberOfEmployees\":{\"@type\":\"QuantitativeValue\",\"minValue\":\"51\",\"maxValue\":\"200\"}}]}<\/script>\n<!-- \/ Yoast SEO Premium plugin. -->","yoast_head_json":{"title":"Livre \u00e9lectronique - ThemeHolt","robots":{"index":"index","follow":"follow","max-snippet":"max-snippet:-1","max-image-preview":"max-image-preview:large","max-video-preview":"max-video-preview:-1"},"canonical":"https:\/\/themeholt.com\/fr\/product\/ebook\/","og_locale":"fr_FR","og_type":"article","og_title":"Livre \u00e9lectronique","og_description":"Facile \u00e0 utiliser Conception r\u00e9active Int\u00e9gration facile du commerce \u00e9lectronique Pages de livre personnalisables Mod\u00e8les de page de destination Outils marketing int\u00e9gr\u00e9s Pr\u00eat pour l'optimisation des moteurs de recherche (SEO) Capacit\u00e9s de blogging Support et mises \u00e0 jour Int\u00e9gration avec les passerelles de paiement Processus de paiement personnalisable Cr\u00e9ation de listes de diffusion Plusieurs formats de livres \u00e9lectroniques Importation de d\u00e9monstration en un clic En-t\u00eate et pied de page personnalisables Int\u00e9gration des polices Google Couleurs et arri\u00e8re-plans personnalisables","og_url":"https:\/\/themeholt.com\/fr\/product\/ebook\/","og_site_name":"ThemeHolt","article_publisher":"https:\/\/www.facebook.com\/themeholtT","article_modified_time":"2024-10-18T08:12:55+00:00","og_image":[{"width":1800,"height":794,"url":"https:\/\/themeholt.com\/wp-content\/uploads\/2022\/05\/themeholt-logo-1.gif","type":"image\/gif"}],"twitter_card":"summary_large_image","twitter_site":"@ThemeholtT","twitter_misc":{"Dur\u00e9e de lecture estim\u00e9e":"1 minute"},"schema":{"@context":"https:\/\/schema.org","@graph":[{"@type":"WebPage","@id":"https:\/\/themeholt.com\/fr\/product\/ebook\/","url":"https:\/\/themeholt.com\/fr\/product\/ebook\/","name":"Livre \u00e9lectronique - ThemeHolt","isPartOf":{"@id":"https:\/\/themeholt.com\/#website"},"datePublished":"2022-04-25T09:40:15+00:00","dateModified":"2024-10-18T08:12:55+00:00","breadcrumb":{"@id":"https:\/\/themeholt.com\/fr\/product\/ebook\/#breadcrumb"},"inLanguage":"fr-FR","potentialAction":[{"@type":"ReadAction","target":["https:\/\/themeholt.com\/fr\/product\/ebook\/"]}]},{"@type":"BreadcrumbList","@id":"https:\/\/themeholt.com\/fr\/product\/ebook\/#breadcrumb","itemListElement":[{"@type":"ListItem","position":1,"name":"Home","item":"https:\/\/themeholt.com\/fr\/"},{"@type":"ListItem","position":2,"name":"Shop","item":"https:\/\/themeholt.com\/shop\/"},{"@type":"ListItem","position":3,"name":"Livre \u00e9lectronique"}]},{"@type":"WebSite","@id":"https:\/\/themeholt.com\/#website","url":"https:\/\/themeholt.com\/","name":"ThemeHolt","description":"Themeholt is a website that offers high-quality WordPress themes","publisher":{"@id":"https:\/\/themeholt.com\/#organization"},"potentialAction":[{"@type":"SearchAction","target":{"@type":"EntryPoint","urlTemplate":"https:\/\/themeholt.com\/?s={search_term_string}"},"query-input":{"@type":"PropertyValueSpecification","valueRequired":true,"valueName":"search_term_string"}}],"inLanguage":"fr-FR"},{"@type":"Organization","@id":"https:\/\/themeholt.com\/#organization","name":"ThemeHolt","alternateName":"ThemeHolt","url":"https:\/\/themeholt.com\/","logo":{"@type":"ImageObject","inLanguage":"fr-FR","@id":"https:\/\/themeholt.com\/#\/schema\/logo\/image\/","url":"https:\/\/themeholt.com\/wp-content\/uploads\/2024\/10\/themeholt.png","contentUrl":"https:\/\/themeholt.com\/wp-content\/uploads\/2024\/10\/themeholt.png","width":225,"height":225,"caption":"ThemeHolt"},"image":{"@id":"https:\/\/themeholt.com\/#\/schema\/logo\/image\/"},"sameAs":["https:\/\/www.facebook.com\/themeholtT","https:\/\/x.com\/ThemeholtT","https:\/\/www.linkedin.com\/company\/themeholt","https:\/\/www.instagram.com\/themeholtt\/"],"description":"Themeholt is a website that offers high-quality WordPress themes that are easy to use and ready for just about everything. In Eindhoven, Netherlands, since 2020 offering simple, accessible WordPress themes by providing a variety of requirements. Themeholt focuses on practicality and efficiency, allowing faster project completion with its superior marketplace and easy-to-use templates.","legalName":"ThemeHolt","foundingDate":"2022-11-10","numberOfEmployees":{"@type":"QuantitativeValue","minValue":"51","maxValue":"200"}}]}},"_links":{"self":[{"href":"https:\/\/themeholt.com\/fr\/wp-json\/wp\/v2\/product\/13282","targetHints":{"allow":["GET"]}}],"collection":[{"href":"https:\/\/themeholt.com\/fr\/wp-json\/wp\/v2\/product"}],"about":[{"href":"https:\/\/themeholt.com\/fr\/wp-json\/wp\/v2\/types\/product"}],"wp:attachment":[{"href":"https:\/\/themeholt.com\/fr\/wp-json\/wp\/v2\/media?parent=13282"}],"wp:term":[{"taxonomy":"product_brand","embeddable":true,"href":"https:\/\/themeholt.com\/fr\/wp-json\/wp\/v2\/product_brand?post=13282"},{"taxonomy":"product_cat","embeddable":true,"href":"https:\/\/themeholt.com\/fr\/wp-json\/wp\/v2\/product_cat?post=13282"},{"taxonomy":"product_tag","embeddable":true,"href":"https:\/\/themeholt.com\/fr\/wp-json\/wp\/v2\/product_tag?post=13282"}],"curies":[{"name":"wp","href":"https:\/\/api.w.org\/{rel}","templated":true}]}}