{"id":13297,"date":"2022-04-25T09:18:50","date_gmt":"2022-04-25T09:18:50","guid":{"rendered":"https:\/\/themeholt.com\/product\/coffee\/"},"modified":"2024-10-18T08:17:37","modified_gmt":"2024-10-18T08:17:37","slug":"cafe","status":"publish","type":"product","link":"https:\/\/themeholt.com\/fr\/product\/cafe\/","title":{"rendered":"Caf\u00e9"},"content":{"rendered":"<p><span style=\"font-weight: 400\">Si vous souhaitez cr\u00e9er un site Web de caf\u00e9 exceptionnel, le th\u00e8me Moderate Coffee Shop est sans aucun doute le choix parfait\u00a0! Ce th\u00e8me propose une superbe collection de pages d&rsquo;accueil et int\u00e9rieures pr\u00e9d\u00e9finies qui peuvent \u00eatre facilement personnalis\u00e9es en fonction de vos besoins. Avec ses fonctionnalit\u00e9s polyvalentes et son design impeccable, ce th\u00e8me est id\u00e9al pour les caf\u00e9s, les bars et les entreprises similaires, garantissant que votre site Web se d\u00e9marque.<\/p>\n<p><span style=\"font-weight: 400\">L&rsquo;une des caract\u00e9ristiques remarquables des th\u00e8mes Coffee Shop est la pr\u00e9sentation impeccable de ses menus. Afficher votre carte des boissons avec le plus grand style n&rsquo;a jamais \u00e9t\u00e9 aussi accessible. Vous pouvez pr\u00e9senter votre vaste gamme de boissons, des caf\u00e9s aromatiques aux d\u00e9licieux th\u00e9s et smoothies rafra\u00eechissants. Avec divers mod\u00e8les de menus visuellement attrayants et conviviaux, vous pouvez pr\u00e9senter vos offres d&rsquo;une mani\u00e8re qui captive les visiteurs et les incite \u00e0 essayer vos d\u00e9licieuses cr\u00e9ations.<\/p>\n","protected":false},"excerpt":{"rendered":"<ul>\n<li style=\"font-weight: 400\"><span style=\"font-weight: 400\">Elementor<\/span><\/li>\n<li style=\"font-weight: 400\"><span style=\"font-weight: 400\">Des \u00e9l\u00e9ments \u00e9tonnants pour les caf\u00e9s et caf\u00e9t\u00e9rias<\/span><\/li>\n<li style=\"font-weight: 400\"><span style=\"font-weight: 400\">Belles pr\u00e9sentations de menus de boissons<\/span><\/li>\n<li style=\"font-weight: 400\"><span style=\"font-weight: 400\">Parfait pour tout bistrot, caf\u00e9 ou bar<\/span><\/li>\n<li style=\"font-weight: 400\"><span style=\"font-weight: 400\">Options de typographie<\/span><\/li>\n<li style=\"font-weight: 400\"><span style=\"font-weight: 400\">Bien document\u00e9<\/span><\/li>\n<li style=\"font-weight: 400\"><span style=\"font-weight: 400\">Enti\u00e8rement r\u00e9actif<\/span><\/li>\n<li style=\"font-weight: 400\"><span style=\"font-weight: 400\">WooCommerce<\/span><\/li>\n<li style=\"font-weight: 400\"><span style=\"font-weight: 400\">Service client<\/span><\/li>\n<\/ul>\n","protected":false},"featured_media":13298,"template":"","meta":{"_acf_changed":false,"inline_featured_image":false},"product_brand":[],"product_cat":[966],"product_tag":[1011,1012,1013,1014],"class_list":{"0":"post-13297","1":"product","2":"type-product","3":"status-publish","4":"has-post-thumbnail","6":"product_cat-exclusive-themes-fr","7":"product_tag-coffee-shop-wordpress-themes-fr","8":"product_tag-coffee-theme-fr","9":"product_tag-coffee-website-templates-fr","10":"product_tag-coffee-wordpress-themes-fr","12":"first","13":"instock","14":"sale","15":"downloadable","16":"taxable","17":"shipping-taxable","18":"purchasable","19":"product-type-simple"},"acf":[],"yoast_head":"<!-- This site is optimized with the Yoast SEO Premium plugin v22.1 (Yoast SEO v26.0) - https:\/\/yoast.com\/wordpress\/plugins\/seo\/ -->\n<title>Mod\u00e8les de sites Web de caf\u00e9 | Th\u00e8mes WordPress pour caf\u00e9s<\/title>\n<meta name=\"description\" content=\"D\u00e9couvrez la pr\u00e9sence en ligne de votre caf\u00e9 avec des th\u00e8mes de caf\u00e9 captivants. Personnalisez et pr\u00e9sentez votre ambiance et vos offres uniques.\" \/>\n<meta name=\"robots\" content=\"index, follow, max-snippet:-1, max-image-preview:large, max-video-preview:-1\" \/>\n<link rel=\"canonical\" href=\"https:\/\/themeholt.com\/fr\/product\/cafe\/\" \/>\n<meta property=\"og:locale\" content=\"fr_FR\" \/>\n<meta property=\"og:type\" content=\"article\" \/>\n<meta property=\"og:title\" content=\"Caf\u00e9\" \/>\n<meta property=\"og:description\" content=\"D\u00e9couvrez la pr\u00e9sence en ligne de votre caf\u00e9 avec des th\u00e8mes de caf\u00e9 captivants. Personnalisez et pr\u00e9sentez votre ambiance et vos offres uniques.\" \/>\n<meta property=\"og:url\" content=\"https:\/\/themeholt.com\/fr\/product\/cafe\/\" \/>\n<meta property=\"og:site_name\" content=\"ThemeHolt\" \/>\n<meta property=\"article:publisher\" content=\"https:\/\/www.facebook.com\/themeholtT\" \/>\n<meta property=\"article:modified_time\" content=\"2024-10-18T08:17:37+00:00\" \/>\n<meta property=\"og:image\" content=\"https:\/\/themeholt.com\/wp-content\/uploads\/2022\/04\/best-coffee-theme.jpg\" \/>\n\t<meta property=\"og:image:width\" content=\"1300\" \/>\n\t<meta property=\"og:image:height\" content=\"1283\" \/>\n\t<meta property=\"og:image:type\" content=\"image\/jpeg\" \/>\n<meta name=\"twitter:card\" content=\"summary_large_image\" \/>\n<meta name=\"twitter:site\" content=\"@ThemeholtT\" \/>\n<meta name=\"twitter:label1\" content=\"Dur\u00e9e de lecture estim\u00e9e\" \/>\n\t<meta name=\"twitter:data1\" content=\"1 minute\" \/>\n<script type=\"application\/ld+json\" class=\"yoast-schema-graph\">{\"@context\":\"https:\/\/schema.org\",\"@graph\":[{\"@type\":\"WebPage\",\"@id\":\"https:\/\/themeholt.com\/fr\/product\/cafe\/\",\"url\":\"https:\/\/themeholt.com\/fr\/product\/cafe\/\",\"name\":\"Mod\u00e8les de sites Web de caf\u00e9 | Th\u00e8mes WordPress pour caf\u00e9s\",\"isPartOf\":{\"@id\":\"https:\/\/themeholt.com\/#website\"},\"primaryImageOfPage\":{\"@id\":\"https:\/\/themeholt.com\/fr\/product\/cafe\/#primaryimage\"},\"image\":{\"@id\":\"https:\/\/themeholt.com\/fr\/product\/cafe\/#primaryimage\"},\"thumbnailUrl\":\"https:\/\/themeholt.com\/wp-content\/uploads\/2022\/04\/best-coffee-theme.jpg\",\"datePublished\":\"2022-04-25T09:18:50+00:00\",\"dateModified\":\"2024-10-18T08:17:37+00:00\",\"description\":\"D\u00e9couvrez la pr\u00e9sence en ligne de votre caf\u00e9 avec des th\u00e8mes de caf\u00e9 captivants. Personnalisez et pr\u00e9sentez votre ambiance et vos offres uniques.\",\"breadcrumb\":{\"@id\":\"https:\/\/themeholt.com\/fr\/product\/cafe\/#breadcrumb\"},\"inLanguage\":\"fr-FR\",\"potentialAction\":[{\"@type\":\"ReadAction\",\"target\":[\"https:\/\/themeholt.com\/fr\/product\/cafe\/\"]}]},{\"@type\":\"ImageObject\",\"inLanguage\":\"fr-FR\",\"@id\":\"https:\/\/themeholt.com\/fr\/product\/cafe\/#primaryimage\",\"url\":\"https:\/\/themeholt.com\/wp-content\/uploads\/2022\/04\/best-coffee-theme.jpg\",\"contentUrl\":\"https:\/\/themeholt.com\/wp-content\/uploads\/2022\/04\/best-coffee-theme.jpg\",\"width\":1300,\"height\":1283},{\"@type\":\"BreadcrumbList\",\"@id\":\"https:\/\/themeholt.com\/fr\/product\/cafe\/#breadcrumb\",\"itemListElement\":[{\"@type\":\"ListItem\",\"position\":1,\"name\":\"Home\",\"item\":\"https:\/\/themeholt.com\/fr\/\"},{\"@type\":\"ListItem\",\"position\":2,\"name\":\"Shop\",\"item\":\"https:\/\/themeholt.com\/shop\/\"},{\"@type\":\"ListItem\",\"position\":3,\"name\":\"Caf\u00e9\"}]},{\"@type\":\"WebSite\",\"@id\":\"https:\/\/themeholt.com\/#website\",\"url\":\"https:\/\/themeholt.com\/\",\"name\":\"ThemeHolt\",\"description\":\"Themeholt is a website that offers high-quality WordPress themes\",\"publisher\":{\"@id\":\"https:\/\/themeholt.com\/#organization\"},\"potentialAction\":[{\"@type\":\"SearchAction\",\"target\":{\"@type\":\"EntryPoint\",\"urlTemplate\":\"https:\/\/themeholt.com\/?s={search_term_string}\"},\"query-input\":{\"@type\":\"PropertyValueSpecification\",\"valueRequired\":true,\"valueName\":\"search_term_string\"}}],\"inLanguage\":\"fr-FR\"},{\"@type\":\"Organization\",\"@id\":\"https:\/\/themeholt.com\/#organization\",\"name\":\"ThemeHolt\",\"alternateName\":\"ThemeHolt\",\"url\":\"https:\/\/themeholt.com\/\",\"logo\":{\"@type\":\"ImageObject\",\"inLanguage\":\"fr-FR\",\"@id\":\"https:\/\/themeholt.com\/#\/schema\/logo\/image\/\",\"url\":\"https:\/\/themeholt.com\/wp-content\/uploads\/2024\/10\/themeholt.png\",\"contentUrl\":\"https:\/\/themeholt.com\/wp-content\/uploads\/2024\/10\/themeholt.png\",\"width\":225,\"height\":225,\"caption\":\"ThemeHolt\"},\"image\":{\"@id\":\"https:\/\/themeholt.com\/#\/schema\/logo\/image\/\"},\"sameAs\":[\"https:\/\/www.facebook.com\/themeholtT\",\"https:\/\/x.com\/ThemeholtT\",\"https:\/\/www.linkedin.com\/company\/themeholt\",\"https:\/\/www.instagram.com\/themeholtt\/\"],\"description\":\"Themeholt is a website that offers high-quality WordPress themes that are easy to use and ready for just about everything. In Eindhoven, Netherlands, since 2020 offering simple, accessible WordPress themes by providing a variety of requirements. Themeholt focuses on practicality and efficiency, allowing faster project completion with its superior marketplace and easy-to-use templates.\",\"legalName\":\"ThemeHolt\",\"foundingDate\":\"2022-11-10\",\"numberOfEmployees\":{\"@type\":\"QuantitativeValue\",\"minValue\":\"51\",\"maxValue\":\"200\"}}]}<\/script>\n<!-- \/ Yoast SEO Premium plugin. -->","yoast_head_json":{"title":"Mod\u00e8les de sites Web de caf\u00e9 | Th\u00e8mes WordPress pour caf\u00e9s","description":"D\u00e9couvrez la pr\u00e9sence en ligne de votre caf\u00e9 avec des th\u00e8mes de caf\u00e9 captivants. Personnalisez et pr\u00e9sentez votre ambiance et vos offres uniques.","robots":{"index":"index","follow":"follow","max-snippet":"max-snippet:-1","max-image-preview":"max-image-preview:large","max-video-preview":"max-video-preview:-1"},"canonical":"https:\/\/themeholt.com\/fr\/product\/cafe\/","og_locale":"fr_FR","og_type":"article","og_title":"Caf\u00e9","og_description":"D\u00e9couvrez la pr\u00e9sence en ligne de votre caf\u00e9 avec des th\u00e8mes de caf\u00e9 captivants. Personnalisez et pr\u00e9sentez votre ambiance et vos offres uniques.","og_url":"https:\/\/themeholt.com\/fr\/product\/cafe\/","og_site_name":"ThemeHolt","article_publisher":"https:\/\/www.facebook.com\/themeholtT","article_modified_time":"2024-10-18T08:17:37+00:00","og_image":[{"width":1300,"height":1283,"url":"https:\/\/themeholt.com\/wp-content\/uploads\/2022\/04\/best-coffee-theme.jpg","type":"image\/jpeg"}],"twitter_card":"summary_large_image","twitter_site":"@ThemeholtT","twitter_misc":{"Dur\u00e9e de lecture estim\u00e9e":"1 minute"},"schema":{"@context":"https:\/\/schema.org","@graph":[{"@type":"WebPage","@id":"https:\/\/themeholt.com\/fr\/product\/cafe\/","url":"https:\/\/themeholt.com\/fr\/product\/cafe\/","name":"Mod\u00e8les de sites Web de caf\u00e9 | Th\u00e8mes WordPress pour caf\u00e9s","isPartOf":{"@id":"https:\/\/themeholt.com\/#website"},"primaryImageOfPage":{"@id":"https:\/\/themeholt.com\/fr\/product\/cafe\/#primaryimage"},"image":{"@id":"https:\/\/themeholt.com\/fr\/product\/cafe\/#primaryimage"},"thumbnailUrl":"https:\/\/themeholt.com\/wp-content\/uploads\/2022\/04\/best-coffee-theme.jpg","datePublished":"2022-04-25T09:18:50+00:00","dateModified":"2024-10-18T08:17:37+00:00","description":"D\u00e9couvrez la pr\u00e9sence en ligne de votre caf\u00e9 avec des th\u00e8mes de caf\u00e9 captivants. Personnalisez et pr\u00e9sentez votre ambiance et vos offres uniques.","breadcrumb":{"@id":"https:\/\/themeholt.com\/fr\/product\/cafe\/#breadcrumb"},"inLanguage":"fr-FR","potentialAction":[{"@type":"ReadAction","target":["https:\/\/themeholt.com\/fr\/product\/cafe\/"]}]},{"@type":"ImageObject","inLanguage":"fr-FR","@id":"https:\/\/themeholt.com\/fr\/product\/cafe\/#primaryimage","url":"https:\/\/themeholt.com\/wp-content\/uploads\/2022\/04\/best-coffee-theme.jpg","contentUrl":"https:\/\/themeholt.com\/wp-content\/uploads\/2022\/04\/best-coffee-theme.jpg","width":1300,"height":1283},{"@type":"BreadcrumbList","@id":"https:\/\/themeholt.com\/fr\/product\/cafe\/#breadcrumb","itemListElement":[{"@type":"ListItem","position":1,"name":"Home","item":"https:\/\/themeholt.com\/fr\/"},{"@type":"ListItem","position":2,"name":"Shop","item":"https:\/\/themeholt.com\/shop\/"},{"@type":"ListItem","position":3,"name":"Caf\u00e9"}]},{"@type":"WebSite","@id":"https:\/\/themeholt.com\/#website","url":"https:\/\/themeholt.com\/","name":"ThemeHolt","description":"Themeholt is a website that offers high-quality WordPress themes","publisher":{"@id":"https:\/\/themeholt.com\/#organization"},"potentialAction":[{"@type":"SearchAction","target":{"@type":"EntryPoint","urlTemplate":"https:\/\/themeholt.com\/?s={search_term_string}"},"query-input":{"@type":"PropertyValueSpecification","valueRequired":true,"valueName":"search_term_string"}}],"inLanguage":"fr-FR"},{"@type":"Organization","@id":"https:\/\/themeholt.com\/#organization","name":"ThemeHolt","alternateName":"ThemeHolt","url":"https:\/\/themeholt.com\/","logo":{"@type":"ImageObject","inLanguage":"fr-FR","@id":"https:\/\/themeholt.com\/#\/schema\/logo\/image\/","url":"https:\/\/themeholt.com\/wp-content\/uploads\/2024\/10\/themeholt.png","contentUrl":"https:\/\/themeholt.com\/wp-content\/uploads\/2024\/10\/themeholt.png","width":225,"height":225,"caption":"ThemeHolt"},"image":{"@id":"https:\/\/themeholt.com\/#\/schema\/logo\/image\/"},"sameAs":["https:\/\/www.facebook.com\/themeholtT","https:\/\/x.com\/ThemeholtT","https:\/\/www.linkedin.com\/company\/themeholt","https:\/\/www.instagram.com\/themeholtt\/"],"description":"Themeholt is a website that offers high-quality WordPress themes that are easy to use and ready for just about everything. In Eindhoven, Netherlands, since 2020 offering simple, accessible WordPress themes by providing a variety of requirements. Themeholt focuses on practicality and efficiency, allowing faster project completion with its superior marketplace and easy-to-use templates.","legalName":"ThemeHolt","foundingDate":"2022-11-10","numberOfEmployees":{"@type":"QuantitativeValue","minValue":"51","maxValue":"200"}}]}},"_links":{"self":[{"href":"https:\/\/themeholt.com\/fr\/wp-json\/wp\/v2\/product\/13297","targetHints":{"allow":["GET"]}}],"collection":[{"href":"https:\/\/themeholt.com\/fr\/wp-json\/wp\/v2\/product"}],"about":[{"href":"https:\/\/themeholt.com\/fr\/wp-json\/wp\/v2\/types\/product"}],"wp:featuredmedia":[{"embeddable":true,"href":"https:\/\/themeholt.com\/fr\/wp-json\/wp\/v2\/media\/13298"}],"wp:attachment":[{"href":"https:\/\/themeholt.com\/fr\/wp-json\/wp\/v2\/media?parent=13297"}],"wp:term":[{"taxonomy":"product_brand","embeddable":true,"href":"https:\/\/themeholt.com\/fr\/wp-json\/wp\/v2\/product_brand?post=13297"},{"taxonomy":"product_cat","embeddable":true,"href":"https:\/\/themeholt.com\/fr\/wp-json\/wp\/v2\/product_cat?post=13297"},{"taxonomy":"product_tag","embeddable":true,"href":"https:\/\/themeholt.com\/fr\/wp-json\/wp\/v2\/product_tag?post=13297"}],"curies":[{"name":"wp","href":"https:\/\/api.w.org\/{rel}","templated":true}]}}