{"id":13311,"date":"2022-04-20T21:01:18","date_gmt":"2022-04-20T21:01:18","guid":{"rendered":"https:\/\/themeholt.com\/product\/furniture\/"},"modified":"2024-10-18T08:32:01","modified_gmt":"2024-10-18T08:32:01","slug":"meubles","status":"publish","type":"product","link":"https:\/\/themeholt.com\/fr\/product\/meubles\/","title":{"rendered":"Meubles"},"content":{"rendered":"<p><b>Th\u00e8me WordPress pour meubles<\/b><span style=\"font-weight: 400\"> propose divers designs visuellement \u00e9poustouflants et personnalisables sp\u00e9cialement con\u00e7us pour mettre en valeur les produits d&rsquo;ameublement. Avec des mises en page \u00e9l\u00e9gantes, une typographie captivante et de belles galeries d&rsquo;images, vous pouvez cr\u00e9er un site Web visuellement attrayant mettant en valeur les caract\u00e9ristiques uniques et le savoir-faire de votre collection de meubles.<\/span><\/p>\n<p><span style=\"font-weight: 400\">Notre <\/span><b>Th\u00e8me WordPress pour meubles<\/b><span style=\"font-weight: 400\"> offre une solution parfaite pour cr\u00e9er un site Web \u00e9poustouflant qui pr\u00e9sente votre collection de meubles avec style et \u00e9l\u00e9gance. Dans cet article de blog, nous explorerons les fonctionnalit\u00e9s exceptionnelles et comment elles peuvent transformer votre entreprise de meubles en fournissant une plate-forme visuellement attrayante pour mettre en valeur vos produits et interagir avec votre public cible.<\/span><\/p>\n","protected":false},"excerpt":{"rendered":"<ul>\n<li>Elementor Page Builder<\/li>\n<li>Pr\u00eat pour WooCommerce<\/li>\n<li>Enti\u00e8rement personnalisable<\/li>\n<li>Pr\u00eat pour Retina<\/li>\n<li>Documentation efficace<\/li>\n<li>SEO Optimis\u00e9<\/li>\n<li>Effet de parallaxe<\/li>\n<\/ul>\n","protected":false},"featured_media":13313,"template":"","meta":{"_acf_changed":false,"inline_featured_image":false},"product_brand":[],"product_cat":[956],"product_tag":[1019,1020,1021],"class_list":{"0":"post-13311","1":"product","2":"type-product","3":"status-publish","4":"has-post-thumbnail","6":"product_cat-premium-themes-fr","7":"product_tag-affordable-furniture-theme-fr","8":"product_tag-best-furniture-theme-fr","9":"product_tag-furniture-themes-fr","11":"first","12":"instock","13":"sale","14":"downloadable","15":"taxable","16":"shipping-taxable","17":"purchasable","18":"product-type-simple"},"acf":[],"yoast_head":"<!-- This site is optimized with the Yoast SEO Premium plugin v22.1 (Yoast SEO v26.0) - https:\/\/yoast.com\/wordpress\/plugins\/seo\/ -->\n<title>Th\u00e8mes WordPress pour meubles 2023 | Meilleurs th\u00e8mes pour meubles<\/title>\n<meta name=\"description\" content=\"Am\u00e9liorez la pr\u00e9sence en ligne de votre organisation avec foundation, les th\u00e8mes de mobilier WordPress pour les organisations. Cr\u00e9ez un site Web professionnel et percutant.\" \/>\n<meta name=\"robots\" content=\"index, follow, max-snippet:-1, max-image-preview:large, max-video-preview:-1\" \/>\n<link rel=\"canonical\" href=\"https:\/\/themeholt.com\/fr\/product\/meubles\/\" \/>\n<meta property=\"og:locale\" content=\"fr_FR\" \/>\n<meta property=\"og:type\" content=\"article\" \/>\n<meta property=\"og:title\" content=\"Meubles\" \/>\n<meta property=\"og:description\" content=\"Am\u00e9liorez la pr\u00e9sence en ligne de votre organisation avec foundation, les th\u00e8mes de mobilier WordPress pour les organisations. Cr\u00e9ez un site Web professionnel et percutant.\" \/>\n<meta property=\"og:url\" content=\"https:\/\/themeholt.com\/fr\/product\/meubles\/\" \/>\n<meta property=\"og:site_name\" content=\"ThemeHolt\" \/>\n<meta property=\"article:publisher\" content=\"https:\/\/www.facebook.com\/themeholtT\" \/>\n<meta property=\"article:modified_time\" content=\"2024-10-18T08:32:01+00:00\" \/>\n<meta property=\"og:image\" content=\"https:\/\/themeholt.com\/wp-content\/uploads\/2022\/04\/Furniture-Home-Page-2-1-872x1024.png\" \/>\n\t<meta property=\"og:image:width\" content=\"872\" \/>\n\t<meta property=\"og:image:height\" content=\"1024\" \/>\n\t<meta property=\"og:image:type\" content=\"image\/png\" \/>\n<meta name=\"twitter:card\" content=\"summary_large_image\" \/>\n<meta name=\"twitter:site\" content=\"@ThemeholtT\" \/>\n<meta name=\"twitter:label1\" content=\"Dur\u00e9e de lecture estim\u00e9e\" \/>\n\t<meta name=\"twitter:data1\" content=\"1 minute\" \/>\n<script type=\"application\/ld+json\" class=\"yoast-schema-graph\">{\"@context\":\"https:\/\/schema.org\",\"@graph\":[{\"@type\":\"WebPage\",\"@id\":\"https:\/\/themeholt.com\/fr\/product\/meubles\/\",\"url\":\"https:\/\/themeholt.com\/fr\/product\/meubles\/\",\"name\":\"Th\u00e8mes WordPress pour meubles 2023 | Meilleurs th\u00e8mes pour meubles\",\"isPartOf\":{\"@id\":\"https:\/\/themeholt.com\/#website\"},\"primaryImageOfPage\":{\"@id\":\"https:\/\/themeholt.com\/fr\/product\/meubles\/#primaryimage\"},\"image\":{\"@id\":\"https:\/\/themeholt.com\/fr\/product\/meubles\/#primaryimage\"},\"thumbnailUrl\":\"https:\/\/themeholt.com\/wp-content\/uploads\/2022\/04\/Furniture-Home-Page-2-1.png\",\"datePublished\":\"2022-04-20T21:01:18+00:00\",\"dateModified\":\"2024-10-18T08:32:01+00:00\",\"description\":\"Am\u00e9liorez la pr\u00e9sence en ligne de votre organisation avec foundation, les th\u00e8mes de mobilier WordPress pour les organisations. Cr\u00e9ez un site Web professionnel et percutant.\",\"breadcrumb\":{\"@id\":\"https:\/\/themeholt.com\/fr\/product\/meubles\/#breadcrumb\"},\"inLanguage\":\"fr-FR\",\"potentialAction\":[{\"@type\":\"ReadAction\",\"target\":[\"https:\/\/themeholt.com\/fr\/product\/meubles\/\"]}]},{\"@type\":\"ImageObject\",\"inLanguage\":\"fr-FR\",\"@id\":\"https:\/\/themeholt.com\/fr\/product\/meubles\/#primaryimage\",\"url\":\"https:\/\/themeholt.com\/wp-content\/uploads\/2022\/04\/Furniture-Home-Page-2-1.png\",\"contentUrl\":\"https:\/\/themeholt.com\/wp-content\/uploads\/2022\/04\/Furniture-Home-Page-2-1.png\",\"width\":1807,\"height\":2123},{\"@type\":\"BreadcrumbList\",\"@id\":\"https:\/\/themeholt.com\/fr\/product\/meubles\/#breadcrumb\",\"itemListElement\":[{\"@type\":\"ListItem\",\"position\":1,\"name\":\"Home\",\"item\":\"https:\/\/themeholt.com\/fr\/\"},{\"@type\":\"ListItem\",\"position\":2,\"name\":\"Shop\",\"item\":\"https:\/\/themeholt.com\/shop\/\"},{\"@type\":\"ListItem\",\"position\":3,\"name\":\"Meubles\"}]},{\"@type\":\"WebSite\",\"@id\":\"https:\/\/themeholt.com\/#website\",\"url\":\"https:\/\/themeholt.com\/\",\"name\":\"ThemeHolt\",\"description\":\"Themeholt is a website that offers high-quality WordPress themes\",\"publisher\":{\"@id\":\"https:\/\/themeholt.com\/#organization\"},\"potentialAction\":[{\"@type\":\"SearchAction\",\"target\":{\"@type\":\"EntryPoint\",\"urlTemplate\":\"https:\/\/themeholt.com\/?s={search_term_string}\"},\"query-input\":{\"@type\":\"PropertyValueSpecification\",\"valueRequired\":true,\"valueName\":\"search_term_string\"}}],\"inLanguage\":\"fr-FR\"},{\"@type\":\"Organization\",\"@id\":\"https:\/\/themeholt.com\/#organization\",\"name\":\"ThemeHolt\",\"alternateName\":\"ThemeHolt\",\"url\":\"https:\/\/themeholt.com\/\",\"logo\":{\"@type\":\"ImageObject\",\"inLanguage\":\"fr-FR\",\"@id\":\"https:\/\/themeholt.com\/#\/schema\/logo\/image\/\",\"url\":\"https:\/\/themeholt.com\/wp-content\/uploads\/2024\/10\/themeholt.png\",\"contentUrl\":\"https:\/\/themeholt.com\/wp-content\/uploads\/2024\/10\/themeholt.png\",\"width\":225,\"height\":225,\"caption\":\"ThemeHolt\"},\"image\":{\"@id\":\"https:\/\/themeholt.com\/#\/schema\/logo\/image\/\"},\"sameAs\":[\"https:\/\/www.facebook.com\/themeholtT\",\"https:\/\/x.com\/ThemeholtT\",\"https:\/\/www.linkedin.com\/company\/themeholt\",\"https:\/\/www.instagram.com\/themeholtt\/\"],\"description\":\"Themeholt is a website that offers high-quality WordPress themes that are easy to use and ready for just about everything. In Eindhoven, Netherlands, since 2020 offering simple, accessible WordPress themes by providing a variety of requirements. Themeholt focuses on practicality and efficiency, allowing faster project completion with its superior marketplace and easy-to-use templates.\",\"legalName\":\"ThemeHolt\",\"foundingDate\":\"2022-11-10\",\"numberOfEmployees\":{\"@type\":\"QuantitativeValue\",\"minValue\":\"51\",\"maxValue\":\"200\"}}]}<\/script>\n<!-- \/ Yoast SEO Premium plugin. -->","yoast_head_json":{"title":"Th\u00e8mes WordPress pour meubles 2023 | Meilleurs th\u00e8mes pour meubles","description":"Am\u00e9liorez la pr\u00e9sence en ligne de votre organisation avec foundation, les th\u00e8mes de mobilier WordPress pour les organisations. Cr\u00e9ez un site Web professionnel et percutant.","robots":{"index":"index","follow":"follow","max-snippet":"max-snippet:-1","max-image-preview":"max-image-preview:large","max-video-preview":"max-video-preview:-1"},"canonical":"https:\/\/themeholt.com\/fr\/product\/meubles\/","og_locale":"fr_FR","og_type":"article","og_title":"Meubles","og_description":"Am\u00e9liorez la pr\u00e9sence en ligne de votre organisation avec foundation, les th\u00e8mes de mobilier WordPress pour les organisations. Cr\u00e9ez un site Web professionnel et percutant.","og_url":"https:\/\/themeholt.com\/fr\/product\/meubles\/","og_site_name":"ThemeHolt","article_publisher":"https:\/\/www.facebook.com\/themeholtT","article_modified_time":"2024-10-18T08:32:01+00:00","og_image":[{"width":872,"height":1024,"url":"https:\/\/themeholt.com\/wp-content\/uploads\/2022\/04\/Furniture-Home-Page-2-1-872x1024.png","type":"image\/png"}],"twitter_card":"summary_large_image","twitter_site":"@ThemeholtT","twitter_misc":{"Dur\u00e9e de lecture estim\u00e9e":"1 minute"},"schema":{"@context":"https:\/\/schema.org","@graph":[{"@type":"WebPage","@id":"https:\/\/themeholt.com\/fr\/product\/meubles\/","url":"https:\/\/themeholt.com\/fr\/product\/meubles\/","name":"Th\u00e8mes WordPress pour meubles 2023 | Meilleurs th\u00e8mes pour meubles","isPartOf":{"@id":"https:\/\/themeholt.com\/#website"},"primaryImageOfPage":{"@id":"https:\/\/themeholt.com\/fr\/product\/meubles\/#primaryimage"},"image":{"@id":"https:\/\/themeholt.com\/fr\/product\/meubles\/#primaryimage"},"thumbnailUrl":"https:\/\/themeholt.com\/wp-content\/uploads\/2022\/04\/Furniture-Home-Page-2-1.png","datePublished":"2022-04-20T21:01:18+00:00","dateModified":"2024-10-18T08:32:01+00:00","description":"Am\u00e9liorez la pr\u00e9sence en ligne de votre organisation avec foundation, les th\u00e8mes de mobilier WordPress pour les organisations. Cr\u00e9ez un site Web professionnel et percutant.","breadcrumb":{"@id":"https:\/\/themeholt.com\/fr\/product\/meubles\/#breadcrumb"},"inLanguage":"fr-FR","potentialAction":[{"@type":"ReadAction","target":["https:\/\/themeholt.com\/fr\/product\/meubles\/"]}]},{"@type":"ImageObject","inLanguage":"fr-FR","@id":"https:\/\/themeholt.com\/fr\/product\/meubles\/#primaryimage","url":"https:\/\/themeholt.com\/wp-content\/uploads\/2022\/04\/Furniture-Home-Page-2-1.png","contentUrl":"https:\/\/themeholt.com\/wp-content\/uploads\/2022\/04\/Furniture-Home-Page-2-1.png","width":1807,"height":2123},{"@type":"BreadcrumbList","@id":"https:\/\/themeholt.com\/fr\/product\/meubles\/#breadcrumb","itemListElement":[{"@type":"ListItem","position":1,"name":"Home","item":"https:\/\/themeholt.com\/fr\/"},{"@type":"ListItem","position":2,"name":"Shop","item":"https:\/\/themeholt.com\/shop\/"},{"@type":"ListItem","position":3,"name":"Meubles"}]},{"@type":"WebSite","@id":"https:\/\/themeholt.com\/#website","url":"https:\/\/themeholt.com\/","name":"ThemeHolt","description":"Themeholt is a website that offers high-quality WordPress themes","publisher":{"@id":"https:\/\/themeholt.com\/#organization"},"potentialAction":[{"@type":"SearchAction","target":{"@type":"EntryPoint","urlTemplate":"https:\/\/themeholt.com\/?s={search_term_string}"},"query-input":{"@type":"PropertyValueSpecification","valueRequired":true,"valueName":"search_term_string"}}],"inLanguage":"fr-FR"},{"@type":"Organization","@id":"https:\/\/themeholt.com\/#organization","name":"ThemeHolt","alternateName":"ThemeHolt","url":"https:\/\/themeholt.com\/","logo":{"@type":"ImageObject","inLanguage":"fr-FR","@id":"https:\/\/themeholt.com\/#\/schema\/logo\/image\/","url":"https:\/\/themeholt.com\/wp-content\/uploads\/2024\/10\/themeholt.png","contentUrl":"https:\/\/themeholt.com\/wp-content\/uploads\/2024\/10\/themeholt.png","width":225,"height":225,"caption":"ThemeHolt"},"image":{"@id":"https:\/\/themeholt.com\/#\/schema\/logo\/image\/"},"sameAs":["https:\/\/www.facebook.com\/themeholtT","https:\/\/x.com\/ThemeholtT","https:\/\/www.linkedin.com\/company\/themeholt","https:\/\/www.instagram.com\/themeholtt\/"],"description":"Themeholt is a website that offers high-quality WordPress themes that are easy to use and ready for just about everything. In Eindhoven, Netherlands, since 2020 offering simple, accessible WordPress themes by providing a variety of requirements. Themeholt focuses on practicality and efficiency, allowing faster project completion with its superior marketplace and easy-to-use templates.","legalName":"ThemeHolt","foundingDate":"2022-11-10","numberOfEmployees":{"@type":"QuantitativeValue","minValue":"51","maxValue":"200"}}]}},"_links":{"self":[{"href":"https:\/\/themeholt.com\/fr\/wp-json\/wp\/v2\/product\/13311","targetHints":{"allow":["GET"]}}],"collection":[{"href":"https:\/\/themeholt.com\/fr\/wp-json\/wp\/v2\/product"}],"about":[{"href":"https:\/\/themeholt.com\/fr\/wp-json\/wp\/v2\/types\/product"}],"wp:featuredmedia":[{"embeddable":true,"href":"https:\/\/themeholt.com\/fr\/wp-json\/wp\/v2\/media\/13313"}],"wp:attachment":[{"href":"https:\/\/themeholt.com\/fr\/wp-json\/wp\/v2\/media?parent=13311"}],"wp:term":[{"taxonomy":"product_brand","embeddable":true,"href":"https:\/\/themeholt.com\/fr\/wp-json\/wp\/v2\/product_brand?post=13311"},{"taxonomy":"product_cat","embeddable":true,"href":"https:\/\/themeholt.com\/fr\/wp-json\/wp\/v2\/product_cat?post=13311"},{"taxonomy":"product_tag","embeddable":true,"href":"https:\/\/themeholt.com\/fr\/wp-json\/wp\/v2\/product_tag?post=13311"}],"curies":[{"name":"wp","href":"https:\/\/api.w.org\/{rel}","templated":true}]}}