{"id":13334,"date":"2022-04-21T19:28:39","date_gmt":"2022-04-21T19:28:39","guid":{"rendered":"https:\/\/themeholt.com\/product\/foundation\/"},"modified":"2024-10-18T08:45:15","modified_gmt":"2024-10-18T08:45:15","slug":"fondation","status":"publish","type":"product","link":"https:\/\/themeholt.com\/fr\/product\/fondation\/","title":{"rendered":"Fondation"},"content":{"rendered":"<p><span style=\"font-weight: 400\">\u00c0 l&rsquo;\u00e8re du num\u00e9rique, les organisations ont besoin d&rsquo;une pr\u00e9sence en ligne solide pour communiquer efficacement leur mission, engager leur public et faire avancer leurs objectifs. Avec notre th\u00e8me Foundation, l&rsquo;un des <strong>th\u00e8mes Foundation<\/strong> <\/span><b>pour les organisations<\/b><span style=\"font-weight: 400\">, vous pouvez cr\u00e9er un site Web professionnel et percutant qui met en valeur les valeurs, les projets et les r\u00e9alisations de votre organisation. Cet article de blog explorera les fonctionnalit\u00e9s et les avantages exceptionnels de Foundation et comment il peut am\u00e9liorer la pr\u00e9sence en ligne de votre organisation.<\/span><\/p>\n<p><span style=\"font-weight: 400\">Le th\u00e8me Foundation est un th\u00e8me puissant et polyvalent qui permet aux organisations de cr\u00e9er une pr\u00e9sence en ligne professionnelle et percutante. Avec sa conception robuste, son affichage de contenu attrayant, son int\u00e9gration transparente et sa mise en page adapt\u00e9e aux appareils mobiles, Foundation est le choix id\u00e9al pour les organisations qui cherchent \u00e0 am\u00e9liorer leur pr\u00e9sence en ligne. Profitez de la puissance de Foundation et cr\u00e9ez un site Web qui refl\u00e8te la mission, les valeurs et l&rsquo;impact de votre organisation tout en engageant efficacement votre public et en faisant avancer vos objectifs.<\/p>\n","protected":false},"excerpt":{"rendered":"<ul>\n<li>Cr\u00e9ateur de pages puissant<\/li>\n<li>Conception r\u00e9active<\/li>\n<li>Optimis\u00e9 pour le r\u00e9f\u00e9rencement<\/li>\n<li>Pr\u00eat pour Retina<\/li>\n<li>Compatible avec WooCommerce<\/li>\n<li>Support client<\/li>\n<\/ul>\n","protected":false},"featured_media":13337,"template":"","meta":{"_acf_changed":false,"inline_featured_image":false},"product_brand":[],"product_cat":[961,234],"product_tag":[75,76],"class_list":{"0":"post-13334","1":"product","2":"type-product","3":"status-publish","4":"has-post-thumbnail","6":"product_cat-new-arrivals-fr","7":"product_cat-best-seller","8":"product_tag-foundation-theme","9":"product_tag-foundation","11":"first","12":"instock","13":"sale","14":"downloadable","15":"taxable","16":"shipping-taxable","17":"purchasable","18":"product-type-simple"},"acf":[],"yoast_head":"<!-- This site is optimized with the Yoast SEO Premium plugin v22.1 (Yoast SEO v26.0) - https:\/\/yoast.com\/wordpress\/plugins\/seo\/ -->\n<title>Th\u00e8mes de base WordPress | Mod\u00e8les de base WordPress<\/title>\n<meta name=\"description\" content=\"Am\u00e9liorez la pr\u00e9sence en ligne de votre organisation avec les meilleurs th\u00e8mes WordPress de base pour les organisations. Cr\u00e9ez un site Web professionnel et percutant\" \/>\n<meta name=\"robots\" content=\"index, follow, max-snippet:-1, max-image-preview:large, max-video-preview:-1\" \/>\n<link rel=\"canonical\" href=\"https:\/\/themeholt.com\/fr\/product\/fondation\/\" \/>\n<meta property=\"og:locale\" content=\"fr_FR\" \/>\n<meta property=\"og:type\" content=\"article\" \/>\n<meta property=\"og:title\" content=\"Fondation\" \/>\n<meta property=\"og:description\" content=\"Am\u00e9liorez la pr\u00e9sence en ligne de votre organisation avec les meilleurs th\u00e8mes WordPress de base pour les organisations. Cr\u00e9ez un site Web professionnel et percutant\" \/>\n<meta property=\"og:url\" content=\"https:\/\/themeholt.com\/fr\/product\/fondation\/\" \/>\n<meta property=\"og:site_name\" content=\"ThemeHolt\" \/>\n<meta property=\"article:publisher\" content=\"https:\/\/www.facebook.com\/themeholtT\" \/>\n<meta property=\"article:modified_time\" content=\"2024-10-18T08:45:15+00:00\" \/>\n<meta property=\"og:image\" content=\"https:\/\/themeholt.com\/wp-content\/uploads\/2022\/04\/Best-Featured-Foundation-Theme.jpg\" \/>\n\t<meta property=\"og:image:width\" content=\"1300\" \/>\n\t<meta property=\"og:image:height\" content=\"1283\" \/>\n\t<meta property=\"og:image:type\" content=\"image\/jpeg\" \/>\n<meta name=\"twitter:card\" content=\"summary_large_image\" \/>\n<meta name=\"twitter:site\" content=\"@ThemeholtT\" \/>\n<meta name=\"twitter:label1\" content=\"Dur\u00e9e de lecture estim\u00e9e\" \/>\n\t<meta name=\"twitter:data1\" content=\"1 minute\" \/>\n<script type=\"application\/ld+json\" class=\"yoast-schema-graph\">{\"@context\":\"https:\/\/schema.org\",\"@graph\":[{\"@type\":\"WebPage\",\"@id\":\"https:\/\/themeholt.com\/fr\/product\/fondation\/\",\"url\":\"https:\/\/themeholt.com\/fr\/product\/fondation\/\",\"name\":\"Th\u00e8mes de base WordPress | Mod\u00e8les de base WordPress\",\"isPartOf\":{\"@id\":\"https:\/\/themeholt.com\/#website\"},\"primaryImageOfPage\":{\"@id\":\"https:\/\/themeholt.com\/fr\/product\/fondation\/#primaryimage\"},\"image\":{\"@id\":\"https:\/\/themeholt.com\/fr\/product\/fondation\/#primaryimage\"},\"thumbnailUrl\":\"https:\/\/themeholt.com\/wp-content\/uploads\/2022\/04\/Best-Featured-Foundation-Theme.jpg\",\"datePublished\":\"2022-04-21T19:28:39+00:00\",\"dateModified\":\"2024-10-18T08:45:15+00:00\",\"description\":\"Am\u00e9liorez la pr\u00e9sence en ligne de votre organisation avec les meilleurs th\u00e8mes WordPress de base pour les organisations. Cr\u00e9ez un site Web professionnel et percutant\",\"breadcrumb\":{\"@id\":\"https:\/\/themeholt.com\/fr\/product\/fondation\/#breadcrumb\"},\"inLanguage\":\"fr-FR\",\"potentialAction\":[{\"@type\":\"ReadAction\",\"target\":[\"https:\/\/themeholt.com\/fr\/product\/fondation\/\"]}]},{\"@type\":\"ImageObject\",\"inLanguage\":\"fr-FR\",\"@id\":\"https:\/\/themeholt.com\/fr\/product\/fondation\/#primaryimage\",\"url\":\"https:\/\/themeholt.com\/wp-content\/uploads\/2022\/04\/Best-Featured-Foundation-Theme.jpg\",\"contentUrl\":\"https:\/\/themeholt.com\/wp-content\/uploads\/2022\/04\/Best-Featured-Foundation-Theme.jpg\",\"width\":1300,\"height\":1283},{\"@type\":\"BreadcrumbList\",\"@id\":\"https:\/\/themeholt.com\/fr\/product\/fondation\/#breadcrumb\",\"itemListElement\":[{\"@type\":\"ListItem\",\"position\":1,\"name\":\"Home\",\"item\":\"https:\/\/themeholt.com\/fr\/\"},{\"@type\":\"ListItem\",\"position\":2,\"name\":\"Shop\",\"item\":\"https:\/\/themeholt.com\/shop\/\"},{\"@type\":\"ListItem\",\"position\":3,\"name\":\"Fondation\"}]},{\"@type\":\"WebSite\",\"@id\":\"https:\/\/themeholt.com\/#website\",\"url\":\"https:\/\/themeholt.com\/\",\"name\":\"ThemeHolt\",\"description\":\"Themeholt is a website that offers high-quality WordPress themes\",\"publisher\":{\"@id\":\"https:\/\/themeholt.com\/#organization\"},\"potentialAction\":[{\"@type\":\"SearchAction\",\"target\":{\"@type\":\"EntryPoint\",\"urlTemplate\":\"https:\/\/themeholt.com\/?s={search_term_string}\"},\"query-input\":{\"@type\":\"PropertyValueSpecification\",\"valueRequired\":true,\"valueName\":\"search_term_string\"}}],\"inLanguage\":\"fr-FR\"},{\"@type\":\"Organization\",\"@id\":\"https:\/\/themeholt.com\/#organization\",\"name\":\"ThemeHolt\",\"alternateName\":\"ThemeHolt\",\"url\":\"https:\/\/themeholt.com\/\",\"logo\":{\"@type\":\"ImageObject\",\"inLanguage\":\"fr-FR\",\"@id\":\"https:\/\/themeholt.com\/#\/schema\/logo\/image\/\",\"url\":\"https:\/\/themeholt.com\/wp-content\/uploads\/2024\/10\/themeholt.png\",\"contentUrl\":\"https:\/\/themeholt.com\/wp-content\/uploads\/2024\/10\/themeholt.png\",\"width\":225,\"height\":225,\"caption\":\"ThemeHolt\"},\"image\":{\"@id\":\"https:\/\/themeholt.com\/#\/schema\/logo\/image\/\"},\"sameAs\":[\"https:\/\/www.facebook.com\/themeholtT\",\"https:\/\/x.com\/ThemeholtT\",\"https:\/\/www.linkedin.com\/company\/themeholt\",\"https:\/\/www.instagram.com\/themeholtt\/\"],\"description\":\"Themeholt is a website that offers high-quality WordPress themes that are easy to use and ready for just about everything. In Eindhoven, Netherlands, since 2020 offering simple, accessible WordPress themes by providing a variety of requirements. Themeholt focuses on practicality and efficiency, allowing faster project completion with its superior marketplace and easy-to-use templates.\",\"legalName\":\"ThemeHolt\",\"foundingDate\":\"2022-11-10\",\"numberOfEmployees\":{\"@type\":\"QuantitativeValue\",\"minValue\":\"51\",\"maxValue\":\"200\"}}]}<\/script>\n<!-- \/ Yoast SEO Premium plugin. -->","yoast_head_json":{"title":"Th\u00e8mes de base WordPress | Mod\u00e8les de base WordPress","description":"Am\u00e9liorez la pr\u00e9sence en ligne de votre organisation avec les meilleurs th\u00e8mes WordPress de base pour les organisations. Cr\u00e9ez un site Web professionnel et percutant","robots":{"index":"index","follow":"follow","max-snippet":"max-snippet:-1","max-image-preview":"max-image-preview:large","max-video-preview":"max-video-preview:-1"},"canonical":"https:\/\/themeholt.com\/fr\/product\/fondation\/","og_locale":"fr_FR","og_type":"article","og_title":"Fondation","og_description":"Am\u00e9liorez la pr\u00e9sence en ligne de votre organisation avec les meilleurs th\u00e8mes WordPress de base pour les organisations. Cr\u00e9ez un site Web professionnel et percutant","og_url":"https:\/\/themeholt.com\/fr\/product\/fondation\/","og_site_name":"ThemeHolt","article_publisher":"https:\/\/www.facebook.com\/themeholtT","article_modified_time":"2024-10-18T08:45:15+00:00","og_image":[{"width":1300,"height":1283,"url":"https:\/\/themeholt.com\/wp-content\/uploads\/2022\/04\/Best-Featured-Foundation-Theme.jpg","type":"image\/jpeg"}],"twitter_card":"summary_large_image","twitter_site":"@ThemeholtT","twitter_misc":{"Dur\u00e9e de lecture estim\u00e9e":"1 minute"},"schema":{"@context":"https:\/\/schema.org","@graph":[{"@type":"WebPage","@id":"https:\/\/themeholt.com\/fr\/product\/fondation\/","url":"https:\/\/themeholt.com\/fr\/product\/fondation\/","name":"Th\u00e8mes de base WordPress | Mod\u00e8les de base WordPress","isPartOf":{"@id":"https:\/\/themeholt.com\/#website"},"primaryImageOfPage":{"@id":"https:\/\/themeholt.com\/fr\/product\/fondation\/#primaryimage"},"image":{"@id":"https:\/\/themeholt.com\/fr\/product\/fondation\/#primaryimage"},"thumbnailUrl":"https:\/\/themeholt.com\/wp-content\/uploads\/2022\/04\/Best-Featured-Foundation-Theme.jpg","datePublished":"2022-04-21T19:28:39+00:00","dateModified":"2024-10-18T08:45:15+00:00","description":"Am\u00e9liorez la pr\u00e9sence en ligne de votre organisation avec les meilleurs th\u00e8mes WordPress de base pour les organisations. Cr\u00e9ez un site Web professionnel et percutant","breadcrumb":{"@id":"https:\/\/themeholt.com\/fr\/product\/fondation\/#breadcrumb"},"inLanguage":"fr-FR","potentialAction":[{"@type":"ReadAction","target":["https:\/\/themeholt.com\/fr\/product\/fondation\/"]}]},{"@type":"ImageObject","inLanguage":"fr-FR","@id":"https:\/\/themeholt.com\/fr\/product\/fondation\/#primaryimage","url":"https:\/\/themeholt.com\/wp-content\/uploads\/2022\/04\/Best-Featured-Foundation-Theme.jpg","contentUrl":"https:\/\/themeholt.com\/wp-content\/uploads\/2022\/04\/Best-Featured-Foundation-Theme.jpg","width":1300,"height":1283},{"@type":"BreadcrumbList","@id":"https:\/\/themeholt.com\/fr\/product\/fondation\/#breadcrumb","itemListElement":[{"@type":"ListItem","position":1,"name":"Home","item":"https:\/\/themeholt.com\/fr\/"},{"@type":"ListItem","position":2,"name":"Shop","item":"https:\/\/themeholt.com\/shop\/"},{"@type":"ListItem","position":3,"name":"Fondation"}]},{"@type":"WebSite","@id":"https:\/\/themeholt.com\/#website","url":"https:\/\/themeholt.com\/","name":"ThemeHolt","description":"Themeholt is a website that offers high-quality WordPress themes","publisher":{"@id":"https:\/\/themeholt.com\/#organization"},"potentialAction":[{"@type":"SearchAction","target":{"@type":"EntryPoint","urlTemplate":"https:\/\/themeholt.com\/?s={search_term_string}"},"query-input":{"@type":"PropertyValueSpecification","valueRequired":true,"valueName":"search_term_string"}}],"inLanguage":"fr-FR"},{"@type":"Organization","@id":"https:\/\/themeholt.com\/#organization","name":"ThemeHolt","alternateName":"ThemeHolt","url":"https:\/\/themeholt.com\/","logo":{"@type":"ImageObject","inLanguage":"fr-FR","@id":"https:\/\/themeholt.com\/#\/schema\/logo\/image\/","url":"https:\/\/themeholt.com\/wp-content\/uploads\/2024\/10\/themeholt.png","contentUrl":"https:\/\/themeholt.com\/wp-content\/uploads\/2024\/10\/themeholt.png","width":225,"height":225,"caption":"ThemeHolt"},"image":{"@id":"https:\/\/themeholt.com\/#\/schema\/logo\/image\/"},"sameAs":["https:\/\/www.facebook.com\/themeholtT","https:\/\/x.com\/ThemeholtT","https:\/\/www.linkedin.com\/company\/themeholt","https:\/\/www.instagram.com\/themeholtt\/"],"description":"Themeholt is a website that offers high-quality WordPress themes that are easy to use and ready for just about everything. In Eindhoven, Netherlands, since 2020 offering simple, accessible WordPress themes by providing a variety of requirements. Themeholt focuses on practicality and efficiency, allowing faster project completion with its superior marketplace and easy-to-use templates.","legalName":"ThemeHolt","foundingDate":"2022-11-10","numberOfEmployees":{"@type":"QuantitativeValue","minValue":"51","maxValue":"200"}}]}},"_links":{"self":[{"href":"https:\/\/themeholt.com\/fr\/wp-json\/wp\/v2\/product\/13334","targetHints":{"allow":["GET"]}}],"collection":[{"href":"https:\/\/themeholt.com\/fr\/wp-json\/wp\/v2\/product"}],"about":[{"href":"https:\/\/themeholt.com\/fr\/wp-json\/wp\/v2\/types\/product"}],"wp:featuredmedia":[{"embeddable":true,"href":"https:\/\/themeholt.com\/fr\/wp-json\/wp\/v2\/media\/13337"}],"wp:attachment":[{"href":"https:\/\/themeholt.com\/fr\/wp-json\/wp\/v2\/media?parent=13334"}],"wp:term":[{"taxonomy":"product_brand","embeddable":true,"href":"https:\/\/themeholt.com\/fr\/wp-json\/wp\/v2\/product_brand?post=13334"},{"taxonomy":"product_cat","embeddable":true,"href":"https:\/\/themeholt.com\/fr\/wp-json\/wp\/v2\/product_cat?post=13334"},{"taxonomy":"product_tag","embeddable":true,"href":"https:\/\/themeholt.com\/fr\/wp-json\/wp\/v2\/product_tag?post=13334"}],"curies":[{"name":"wp","href":"https:\/\/api.w.org\/{rel}","templated":true}]}}