{"id":13338,"date":"2022-04-21T19:33:10","date_gmt":"2022-04-21T19:33:10","guid":{"rendered":"https:\/\/themeholt.com\/product\/yoga\/"},"modified":"2024-10-18T08:49:18","modified_gmt":"2024-10-18T08:49:18","slug":"yoga","status":"publish","type":"product","link":"https:\/\/themeholt.com\/fr\/product\/yoga\/","title":{"rendered":"Yoga"},"content":{"rendered":"<p><span style=\"font-weight: 400\">Bienvenue dans le monde des <\/span><b>Th\u00e8mes WordPress pour le yoga<\/b><span style=\"font-weight: 400\">, o\u00f9 la tranquillit\u00e9 rencontre un design et une fonctionnalit\u00e9 de pointe. Pr\u00e9sentation de Focus Yoga, le th\u00e8me ultime pour les yogis et les passionn\u00e9s de bien-\u00eatre qui cherchent \u00e0 cr\u00e9er une pr\u00e9sence en ligne inspirante.<\/span><\/p>\n<p><span style=\"font-weight: 400\">Avec son design serein et harmonieux, <\/span><b>Meilleurs th\u00e8mes WordPress pour le yoga<\/b><span style=\"font-weight: 400\">cr\u00e9e l&rsquo;ambiance parfaite pour votre blog de yoga. Le th\u00e8me offre une large gamme de mises en page personnalisables, vous permettant de pr\u00e9senter magnifiquement vos articles, tutoriels et id\u00e9es. Que vous soyez un professeur de yoga chevronn\u00e9 ou un praticien passionn\u00e9, Focus Yoga offre la plate-forme id\u00e9ale pour partager vos connaissances et inspirer les autres.<\/span><\/p>\n<p><span style=\"font-weight: 400\">Ce qui rend Yoga vraiment remarquable, c&rsquo;est l&rsquo;accent mis sur l&rsquo;exp\u00e9rience et l&rsquo;engagement des utilisateurs. Le th\u00e8me est enti\u00e8rement r\u00e9actif, ce qui garantit que votre contenu est superbe sur tous les appareils, des ordinateurs de bureau aux t\u00e9l\u00e9phones portables. Les utilisateurs peuvent profiter d&rsquo;une navigation fluide et acc\u00e9der facilement \u00e0 votre contenu pr\u00e9cieux, am\u00e9liorant ainsi leur exp\u00e9rience globale et les invitant \u00e0 revenir pour en savoir plus.<\/p>\n","protected":false},"excerpt":{"rendered":"<ul>\n<li>Biblioth\u00e8que de postures de yoga<\/li>\n<li>Boutique en ligne<\/li>\n<li>Pages personnalisables<\/li>\n<li>Gestion des \u00e9v\u00e9nements<\/li>\n<li>Gestion des adh\u00e9sions<\/li>\n<li>Int\u00e9gration vid\u00e9o<\/li>\n<li>Cr\u00e9ation d&rsquo;une communaut\u00e9<\/li>\n<li>Options de personnalisation<\/li>\n<li>Support et mises \u00e0 jour continus<\/li>\n<li>T\u00e9moignages et avis<\/li>\n<\/ul>\n","protected":false},"featured_media":13339,"template":"","meta":{"_acf_changed":false,"inline_featured_image":false},"product_brand":[],"product_cat":[961,233],"product_tag":[77,78,79,80],"class_list":{"0":"post-13338","1":"product","2":"type-product","3":"status-publish","4":"has-post-thumbnail","6":"product_cat-new-arrivals-fr","7":"product_cat-exclusive-themes","8":"product_tag-yoga","9":"product_tag-fitness","10":"product_tag-fitness-theme","11":"product_tag-yoga-theme","13":"first","14":"instock","15":"sale","16":"downloadable","17":"taxable","18":"shipping-taxable","19":"purchasable","20":"product-type-simple"},"acf":[],"yoast_head":"<!-- This site is optimized with the Yoast SEO Premium plugin v22.1 (Yoast SEO v26.0) - https:\/\/yoast.com\/wordpress\/plugins\/seo\/ -->\n<title>Th\u00e8mes WordPress pour le yoga | Th\u00e8mes pour cours de yoga | Th\u00e8mes premium<\/title>\n<meta name=\"description\" content=\"Plongez dans le monde du yoga avec un th\u00e8me WordPress de yoga captivant con\u00e7u pour am\u00e9liorer votre site Web de yoga. Trouvez votre \u00e9quilibre int\u00e9rieur.\" \/>\n<meta name=\"robots\" content=\"index, follow, max-snippet:-1, max-image-preview:large, max-video-preview:-1\" \/>\n<link rel=\"canonical\" href=\"https:\/\/themeholt.com\/fr\/product\/yoga\/\" \/>\n<meta property=\"og:locale\" content=\"fr_FR\" \/>\n<meta property=\"og:type\" content=\"article\" \/>\n<meta property=\"og:title\" content=\"Yoga\" \/>\n<meta property=\"og:description\" content=\"Plongez dans le monde du yoga avec un th\u00e8me WordPress de yoga captivant con\u00e7u pour am\u00e9liorer votre site Web de yoga. Trouvez votre \u00e9quilibre int\u00e9rieur.\" \/>\n<meta property=\"og:url\" content=\"https:\/\/themeholt.com\/fr\/product\/yoga\/\" \/>\n<meta property=\"og:site_name\" content=\"ThemeHolt\" \/>\n<meta property=\"article:publisher\" content=\"https:\/\/www.facebook.com\/themeholtT\" \/>\n<meta property=\"article:modified_time\" content=\"2024-10-18T08:49:18+00:00\" \/>\n<meta property=\"og:image\" content=\"https:\/\/themeholt.com\/wp-content\/uploads\/2022\/04\/Creative-Yoga-Theme.jpg\" \/>\n\t<meta property=\"og:image:width\" content=\"1300\" \/>\n\t<meta property=\"og:image:height\" content=\"1300\" \/>\n\t<meta property=\"og:image:type\" content=\"image\/jpeg\" \/>\n<meta name=\"twitter:card\" content=\"summary_large_image\" \/>\n<meta name=\"twitter:site\" content=\"@ThemeholtT\" \/>\n<meta name=\"twitter:label1\" content=\"Dur\u00e9e de lecture estim\u00e9e\" \/>\n\t<meta name=\"twitter:data1\" content=\"1 minute\" \/>\n<script type=\"application\/ld+json\" class=\"yoast-schema-graph\">{\"@context\":\"https:\/\/schema.org\",\"@graph\":[{\"@type\":\"WebPage\",\"@id\":\"https:\/\/themeholt.com\/fr\/product\/yoga\/\",\"url\":\"https:\/\/themeholt.com\/fr\/product\/yoga\/\",\"name\":\"Th\u00e8mes WordPress pour le yoga | Th\u00e8mes pour cours de yoga | Th\u00e8mes premium\",\"isPartOf\":{\"@id\":\"https:\/\/themeholt.com\/#website\"},\"primaryImageOfPage\":{\"@id\":\"https:\/\/themeholt.com\/fr\/product\/yoga\/#primaryimage\"},\"image\":{\"@id\":\"https:\/\/themeholt.com\/fr\/product\/yoga\/#primaryimage\"},\"thumbnailUrl\":\"https:\/\/themeholt.com\/wp-content\/uploads\/2022\/04\/Creative-Yoga-Theme.jpg\",\"datePublished\":\"2022-04-21T19:33:10+00:00\",\"dateModified\":\"2024-10-18T08:49:18+00:00\",\"description\":\"Plongez dans le monde du yoga avec un th\u00e8me WordPress de yoga captivant con\u00e7u pour am\u00e9liorer votre site Web de yoga. Trouvez votre \u00e9quilibre int\u00e9rieur.\",\"breadcrumb\":{\"@id\":\"https:\/\/themeholt.com\/fr\/product\/yoga\/#breadcrumb\"},\"inLanguage\":\"fr-FR\",\"potentialAction\":[{\"@type\":\"ReadAction\",\"target\":[\"https:\/\/themeholt.com\/fr\/product\/yoga\/\"]}]},{\"@type\":\"ImageObject\",\"inLanguage\":\"fr-FR\",\"@id\":\"https:\/\/themeholt.com\/fr\/product\/yoga\/#primaryimage\",\"url\":\"https:\/\/themeholt.com\/wp-content\/uploads\/2022\/04\/Creative-Yoga-Theme.jpg\",\"contentUrl\":\"https:\/\/themeholt.com\/wp-content\/uploads\/2022\/04\/Creative-Yoga-Theme.jpg\",\"width\":1300,\"height\":1300},{\"@type\":\"BreadcrumbList\",\"@id\":\"https:\/\/themeholt.com\/fr\/product\/yoga\/#breadcrumb\",\"itemListElement\":[{\"@type\":\"ListItem\",\"position\":1,\"name\":\"Home\",\"item\":\"https:\/\/themeholt.com\/fr\/\"},{\"@type\":\"ListItem\",\"position\":2,\"name\":\"Shop\",\"item\":\"https:\/\/themeholt.com\/shop\/\"},{\"@type\":\"ListItem\",\"position\":3,\"name\":\"Yoga\"}]},{\"@type\":\"WebSite\",\"@id\":\"https:\/\/themeholt.com\/#website\",\"url\":\"https:\/\/themeholt.com\/\",\"name\":\"ThemeHolt\",\"description\":\"Themeholt is a website that offers high-quality WordPress themes\",\"publisher\":{\"@id\":\"https:\/\/themeholt.com\/#organization\"},\"potentialAction\":[{\"@type\":\"SearchAction\",\"target\":{\"@type\":\"EntryPoint\",\"urlTemplate\":\"https:\/\/themeholt.com\/?s={search_term_string}\"},\"query-input\":{\"@type\":\"PropertyValueSpecification\",\"valueRequired\":true,\"valueName\":\"search_term_string\"}}],\"inLanguage\":\"fr-FR\"},{\"@type\":\"Organization\",\"@id\":\"https:\/\/themeholt.com\/#organization\",\"name\":\"ThemeHolt\",\"alternateName\":\"ThemeHolt\",\"url\":\"https:\/\/themeholt.com\/\",\"logo\":{\"@type\":\"ImageObject\",\"inLanguage\":\"fr-FR\",\"@id\":\"https:\/\/themeholt.com\/#\/schema\/logo\/image\/\",\"url\":\"https:\/\/themeholt.com\/wp-content\/uploads\/2024\/10\/themeholt.png\",\"contentUrl\":\"https:\/\/themeholt.com\/wp-content\/uploads\/2024\/10\/themeholt.png\",\"width\":225,\"height\":225,\"caption\":\"ThemeHolt\"},\"image\":{\"@id\":\"https:\/\/themeholt.com\/#\/schema\/logo\/image\/\"},\"sameAs\":[\"https:\/\/www.facebook.com\/themeholtT\",\"https:\/\/x.com\/ThemeholtT\",\"https:\/\/www.linkedin.com\/company\/themeholt\",\"https:\/\/www.instagram.com\/themeholtt\/\"],\"description\":\"Themeholt is a website that offers high-quality WordPress themes that are easy to use and ready for just about everything. In Eindhoven, Netherlands, since 2020 offering simple, accessible WordPress themes by providing a variety of requirements. Themeholt focuses on practicality and efficiency, allowing faster project completion with its superior marketplace and easy-to-use templates.\",\"legalName\":\"ThemeHolt\",\"foundingDate\":\"2022-11-10\",\"numberOfEmployees\":{\"@type\":\"QuantitativeValue\",\"minValue\":\"51\",\"maxValue\":\"200\"}}]}<\/script>\n<!-- \/ Yoast SEO Premium plugin. -->","yoast_head_json":{"title":"Th\u00e8mes WordPress pour le yoga | Th\u00e8mes pour cours de yoga | Th\u00e8mes premium","description":"Plongez dans le monde du yoga avec un th\u00e8me WordPress de yoga captivant con\u00e7u pour am\u00e9liorer votre site Web de yoga. Trouvez votre \u00e9quilibre int\u00e9rieur.","robots":{"index":"index","follow":"follow","max-snippet":"max-snippet:-1","max-image-preview":"max-image-preview:large","max-video-preview":"max-video-preview:-1"},"canonical":"https:\/\/themeholt.com\/fr\/product\/yoga\/","og_locale":"fr_FR","og_type":"article","og_title":"Yoga","og_description":"Plongez dans le monde du yoga avec un th\u00e8me WordPress de yoga captivant con\u00e7u pour am\u00e9liorer votre site Web de yoga. Trouvez votre \u00e9quilibre int\u00e9rieur.","og_url":"https:\/\/themeholt.com\/fr\/product\/yoga\/","og_site_name":"ThemeHolt","article_publisher":"https:\/\/www.facebook.com\/themeholtT","article_modified_time":"2024-10-18T08:49:18+00:00","og_image":[{"width":1300,"height":1300,"url":"https:\/\/themeholt.com\/wp-content\/uploads\/2022\/04\/Creative-Yoga-Theme.jpg","type":"image\/jpeg"}],"twitter_card":"summary_large_image","twitter_site":"@ThemeholtT","twitter_misc":{"Dur\u00e9e de lecture estim\u00e9e":"1 minute"},"schema":{"@context":"https:\/\/schema.org","@graph":[{"@type":"WebPage","@id":"https:\/\/themeholt.com\/fr\/product\/yoga\/","url":"https:\/\/themeholt.com\/fr\/product\/yoga\/","name":"Th\u00e8mes WordPress pour le yoga | Th\u00e8mes pour cours de yoga | Th\u00e8mes premium","isPartOf":{"@id":"https:\/\/themeholt.com\/#website"},"primaryImageOfPage":{"@id":"https:\/\/themeholt.com\/fr\/product\/yoga\/#primaryimage"},"image":{"@id":"https:\/\/themeholt.com\/fr\/product\/yoga\/#primaryimage"},"thumbnailUrl":"https:\/\/themeholt.com\/wp-content\/uploads\/2022\/04\/Creative-Yoga-Theme.jpg","datePublished":"2022-04-21T19:33:10+00:00","dateModified":"2024-10-18T08:49:18+00:00","description":"Plongez dans le monde du yoga avec un th\u00e8me WordPress de yoga captivant con\u00e7u pour am\u00e9liorer votre site Web de yoga. Trouvez votre \u00e9quilibre int\u00e9rieur.","breadcrumb":{"@id":"https:\/\/themeholt.com\/fr\/product\/yoga\/#breadcrumb"},"inLanguage":"fr-FR","potentialAction":[{"@type":"ReadAction","target":["https:\/\/themeholt.com\/fr\/product\/yoga\/"]}]},{"@type":"ImageObject","inLanguage":"fr-FR","@id":"https:\/\/themeholt.com\/fr\/product\/yoga\/#primaryimage","url":"https:\/\/themeholt.com\/wp-content\/uploads\/2022\/04\/Creative-Yoga-Theme.jpg","contentUrl":"https:\/\/themeholt.com\/wp-content\/uploads\/2022\/04\/Creative-Yoga-Theme.jpg","width":1300,"height":1300},{"@type":"BreadcrumbList","@id":"https:\/\/themeholt.com\/fr\/product\/yoga\/#breadcrumb","itemListElement":[{"@type":"ListItem","position":1,"name":"Home","item":"https:\/\/themeholt.com\/fr\/"},{"@type":"ListItem","position":2,"name":"Shop","item":"https:\/\/themeholt.com\/shop\/"},{"@type":"ListItem","position":3,"name":"Yoga"}]},{"@type":"WebSite","@id":"https:\/\/themeholt.com\/#website","url":"https:\/\/themeholt.com\/","name":"ThemeHolt","description":"Themeholt is a website that offers high-quality WordPress themes","publisher":{"@id":"https:\/\/themeholt.com\/#organization"},"potentialAction":[{"@type":"SearchAction","target":{"@type":"EntryPoint","urlTemplate":"https:\/\/themeholt.com\/?s={search_term_string}"},"query-input":{"@type":"PropertyValueSpecification","valueRequired":true,"valueName":"search_term_string"}}],"inLanguage":"fr-FR"},{"@type":"Organization","@id":"https:\/\/themeholt.com\/#organization","name":"ThemeHolt","alternateName":"ThemeHolt","url":"https:\/\/themeholt.com\/","logo":{"@type":"ImageObject","inLanguage":"fr-FR","@id":"https:\/\/themeholt.com\/#\/schema\/logo\/image\/","url":"https:\/\/themeholt.com\/wp-content\/uploads\/2024\/10\/themeholt.png","contentUrl":"https:\/\/themeholt.com\/wp-content\/uploads\/2024\/10\/themeholt.png","width":225,"height":225,"caption":"ThemeHolt"},"image":{"@id":"https:\/\/themeholt.com\/#\/schema\/logo\/image\/"},"sameAs":["https:\/\/www.facebook.com\/themeholtT","https:\/\/x.com\/ThemeholtT","https:\/\/www.linkedin.com\/company\/themeholt","https:\/\/www.instagram.com\/themeholtt\/"],"description":"Themeholt is a website that offers high-quality WordPress themes that are easy to use and ready for just about everything. In Eindhoven, Netherlands, since 2020 offering simple, accessible WordPress themes by providing a variety of requirements. Themeholt focuses on practicality and efficiency, allowing faster project completion with its superior marketplace and easy-to-use templates.","legalName":"ThemeHolt","foundingDate":"2022-11-10","numberOfEmployees":{"@type":"QuantitativeValue","minValue":"51","maxValue":"200"}}]}},"_links":{"self":[{"href":"https:\/\/themeholt.com\/fr\/wp-json\/wp\/v2\/product\/13338","targetHints":{"allow":["GET"]}}],"collection":[{"href":"https:\/\/themeholt.com\/fr\/wp-json\/wp\/v2\/product"}],"about":[{"href":"https:\/\/themeholt.com\/fr\/wp-json\/wp\/v2\/types\/product"}],"wp:featuredmedia":[{"embeddable":true,"href":"https:\/\/themeholt.com\/fr\/wp-json\/wp\/v2\/media\/13339"}],"wp:attachment":[{"href":"https:\/\/themeholt.com\/fr\/wp-json\/wp\/v2\/media?parent=13338"}],"wp:term":[{"taxonomy":"product_brand","embeddable":true,"href":"https:\/\/themeholt.com\/fr\/wp-json\/wp\/v2\/product_brand?post=13338"},{"taxonomy":"product_cat","embeddable":true,"href":"https:\/\/themeholt.com\/fr\/wp-json\/wp\/v2\/product_cat?post=13338"},{"taxonomy":"product_tag","embeddable":true,"href":"https:\/\/themeholt.com\/fr\/wp-json\/wp\/v2\/product_tag?post=13338"}],"curies":[{"name":"wp","href":"https:\/\/api.w.org\/{rel}","templated":true}]}}